{"id":73981,"date":"2023-09-07T08:55:53","date_gmt":"2023-09-07T06:55:53","guid":{"rendered":"https:\/\/vetus.com\/vetus-kampanjer\/yanmar-inboard-engine-integration-vetus-bow-pro-thrusters\/"},"modified":"2026-03-19T13:45:49","modified_gmt":"2026-03-19T11:45:49","slug":"integration-av-yanmar-inombordsmotorer-med-vetus-bow-pro-bogpropellrar","status":"publish","type":"page","link":"https:\/\/vetus.com\/sv\/vetus-kampanjer\/integration-av-yanmar-inombordsmotorer-med-vetus-bow-pro-bogpropellrar\/","title":{"rendered":"Joystickstyrning"},"content":{"rendered":"\n<section class=\"section  \">\n    \n<section id=\"content-block-1-block_ed7dada6d5334bfee92cc33e9f8d3e29\" class=\"section content-block content-block--image \">\n    <div class=\"container\">\n        <div class=\"row d-flex align-items-center\">\n\n            <div class=\"col-md-6 col-lg-7\">\n                                    <div class=\"content-block__visuals\">\n                        <div class=\"content-block__media media--clipped media ratio\">\n                            <div class=\"media__wrapper\">\n                                <img decoding=\"async\" width=\"690\" height=\"462\" src=\"https:\/\/vetus.com\/wp-content\/uploads\/Medium-VC30_Joystick_9532-690x462.jpg\" class=\"media__source img-fit\" alt=\"\" srcset=\"https:\/\/vetus.com\/wp-content\/uploads\/Medium-VC30_Joystick_9532-690x462.jpg 690w, https:\/\/vetus.com\/wp-content\/uploads\/Medium-VC30_Joystick_9532-300x201.jpg 300w, https:\/\/vetus.com\/wp-content\/uploads\/Medium-VC30_Joystick_9532-768x514.jpg 768w, https:\/\/vetus.com\/wp-content\/uploads\/Medium-VC30_Joystick_9532-210x140.jpg 210w, https:\/\/vetus.com\/wp-content\/uploads\/Medium-VC30_Joystick_9532-330x221.jpg 330w, https:\/\/vetus.com\/wp-content\/uploads\/Medium-VC30_Joystick_9532-431x288.jpg 431w, https:\/\/vetus.com\/wp-content\/uploads\/Medium-VC30_Joystick_9532-507x339.jpg 507w, https:\/\/vetus.com\/wp-content\/uploads\/Medium-VC30_Joystick_9532-530x355.jpg 530w, https:\/\/vetus.com\/wp-content\/uploads\/Medium-VC30_Joystick_9532-930x622.jpg 930w, https:\/\/vetus.com\/wp-content\/uploads\/Medium-VC30_Joystick_9532.jpg 1024w\" sizes=\"auto, (max-width: 575.98px) 431px, (max-width: 767.98px) 530px, (max-width: 991.98px) 330px, (max-width: 1279.98px) 530px, (max-width: 1899.98px) 690px, 930px\" loading=\"lazy\" \/>                            <\/div>\n                        <\/div>\n                    <\/div>\n                            <\/div>\n\n            <div class=\"col-md-6 col-lg-4 offset-lg-1\">\n                <div class=\"content-block__body\">\n                    \n                    \n                                            <h3><strong>YANMAR JC30 styrsystem med joystick f\u00f6r inombordare<\/strong><\/h3>\n<p>Det <strong><a href=\"https:\/\/www.yanmar.com\/marine\/product\/controls\/jc30\/\" target=\"_blank\" rel=\"noopener\">YANMAR JC30<\/a><\/strong> styrsystem med joystick f\u00f6r inombordare erbjuder \u00f6verl\u00e4gsen man\u00f6vrering och till\u00e4ggning genom att kombinera enkel och intuitiv joystick-styrning f\u00f6r installationer med dubbla inombordsmotorer med rak axel. Detta joysticksystem i kombination med en VETUS BOW PRO bogpropeller g\u00f6r det enkelt att styra din b\u00e5t, \u00e4ven under utmanande f\u00f6rh\u00e5llanden.<\/p>\n                    \t\t\t\t\t\n                                    <\/div>\n            <\/div>\n        <\/div>\n    <\/div>\n<\/section><\/section>\n\n<section class=\"section section--colored bg-light content-blocks bg-light   \">\n    \n<section id=\"content-block-4block_7072c77f40f1f56c34d53b472b024ce8\" class=\"section content-block content-block--image \">\n    <div class=\"container\">\n        <div class=\"row d-flex align-items-center flex-md-row-reverse\">\n            <div class=\"col-11 offset-1 col-md-5 offset-md-1 col-lg-6 offset-lg-2\">\n                <div class=\"content-block__visuals\">\n                                            <div class=\"content-block__media media media--clipped ratio\">\n                            <div class=\"media__wrapper\">\n                                <img decoding=\"async\" width=\"431\" height=\"223\" src=\"https:\/\/vetus.com\/wp-content\/uploads\/VETUS-YANMAR-431x223.png\" class=\"media__source img-fit\" alt=\"YANMAR  - VETUS\" srcset=\"https:\/\/vetus.com\/wp-content\/uploads\/VETUS-YANMAR-431x223.png 431w, https:\/\/vetus.com\/wp-content\/uploads\/VETUS-YANMAR-300x155.png 300w, https:\/\/vetus.com\/wp-content\/uploads\/VETUS-YANMAR-768x398.png 768w, https:\/\/vetus.com\/wp-content\/uploads\/VETUS-YANMAR-210x109.png 210w, https:\/\/vetus.com\/wp-content\/uploads\/VETUS-YANMAR-330x171.png 330w, https:\/\/vetus.com\/wp-content\/uploads\/VETUS-YANMAR-507x263.png 507w, https:\/\/vetus.com\/wp-content\/uploads\/VETUS-YANMAR-530x275.png 530w, https:\/\/vetus.com\/wp-content\/uploads\/VETUS-YANMAR-690x357.png 690w, https:\/\/vetus.com\/wp-content\/uploads\/VETUS-YANMAR-930x482.png 930w, https:\/\/vetus.com\/wp-content\/uploads\/VETUS-YANMAR.png 1135w\" sizes=\"auto, (max-width: 575.98px) 431px, (max-width: 767.98px) 530px, (max-width: 991.98px) 330px, (max-width: 1279.98px) 431px, (max-width: 1899.98px) 530px, 690px\" loading=\"lazy\" \/>                            <\/div>\n                        <\/div>\n                    \n\n                    <div class=\"content-block__shape content-block__shape--image shape shape--primary-outline\">\n                        <svg viewBox=\"0 0 170 170\" xmlns=\"http:\/\/www.w3.org\/2000\/svg\">\n                            <path d=\"m1168.82182 840-27.67059 168h-140.15123v-168z\" fill=\"none\" stroke-width=\"2\" transform=\"translate(-1000 -839)\" shape-rendering=\"optimizeQuality\"><\/path>\n                        <\/svg>\n                    <\/div>\n                <\/div>\n            <\/div>\n\n            <div class=\"col-md-6 col-lg-4\">\n                <div class=\"content-block__body\">\n                    \n                                            <h3><strong>VETUS BOW PRO \u2013 JC30 Funktioner och f\u00f6rdelar<\/strong><\/h3>\n<ul>\n<li>Smidig styrning i tr\u00e5nga utrymmen<\/li>\n<li>Tillg\u00e4nglig f\u00f6r installationer med dubbla inombordsmotorer med rak axel<\/li>\n<li>Kompatibel med YANMAR JH-CR, 4LV, 8LV, 6LY-CR, 6LF och 6LT common rail-motorserier<\/li>\n<li>Kan man\u00f6vreras med en hand<\/li>\n<\/ul>\n                    \n                                            <div class=\"content-block__actions actions\">\n                            <div class=\"btn-group d-flex flex-wrap justify-content-center justify-content-md-start\">\n                                <a href=\"https:\/\/webshop.vetus.com\/en\/products\/thruster-systems\/bow-and-stern-thrusters\/bow-pro-thrusters\" class=\"btn btn-sm btn-empty btn-empty-primary\" title=\"\" target=\"\">\n                                    <span>Uppt\u00e4ck v\u00e5ra BOW PRO-bogpropellersystem<\/span>\n                                    <i class=\"icon icon-keyboard_arrow_right\"><\/i>\n                                <\/a>\n\n                                <!-- <a href=\"#\" class=\"btn btn-sm btn-empty btn-empty-primary\" title=\"\">\n                                    <span>Watch video<\/span>\n                                    <i class=\"icon icon-play_circle_outline\"><\/i>\n                                <\/a> -->\n                                <!-- <a href=\"#\" class=\"btn btn-sm btn-empty btn-empty-primary\" title=\"\">\n                                    <span>Innovation<\/span>\n                                    <i class=\"icon icon-keyboard_arrow_right\"><\/i>\n                                <\/a> -->\n                            <\/div>\n                        <\/div>\n                                    <\/div>\n            <\/div>\n        <\/div>\n    <\/div>\n<\/section><\/section>\n\n\n<section class=\"section  \">\n    \n<section id=\"content-block-1-block_09016ab5727990226fb2df31c0680b0f\" class=\"section content-block content-block--image \">\n    <div class=\"container\">\n        <div class=\"row d-flex align-items-center\">\n\n            <div class=\"col-md-6 col-lg-7\">\n                                    <div class=\"content-block__visuals\">\n                        <div class=\"content-block__media media--clipped media ratio\">\n                            <div class=\"media__wrapper\">\n                                <img decoding=\"async\" width=\"690\" height=\"460\" src=\"https:\/\/vetus.com\/wp-content\/uploads\/BOW-PRO-400_4-2-690x460.png\" class=\"media__source img-fit\" alt=\"\" srcset=\"https:\/\/vetus.com\/wp-content\/uploads\/BOW-PRO-400_4-2-690x460.png 690w, https:\/\/vetus.com\/wp-content\/uploads\/BOW-PRO-400_4-2-300x200.png 300w, https:\/\/vetus.com\/wp-content\/uploads\/BOW-PRO-400_4-2-768x512.png 768w, https:\/\/vetus.com\/wp-content\/uploads\/BOW-PRO-400_4-2-210x140.png 210w, https:\/\/vetus.com\/wp-content\/uploads\/BOW-PRO-400_4-2-330x220.png 330w, https:\/\/vetus.com\/wp-content\/uploads\/BOW-PRO-400_4-2-431x287.png 431w, https:\/\/vetus.com\/wp-content\/uploads\/BOW-PRO-400_4-2-507x338.png 507w, https:\/\/vetus.com\/wp-content\/uploads\/BOW-PRO-400_4-2-530x353.png 530w, https:\/\/vetus.com\/wp-content\/uploads\/BOW-PRO-400_4-2-930x620.png 930w, https:\/\/vetus.com\/wp-content\/uploads\/BOW-PRO-400_4-2-1170x780.png 1170w, https:\/\/vetus.com\/wp-content\/uploads\/BOW-PRO-400_4-2.png 1500w\" sizes=\"auto, (max-width: 575.98px) 431px, (max-width: 767.98px) 530px, (max-width: 991.98px) 330px, (max-width: 1279.98px) 530px, (max-width: 1899.98px) 690px, 930px\" loading=\"lazy\" \/>                            <\/div>\n                        <\/div>\n                    <\/div>\n                            <\/div>\n\n            <div class=\"col-md-6 col-lg-4 offset-lg-1\">\n                <div class=\"content-block__body\">\n                                            <h3 class=\"content-block__title\">\n                            Integration av VETUS BOW PRO bogpropellrar med YANMAR JC30 styrsystem                        <\/h3>\n                    \n                    \n                                            <p>Genom att integrera en VETUS BOW PRO bogpropeller i en b\u00e5t som \u00e4r utrustad med YANMAR JC30 styrsystem med joystick f\u00f6r inombordare, f\u00f6rb\u00e4ttras kontrollen i l\u00e5g fart och till\u00e4ggningen f\u00f6renklas avsev\u00e4rt, vilket \u00f6kar s\u00e4kerheten och b\u00e5tens \u00f6vergripande funktionalitet. Denna niv\u00e5 av kombinerad kontroll ger en o\u00f6vertr\u00e4ffad trygghet, s\u00e4rskilt vid b\u00e5tman\u00f6vrering i situationer som tidigare varit en utmaning.<\/p>\n                    \t\t\t\t\t\n                                            <div class=\"content-block__actions actions\">\n                            <div class=\"btn-group d-flex flex-wrap justify-content-center justify-content-md-start\">\n                                <a href=\"https:\/\/www.yanmar.com\/marine\/product\/controls\/jc30\/\" class=\"btn btn-sm btn-empty btn-empty-primary\" title=\"\" target=\"_blank\">\n                                    <span>YANMAR JC30<\/span>\n                                    <i class=\"icon icon-keyboard_arrow_right\"><\/i>\n                                <\/a>\n\n                                <!-- <a href=\"#\" class=\"btn btn-sm btn-empty btn-empty-primary\" title=\"\">\n                                    <span>Watch video<\/span>\n                                    <i class=\"icon icon-play_circle_outline\"><\/i>\n                                <\/a> -->\n                                <!-- <a href=\"#\" class=\"btn btn-sm btn-empty btn-empty-primary\" title=\"\">\n                                    <span>Innovation<\/span>\n                                    <i class=\"icon icon-keyboard_arrow_right\"><\/i>\n                                <\/a> -->\n                            <\/div>\n                        <\/div>\n                                    <\/div>\n            <\/div>\n        <\/div>\n    <\/div>\n<\/section><\/section>","protected":false},"excerpt":{"rendered":"","protected":false},"author":25,"featured_media":73795,"parent":32276,"menu_order":0,"comment_status":"closed","ping_status":"closed","template":"tpl-default.php","meta":{"_acf_changed":false,"footnotes":""},"class_list":["post-73981","page","type-page","status-publish","has-post-thumbnail","hentry"],"acf":{"image":{"ID":73795,"id":73795,"title":"DJI_0346","filename":"DJI_0346-scaled-e1694159511569.jpg","filesize":741747,"url":"https:\/\/vetus.com\/wp-content\/uploads\/DJI_0346-scaled-e1694159511569.jpg","link":"https:\/\/vetus.com\/sv\/vetus-kampanjer\/integration-av-yanmar-inombordsmotorer-med-vetus-bow-pro-bogpropellrar\/dji_0346-2\/","alt":"Integration VETUS BOW PRO thrusters with YANMAR inboard engines","author":"25","description":"","caption":"Integration VETUS BOW PRO thrusters with YANMAR inboard engines","name":"dji_0346-2","status":"inherit","uploaded_to":73981,"date":"2023-09-06 13:12:17","modified":"2023-09-06 13:12:48","menu_order":0,"mime_type":"image\/jpeg","type":"image","subtype":"jpeg","icon":"https:\/\/vetus.com\/wp-includes\/images\/media\/default.png","width":2560,"height":1433,"sizes":{"thumbnail":"https:\/\/vetus.com\/wp-content\/uploads\/DJI_0346-scaled-e1694159511569-150x150.jpg","thumbnail-width":150,"thumbnail-height":150,"medium":"https:\/\/vetus.com\/wp-content\/uploads\/DJI_0346-scaled-e1694159511569-300x168.jpg","medium-width":300,"medium-height":168,"medium_large":"https:\/\/vetus.com\/wp-content\/uploads\/DJI_0346-scaled-e1694159511569-768x430.jpg","medium_large-width":768,"medium_large-height":430,"large":"https:\/\/vetus.com\/wp-content\/uploads\/DJI_0346-scaled-e1694159511569-1024x573.jpg","large-width":1024,"large-height":573,"1536x1536":"https:\/\/vetus.com\/wp-content\/uploads\/DJI_0346-scaled-e1694159511569-1536x860.jpg","1536x1536-width":1536,"1536x1536-height":860,"2048x2048":"https:\/\/vetus.com\/wp-content\/uploads\/DJI_0346-scaled-e1694159511569-2048x1146.jpg","2048x2048-width":2048,"2048x2048-height":1146,"210w":"https:\/\/vetus.com\/wp-content\/uploads\/DJI_0346-scaled-e1694159511569-210x118.jpg","210w-width":210,"210w-height":118,"330w":"https:\/\/vetus.com\/wp-content\/uploads\/DJI_0346-scaled-e1694159511569-330x185.jpg","330w-width":330,"330w-height":185,"431w":"https:\/\/vetus.com\/wp-content\/uploads\/DJI_0346-scaled-e1694159511569-431x241.jpg","431w-width":431,"431w-height":241,"507w":"https:\/\/vetus.com\/wp-content\/uploads\/DJI_0346-scaled-e1694159511569-507x284.jpg","507w-width":507,"507w-height":284,"530w":"https:\/\/vetus.com\/wp-content\/uploads\/DJI_0346-scaled-e1694159511569-530x297.jpg","530w-width":530,"530w-height":297,"690w":"https:\/\/vetus.com\/wp-content\/uploads\/DJI_0346-scaled-e1694159511569-690x386.jpg","690w-width":690,"690w-height":386,"930w":"https:\/\/vetus.com\/wp-content\/uploads\/DJI_0346-scaled-e1694159511569-930x521.jpg","930w-width":930,"930w-height":521,"1170w":"https:\/\/vetus.com\/wp-content\/uploads\/DJI_0346-scaled-e1694159511569-1170x655.jpg","1170w-width":1170,"1170w-height":655,"gform-image-choice-sm":"https:\/\/vetus.com\/wp-content\/uploads\/DJI_0346-scaled-e1694159511569.jpg","gform-image-choice-sm-width":300,"gform-image-choice-sm-height":168,"gform-image-choice-md":"https:\/\/vetus.com\/wp-content\/uploads\/DJI_0346-scaled-e1694159511569.jpg","gform-image-choice-md-width":400,"gform-image-choice-md-height":224,"gform-image-choice-lg":"https:\/\/vetus.com\/wp-content\/uploads\/DJI_0346-scaled-e1694159511569.jpg","gform-image-choice-lg-width":600,"gform-image-choice-lg-height":336}},"introduction":"","person":false,"title":"Integration av VETUS BOW PRO bogpropellrar med YANMAR inombordsmotorer"},"yoast_head":"<!-- This site is optimized with the Yoast SEO Premium plugin v27.4 (Yoast SEO v27.4) - https:\/\/yoast.com\/product\/yoast-seo-premium-wordpress\/ -->\n<title>Integration av YANMAR inombordsmotorer med VETUS BOW PRO bogpropellrar<\/title>\n<meta name=\"description\" content=\"YANMAR JC20A joystickstyrsystem f\u00f6r inombordsmotorer, tillsammans med VETUS BOW PRO bogpropellrar eller bog- och...\" \/>\n<meta name=\"robots\" content=\"index, follow, max-snippet:-1, max-image-preview:large, max-video-preview:-1\" \/>\n<link rel=\"canonical\" href=\"https:\/\/vetus.com\/sv\/vetus-kampanjer\/integration-av-yanmar-inombordsmotorer-med-vetus-bow-pro-bogpropellrar\/\" \/>\n<meta property=\"og:locale\" content=\"sv_SE\" \/>\n<meta property=\"og:type\" content=\"article\" \/>\n<meta property=\"og:title\" content=\"Joystickstyrning\" \/>\n<meta property=\"og:description\" content=\"YANMAR JC20A joystickstyrsystem f\u00f6r inombordsmotorer, tillsammans med VETUS BOW PRO bogpropellrar eller bog- och...\" \/>\n<meta property=\"og:url\" content=\"https:\/\/vetus.com\/sv\/vetus-kampanjer\/integration-av-yanmar-inombordsmotorer-med-vetus-bow-pro-bogpropellrar\/\" \/>\n<meta property=\"og:site_name\" content=\"VETUS\" \/>\n<meta property=\"article:modified_time\" content=\"2026-03-19T11:45:49+00:00\" \/>\n<meta property=\"og:image\" content=\"https:\/\/vetus.com\/wp-content\/uploads\/DJI_0346-scaled-e1694159511569.jpg\" \/>\n\t<meta property=\"og:image:width\" content=\"2560\" \/>\n\t<meta property=\"og:image:height\" content=\"1433\" \/>\n\t<meta property=\"og:image:type\" content=\"image\/jpeg\" \/>\n<meta name=\"twitter:card\" content=\"summary_large_image\" \/>\n<meta name=\"twitter:label1\" content=\"Ber\u00e4knad l\u00e4stid\" \/>\n\t<meta name=\"twitter:data1\" content=\"1 minut\" \/>\n<script type=\"application\/ld+json\" class=\"yoast-schema-graph\">{\"@context\":\"https:\\\/\\\/schema.org\",\"@graph\":[{\"@type\":\"WebPage\",\"@id\":\"https:\\\/\\\/vetus.com\\\/sv\\\/vetus-kampanjer\\\/integration-av-yanmar-inombordsmotorer-med-vetus-bow-pro-bogpropellrar\\\/\",\"url\":\"https:\\\/\\\/vetus.com\\\/sv\\\/vetus-kampanjer\\\/integration-av-yanmar-inombordsmotorer-med-vetus-bow-pro-bogpropellrar\\\/\",\"name\":\"Integration av YANMAR inombordsmotorer med VETUS BOW PRO bogpropellrar\",\"isPartOf\":{\"@id\":\"https:\\\/\\\/vetus.com\\\/sv\\\/#website\"},\"primaryImageOfPage\":{\"@id\":\"https:\\\/\\\/vetus.com\\\/sv\\\/vetus-kampanjer\\\/integration-av-yanmar-inombordsmotorer-med-vetus-bow-pro-bogpropellrar\\\/#primaryimage\"},\"image\":{\"@id\":\"https:\\\/\\\/vetus.com\\\/sv\\\/vetus-kampanjer\\\/integration-av-yanmar-inombordsmotorer-med-vetus-bow-pro-bogpropellrar\\\/#primaryimage\"},\"thumbnailUrl\":\"https:\\\/\\\/vetus.com\\\/wp-content\\\/uploads\\\/DJI_0346-scaled-e1694159511569.jpg\",\"datePublished\":\"2023-09-07T06:55:53+00:00\",\"dateModified\":\"2026-03-19T11:45:49+00:00\",\"description\":\"YANMAR JC20A joystickstyrsystem f\u00f6r inombordsmotorer, tillsammans med VETUS BOW PRO bogpropellrar eller bog- och...\",\"breadcrumb\":{\"@id\":\"https:\\\/\\\/vetus.com\\\/sv\\\/vetus-kampanjer\\\/integration-av-yanmar-inombordsmotorer-med-vetus-bow-pro-bogpropellrar\\\/#breadcrumb\"},\"inLanguage\":\"sv-SE\",\"potentialAction\":[{\"@type\":\"ReadAction\",\"target\":[\"https:\\\/\\\/vetus.com\\\/sv\\\/vetus-kampanjer\\\/integration-av-yanmar-inombordsmotorer-med-vetus-bow-pro-bogpropellrar\\\/\"]}]},{\"@type\":\"ImageObject\",\"inLanguage\":\"sv-SE\",\"@id\":\"https:\\\/\\\/vetus.com\\\/sv\\\/vetus-kampanjer\\\/integration-av-yanmar-inombordsmotorer-med-vetus-bow-pro-bogpropellrar\\\/#primaryimage\",\"url\":\"https:\\\/\\\/vetus.com\\\/wp-content\\\/uploads\\\/DJI_0346-scaled-e1694159511569.jpg\",\"contentUrl\":\"https:\\\/\\\/vetus.com\\\/wp-content\\\/uploads\\\/DJI_0346-scaled-e1694159511569.jpg\",\"width\":2560,\"height\":1433,\"caption\":\"Integration VETUS BOW PRO thrusters with YANMAR inboard engines\"},{\"@type\":\"BreadcrumbList\",\"@id\":\"https:\\\/\\\/vetus.com\\\/sv\\\/vetus-kampanjer\\\/integration-av-yanmar-inombordsmotorer-med-vetus-bow-pro-bogpropellrar\\\/#breadcrumb\",\"itemListElement\":[{\"@type\":\"ListItem\",\"position\":1,\"name\":\"Home\",\"item\":\"https:\\\/\\\/vetus.com\\\/sv\\\/\"},{\"@type\":\"ListItem\",\"position\":2,\"name\":\"VETUS kampanjer\",\"item\":\"https:\\\/\\\/vetus.com\\\/sv\\\/vetus-kampanjer\\\/\"},{\"@type\":\"ListItem\",\"position\":3,\"name\":\"Joystickstyrning\"}]},{\"@type\":\"WebSite\",\"@id\":\"https:\\\/\\\/vetus.com\\\/sv\\\/#website\",\"url\":\"https:\\\/\\\/vetus.com\\\/sv\\\/\",\"name\":\"VETUS\",\"description\":\"\",\"potentialAction\":[{\"@type\":\"SearchAction\",\"target\":{\"@type\":\"EntryPoint\",\"urlTemplate\":\"https:\\\/\\\/vetus.com\\\/sv\\\/?s={search_term_string}\"},\"query-input\":{\"@type\":\"PropertyValueSpecification\",\"valueRequired\":true,\"valueName\":\"search_term_string\"}}],\"inLanguage\":\"sv-SE\"}]}<\/script>\n<!-- \/ Yoast SEO Premium plugin. -->","yoast_head_json":{"title":"Integration av YANMAR inombordsmotorer med VETUS BOW PRO bogpropellrar","description":"YANMAR JC20A joystickstyrsystem f\u00f6r inombordsmotorer, tillsammans med VETUS BOW PRO bogpropellrar eller bog- och...","robots":{"index":"index","follow":"follow","max-snippet":"max-snippet:-1","max-image-preview":"max-image-preview:large","max-video-preview":"max-video-preview:-1"},"canonical":"https:\/\/vetus.com\/sv\/vetus-kampanjer\/integration-av-yanmar-inombordsmotorer-med-vetus-bow-pro-bogpropellrar\/","og_locale":"sv_SE","og_type":"article","og_title":"Joystickstyrning","og_description":"YANMAR JC20A joystickstyrsystem f\u00f6r inombordsmotorer, tillsammans med VETUS BOW PRO bogpropellrar eller bog- och...","og_url":"https:\/\/vetus.com\/sv\/vetus-kampanjer\/integration-av-yanmar-inombordsmotorer-med-vetus-bow-pro-bogpropellrar\/","og_site_name":"VETUS","article_modified_time":"2026-03-19T11:45:49+00:00","og_image":[{"width":2560,"height":1433,"url":"https:\/\/vetus.com\/wp-content\/uploads\/DJI_0346-scaled-e1694159511569.jpg","type":"image\/jpeg"}],"twitter_card":"summary_large_image","twitter_misc":{"Ber\u00e4knad l\u00e4stid":"1 minut"},"schema":{"@context":"https:\/\/schema.org","@graph":[{"@type":"WebPage","@id":"https:\/\/vetus.com\/sv\/vetus-kampanjer\/integration-av-yanmar-inombordsmotorer-med-vetus-bow-pro-bogpropellrar\/","url":"https:\/\/vetus.com\/sv\/vetus-kampanjer\/integration-av-yanmar-inombordsmotorer-med-vetus-bow-pro-bogpropellrar\/","name":"Integration av YANMAR inombordsmotorer med VETUS BOW PRO bogpropellrar","isPartOf":{"@id":"https:\/\/vetus.com\/sv\/#website"},"primaryImageOfPage":{"@id":"https:\/\/vetus.com\/sv\/vetus-kampanjer\/integration-av-yanmar-inombordsmotorer-med-vetus-bow-pro-bogpropellrar\/#primaryimage"},"image":{"@id":"https:\/\/vetus.com\/sv\/vetus-kampanjer\/integration-av-yanmar-inombordsmotorer-med-vetus-bow-pro-bogpropellrar\/#primaryimage"},"thumbnailUrl":"https:\/\/vetus.com\/wp-content\/uploads\/DJI_0346-scaled-e1694159511569.jpg","datePublished":"2023-09-07T06:55:53+00:00","dateModified":"2026-03-19T11:45:49+00:00","description":"YANMAR JC20A joystickstyrsystem f\u00f6r inombordsmotorer, tillsammans med VETUS BOW PRO bogpropellrar eller bog- och...","breadcrumb":{"@id":"https:\/\/vetus.com\/sv\/vetus-kampanjer\/integration-av-yanmar-inombordsmotorer-med-vetus-bow-pro-bogpropellrar\/#breadcrumb"},"inLanguage":"sv-SE","potentialAction":[{"@type":"ReadAction","target":["https:\/\/vetus.com\/sv\/vetus-kampanjer\/integration-av-yanmar-inombordsmotorer-med-vetus-bow-pro-bogpropellrar\/"]}]},{"@type":"ImageObject","inLanguage":"sv-SE","@id":"https:\/\/vetus.com\/sv\/vetus-kampanjer\/integration-av-yanmar-inombordsmotorer-med-vetus-bow-pro-bogpropellrar\/#primaryimage","url":"https:\/\/vetus.com\/wp-content\/uploads\/DJI_0346-scaled-e1694159511569.jpg","contentUrl":"https:\/\/vetus.com\/wp-content\/uploads\/DJI_0346-scaled-e1694159511569.jpg","width":2560,"height":1433,"caption":"Integration VETUS BOW PRO thrusters with YANMAR inboard engines"},{"@type":"BreadcrumbList","@id":"https:\/\/vetus.com\/sv\/vetus-kampanjer\/integration-av-yanmar-inombordsmotorer-med-vetus-bow-pro-bogpropellrar\/#breadcrumb","itemListElement":[{"@type":"ListItem","position":1,"name":"Home","item":"https:\/\/vetus.com\/sv\/"},{"@type":"ListItem","position":2,"name":"VETUS kampanjer","item":"https:\/\/vetus.com\/sv\/vetus-kampanjer\/"},{"@type":"ListItem","position":3,"name":"Joystickstyrning"}]},{"@type":"WebSite","@id":"https:\/\/vetus.com\/sv\/#website","url":"https:\/\/vetus.com\/sv\/","name":"VETUS","description":"","potentialAction":[{"@type":"SearchAction","target":{"@type":"EntryPoint","urlTemplate":"https:\/\/vetus.com\/sv\/?s={search_term_string}"},"query-input":{"@type":"PropertyValueSpecification","valueRequired":true,"valueName":"search_term_string"}}],"inLanguage":"sv-SE"}]}},"_links":{"self":[{"href":"https:\/\/vetus.com\/sv\/wp-json\/wp\/v2\/pages\/73981","targetHints":{"allow":["GET"]}}],"collection":[{"href":"https:\/\/vetus.com\/sv\/wp-json\/wp\/v2\/pages"}],"about":[{"href":"https:\/\/vetus.com\/sv\/wp-json\/wp\/v2\/types\/page"}],"author":[{"embeddable":true,"href":"https:\/\/vetus.com\/sv\/wp-json\/wp\/v2\/users\/25"}],"replies":[{"embeddable":true,"href":"https:\/\/vetus.com\/sv\/wp-json\/wp\/v2\/comments?post=73981"}],"version-history":[{"count":5,"href":"https:\/\/vetus.com\/sv\/wp-json\/wp\/v2\/pages\/73981\/revisions"}],"predecessor-version":[{"id":124158,"href":"https:\/\/vetus.com\/sv\/wp-json\/wp\/v2\/pages\/73981\/revisions\/124158"}],"up":[{"embeddable":true,"href":"https:\/\/vetus.com\/sv\/wp-json\/wp\/v2\/pages\/32276"}],"wp:featuredmedia":[{"embeddable":true,"href":"https:\/\/vetus.com\/sv\/wp-json\/wp\/v2\/media\/73795"}],"wp:attachment":[{"href":"https:\/\/vetus.com\/sv\/wp-json\/wp\/v2\/media?parent=73981"}],"curies":[{"name":"wp","href":"https:\/\/api.w.org\/{rel}","templated":true}]}}