{"id":70815,"date":"2023-06-08T12:52:13","date_gmt":"2023-06-08T10:52:13","guid":{"rendered":"https:\/\/vetus.com\/yamaha-helm-master\/"},"modified":"2023-07-31T11:06:43","modified_gmt":"2023-07-31T09:06:43","slug":"yamaha-helm-master","status":"publish","type":"page","link":"https:\/\/vetus.com\/sv\/yamaha-helm-master\/","title":{"rendered":"Yamaha"},"content":{"rendered":"\n<section class=\"section  \">\n    \n<section id=\"content-block-1-block_6bcac051fc5e80eca5de53bde03261ea\" class=\"section content-block content-block--image \">\n    <div class=\"container\">\n        <div class=\"row d-flex align-items-center\">\n\n            <div class=\"col-md-6 col-lg-7\">\n                                    <div class=\"content-block__visuals\">\n                        <div class=\"content-block__media media--clipped media ratio\">\n                            <div class=\"media__wrapper\">\n                                <img decoding=\"async\" width=\"690\" height=\"690\" src=\"https:\/\/vetus.com\/wp-content\/uploads\/bowpro300_front_below_product_1080x1080-690x690.jpg\" class=\"media__source img-fit\" alt=\"\" srcset=\"https:\/\/vetus.com\/wp-content\/uploads\/bowpro300_front_below_product_1080x1080-690x690.jpg 690w, https:\/\/vetus.com\/wp-content\/uploads\/bowpro300_front_below_product_1080x1080-300x300.jpg 300w, https:\/\/vetus.com\/wp-content\/uploads\/bowpro300_front_below_product_1080x1080-150x150.jpg 150w, https:\/\/vetus.com\/wp-content\/uploads\/bowpro300_front_below_product_1080x1080-768x768.jpg 768w, https:\/\/vetus.com\/wp-content\/uploads\/bowpro300_front_below_product_1080x1080-210x210.jpg 210w, https:\/\/vetus.com\/wp-content\/uploads\/bowpro300_front_below_product_1080x1080-330x330.jpg 330w, https:\/\/vetus.com\/wp-content\/uploads\/bowpro300_front_below_product_1080x1080-431x431.jpg 431w, https:\/\/vetus.com\/wp-content\/uploads\/bowpro300_front_below_product_1080x1080-507x507.jpg 507w, https:\/\/vetus.com\/wp-content\/uploads\/bowpro300_front_below_product_1080x1080-530x530.jpg 530w, https:\/\/vetus.com\/wp-content\/uploads\/bowpro300_front_below_product_1080x1080-930x930.jpg 930w, https:\/\/vetus.com\/wp-content\/uploads\/bowpro300_front_below_product_1080x1080.jpg 1080w\" sizes=\"auto, (max-width: 575.98px) 431px, (max-width: 767.98px) 530px, (max-width: 991.98px) 330px, (max-width: 1279.98px) 530px, (max-width: 1899.98px) 690px, 930px\" loading=\"lazy\" \/>                            <\/div>\n                        <\/div>\n                    <\/div>\n                            <\/div>\n\n            <div class=\"col-md-6 col-lg-4 offset-lg-1\">\n                <div class=\"content-block__body\">\n                    \n                    \n                                            <h4><strong>Helt integrerat dockingsystem<\/strong><\/h4>\n<p>Yamaha <a href=\"https:\/\/youtu.be\/nqpfH8CwYv0\" target=\"_blank\" rel=\"noopener\">Helm Master\u00ae EX<\/a> \u00e4r ett helt integrerat dockingsystem som g\u00f6r det enklare att navigera och komma till din destination, och n\u00e4r du v\u00e4l anl\u00e4nder ger det en helt ny niv\u00e5 av kontroll f\u00f6r att exakt man\u00f6vrera din b\u00e5t till exakt var och hur du vill ha den.\u00a0 Till\u00e4gget av en VETUS BOW PRO-bogpropeller till en Yamaha Helm Master\u00ae EX-utrustad b\u00e5t f\u00f6rb\u00e4ttrar drastiskt tiden det tar att l\u00e4gga till och l\u00e4ttheten att f\u00f6rt\u00f6ja, vilket \u00f6kar s\u00e4kerheten och b\u00e5tens anv\u00e4ndbarhet. Det finns inget som kan ge dig det sj\u00e4lvf\u00f6rtroendet vid till\u00e4ggning och man\u00f6vrering som denna niv\u00e5 av integrerad kontroll.<\/p>\n                    \t\t\t\t\t\n                                    <\/div>\n            <\/div>\n        <\/div>\n    <\/div>\n<\/section>\n<section id=\"content-block-1-block_6bcac051fc5e80eca5de53bde03261ea\" class=\"section content-block content-block--image \">\n    <div class=\"container\">\n        <div class=\"row d-flex align-items-center flex-md-row-reverse\">\n\n            <div class=\"col-md-6 col-lg-7 offset-lg-1\">\n                                    <div class=\"content-block__visuals\">\n                        <div class=\"content-block__media media--clipped media ratio\">\n                            <div class=\"media__wrapper\">\n                                <img decoding=\"async\" width=\"690\" height=\"388\" src=\"https:\/\/vetus.com\/wp-content\/uploads\/2020_YAM_HMEX_EU_NA_ACT_011_03-690x388.jpg\" class=\"media__source img-fit\" alt=\"Integration VETUS BOW PRO thrusters with Yamaha outboards\" srcset=\"https:\/\/vetus.com\/wp-content\/uploads\/2020_YAM_HMEX_EU_NA_ACT_011_03-690x388.jpg 690w, https:\/\/vetus.com\/wp-content\/uploads\/2020_YAM_HMEX_EU_NA_ACT_011_03-300x169.jpg 300w, https:\/\/vetus.com\/wp-content\/uploads\/2020_YAM_HMEX_EU_NA_ACT_011_03-768x432.jpg 768w, https:\/\/vetus.com\/wp-content\/uploads\/2020_YAM_HMEX_EU_NA_ACT_011_03-210x118.jpg 210w, https:\/\/vetus.com\/wp-content\/uploads\/2020_YAM_HMEX_EU_NA_ACT_011_03-330x186.jpg 330w, https:\/\/vetus.com\/wp-content\/uploads\/2020_YAM_HMEX_EU_NA_ACT_011_03-431x242.jpg 431w, https:\/\/vetus.com\/wp-content\/uploads\/2020_YAM_HMEX_EU_NA_ACT_011_03-507x285.jpg 507w, https:\/\/vetus.com\/wp-content\/uploads\/2020_YAM_HMEX_EU_NA_ACT_011_03-530x298.jpg 530w, https:\/\/vetus.com\/wp-content\/uploads\/2020_YAM_HMEX_EU_NA_ACT_011_03-930x523.jpg 930w, https:\/\/vetus.com\/wp-content\/uploads\/2020_YAM_HMEX_EU_NA_ACT_011_03-1170x658.jpg 1170w\" sizes=\"auto, (max-width: 575.98px) 431px, (max-width: 767.98px) 530px, (max-width: 991.98px) 330px, (max-width: 1279.98px) 530px, (max-width: 1899.98px) 690px, 930px\" loading=\"lazy\" \/>                            <\/div>\n                        <\/div>\n                    <\/div>\n                            <\/div>\n\n            <div class=\"col-md-6 col-lg-4\">\n                <div class=\"content-block__body\">\n                    \n                    \n                                            <h4>VETUS BOW PRO \u2013 Helm Master\u00ae EX Funktioner och F\u00f6rdelar<\/h4>\n<ul>\n<li>N\u00e4r den integrerade bogpropellern \u00e4r aktiverad \u00e4r den en behovsstyrd, sj\u00e4lvaktiverande funktion som fungerar tillsammans med Helm Master\u00ae EX-joysticken f\u00f6r att f\u00f6rb\u00e4ttra sidor\u00f6relser och sv\u00e4ngning genom att automatiskt koppla in bogpropellern i variabel hastighet f\u00f6r att matcha f\u00f6rarens hantering av joysticken<\/li>\n<li>Bogpropellern kompletterar automatiskt SetPoint-funktionerna\u00ae (StayPoint, FishPoint\u00ae\u00ae, DriftPoint och DriftPoint\u00ae Track\u00ae)<\/li>\n<li>Finns f\u00f6r konfigurationer med dubbel- och trippelmontage av motorer<\/li>\n<li>F\u00f6raren kan selektivt aktivera den h\u00e4r funktionen f\u00f6r att integrera kraft och man\u00f6vrering av bogpropellern och Helm Master\u00ae EX-systemet via joysticke<\/li>\n<\/ul>\n                    \t\t\t\t\t\n                                    <\/div>\n            <\/div>\n        <\/div>\n    <\/div>\n<\/section>\n<section id=\"content-block-4block_6bcac051fc5e80eca5de53bde03261ea\" class=\"section content-block content-block--image \">\n    <div class=\"container\">\n        <div class=\"row d-flex align-items-center\">\n            <div class=\"col-11 offset-1 col-md-5 col-lg-6\">\n                <div class=\"content-block__visuals\">\n                                            <div class=\"content-block__media media media--clipped ratio\">\n                            <div class=\"media__wrapper\">\n                                <img decoding=\"async\" width=\"431\" height=\"287\" src=\"https:\/\/vetus.com\/wp-content\/uploads\/6X9-482A0-00_02-431x287.jpg\" class=\"media__source img-fit\" alt=\"\" srcset=\"https:\/\/vetus.com\/wp-content\/uploads\/6X9-482A0-00_02-431x287.jpg 431w, https:\/\/vetus.com\/wp-content\/uploads\/6X9-482A0-00_02-300x200.jpg 300w, https:\/\/vetus.com\/wp-content\/uploads\/6X9-482A0-00_02-768x511.jpg 768w, https:\/\/vetus.com\/wp-content\/uploads\/6X9-482A0-00_02-210x140.jpg 210w, https:\/\/vetus.com\/wp-content\/uploads\/6X9-482A0-00_02-330x220.jpg 330w, https:\/\/vetus.com\/wp-content\/uploads\/6X9-482A0-00_02-507x337.jpg 507w, https:\/\/vetus.com\/wp-content\/uploads\/6X9-482A0-00_02-530x353.jpg 530w, https:\/\/vetus.com\/wp-content\/uploads\/6X9-482A0-00_02-690x459.jpg 690w, https:\/\/vetus.com\/wp-content\/uploads\/6X9-482A0-00_02-930x619.jpg 930w, https:\/\/vetus.com\/wp-content\/uploads\/6X9-482A0-00_02-1170x778.jpg 1170w\" sizes=\"auto, (max-width: 575.98px) 431px, (max-width: 767.98px) 530px, (max-width: 991.98px) 330px, (max-width: 1279.98px) 431px, (max-width: 1899.98px) 530px, 690px\" loading=\"lazy\" \/>                            <\/div>\n                        <\/div>\n                    \n\n                    <div class=\"content-block__shape content-block__shape--image shape shape--primary-outline\">\n                        <svg viewBox=\"0 0 170 170\" xmlns=\"http:\/\/www.w3.org\/2000\/svg\">\n                            <path d=\"m1168.82182 840-27.67059 168h-140.15123v-168z\" fill=\"none\" stroke-width=\"2\" transform=\"translate(-1000 -839)\" shape-rendering=\"optimizeQuality\"><\/path>\n                        <\/svg>\n                    <\/div>\n                <\/div>\n            <\/div>\n\n            <div class=\"col-md-6 offset-md-0 col-lg-4 offset-lg-1\">\n                <div class=\"content-block__body\">\n                    \n                                            <h4><strong>VETUS BOW PRO-propellrar integreras med Yamahas styrsystem<\/strong><\/h4>\n<p>VETUS har sett till att samtliga BOW PRO-propellrar \u00e4r l\u00e4mpliga f\u00f6r integration med Yamaha-styrsystemet. Denna integrerade VETUS-Yamaha Marine-l\u00f6sning kr\u00e4ver Yamahas uppgraderade Helm Master\u00ae EX-kontroller och \u00e4r till\u00e4mplig f\u00f6r anv\u00e4ndning p\u00e5 b\u00e5tar med Yamaha utombordsmotorer, fungerar med s\u00e5v\u00e4l dubbel- som trippelmontage av motorer.<\/p>\n                    \n                                            <div class=\"content-block__actions actions\">\n                            <div class=\"btn-group d-flex flex-wrap justify-content-center justify-content-md-start\">\n                                <a href=\"https:\/\/online.flippingbook.com\/view\/107895465\/\" class=\"btn btn-sm btn-empty btn-empty-primary\" title=\"\" target=\"_blank\">\n                                    <span>Ladda ner broschyr<\/span>\n                                    <i class=\"icon icon-keyboard_arrow_right\"><\/i>\n                                <\/a>\n\n                                <!-- <a href=\"#\" class=\"btn btn-sm btn-empty btn-empty-primary\" title=\"\">\n                                    <span>Watch video<\/span>\n                                    <i class=\"icon icon-play_circle_outline\"><\/i>\n                                <\/a> -->\n                                <!-- <a href=\"#\" class=\"btn btn-sm btn-empty btn-empty-primary\" title=\"\">\n                                    <span>Innovation<\/span>\n                                    <i class=\"icon icon-keyboard_arrow_right\"><\/i>\n                                <\/a> -->\n                            <\/div>\n                        <\/div>\n                                    <\/div>\n            <\/div>\n        <\/div>\n    <\/div>\n<\/section><\/section>","protected":false},"excerpt":{"rendered":"","protected":false},"author":20,"featured_media":0,"parent":0,"menu_order":0,"comment_status":"closed","ping_status":"closed","template":"tpl-default.php","meta":{"_acf_changed":false,"footnotes":""},"class_list":["post-70815","page","type-page","status-publish","hentry"],"acf":{"image":{"ID":69163,"id":69163,"title":"2023_YAM_XF400NSA_EU_BWP2_ACT_004_03","filename":"2023_YAM_XF400NSA_EU_BWP2_ACT_004_03-scaled.jpg","filesize":556787,"url":"https:\/\/vetus.com\/wp-content\/uploads\/2023_YAM_XF400NSA_EU_BWP2_ACT_004_03-scaled.jpg","link":"https:\/\/vetus.com\/sv\/yamaha-helm-master\/2023_yam_xf400nsa_eu_bwp2_act_004_03-2\/","alt":"","author":"20","description":"","caption":"","name":"2023_yam_xf400nsa_eu_bwp2_act_004_03-2","status":"inherit","uploaded_to":70815,"date":"2023-05-16 12:43:59","modified":"2023-05-16 12:43:59","menu_order":0,"mime_type":"image\/jpeg","type":"image","subtype":"jpeg","icon":"https:\/\/vetus.com\/wp-includes\/images\/media\/default.png","width":2560,"height":1440,"sizes":{"thumbnail":"https:\/\/vetus.com\/wp-content\/uploads\/2023_YAM_XF400NSA_EU_BWP2_ACT_004_03-150x150.jpg","thumbnail-width":150,"thumbnail-height":150,"medium":"https:\/\/vetus.com\/wp-content\/uploads\/2023_YAM_XF400NSA_EU_BWP2_ACT_004_03-300x169.jpg","medium-width":300,"medium-height":169,"medium_large":"https:\/\/vetus.com\/wp-content\/uploads\/2023_YAM_XF400NSA_EU_BWP2_ACT_004_03-768x432.jpg","medium_large-width":768,"medium_large-height":432,"large":"https:\/\/vetus.com\/wp-content\/uploads\/2023_YAM_XF400NSA_EU_BWP2_ACT_004_03-scaled.jpg","large-width":1024,"large-height":576,"1536x1536":"https:\/\/vetus.com\/wp-content\/uploads\/2023_YAM_XF400NSA_EU_BWP2_ACT_004_03-scaled.jpg","1536x1536-width":1536,"1536x1536-height":864,"2048x2048":"https:\/\/vetus.com\/wp-content\/uploads\/2023_YAM_XF400NSA_EU_BWP2_ACT_004_03-scaled.jpg","2048x2048-width":2048,"2048x2048-height":1152,"210w":"https:\/\/vetus.com\/wp-content\/uploads\/2023_YAM_XF400NSA_EU_BWP2_ACT_004_03-210x118.jpg","210w-width":210,"210w-height":118,"330w":"https:\/\/vetus.com\/wp-content\/uploads\/2023_YAM_XF400NSA_EU_BWP2_ACT_004_03-330x186.jpg","330w-width":330,"330w-height":186,"431w":"https:\/\/vetus.com\/wp-content\/uploads\/2023_YAM_XF400NSA_EU_BWP2_ACT_004_03-431x242.jpg","431w-width":431,"431w-height":242,"507w":"https:\/\/vetus.com\/wp-content\/uploads\/2023_YAM_XF400NSA_EU_BWP2_ACT_004_03-507x285.jpg","507w-width":507,"507w-height":285,"530w":"https:\/\/vetus.com\/wp-content\/uploads\/2023_YAM_XF400NSA_EU_BWP2_ACT_004_03-530x298.jpg","530w-width":530,"530w-height":298,"690w":"https:\/\/vetus.com\/wp-content\/uploads\/2023_YAM_XF400NSA_EU_BWP2_ACT_004_03-690x388.jpg","690w-width":690,"690w-height":388,"930w":"https:\/\/vetus.com\/wp-content\/uploads\/2023_YAM_XF400NSA_EU_BWP2_ACT_004_03-930x523.jpg","930w-width":930,"930w-height":523,"1170w":"https:\/\/vetus.com\/wp-content\/uploads\/2023_YAM_XF400NSA_EU_BWP2_ACT_004_03-1170x658.jpg","1170w-width":1170,"1170w-height":658,"gform-image-choice-sm":"https:\/\/vetus.com\/wp-content\/uploads\/2023_YAM_XF400NSA_EU_BWP2_ACT_004_03-scaled.jpg","gform-image-choice-sm-width":300,"gform-image-choice-sm-height":169,"gform-image-choice-md":"https:\/\/vetus.com\/wp-content\/uploads\/2023_YAM_XF400NSA_EU_BWP2_ACT_004_03-scaled.jpg","gform-image-choice-md-width":400,"gform-image-choice-md-height":225,"gform-image-choice-lg":"https:\/\/vetus.com\/wp-content\/uploads\/2023_YAM_XF400NSA_EU_BWP2_ACT_004_03-scaled.jpg","gform-image-choice-lg-width":600,"gform-image-choice-lg-height":338}},"introduction":"","person":false,"title":"Integration VETUS BOW PRO-propellrar med Yamaha-utombordsmotorer"},"yoast_head":"<!-- This site is optimized with the Yoast SEO Premium plugin v27.4 (Yoast SEO v27.4) - https:\/\/yoast.com\/product\/yoast-seo-premium-wordpress\/ -->\n<title>Integration VETUS BOW PRO thrusters with Yamaha outboards<\/title>\n<meta name=\"description\" content=\"The addition of a VETUS BOW PRO thruster to a Yamaha Helm Master\u00ae EX equipped boat dramatically improves the slow speed authority ...\" \/>\n<meta name=\"robots\" content=\"index, follow, max-snippet:-1, max-image-preview:large, max-video-preview:-1\" \/>\n<link rel=\"canonical\" href=\"https:\/\/vetus.com\/sv\/yamaha-helm-master\/\" \/>\n<meta property=\"og:locale\" content=\"sv_SE\" \/>\n<meta property=\"og:type\" content=\"article\" \/>\n<meta property=\"og:title\" content=\"Yamaha\" \/>\n<meta property=\"og:description\" content=\"The addition of a VETUS BOW PRO thruster to a Yamaha Helm Master\u00ae EX equipped boat dramatically improves the slow speed authority ...\" \/>\n<meta property=\"og:url\" content=\"https:\/\/vetus.com\/sv\/yamaha-helm-master\/\" \/>\n<meta property=\"og:site_name\" content=\"VETUS\" \/>\n<meta property=\"article:modified_time\" content=\"2023-07-31T09:06:43+00:00\" \/>\n<meta name=\"twitter:card\" content=\"summary_large_image\" \/>\n<script type=\"application\/ld+json\" class=\"yoast-schema-graph\">{\"@context\":\"https:\\\/\\\/schema.org\",\"@graph\":[{\"@type\":\"WebPage\",\"@id\":\"https:\\\/\\\/vetus.com\\\/sv\\\/yamaha-helm-master\\\/\",\"url\":\"https:\\\/\\\/vetus.com\\\/sv\\\/yamaha-helm-master\\\/\",\"name\":\"Integration VETUS BOW PRO thrusters with Yamaha outboards\",\"isPartOf\":{\"@id\":\"https:\\\/\\\/vetus.com\\\/sv\\\/#website\"},\"datePublished\":\"2023-06-08T10:52:13+00:00\",\"dateModified\":\"2023-07-31T09:06:43+00:00\",\"description\":\"The addition of a VETUS BOW PRO thruster to a Yamaha Helm Master\u00ae EX equipped boat dramatically improves the slow speed authority ...\",\"breadcrumb\":{\"@id\":\"https:\\\/\\\/vetus.com\\\/sv\\\/yamaha-helm-master\\\/#breadcrumb\"},\"inLanguage\":\"sv-SE\",\"potentialAction\":[{\"@type\":\"ReadAction\",\"target\":[\"https:\\\/\\\/vetus.com\\\/sv\\\/yamaha-helm-master\\\/\"]}]},{\"@type\":\"BreadcrumbList\",\"@id\":\"https:\\\/\\\/vetus.com\\\/sv\\\/yamaha-helm-master\\\/#breadcrumb\",\"itemListElement\":[{\"@type\":\"ListItem\",\"position\":1,\"name\":\"Home\",\"item\":\"https:\\\/\\\/vetus.com\\\/sv\\\/\"},{\"@type\":\"ListItem\",\"position\":2,\"name\":\"Yamaha\"}]},{\"@type\":\"WebSite\",\"@id\":\"https:\\\/\\\/vetus.com\\\/sv\\\/#website\",\"url\":\"https:\\\/\\\/vetus.com\\\/sv\\\/\",\"name\":\"VETUS\",\"description\":\"\",\"potentialAction\":[{\"@type\":\"SearchAction\",\"target\":{\"@type\":\"EntryPoint\",\"urlTemplate\":\"https:\\\/\\\/vetus.com\\\/sv\\\/?s={search_term_string}\"},\"query-input\":{\"@type\":\"PropertyValueSpecification\",\"valueRequired\":true,\"valueName\":\"search_term_string\"}}],\"inLanguage\":\"sv-SE\"}]}<\/script>\n<!-- \/ Yoast SEO Premium plugin. -->","yoast_head_json":{"title":"Integration VETUS BOW PRO thrusters with Yamaha outboards","description":"The addition of a VETUS BOW PRO thruster to a Yamaha Helm Master\u00ae EX equipped boat dramatically improves the slow speed authority ...","robots":{"index":"index","follow":"follow","max-snippet":"max-snippet:-1","max-image-preview":"max-image-preview:large","max-video-preview":"max-video-preview:-1"},"canonical":"https:\/\/vetus.com\/sv\/yamaha-helm-master\/","og_locale":"sv_SE","og_type":"article","og_title":"Yamaha","og_description":"The addition of a VETUS BOW PRO thruster to a Yamaha Helm Master\u00ae EX equipped boat dramatically improves the slow speed authority ...","og_url":"https:\/\/vetus.com\/sv\/yamaha-helm-master\/","og_site_name":"VETUS","article_modified_time":"2023-07-31T09:06:43+00:00","twitter_card":"summary_large_image","schema":{"@context":"https:\/\/schema.org","@graph":[{"@type":"WebPage","@id":"https:\/\/vetus.com\/sv\/yamaha-helm-master\/","url":"https:\/\/vetus.com\/sv\/yamaha-helm-master\/","name":"Integration VETUS BOW PRO thrusters with Yamaha outboards","isPartOf":{"@id":"https:\/\/vetus.com\/sv\/#website"},"datePublished":"2023-06-08T10:52:13+00:00","dateModified":"2023-07-31T09:06:43+00:00","description":"The addition of a VETUS BOW PRO thruster to a Yamaha Helm Master\u00ae EX equipped boat dramatically improves the slow speed authority ...","breadcrumb":{"@id":"https:\/\/vetus.com\/sv\/yamaha-helm-master\/#breadcrumb"},"inLanguage":"sv-SE","potentialAction":[{"@type":"ReadAction","target":["https:\/\/vetus.com\/sv\/yamaha-helm-master\/"]}]},{"@type":"BreadcrumbList","@id":"https:\/\/vetus.com\/sv\/yamaha-helm-master\/#breadcrumb","itemListElement":[{"@type":"ListItem","position":1,"name":"Home","item":"https:\/\/vetus.com\/sv\/"},{"@type":"ListItem","position":2,"name":"Yamaha"}]},{"@type":"WebSite","@id":"https:\/\/vetus.com\/sv\/#website","url":"https:\/\/vetus.com\/sv\/","name":"VETUS","description":"","potentialAction":[{"@type":"SearchAction","target":{"@type":"EntryPoint","urlTemplate":"https:\/\/vetus.com\/sv\/?s={search_term_string}"},"query-input":{"@type":"PropertyValueSpecification","valueRequired":true,"valueName":"search_term_string"}}],"inLanguage":"sv-SE"}]}},"_links":{"self":[{"href":"https:\/\/vetus.com\/sv\/wp-json\/wp\/v2\/pages\/70815","targetHints":{"allow":["GET"]}}],"collection":[{"href":"https:\/\/vetus.com\/sv\/wp-json\/wp\/v2\/pages"}],"about":[{"href":"https:\/\/vetus.com\/sv\/wp-json\/wp\/v2\/types\/page"}],"author":[{"embeddable":true,"href":"https:\/\/vetus.com\/sv\/wp-json\/wp\/v2\/users\/20"}],"replies":[{"embeddable":true,"href":"https:\/\/vetus.com\/sv\/wp-json\/wp\/v2\/comments?post=70815"}],"version-history":[{"count":5,"href":"https:\/\/vetus.com\/sv\/wp-json\/wp\/v2\/pages\/70815\/revisions"}],"predecessor-version":[{"id":72293,"href":"https:\/\/vetus.com\/sv\/wp-json\/wp\/v2\/pages\/70815\/revisions\/72293"}],"wp:attachment":[{"href":"https:\/\/vetus.com\/sv\/wp-json\/wp\/v2\/media?parent=70815"}],"curies":[{"name":"wp","href":"https:\/\/api.w.org\/{rel}","templated":true}]}}