{"id":3454,"date":"2021-03-30T14:44:02","date_gmt":"2021-03-30T13:44:02","guid":{"rendered":"https:\/\/vetus.inlinedigital.nl\/cms\/faq\/"},"modified":"2022-02-15T14:15:58","modified_gmt":"2022-02-15T13:15:58","slug":"faq","status":"publish","type":"page","link":"https:\/\/vetus.com\/sv\/service-och-support\/faq\/","title":{"rendered":"FAQ"},"content":{"rendered":"\n<section class=\"section mb-9 \" id=\"faq-block_606331151235a\">\n    <div class=\"container\">\n        <div class=\"row\">\n            <div class=\"col-lg-8 offset-lg-2\">\n                <form action=\"https:\/\/vetus.com\/sv\/service-och-support\/faq\/\">\n                    <div class=\"form-group\">\n                        <div class=\"search-input\">\n                            <input type=\"text\" class=\"form-control form-control-lg form-control--shadow search-input__field\" name=\"q\" id=\"input-search\" aria-describedby=\"search\" placeholder=\"Vad s\u00f6ker du?\" value=\"\">\n\n                            <button class=\"btn btn-secondary btn-icon-only search-input__button\">\n                                <i class=\"icon icon-search\"><\/i>\n                            <\/button>\n                        <\/div>\n                    <\/div>\n                <\/form>\n            <\/div>\n        <\/div>\n    <\/div>\n<\/section>\n\n<section class=\"section\">\n    <div class=\"container\">\n        <div class=\"row\">\n            <div class=\"col-lg-3 mb-6 mb-lg-0\">\n\t\t\t\t\n<div class=\"sidebar\">\n    <aside class=\"sidebar-block\">\n        <div class=\"sidebar-block__header d-block d-lg-none\">\n            <!-- <hr> -->\n\n            <h5 class=\"sidebar-block__title\">\n                Kategorier f\u00f6r vanliga fr\u00e5gor och svar            <\/h5>\n        <\/div>\n\n        <div class=\"sidebar-block__body\">\n            <nav class=\"side-nav side-nav--faq\" role=\"navigation\" aria-label=\"\">\n                <ul class=\"list-group list-group-flush side-nav__list side-nav__list--styled text-sm\">\n                                                    <li class=\"list-group-item side-nav__item side-nav__item--styled \">\n                                    <a href=\"https:\/\/vetus.com\/sv\/service-och-support\/faq\/c\/glassystem\" class=\"side-nav__link side-nav__link--styled\" target=\"\" title=\"\">\n                                        Glassystem                                        <i class=\"icon icon-keyboard_arrow_right d-block d-lg-none ml-auto pl-5\"><\/i>\n                                    <\/a>\n                                <\/li>\n                                                    <li class=\"list-group-item side-nav__item side-nav__item--styled \">\n                                    <a href=\"https:\/\/vetus.com\/sv\/service-och-support\/faq\/c\/avloppssystem\" class=\"side-nav__link side-nav__link--styled\" target=\"\" title=\"\">\n                                        Avloppssystem                                        <i class=\"icon icon-keyboard_arrow_right d-block d-lg-none ml-auto pl-5\"><\/i>\n                                    <\/a>\n                                <\/li>\n                                                    <li class=\"list-group-item side-nav__item side-nav__item--styled \">\n                                    <a href=\"https:\/\/vetus.com\/sv\/service-och-support\/faq\/c\/motorer-och-kringutrustning\" class=\"side-nav__link side-nav__link--styled\" target=\"\" title=\"\">\n                                        Motorer och kringutrustning                                        <i class=\"icon icon-keyboard_arrow_right d-block d-lg-none ml-auto pl-5\"><\/i>\n                                    <\/a>\n                                <\/li>\n                                                    <li class=\"list-group-item side-nav__item side-nav__item--styled \">\n                                    <a href=\"https:\/\/vetus.com\/sv\/service-och-support\/faq\/c\/instrument\" class=\"side-nav__link side-nav__link--styled\" target=\"\" title=\"\">\n                                        B\u00e5tinstrument                                        <i class=\"icon icon-keyboard_arrow_right d-block d-lg-none ml-auto pl-5\"><\/i>\n                                    <\/a>\n                                <\/li>\n                                                    <li class=\"list-group-item side-nav__item side-nav__item--styled \">\n                                    <a href=\"https:\/\/vetus.com\/sv\/service-och-support\/faq\/c\/el-ombord\" class=\"side-nav__link side-nav__link--styled\" target=\"\" title=\"\">\n                                        El ombord                                        <i class=\"icon icon-keyboard_arrow_right d-block d-lg-none ml-auto pl-5\"><\/i>\n                                    <\/a>\n                                <\/li>\n                                                    <li class=\"list-group-item side-nav__item side-nav__item--styled \">\n                                    <a href=\"https:\/\/vetus.com\/sv\/service-och-support\/faq\/c\/eldrift\" class=\"side-nav__link side-nav__link--styled\" target=\"\" title=\"\">\n                                        Eldrift                                        <i class=\"icon icon-keyboard_arrow_right d-block d-lg-none ml-auto pl-5\"><\/i>\n                                    <\/a>\n                                <\/li>\n                                                    <li class=\"list-group-item side-nav__item side-nav__item--styled \">\n                                    <a href=\"https:\/\/vetus.com\/sv\/service-och-support\/faq\/c\/hydrauliska-styrsystem\" class=\"side-nav__link side-nav__link--styled\" target=\"\" title=\"\">\n                                        Hydrauliska styrsystem                                        <i class=\"icon icon-keyboard_arrow_right d-block d-lg-none ml-auto pl-5\"><\/i>\n                                    <\/a>\n                                <\/li>\n                                                    <li class=\"list-group-item side-nav__item side-nav__item--styled \">\n                                    <a href=\"https:\/\/vetus.com\/sv\/service-och-support\/faq\/c\/ventilation-sv\" class=\"side-nav__link side-nav__link--styled\" target=\"\" title=\"\">\n                                        Ventilation                                        <i class=\"icon icon-keyboard_arrow_right d-block d-lg-none ml-auto pl-5\"><\/i>\n                                    <\/a>\n                                <\/li>\n                                                    <li class=\"list-group-item side-nav__item side-nav__item--styled \">\n                                    <a href=\"https:\/\/vetus.com\/sv\/service-och-support\/faq\/c\/avgassystem\" class=\"side-nav__link side-nav__link--styled\" target=\"\" title=\"\">\n                                        Avgassystem                                        <i class=\"icon icon-keyboard_arrow_right d-block d-lg-none ml-auto pl-5\"><\/i>\n                                    <\/a>\n                                <\/li>\n                                                    <li class=\"list-group-item side-nav__item side-nav__item--styled \">\n                                    <a href=\"https:\/\/vetus.com\/sv\/service-och-support\/faq\/c\/v-quipment-sv\" class=\"side-nav__link side-nav__link--styled\" target=\"\" title=\"\">\n                                        V-Quipment                                        <i class=\"icon icon-keyboard_arrow_right d-block d-lg-none ml-auto pl-5\"><\/i>\n                                    <\/a>\n                                <\/li>\n                                                    <li class=\"list-group-item side-nav__item side-nav__item--styled \">\n                                    <a href=\"https:\/\/vetus.com\/sv\/service-och-support\/faq\/c\/dricksvattensystem\" class=\"side-nav__link side-nav__link--styled\" target=\"\" title=\"\">\n                                        Dricksvattensystem                                        <i class=\"icon icon-keyboard_arrow_right d-block d-lg-none ml-auto pl-5\"><\/i>\n                                    <\/a>\n                                <\/li>\n                                                    <li class=\"list-group-item side-nav__item side-nav__item--styled \">\n                                    <a href=\"https:\/\/vetus.com\/sv\/service-och-support\/faq\/c\/bogpropellersystem\" class=\"side-nav__link side-nav__link--styled\" target=\"\" title=\"\">\n                                        Bogpropellersystem                                        <i class=\"icon icon-keyboard_arrow_right d-block d-lg-none ml-auto pl-5\"><\/i>\n                                    <\/a>\n                                <\/li>\n                                                    <li class=\"list-group-item side-nav__item side-nav__item--styled \">\n                                    <a href=\"https:\/\/vetus.com\/sv\/service-och-support\/faq\/c\/maxwell-ankringssystem\" class=\"side-nav__link side-nav__link--styled\" target=\"\" title=\"\">\n                                        Maxwell ankringssystem                                        <i class=\"icon icon-keyboard_arrow_right d-block d-lg-none ml-auto pl-5\"><\/i>\n                                    <\/a>\n                                <\/li>\n                                                    <li class=\"list-group-item side-nav__item side-nav__item--styled \">\n                                    <a href=\"https:\/\/vetus.com\/sv\/service-och-support\/faq\/c\/branslesystem\" class=\"side-nav__link side-nav__link--styled\" target=\"\" title=\"\">\n                                        Br\u00e4nslesystem                                        <i class=\"icon icon-keyboard_arrow_right d-block d-lg-none ml-auto pl-5\"><\/i>\n                                    <\/a>\n                                <\/li>\n                                                    <li class=\"list-group-item side-nav__item side-nav__item--styled \">\n                                    <a href=\"https:\/\/vetus.com\/sv\/service-och-support\/faq\/c\/generellt\" class=\"side-nav__link side-nav__link--styled\" target=\"\" title=\"\">\n                                        Generellt                                        <i class=\"icon icon-keyboard_arrow_right d-block d-lg-none ml-auto pl-5\"><\/i>\n                                    <\/a>\n                                <\/li>\n                                    <\/ul>\n            <\/nav>\n        <\/div>\n    <\/aside>\n\n<\/div>            <\/div>\n\n            <div class=\"col-lg-9\">\n                <section class=\"section accordion accordion--faq list list--accordion\">\n                    <div class=\"section__header mb-3\">\n                        <h4 class=\"section__title\">\n\t\t\t\t\t\t\tGenerellt                        <\/h4>\n                    <\/div>\n\n                    <div class=\"section__body\">\n                        <ul class=\"accordion list-view list-inline\" id=\"accordion\">\n\t\t\t\t\t\t\t\n<li class=\"list-item accordion-item\">\n    <div class=\"accordion__group\">\n        <div class=\" accordion__header\" id=\"accordion__header-2\">\n            <button class=\"btn btn-textual accordion__button text-left collapsed\" data-toggle=\"collapse\" data-target=\"#accordion-group-9863\" aria-expanded=\"false\" aria-controls=\"accordion-group-9863\">\n                <i class=\"icon icon-keyboard_arrow_down accordion__icon\"><\/i>\n                <span class=\"accordion__title\">\n                    Vad f\u00e5r jag f\u00f6r garanti p\u00e5 VETUS produkter?                <\/span>\n            <\/button>\n        <\/div>\n\n        <div class=\"accordion__content collapse\" id=\"accordion-group-9863\" aria-labelledby=\"#accordion-header-9863\" data-parent=\"#accordion\">\n            <div class=\"accordion__inner hentry\">\n                <p>Sedan 1 januari 2011 \u00e4r garantin p\u00e5 alla VETUS-tillbeh\u00f6r 3 \u00e5r. Garantin p\u00e5 motorer och elverk \u00e4r till och med 5 \u00e5r. Detaljerna om dessa unika garantivillkor finns p\u00e5 sidan &#8221;Garantipolicy&#8221;.<\/p>\n            <\/div>\n        <\/div>\n    <\/div>\n<\/li>\n<li class=\"list-item accordion-item\">\n    <div class=\"accordion__group\">\n        <div class=\" accordion__header\" id=\"accordion__header-2\">\n            <button class=\"btn btn-textual accordion__button text-left collapsed\" data-toggle=\"collapse\" data-target=\"#accordion-group-9865\" aria-expanded=\"false\" aria-controls=\"accordion-group-9865\">\n                <i class=\"icon icon-keyboard_arrow_down accordion__icon\"><\/i>\n                <span class=\"accordion__title\">\n                    Utav vem skall underh\u00e5ll av min VETUS-motor utf\u00f6ras?                <\/span>\n            <\/button>\n        <\/div>\n\n        <div class=\"accordion__content collapse\" id=\"accordion-group-9865\" aria-labelledby=\"#accordion-header-9865\" data-parent=\"#accordion\">\n            <div class=\"accordion__inner hentry\">\n                <p>VETUS har ett omfattande globalt servicen\u00e4tverk med tillg\u00e5ng till specialistkunskap och reservdelar. Kontrollera v\u00e5r online-\u00e5terf\u00f6rs\u00e4ljare.<\/p>\n            <\/div>\n        <\/div>\n    <\/div>\n<\/li>\n<li class=\"list-item accordion-item\">\n    <div class=\"accordion__group\">\n        <div class=\" accordion__header\" id=\"accordion__header-2\">\n            <button class=\"btn btn-textual accordion__button text-left collapsed\" data-toggle=\"collapse\" data-target=\"#accordion-group-9879\" aria-expanded=\"false\" aria-controls=\"accordion-group-9879\">\n                <i class=\"icon icon-keyboard_arrow_down accordion__icon\"><\/i>\n                <span class=\"accordion__title\">\n                    Hur f\u00e5r jag en manual till min Vetus Maxwell produkt?                <\/span>\n            <\/button>\n        <\/div>\n\n        <div class=\"accordion__content collapse\" id=\"accordion-group-9879\" aria-labelledby=\"#accordion-header-9879\" data-parent=\"#accordion\">\n            <div class=\"accordion__inner hentry\">\n                <p>Manualer bifogas alltid i f\u00f6rpackningen. Annars kan du hitta dokumentation p\u00e5 vetus webbplats under knappen service och support.<\/p>\n            <\/div>\n        <\/div>\n    <\/div>\n<\/li>\n<li class=\"list-item accordion-item\">\n    <div class=\"accordion__group\">\n        <div class=\" accordion__header\" id=\"accordion__header-2\">\n            <button class=\"btn btn-textual accordion__button text-left collapsed\" data-toggle=\"collapse\" data-target=\"#accordion-group-9900\" aria-expanded=\"false\" aria-controls=\"accordion-group-9900\">\n                <i class=\"icon icon-keyboard_arrow_down accordion__icon\"><\/i>\n                <span class=\"accordion__title\">\n                    Var hittar jag priser?                <\/span>\n            <\/button>\n        <\/div>\n\n        <div class=\"accordion__content collapse\" id=\"accordion-group-9900\" aria-labelledby=\"#accordion-header-9900\" data-parent=\"#accordion\">\n            <div class=\"accordion__inner hentry\">\n                <p>Aktuell priss\u00e4ttning kan erh\u00e5llas fr\u00e5n din lokala \u00e5terf\u00f6rs\u00e4ljare. Prislistor finns p\u00e5 denna webbplats.<\/p>\n            <\/div>\n        <\/div>\n    <\/div>\n<\/li>\n<li class=\"list-item accordion-item\">\n    <div class=\"accordion__group\">\n        <div class=\" accordion__header\" id=\"accordion__header-2\">\n            <button class=\"btn btn-textual accordion__button text-left collapsed\" data-toggle=\"collapse\" data-target=\"#accordion-group-9902\" aria-expanded=\"false\" aria-controls=\"accordion-group-9902\">\n                <i class=\"icon icon-keyboard_arrow_down accordion__icon\"><\/i>\n                <span class=\"accordion__title\">\n                    Var kan jag k\u00f6pa Vetus-Maxwell produkter?                <\/span>\n            <\/button>\n        <\/div>\n\n        <div class=\"accordion__content collapse\" id=\"accordion-group-9902\" aria-labelledby=\"#accordion-header-9902\" data-parent=\"#accordion\">\n            <div class=\"accordion__inner hentry\">\n                <p>VETUS \/ Maxwell-produkter kan erh\u00e5llas \u00f6ver hela v\u00e4rlden i mer \u00e4n 100 l\u00e4nder. Du hittar din lokala \u00e5terf\u00f6rs\u00e4ljare p\u00e5 www.vetus.com\/dealerlocator<\/p>\n            <\/div>\n        <\/div>\n    <\/div>\n<\/li>\n<li class=\"list-item accordion-item\">\n    <div class=\"accordion__group\">\n        <div class=\" accordion__header\" id=\"accordion__header-2\">\n            <button class=\"btn btn-textual accordion__button text-left collapsed\" data-toggle=\"collapse\" data-target=\"#accordion-group-10764\" aria-expanded=\"false\" aria-controls=\"accordion-group-10764\">\n                <i class=\"icon icon-keyboard_arrow_down accordion__icon\"><\/i>\n                <span class=\"accordion__title\">\n                    Var kan jag hitta handb\u00f6cker och annan teknisk information om VETUS produkter?                <\/span>\n            <\/button>\n        <\/div>\n\n        <div class=\"accordion__content collapse\" id=\"accordion-group-10764\" aria-labelledby=\"#accordion-header-10764\" data-parent=\"#accordion\">\n            <div class=\"accordion__inner hentry\">\n                <p>Det finns tv\u00e5 s\u00e4tt att hitta tekniska dokument som installationsinstruktioner och bruksanvisningar: 1. I modulen &#8221;Service och support&#8221; v\u00e4ljer du l\u00e4mplig kategori i menyn till v\u00e4nster, t.ex. &#8221;Motorer och runt motorn&#8221;. 2. Klicka p\u00e5 &#8221;Bl\u00e4ddra i v\u00e5r dokumentation&#8221; i rutan &#8221;Teknisk dokumentation&#8221;. Du f\u00e5r en lista \u00f6ver alla dokument som finns tillg\u00e4ngliga online inom denna kategori. Med Ctrl + F kan du s\u00f6ka efter det dokument du beh\u00f6ver, t.ex. efter produktnamn. 2. Navigera till sidan f\u00f6r den aktuella produkten. Detta kan du antingen g\u00f6ra via s\u00f6kfunktionen i webbplatsens rubrik eller via produktmenyn till v\u00e4nster (Hem &#8211; VETUS SYSTEMS &#8211; V\u00e4lj kategori &#8211; V\u00e4lj underkategori &#8211; V\u00e4lj produkt). Om det finns manualer eller andra dokument tillg\u00e4ngliga online f\u00f6r denna produkt hittar du dem under fliken &#8221;Support och manualer&#8221; l\u00e4ngst ner p\u00e5 sidan. Observera: Om du inte kan hitta n\u00e5gra relevanta dokument online betyder det inte n\u00f6dv\u00e4ndigtvis att det inte finns n\u00e5gra dokument tillg\u00e4ngliga. Det kommer att ta oss ett par m\u00e5nader att g\u00f6ra all dokumentation f\u00f6r de flera tusen VETUS-produkterna tillg\u00e4nglig online. Om du inte hittar det du s\u00f6ker, kontakta din \u00e5terf\u00f6rs\u00e4ljare eller skicka ett meddelande till oss via kontaktformul\u00e4ret.<\/p>\n            <\/div>\n        <\/div>\n    <\/div>\n<\/li>                        <\/ul>\n                    <\/div>\n                <\/section>\n            <\/div>\n        <\/div>\n    <\/div>\n<\/section>\n","protected":false},"excerpt":{"rendered":"<p>En \u00f6versikt \u00f6ver vanliga fr\u00e5gor. F\u00f6r alla b\u00e5tsystem.<\/p>\n","protected":false},"author":31,"featured_media":3455,"parent":3575,"menu_order":502,"comment_status":"closed","ping_status":"closed","template":"tpl-basic.php","meta":{"_acf_changed":false,"footnotes":""},"class_list":["post-3454","page","type-page","status-publish","has-post-thumbnail","hentry"],"acf":{"introduction":"","person":false},"yoast_head":"<!-- This site is optimized with the Yoast SEO Premium plugin v27.3 (Yoast SEO v27.3) - https:\/\/yoast.com\/product\/yoast-seo-premium-wordpress\/ -->\n<title>FAQ - VETUS<\/title>\n<meta name=\"robots\" content=\"index, follow, max-snippet:-1, max-image-preview:large, max-video-preview:-1\" \/>\n<link rel=\"canonical\" href=\"https:\/\/vetus.com\/sv\/service-och-support\/faq\/\" \/>\n<meta property=\"og:locale\" content=\"sv_SE\" \/>\n<meta property=\"og:type\" content=\"article\" \/>\n<meta property=\"og:title\" content=\"FAQ\" \/>\n<meta property=\"og:description\" content=\"En \u00f6versikt \u00f6ver vanliga fr\u00e5gor. F\u00f6r alla b\u00e5tsystem.\" \/>\n<meta property=\"og:url\" content=\"https:\/\/vetus.com\/sv\/service-och-support\/faq\/\" \/>\n<meta property=\"og:site_name\" content=\"VETUS\" \/>\n<meta property=\"article:modified_time\" content=\"2022-02-15T13:15:58+00:00\" \/>\n<meta property=\"og:image\" content=\"https:\/\/vetus.com\/wp-content\/uploads\/featured-faq.png\" \/>\n\t<meta property=\"og:image:width\" content=\"1200\" \/>\n\t<meta property=\"og:image:height\" content=\"800\" \/>\n\t<meta property=\"og:image:type\" content=\"image\/png\" \/>\n<meta name=\"twitter:card\" content=\"summary_large_image\" \/>\n<script type=\"application\/ld+json\" class=\"yoast-schema-graph\">{\"@context\":\"https:\\\/\\\/schema.org\",\"@graph\":[{\"@type\":\"WebPage\",\"@id\":\"https:\\\/\\\/vetus.com\\\/sv\\\/service-och-support\\\/faq\\\/\",\"url\":\"https:\\\/\\\/vetus.com\\\/sv\\\/service-och-support\\\/faq\\\/\",\"name\":\"FAQ - VETUS\",\"isPartOf\":{\"@id\":\"https:\\\/\\\/vetus.com\\\/sv\\\/#website\"},\"primaryImageOfPage\":{\"@id\":\"https:\\\/\\\/vetus.com\\\/sv\\\/service-och-support\\\/faq\\\/#primaryimage\"},\"image\":{\"@id\":\"https:\\\/\\\/vetus.com\\\/sv\\\/service-och-support\\\/faq\\\/#primaryimage\"},\"thumbnailUrl\":\"https:\\\/\\\/vetus.com\\\/wp-content\\\/uploads\\\/featured-faq.png\",\"datePublished\":\"2021-03-30T13:44:02+00:00\",\"dateModified\":\"2022-02-15T13:15:58+00:00\",\"breadcrumb\":{\"@id\":\"https:\\\/\\\/vetus.com\\\/sv\\\/service-och-support\\\/faq\\\/#breadcrumb\"},\"inLanguage\":\"sv-SE\",\"potentialAction\":[{\"@type\":\"ReadAction\",\"target\":[\"https:\\\/\\\/vetus.com\\\/sv\\\/service-och-support\\\/faq\\\/\"]}]},{\"@type\":\"ImageObject\",\"inLanguage\":\"sv-SE\",\"@id\":\"https:\\\/\\\/vetus.com\\\/sv\\\/service-och-support\\\/faq\\\/#primaryimage\",\"url\":\"https:\\\/\\\/vetus.com\\\/wp-content\\\/uploads\\\/featured-faq.png\",\"contentUrl\":\"https:\\\/\\\/vetus.com\\\/wp-content\\\/uploads\\\/featured-faq.png\",\"width\":1200,\"height\":800},{\"@type\":\"BreadcrumbList\",\"@id\":\"https:\\\/\\\/vetus.com\\\/sv\\\/service-och-support\\\/faq\\\/#breadcrumb\",\"itemListElement\":[{\"@type\":\"ListItem\",\"position\":1,\"name\":\"Home\",\"item\":\"https:\\\/\\\/vetus.com\\\/sv\\\/\"},{\"@type\":\"ListItem\",\"position\":2,\"name\":\"Service och support\",\"item\":\"https:\\\/\\\/vetus.com\\\/sv\\\/service-och-support\\\/\"},{\"@type\":\"ListItem\",\"position\":3,\"name\":\"FAQ\"}]},{\"@type\":\"WebSite\",\"@id\":\"https:\\\/\\\/vetus.com\\\/sv\\\/#website\",\"url\":\"https:\\\/\\\/vetus.com\\\/sv\\\/\",\"name\":\"VETUS\",\"description\":\"\",\"potentialAction\":[{\"@type\":\"SearchAction\",\"target\":{\"@type\":\"EntryPoint\",\"urlTemplate\":\"https:\\\/\\\/vetus.com\\\/sv\\\/?s={search_term_string}\"},\"query-input\":{\"@type\":\"PropertyValueSpecification\",\"valueRequired\":true,\"valueName\":\"search_term_string\"}}],\"inLanguage\":\"sv-SE\"}]}<\/script>\n<!-- \/ Yoast SEO Premium plugin. -->","yoast_head_json":{"title":"FAQ - VETUS","robots":{"index":"index","follow":"follow","max-snippet":"max-snippet:-1","max-image-preview":"max-image-preview:large","max-video-preview":"max-video-preview:-1"},"canonical":"https:\/\/vetus.com\/sv\/service-och-support\/faq\/","og_locale":"sv_SE","og_type":"article","og_title":"FAQ","og_description":"En \u00f6versikt \u00f6ver vanliga fr\u00e5gor. F\u00f6r alla b\u00e5tsystem.","og_url":"https:\/\/vetus.com\/sv\/service-och-support\/faq\/","og_site_name":"VETUS","article_modified_time":"2022-02-15T13:15:58+00:00","og_image":[{"width":1200,"height":800,"url":"https:\/\/vetus.com\/wp-content\/uploads\/featured-faq.png","type":"image\/png"}],"twitter_card":"summary_large_image","schema":{"@context":"https:\/\/schema.org","@graph":[{"@type":"WebPage","@id":"https:\/\/vetus.com\/sv\/service-och-support\/faq\/","url":"https:\/\/vetus.com\/sv\/service-och-support\/faq\/","name":"FAQ - VETUS","isPartOf":{"@id":"https:\/\/vetus.com\/sv\/#website"},"primaryImageOfPage":{"@id":"https:\/\/vetus.com\/sv\/service-och-support\/faq\/#primaryimage"},"image":{"@id":"https:\/\/vetus.com\/sv\/service-och-support\/faq\/#primaryimage"},"thumbnailUrl":"https:\/\/vetus.com\/wp-content\/uploads\/featured-faq.png","datePublished":"2021-03-30T13:44:02+00:00","dateModified":"2022-02-15T13:15:58+00:00","breadcrumb":{"@id":"https:\/\/vetus.com\/sv\/service-och-support\/faq\/#breadcrumb"},"inLanguage":"sv-SE","potentialAction":[{"@type":"ReadAction","target":["https:\/\/vetus.com\/sv\/service-och-support\/faq\/"]}]},{"@type":"ImageObject","inLanguage":"sv-SE","@id":"https:\/\/vetus.com\/sv\/service-och-support\/faq\/#primaryimage","url":"https:\/\/vetus.com\/wp-content\/uploads\/featured-faq.png","contentUrl":"https:\/\/vetus.com\/wp-content\/uploads\/featured-faq.png","width":1200,"height":800},{"@type":"BreadcrumbList","@id":"https:\/\/vetus.com\/sv\/service-och-support\/faq\/#breadcrumb","itemListElement":[{"@type":"ListItem","position":1,"name":"Home","item":"https:\/\/vetus.com\/sv\/"},{"@type":"ListItem","position":2,"name":"Service och support","item":"https:\/\/vetus.com\/sv\/service-och-support\/"},{"@type":"ListItem","position":3,"name":"FAQ"}]},{"@type":"WebSite","@id":"https:\/\/vetus.com\/sv\/#website","url":"https:\/\/vetus.com\/sv\/","name":"VETUS","description":"","potentialAction":[{"@type":"SearchAction","target":{"@type":"EntryPoint","urlTemplate":"https:\/\/vetus.com\/sv\/?s={search_term_string}"},"query-input":{"@type":"PropertyValueSpecification","valueRequired":true,"valueName":"search_term_string"}}],"inLanguage":"sv-SE"}]}},"_links":{"self":[{"href":"https:\/\/vetus.com\/sv\/wp-json\/wp\/v2\/pages\/3454","targetHints":{"allow":["GET"]}}],"collection":[{"href":"https:\/\/vetus.com\/sv\/wp-json\/wp\/v2\/pages"}],"about":[{"href":"https:\/\/vetus.com\/sv\/wp-json\/wp\/v2\/types\/page"}],"author":[{"embeddable":true,"href":"https:\/\/vetus.com\/sv\/wp-json\/wp\/v2\/users\/31"}],"replies":[{"embeddable":true,"href":"https:\/\/vetus.com\/sv\/wp-json\/wp\/v2\/comments?post=3454"}],"version-history":[{"count":0,"href":"https:\/\/vetus.com\/sv\/wp-json\/wp\/v2\/pages\/3454\/revisions"}],"up":[{"embeddable":true,"href":"https:\/\/vetus.com\/sv\/wp-json\/wp\/v2\/pages\/3575"}],"wp:featuredmedia":[{"embeddable":true,"href":"https:\/\/vetus.com\/sv\/wp-json\/wp\/v2\/media\/3455"}],"wp:attachment":[{"href":"https:\/\/vetus.com\/sv\/wp-json\/wp\/v2\/media?parent=3454"}],"curies":[{"name":"wp","href":"https:\/\/api.w.org\/{rel}","templated":true}]}}