{"id":3447,"date":"2021-03-31T09:01:36","date_gmt":"2021-03-31T07:01:36","guid":{"rendered":"https:\/\/vetus.inlinedigital.nl\/cms\/5-and-5-year-warranty\/"},"modified":"2022-07-12T12:45:41","modified_gmt":"2022-07-12T10:45:41","slug":"5-plus-garanti","status":"publish","type":"page","link":"https:\/\/vetus.com\/sv\/service-och-support\/5-plus-garanti\/","title":{"rendered":"5 PLUS garanti"},"content":{"rendered":"\n<section class=\"section  \">\n    \n\n<section id=\"section-text-block-block_60642c2927d6b\" class=\"section text-block \">\n                    <div class=\"section section__body\">\n            <div class=\"text-block\">\n                <div class=\"container\">\n                    <div class=\"row\">\n                        <div class=\"col-lg-8 offset-lg-2\">\n                                                            <div class=\"section__content single__content hentry\">\n                                    <p>Ytterligare en bra anledning att v\u00e4lja VETUS! N\u00e4r en VETUS-motor k\u00f6ps tillsammans med en komplett VETUS kringutrustningspaket kommer garantin att f\u00f6rl\u00e4ngas fr\u00e5n 3 till 5 \u00e5r p\u00e5 kringutrustningen. Tillsammans med de redan mycket gener\u00f6sa garantivillkoren f\u00f6r VETUS-motorer (3 + 2 \u00e5r) kommer VETUS-produkter att s\u00e4kerst\u00e4lla att du f\u00e5r en l\u00e5ng och bekymmersl\u00f6s tid med din b\u00e5t!<\/p>\n<p><img decoding=\"async\" class=\"alignnone size-full wp-image-12428\" src=\"https:\/\/vetus.com\/wp-content\/uploads\/extended-warranty_banner_SE.png\" alt=\"\" width=\"770\" height=\"302\" srcset=\"https:\/\/vetus.com\/wp-content\/uploads\/extended-warranty_banner_SE.png 770w, https:\/\/vetus.com\/wp-content\/uploads\/extended-warranty_banner_SE-300x118.png 300w, https:\/\/vetus.com\/wp-content\/uploads\/extended-warranty_banner_SE-768x301.png 768w, https:\/\/vetus.com\/wp-content\/uploads\/extended-warranty_banner_SE-418x164.png 418w, https:\/\/vetus.com\/wp-content\/uploads\/extended-warranty_banner_SE-604x237.png 604w\" sizes=\"(max-width: 770px) 100vw, 770px\" \/><\/p>\n<h3>Hur fungerar det?<\/h3>\n<p>Du k\u00f6per en ny VETUS-motor och ett komplett VETUS kringutrustningspaket fr\u00e5n en officiell VETUS-\u00e5terf\u00f6rs\u00e4ljare som inneh\u00e5ller:<\/p>\n<ul>\n<li>Axelsystem<\/li>\n<li>Propeller<\/li>\n<li>Flexibel axelkoppling<\/li>\n<li>Sj\u00f6vattenfilter<\/li>\n<li>Vattenavskiljande br\u00e4nslefilter<\/li>\n<li>Avgassystem (slang, vattenl\u00e5s, ljudd\u00e4mpare, svanhals, avgasgenomf\u00f6ring och vakuumventil)<\/li>\n<li>Motorreglage<\/li>\n<li>Ventilationsgaller<\/li>\n<\/ul>\n<p>Ladda ner tillbeh\u00f6rstabellen f\u00f6r olika typer och modeller!<\/p>\n<p>Installationsformul\u00e4ret anv\u00e4nds av din \u00e5terf\u00f6rs\u00e4ljare \/ installat\u00f6r f\u00f6r att ans\u00f6ka om 5+ \u00e5rs garanti.<\/p>\n<h3>Garantipolicy<\/h3>\n<p>F\u00f6ljande artiklar fr\u00e5n v\u00e5r garantipolicy g\u00e4ller f\u00f6r denna kampan:<\/p>\n<h6>Artikel 8<\/h6>\n<p>Alla garantikrav kommer att ogiltigf\u00f6rklaras i f\u00f6ljande situationer:<\/p>\n<ul>\n<li>Att eventuellt periodiskt underh\u00e5ll inte har utf\u00f6rts av en auktoriserad VETUS-\u00e5terf\u00f6rs\u00e4ljare<\/li>\n<li>Felaktig installation eller montering av produkten<\/li>\n<li>Felaktig anv\u00e4ndning av produkten<\/li>\n<li>Felet orsakat av bristande underh\u00e5ll av \u00e4garen eller anv\u00e4ndaren<\/li>\n<li>Vid h\u00e4ndelse av yttre katastrof<\/li>\n<li>Vid f\u00f6rsummelse av att f\u00f6lja bruksanvisningen<\/li>\n<li>Garantiperioden 60 m\u00e5nader har l\u00f6pt ut<\/li>\n<\/ul>\n<h6>Artikel 9<\/h6>\n<p>Undantag: situationer som inte omfattas av denna garanti:<\/p>\n<ul>\n<li>Slitdelar<\/li>\n<li>F\u00f6ljande kostnader som (men inte begr\u00e4nsat till) &#8211; transportkostnader, arbetskostnader, transport, lyftkostnader etc.<\/li>\n<li>Skador som f\u00f6ljd av yttre p\u00e5verkan<\/li>\n<li>F\u00f6rorening, frysning, \u00f6verhettning och \u00f6verbelastning<\/li>\n<\/ul>\n<div>\n<h3>Downloads<\/h3>\n<p><a href=\"https:\/\/online.flippingbook.com\/view\/450671581\/\">Ladda ner tabellen f\u00f6r val av utrustning<\/a><\/p>\n<\/div>\n                                <\/div>\n                            \n                                                    <\/div>\n                    <\/div>\n                <\/div>\n            <\/div>\n        <\/div>\n    <\/section><\/section>","protected":false},"excerpt":{"rendered":"<p>When you buy a VETUS engine we give you a 5 year warranty on the engine and on a selected list of around the engine products.<\/p>\n","protected":false},"author":31,"featured_media":3449,"parent":3575,"menu_order":104,"comment_status":"closed","ping_status":"closed","template":"tpl-basic.php","meta":{"_acf_changed":false,"footnotes":""},"class_list":["post-3447","page","type-page","status-publish","has-post-thumbnail","hentry"],"acf":{"introduction":"","person":false},"yoast_head":"<!-- This site is optimized with the Yoast SEO Premium plugin v27.3 (Yoast SEO v27.3) - https:\/\/yoast.com\/product\/yoast-seo-premium-wordpress\/ -->\n<title>5 PLUS garanti - VETUS<\/title>\n<meta name=\"robots\" content=\"index, follow, max-snippet:-1, max-image-preview:large, max-video-preview:-1\" \/>\n<link rel=\"canonical\" href=\"https:\/\/vetus.com\/sv\/service-och-support\/5-plus-garanti\/\" \/>\n<meta property=\"og:locale\" content=\"sv_SE\" \/>\n<meta property=\"og:type\" content=\"article\" \/>\n<meta property=\"og:title\" content=\"5 PLUS garanti\" \/>\n<meta property=\"og:description\" content=\"When you buy a VETUS engine we give you a 5 year warranty on the engine and on a selected list of around the engine products.\" \/>\n<meta property=\"og:url\" content=\"https:\/\/vetus.com\/sv\/service-och-support\/5-plus-garanti\/\" \/>\n<meta property=\"og:site_name\" content=\"VETUS\" \/>\n<meta property=\"article:modified_time\" content=\"2022-07-12T10:45:41+00:00\" \/>\n<meta property=\"og:image\" content=\"https:\/\/vetus.com\/wp-content\/uploads\/featured-warranty-5.png\" \/>\n\t<meta property=\"og:image:width\" content=\"1200\" \/>\n\t<meta property=\"og:image:height\" content=\"800\" \/>\n\t<meta property=\"og:image:type\" content=\"image\/png\" \/>\n<meta name=\"twitter:card\" content=\"summary_large_image\" \/>\n<script type=\"application\/ld+json\" class=\"yoast-schema-graph\">{\"@context\":\"https:\\\/\\\/schema.org\",\"@graph\":[{\"@type\":\"WebPage\",\"@id\":\"https:\\\/\\\/vetus.com\\\/sv\\\/service-och-support\\\/5-plus-garanti\\\/\",\"url\":\"https:\\\/\\\/vetus.com\\\/sv\\\/service-och-support\\\/5-plus-garanti\\\/\",\"name\":\"5 PLUS garanti - VETUS\",\"isPartOf\":{\"@id\":\"https:\\\/\\\/vetus.com\\\/sv\\\/#website\"},\"primaryImageOfPage\":{\"@id\":\"https:\\\/\\\/vetus.com\\\/sv\\\/service-och-support\\\/5-plus-garanti\\\/#primaryimage\"},\"image\":{\"@id\":\"https:\\\/\\\/vetus.com\\\/sv\\\/service-och-support\\\/5-plus-garanti\\\/#primaryimage\"},\"thumbnailUrl\":\"https:\\\/\\\/vetus.com\\\/wp-content\\\/uploads\\\/featured-warranty-5.png\",\"datePublished\":\"2021-03-31T07:01:36+00:00\",\"dateModified\":\"2022-07-12T10:45:41+00:00\",\"breadcrumb\":{\"@id\":\"https:\\\/\\\/vetus.com\\\/sv\\\/service-och-support\\\/5-plus-garanti\\\/#breadcrumb\"},\"inLanguage\":\"sv-SE\",\"potentialAction\":[{\"@type\":\"ReadAction\",\"target\":[\"https:\\\/\\\/vetus.com\\\/sv\\\/service-och-support\\\/5-plus-garanti\\\/\"]}]},{\"@type\":\"ImageObject\",\"inLanguage\":\"sv-SE\",\"@id\":\"https:\\\/\\\/vetus.com\\\/sv\\\/service-och-support\\\/5-plus-garanti\\\/#primaryimage\",\"url\":\"https:\\\/\\\/vetus.com\\\/wp-content\\\/uploads\\\/featured-warranty-5.png\",\"contentUrl\":\"https:\\\/\\\/vetus.com\\\/wp-content\\\/uploads\\\/featured-warranty-5.png\",\"width\":1200,\"height\":800},{\"@type\":\"BreadcrumbList\",\"@id\":\"https:\\\/\\\/vetus.com\\\/sv\\\/service-och-support\\\/5-plus-garanti\\\/#breadcrumb\",\"itemListElement\":[{\"@type\":\"ListItem\",\"position\":1,\"name\":\"Home\",\"item\":\"https:\\\/\\\/vetus.com\\\/sv\\\/\"},{\"@type\":\"ListItem\",\"position\":2,\"name\":\"Service och support\",\"item\":\"https:\\\/\\\/vetus.com\\\/sv\\\/service-och-support\\\/\"},{\"@type\":\"ListItem\",\"position\":3,\"name\":\"5 PLUS garanti\"}]},{\"@type\":\"WebSite\",\"@id\":\"https:\\\/\\\/vetus.com\\\/sv\\\/#website\",\"url\":\"https:\\\/\\\/vetus.com\\\/sv\\\/\",\"name\":\"VETUS\",\"description\":\"\",\"potentialAction\":[{\"@type\":\"SearchAction\",\"target\":{\"@type\":\"EntryPoint\",\"urlTemplate\":\"https:\\\/\\\/vetus.com\\\/sv\\\/?s={search_term_string}\"},\"query-input\":{\"@type\":\"PropertyValueSpecification\",\"valueRequired\":true,\"valueName\":\"search_term_string\"}}],\"inLanguage\":\"sv-SE\"}]}<\/script>\n<!-- \/ Yoast SEO Premium plugin. -->","yoast_head_json":{"title":"5 PLUS garanti - VETUS","robots":{"index":"index","follow":"follow","max-snippet":"max-snippet:-1","max-image-preview":"max-image-preview:large","max-video-preview":"max-video-preview:-1"},"canonical":"https:\/\/vetus.com\/sv\/service-och-support\/5-plus-garanti\/","og_locale":"sv_SE","og_type":"article","og_title":"5 PLUS garanti","og_description":"When you buy a VETUS engine we give you a 5 year warranty on the engine and on a selected list of around the engine products.","og_url":"https:\/\/vetus.com\/sv\/service-och-support\/5-plus-garanti\/","og_site_name":"VETUS","article_modified_time":"2022-07-12T10:45:41+00:00","og_image":[{"width":1200,"height":800,"url":"https:\/\/vetus.com\/wp-content\/uploads\/featured-warranty-5.png","type":"image\/png"}],"twitter_card":"summary_large_image","schema":{"@context":"https:\/\/schema.org","@graph":[{"@type":"WebPage","@id":"https:\/\/vetus.com\/sv\/service-och-support\/5-plus-garanti\/","url":"https:\/\/vetus.com\/sv\/service-och-support\/5-plus-garanti\/","name":"5 PLUS garanti - VETUS","isPartOf":{"@id":"https:\/\/vetus.com\/sv\/#website"},"primaryImageOfPage":{"@id":"https:\/\/vetus.com\/sv\/service-och-support\/5-plus-garanti\/#primaryimage"},"image":{"@id":"https:\/\/vetus.com\/sv\/service-och-support\/5-plus-garanti\/#primaryimage"},"thumbnailUrl":"https:\/\/vetus.com\/wp-content\/uploads\/featured-warranty-5.png","datePublished":"2021-03-31T07:01:36+00:00","dateModified":"2022-07-12T10:45:41+00:00","breadcrumb":{"@id":"https:\/\/vetus.com\/sv\/service-och-support\/5-plus-garanti\/#breadcrumb"},"inLanguage":"sv-SE","potentialAction":[{"@type":"ReadAction","target":["https:\/\/vetus.com\/sv\/service-och-support\/5-plus-garanti\/"]}]},{"@type":"ImageObject","inLanguage":"sv-SE","@id":"https:\/\/vetus.com\/sv\/service-och-support\/5-plus-garanti\/#primaryimage","url":"https:\/\/vetus.com\/wp-content\/uploads\/featured-warranty-5.png","contentUrl":"https:\/\/vetus.com\/wp-content\/uploads\/featured-warranty-5.png","width":1200,"height":800},{"@type":"BreadcrumbList","@id":"https:\/\/vetus.com\/sv\/service-och-support\/5-plus-garanti\/#breadcrumb","itemListElement":[{"@type":"ListItem","position":1,"name":"Home","item":"https:\/\/vetus.com\/sv\/"},{"@type":"ListItem","position":2,"name":"Service och support","item":"https:\/\/vetus.com\/sv\/service-och-support\/"},{"@type":"ListItem","position":3,"name":"5 PLUS garanti"}]},{"@type":"WebSite","@id":"https:\/\/vetus.com\/sv\/#website","url":"https:\/\/vetus.com\/sv\/","name":"VETUS","description":"","potentialAction":[{"@type":"SearchAction","target":{"@type":"EntryPoint","urlTemplate":"https:\/\/vetus.com\/sv\/?s={search_term_string}"},"query-input":{"@type":"PropertyValueSpecification","valueRequired":true,"valueName":"search_term_string"}}],"inLanguage":"sv-SE"}]}},"_links":{"self":[{"href":"https:\/\/vetus.com\/sv\/wp-json\/wp\/v2\/pages\/3447","targetHints":{"allow":["GET"]}}],"collection":[{"href":"https:\/\/vetus.com\/sv\/wp-json\/wp\/v2\/pages"}],"about":[{"href":"https:\/\/vetus.com\/sv\/wp-json\/wp\/v2\/types\/page"}],"author":[{"embeddable":true,"href":"https:\/\/vetus.com\/sv\/wp-json\/wp\/v2\/users\/31"}],"replies":[{"embeddable":true,"href":"https:\/\/vetus.com\/sv\/wp-json\/wp\/v2\/comments?post=3447"}],"version-history":[{"count":0,"href":"https:\/\/vetus.com\/sv\/wp-json\/wp\/v2\/pages\/3447\/revisions"}],"up":[{"embeddable":true,"href":"https:\/\/vetus.com\/sv\/wp-json\/wp\/v2\/pages\/3575"}],"wp:featuredmedia":[{"embeddable":true,"href":"https:\/\/vetus.com\/sv\/wp-json\/wp\/v2\/media\/3449"}],"wp:attachment":[{"href":"https:\/\/vetus.com\/sv\/wp-json\/wp\/v2\/media?parent=3447"}],"curies":[{"name":"wp","href":"https:\/\/api.w.org\/{rel}","templated":true}]}}