{"id":3393,"date":"2021-03-31T09:14:27","date_gmt":"2021-03-31T07:14:27","guid":{"rendered":"https:\/\/vetus.inlinedigital.nl\/cms\/vetus-warranty-policy\/"},"modified":"2021-07-22T07:08:19","modified_gmt":"2021-07-22T06:08:19","slug":"vetus-garantipolicy","status":"publish","type":"page","link":"https:\/\/vetus.com\/sv\/service-och-support\/vetus-garantipolicy\/","title":{"rendered":"VETUS  Garantipolicy"},"content":{"rendered":"\n<section class=\"section  \">\n    \n\n<section id=\"section-text-block-block_60642f52d5387\" class=\"section text-block \">\n                    <div class=\"section section__body\">\n            <div class=\"text-block\">\n                <div class=\"container\">\n                    <div class=\"row\">\n                        <div class=\"col-lg-8 offset-lg-2\">\n                                                            <div class=\"section__content single__content hentry\">\n                                    <p>Sedan 1 januari 2011 \u00e4r garantin p\u00e5 all VETUS-utrustning 3 \u00e5r och garantin p\u00e5 motorer och generatorer 5 \u00e5r. Ut\u00f6ver dessa gener\u00f6sa garantivillkor erbjuder VETUS ocks\u00e5 ett globalt servicen\u00e4tverk s\u00e5 att v\u00e5ra kunder alltid kan r\u00e4kna med utm\u00e4rkt support.<\/p>\n<p><img decoding=\"async\" class=\"alignnone wp-image-24832 size-full\" src=\"https:\/\/vetus.com\/cms\/wp-content\/uploads\/warranty_try4.jpg\" alt=\"\" width=\"770\" height=\"227\" srcset=\"https:\/\/vetus.com\/wp-content\/uploads\/warranty_try4.jpg 770w, https:\/\/vetus.com\/wp-content\/uploads\/warranty_try4-300x88.jpg 300w, https:\/\/vetus.com\/wp-content\/uploads\/warranty_try4-768x226.jpg 768w, https:\/\/vetus.com\/wp-content\/uploads\/warranty_try4-210x62.jpg 210w, https:\/\/vetus.com\/wp-content\/uploads\/warranty_try4-330x97.jpg 330w, https:\/\/vetus.com\/wp-content\/uploads\/warranty_try4-431x127.jpg 431w, https:\/\/vetus.com\/wp-content\/uploads\/warranty_try4-507x149.jpg 507w, https:\/\/vetus.com\/wp-content\/uploads\/warranty_try4-530x156.jpg 530w, https:\/\/vetus.com\/wp-content\/uploads\/warranty_try4-690x203.jpg 690w\" sizes=\"(max-width: 770px) 100vw, 770px\" \/><\/p>\n<h3>Garantivillkor f\u00f6r VETUS tillbeh\u00f6r<\/h3>\n<h6>Artikel 1<\/h6>\n<p>Denna garanti tillhandah\u00e5lls av VETUS B.V. eller dess dotterbolag.<\/p>\n<h6>Artikel 2<\/h6>\n<p>2.1. Garantin g\u00e4ller endast produkter som produceras och \/ eller levereras av VETUS.<\/p>\n<h6>Artikel 3<\/h6>\n<p>3.1. Garantin beviljas den f\u00f6rsta \u00e4garen. Garantin kan \u00f6verf\u00f6ras till en ny \u00e4gare och resten av garantiperioden \u00f6verf\u00f6rs helt och h\u00e5llet till den senare. Alla \u00e4ndringar som g\u00f6rs p\u00e5 installationen eller produkterna kommer att g\u00f6ra garantivillkoren ogiltiga.<\/p>\n<h6>Artikel 4<\/h6>\n<p>4.1. Garantiperioden p\u00e5b\u00f6rjas n\u00e4r VETUS-produkten levereras till slutanv\u00e4ndaren.<br \/>\n4.2. Garantiperioden \u00e4r 36 m\u00e5nader. Garantiperioden g\u00e4ller endast f\u00f6r slutanv\u00e4ndare, inte f\u00f6retag eller professionella anv\u00e4ndare och strikt f\u00f6r fritidsbruk.<br \/>\n4.3. Garantiperioden \u00e4r 12 m\u00e5nader f\u00f6r professionell anv\u00e4ndning. Innan anv\u00e4ndningen av produkten anv\u00e4nds f\u00f6r professionella \u00e4ndam\u00e5l b\u00f6r anv\u00e4ndaren f\u00e5 skriftligt godk\u00e4nnande fr\u00e5n VETUS och \/ eller dess auktoriserade \u00e5terf\u00f6rs\u00e4ljare.<\/p>\n<h6>Artikel 5<\/h6>\n<p>5.1. VETUS garanterar att VETUS utrustning innefattas av garanti mot produkt-, material- och tillverkningsfel under garantiperioden.<br \/>\n5.2. Fel som uppst\u00e5r under garantiperioden repareras av VETUS utan kostnad f\u00f6r \u00e4garen.<br \/>\n5.3. VETUS f\u00f6rbeh\u00e5ller sig r\u00e4tten att ers\u00e4tta en ny eller ers\u00e4ttningsprodukt om det inte g\u00e5r att reparera den felaktiga produkten.<br \/>\n5.4. Produkter som ers\u00e4tts av VETUS under garanti kommer automatiskt att bli VETUS egendom.<\/p>\n<h6>Artikel 6<\/h6>\n<p>6.1. Det slutgiltiga beslutet om garantians\u00f6kan g\u00f6rs av VETUS och inte dess auktoriserade \u00e5terf\u00f6rs\u00e4ljare. Beslutet kommer att skickas skriftligen till leverant\u00f6ren \/ varvet. VETUS kommer inte att ing\u00e5 korrespondens eller dialog med slutanv\u00e4ndaren.<\/p>\n<h6>Artikel 7<\/h6>\n<p>7.1. Slutanv\u00e4ndaren kan inte g\u00f6ra anspr\u00e5k p\u00e5 garantin direkt med VETUS, utan skall g\u00f6ra anspr\u00e5k p\u00e5 garantin hos leverant\u00f6ren av VETUS-produkten.<\/p>\n<h6>Artikel 8<\/h6>\n<p>\u00c5beropande av garanti kommer att blir ogiltigt i f\u00f6ljande situationer:<\/p>\n<ul>\n<li>Att n\u00e5got periodiskt underh\u00e5ll som kr\u00e4vts inte har utf\u00f6rts av en auktoriserad VETUS-\u00e5terf\u00f6rs\u00e4ljare<\/li>\n<li>Felaktig installation eller montering av produkten<\/li>\n<li>Felaktig anv\u00e4ndning av produkten<\/li>\n<li>Felet orsakas av bristande v\u00e5rd av \u00e4garen eller anv\u00e4ndaren<\/li>\n<li>Vid extern katastrof<\/li>\n<li>Vid f\u00f6rsummelse av att f\u00f6lja bruksanvisningen<\/li>\n<li>Garantiperioden p\u00e5 36 m\u00e5nader har l\u00f6pt ut<\/li>\n<\/ul>\n<h6>Artikel 9<\/h6>\n<p>Undantag: situationer som inte omfattas av denna garanti:<\/p>\n<ul>\n<li>Slitdelar<\/li>\n<li>F\u00f6ljande kostnader som (men inte begr\u00e4nsat till) &#8211; transportkostnader, arbetskostnader, transport, lyftkostnader etc.<\/li>\n<li>Skador som f\u00f6ljd av yttre p\u00e5verkan<\/li>\n<li>F\u00f6rorening, frysning, \u00f6verhettning och \u00f6verbelastning<\/li>\n<\/ul>\n<h3>Garantivillkor f\u00f6r VETUS-motorer<\/h3>\n<h6>Artikel 1<\/h6>\n<p>1.1. Denna garanti tillhandah\u00e5lls av VETUS NV eller dess dotterbolag.<\/p>\n<h6>Artikel 2<\/h6>\n<p>2.1. Garantin g\u00e4ller endast produkter som produceras och \/ eller levereras av VETUS.<br \/>\n2.2. Garantin g\u00e4ller endast produkter som levereras av VETUS eller dess dotterbolag.<\/p>\n<h6>Artikel 3<\/h6>\n<p>3.1. F\u00f6r att kvalificera sig f\u00f6r garanti p\u00e5 motorer m\u00e5ste en fullst\u00e4ndigt slutf\u00f6rd och undertecknad Service Manual presenteras. F\u00f6r att kr\u00e4va garanti p\u00e5 reservdelar eller tillbeh\u00f6r, kr\u00e4vs en kopia av fakturan f\u00f6r den relevanta reservdelen eller tillbeh\u00f6ret som bevis p\u00e5 garantins giltighet.<\/p>\n<h6>Artikel 4<\/h6>\n<p>4.1. Garantin beviljas den f\u00f6rsta \u00e4garen. Garantin kan \u00f6verf\u00f6ras till en ny \u00e4gare och resten av garantiperioden \u00f6verf\u00f6rs helt och h\u00e5llet till den senare. Eventuella \u00e4ndringar som g\u00f6rs p\u00e5 installationen eller produkterna kommer att g\u00f6ra garantif\u00f6rh\u00e5llandena ogiltiga.<\/p>\n<h6>Artikel 5<\/h6>\n<p>5.1. VETUS garanterar kvaliteten p\u00e5 den medf\u00f6ljande produkten och alla tillbeh\u00f6r som medf\u00f6ljer produkten. Fel kommer att repareras av VETUS eller dess dotterbolag, antingen genom att ers\u00e4tta eller reparera den defekta delen. Reparationen i fr\u00e5ga kommer att utf\u00f6ras p\u00e5 en plats vald av VETUS.<\/p>\n<h6>Artikel 6<\/h6>\n<p>6.1. Garantiperioden b\u00f6rjar fr\u00e5n leveransdagen till den f\u00f6rsta \u00e4garen \/ slutanv\u00e4ndaren. Motorn eller generatorn ska tas i bruk senast 6 (sex) m\u00e5nader efter leveransen.<\/p>\n<h6>Artikel 7<\/h6>\n<p>7.1. VETUS marina dieselmotorer f\u00f6r icke-kommersiell anv\u00e4ndning i fritidsb\u00e5tar \u00e4r garanterade mot alla materiella och \/ eller konstruktionsfel enligt g\u00e4llande lag under en period p\u00e5 36 (trettio) m\u00e5nader eller h\u00f6gst 1000 (ettusen) arbetstimmar. Beroende p\u00e5 vilket som kommer f\u00f6rst.<br \/>\n7.2. F\u00f6rutom garantitiden garanterar VETUS under de efterf\u00f6ljande 24 (tjugofyra) m\u00e5naderna, eller ytterligare 1500 (femtonhundra) driftstimmar, beroende p\u00e5 vilket som kommer f\u00f6rst, f\u00f6ljande motordelar: cylinderblockgjutning, topplocksgjutning , vevaxeln, sv\u00e4nghjulsk\u00e5pans gjutning, kamaxel och kamaxeldrevens gjutning, samt st\u00f6tst\u00e4ngerna.<br \/>\n7.3. Garantin g\u00e4ller inte f\u00f6r l\u00e4tt yrkesm\u00e4ssig anv\u00e4ndning av motorn, om inte VETUS har godk\u00e4nt f\u00f6r s\u00e5dan anv\u00e4ndning under s\u00e4rskilda omst\u00e4ndigheter.<br \/>\n7.4. Om s\u00e5dant skriftligt godk\u00e4nnande ges av VETUS f\u00f6r l\u00e4tt kommersiell anv\u00e4ndning av produkten, kommer garantiperioden att vara 12 (tolv) m\u00e5nader eller h\u00f6gst 1000 (ett tusen) arbetstimmar, beroende p\u00e5 vilket som kommer f\u00f6rst.<\/p>\n<h6>Artikel 8<\/h6>\n<p>8.1. Den internationella garantitiden f\u00f6r elverk \u00e4r:<\/p>\n<ul>\n<li>24 (tjugofyra) m\u00e5nader eller maximalt 1500 (femtonhundra) driftstimmar beroende p\u00e5 vilket som kommer f\u00f6rst (g\u00e4ller 1500 rpm:s elverk).<\/li>\n<li>24 (tjugofyra) m\u00e5nader eller maximalt 1000 (ettusen) driftstimmar beroende p\u00e5 vilket som kommer f\u00f6rst (g\u00e4ller 3000 rpm:s elverk).<\/li>\n<\/ul>\n<p>8.2. In addition to this warranty period, VETUS guarantees during the subsequent 24 (twenty four) months, or an additional 1000 (one thousand) operating hours, depending on whichever comes first , the following engine parts: the cylinder block casting, the cylinder head casting, the crankshaft, the camshaft, the flywheel housing casting, the timing gear casting, the timing gears and the connecting rods<\/p>\n<h6>Artikel 9<\/h6>\n<p>9.1. Den internationella garantiperioden f\u00f6r motordelar och tillbeh\u00f6r \u00e4r 12 (tolv) m\u00e5nader fr\u00e5n fakturadatum. Delar som beh\u00f6vs f\u00f6r periodiskt underh\u00e5ll och delar som uts\u00e4tts f\u00f6r slitage ing\u00e5r ej.<\/p>\n<h6>Artikel 10<\/h6>\n<p>10.1. Synliga fel m\u00e5ste rapporteras skriftligen omedelbart eller inom fem dagar senast till VETUS-\u00e5terf\u00f6rs\u00e4ljaren, distribut\u00f6ren eller import\u00f6ren.<\/p>\n<p>10.2. Garantin blir ogiltig n\u00e4r:<\/p>\n<ul>\n<li>Produkten eller komponenten har anv\u00e4nts f\u00f6r en annan applikation \u00e4n vad som anges i specifikationen.<\/li>\n<li>Produkten eller delen \u00e4r felaktigt monterad eller installerad.<\/li>\n<li>Felet beror p\u00e5 normalt och f\u00f6rv\u00e4ntat slitage.<\/li>\n<li>Villkoren f\u00f6r drift, underh\u00e5ll och reparation inte har f\u00f6ljts.<\/li>\n<li>Villkoren f\u00f6r drift, underh\u00e5ll och reparation inte har f\u00f6ljts.<\/li>\n<li>Periodiskt underh\u00e5ll inte har utf\u00f6rts av en VETUS-auktoriserad \u00e5terf\u00f6rs\u00e4ljare.<\/li>\n<li>Konstruktionen eller justeringen av produkten har \u00e4ndrats utan VETUS godk\u00e4nnande.<\/li>\n<li>Produkten har anv\u00e4nts f\u00f6r ett annat \u00e4ndam\u00e5l \u00e4n vad den \u00e4r avsedd f\u00f6r.<\/li>\n<li>Icke-originaldelar har monterats.<\/li>\n<li>Felet har inte rapporterats skriftligen till \u00e5terf\u00f6rs\u00e4ljaren, O.E.M (Original Equipment Manufacturer), import\u00f6r eller VETUS inom 14 dagar efter det att felet noterats.<\/li>\n<\/ul>\n<p>10.3. Garantin omfattar inte:<\/p>\n<ul>\n<li>Fel som inte orsakas av material- eller konstruktionsfel.<\/li>\n<li>Fel som orsakas av: normalt slitage, inre eller yttre smuts, rost och f\u00e4rgskador, frysning, \u00f6verhettning, \u00f6verbelastning eller felaktig anv\u00e4ndning.<\/li>\n<li>Skador orsakad vid transport, distribution eller f\u00f6rvaring.<\/li>\n<li>Reparationer utf\u00f6rda av en icke auktoriserad servicepunkt.<\/li>\n<li>Material eller f\u00f6rfaranden som anv\u00e4nds p\u00e5 beg\u00e4ran av \u00e4garen men som normalt inte levereras.<\/li>\n<li>Delar som kan slitas, till exempel filter, packningar, spridare, sm\u00f6rjmedel, termostater, f\u00e4rg, slangar, kolborstar, gl\u00f6dstift, V-b\u00e4lten och impellrar till exempel.<\/li>\n<li>F\u00f6ljdkostnader f\u00f6r vinstdelning, transport, resor eller boende, tidsf\u00f6rlust, f\u00f6rlust av egendom, f\u00f6rlust av anv\u00e4ndning eller kostnader f\u00f6r att g\u00f6ra produkten tillg\u00e4nglig, krankostnader, hamn- eller lyftkostnader, skador p\u00e5 grund av personskada eller f\u00f6rlust av \u00e4godelar.<\/li>\n<\/ul>\n<h6>Artikel 11<\/h6>\n<p>11.1. En fordran p\u00e5 garantin kan endast g\u00f6ras om installationsformul\u00e4ret har slutf\u00f6rts fullt ut av \u00e5terf\u00f6rs\u00e4ljaren eller installat\u00f6ren och \u00e5terl\u00e4mnats till VETUS B.V. serviceavdelning inom 14 dagar efter att produkten har startats.<\/p>\n                                <\/div>\n                            \n                                                    <\/div>\n                    <\/div>\n                <\/div>\n            <\/div>\n        <\/div>\n    <\/section><\/section>","protected":false},"excerpt":{"rendered":"<p>As standard we give 3 years warranty on equipment and 5 years warranty on engines.<\/p>\n","protected":false},"author":31,"featured_media":16970,"parent":3575,"menu_order":105,"comment_status":"closed","ping_status":"closed","template":"tpl-basic.php","meta":{"_acf_changed":false,"footnotes":""},"class_list":["post-3393","page","type-page","status-publish","has-post-thumbnail","hentry"],"acf":{"introduction":"","person":false},"yoast_head":"<!-- This site is optimized with the Yoast SEO Premium plugin v27.4 (Yoast SEO v27.4) - https:\/\/yoast.com\/product\/yoast-seo-premium-wordpress\/ -->\n<title>VETUS Garantipolicy - VETUS<\/title>\n<meta name=\"robots\" content=\"index, follow, max-snippet:-1, max-image-preview:large, max-video-preview:-1\" \/>\n<link rel=\"canonical\" href=\"https:\/\/vetus.com\/sv\/service-och-support\/vetus-garantipolicy\/\" \/>\n<meta property=\"og:locale\" content=\"sv_SE\" \/>\n<meta property=\"og:type\" content=\"article\" \/>\n<meta property=\"og:title\" content=\"VETUS Garantipolicy\" \/>\n<meta property=\"og:description\" content=\"As standard we give 3 years warranty on equipment and 5 years warranty on engines.\" \/>\n<meta property=\"og:url\" content=\"https:\/\/vetus.com\/sv\/service-och-support\/vetus-garantipolicy\/\" \/>\n<meta property=\"og:site_name\" content=\"VETUS\" \/>\n<meta property=\"article:modified_time\" content=\"2021-07-22T06:08:19+00:00\" \/>\n<meta property=\"og:image\" content=\"https:\/\/vetus.com\/wp-content\/uploads\/3_5_jaargarantie_ServiceSupportPage_3x2-3.png\" \/>\n\t<meta property=\"og:image:width\" content=\"1200\" \/>\n\t<meta property=\"og:image:height\" content=\"800\" \/>\n\t<meta property=\"og:image:type\" content=\"image\/png\" \/>\n<meta name=\"twitter:card\" content=\"summary_large_image\" \/>\n<script type=\"application\/ld+json\" class=\"yoast-schema-graph\">{\"@context\":\"https:\\\/\\\/schema.org\",\"@graph\":[{\"@type\":\"WebPage\",\"@id\":\"https:\\\/\\\/vetus.com\\\/sv\\\/service-och-support\\\/vetus-garantipolicy\\\/\",\"url\":\"https:\\\/\\\/vetus.com\\\/sv\\\/service-och-support\\\/vetus-garantipolicy\\\/\",\"name\":\"VETUS Garantipolicy - VETUS\",\"isPartOf\":{\"@id\":\"https:\\\/\\\/vetus.com\\\/sv\\\/#website\"},\"primaryImageOfPage\":{\"@id\":\"https:\\\/\\\/vetus.com\\\/sv\\\/service-och-support\\\/vetus-garantipolicy\\\/#primaryimage\"},\"image\":{\"@id\":\"https:\\\/\\\/vetus.com\\\/sv\\\/service-och-support\\\/vetus-garantipolicy\\\/#primaryimage\"},\"thumbnailUrl\":\"https:\\\/\\\/vetus.com\\\/wp-content\\\/uploads\\\/3_5_jaargarantie_ServiceSupportPage_3x2-3.png\",\"datePublished\":\"2021-03-31T07:14:27+00:00\",\"dateModified\":\"2021-07-22T06:08:19+00:00\",\"breadcrumb\":{\"@id\":\"https:\\\/\\\/vetus.com\\\/sv\\\/service-och-support\\\/vetus-garantipolicy\\\/#breadcrumb\"},\"inLanguage\":\"sv-SE\",\"potentialAction\":[{\"@type\":\"ReadAction\",\"target\":[\"https:\\\/\\\/vetus.com\\\/sv\\\/service-och-support\\\/vetus-garantipolicy\\\/\"]}]},{\"@type\":\"ImageObject\",\"inLanguage\":\"sv-SE\",\"@id\":\"https:\\\/\\\/vetus.com\\\/sv\\\/service-och-support\\\/vetus-garantipolicy\\\/#primaryimage\",\"url\":\"https:\\\/\\\/vetus.com\\\/wp-content\\\/uploads\\\/3_5_jaargarantie_ServiceSupportPage_3x2-3.png\",\"contentUrl\":\"https:\\\/\\\/vetus.com\\\/wp-content\\\/uploads\\\/3_5_jaargarantie_ServiceSupportPage_3x2-3.png\",\"width\":1200,\"height\":800},{\"@type\":\"BreadcrumbList\",\"@id\":\"https:\\\/\\\/vetus.com\\\/sv\\\/service-och-support\\\/vetus-garantipolicy\\\/#breadcrumb\",\"itemListElement\":[{\"@type\":\"ListItem\",\"position\":1,\"name\":\"Home\",\"item\":\"https:\\\/\\\/vetus.com\\\/sv\\\/\"},{\"@type\":\"ListItem\",\"position\":2,\"name\":\"Service och support\",\"item\":\"https:\\\/\\\/vetus.com\\\/sv\\\/service-och-support\\\/\"},{\"@type\":\"ListItem\",\"position\":3,\"name\":\"VETUS Garantipolicy\"}]},{\"@type\":\"WebSite\",\"@id\":\"https:\\\/\\\/vetus.com\\\/sv\\\/#website\",\"url\":\"https:\\\/\\\/vetus.com\\\/sv\\\/\",\"name\":\"VETUS\",\"description\":\"\",\"potentialAction\":[{\"@type\":\"SearchAction\",\"target\":{\"@type\":\"EntryPoint\",\"urlTemplate\":\"https:\\\/\\\/vetus.com\\\/sv\\\/?s={search_term_string}\"},\"query-input\":{\"@type\":\"PropertyValueSpecification\",\"valueRequired\":true,\"valueName\":\"search_term_string\"}}],\"inLanguage\":\"sv-SE\"}]}<\/script>\n<!-- \/ Yoast SEO Premium plugin. -->","yoast_head_json":{"title":"VETUS Garantipolicy - VETUS","robots":{"index":"index","follow":"follow","max-snippet":"max-snippet:-1","max-image-preview":"max-image-preview:large","max-video-preview":"max-video-preview:-1"},"canonical":"https:\/\/vetus.com\/sv\/service-och-support\/vetus-garantipolicy\/","og_locale":"sv_SE","og_type":"article","og_title":"VETUS Garantipolicy","og_description":"As standard we give 3 years warranty on equipment and 5 years warranty on engines.","og_url":"https:\/\/vetus.com\/sv\/service-och-support\/vetus-garantipolicy\/","og_site_name":"VETUS","article_modified_time":"2021-07-22T06:08:19+00:00","og_image":[{"width":1200,"height":800,"url":"https:\/\/vetus.com\/wp-content\/uploads\/3_5_jaargarantie_ServiceSupportPage_3x2-3.png","type":"image\/png"}],"twitter_card":"summary_large_image","schema":{"@context":"https:\/\/schema.org","@graph":[{"@type":"WebPage","@id":"https:\/\/vetus.com\/sv\/service-och-support\/vetus-garantipolicy\/","url":"https:\/\/vetus.com\/sv\/service-och-support\/vetus-garantipolicy\/","name":"VETUS Garantipolicy - VETUS","isPartOf":{"@id":"https:\/\/vetus.com\/sv\/#website"},"primaryImageOfPage":{"@id":"https:\/\/vetus.com\/sv\/service-och-support\/vetus-garantipolicy\/#primaryimage"},"image":{"@id":"https:\/\/vetus.com\/sv\/service-och-support\/vetus-garantipolicy\/#primaryimage"},"thumbnailUrl":"https:\/\/vetus.com\/wp-content\/uploads\/3_5_jaargarantie_ServiceSupportPage_3x2-3.png","datePublished":"2021-03-31T07:14:27+00:00","dateModified":"2021-07-22T06:08:19+00:00","breadcrumb":{"@id":"https:\/\/vetus.com\/sv\/service-och-support\/vetus-garantipolicy\/#breadcrumb"},"inLanguage":"sv-SE","potentialAction":[{"@type":"ReadAction","target":["https:\/\/vetus.com\/sv\/service-och-support\/vetus-garantipolicy\/"]}]},{"@type":"ImageObject","inLanguage":"sv-SE","@id":"https:\/\/vetus.com\/sv\/service-och-support\/vetus-garantipolicy\/#primaryimage","url":"https:\/\/vetus.com\/wp-content\/uploads\/3_5_jaargarantie_ServiceSupportPage_3x2-3.png","contentUrl":"https:\/\/vetus.com\/wp-content\/uploads\/3_5_jaargarantie_ServiceSupportPage_3x2-3.png","width":1200,"height":800},{"@type":"BreadcrumbList","@id":"https:\/\/vetus.com\/sv\/service-och-support\/vetus-garantipolicy\/#breadcrumb","itemListElement":[{"@type":"ListItem","position":1,"name":"Home","item":"https:\/\/vetus.com\/sv\/"},{"@type":"ListItem","position":2,"name":"Service och support","item":"https:\/\/vetus.com\/sv\/service-och-support\/"},{"@type":"ListItem","position":3,"name":"VETUS Garantipolicy"}]},{"@type":"WebSite","@id":"https:\/\/vetus.com\/sv\/#website","url":"https:\/\/vetus.com\/sv\/","name":"VETUS","description":"","potentialAction":[{"@type":"SearchAction","target":{"@type":"EntryPoint","urlTemplate":"https:\/\/vetus.com\/sv\/?s={search_term_string}"},"query-input":{"@type":"PropertyValueSpecification","valueRequired":true,"valueName":"search_term_string"}}],"inLanguage":"sv-SE"}]}},"_links":{"self":[{"href":"https:\/\/vetus.com\/sv\/wp-json\/wp\/v2\/pages\/3393","targetHints":{"allow":["GET"]}}],"collection":[{"href":"https:\/\/vetus.com\/sv\/wp-json\/wp\/v2\/pages"}],"about":[{"href":"https:\/\/vetus.com\/sv\/wp-json\/wp\/v2\/types\/page"}],"author":[{"embeddable":true,"href":"https:\/\/vetus.com\/sv\/wp-json\/wp\/v2\/users\/31"}],"replies":[{"embeddable":true,"href":"https:\/\/vetus.com\/sv\/wp-json\/wp\/v2\/comments?post=3393"}],"version-history":[{"count":0,"href":"https:\/\/vetus.com\/sv\/wp-json\/wp\/v2\/pages\/3393\/revisions"}],"up":[{"embeddable":true,"href":"https:\/\/vetus.com\/sv\/wp-json\/wp\/v2\/pages\/3575"}],"wp:featuredmedia":[{"embeddable":true,"href":"https:\/\/vetus.com\/sv\/wp-json\/wp\/v2\/media\/16970"}],"wp:attachment":[{"href":"https:\/\/vetus.com\/sv\/wp-json\/wp\/v2\/media?parent=3393"}],"curies":[{"name":"wp","href":"https:\/\/api.w.org\/{rel}","templated":true}]}}