{"id":3247,"date":"2021-04-07T12:32:24","date_gmt":"2021-04-07T10:32:24","guid":{"rendered":"https:\/\/vetus.inlinedigital.nl\/cms\/contact-service\/"},"modified":"2022-11-29T10:25:36","modified_gmt":"2022-11-29T08:25:36","slug":"vetus-grenar","status":"publish","type":"page","link":"https:\/\/vetus.com\/sv\/service-och-support\/vetus-grenar\/","title":{"rendered":"VETUS Grenar"},"content":{"rendered":"<section class=\"section \" id=\"contact-service-block_bb5c692bb1616b0490625d47cee25da2\">\n    <div class=\"container\">\n        <div class=\"row\">\n            <div class=\"col-lg-3 mb-6 mb-lg-0\">\n                <aside class=\"sidebar-block\">\n\n                    <div class=\"sidebar-block__header d-none\">\n                        <hr>\n\n                        <h5 class=\"sidebar-block__title\">\n                            VETUS Grenar                        <\/h5>\n                    <\/div>\n\n                    <div class=\"sidebar-block__body\">\n                                                    <nav class=\"side-nav side-nav--faq\" role=\"navigation\" aria-label=\"\">\n                                <ul class=\"list-group list-group-flush side-nav__list side-nav__list--styled text-sm\">\n                                                                            <li class=\"list-group-item side-nav__item side-nav__item--styled is-active\">\n                                            <a href=\"https:\/\/vetus.com\/sv\/service-och-support\/vetus-grenar\/\" class=\"side-nav__link side-nav__link--styled\" target=\"\">\n                                                Allm\u00e4nt                                                <i class=\"icon icon-keyboard_arrow_right d-block d-lg-none ml-auto pl-5\"><\/i>\n                                            <\/a>\n                                        <\/li>\n                                    \n                                                                            <li class=\"list-group-item side-nav__item side-nav__item--styled \">\n                                            <a href=\"https:\/\/vetus.com\/sv\/service-och-support\/kontaktservice\/taiwan\/\" class=\"side-nav__link side-nav__link--styled\">\n                                                Asien                                                <i class=\"icon icon-keyboard_arrow_right d-block d-lg-none ml-auto pl-5\"><\/i>\n                                            <\/a>\n                                        <\/li>\n                                                                            <li class=\"list-group-item side-nav__item side-nav__item--styled \">\n                                            <a href=\"https:\/\/vetus.com\/sv\/service-och-support\/kontaktservice\/australien\/\" class=\"side-nav__link side-nav__link--styled\">\n                                                Australien                                                <i class=\"icon icon-keyboard_arrow_right d-block d-lg-none ml-auto pl-5\"><\/i>\n                                            <\/a>\n                                        <\/li>\n                                                                            <li class=\"list-group-item side-nav__item side-nav__item--styled \">\n                                            <a href=\"https:\/\/vetus.com\/sv\/service-och-support\/kontaktservice\/belgien\/\" class=\"side-nav__link side-nav__link--styled\">\n                                                Belgien                                                <i class=\"icon icon-keyboard_arrow_right d-block d-lg-none ml-auto pl-5\"><\/i>\n                                            <\/a>\n                                        <\/li>\n                                                                            <li class=\"list-group-item side-nav__item side-nav__item--styled \">\n                                            <a href=\"https:\/\/vetus.com\/sv\/service-och-support\/kontaktservice\/danmark\/\" class=\"side-nav__link side-nav__link--styled\">\n                                                Danmark                                                <i class=\"icon icon-keyboard_arrow_right d-block d-lg-none ml-auto pl-5\"><\/i>\n                                            <\/a>\n                                        <\/li>\n                                                                            <li class=\"list-group-item side-nav__item side-nav__item--styled \">\n                                            <a href=\"https:\/\/vetus.com\/sv\/service-och-support\/kontaktservice\/finland\/\" class=\"side-nav__link side-nav__link--styled\">\n                                                Finland                                                <i class=\"icon icon-keyboard_arrow_right d-block d-lg-none ml-auto pl-5\"><\/i>\n                                            <\/a>\n                                        <\/li>\n                                                                            <li class=\"list-group-item side-nav__item side-nav__item--styled \">\n                                            <a href=\"https:\/\/vetus.com\/sv\/service-och-support\/kontaktservice\/frankrike\/\" class=\"side-nav__link side-nav__link--styled\">\n                                                Frankrike                                                <i class=\"icon icon-keyboard_arrow_right d-block d-lg-none ml-auto pl-5\"><\/i>\n                                            <\/a>\n                                        <\/li>\n                                                                            <li class=\"list-group-item side-nav__item side-nav__item--styled \">\n                                            <a href=\"https:\/\/vetus.com\/sv\/service-och-support\/kontaktservice\/forenta-staterna\/\" class=\"side-nav__link side-nav__link--styled\">\n                                                F\u00f6renta staterna                                                <i class=\"icon icon-keyboard_arrow_right d-block d-lg-none ml-auto pl-5\"><\/i>\n                                            <\/a>\n                                        <\/li>\n                                                                            <li class=\"list-group-item side-nav__item side-nav__item--styled \">\n                                            <a href=\"https:\/\/vetus.com\/sv\/service-och-support\/kontaktservice\/indien\/\" class=\"side-nav__link side-nav__link--styled\">\n                                                Indien                                                <i class=\"icon icon-keyboard_arrow_right d-block d-lg-none ml-auto pl-5\"><\/i>\n                                            <\/a>\n                                        <\/li>\n                                                                            <li class=\"list-group-item side-nav__item side-nav__item--styled \">\n                                            <a href=\"https:\/\/vetus.com\/sv\/service-och-support\/kontaktservice\/italien\/\" class=\"side-nav__link side-nav__link--styled\">\n                                                Italien                                                <i class=\"icon icon-keyboard_arrow_right d-block d-lg-none ml-auto pl-5\"><\/i>\n                                            <\/a>\n                                        <\/li>\n                                                                            <li class=\"list-group-item side-nav__item side-nav__item--styled \">\n                                            <a href=\"https:\/\/vetus.com\/sv\/service-och-support\/kontaktservice\/nederlanderna\/\" class=\"side-nav__link side-nav__link--styled\">\n                                                Nederl\u00e4nderna                                                <i class=\"icon icon-keyboard_arrow_right d-block d-lg-none ml-auto pl-5\"><\/i>\n                                            <\/a>\n                                        <\/li>\n                                                                            <li class=\"list-group-item side-nav__item side-nav__item--styled \">\n                                            <a href=\"https:\/\/vetus.com\/sv\/service-och-support\/kontaktservice\/nya-zeeland\/\" class=\"side-nav__link side-nav__link--styled\">\n                                                Nya Zeeland                                                <i class=\"icon icon-keyboard_arrow_right d-block d-lg-none ml-auto pl-5\"><\/i>\n                                            <\/a>\n                                        <\/li>\n                                                                            <li class=\"list-group-item side-nav__item side-nav__item--styled \">\n                                            <a href=\"https:\/\/vetus.com\/sv\/service-och-support\/kontaktservice\/polen\/\" class=\"side-nav__link side-nav__link--styled\">\n                                                Polen                                                <i class=\"icon icon-keyboard_arrow_right d-block d-lg-none ml-auto pl-5\"><\/i>\n                                            <\/a>\n                                        <\/li>\n                                                                            <li class=\"list-group-item side-nav__item side-nav__item--styled \">\n                                            <a href=\"https:\/\/vetus.com\/sv\/service-och-support\/kontaktservice\/portugal\/\" class=\"side-nav__link side-nav__link--styled\">\n                                                Portugal                                                <i class=\"icon icon-keyboard_arrow_right d-block d-lg-none ml-auto pl-5\"><\/i>\n                                            <\/a>\n                                        <\/li>\n                                                                            <li class=\"list-group-item side-nav__item side-nav__item--styled \">\n                                            <a href=\"https:\/\/vetus.com\/sv\/service-och-support\/kontaktservice\/ryssland\/\" class=\"side-nav__link side-nav__link--styled\">\n                                                Ryssland                                                <i class=\"icon icon-keyboard_arrow_right d-block d-lg-none ml-auto pl-5\"><\/i>\n                                            <\/a>\n                                        <\/li>\n                                                                            <li class=\"list-group-item side-nav__item side-nav__item--styled \">\n                                            <a href=\"https:\/\/vetus.com\/sv\/service-och-support\/kontaktservice\/spanien\/\" class=\"side-nav__link side-nav__link--styled\">\n                                                Spanien                                                <i class=\"icon icon-keyboard_arrow_right d-block d-lg-none ml-auto pl-5\"><\/i>\n                                            <\/a>\n                                        <\/li>\n                                                                            <li class=\"list-group-item side-nav__item side-nav__item--styled \">\n                                            <a href=\"https:\/\/vetus.com\/sv\/service-och-support\/kontaktservice\/storbritannien\/\" class=\"side-nav__link side-nav__link--styled\">\n                                                Storbritannien                                                <i class=\"icon icon-keyboard_arrow_right d-block d-lg-none ml-auto pl-5\"><\/i>\n                                            <\/a>\n                                        <\/li>\n                                                                            <li class=\"list-group-item side-nav__item side-nav__item--styled \">\n                                            <a href=\"https:\/\/vetus.com\/sv\/service-och-support\/kontaktservice\/sverige\/\" class=\"side-nav__link side-nav__link--styled\">\n                                                Sverige                                                <i class=\"icon icon-keyboard_arrow_right d-block d-lg-none ml-auto pl-5\"><\/i>\n                                            <\/a>\n                                        <\/li>\n                                                                            <li class=\"list-group-item side-nav__item side-nav__item--styled \">\n                                            <a href=\"https:\/\/vetus.com\/sv\/service-och-support\/kontaktservice\/south-africa\/\" class=\"side-nav__link side-nav__link--styled\">\n                                                Sydafrika                                                <i class=\"icon icon-keyboard_arrow_right d-block d-lg-none ml-auto pl-5\"><\/i>\n                                            <\/a>\n                                        <\/li>\n                                                                            <li class=\"list-group-item side-nav__item side-nav__item--styled \">\n                                            <a href=\"https:\/\/vetus.com\/sv\/service-och-support\/kontaktservice\/tyskland\/\" class=\"side-nav__link side-nav__link--styled\">\n                                                Tyskland                                                <i class=\"icon icon-keyboard_arrow_right d-block d-lg-none ml-auto pl-5\"><\/i>\n                                            <\/a>\n                                        <\/li>\n                                                                    <\/ul>\n                            <\/nav>\n\n                        \n                    <\/div>\n                <\/aside>\n            <\/div>\n\n            <div class=\"col-lg-9\">\n                                    <div class=\"p-5 mb-6 text-white bg-primary\">\n                        <p>Styrkan hos VETUS ligger i den kunskap som v\u00e5rt v\u00e4rldsomsp\u00e4nnande n\u00e4tverk, ett n\u00e4tverk best\u00e5ende av hundratals f\u00f6rs\u00e4ljningsst\u00e4llen med en aldrig tidigare sk\u00e5dad kombinerad (njutnings) b\u00e5tupplevelse. Det \u00e4r d\u00e4rf\u00f6r mycket viktigt att du kontaktar ditt ursprungliga ink\u00f6psst\u00e4lle om du har n\u00e5gra fr\u00e5gor eller funderingar. P\u00e5 detta s\u00e4tt vet vi bakgrunden till ink\u00f6pet och installationen, och de vet ocks\u00e5 hur man snabbt hittar v\u00e4gen till r\u00e4tt person inom v\u00e5rt team p\u00e5 huvudkontoret i Schiedam, om det beh\u00f6vs.<\/p>\n<p>Vill du dela med dig av din erfarenhet eller \u00e4r du ov\u00e4ntat inte n\u00f6jd med hur vi har hj\u00e4lpt dig, det kommer s\u00e4kert att f\u00f6rb\u00e4ttra v\u00e5r organisation om du delar med dig av den erfarenheten med oss direkt via formul\u00e4ret nedan.<\/p>\n                                                    <a href=\"https:\/\/vetus.com\/sv\/service-och-support\/kontaktformular\/\" class=\"btn btn-secondary\" title=\"Kontaktformul\u00e4r\" target=\"\">\n                                <span>\n                                    Kontaktformul\u00e4r                                <\/span>\n                            <\/a>\n                                            <\/div>\n                \n                                        <div class=\"box box--contact\">\n                            <div class=\"box__body d-flex flex-column flex-md-row-reverse\">\n                                <div class=\"box__media media\">\n                                                                    <\/div>\n\n                                <div class=\"box__content box__content--contact\">\n                                                                            <h3>\n                                            VETUS Sweden                                        <\/h3>\n                                                                            <div class=\"box__actions actions\">\n                                            <div class=\"btn-group d-flex flex-wrap flex-grow-1 flex-column align-items-start\">\n                                                                                                    <a href=\"tel: +46 854444270\" class=\"btn btn-empty btn-empty-reverse\" title=\" +46 854444270\" target=\"_blank\" rel=\"oopener noreferrer\">\n                                                        <i class=\"icon icon-local_phone\"><\/i>\n                                                        <span>\n                                                             +46 854444270                                                        <\/span>\n                                                    <\/a>\n                                                                                                    <a href=\"mailto:info@vetus.se\" class=\"btn btn-empty btn-empty-reverse\" target=\"_blank\" rel=\"oopener noreferrer\">\n                                                        <i class=\"icon icon-mail_outline\"><\/i>\n                                                        <span>\n                                                            info@vetus.se                                                        <\/span>\n                                                    <\/a>\n                                                                                            <\/div>\n                                        <\/div>\n                                                                            <div class=\"box__address\">\n                                            <div class=\"mb-2\">\n                                                <strong>\n                                                                                                        Address\n                                                <\/strong>\n                                            <\/div>\n\n                                            <address class=\"text-sm\">\n                                                VETUS AB<br \/>\r\nHornakersvagen 12<br \/>\r\n183 22 Taby<br \/>\r\nSweden                                                                                            <\/address>\n\n                                        <\/div>\n                                                                            <div class=\"box__opening-hours\">\n                                                                                            <div class=\"mb-2\">\n                                                    <strong>\n                                                        \u00d6ppettider (CEST)                                                    <\/strong>\n                                                <\/div>\n                                            <table style=\"min-width: 75%;\">\n<tbody>\n<tr>\n<td>M\u00e5ndag<\/td>\n<td>08:30 &#8211; 17:00<\/td>\n<\/tr>\n<tr>\n<td>Tisdag<\/td>\n<td>08:30 &#8211; 17:00<\/td>\n<\/tr>\n<tr>\n<td>Onsdag<\/td>\n<td>08:30 &#8211; 17:00<\/td>\n<\/tr>\n<tr>\n<td>Torsdag<\/td>\n<td>08:30 &#8211; 17:00<\/td>\n<\/tr>\n<tr>\n<td>Fredag<\/td>\n<td>08:30 &#8211; 17.00<\/td>\n<\/tr>\n<tr>\n<td>L\u00f6rdag<\/td>\n<td>st\u00e4ngt<\/td>\n<\/tr>\n<tr>\n<td>S\u00f6ndag<\/td>\n<td>st\u00e4ngt<\/td>\n<\/tr>\n<\/tbody>\n<\/table>\n\n                                            <div class=\"text-sm mb-2 d-none\">\n                                                Current time (CEST): 14:52\n                                            <\/div>\n                                        <\/div>\n                                    \n\n\n\n                                <\/div>\n                            <\/div>\n                        <\/div>\n                            <\/div>\n        <\/div>\n    <\/div>\n<\/section>\n","protected":false},"excerpt":{"rendered":"<p>Kontakta ditt ursprungliga ink\u00f6psst\u00e4lle om du har n\u00e5gra fr\u00e5gor, serviceproblem eller bekymmer.<\/p>\n","protected":false},"author":31,"featured_media":3248,"parent":3575,"menu_order":98,"comment_status":"closed","ping_status":"closed","template":"tpl-basic.php","meta":{"_acf_changed":false,"footnotes":""},"class_list":["post-3247","page","type-page","status-publish","has-post-thumbnail","hentry"],"acf":{"introduction":"","person":false},"yoast_head":"<!-- This site is optimized with the Yoast SEO Premium plugin v27.3 (Yoast SEO v27.3) - https:\/\/yoast.com\/product\/yoast-seo-premium-wordpress\/ -->\n<title>VETUS Grenar - VETUS<\/title>\n<meta name=\"robots\" content=\"index, follow, max-snippet:-1, max-image-preview:large, max-video-preview:-1\" \/>\n<link rel=\"canonical\" href=\"https:\/\/vetus.com\/sv\/service-och-support\/vetus-grenar\/\" \/>\n<meta property=\"og:locale\" content=\"sv_SE\" \/>\n<meta property=\"og:type\" content=\"article\" \/>\n<meta property=\"og:title\" content=\"VETUS Grenar\" \/>\n<meta property=\"og:description\" content=\"Kontakta ditt ursprungliga ink\u00f6psst\u00e4lle om du har n\u00e5gra fr\u00e5gor, serviceproblem eller bekymmer.\" \/>\n<meta property=\"og:url\" content=\"https:\/\/vetus.com\/sv\/service-och-support\/vetus-grenar\/\" \/>\n<meta property=\"og:site_name\" content=\"VETUS\" \/>\n<meta property=\"article:modified_time\" content=\"2022-11-29T08:25:36+00:00\" \/>\n<meta property=\"og:image\" content=\"https:\/\/vetus.com\/wp-content\/uploads\/featured-contact-service.png\" \/>\n\t<meta property=\"og:image:width\" content=\"1200\" \/>\n\t<meta property=\"og:image:height\" content=\"800\" \/>\n\t<meta property=\"og:image:type\" content=\"image\/png\" \/>\n<meta name=\"twitter:card\" content=\"summary_large_image\" \/>\n<script type=\"application\/ld+json\" class=\"yoast-schema-graph\">{\"@context\":\"https:\\\/\\\/schema.org\",\"@graph\":[{\"@type\":\"WebPage\",\"@id\":\"https:\\\/\\\/vetus.com\\\/sv\\\/service-och-support\\\/vetus-grenar\\\/\",\"url\":\"https:\\\/\\\/vetus.com\\\/sv\\\/service-och-support\\\/vetus-grenar\\\/\",\"name\":\"VETUS Grenar - VETUS\",\"isPartOf\":{\"@id\":\"https:\\\/\\\/vetus.com\\\/sv\\\/#website\"},\"primaryImageOfPage\":{\"@id\":\"https:\\\/\\\/vetus.com\\\/sv\\\/service-och-support\\\/vetus-grenar\\\/#primaryimage\"},\"image\":{\"@id\":\"https:\\\/\\\/vetus.com\\\/sv\\\/service-och-support\\\/vetus-grenar\\\/#primaryimage\"},\"thumbnailUrl\":\"https:\\\/\\\/vetus.com\\\/wp-content\\\/uploads\\\/featured-contact-service.png\",\"datePublished\":\"2021-04-07T10:32:24+00:00\",\"dateModified\":\"2022-11-29T08:25:36+00:00\",\"breadcrumb\":{\"@id\":\"https:\\\/\\\/vetus.com\\\/sv\\\/service-och-support\\\/vetus-grenar\\\/#breadcrumb\"},\"inLanguage\":\"sv-SE\",\"potentialAction\":[{\"@type\":\"ReadAction\",\"target\":[\"https:\\\/\\\/vetus.com\\\/sv\\\/service-och-support\\\/vetus-grenar\\\/\"]}]},{\"@type\":\"ImageObject\",\"inLanguage\":\"sv-SE\",\"@id\":\"https:\\\/\\\/vetus.com\\\/sv\\\/service-och-support\\\/vetus-grenar\\\/#primaryimage\",\"url\":\"https:\\\/\\\/vetus.com\\\/wp-content\\\/uploads\\\/featured-contact-service.png\",\"contentUrl\":\"https:\\\/\\\/vetus.com\\\/wp-content\\\/uploads\\\/featured-contact-service.png\",\"width\":1200,\"height\":800},{\"@type\":\"BreadcrumbList\",\"@id\":\"https:\\\/\\\/vetus.com\\\/sv\\\/service-och-support\\\/vetus-grenar\\\/#breadcrumb\",\"itemListElement\":[{\"@type\":\"ListItem\",\"position\":1,\"name\":\"Home\",\"item\":\"https:\\\/\\\/vetus.com\\\/sv\\\/\"},{\"@type\":\"ListItem\",\"position\":2,\"name\":\"Service och support\",\"item\":\"https:\\\/\\\/vetus.com\\\/sv\\\/service-och-support\\\/\"},{\"@type\":\"ListItem\",\"position\":3,\"name\":\"VETUS Grenar\"}]},{\"@type\":\"WebSite\",\"@id\":\"https:\\\/\\\/vetus.com\\\/sv\\\/#website\",\"url\":\"https:\\\/\\\/vetus.com\\\/sv\\\/\",\"name\":\"VETUS\",\"description\":\"\",\"potentialAction\":[{\"@type\":\"SearchAction\",\"target\":{\"@type\":\"EntryPoint\",\"urlTemplate\":\"https:\\\/\\\/vetus.com\\\/sv\\\/?s={search_term_string}\"},\"query-input\":{\"@type\":\"PropertyValueSpecification\",\"valueRequired\":true,\"valueName\":\"search_term_string\"}}],\"inLanguage\":\"sv-SE\"}]}<\/script>\n<!-- \/ Yoast SEO Premium plugin. -->","yoast_head_json":{"title":"VETUS Grenar - VETUS","robots":{"index":"index","follow":"follow","max-snippet":"max-snippet:-1","max-image-preview":"max-image-preview:large","max-video-preview":"max-video-preview:-1"},"canonical":"https:\/\/vetus.com\/sv\/service-och-support\/vetus-grenar\/","og_locale":"sv_SE","og_type":"article","og_title":"VETUS Grenar","og_description":"Kontakta ditt ursprungliga ink\u00f6psst\u00e4lle om du har n\u00e5gra fr\u00e5gor, serviceproblem eller bekymmer.","og_url":"https:\/\/vetus.com\/sv\/service-och-support\/vetus-grenar\/","og_site_name":"VETUS","article_modified_time":"2022-11-29T08:25:36+00:00","og_image":[{"width":1200,"height":800,"url":"https:\/\/vetus.com\/wp-content\/uploads\/featured-contact-service.png","type":"image\/png"}],"twitter_card":"summary_large_image","schema":{"@context":"https:\/\/schema.org","@graph":[{"@type":"WebPage","@id":"https:\/\/vetus.com\/sv\/service-och-support\/vetus-grenar\/","url":"https:\/\/vetus.com\/sv\/service-och-support\/vetus-grenar\/","name":"VETUS Grenar - VETUS","isPartOf":{"@id":"https:\/\/vetus.com\/sv\/#website"},"primaryImageOfPage":{"@id":"https:\/\/vetus.com\/sv\/service-och-support\/vetus-grenar\/#primaryimage"},"image":{"@id":"https:\/\/vetus.com\/sv\/service-och-support\/vetus-grenar\/#primaryimage"},"thumbnailUrl":"https:\/\/vetus.com\/wp-content\/uploads\/featured-contact-service.png","datePublished":"2021-04-07T10:32:24+00:00","dateModified":"2022-11-29T08:25:36+00:00","breadcrumb":{"@id":"https:\/\/vetus.com\/sv\/service-och-support\/vetus-grenar\/#breadcrumb"},"inLanguage":"sv-SE","potentialAction":[{"@type":"ReadAction","target":["https:\/\/vetus.com\/sv\/service-och-support\/vetus-grenar\/"]}]},{"@type":"ImageObject","inLanguage":"sv-SE","@id":"https:\/\/vetus.com\/sv\/service-och-support\/vetus-grenar\/#primaryimage","url":"https:\/\/vetus.com\/wp-content\/uploads\/featured-contact-service.png","contentUrl":"https:\/\/vetus.com\/wp-content\/uploads\/featured-contact-service.png","width":1200,"height":800},{"@type":"BreadcrumbList","@id":"https:\/\/vetus.com\/sv\/service-och-support\/vetus-grenar\/#breadcrumb","itemListElement":[{"@type":"ListItem","position":1,"name":"Home","item":"https:\/\/vetus.com\/sv\/"},{"@type":"ListItem","position":2,"name":"Service och support","item":"https:\/\/vetus.com\/sv\/service-och-support\/"},{"@type":"ListItem","position":3,"name":"VETUS Grenar"}]},{"@type":"WebSite","@id":"https:\/\/vetus.com\/sv\/#website","url":"https:\/\/vetus.com\/sv\/","name":"VETUS","description":"","potentialAction":[{"@type":"SearchAction","target":{"@type":"EntryPoint","urlTemplate":"https:\/\/vetus.com\/sv\/?s={search_term_string}"},"query-input":{"@type":"PropertyValueSpecification","valueRequired":true,"valueName":"search_term_string"}}],"inLanguage":"sv-SE"}]}},"_links":{"self":[{"href":"https:\/\/vetus.com\/sv\/wp-json\/wp\/v2\/pages\/3247","targetHints":{"allow":["GET"]}}],"collection":[{"href":"https:\/\/vetus.com\/sv\/wp-json\/wp\/v2\/pages"}],"about":[{"href":"https:\/\/vetus.com\/sv\/wp-json\/wp\/v2\/types\/page"}],"author":[{"embeddable":true,"href":"https:\/\/vetus.com\/sv\/wp-json\/wp\/v2\/users\/31"}],"replies":[{"embeddable":true,"href":"https:\/\/vetus.com\/sv\/wp-json\/wp\/v2\/comments?post=3247"}],"version-history":[{"count":0,"href":"https:\/\/vetus.com\/sv\/wp-json\/wp\/v2\/pages\/3247\/revisions"}],"up":[{"embeddable":true,"href":"https:\/\/vetus.com\/sv\/wp-json\/wp\/v2\/pages\/3575"}],"wp:featuredmedia":[{"embeddable":true,"href":"https:\/\/vetus.com\/sv\/wp-json\/wp\/v2\/media\/3248"}],"wp:attachment":[{"href":"https:\/\/vetus.com\/sv\/wp-json\/wp\/v2\/media?parent=3247"}],"curies":[{"name":"wp","href":"https:\/\/api.w.org\/{rel}","templated":true}]}}