{"id":26926,"date":"2021-08-03T14:31:20","date_gmt":"2021-08-03T12:31:20","guid":{"rendered":"https:\/\/vetus.com\/?page_id=26926"},"modified":"2025-12-01T11:28:52","modified_gmt":"2025-12-01T09:28:52","slug":"uttalande-om-skattepolitiken-i-storbritannien","status":"publish","type":"page","link":"https:\/\/vetus.com\/sv\/uttalande-om-skattepolitiken-i-storbritannien\/","title":{"rendered":"Uttalande om skattepolitiken i Storbritannien"},"content":{"rendered":"\n<section class=\"section  \">\n    \n\n<section id=\"section-text-block-block_e2aeb3d22534bbb54138169b9abd72e8\" class=\"section text-block \">\n                    <div class=\"section section__body\">\n            <div class=\"text-block\">\n                <div class=\"container\">\n                    <div class=\"row\">\n                        <div class=\"col-lg-8 offset-lg-2\">\n                                                            <div class=\"section__content single__content hentry\">\n                                    <p>Denna brittiska skattestrategi g\u00e4ller Vetus Limited som \u00e4r en brittisk medlem av Yanmar-koncernen (&#8221;Yanmar&#8221;). Dess offentligg\u00f6rande anses vara f\u00f6renligt med del 2 i schema 19 i 2016 \u00e5rs finanslag f\u00f6r den period som slutar den 31 mars 2026.<\/p>\n<p>Med b\u00f6rjan 1912 \u00e4r Yanmar en koncern med huvudkontor i Japan som 1933 var f\u00f6rst med att lyckas tillverka en kompakt dieselmotor av praktisk storlek. Med industriella dieselmotorer som f\u00f6retagets h\u00f6rnsten har Yanmar fortsatt att ut\u00f6ka sitt produktsortiment, sina tj\u00e4nster och sin expertis f\u00f6r att leverera helhetsl\u00f6sningar som tillverkare av industriell utrustning. Som leverant\u00f6r av sm\u00e5 och stora motorer, jordbruksmaskiner och anl\u00e4ggningar, byggutrustning, energisystem, marin utrustning, verktygsmaskiner och komponenter &#8211; Yanmars globala aff\u00e4rsverksamhet sp\u00e4nner \u00f6ver sju omr\u00e5den.<\/p>\n<p><strong>Strategi f\u00f6r efterlevnad<\/strong><\/p>\n<p>Yanmars globala uppf\u00f6randekod betonar vikten av att uppr\u00e4tth\u00e5lla intressenternas f\u00f6rtroende genom att uppfylla socialt ansvar och f\u00f6lja alla till\u00e4mpliga lagar och f\u00f6rordningar. Detta ligger till grund f\u00f6r v\u00e5r inst\u00e4llning till brittisk beskattning som \u00e4r inriktad p\u00e5 att uppfylla v\u00e5ra skyldigheter.<\/p>\n<p><strong>Skattef\u00f6rvaltning och riskhantering<\/strong><\/p>\n<p>Rutinm\u00e4ssig aktivitet f\u00f6r efterlevnad av skattelagstiftningen hanteras lokalt. De aspekter av v\u00e5r skattehantering som kr\u00e4ver mer samordning (t.ex. utveckling och uppr\u00e4tth\u00e5llande av v\u00e5r policy f\u00f6r internpriss\u00e4ttning i enlighet med OECD:s principer) \u00f6vervakas dock p\u00e5 koncernniv\u00e5.<\/p>\n<p>Skatt hanteras i enlighet med v\u00e5r l\u00e5ga riskben\u00e4genhet och vi hanterar skatterisken genom att se till att verksamheten f\u00f6r efterlevnad av skattereglerna i Storbritannien har tillr\u00e4ckliga resurser. Detta inneb\u00e4r att den personal som \u00e4r involverad i skatteuppf\u00f6ljning i Storbritannien har l\u00e4mplig utbildning och kompetens, och n\u00e4r s\u00e5dan verksamhet l\u00e4ggs ut p\u00e5 entreprenad anlitar vi endast v\u00e4lrenommerade r\u00e5dgivare. Vi samr\u00e5der ocks\u00e5 med r\u00e5dgivare f\u00f6r att se till att vi \u00e4r uppdaterade om f\u00f6r\u00e4ndringar i skattelagstiftningen och kan identifiera och hantera eventuella risker i samband med detta.<\/p>\n<p>V\u00e5r brittiska skattestrategi godk\u00e4nns av Taxation group, Accounting &amp; Administration Division of Yanmar Global Expert Co., Ltd. i Japan och godk\u00e4nns och genomf\u00f6rs av styrelserna i de brittiska dotterbolagen.<\/p>\n<p><strong>Planering<\/strong><\/p>\n<p>P\u00e5 land, till sj\u00f6ss och i staden \u00e4r Yanmars uppdrag att &#8221;tillhandah\u00e5lla h\u00e5llbara l\u00f6sningar som fokuserar p\u00e5 de utmaningar som kunderna st\u00e5r inf\u00f6r, inom livsmedelsproduktion och kraftutnyttjande, och d\u00e4rigenom berika m\u00e4nniskors liv f\u00f6r alla v\u00e5ra morgondagar&#8221; ett bevis p\u00e5 Yanmars beslutsamhet att f\u00f6rse oss med &#8221;en h\u00e5llbar framtid&#8221;. Vi kommer inte att delta i n\u00e5gon skatteplanering som undergr\u00e4ver v\u00e5rt engagemang f\u00f6r &#8221;en h\u00e5llbar framtid&#8221;. Vi kommer dock att ta h\u00e4nsyn till legitima incitament (t.ex. kapitalavdrag) d\u00e4r s\u00e5dana finns tillg\u00e4ngliga f\u00f6r att hantera v\u00e5ra skatteskulder i enlighet med lagstiftningens syfte.<\/p>\n<p><strong>F\u00f6rh\u00e5llanden med skattemyndigheter<\/strong><\/p>\n<p>Interaktionen med HMRC \u00e4r i allm\u00e4nhet begr\u00e4nsad till administrativa fr\u00e5gor f\u00f6r att se till att HMRC:s f\u00f6rv\u00e4ntningar uppfylls. Om HMRC f\u00e5r n\u00e5gra fr\u00e5gor kommer vi att besvara dem p\u00e5 ett samarbetsvilligt och \u00f6ppet s\u00e4tt.<\/p>\n                                <\/div>\n                            \n                                                    <\/div>\n                    <\/div>\n                <\/div>\n            <\/div>\n        <\/div>\n    <\/section><\/section>","protected":false},"excerpt":{"rendered":"<p>As standard we give 3 years warranty on equipment and 5 years warranty on engines.<\/p>\n","protected":false},"author":7,"featured_media":3394,"parent":0,"menu_order":171,"comment_status":"closed","ping_status":"closed","template":"tpl-basic.php","meta":{"_acf_changed":false,"footnotes":""},"class_list":["post-26926","page","type-page","status-publish","has-post-thumbnail","hentry"],"acf":{"introduction":"","person":false},"yoast_head":"<!-- This site is optimized with the Yoast SEO Premium plugin v27.3 (Yoast SEO v27.3) - https:\/\/yoast.com\/product\/yoast-seo-premium-wordpress\/ -->\n<title>Uttalande om skattepolitiken i Storbritannien - VETUS<\/title>\n<meta name=\"robots\" content=\"index, follow, max-snippet:-1, max-image-preview:large, max-video-preview:-1\" \/>\n<link rel=\"canonical\" href=\"https:\/\/vetus.com\/sv\/uttalande-om-skattepolitiken-i-storbritannien\/\" \/>\n<meta property=\"og:locale\" content=\"sv_SE\" \/>\n<meta property=\"og:type\" content=\"article\" \/>\n<meta property=\"og:title\" content=\"Uttalande om skattepolitiken i Storbritannien\" \/>\n<meta property=\"og:description\" content=\"As standard we give 3 years warranty on equipment and 5 years warranty on engines.\" \/>\n<meta property=\"og:url\" content=\"https:\/\/vetus.com\/sv\/uttalande-om-skattepolitiken-i-storbritannien\/\" \/>\n<meta property=\"og:site_name\" content=\"VETUS\" \/>\n<meta property=\"article:modified_time\" content=\"2025-12-01T09:28:52+00:00\" \/>\n<meta property=\"og:image\" content=\"https:\/\/vetus.com\/wp-content\/uploads\/featured-warranty-3-5-years.png\" \/>\n\t<meta property=\"og:image:width\" content=\"1200\" \/>\n\t<meta property=\"og:image:height\" content=\"800\" \/>\n\t<meta property=\"og:image:type\" content=\"image\/png\" \/>\n<meta name=\"twitter:card\" content=\"summary_large_image\" \/>\n<meta name=\"twitter:label1\" content=\"Ber\u00e4knad l\u00e4stid\" \/>\n\t<meta name=\"twitter:data1\" content=\"2 minuter\" \/>\n<script type=\"application\/ld+json\" class=\"yoast-schema-graph\">{\"@context\":\"https:\\\/\\\/schema.org\",\"@graph\":[{\"@type\":\"WebPage\",\"@id\":\"https:\\\/\\\/vetus.com\\\/sv\\\/uttalande-om-skattepolitiken-i-storbritannien\\\/\",\"url\":\"https:\\\/\\\/vetus.com\\\/sv\\\/uttalande-om-skattepolitiken-i-storbritannien\\\/\",\"name\":\"Uttalande om skattepolitiken i Storbritannien - VETUS\",\"isPartOf\":{\"@id\":\"https:\\\/\\\/vetus.com\\\/sv\\\/#website\"},\"primaryImageOfPage\":{\"@id\":\"https:\\\/\\\/vetus.com\\\/sv\\\/uttalande-om-skattepolitiken-i-storbritannien\\\/#primaryimage\"},\"image\":{\"@id\":\"https:\\\/\\\/vetus.com\\\/sv\\\/uttalande-om-skattepolitiken-i-storbritannien\\\/#primaryimage\"},\"thumbnailUrl\":\"https:\\\/\\\/vetus.com\\\/wp-content\\\/uploads\\\/featured-warranty-3-5-years.png\",\"datePublished\":\"2021-08-03T12:31:20+00:00\",\"dateModified\":\"2025-12-01T09:28:52+00:00\",\"breadcrumb\":{\"@id\":\"https:\\\/\\\/vetus.com\\\/sv\\\/uttalande-om-skattepolitiken-i-storbritannien\\\/#breadcrumb\"},\"inLanguage\":\"sv-SE\",\"potentialAction\":[{\"@type\":\"ReadAction\",\"target\":[\"https:\\\/\\\/vetus.com\\\/sv\\\/uttalande-om-skattepolitiken-i-storbritannien\\\/\"]}]},{\"@type\":\"ImageObject\",\"inLanguage\":\"sv-SE\",\"@id\":\"https:\\\/\\\/vetus.com\\\/sv\\\/uttalande-om-skattepolitiken-i-storbritannien\\\/#primaryimage\",\"url\":\"https:\\\/\\\/vetus.com\\\/wp-content\\\/uploads\\\/featured-warranty-3-5-years.png\",\"contentUrl\":\"https:\\\/\\\/vetus.com\\\/wp-content\\\/uploads\\\/featured-warranty-3-5-years.png\",\"width\":1200,\"height\":800},{\"@type\":\"BreadcrumbList\",\"@id\":\"https:\\\/\\\/vetus.com\\\/sv\\\/uttalande-om-skattepolitiken-i-storbritannien\\\/#breadcrumb\",\"itemListElement\":[{\"@type\":\"ListItem\",\"position\":1,\"name\":\"Home\",\"item\":\"https:\\\/\\\/vetus.com\\\/sv\\\/\"},{\"@type\":\"ListItem\",\"position\":2,\"name\":\"Uttalande om skattepolitiken i Storbritannien\"}]},{\"@type\":\"WebSite\",\"@id\":\"https:\\\/\\\/vetus.com\\\/sv\\\/#website\",\"url\":\"https:\\\/\\\/vetus.com\\\/sv\\\/\",\"name\":\"VETUS\",\"description\":\"\",\"potentialAction\":[{\"@type\":\"SearchAction\",\"target\":{\"@type\":\"EntryPoint\",\"urlTemplate\":\"https:\\\/\\\/vetus.com\\\/sv\\\/?s={search_term_string}\"},\"query-input\":{\"@type\":\"PropertyValueSpecification\",\"valueRequired\":true,\"valueName\":\"search_term_string\"}}],\"inLanguage\":\"sv-SE\"}]}<\/script>\n<!-- \/ Yoast SEO Premium plugin. -->","yoast_head_json":{"title":"Uttalande om skattepolitiken i Storbritannien - VETUS","robots":{"index":"index","follow":"follow","max-snippet":"max-snippet:-1","max-image-preview":"max-image-preview:large","max-video-preview":"max-video-preview:-1"},"canonical":"https:\/\/vetus.com\/sv\/uttalande-om-skattepolitiken-i-storbritannien\/","og_locale":"sv_SE","og_type":"article","og_title":"Uttalande om skattepolitiken i Storbritannien","og_description":"As standard we give 3 years warranty on equipment and 5 years warranty on engines.","og_url":"https:\/\/vetus.com\/sv\/uttalande-om-skattepolitiken-i-storbritannien\/","og_site_name":"VETUS","article_modified_time":"2025-12-01T09:28:52+00:00","og_image":[{"width":1200,"height":800,"url":"https:\/\/vetus.com\/wp-content\/uploads\/featured-warranty-3-5-years.png","type":"image\/png"}],"twitter_card":"summary_large_image","twitter_misc":{"Ber\u00e4knad l\u00e4stid":"2 minuter"},"schema":{"@context":"https:\/\/schema.org","@graph":[{"@type":"WebPage","@id":"https:\/\/vetus.com\/sv\/uttalande-om-skattepolitiken-i-storbritannien\/","url":"https:\/\/vetus.com\/sv\/uttalande-om-skattepolitiken-i-storbritannien\/","name":"Uttalande om skattepolitiken i Storbritannien - VETUS","isPartOf":{"@id":"https:\/\/vetus.com\/sv\/#website"},"primaryImageOfPage":{"@id":"https:\/\/vetus.com\/sv\/uttalande-om-skattepolitiken-i-storbritannien\/#primaryimage"},"image":{"@id":"https:\/\/vetus.com\/sv\/uttalande-om-skattepolitiken-i-storbritannien\/#primaryimage"},"thumbnailUrl":"https:\/\/vetus.com\/wp-content\/uploads\/featured-warranty-3-5-years.png","datePublished":"2021-08-03T12:31:20+00:00","dateModified":"2025-12-01T09:28:52+00:00","breadcrumb":{"@id":"https:\/\/vetus.com\/sv\/uttalande-om-skattepolitiken-i-storbritannien\/#breadcrumb"},"inLanguage":"sv-SE","potentialAction":[{"@type":"ReadAction","target":["https:\/\/vetus.com\/sv\/uttalande-om-skattepolitiken-i-storbritannien\/"]}]},{"@type":"ImageObject","inLanguage":"sv-SE","@id":"https:\/\/vetus.com\/sv\/uttalande-om-skattepolitiken-i-storbritannien\/#primaryimage","url":"https:\/\/vetus.com\/wp-content\/uploads\/featured-warranty-3-5-years.png","contentUrl":"https:\/\/vetus.com\/wp-content\/uploads\/featured-warranty-3-5-years.png","width":1200,"height":800},{"@type":"BreadcrumbList","@id":"https:\/\/vetus.com\/sv\/uttalande-om-skattepolitiken-i-storbritannien\/#breadcrumb","itemListElement":[{"@type":"ListItem","position":1,"name":"Home","item":"https:\/\/vetus.com\/sv\/"},{"@type":"ListItem","position":2,"name":"Uttalande om skattepolitiken i Storbritannien"}]},{"@type":"WebSite","@id":"https:\/\/vetus.com\/sv\/#website","url":"https:\/\/vetus.com\/sv\/","name":"VETUS","description":"","potentialAction":[{"@type":"SearchAction","target":{"@type":"EntryPoint","urlTemplate":"https:\/\/vetus.com\/sv\/?s={search_term_string}"},"query-input":{"@type":"PropertyValueSpecification","valueRequired":true,"valueName":"search_term_string"}}],"inLanguage":"sv-SE"}]}},"_links":{"self":[{"href":"https:\/\/vetus.com\/sv\/wp-json\/wp\/v2\/pages\/26926","targetHints":{"allow":["GET"]}}],"collection":[{"href":"https:\/\/vetus.com\/sv\/wp-json\/wp\/v2\/pages"}],"about":[{"href":"https:\/\/vetus.com\/sv\/wp-json\/wp\/v2\/types\/page"}],"author":[{"embeddable":true,"href":"https:\/\/vetus.com\/sv\/wp-json\/wp\/v2\/users\/7"}],"replies":[{"embeddable":true,"href":"https:\/\/vetus.com\/sv\/wp-json\/wp\/v2\/comments?post=26926"}],"version-history":[{"count":3,"href":"https:\/\/vetus.com\/sv\/wp-json\/wp\/v2\/pages\/26926\/revisions"}],"predecessor-version":[{"id":117811,"href":"https:\/\/vetus.com\/sv\/wp-json\/wp\/v2\/pages\/26926\/revisions\/117811"}],"wp:featuredmedia":[{"embeddable":true,"href":"https:\/\/vetus.com\/sv\/wp-json\/wp\/v2\/media\/3394"}],"wp:attachment":[{"href":"https:\/\/vetus.com\/sv\/wp-json\/wp\/v2\/media?parent=26926"}],"curies":[{"name":"wp","href":"https:\/\/api.w.org\/{rel}","templated":true}]}}