{"id":125639,"date":"2026-04-13T14:21:43","date_gmt":"2026-04-13T12:21:43","guid":{"rendered":"https:\/\/vetus.com\/vetus-kampanjer\/trouble-free-boating-guide\/"},"modified":"2026-05-07T09:42:10","modified_gmt":"2026-05-07T07:42:10","slug":"guide-till-problemfritt-batliv","status":"publish","type":"page","link":"https:\/\/vetus.com\/sv\/vetus-kampanjer\/guide-till-problemfritt-batliv\/","title":{"rendered":"Guide till problemfritt b\u00e5tliv"},"content":{"rendered":"\n<section class=\"section  \">\n    \n\n<section id=\"section-text-block-block_4268bbebadaf374defa2e55eb7b45eab\" class=\"section text-block \">\n                    <div class=\"section section__body\">\n            <div class=\"text-block\">\n                <div class=\"container\">\n                    <div class=\"row\">\n                        <div class=\"col-lg-8 offset-lg-2\">\n                                                            <div class=\"section__content single__content hentry\">\n                                    <p>Efter m\u00e5nader av vinterf\u00f6rvaring \u00e4r s\u00e4songens f\u00f6rsta tur n\u00e5got som alla b\u00e5t\u00e4gare ser fram emot. Samtidigt \u00e4r det ofta vid detta tillf\u00e4lle som sm\u00e5 tekniska problem med systemen ombord blir m\u00e4rkbara.<\/p>\n<p>De flesta av dessa problem \u00e4r inte allvarliga fel, utan resultatet av mindre ineffektivitet som har uppst\u00e5tt under stillest\u00e5ndet. Med r\u00e4tt f\u00f6rberedelser kan de identifieras tidigt och \u00e5tg\u00e4rdas innan de p\u00e5verkar din tid p\u00e5 sj\u00f6n.<\/p>\n                                <\/div>\n                            \n                                                    <\/div>\n                    <\/div>\n                <\/div>\n            <\/div>\n        <\/div>\n    <\/section>\n\n<section id=\"section-text-block-block_4268bbebadaf374defa2e55eb7b45eab\" class=\"section text-block \">\n                    <div class=\"section section__body\">\n            <div class=\"text-block\">\n                <div class=\"container\">\n                    <div class=\"row\">\n                        <div class=\"col-lg-8 offset-lg-2\">\n                                                            <div class=\"section__content single__content hentry\">\n                                    <h3>G\u00f6r din b\u00e5t redo f\u00f6r s\u00e4songen<\/h3>\n<p>Guiden \u201dTrouble Free Boating Guide\u201d visar hur du identifierar och l\u00f6ser de vanligaste tekniska problemen som uppst\u00e5r efter vinterf\u00f6rvaring. Den fungerar som en praktisk f\u00f6rberedelseguide f\u00f6r din b\u00e5t, som hj\u00e4lper dig att f\u00f6rst\u00e5 hur systemen ombord fungerar och vad du b\u00f6r kontrollera f\u00f6re den f\u00f6rsta turen.<\/p>\n<p>Med tydliga insikter och strukturerade steg hj\u00e4lper den dig att f\u00f6rbereda din b\u00e5t effektivt och undvika vanliga problem i b\u00f6rjan av b\u00e5ts\u00e4songen.<\/p>\n                                <\/div>\n                            \n                                                            <div class=\"section__actions text-block__actions actions\">\n                                    <div class=\"btn-group d-flex flex-wrap justify-content-center\">\n                                                                                    <a href=\"https:\/\/vetus.com\/sv\/batlivsguide-2026\/\" class=\"btn btn-secondary\" title=\"\" target=\"_blank\">\n                                                <span>Ladda ner guiden<\/span>\n                                            <\/a>\n                                        \n                                                                            <\/div>\n                                <\/div>\n                                                    <\/div>\n                    <\/div>\n                <\/div>\n            <\/div>\n        <\/div>\n    <\/section><\/section>\n\n<section class=\"section section--colored bg-light content-blocks bg-light   \">\n    <section id=\"section-gallery-block_ec58fe09bc28644c09b066e05e38e0e6\" class=\"section gallery \">\n                <div class=\"section__body gallery__body\">\n            <div class=\"container\">\n                <div class=\"row row--col-margin-medium justify-content-center\">\n                                            <div class=\"col-8 col-sm-4 offset-sm-0\">\n                            <div class=\"gallery__media media media--clipped ratio\">\n                                <div class=\"media__wrapper\">\n                                    <img decoding=\"async\" width=\"690\" height=\"920\" src=\"https:\/\/vetus.com\/wp-content\/uploads\/IMG_4241-690x920.jpeg\" class=\"media__src img-fit\" alt=\"Boating Guide\" srcset=\"https:\/\/vetus.com\/wp-content\/uploads\/IMG_4241-690x920.jpeg 690w, https:\/\/vetus.com\/wp-content\/uploads\/IMG_4241-225x300.jpeg 225w, https:\/\/vetus.com\/wp-content\/uploads\/IMG_4241-768x1024.jpeg 768w, https:\/\/vetus.com\/wp-content\/uploads\/IMG_4241-210x280.jpeg 210w, https:\/\/vetus.com\/wp-content\/uploads\/IMG_4241-330x440.jpeg 330w, https:\/\/vetus.com\/wp-content\/uploads\/IMG_4241-431x575.jpeg 431w, https:\/\/vetus.com\/wp-content\/uploads\/IMG_4241-507x676.jpeg 507w, https:\/\/vetus.com\/wp-content\/uploads\/IMG_4241-530x707.jpeg 530w, https:\/\/vetus.com\/wp-content\/uploads\/IMG_4241-930x1240.jpeg 930w, https:\/\/vetus.com\/wp-content\/uploads\/IMG_4241-1170x1560.jpeg 1170w, https:\/\/vetus.com\/wp-content\/uploads\/IMG_4241-scaled.jpeg 1920w\" sizes=\"auto, (max-width: 575.98px) 431px, (max-width: 767.98px) 530px, (max-width: 991.98px) 330px, (max-width: 1279.98px) 431px, (max-width: 1899.98px) 530px, 690px\" loading=\"lazy\" \/>                                <\/div>\n                            <\/div>\n                        <\/div>\n                                            <div class=\"col-8 col-sm-4 offset-sm-0\">\n                            <div class=\"gallery__media media media--clipped ratio\">\n                                <div class=\"media__wrapper\">\n                                    <img decoding=\"async\" width=\"690\" height=\"461\" src=\"https:\/\/vetus.com\/wp-content\/uploads\/shutterstock_2522088229-690x461.jpg\" class=\"media__src img-fit\" alt=\"Boating Guide\" srcset=\"https:\/\/vetus.com\/wp-content\/uploads\/shutterstock_2522088229-690x461.jpg 690w, https:\/\/vetus.com\/wp-content\/uploads\/shutterstock_2522088229-300x200.jpg 300w, https:\/\/vetus.com\/wp-content\/uploads\/shutterstock_2522088229-768x513.jpg 768w, https:\/\/vetus.com\/wp-content\/uploads\/shutterstock_2522088229-210x140.jpg 210w, https:\/\/vetus.com\/wp-content\/uploads\/shutterstock_2522088229-330x220.jpg 330w, https:\/\/vetus.com\/wp-content\/uploads\/shutterstock_2522088229-431x288.jpg 431w, https:\/\/vetus.com\/wp-content\/uploads\/shutterstock_2522088229-507x338.jpg 507w, https:\/\/vetus.com\/wp-content\/uploads\/shutterstock_2522088229-530x354.jpg 530w, https:\/\/vetus.com\/wp-content\/uploads\/shutterstock_2522088229-930x621.jpg 930w, https:\/\/vetus.com\/wp-content\/uploads\/shutterstock_2522088229-1170x781.jpg 1170w\" sizes=\"auto, (max-width: 575.98px) 431px, (max-width: 767.98px) 530px, (max-width: 991.98px) 330px, (max-width: 1279.98px) 431px, (max-width: 1899.98px) 530px, 690px\" loading=\"lazy\" \/>                                <\/div>\n                            <\/div>\n                        <\/div>\n                                            <div class=\"col-8 col-sm-4 offset-sm-0\">\n                            <div class=\"gallery__media media media--clipped ratio\">\n                                <div class=\"media__wrapper\">\n                                    <img decoding=\"async\" width=\"690\" height=\"461\" src=\"https:\/\/vetus.com\/wp-content\/uploads\/shutterstock_214631551-690x461.jpg\" class=\"media__src img-fit\" alt=\"\" srcset=\"https:\/\/vetus.com\/wp-content\/uploads\/shutterstock_214631551-690x461.jpg 690w, https:\/\/vetus.com\/wp-content\/uploads\/shutterstock_214631551-300x200.jpg 300w, https:\/\/vetus.com\/wp-content\/uploads\/shutterstock_214631551-768x513.jpg 768w, https:\/\/vetus.com\/wp-content\/uploads\/shutterstock_214631551-210x140.jpg 210w, https:\/\/vetus.com\/wp-content\/uploads\/shutterstock_214631551-330x220.jpg 330w, https:\/\/vetus.com\/wp-content\/uploads\/shutterstock_214631551-431x288.jpg 431w, https:\/\/vetus.com\/wp-content\/uploads\/shutterstock_214631551-507x338.jpg 507w, https:\/\/vetus.com\/wp-content\/uploads\/shutterstock_214631551-530x354.jpg 530w, https:\/\/vetus.com\/wp-content\/uploads\/shutterstock_214631551-930x621.jpg 930w, https:\/\/vetus.com\/wp-content\/uploads\/shutterstock_214631551-1170x781.jpg 1170w\" sizes=\"auto, (max-width: 575.98px) 431px, (max-width: 767.98px) 530px, (max-width: 991.98px) 330px, (max-width: 1279.98px) 431px, (max-width: 1899.98px) 530px, 690px\" loading=\"lazy\" \/>                                <\/div>\n                            <\/div>\n                        <\/div>\n                                    <\/div>\n            <\/div>\n        <\/div>\n    <\/section><\/section>\n\n\n<section class=\"section  \">\n    \n\n<section id=\"section-text-block-block_cd6a9c00ff390a80268350a3663530ed\" class=\"section text-block \">\n                    <div class=\"section section__body\">\n            <div class=\"text-block\">\n                <div class=\"container\">\n                    <div class=\"row\">\n                        <div class=\"col-lg-8 offset-lg-2\">\n                                                            <div class=\"section__content single__content hentry\">\n                                    <h3>En praktisk guide baserad p\u00e5 verkliga system ombord<\/h3>\n<p>Till skillnad fr\u00e5n generiska checklistor f\u00f6rklarar den h\u00e4r guiden hur din b\u00e5t faktiskt fungerar, vilket hj\u00e4lper dig att f\u00f6rst\u00e5 grundorsaken ist\u00e4llet f\u00f6r bara symptomen.<\/p>\n<p>Med expertis inom alla system ombord, inklusive framdrivning, br\u00e4nsle, kylning, el, sanitet och ankring, f\u00f6rst\u00e5r VETUS hur dessa system samverkar i en komplett installation. Detta g\u00f6r det m\u00f6jligt att identifiera problem mer exakt och erbjuda praktiska, p\u00e5litliga l\u00f6sningar.<\/p>\n<p>Med tydliga diagnoser, praktiska l\u00f6sningar och f\u00f6rebyggande tips kan du snabbt identifiera vad som beh\u00f6ver \u00e5tg\u00e4rdas och undvika on\u00f6dig fels\u00f6kning.<\/p>\n                                <\/div>\n                            \n                                                    <\/div>\n                    <\/div>\n                <\/div>\n            <\/div>\n        <\/div>\n    <\/section>\n<section id=\"content-block-1-block_cd6a9c00ff390a80268350a3663530ed\" class=\"section content-block content-block--image \">\n    <div class=\"container\">\n        <div class=\"row d-flex align-items-center flex-md-row-reverse\">\n\n            <div class=\"col-md-6 col-lg-7 offset-lg-1\">\n                                    <div class=\"content-block__visuals\">\n                        <div class=\"content-block__media media--clipped media ratio\">\n                            <div class=\"media__wrapper\">\n                                <img decoding=\"async\" width=\"690\" height=\"516\" src=\"https:\/\/vetus.com\/wp-content\/uploads\/shutterstock_2376234853_3-690x516.png\" class=\"media__source img-fit\" alt=\"\" srcset=\"https:\/\/vetus.com\/wp-content\/uploads\/shutterstock_2376234853_3-690x516.png 690w, https:\/\/vetus.com\/wp-content\/uploads\/shutterstock_2376234853_3-300x225.png 300w, https:\/\/vetus.com\/wp-content\/uploads\/shutterstock_2376234853_3-768x575.png 768w, https:\/\/vetus.com\/wp-content\/uploads\/shutterstock_2376234853_3-210x157.png 210w, https:\/\/vetus.com\/wp-content\/uploads\/shutterstock_2376234853_3-330x247.png 330w, https:\/\/vetus.com\/wp-content\/uploads\/shutterstock_2376234853_3-431x323.png 431w, https:\/\/vetus.com\/wp-content\/uploads\/shutterstock_2376234853_3-507x379.png 507w, https:\/\/vetus.com\/wp-content\/uploads\/shutterstock_2376234853_3-530x397.png 530w, https:\/\/vetus.com\/wp-content\/uploads\/shutterstock_2376234853_3-930x696.png 930w, https:\/\/vetus.com\/wp-content\/uploads\/shutterstock_2376234853_3-1170x876.png 1170w\" sizes=\"auto, (max-width: 575.98px) 431px, (max-width: 767.98px) 530px, (max-width: 991.98px) 330px, (max-width: 1279.98px) 530px, (max-width: 1899.98px) 690px, 930px\" loading=\"lazy\" \/>                            <\/div>\n                        <\/div>\n                    <\/div>\n                            <\/div>\n\n            <div class=\"col-md-6 col-lg-4\">\n                <div class=\"content-block__body\">\n                    \n                    \n                                            <h3>Vad du kommer att l\u00e4ra dig<\/h3>\n<ul>\n<li>Varf\u00f6r motorer inte startar efter vinterf\u00f6rvaring<\/li>\n<li>Hur du f\u00f6rhindrar \u00f6verhettning och kylproblem<\/li>\n<li>Vad som orsakar vatten i k\u00f6lsvinet<\/li>\n<li>Hur du identifierar problem med det elektriska systemet<\/li>\n<li>Var br\u00e4nslelukt och l\u00e4ckage kommer fr\u00e5n<\/li>\n<li>Hur du undviker otrevlig lukt under d\u00e4ck<\/li>\n<li>Vad som orsakar vibrationer i framdrivningssystemet<\/li>\n<li>Hur du diagnostiserar avgasr\u00f6k<\/li>\n<li>Varf\u00f6r ankringssystem havererar under belastning<\/li>\n<li>Vad som orsakar prestandaf\u00f6rlust och n\u00e4r man b\u00f6r \u00f6verv\u00e4ga att byta motor<\/li>\n<\/ul>\n                    \t\t\t\t\t\n                                    <\/div>\n            <\/div>\n        <\/div>\n    <\/div>\n<\/section>\n\n<section id=\"section-text-block-block_cd6a9c00ff390a80268350a3663530ed\" class=\"section text-block \">\n                    <div class=\"section section__body\">\n            <div class=\"text-block\">\n                <div class=\"container\">\n                    <div class=\"row\">\n                        <div class=\"col-lg-8 offset-lg-2\">\n                                                            <div class=\"section__content single__content hentry\">\n                                    <h5 style=\"text-align: center;\">N\u00e4r systemen ombord \u00e4r korrekt f\u00f6rberedda kan du fokusera p\u00e5 det som verkligen betyder n\u00e5got: att njuta av din tid p\u00e5 sj\u00f6n.<\/h5>\n<h5 style=\"text-align: center;\">F\u00e5 omedelbar tillg\u00e5ng till guiden \u201dTrouble Free Boating Guide\u201d och se till att din b\u00e5t \u00e4r redo f\u00f6re f\u00f6rsta turen.<\/h5>\n                                <\/div>\n                            \n                                                            <div class=\"section__actions text-block__actions actions\">\n                                    <div class=\"btn-group d-flex flex-wrap justify-content-center\">\n                                                                                    <a href=\"https:\/\/vetus.com\/sv\/batlivsguide-2026\/\" class=\"btn btn-primary\" title=\"\" target=\"_blank\">\n                                                <span>Ladda ner din guide<\/span>\n                                            <\/a>\n                                        \n                                                                            <\/div>\n                                <\/div>\n                                                    <\/div>\n                    <\/div>\n                <\/div>\n            <\/div>\n        <\/div>\n    <\/section><\/section>","protected":false},"excerpt":{"rendered":"","protected":false},"author":25,"featured_media":125402,"parent":32276,"menu_order":0,"comment_status":"closed","ping_status":"closed","template":"tpl-video.php","meta":{"_acf_changed":false,"footnotes":""},"class_list":["post-125639","page","type-page","status-publish","has-post-thumbnail","hentry"],"acf":{"person":false,"title":"Starta b\u00e5ts\u00e4songen v\u00e4l f\u00f6rberedd","subtitle":"Ladda ner \u201dGuiden till problemfritt b\u00e5tliv\u201d och g\u00f6r dina system ombord redo","intro":"","video_type":"File","video":"https:\/\/vetus.com\/wp-content\/uploads\/download.mp4","background_image":false,"button":{"title":"Ladda ner guiden","url":"https:\/\/vetus.com\/sv\/batlivsguide-2026\/","target":"_blank"},"button_secondary":""},"yoast_head":"<!-- This site is optimized with the Yoast SEO Premium plugin v27.6 (Yoast SEO v27.6) - https:\/\/yoast.com\/product\/yoast-seo-premium-wordpress\/ -->\n<title>G\u00f6r din b\u00e5t redo f\u00f6r s\u00e4songen<\/title>\n<meta name=\"description\" content=\"Guiden till problemfritt b\u00e5tliv visar hur du identifierar och l\u00f6ser de vanligaste tekniska problemen som kan uppst\u00e5 efter vinterf\u00f6rvaring.\" \/>\n<meta name=\"robots\" content=\"index, follow, max-snippet:-1, max-image-preview:large, max-video-preview:-1\" \/>\n<link rel=\"canonical\" href=\"https:\/\/vetus.com\/sv\/vetus-kampanjer\/guide-till-problemfritt-batliv\/\" \/>\n<meta property=\"og:locale\" content=\"sv_SE\" \/>\n<meta property=\"og:type\" content=\"article\" \/>\n<meta property=\"og:title\" content=\"Guide till problemfritt b\u00e5tliv\" \/>\n<meta property=\"og:description\" content=\"Guiden till problemfritt b\u00e5tliv visar hur du identifierar och l\u00f6ser de vanligaste tekniska problemen som kan uppst\u00e5 efter vinterf\u00f6rvaring.\" \/>\n<meta property=\"og:url\" content=\"https:\/\/vetus.com\/sv\/vetus-kampanjer\/guide-till-problemfritt-batliv\/\" \/>\n<meta property=\"og:site_name\" content=\"VETUS\" \/>\n<meta property=\"article:modified_time\" content=\"2026-05-07T07:42:10+00:00\" \/>\n<meta property=\"og:image\" content=\"https:\/\/vetus.com\/wp-content\/uploads\/Boating-guide-2026.png\" \/>\n\t<meta property=\"og:image:width\" content=\"936\" \/>\n\t<meta property=\"og:image:height\" content=\"500\" \/>\n\t<meta property=\"og:image:type\" content=\"image\/png\" \/>\n<meta name=\"twitter:card\" content=\"summary_large_image\" \/>\n<meta name=\"twitter:label1\" content=\"Ber\u00e4knad l\u00e4stid\" \/>\n\t<meta name=\"twitter:data1\" content=\"3 minuter\" \/>\n<script type=\"application\/ld+json\" class=\"yoast-schema-graph\">{\"@context\":\"https:\\\/\\\/schema.org\",\"@graph\":[{\"@type\":\"WebPage\",\"@id\":\"https:\\\/\\\/vetus.com\\\/sv\\\/vetus-kampanjer\\\/guide-till-problemfritt-batliv\\\/\",\"url\":\"https:\\\/\\\/vetus.com\\\/sv\\\/vetus-kampanjer\\\/guide-till-problemfritt-batliv\\\/\",\"name\":\"G\u00f6r din b\u00e5t redo f\u00f6r s\u00e4songen\",\"isPartOf\":{\"@id\":\"https:\\\/\\\/vetus.com\\\/sv\\\/#website\"},\"primaryImageOfPage\":{\"@id\":\"https:\\\/\\\/vetus.com\\\/sv\\\/vetus-kampanjer\\\/guide-till-problemfritt-batliv\\\/#primaryimage\"},\"image\":{\"@id\":\"https:\\\/\\\/vetus.com\\\/sv\\\/vetus-kampanjer\\\/guide-till-problemfritt-batliv\\\/#primaryimage\"},\"thumbnailUrl\":\"https:\\\/\\\/vetus.com\\\/wp-content\\\/uploads\\\/Boating-guide-2026.png\",\"datePublished\":\"2026-04-13T12:21:43+00:00\",\"dateModified\":\"2026-05-07T07:42:10+00:00\",\"description\":\"Guiden till problemfritt b\u00e5tliv visar hur du identifierar och l\u00f6ser de vanligaste tekniska problemen som kan uppst\u00e5 efter vinterf\u00f6rvaring.\",\"breadcrumb\":{\"@id\":\"https:\\\/\\\/vetus.com\\\/sv\\\/vetus-kampanjer\\\/guide-till-problemfritt-batliv\\\/#breadcrumb\"},\"inLanguage\":\"sv-SE\",\"potentialAction\":[{\"@type\":\"ReadAction\",\"target\":[\"https:\\\/\\\/vetus.com\\\/sv\\\/vetus-kampanjer\\\/guide-till-problemfritt-batliv\\\/\"]}]},{\"@type\":\"ImageObject\",\"inLanguage\":\"sv-SE\",\"@id\":\"https:\\\/\\\/vetus.com\\\/sv\\\/vetus-kampanjer\\\/guide-till-problemfritt-batliv\\\/#primaryimage\",\"url\":\"https:\\\/\\\/vetus.com\\\/wp-content\\\/uploads\\\/Boating-guide-2026.png\",\"contentUrl\":\"https:\\\/\\\/vetus.com\\\/wp-content\\\/uploads\\\/Boating-guide-2026.png\",\"width\":936,\"height\":500},{\"@type\":\"BreadcrumbList\",\"@id\":\"https:\\\/\\\/vetus.com\\\/sv\\\/vetus-kampanjer\\\/guide-till-problemfritt-batliv\\\/#breadcrumb\",\"itemListElement\":[{\"@type\":\"ListItem\",\"position\":1,\"name\":\"Home\",\"item\":\"https:\\\/\\\/vetus.com\\\/sv\\\/\"},{\"@type\":\"ListItem\",\"position\":2,\"name\":\"VETUS kampanjer\",\"item\":\"https:\\\/\\\/vetus.com\\\/sv\\\/vetus-kampanjer\\\/\"},{\"@type\":\"ListItem\",\"position\":3,\"name\":\"Guide till problemfritt b\u00e5tliv\"}]},{\"@type\":\"WebSite\",\"@id\":\"https:\\\/\\\/vetus.com\\\/sv\\\/#website\",\"url\":\"https:\\\/\\\/vetus.com\\\/sv\\\/\",\"name\":\"VETUS\",\"description\":\"\",\"potentialAction\":[{\"@type\":\"SearchAction\",\"target\":{\"@type\":\"EntryPoint\",\"urlTemplate\":\"https:\\\/\\\/vetus.com\\\/sv\\\/?s={search_term_string}\"},\"query-input\":{\"@type\":\"PropertyValueSpecification\",\"valueRequired\":true,\"valueName\":\"search_term_string\"}}],\"inLanguage\":\"sv-SE\"}]}<\/script>\n<!-- \/ Yoast SEO Premium plugin. -->","yoast_head_json":{"title":"G\u00f6r din b\u00e5t redo f\u00f6r s\u00e4songen","description":"Guiden till problemfritt b\u00e5tliv visar hur du identifierar och l\u00f6ser de vanligaste tekniska problemen som kan uppst\u00e5 efter vinterf\u00f6rvaring.","robots":{"index":"index","follow":"follow","max-snippet":"max-snippet:-1","max-image-preview":"max-image-preview:large","max-video-preview":"max-video-preview:-1"},"canonical":"https:\/\/vetus.com\/sv\/vetus-kampanjer\/guide-till-problemfritt-batliv\/","og_locale":"sv_SE","og_type":"article","og_title":"Guide till problemfritt b\u00e5tliv","og_description":"Guiden till problemfritt b\u00e5tliv visar hur du identifierar och l\u00f6ser de vanligaste tekniska problemen som kan uppst\u00e5 efter vinterf\u00f6rvaring.","og_url":"https:\/\/vetus.com\/sv\/vetus-kampanjer\/guide-till-problemfritt-batliv\/","og_site_name":"VETUS","article_modified_time":"2026-05-07T07:42:10+00:00","og_image":[{"width":936,"height":500,"url":"https:\/\/vetus.com\/wp-content\/uploads\/Boating-guide-2026.png","type":"image\/png"}],"twitter_card":"summary_large_image","twitter_misc":{"Ber\u00e4knad l\u00e4stid":"3 minuter"},"schema":{"@context":"https:\/\/schema.org","@graph":[{"@type":"WebPage","@id":"https:\/\/vetus.com\/sv\/vetus-kampanjer\/guide-till-problemfritt-batliv\/","url":"https:\/\/vetus.com\/sv\/vetus-kampanjer\/guide-till-problemfritt-batliv\/","name":"G\u00f6r din b\u00e5t redo f\u00f6r s\u00e4songen","isPartOf":{"@id":"https:\/\/vetus.com\/sv\/#website"},"primaryImageOfPage":{"@id":"https:\/\/vetus.com\/sv\/vetus-kampanjer\/guide-till-problemfritt-batliv\/#primaryimage"},"image":{"@id":"https:\/\/vetus.com\/sv\/vetus-kampanjer\/guide-till-problemfritt-batliv\/#primaryimage"},"thumbnailUrl":"https:\/\/vetus.com\/wp-content\/uploads\/Boating-guide-2026.png","datePublished":"2026-04-13T12:21:43+00:00","dateModified":"2026-05-07T07:42:10+00:00","description":"Guiden till problemfritt b\u00e5tliv visar hur du identifierar och l\u00f6ser de vanligaste tekniska problemen som kan uppst\u00e5 efter vinterf\u00f6rvaring.","breadcrumb":{"@id":"https:\/\/vetus.com\/sv\/vetus-kampanjer\/guide-till-problemfritt-batliv\/#breadcrumb"},"inLanguage":"sv-SE","potentialAction":[{"@type":"ReadAction","target":["https:\/\/vetus.com\/sv\/vetus-kampanjer\/guide-till-problemfritt-batliv\/"]}]},{"@type":"ImageObject","inLanguage":"sv-SE","@id":"https:\/\/vetus.com\/sv\/vetus-kampanjer\/guide-till-problemfritt-batliv\/#primaryimage","url":"https:\/\/vetus.com\/wp-content\/uploads\/Boating-guide-2026.png","contentUrl":"https:\/\/vetus.com\/wp-content\/uploads\/Boating-guide-2026.png","width":936,"height":500},{"@type":"BreadcrumbList","@id":"https:\/\/vetus.com\/sv\/vetus-kampanjer\/guide-till-problemfritt-batliv\/#breadcrumb","itemListElement":[{"@type":"ListItem","position":1,"name":"Home","item":"https:\/\/vetus.com\/sv\/"},{"@type":"ListItem","position":2,"name":"VETUS kampanjer","item":"https:\/\/vetus.com\/sv\/vetus-kampanjer\/"},{"@type":"ListItem","position":3,"name":"Guide till problemfritt b\u00e5tliv"}]},{"@type":"WebSite","@id":"https:\/\/vetus.com\/sv\/#website","url":"https:\/\/vetus.com\/sv\/","name":"VETUS","description":"","potentialAction":[{"@type":"SearchAction","target":{"@type":"EntryPoint","urlTemplate":"https:\/\/vetus.com\/sv\/?s={search_term_string}"},"query-input":{"@type":"PropertyValueSpecification","valueRequired":true,"valueName":"search_term_string"}}],"inLanguage":"sv-SE"}]}},"_links":{"self":[{"href":"https:\/\/vetus.com\/sv\/wp-json\/wp\/v2\/pages\/125639","targetHints":{"allow":["GET"]}}],"collection":[{"href":"https:\/\/vetus.com\/sv\/wp-json\/wp\/v2\/pages"}],"about":[{"href":"https:\/\/vetus.com\/sv\/wp-json\/wp\/v2\/types\/page"}],"author":[{"embeddable":true,"href":"https:\/\/vetus.com\/sv\/wp-json\/wp\/v2\/users\/25"}],"replies":[{"embeddable":true,"href":"https:\/\/vetus.com\/sv\/wp-json\/wp\/v2\/comments?post=125639"}],"version-history":[{"count":5,"href":"https:\/\/vetus.com\/sv\/wp-json\/wp\/v2\/pages\/125639\/revisions"}],"predecessor-version":[{"id":125659,"href":"https:\/\/vetus.com\/sv\/wp-json\/wp\/v2\/pages\/125639\/revisions\/125659"}],"up":[{"embeddable":true,"href":"https:\/\/vetus.com\/sv\/wp-json\/wp\/v2\/pages\/32276"}],"wp:featuredmedia":[{"embeddable":true,"href":"https:\/\/vetus.com\/sv\/wp-json\/wp\/v2\/media\/125402"}],"wp:attachment":[{"href":"https:\/\/vetus.com\/sv\/wp-json\/wp\/v2\/media?parent=125639"}],"curies":[{"name":"wp","href":"https:\/\/api.w.org\/{rel}","templated":true}]}}