{"id":118283,"date":"2025-12-11T14:16:38","date_gmt":"2025-12-11T12:16:38","guid":{"rendered":"https:\/\/vetus.com\/?page_id=118283"},"modified":"2026-02-26T11:52:55","modified_gmt":"2026-02-26T09:52:55","slug":"integration-av-bow-pro-rimdrive-bogpropellrar-med-suzuki-utombordsmotorer","status":"publish","type":"page","link":"https:\/\/vetus.com\/sv\/integration-av-bow-pro-rimdrive-bogpropellrar-med-suzuki-utombordsmotorer\/","title":{"rendered":"Integration av BOW PRO- och RIMDRIVE-bogpropellrar med Suzuki utombordsmotorer"},"content":{"rendered":"\n<section class=\"section  \">\n    \n\n<section id=\"section-text-block-block_1361e4006af9da31b0f167344fa41e9d\" class=\"section text-block \">\n                    <div class=\"section section__body\">\n            <div class=\"text-block\">\n                <div class=\"container\">\n                    <div class=\"row\">\n                        <div class=\"col-lg-8 offset-lg-2\">\n                                                            <div class=\"section__content single__content hentry\">\n                                    <p>VETUS erbjuder full integration av sina BOW PRO- och RIMDRIVE-bogpropellersystem med Suzuki utombordsmotorer med elektronisk styrning samt Ultraflex Integra JS styr- och joystickkontroller. Denna integrerade l\u00f6sning m\u00f6jligg\u00f6r s\u00f6ml\u00f6s kommunikation mellan framdrivning, styrning och bogpropellersystem, s\u00e5 att alla funktioner kan hanteras via ett enda joystickgr\u00e4nssnitt.<\/p>\n                                <\/div>\n                            \n                                                    <\/div>\n                    <\/div>\n                <\/div>\n            <\/div>\n        <\/div>\n    <\/section><\/section>\n\n<section class=\"section section--colored bg-light content-blocks bg-light   \">\n    \n<section id=\"content-block-1-block_61f52d60752afc4ab593ff9c9e50c79d\" class=\"section content-block content-block--image \">\n    <div class=\"container\">\n        <div class=\"row d-flex align-items-center\">\n\n            <div class=\"col-md-6 col-lg-7\">\n                                    <div class=\"content-block__visuals\">\n                        <div class=\"content-block__media media--clipped media ratio\">\n                            <div class=\"media__wrapper\">\n                                <img decoding=\"async\" width=\"690\" height=\"690\" src=\"https:\/\/vetus.com\/wp-content\/uploads\/bowpro300_front_up_product_1080x1080-690x690.jpg\" class=\"media__source img-fit\" alt=\"\" srcset=\"https:\/\/vetus.com\/wp-content\/uploads\/bowpro300_front_up_product_1080x1080-690x690.jpg 690w, https:\/\/vetus.com\/wp-content\/uploads\/bowpro300_front_up_product_1080x1080-300x300.jpg 300w, https:\/\/vetus.com\/wp-content\/uploads\/bowpro300_front_up_product_1080x1080-150x150.jpg 150w, https:\/\/vetus.com\/wp-content\/uploads\/bowpro300_front_up_product_1080x1080-768x768.jpg 768w, https:\/\/vetus.com\/wp-content\/uploads\/bowpro300_front_up_product_1080x1080-210x210.jpg 210w, https:\/\/vetus.com\/wp-content\/uploads\/bowpro300_front_up_product_1080x1080-330x330.jpg 330w, https:\/\/vetus.com\/wp-content\/uploads\/bowpro300_front_up_product_1080x1080-431x431.jpg 431w, https:\/\/vetus.com\/wp-content\/uploads\/bowpro300_front_up_product_1080x1080-507x507.jpg 507w, https:\/\/vetus.com\/wp-content\/uploads\/bowpro300_front_up_product_1080x1080-530x530.jpg 530w, https:\/\/vetus.com\/wp-content\/uploads\/bowpro300_front_up_product_1080x1080-930x930.jpg 930w, https:\/\/vetus.com\/wp-content\/uploads\/bowpro300_front_up_product_1080x1080.jpg 1080w\" sizes=\"auto, (max-width: 575.98px) 431px, (max-width: 767.98px) 530px, (max-width: 991.98px) 330px, (max-width: 1279.98px) 530px, (max-width: 1899.98px) 690px, 930px\" loading=\"lazy\" \/>                            <\/div>\n                        <\/div>\n                    <\/div>\n                            <\/div>\n\n            <div class=\"col-md-6 col-lg-4 offset-lg-1\">\n                <div class=\"content-block__body\">\n                    \n                    \n                                            <h3 data-start=\"507\" data-end=\"552\">Integrerad kontroll f\u00f6r exakt man\u00f6vrering<\/h3>\n<p data-start=\"554\" data-end=\"910\">Det kombinerade systemet ger mjuk och proportionell kontroll som avsev\u00e4rt f\u00f6rb\u00e4ttrar hanteringen i tr\u00e5nga situationer s\u00e5som till\u00e4ggning, smala farleder och v\u00e4lbes\u00f6kta marinor. Genom att samordna motor-, styr- och bogpropellerkommandon via Ultraflex-joysticken f\u00e5r anv\u00e4ndaren f\u00f6ruts\u00e4gbara responser och f\u00f6rfinad man\u00f6vrerbarhet. Systemet g\u00f6r det m\u00f6jligt att:<\/p>\n<ul data-start=\"912\" data-end=\"1104\">\n<li data-start=\"912\" data-end=\"974\">\n<p data-start=\"914\" data-end=\"974\">F\u00f6rflytta fartyget i sidled, diagonalt, fram\u00e5t eller bak\u00e5t<\/p>\n<\/li>\n<li data-start=\"975\" data-end=\"1034\">\n<p data-start=\"977\" data-end=\"1034\">Rotera b\u00e5ten runt sin egen axel f\u00f6r exakt positionering<\/p>\n<\/li>\n<li data-start=\"1035\" data-end=\"1104\">\n<p data-start=\"1037\" data-end=\"1104\">Bibeh\u00e5lla stabil kontroll i vind, str\u00f6m eller tr\u00e5nga f\u00f6rh\u00e5llanden<\/p>\n<\/li>\n<\/ul>\n<p data-start=\"1106\" data-end=\"1227\">Varje man\u00f6ver koordineras via en enda joystick, vilket f\u00f6renklar anv\u00e4ndningen och minskar arbetsbelastningen f\u00f6r f\u00f6raren.<\/p>\n                    \t\t\t\t\t\n                                    <\/div>\n            <\/div>\n        <\/div>\n    <\/div>\n<\/section>\n<section id=\"content-block-1-block_61f52d60752afc4ab593ff9c9e50c79d\" class=\"section content-block content-block--image \">\n    <div class=\"container\">\n        <div class=\"row d-flex align-items-center flex-md-row-reverse\">\n\n            <div class=\"col-md-6 col-lg-7 offset-lg-1\">\n                                    <div class=\"content-block__visuals\">\n                        <div class=\"content-block__media media--clipped media ratio\">\n                            <div class=\"media__wrapper\">\n                                <img decoding=\"async\" width=\"690\" height=\"388\" src=\"https:\/\/vetus.com\/wp-content\/uploads\/bowpro300_full_product_1920x1080-690x388.jpg\" class=\"media__source img-fit\" alt=\"\" srcset=\"https:\/\/vetus.com\/wp-content\/uploads\/bowpro300_full_product_1920x1080-690x388.jpg 690w, https:\/\/vetus.com\/wp-content\/uploads\/bowpro300_full_product_1920x1080-300x169.jpg 300w, https:\/\/vetus.com\/wp-content\/uploads\/bowpro300_full_product_1920x1080-768x432.jpg 768w, https:\/\/vetus.com\/wp-content\/uploads\/bowpro300_full_product_1920x1080-210x118.jpg 210w, https:\/\/vetus.com\/wp-content\/uploads\/bowpro300_full_product_1920x1080-330x186.jpg 330w, https:\/\/vetus.com\/wp-content\/uploads\/bowpro300_full_product_1920x1080-431x242.jpg 431w, https:\/\/vetus.com\/wp-content\/uploads\/bowpro300_full_product_1920x1080-507x285.jpg 507w, https:\/\/vetus.com\/wp-content\/uploads\/bowpro300_full_product_1920x1080-530x298.jpg 530w, https:\/\/vetus.com\/wp-content\/uploads\/bowpro300_full_product_1920x1080-930x523.jpg 930w, https:\/\/vetus.com\/wp-content\/uploads\/bowpro300_full_product_1920x1080-1170x658.jpg 1170w, https:\/\/vetus.com\/wp-content\/uploads\/bowpro300_full_product_1920x1080.jpg 1920w\" sizes=\"auto, (max-width: 575.98px) 431px, (max-width: 767.98px) 530px, (max-width: 991.98px) 330px, (max-width: 1279.98px) 530px, (max-width: 1899.98px) 690px, 930px\" loading=\"lazy\" \/>                            <\/div>\n                        <\/div>\n                    <\/div>\n                            <\/div>\n\n            <div class=\"col-md-6 col-lg-4\">\n                <div class=\"content-block__body\">\n                    \n                    \n                                            <h3 data-start=\"1229\" data-end=\"1297\">Integration med Suzuki utombordsmotorer med elektronisk styrning<\/h3>\n<p data-start=\"1299\" data-end=\"1769\">Integrationen st\u00f6der Suzukis utombordsmodeller med elektronisk styrning, inklusive de avancerade DF350AMD och DF300BMD, b\u00e5da utrustade med integrerad styrning. Dessa motorer fungerar s\u00f6ml\u00f6st tillsammans med Ultraflex-joysticksystemet och VETUS bogpropellrar och ger exakt samordning mellan framdrivnings- och man\u00f6vreringssystem. Genom Ultraflex Integra JS elektroniska servostyrningsplattform hanteras motor- och bogpropellerkommandon med h\u00f6g precision och mjuk respons.<\/p>\n                    \t\t\t\t\t\n                                            <div class=\"content-block__actions actions\">\n                            <div class=\"btn-group d-flex flex-wrap justify-content-center justify-content-md-start\">\n                                <a href=\"https:\/\/www.suzukimarine.com\/news\/suzuki-marine-usa-announces-technology-collaboration-with-vetus\/\" class=\"btn btn-sm btn-empty btn-empty-primary\" title=\"\" target=\"_blank\">\n                                    <span>L\u00e4s mer hos Suzuki Marine<\/span>\n                                    <i class=\"icon icon-keyboard_arrow_right\"><\/i>\n                                <\/a>\n\n                                <!-- <a href=\"#\" class=\"btn btn-sm btn-empty btn-empty-primary\" title=\"\">\n                                    <span>Watch video<\/span>\n                                    <i class=\"icon icon-play_circle_outline\"><\/i>\n                                <\/a> -->\n                                <!-- <a href=\"#\" class=\"btn btn-sm btn-empty btn-empty-primary\" title=\"\">\n                                    <span>Innovation<\/span>\n                                    <i class=\"icon icon-keyboard_arrow_right\"><\/i>\n                                <\/a> -->\n                            <\/div>\n                        <\/div>\n                                    <\/div>\n            <\/div>\n        <\/div>\n    <\/div>\n<\/section><\/section>\n\n\n<section class=\"section  \">\n    \n\n<section id=\"section-text-block-block_7f73015a6f5f9be7094a48274beaefb0\" class=\"section text-block \">\n                    <div class=\"section section__body\">\n            <div class=\"text-block\">\n                <div class=\"container\">\n                    <div class=\"row\">\n                        <div class=\"col-lg-8 offset-lg-2\">\n                                                            <div class=\"section__content single__content hentry\">\n                                    <h3 data-start=\"1800\" data-end=\"1831\">Ett teknikbaserat samarbete<\/h3>\n<p data-start=\"1833\" data-end=\"2026\">De kombinerade teknologierna fr\u00e5n VETUS, Suzuki och Ultraflex resulterar i ett integrerat styrsystem som \u00e4r utformat f\u00f6r att \u00f6ka trygghet och effektivitet vid man\u00f6vrering i begr\u00e4nsade utrymmen:<\/p>\n<ul data-start=\"2028\" data-end=\"2316\">\n<li data-start=\"2028\" data-end=\"2104\">\n<p data-start=\"2030\" data-end=\"2104\">S\u00f6ml\u00f6s kommunikation mellan bogpropeller-, styr- och framdrivningssystem<\/p>\n<\/li>\n<li data-start=\"2105\" data-end=\"2175\">\n<p data-start=\"2107\" data-end=\"2175\">Mjuk och f\u00f6ruts\u00e4gbar man\u00f6vrerbarhet med avancerad joystickstyrning<\/p>\n<\/li>\n<li data-start=\"2176\" data-end=\"2244\">\n<p data-start=\"2178\" data-end=\"2244\">Tillf\u00f6rlitlig respons vid till\u00e4ggning och positioneringsman\u00f6vrar<\/p>\n<\/li>\n<li data-start=\"2245\" data-end=\"2316\">\n<p data-start=\"2247\" data-end=\"2316\">Flexibel kompatibilitet med b\u00e5de enkel- och flermotorinstallationer<\/p>\n<\/li>\n<\/ul>\n<p data-start=\"2318\" data-end=\"2450\">Detta samarbete ger en betydande f\u00f6rb\u00e4ttring av fartygskontrollen utan att kompromissa med anv\u00e4ndarv\u00e4nlighet eller tillf\u00f6rlitlighet.<\/p>\n                                <\/div>\n                            \n                                                    <\/div>\n                    <\/div>\n                <\/div>\n            <\/div>\n        <\/div>\n    <\/section><\/section>\n\n<section class=\"section section--colored bg-light content-blocks bg-light   mb-0\">\n    \n\n<section id=\"section-text-block-block_e7e0e9017aa4ff8cf6fdea053414bcd2\" class=\"section text-block  mb-0\">\n                    <div class=\"section section__body\">\n            <div class=\"text-block\">\n                <div class=\"container\">\n                    <div class=\"row\">\n                        <div class=\"col-lg-8 offset-lg-2\">\n                                                            <div class=\"section__content single__content hentry\">\n                                    <h3 data-start=\"2452\" data-end=\"2493\">Tillf\u00f6rlitlig kontroll f\u00f6r varje resa<\/h3>\n<p data-start=\"2495\" data-end=\"2854\">Denna integrerade l\u00f6sning levererar mjuk, f\u00f6ruts\u00e4gbar och intuitiv fartygshantering och ger b\u00e5t\u00e4gare \u00f6kat sj\u00e4lvf\u00f6rtroende vid till\u00e4ggning och man\u00f6vrering i tr\u00e5nga utrymmen. Med bepr\u00f6vade teknologier som samverkar \u00f6ver ett brett spektrum av fartygstyper erbjuder VETUS tillf\u00f6rlitliga och m\u00e5ngsidiga styrningsl\u00f6sningar anpassade f\u00f6r moderna behov inom b\u00e5tlivet.<\/p>\n                                <\/div>\n                            \n                                                            <div class=\"section__actions text-block__actions actions\">\n                                    <div class=\"btn-group d-flex flex-wrap justify-content-center\">\n                                                                                    <a href=\"https:\/\/vetus.com\/bow-pro-thrusters\/#bodem\" class=\"btn btn-primary\" title=\"\" target=\"_blank\">\n                                                <span>Utforska alla VETUS bogpropellerintegrationer<\/span>\n                                            <\/a>\n                                        \n                                                                            <\/div>\n                                <\/div>\n                                                    <\/div>\n                    <\/div>\n                <\/div>\n            <\/div>\n        <\/div>\n    <\/section><\/section>","protected":false},"excerpt":{"rendered":"","protected":false},"author":20,"featured_media":0,"parent":0,"menu_order":0,"comment_status":"closed","ping_status":"closed","template":"tpl-blog-large-header.php","meta":{"_acf_changed":false,"footnotes":""},"class_list":["post-118283","page","type-page","status-publish","hentry"],"acf":{"image":{"ID":118259,"id":118259,"title":"Suzuki-VETUS-Demo-scaled (1)","filename":"Suzuki-VETUS-Demo-scaled-1.jpg","filesize":756401,"url":"https:\/\/vetus.com\/wp-content\/uploads\/Suzuki-VETUS-Demo-scaled-1.jpg","link":"https:\/\/vetus.com\/sv\/integration-av-bow-pro-rimdrive-bogpropellrar-med-suzuki-utombordsmotorer\/suzuki-vetus-demo-scaled-1-2\/","alt":"","author":"20","description":"","caption":"","name":"suzuki-vetus-demo-scaled-1-2","status":"inherit","uploaded_to":118283,"date":"2025-12-11 11:33:06","modified":"2025-12-11 11:33:06","menu_order":0,"mime_type":"image\/jpeg","type":"image","subtype":"jpeg","icon":"https:\/\/vetus.com\/wp-includes\/images\/media\/default.png","width":2560,"height":1695,"sizes":{"thumbnail":"https:\/\/vetus.com\/wp-content\/uploads\/Suzuki-VETUS-Demo-scaled-1-150x150.jpg","thumbnail-width":150,"thumbnail-height":150,"medium":"https:\/\/vetus.com\/wp-content\/uploads\/Suzuki-VETUS-Demo-scaled-1-300x199.jpg","medium-width":300,"medium-height":199,"medium_large":"https:\/\/vetus.com\/wp-content\/uploads\/Suzuki-VETUS-Demo-scaled-1-768x509.jpg","medium_large-width":768,"medium_large-height":509,"large":"https:\/\/vetus.com\/wp-content\/uploads\/Suzuki-VETUS-Demo-scaled-1.jpg","large-width":1024,"large-height":678,"1536x1536":"https:\/\/vetus.com\/wp-content\/uploads\/Suzuki-VETUS-Demo-scaled-1.jpg","1536x1536-width":1536,"1536x1536-height":1017,"2048x2048":"https:\/\/vetus.com\/wp-content\/uploads\/Suzuki-VETUS-Demo-scaled-1.jpg","2048x2048-width":2048,"2048x2048-height":1356,"210w":"https:\/\/vetus.com\/wp-content\/uploads\/Suzuki-VETUS-Demo-scaled-1-210x139.jpg","210w-width":210,"210w-height":139,"330w":"https:\/\/vetus.com\/wp-content\/uploads\/Suzuki-VETUS-Demo-scaled-1-330x218.jpg","330w-width":330,"330w-height":218,"431w":"https:\/\/vetus.com\/wp-content\/uploads\/Suzuki-VETUS-Demo-scaled-1-431x285.jpg","431w-width":431,"431w-height":285,"507w":"https:\/\/vetus.com\/wp-content\/uploads\/Suzuki-VETUS-Demo-scaled-1-507x336.jpg","507w-width":507,"507w-height":336,"530w":"https:\/\/vetus.com\/wp-content\/uploads\/Suzuki-VETUS-Demo-scaled-1-530x351.jpg","530w-width":530,"530w-height":351,"690w":"https:\/\/vetus.com\/wp-content\/uploads\/Suzuki-VETUS-Demo-scaled-1-690x457.jpg","690w-width":690,"690w-height":457,"930w":"https:\/\/vetus.com\/wp-content\/uploads\/Suzuki-VETUS-Demo-scaled-1-930x616.jpg","930w-width":930,"930w-height":616,"1170w":"https:\/\/vetus.com\/wp-content\/uploads\/Suzuki-VETUS-Demo-scaled-1-1170x775.jpg","1170w-width":1170,"1170w-height":775,"gform-image-choice-sm":"https:\/\/vetus.com\/wp-content\/uploads\/Suzuki-VETUS-Demo-scaled-1.jpg","gform-image-choice-sm-width":300,"gform-image-choice-sm-height":199,"gform-image-choice-md":"https:\/\/vetus.com\/wp-content\/uploads\/Suzuki-VETUS-Demo-scaled-1.jpg","gform-image-choice-md-width":400,"gform-image-choice-md-height":265,"gform-image-choice-lg":"https:\/\/vetus.com\/wp-content\/uploads\/Suzuki-VETUS-Demo-scaled-1.jpg","gform-image-choice-lg-width":600,"gform-image-choice-lg-height":397}},"introduction":"","person":false,"title":"Smart integration f\u00f6r f\u00f6rb\u00e4ttrad man\u00f6vrerbarhet"},"yoast_head":"<!-- This site is optimized with the Yoast SEO Premium plugin v27.3 (Yoast SEO v27.3) - https:\/\/yoast.com\/product\/yoast-seo-premium-wordpress\/ -->\n<title>Integration av BOW PRO- och RIMDRIVE-bogpropellrar med Suzuki utombordsmotorer - VETUS<\/title>\n<meta name=\"description\" content=\"VETUS erbjuder full integration av sina BOW PRO- och RIMDRIVE-bogpropellersystem med Suzuki utombordsmotorer med elektronisk...\" \/>\n<meta name=\"robots\" content=\"index, follow, max-snippet:-1, max-image-preview:large, max-video-preview:-1\" \/>\n<link rel=\"canonical\" href=\"https:\/\/vetus.com\/sv\/integration-av-bow-pro-rimdrive-bogpropellrar-med-suzuki-utombordsmotorer\/\" \/>\n<meta property=\"og:locale\" content=\"sv_SE\" \/>\n<meta property=\"og:type\" content=\"article\" \/>\n<meta property=\"og:title\" content=\"Integration av BOW PRO- och RIMDRIVE-bogpropellrar med Suzuki utombordsmotorer\" \/>\n<meta property=\"og:description\" content=\"VETUS erbjuder full integration av sina BOW PRO- och RIMDRIVE-bogpropellersystem med Suzuki utombordsmotorer med elektronisk...\" \/>\n<meta property=\"og:url\" content=\"https:\/\/vetus.com\/sv\/integration-av-bow-pro-rimdrive-bogpropellrar-med-suzuki-utombordsmotorer\/\" \/>\n<meta property=\"og:site_name\" content=\"VETUS\" \/>\n<meta property=\"article:modified_time\" content=\"2026-02-26T09:52:55+00:00\" \/>\n<meta name=\"twitter:card\" content=\"summary_large_image\" \/>\n<meta name=\"twitter:label1\" content=\"Ber\u00e4knad l\u00e4stid\" \/>\n\t<meta name=\"twitter:data1\" content=\"3 minuter\" \/>\n<script type=\"application\/ld+json\" class=\"yoast-schema-graph\">{\"@context\":\"https:\\\/\\\/schema.org\",\"@graph\":[{\"@type\":\"WebPage\",\"@id\":\"https:\\\/\\\/vetus.com\\\/sv\\\/integration-av-bow-pro-rimdrive-bogpropellrar-med-suzuki-utombordsmotorer\\\/\",\"url\":\"https:\\\/\\\/vetus.com\\\/sv\\\/integration-av-bow-pro-rimdrive-bogpropellrar-med-suzuki-utombordsmotorer\\\/\",\"name\":\"Integration av BOW PRO- och RIMDRIVE-bogpropellrar med Suzuki utombordsmotorer - VETUS\",\"isPartOf\":{\"@id\":\"https:\\\/\\\/vetus.com\\\/sv\\\/#website\"},\"datePublished\":\"2025-12-11T12:16:38+00:00\",\"dateModified\":\"2026-02-26T09:52:55+00:00\",\"description\":\"VETUS erbjuder full integration av sina BOW PRO- och RIMDRIVE-bogpropellersystem med Suzuki utombordsmotorer med elektronisk...\",\"breadcrumb\":{\"@id\":\"https:\\\/\\\/vetus.com\\\/sv\\\/integration-av-bow-pro-rimdrive-bogpropellrar-med-suzuki-utombordsmotorer\\\/#breadcrumb\"},\"inLanguage\":\"sv-SE\",\"potentialAction\":[{\"@type\":\"ReadAction\",\"target\":[\"https:\\\/\\\/vetus.com\\\/sv\\\/integration-av-bow-pro-rimdrive-bogpropellrar-med-suzuki-utombordsmotorer\\\/\"]}]},{\"@type\":\"BreadcrumbList\",\"@id\":\"https:\\\/\\\/vetus.com\\\/sv\\\/integration-av-bow-pro-rimdrive-bogpropellrar-med-suzuki-utombordsmotorer\\\/#breadcrumb\",\"itemListElement\":[{\"@type\":\"ListItem\",\"position\":1,\"name\":\"Home\",\"item\":\"https:\\\/\\\/vetus.com\\\/sv\\\/\"},{\"@type\":\"ListItem\",\"position\":2,\"name\":\"Integration av BOW PRO- och RIMDRIVE-bogpropellrar med Suzuki utombordsmotorer\"}]},{\"@type\":\"WebSite\",\"@id\":\"https:\\\/\\\/vetus.com\\\/sv\\\/#website\",\"url\":\"https:\\\/\\\/vetus.com\\\/sv\\\/\",\"name\":\"VETUS\",\"description\":\"\",\"potentialAction\":[{\"@type\":\"SearchAction\",\"target\":{\"@type\":\"EntryPoint\",\"urlTemplate\":\"https:\\\/\\\/vetus.com\\\/sv\\\/?s={search_term_string}\"},\"query-input\":{\"@type\":\"PropertyValueSpecification\",\"valueRequired\":true,\"valueName\":\"search_term_string\"}}],\"inLanguage\":\"sv-SE\"}]}<\/script>\n<!-- \/ Yoast SEO Premium plugin. -->","yoast_head_json":{"title":"Integration av BOW PRO- och RIMDRIVE-bogpropellrar med Suzuki utombordsmotorer - VETUS","description":"VETUS erbjuder full integration av sina BOW PRO- och RIMDRIVE-bogpropellersystem med Suzuki utombordsmotorer med elektronisk...","robots":{"index":"index","follow":"follow","max-snippet":"max-snippet:-1","max-image-preview":"max-image-preview:large","max-video-preview":"max-video-preview:-1"},"canonical":"https:\/\/vetus.com\/sv\/integration-av-bow-pro-rimdrive-bogpropellrar-med-suzuki-utombordsmotorer\/","og_locale":"sv_SE","og_type":"article","og_title":"Integration av BOW PRO- och RIMDRIVE-bogpropellrar med Suzuki utombordsmotorer","og_description":"VETUS erbjuder full integration av sina BOW PRO- och RIMDRIVE-bogpropellersystem med Suzuki utombordsmotorer med elektronisk...","og_url":"https:\/\/vetus.com\/sv\/integration-av-bow-pro-rimdrive-bogpropellrar-med-suzuki-utombordsmotorer\/","og_site_name":"VETUS","article_modified_time":"2026-02-26T09:52:55+00:00","twitter_card":"summary_large_image","twitter_misc":{"Ber\u00e4knad l\u00e4stid":"3 minuter"},"schema":{"@context":"https:\/\/schema.org","@graph":[{"@type":"WebPage","@id":"https:\/\/vetus.com\/sv\/integration-av-bow-pro-rimdrive-bogpropellrar-med-suzuki-utombordsmotorer\/","url":"https:\/\/vetus.com\/sv\/integration-av-bow-pro-rimdrive-bogpropellrar-med-suzuki-utombordsmotorer\/","name":"Integration av BOW PRO- och RIMDRIVE-bogpropellrar med Suzuki utombordsmotorer - VETUS","isPartOf":{"@id":"https:\/\/vetus.com\/sv\/#website"},"datePublished":"2025-12-11T12:16:38+00:00","dateModified":"2026-02-26T09:52:55+00:00","description":"VETUS erbjuder full integration av sina BOW PRO- och RIMDRIVE-bogpropellersystem med Suzuki utombordsmotorer med elektronisk...","breadcrumb":{"@id":"https:\/\/vetus.com\/sv\/integration-av-bow-pro-rimdrive-bogpropellrar-med-suzuki-utombordsmotorer\/#breadcrumb"},"inLanguage":"sv-SE","potentialAction":[{"@type":"ReadAction","target":["https:\/\/vetus.com\/sv\/integration-av-bow-pro-rimdrive-bogpropellrar-med-suzuki-utombordsmotorer\/"]}]},{"@type":"BreadcrumbList","@id":"https:\/\/vetus.com\/sv\/integration-av-bow-pro-rimdrive-bogpropellrar-med-suzuki-utombordsmotorer\/#breadcrumb","itemListElement":[{"@type":"ListItem","position":1,"name":"Home","item":"https:\/\/vetus.com\/sv\/"},{"@type":"ListItem","position":2,"name":"Integration av BOW PRO- och RIMDRIVE-bogpropellrar med Suzuki utombordsmotorer"}]},{"@type":"WebSite","@id":"https:\/\/vetus.com\/sv\/#website","url":"https:\/\/vetus.com\/sv\/","name":"VETUS","description":"","potentialAction":[{"@type":"SearchAction","target":{"@type":"EntryPoint","urlTemplate":"https:\/\/vetus.com\/sv\/?s={search_term_string}"},"query-input":{"@type":"PropertyValueSpecification","valueRequired":true,"valueName":"search_term_string"}}],"inLanguage":"sv-SE"}]}},"_links":{"self":[{"href":"https:\/\/vetus.com\/sv\/wp-json\/wp\/v2\/pages\/118283","targetHints":{"allow":["GET"]}}],"collection":[{"href":"https:\/\/vetus.com\/sv\/wp-json\/wp\/v2\/pages"}],"about":[{"href":"https:\/\/vetus.com\/sv\/wp-json\/wp\/v2\/types\/page"}],"author":[{"embeddable":true,"href":"https:\/\/vetus.com\/sv\/wp-json\/wp\/v2\/users\/20"}],"replies":[{"embeddable":true,"href":"https:\/\/vetus.com\/sv\/wp-json\/wp\/v2\/comments?post=118283"}],"version-history":[{"count":5,"href":"https:\/\/vetus.com\/sv\/wp-json\/wp\/v2\/pages\/118283\/revisions"}],"predecessor-version":[{"id":122687,"href":"https:\/\/vetus.com\/sv\/wp-json\/wp\/v2\/pages\/118283\/revisions\/122687"}],"wp:attachment":[{"href":"https:\/\/vetus.com\/sv\/wp-json\/wp\/v2\/media?parent=118283"}],"curies":[{"name":"wp","href":"https:\/\/api.w.org\/{rel}","templated":true}]}}