{"id":115645,"date":"2025-10-02T10:54:36","date_gmt":"2025-10-02T08:54:36","guid":{"rendered":"https:\/\/vetus.com\/bow-pro-thruster-integration-with-cummins-inboards-and-glendinning\/"},"modified":"2026-02-26T12:45:53","modified_gmt":"2026-02-26T10:45:53","slug":"integration-av-bow-pro-bogpropeller-med-cummins-inombordsmotorer-och-glendinning","status":"publish","type":"page","link":"https:\/\/vetus.com\/sv\/integration-av-bow-pro-bogpropeller-med-cummins-inombordsmotorer-och-glendinning\/","title":{"rendered":"Integration av BOW PRO bogpropeller med Cummins inombordsmotorer och Glendinning ProPilot joystick"},"content":{"rendered":"\n<section class=\"section  \">\n    \n\n<section id=\"section-text-block-block_50a24a4feabd400cf83400858cc799c8\" class=\"section text-block \">\n                    <div class=\"section section__body\">\n            <div class=\"text-block\">\n                <div class=\"container\">\n                    <div class=\"row\">\n                        <div class=\"col-lg-8 offset-lg-2\">\n                                                            <div class=\"section__content single__content hentry\">\n                                    <p data-start=\"143\" data-end=\"396\">F\u00f6r att f\u00f6rb\u00e4ttra till\u00e4ggningsupplevelsen f\u00f6r \u00e4nnu fler b\u00e5t\u00e4gare har VETUS inlett ett samarbete med Cummins Marine och Glendinning, d\u00e4r BOW PRO bogpropellrar, Cummins inombordsmotorer och Glendinning ProPilot joystick kombineras i ett integrerat system.<\/p>\n<p data-start=\"398\" data-end=\"571\">Systemet f\u00f6renar styrningen av motorer och bogpropellrar via en l\u00e4ttanv\u00e4nd joystick, vilket g\u00f6r till\u00e4ggning och man\u00f6vrering i tr\u00e5nga utrymmen enklare, s\u00e4krare och stressfri.<\/p>\n                                <\/div>\n                            \n                                                    <\/div>\n                    <\/div>\n                <\/div>\n            <\/div>\n        <\/div>\n    <\/section><\/section>\n\n<section class=\"section section--colored bg-light content-blocks bg-light   \">\n    \n<section id=\"content-block-1-block_07afd8ea9cc9e708033031c35fc603df\" class=\"section content-block content-block--image \">\n    <div class=\"container\">\n        <div class=\"row d-flex align-items-center\">\n\n            <div class=\"col-md-6 col-lg-7\">\n                                    <div class=\"content-block__visuals\">\n                        <div class=\"content-block__media media--clipped media ratio\">\n                            <div class=\"media__wrapper\">\n                                <img decoding=\"async\" width=\"690\" height=\"458\" src=\"https:\/\/vetus.com\/wp-content\/uploads\/ProPilot-Lifestyle-001-1-690x458.jpg\" class=\"media__source img-fit\" alt=\"\" srcset=\"https:\/\/vetus.com\/wp-content\/uploads\/ProPilot-Lifestyle-001-1-690x458.jpg 690w, https:\/\/vetus.com\/wp-content\/uploads\/ProPilot-Lifestyle-001-1-300x199.jpg 300w, https:\/\/vetus.com\/wp-content\/uploads\/ProPilot-Lifestyle-001-1-210x139.jpg 210w, https:\/\/vetus.com\/wp-content\/uploads\/ProPilot-Lifestyle-001-1-330x219.jpg 330w, https:\/\/vetus.com\/wp-content\/uploads\/ProPilot-Lifestyle-001-1-431x286.jpg 431w, https:\/\/vetus.com\/wp-content\/uploads\/ProPilot-Lifestyle-001-1-507x337.jpg 507w, https:\/\/vetus.com\/wp-content\/uploads\/ProPilot-Lifestyle-001-1-530x352.jpg 530w, https:\/\/vetus.com\/wp-content\/uploads\/ProPilot-Lifestyle-001-1.jpg 702w\" sizes=\"auto, (max-width: 575.98px) 431px, (max-width: 767.98px) 530px, (max-width: 991.98px) 330px, (max-width: 1279.98px) 530px, (max-width: 1899.98px) 690px, 930px\" loading=\"lazy\" \/>                            <\/div>\n                        <\/div>\n                    <\/div>\n                            <\/div>\n\n            <div class=\"col-md-6 col-lg-4 offset-lg-1\">\n                <div class=\"content-block__body\">\n                    \n                    \n                                            <h3 data-start=\"578\" data-end=\"615\">En ny era av till\u00e4ggningskontroll<\/h3>\n<p data-start=\"617\" data-end=\"917\">N\u00e4r Cummins inombordsmotorer, Glendinning ProPilot joystick och VETUS BOW PRO bogpropellrar arbetar tillsammans f\u00e5r b\u00e5t\u00e4gare o\u00f6vertr\u00e4ffad trygghet och precision vid rodret. Denna kraftfulla integration f\u00f6rvandlar \u00e4ven de mest utmanande till\u00e4ggningssituationerna till mjuka och kontrollerade man\u00f6vrer.<\/p>\n<ul data-start=\"919\" data-end=\"1366\">\n<li data-start=\"919\" data-end=\"1032\">\n<p data-start=\"921\" data-end=\"1032\"><strong data-start=\"921\" data-end=\"954\">Man\u00f6vrera med sj\u00e4lvf\u00f6rtroende<\/strong> \u2013 Styr din b\u00e5t exakt dit du vill med intuitiv joystickkontroll med en hand.<\/p>\n<\/li>\n<li data-start=\"1033\" data-end=\"1148\">\n<p data-start=\"1035\" data-end=\"1148\"><strong data-start=\"1035\" data-end=\"1059\">Integrerad prestanda<\/strong> \u2013 Motorer och bogpropellrar samverkar perfekt f\u00f6r optimal hantering i tr\u00e5nga utrymmen.<\/p>\n<\/li>\n<li data-start=\"1149\" data-end=\"1258\">\n<p data-start=\"1151\" data-end=\"1258\"><strong data-start=\"1151\" data-end=\"1173\">Full r\u00f6relsefrihet<\/strong> \u2013 F\u00f6rflytta dig sidledes, rotera p\u00e5 st\u00e4llet eller man\u00f6vrera diagonalt med l\u00e4tthet.<\/p>\n<\/li>\n<li data-start=\"1259\" data-end=\"1366\">\n<p data-start=\"1261\" data-end=\"1366\"><strong data-start=\"1261\" data-end=\"1283\">Smart effektivitet<\/strong> \u2013 Minimerade vattenr\u00f6relser ger s\u00e4krare och lugnare till\u00e4ggning i livliga marinor.<\/p>\n<\/li>\n<\/ul>\n                    \t\t\t\t\t\n                                    <\/div>\n            <\/div>\n        <\/div>\n    <\/div>\n<\/section>\n<section id=\"content-block-1-block_07afd8ea9cc9e708033031c35fc603df\" class=\"section content-block content-block--image \">\n    <div class=\"container\">\n        <div class=\"row d-flex align-items-center flex-md-row-reverse\">\n\n            <div class=\"col-md-6 col-lg-7 offset-lg-1\">\n                                    <div class=\"content-block__visuals\">\n                        <div class=\"content-block__media media--clipped media ratio\">\n                            <div class=\"media__wrapper\">\n                                <img decoding=\"async\" width=\"690\" height=\"460\" src=\"https:\/\/vetus.com\/wp-content\/uploads\/21522070321_07ed4e430a_c-690x460.png\" class=\"media__source img-fit\" alt=\"\" srcset=\"https:\/\/vetus.com\/wp-content\/uploads\/21522070321_07ed4e430a_c-690x460.png 690w, https:\/\/vetus.com\/wp-content\/uploads\/21522070321_07ed4e430a_c-300x200.png 300w, https:\/\/vetus.com\/wp-content\/uploads\/21522070321_07ed4e430a_c-768x512.png 768w, https:\/\/vetus.com\/wp-content\/uploads\/21522070321_07ed4e430a_c-210x140.png 210w, https:\/\/vetus.com\/wp-content\/uploads\/21522070321_07ed4e430a_c-330x220.png 330w, https:\/\/vetus.com\/wp-content\/uploads\/21522070321_07ed4e430a_c-431x287.png 431w, https:\/\/vetus.com\/wp-content\/uploads\/21522070321_07ed4e430a_c-507x338.png 507w, https:\/\/vetus.com\/wp-content\/uploads\/21522070321_07ed4e430a_c-530x353.png 530w, https:\/\/vetus.com\/wp-content\/uploads\/21522070321_07ed4e430a_c.png 800w\" sizes=\"auto, (max-width: 575.98px) 431px, (max-width: 767.98px) 530px, (max-width: 991.98px) 330px, (max-width: 1279.98px) 530px, (max-width: 1899.98px) 690px, 930px\" loading=\"lazy\" \/>                            <\/div>\n                        <\/div>\n                    <\/div>\n                            <\/div>\n\n            <div class=\"col-md-6 col-lg-4\">\n                <div class=\"content-block__body\">\n                    \n                    \n                                            <h3 data-start=\"1373\" data-end=\"1428\">Innovation inom till\u00e4ggning med kraft och precision<\/h3>\n<p data-start=\"1430\" data-end=\"1738\">Samarbetet mellan VETUS, Cummins och Glendinning s\u00e4tter en ny standard f\u00f6r integrerad marin styrning. Genom att kombinera Cummins inombordskraft med Glendinnings ProPilot-teknik och VETUS BOW PRO bogpropellrar skapas en robust och framtidss\u00e4ker l\u00f6sning f\u00f6r b\u00e5t\u00e4gare som kr\u00e4ver tillf\u00f6rlitlighet och precision.<\/p>\n<ul data-start=\"1740\" data-end=\"2143\">\n<li data-start=\"1740\" data-end=\"1843\">\n<p data-start=\"1742\" data-end=\"1843\">Fungerar s\u00f6ml\u00f6st med hela BOW PRO-familjen och s\u00e4kerst\u00e4ller bred kompatibilitet f\u00f6r olika b\u00e5ttyper.<\/p>\n<\/li>\n<li data-start=\"1844\" data-end=\"1950\">\n<p data-start=\"1846\" data-end=\"1950\">Enkel installation med direkt anslutning till befintliga Cummins-styrsystem via VETUS V-CAN-n\u00e4tverket.<\/p>\n<\/li>\n<li data-start=\"1951\" data-end=\"2032\">\n<p data-start=\"1953\" data-end=\"2032\">Anpassad prestanda med fartygsspecifik balansering via ett enkelt PC-program.<\/p>\n<\/li>\n<li data-start=\"2033\" data-end=\"2143\">\n<p data-start=\"2035\" data-end=\"2143\">St\u00f6ds av \u00e5rtionden av marin ingenj\u00f6rsexpertis samt ett omfattande globalt service- och \u00e5terf\u00f6rs\u00e4ljarn\u00e4tverk.<\/p>\n<\/li>\n<\/ul>\n                    \t\t\t\t\t\n                                    <\/div>\n            <\/div>\n        <\/div>\n    <\/div>\n<\/section><\/section>\n\n\n<section class=\"section  \">\n    \n\n<section id=\"section-text-block-block_133734114e36114ffcaf3b15dcaebaf3\" class=\"section text-block \">\n                    <div class=\"section section__body\">\n            <div class=\"text-block\">\n                <div class=\"container\">\n                    <div class=\"row\">\n                        <div class=\"col-lg-8 offset-lg-2\">\n                                                            <div class=\"section__content single__content hentry\">\n                                    <h3 data-start=\"2150\" data-end=\"2199\">Ta din till\u00e4ggningsupplevelse till n\u00e4sta niv\u00e5<\/h3>\n<p data-start=\"2201\" data-end=\"2456\">N\u00e4r VETUS, Cummins Marine och Glendinning arbetar tillsammans blir man\u00f6vrering en sj\u00e4lvklarhet. Denna kraftfulla integration kombinerar tillf\u00f6rlitlighet, avancerad styrning och mjuk prestanda \u2013 och g\u00f6r varje till\u00e4ggning till en trygg och enkel upplevelse.<\/p>\n                                <\/div>\n                            \n                                                            <div class=\"section__actions text-block__actions actions\">\n                                    <div class=\"btn-group d-flex flex-wrap justify-content-center\">\n                                                                                    <a href=\"https:\/\/vetus.com\/sv\/bow-pro-thrustrar\/\" class=\"btn btn-primary\" title=\"\" target=\"_blank\">\n                                                <span>Uppt\u00e4ck v\u00e5ra BOW PRO bogpropellrar<\/span>\n                                            <\/a>\n                                        \n                                                                            <\/div>\n                                <\/div>\n                                                    <\/div>\n                    <\/div>\n                <\/div>\n            <\/div>\n        <\/div>\n    <\/section><\/section>","protected":false},"excerpt":{"rendered":"","protected":false},"author":20,"featured_media":0,"parent":0,"menu_order":0,"comment_status":"closed","ping_status":"closed","template":"tpl-blog-large-header.php","meta":{"_acf_changed":false,"footnotes":""},"class_list":["post-115645","page","type-page","status-publish","hentry"],"acf":{"image":{"ID":115615,"id":115615,"title":"ProPilot-Lifestyle-002","filename":"ProPilot-Lifestyle-002.jpg","filesize":71618,"url":"https:\/\/vetus.com\/wp-content\/uploads\/ProPilot-Lifestyle-002.jpg","link":"https:\/\/vetus.com\/sv\/integration-av-bow-pro-bogpropeller-med-cummins-inombordsmotorer-och-glendinning\/propilot-lifestyle-002-2\/","alt":"","author":"20","description":"","caption":"","name":"propilot-lifestyle-002-2","status":"inherit","uploaded_to":115645,"date":"2025-10-03 06:51:22","modified":"2025-10-03 06:51:22","menu_order":0,"mime_type":"image\/jpeg","type":"image","subtype":"jpeg","icon":"https:\/\/vetus.com\/wp-includes\/images\/media\/default.png","width":798,"height":536,"sizes":{"thumbnail":"https:\/\/vetus.com\/wp-content\/uploads\/ProPilot-Lifestyle-002-150x150.jpg","thumbnail-width":150,"thumbnail-height":150,"medium":"https:\/\/vetus.com\/wp-content\/uploads\/ProPilot-Lifestyle-002-300x202.jpg","medium-width":300,"medium-height":202,"medium_large":"https:\/\/vetus.com\/wp-content\/uploads\/ProPilot-Lifestyle-002-768x516.jpg","medium_large-width":768,"medium_large-height":516,"large":"https:\/\/vetus.com\/wp-content\/uploads\/ProPilot-Lifestyle-002.jpg","large-width":798,"large-height":536,"1536x1536":"https:\/\/vetus.com\/wp-content\/uploads\/ProPilot-Lifestyle-002.jpg","1536x1536-width":798,"1536x1536-height":536,"2048x2048":"https:\/\/vetus.com\/wp-content\/uploads\/ProPilot-Lifestyle-002.jpg","2048x2048-width":798,"2048x2048-height":536,"210w":"https:\/\/vetus.com\/wp-content\/uploads\/ProPilot-Lifestyle-002-210x141.jpg","210w-width":210,"210w-height":141,"330w":"https:\/\/vetus.com\/wp-content\/uploads\/ProPilot-Lifestyle-002-330x222.jpg","330w-width":330,"330w-height":222,"431w":"https:\/\/vetus.com\/wp-content\/uploads\/ProPilot-Lifestyle-002-431x289.jpg","431w-width":431,"431w-height":289,"507w":"https:\/\/vetus.com\/wp-content\/uploads\/ProPilot-Lifestyle-002-507x341.jpg","507w-width":507,"507w-height":341,"530w":"https:\/\/vetus.com\/wp-content\/uploads\/ProPilot-Lifestyle-002-530x356.jpg","530w-width":530,"530w-height":356,"690w":"https:\/\/vetus.com\/wp-content\/uploads\/ProPilot-Lifestyle-002-690x463.jpg","690w-width":690,"690w-height":463,"930w":"https:\/\/vetus.com\/wp-content\/uploads\/ProPilot-Lifestyle-002.jpg","930w-width":798,"930w-height":536,"1170w":"https:\/\/vetus.com\/wp-content\/uploads\/ProPilot-Lifestyle-002.jpg","1170w-width":798,"1170w-height":536,"gform-image-choice-sm":"https:\/\/vetus.com\/wp-content\/uploads\/ProPilot-Lifestyle-002.jpg","gform-image-choice-sm-width":300,"gform-image-choice-sm-height":202,"gform-image-choice-md":"https:\/\/vetus.com\/wp-content\/uploads\/ProPilot-Lifestyle-002.jpg","gform-image-choice-md-width":400,"gform-image-choice-md-height":269,"gform-image-choice-lg":"https:\/\/vetus.com\/wp-content\/uploads\/ProPilot-Lifestyle-002.jpg","gform-image-choice-lg-width":600,"gform-image-choice-lg-height":403}},"introduction":"","person":false,"title":"S\u00f6ml\u00f6s kraft f\u00f6r enkel till\u00e4ggning"},"yoast_head":"<!-- This site is optimized with the Yoast SEO Premium plugin v27.3 (Yoast SEO v27.3) - https:\/\/yoast.com\/product\/yoast-seo-premium-wordpress\/ -->\n<title>Integration av BOW PRO bogpropeller med Cummins inombordsmotorer och Glendinning ProPilot joystick - VETUS<\/title>\n<meta name=\"description\" content=\"F\u00f6r att f\u00f6rb\u00e4ttra till\u00e4ggningsupplevelsen f\u00f6r \u00e4nnu fler b\u00e5t\u00e4gare har VETUS inlett ett samarbete med Cummins Marine och Glendinning, d\u00e4r...\" \/>\n<meta name=\"robots\" content=\"index, follow, max-snippet:-1, max-image-preview:large, max-video-preview:-1\" \/>\n<link rel=\"canonical\" href=\"https:\/\/vetus.com\/sv\/integration-av-bow-pro-bogpropeller-med-cummins-inombordsmotorer-och-glendinning\/\" \/>\n<meta property=\"og:locale\" content=\"sv_SE\" \/>\n<meta property=\"og:type\" content=\"article\" \/>\n<meta property=\"og:title\" content=\"Integration av BOW PRO bogpropeller med Cummins inombordsmotorer och Glendinning ProPilot joystick\" \/>\n<meta property=\"og:description\" content=\"F\u00f6r att f\u00f6rb\u00e4ttra till\u00e4ggningsupplevelsen f\u00f6r \u00e4nnu fler b\u00e5t\u00e4gare har VETUS inlett ett samarbete med Cummins Marine och Glendinning, d\u00e4r...\" \/>\n<meta property=\"og:url\" content=\"https:\/\/vetus.com\/sv\/integration-av-bow-pro-bogpropeller-med-cummins-inombordsmotorer-och-glendinning\/\" \/>\n<meta property=\"og:site_name\" content=\"VETUS\" \/>\n<meta property=\"article:modified_time\" content=\"2026-02-26T10:45:53+00:00\" \/>\n<meta name=\"twitter:card\" content=\"summary_large_image\" \/>\n<meta name=\"twitter:label1\" content=\"Ber\u00e4knad l\u00e4stid\" \/>\n\t<meta name=\"twitter:data1\" content=\"3 minuter\" \/>\n<script type=\"application\/ld+json\" class=\"yoast-schema-graph\">{\"@context\":\"https:\\\/\\\/schema.org\",\"@graph\":[{\"@type\":\"WebPage\",\"@id\":\"https:\\\/\\\/vetus.com\\\/sv\\\/integration-av-bow-pro-bogpropeller-med-cummins-inombordsmotorer-och-glendinning\\\/\",\"url\":\"https:\\\/\\\/vetus.com\\\/sv\\\/integration-av-bow-pro-bogpropeller-med-cummins-inombordsmotorer-och-glendinning\\\/\",\"name\":\"Integration av BOW PRO bogpropeller med Cummins inombordsmotorer och Glendinning ProPilot joystick - VETUS\",\"isPartOf\":{\"@id\":\"https:\\\/\\\/vetus.com\\\/sv\\\/#website\"},\"datePublished\":\"2025-10-02T08:54:36+00:00\",\"dateModified\":\"2026-02-26T10:45:53+00:00\",\"description\":\"F\u00f6r att f\u00f6rb\u00e4ttra till\u00e4ggningsupplevelsen f\u00f6r \u00e4nnu fler b\u00e5t\u00e4gare har VETUS inlett ett samarbete med Cummins Marine och Glendinning, d\u00e4r...\",\"breadcrumb\":{\"@id\":\"https:\\\/\\\/vetus.com\\\/sv\\\/integration-av-bow-pro-bogpropeller-med-cummins-inombordsmotorer-och-glendinning\\\/#breadcrumb\"},\"inLanguage\":\"sv-SE\",\"potentialAction\":[{\"@type\":\"ReadAction\",\"target\":[\"https:\\\/\\\/vetus.com\\\/sv\\\/integration-av-bow-pro-bogpropeller-med-cummins-inombordsmotorer-och-glendinning\\\/\"]}]},{\"@type\":\"BreadcrumbList\",\"@id\":\"https:\\\/\\\/vetus.com\\\/sv\\\/integration-av-bow-pro-bogpropeller-med-cummins-inombordsmotorer-och-glendinning\\\/#breadcrumb\",\"itemListElement\":[{\"@type\":\"ListItem\",\"position\":1,\"name\":\"Home\",\"item\":\"https:\\\/\\\/vetus.com\\\/sv\\\/\"},{\"@type\":\"ListItem\",\"position\":2,\"name\":\"Integration av BOW PRO bogpropeller med Cummins inombordsmotorer och Glendinning ProPilot joystick\"}]},{\"@type\":\"WebSite\",\"@id\":\"https:\\\/\\\/vetus.com\\\/sv\\\/#website\",\"url\":\"https:\\\/\\\/vetus.com\\\/sv\\\/\",\"name\":\"VETUS\",\"description\":\"\",\"potentialAction\":[{\"@type\":\"SearchAction\",\"target\":{\"@type\":\"EntryPoint\",\"urlTemplate\":\"https:\\\/\\\/vetus.com\\\/sv\\\/?s={search_term_string}\"},\"query-input\":{\"@type\":\"PropertyValueSpecification\",\"valueRequired\":true,\"valueName\":\"search_term_string\"}}],\"inLanguage\":\"sv-SE\"}]}<\/script>\n<!-- \/ Yoast SEO Premium plugin. -->","yoast_head_json":{"title":"Integration av BOW PRO bogpropeller med Cummins inombordsmotorer och Glendinning ProPilot joystick - VETUS","description":"F\u00f6r att f\u00f6rb\u00e4ttra till\u00e4ggningsupplevelsen f\u00f6r \u00e4nnu fler b\u00e5t\u00e4gare har VETUS inlett ett samarbete med Cummins Marine och Glendinning, d\u00e4r...","robots":{"index":"index","follow":"follow","max-snippet":"max-snippet:-1","max-image-preview":"max-image-preview:large","max-video-preview":"max-video-preview:-1"},"canonical":"https:\/\/vetus.com\/sv\/integration-av-bow-pro-bogpropeller-med-cummins-inombordsmotorer-och-glendinning\/","og_locale":"sv_SE","og_type":"article","og_title":"Integration av BOW PRO bogpropeller med Cummins inombordsmotorer och Glendinning ProPilot joystick","og_description":"F\u00f6r att f\u00f6rb\u00e4ttra till\u00e4ggningsupplevelsen f\u00f6r \u00e4nnu fler b\u00e5t\u00e4gare har VETUS inlett ett samarbete med Cummins Marine och Glendinning, d\u00e4r...","og_url":"https:\/\/vetus.com\/sv\/integration-av-bow-pro-bogpropeller-med-cummins-inombordsmotorer-och-glendinning\/","og_site_name":"VETUS","article_modified_time":"2026-02-26T10:45:53+00:00","twitter_card":"summary_large_image","twitter_misc":{"Ber\u00e4knad l\u00e4stid":"3 minuter"},"schema":{"@context":"https:\/\/schema.org","@graph":[{"@type":"WebPage","@id":"https:\/\/vetus.com\/sv\/integration-av-bow-pro-bogpropeller-med-cummins-inombordsmotorer-och-glendinning\/","url":"https:\/\/vetus.com\/sv\/integration-av-bow-pro-bogpropeller-med-cummins-inombordsmotorer-och-glendinning\/","name":"Integration av BOW PRO bogpropeller med Cummins inombordsmotorer och Glendinning ProPilot joystick - VETUS","isPartOf":{"@id":"https:\/\/vetus.com\/sv\/#website"},"datePublished":"2025-10-02T08:54:36+00:00","dateModified":"2026-02-26T10:45:53+00:00","description":"F\u00f6r att f\u00f6rb\u00e4ttra till\u00e4ggningsupplevelsen f\u00f6r \u00e4nnu fler b\u00e5t\u00e4gare har VETUS inlett ett samarbete med Cummins Marine och Glendinning, d\u00e4r...","breadcrumb":{"@id":"https:\/\/vetus.com\/sv\/integration-av-bow-pro-bogpropeller-med-cummins-inombordsmotorer-och-glendinning\/#breadcrumb"},"inLanguage":"sv-SE","potentialAction":[{"@type":"ReadAction","target":["https:\/\/vetus.com\/sv\/integration-av-bow-pro-bogpropeller-med-cummins-inombordsmotorer-och-glendinning\/"]}]},{"@type":"BreadcrumbList","@id":"https:\/\/vetus.com\/sv\/integration-av-bow-pro-bogpropeller-med-cummins-inombordsmotorer-och-glendinning\/#breadcrumb","itemListElement":[{"@type":"ListItem","position":1,"name":"Home","item":"https:\/\/vetus.com\/sv\/"},{"@type":"ListItem","position":2,"name":"Integration av BOW PRO bogpropeller med Cummins inombordsmotorer och Glendinning ProPilot joystick"}]},{"@type":"WebSite","@id":"https:\/\/vetus.com\/sv\/#website","url":"https:\/\/vetus.com\/sv\/","name":"VETUS","description":"","potentialAction":[{"@type":"SearchAction","target":{"@type":"EntryPoint","urlTemplate":"https:\/\/vetus.com\/sv\/?s={search_term_string}"},"query-input":{"@type":"PropertyValueSpecification","valueRequired":true,"valueName":"search_term_string"}}],"inLanguage":"sv-SE"}]}},"_links":{"self":[{"href":"https:\/\/vetus.com\/sv\/wp-json\/wp\/v2\/pages\/115645","targetHints":{"allow":["GET"]}}],"collection":[{"href":"https:\/\/vetus.com\/sv\/wp-json\/wp\/v2\/pages"}],"about":[{"href":"https:\/\/vetus.com\/sv\/wp-json\/wp\/v2\/types\/page"}],"author":[{"embeddable":true,"href":"https:\/\/vetus.com\/sv\/wp-json\/wp\/v2\/users\/20"}],"replies":[{"embeddable":true,"href":"https:\/\/vetus.com\/sv\/wp-json\/wp\/v2\/comments?post=115645"}],"version-history":[{"count":5,"href":"https:\/\/vetus.com\/sv\/wp-json\/wp\/v2\/pages\/115645\/revisions"}],"predecessor-version":[{"id":122702,"href":"https:\/\/vetus.com\/sv\/wp-json\/wp\/v2\/pages\/115645\/revisions\/122702"}],"wp:attachment":[{"href":"https:\/\/vetus.com\/sv\/wp-json\/wp\/v2\/media?parent=115645"}],"curies":[{"name":"wp","href":"https:\/\/api.w.org\/{rel}","templated":true}]}}