{"id":106788,"date":"2025-05-14T15:48:07","date_gmt":"2025-05-14T13:48:07","guid":{"rendered":"https:\/\/vetus.com\/vetus-kampanjer\/vetus-m-line-repowering-kit-for-volvo-penta-saildrives\/"},"modified":"2026-03-27T17:24:22","modified_gmt":"2026-03-27T15:24:22","slug":"vetus-m-line-ombyggnadssats-for-volvo-penta-saildrives","status":"publish","type":"page","link":"https:\/\/vetus.com\/sv\/vetus-kampanjer\/vetus-m-line-ombyggnadssats-for-volvo-penta-saildrives\/","title":{"rendered":"VETUS M-Line ombyggnadssats f\u00f6r Volvo Penta Saildrives"},"content":{"rendered":"\n<section class=\"section  \">\n    \n\n<section id=\"section-text-block-block_6e9252f4428ce016ca8c5fdcb642f606\" class=\"section text-block \">\n                    <div class=\"section section__body\">\n            <div class=\"text-block\">\n                <div class=\"container\">\n                    <div class=\"row\">\n                        <div class=\"col-lg-8 offset-lg-2\">\n                                                            <div class=\"section__content single__content hentry\">\n                                    <h4>M-LINE marin dieselmotor med vattenkyld k\u00e5pa \u2013 \u00e4ven kompatibel med Volvo Penta 110S och 120S(B) saildrives<\/h4>\n<p>Om din segelb\u00e5t \u00e4r utrustad med en \u00e4ldre Volvo Penta-motor med saildrive 110S, 120S eller 120SB, erbjuder VETUS en smart och framtidss\u00e4ker l\u00f6sning. Med VETUS anslutningssats kan du enkelt installera en ny M-LINE-motor p\u00e5 din befintliga Volvo saildrive \u2013 utan n\u00e5gra modifieringar av skrovet.<\/p>\n<p>Ladda ner den fullst\u00e4ndiga kompatibilitetstabellen f\u00f6r Volvo Penta saildrives och VETUS M-LINE-motorer <strong><a href=\"https:\/\/vetus.com\/wp-content\/uploads\/Saildrive-table.pdf\" target=\"_blank\" rel=\"noopener\">h\u00e4r (PDF)<\/a><\/strong>.<\/p>\n<p>VETUS <a href=\"https:\/\/webshop.vetus.com\/en\/products\/engines\/m-line-engines\" target=\"_blank\" rel=\"noopener\">M-LINE<\/a> \u00e4r konstruerad enligt dagens krav och erbjuder tyst g\u00e5ng, f\u00f6rb\u00e4ttrad br\u00e4nsleekonomi och st\u00f6d f\u00f6r renare br\u00e4nslen som <a href=\"https:\/\/vetus.com\/vetus-campaigns\/d-line-and-m-line-on-hvo-fuel\/\" target=\"_blank\" rel=\"noopener\">HVO<\/a>. Den integrerade vattenkylda k\u00e5pan reducerar ljudniv\u00e5n i motorrummet och bidrar till \u00f6kad v\u00e4rmeeffektivitet. Tillsammans med v\u00e5ra skr\u00e4ddarsydda adaptersatser \u00e4r detta ett smart s\u00e4tt att f\u00f6rb\u00e4ttra prestandan samtidigt som ditt befintliga saildrivesystem bevaras.<\/p>\n                                <\/div>\n                            \n                                                            <div class=\"section__actions text-block__actions actions\">\n                                    <div class=\"btn-group d-flex flex-wrap justify-content-center\">\n                                                                                    <a href=\"https:\/\/vetus.com\/wp-content\/uploads\/Saildrive-table.pdf\" class=\"btn btn-secondary\" title=\"\" target=\"_blank\">\n                                                <span>Ladda ner kompatibilitetstabell<\/span>\n                                            <\/a>\n                                        \n                                                                                    <a href=\"https:\/\/webshop.vetus.com\/en\/products\/engines\/m-line-engines\" class=\"btn btn-primary\" title=\"\" target=\"_blank\">\n                                                <span>Utforska v\u00e5ra M-LINE-motorer<\/span>\n                                            <\/a>\n                                                                            <\/div>\n                                <\/div>\n                                                    <\/div>\n                    <\/div>\n                <\/div>\n            <\/div>\n        <\/div>\n    <\/section><\/section>\n\n<section class=\"section section--colored bg-light content-blocks bg-light   \">\n    \n<section id=\"content-block-1-block_4d619aebe9bc2b98f5547f1d4d2c17d0\" class=\"section content-block content-block--image \">\n    <div class=\"container\">\n        <div class=\"row d-flex align-items-center flex-md-row-reverse\">\n\n            <div class=\"col-md-6 col-lg-7 offset-lg-1\">\n                                    <div class=\"content-block__visuals\">\n                        <div class=\"content-block__media media--clipped media ratio\">\n                            <div class=\"media__wrapper\">\n                                <img decoding=\"async\" width=\"690\" height=\"460\" src=\"https:\/\/vetus.com\/wp-content\/uploads\/PNG-DSC07594-690x460.png\" class=\"media__source img-fit\" alt=\"\" srcset=\"https:\/\/vetus.com\/wp-content\/uploads\/PNG-DSC07594-690x460.png 690w, https:\/\/vetus.com\/wp-content\/uploads\/PNG-DSC07594-300x200.png 300w, https:\/\/vetus.com\/wp-content\/uploads\/PNG-DSC07594-768x512.png 768w, https:\/\/vetus.com\/wp-content\/uploads\/PNG-DSC07594-210x140.png 210w, https:\/\/vetus.com\/wp-content\/uploads\/PNG-DSC07594-330x220.png 330w, https:\/\/vetus.com\/wp-content\/uploads\/PNG-DSC07594-431x287.png 431w, https:\/\/vetus.com\/wp-content\/uploads\/PNG-DSC07594-507x338.png 507w, https:\/\/vetus.com\/wp-content\/uploads\/PNG-DSC07594-530x353.png 530w, https:\/\/vetus.com\/wp-content\/uploads\/PNG-DSC07594-930x620.png 930w, https:\/\/vetus.com\/wp-content\/uploads\/PNG-DSC07594-1170x780.png 1170w\" sizes=\"auto, (max-width: 575.98px) 431px, (max-width: 767.98px) 530px, (max-width: 991.98px) 330px, (max-width: 1279.98px) 530px, (max-width: 1899.98px) 690px, 930px\" loading=\"lazy\" \/>                            <\/div>\n                        <\/div>\n                    <\/div>\n                            <\/div>\n\n            <div class=\"col-md-6 col-lg-4\">\n                <div class=\"content-block__body\">\n                    \n                    \n                                            <h3>Varf\u00f6r v\u00e4lja VETUS f\u00f6r att byta motor i din segelb\u00e5t?<\/h3>\n<ul>\n<li><strong>S\u00f6ml\u00f6s integration<\/strong><br \/>VETUS anslutningssats s\u00e4kerst\u00e4ller perfekt passform mellan M-LINE-motorn och din befintliga Volvo saildrive \u2013 utan skrovmodifieringar.<\/li>\n<li><strong>Modern prestanda<\/strong><br \/>Uppgradera till en p\u00e5litlig, br\u00e4nsleeffektiv och l\u00e5gemitterande dieselmotor som uppfyller dagens standarder.<\/li>\n<li><strong>Kostnadseffektiv l\u00f6sning<\/strong><br \/>Beh\u00e5ll ditt befintliga saildrivesystem och undvik kostnaderna f\u00f6r att byta hela drivlinan.<\/li>\n<li><strong>Experthj\u00e4lp<\/strong><br \/>V\u00e5rt n\u00e4tverk av \u00e5terf\u00f6rs\u00e4ljare och tekniker finns tillg\u00e4ngligt f\u00f6r att guida dig genom hela processen.<\/li>\n<\/ul>\n                    \t\t\t\t\t\n                                    <\/div>\n            <\/div>\n        <\/div>\n    <\/div>\n<\/section><\/section>\n\n\n<section class=\"section  \">\n    \n<section id=\"content-block-1-block_a84da6b4a56a6dee09259ba1f464af74\" class=\"section content-block content-block--image \">\n    <div class=\"container\">\n        <div class=\"row d-flex align-items-center\">\n\n            <div class=\"col-md-6 col-lg-7\">\n                                    <div class=\"content-block__visuals\">\n                        <div class=\"content-block__media media--clipped media ratio\">\n                            <div class=\"media__wrapper\">\n                                <img decoding=\"async\" width=\"690\" height=\"552\" src=\"https:\/\/vetus.com\/wp-content\/uploads\/M-LINE-Saildrive-FLEXOFOLD_2-690x552.png\" class=\"media__source img-fit\" alt=\"M-LINE Marine Diesel Engine with water-cooled cover also suitable for Volvo Penta 110S and 120S(B) Saildrives\" srcset=\"https:\/\/vetus.com\/wp-content\/uploads\/M-LINE-Saildrive-FLEXOFOLD_2-690x552.png 690w, https:\/\/vetus.com\/wp-content\/uploads\/M-LINE-Saildrive-FLEXOFOLD_2-300x240.png 300w, https:\/\/vetus.com\/wp-content\/uploads\/M-LINE-Saildrive-FLEXOFOLD_2-768x615.png 768w, https:\/\/vetus.com\/wp-content\/uploads\/M-LINE-Saildrive-FLEXOFOLD_2-210x168.png 210w, https:\/\/vetus.com\/wp-content\/uploads\/M-LINE-Saildrive-FLEXOFOLD_2-330x264.png 330w, https:\/\/vetus.com\/wp-content\/uploads\/M-LINE-Saildrive-FLEXOFOLD_2-431x345.png 431w, https:\/\/vetus.com\/wp-content\/uploads\/M-LINE-Saildrive-FLEXOFOLD_2-507x406.png 507w, https:\/\/vetus.com\/wp-content\/uploads\/M-LINE-Saildrive-FLEXOFOLD_2-530x424.png 530w, https:\/\/vetus.com\/wp-content\/uploads\/M-LINE-Saildrive-FLEXOFOLD_2-930x744.png 930w, https:\/\/vetus.com\/wp-content\/uploads\/M-LINE-Saildrive-FLEXOFOLD_2-1170x936.png 1170w\" sizes=\"auto, (max-width: 575.98px) 431px, (max-width: 767.98px) 530px, (max-width: 991.98px) 330px, (max-width: 1279.98px) 530px, (max-width: 1899.98px) 690px, 930px\" loading=\"lazy\" \/>                            <\/div>\n                        <\/div>\n                    <\/div>\n                            <\/div>\n\n            <div class=\"col-md-6 col-lg-4 offset-lg-1\">\n                <div class=\"content-block__body\">\n                    \n                    \n                                            <h3>Att t\u00e4nka p\u00e5 kring saildrives vid motorbyte i din segelb\u00e5t<\/h3>\n<p>Saildrives ger j\u00e4mnare drift, mindre vibrationer och b\u00e4ttre br\u00e4nsleekonomi j\u00e4mf\u00f6rt med traditionella axelinstallationer \u2013 vilket g\u00f6r dem popul\u00e4ra bland seglare som uppskattar tyst och p\u00e5litlig prestanda. Vid motorbyte \u00e4r det ett bra tillf\u00e4lle att kontrollera och serva din saildrive. Den spelar en avg\u00f6rande roll f\u00f6r hur mjukt och tyst b\u00e5ten g\u00e5r. Att \u00e5tg\u00e4rda slitdelar som t\u00e4tningar, f\u00e4sten eller b\u00e4lg i f\u00f6rv\u00e4g hj\u00e4lper dig att undvika framtida problem och ser till att den nya motorn levererar som den ska.<\/p>\n<p><span class=\"relative\">Det \u00e4r ocks\u00e5 viktigt att kontrollera utv\u00e4xlingen: \u00e4ldre modeller som 110S med 1.66:1 kan vara mindre l\u00e4mpliga f\u00f6r moderna h\u00f6gvarviga motorer.<\/span> <span class=\"relative\">VETUS tekniker kan analysera din installation och rekommendera r\u00e4tt propeller eller justeringar f\u00f6r optimal prestanda.<\/span><\/p>\n<p>Om din saildrive fr\u00e5n Volvo beh\u00f6ver bytas ut, erbjuder VETUS fullt kompatibla modeller f\u00f6r smidig integration med den nya motorn.<\/p>\n                    \t\t\t\t\t\n                                    <\/div>\n            <\/div>\n        <\/div>\n    <\/div>\n<\/section>\n\n<section id=\"section-text-block-block_a84da6b4a56a6dee09259ba1f464af74\" class=\"section text-block \">\n                    <div class=\"section section__body\">\n            <div class=\"text-block\">\n                <div class=\"container\">\n                    <div class=\"row\">\n                        <div class=\"col-lg-8 offset-lg-2\">\n                                                            <div class=\"section__content single__content hentry\">\n                                    <h4><strong>Redo att uppgradera din segelb\u00e5t med f\u00f6rtroende?<\/strong><\/h4>\n<p>Att modernisera framdrivningen beh\u00f6ver inte betyda en total ombyggnad. VETUS erbjuder en smart l\u00f6sning d\u00e4r modern M-LINE-teknik kombineras med anpassade adaptersatser f\u00f6r Volvo Penta saildrives. F\u00f6r personlig r\u00e5dgivning och professionell installation finns v\u00e5rt internationella n\u00e4tverk av VETUS-\u00e5terf\u00f6rs\u00e4ljare och tekniker till ditt f\u00f6rfogande.<\/p>\n<h4>Expertr\u00e5dgivning \u2013 var du \u00e4n seglar<\/h4>\n<p>Med VETUS f\u00e5r du hj\u00e4lp att v\u00e4lja r\u00e4tt M-LINE-motor och s\u00e4kerst\u00e4lla en perfekt koppling till din saildrive. Vi f\u00f6rmedlar kontakt med en p\u00e5litlig \u00e5terf\u00f6rs\u00e4ljare eller tekniker i ditt omr\u00e5de.<\/p>\n                                <\/div>\n                            \n                                                            <div class=\"section__actions text-block__actions actions\">\n                                    <div class=\"btn-group d-flex flex-wrap justify-content-center\">\n                                                                                    <a href=\"https:\/\/vetus.com\/sailboat-repowering-quote\/\" class=\"btn btn-secondary\" title=\"\" target=\"_blank\">\n                                                <span>Beg\u00e4r offert nu<\/span>\n                                            <\/a>\n                                        \n                                                                                    <a href=\"https:\/\/vetus.com\/sailboat-expert-advise-request\/\" class=\"btn btn-primary\" title=\"\" target=\"_blank\">\n                                                <span>F\u00e5 r\u00e5dgivning f\u00f6rst<\/span>\n                                            <\/a>\n                                                                            <\/div>\n                                <\/div>\n                                                    <\/div>\n                    <\/div>\n                <\/div>\n            <\/div>\n        <\/div>\n    <\/section><\/section>\n","protected":false},"excerpt":{"rendered":"","protected":false},"author":25,"featured_media":106135,"parent":32276,"menu_order":0,"comment_status":"closed","ping_status":"closed","template":"tpl-home.php","meta":{"_acf_changed":false,"footnotes":""},"class_list":["post-106788","page","type-page","status-publish","has-post-thumbnail","hentry"],"acf":{"button":"","button_secondary":"","introduction":"","person":false,"title":"VETUS M-Line ombyggnadssats f\u00f6r Volvo Penta Saildrives","yellow_button":{"title":"","url":"","target":"","0":""},"video":false,"background_image":{"ID":106135,"id":106135,"title":"shutterstock_139389128 (3)","filename":"shutterstock_139389128-3-scaled.png","filesize":1225729,"url":"https:\/\/vetus.com\/wp-content\/uploads\/shutterstock_139389128-3-scaled.png","link":"https:\/\/vetus.com\/sv\/vetus-kampanjer\/vetus-m-line-ombyggnadssats-for-volvo-penta-saildrives\/shutterstock_139389128-3-2\/","alt":"","author":"25","description":"","caption":"","name":"shutterstock_139389128-3-2","status":"inherit","uploaded_to":106788,"date":"2025-05-13 11:50:42","modified":"2025-05-13 11:50:42","menu_order":0,"mime_type":"image\/png","type":"image","subtype":"png","icon":"https:\/\/vetus.com\/wp-includes\/images\/media\/default.png","width":2560,"height":1103,"sizes":{"thumbnail":"https:\/\/vetus.com\/wp-content\/uploads\/shutterstock_139389128-3-150x150.png","thumbnail-width":150,"thumbnail-height":150,"medium":"https:\/\/vetus.com\/wp-content\/uploads\/shutterstock_139389128-3-300x129.png","medium-width":300,"medium-height":129,"medium_large":"https:\/\/vetus.com\/wp-content\/uploads\/shutterstock_139389128-3-768x331.png","medium_large-width":768,"medium_large-height":331,"large":"https:\/\/vetus.com\/wp-content\/uploads\/shutterstock_139389128-3-scaled.png","large-width":1024,"large-height":441,"1536x1536":"https:\/\/vetus.com\/wp-content\/uploads\/shutterstock_139389128-3-scaled.png","1536x1536-width":1536,"1536x1536-height":662,"2048x2048":"https:\/\/vetus.com\/wp-content\/uploads\/shutterstock_139389128-3-scaled.png","2048x2048-width":2048,"2048x2048-height":882,"210w":"https:\/\/vetus.com\/wp-content\/uploads\/shutterstock_139389128-3-210x91.png","210w-width":210,"210w-height":91,"330w":"https:\/\/vetus.com\/wp-content\/uploads\/shutterstock_139389128-3-330x142.png","330w-width":330,"330w-height":142,"431w":"https:\/\/vetus.com\/wp-content\/uploads\/shutterstock_139389128-3-431x186.png","431w-width":431,"431w-height":186,"507w":"https:\/\/vetus.com\/wp-content\/uploads\/shutterstock_139389128-3-507x219.png","507w-width":507,"507w-height":219,"530w":"https:\/\/vetus.com\/wp-content\/uploads\/shutterstock_139389128-3-530x228.png","530w-width":530,"530w-height":228,"690w":"https:\/\/vetus.com\/wp-content\/uploads\/shutterstock_139389128-3-690x297.png","690w-width":690,"690w-height":297,"930w":"https:\/\/vetus.com\/wp-content\/uploads\/shutterstock_139389128-3-930x401.png","930w-width":930,"930w-height":401,"1170w":"https:\/\/vetus.com\/wp-content\/uploads\/shutterstock_139389128-3-1170x504.png","1170w-width":1170,"1170w-height":504,"gform-image-choice-sm":"https:\/\/vetus.com\/wp-content\/uploads\/shutterstock_139389128-3-scaled.png","gform-image-choice-sm-width":300,"gform-image-choice-sm-height":129,"gform-image-choice-md":"https:\/\/vetus.com\/wp-content\/uploads\/shutterstock_139389128-3-scaled.png","gform-image-choice-md-width":400,"gform-image-choice-md-height":172,"gform-image-choice-lg":"https:\/\/vetus.com\/wp-content\/uploads\/shutterstock_139389128-3-scaled.png","gform-image-choice-lg-width":600,"gform-image-choice-lg-height":259}}},"yoast_head":"<!-- This site is optimized with the Yoast SEO Premium plugin v27.3 (Yoast SEO v27.3) - https:\/\/yoast.com\/product\/yoast-seo-premium-wordpress\/ -->\n<title>VETUS M-Line ombyggnadssats f\u00f6r Volvo Penta Saildrives - VETUS<\/title>\n<meta name=\"description\" content=\"M-LINE marin dieselmotor med vattenkyld k\u00e5pa \u2013 \u00e4ven kompatibel med Volvo Penta 110S och 120S(B) saildrives ...\" \/>\n<meta name=\"robots\" content=\"index, follow, max-snippet:-1, max-image-preview:large, max-video-preview:-1\" \/>\n<link rel=\"canonical\" href=\"https:\/\/vetus.com\/sv\/vetus-kampanjer\/vetus-m-line-ombyggnadssats-for-volvo-penta-saildrives\/\" \/>\n<meta property=\"og:locale\" content=\"sv_SE\" \/>\n<meta property=\"og:type\" content=\"article\" \/>\n<meta property=\"og:title\" content=\"VETUS M-Line ombyggnadssats f\u00f6r Volvo Penta Saildrives\" \/>\n<meta property=\"og:description\" content=\"M-LINE marin dieselmotor med vattenkyld k\u00e5pa \u2013 \u00e4ven kompatibel med Volvo Penta 110S och 120S(B) saildrives ...\" \/>\n<meta property=\"og:url\" content=\"https:\/\/vetus.com\/sv\/vetus-kampanjer\/vetus-m-line-ombyggnadssats-for-volvo-penta-saildrives\/\" \/>\n<meta property=\"og:site_name\" content=\"VETUS\" \/>\n<meta property=\"article:modified_time\" content=\"2026-03-27T15:24:22+00:00\" \/>\n<meta property=\"og:image\" content=\"https:\/\/vetus.com\/wp-content\/uploads\/shutterstock_139389128-3-scaled.png\" \/>\n\t<meta property=\"og:image:width\" content=\"2560\" \/>\n\t<meta property=\"og:image:height\" content=\"1103\" \/>\n\t<meta property=\"og:image:type\" content=\"image\/png\" \/>\n<meta name=\"twitter:card\" content=\"summary_large_image\" \/>\n<meta name=\"twitter:label1\" content=\"Ber\u00e4knad l\u00e4stid\" \/>\n\t<meta name=\"twitter:data1\" content=\"3 minuter\" \/>\n<script type=\"application\/ld+json\" class=\"yoast-schema-graph\">{\"@context\":\"https:\\\/\\\/schema.org\",\"@graph\":[{\"@type\":\"WebPage\",\"@id\":\"https:\\\/\\\/vetus.com\\\/sv\\\/vetus-kampanjer\\\/vetus-m-line-ombyggnadssats-for-volvo-penta-saildrives\\\/\",\"url\":\"https:\\\/\\\/vetus.com\\\/sv\\\/vetus-kampanjer\\\/vetus-m-line-ombyggnadssats-for-volvo-penta-saildrives\\\/\",\"name\":\"VETUS M-Line ombyggnadssats f\u00f6r Volvo Penta Saildrives - VETUS\",\"isPartOf\":{\"@id\":\"https:\\\/\\\/vetus.com\\\/sv\\\/#website\"},\"primaryImageOfPage\":{\"@id\":\"https:\\\/\\\/vetus.com\\\/sv\\\/vetus-kampanjer\\\/vetus-m-line-ombyggnadssats-for-volvo-penta-saildrives\\\/#primaryimage\"},\"image\":{\"@id\":\"https:\\\/\\\/vetus.com\\\/sv\\\/vetus-kampanjer\\\/vetus-m-line-ombyggnadssats-for-volvo-penta-saildrives\\\/#primaryimage\"},\"thumbnailUrl\":\"https:\\\/\\\/vetus.com\\\/wp-content\\\/uploads\\\/shutterstock_139389128-3-scaled.png\",\"datePublished\":\"2025-05-14T13:48:07+00:00\",\"dateModified\":\"2026-03-27T15:24:22+00:00\",\"description\":\"M-LINE marin dieselmotor med vattenkyld k\u00e5pa \u2013 \u00e4ven kompatibel med Volvo Penta 110S och 120S(B) saildrives ...\",\"breadcrumb\":{\"@id\":\"https:\\\/\\\/vetus.com\\\/sv\\\/vetus-kampanjer\\\/vetus-m-line-ombyggnadssats-for-volvo-penta-saildrives\\\/#breadcrumb\"},\"inLanguage\":\"sv-SE\",\"potentialAction\":[{\"@type\":\"ReadAction\",\"target\":[\"https:\\\/\\\/vetus.com\\\/sv\\\/vetus-kampanjer\\\/vetus-m-line-ombyggnadssats-for-volvo-penta-saildrives\\\/\"]}]},{\"@type\":\"ImageObject\",\"inLanguage\":\"sv-SE\",\"@id\":\"https:\\\/\\\/vetus.com\\\/sv\\\/vetus-kampanjer\\\/vetus-m-line-ombyggnadssats-for-volvo-penta-saildrives\\\/#primaryimage\",\"url\":\"https:\\\/\\\/vetus.com\\\/wp-content\\\/uploads\\\/shutterstock_139389128-3-scaled.png\",\"contentUrl\":\"https:\\\/\\\/vetus.com\\\/wp-content\\\/uploads\\\/shutterstock_139389128-3-scaled.png\",\"width\":2560,\"height\":1103},{\"@type\":\"BreadcrumbList\",\"@id\":\"https:\\\/\\\/vetus.com\\\/sv\\\/vetus-kampanjer\\\/vetus-m-line-ombyggnadssats-for-volvo-penta-saildrives\\\/#breadcrumb\",\"itemListElement\":[{\"@type\":\"ListItem\",\"position\":1,\"name\":\"Home\",\"item\":\"https:\\\/\\\/vetus.com\\\/sv\\\/\"},{\"@type\":\"ListItem\",\"position\":2,\"name\":\"VETUS kampanjer\",\"item\":\"https:\\\/\\\/vetus.com\\\/sv\\\/vetus-kampanjer\\\/\"},{\"@type\":\"ListItem\",\"position\":3,\"name\":\"VETUS M-Line ombyggnadssats f\u00f6r Volvo Penta Saildrives\"}]},{\"@type\":\"WebSite\",\"@id\":\"https:\\\/\\\/vetus.com\\\/sv\\\/#website\",\"url\":\"https:\\\/\\\/vetus.com\\\/sv\\\/\",\"name\":\"VETUS\",\"description\":\"\",\"potentialAction\":[{\"@type\":\"SearchAction\",\"target\":{\"@type\":\"EntryPoint\",\"urlTemplate\":\"https:\\\/\\\/vetus.com\\\/sv\\\/?s={search_term_string}\"},\"query-input\":{\"@type\":\"PropertyValueSpecification\",\"valueRequired\":true,\"valueName\":\"search_term_string\"}}],\"inLanguage\":\"sv-SE\"}]}<\/script>\n<!-- \/ Yoast SEO Premium plugin. -->","yoast_head_json":{"title":"VETUS M-Line ombyggnadssats f\u00f6r Volvo Penta Saildrives - VETUS","description":"M-LINE marin dieselmotor med vattenkyld k\u00e5pa \u2013 \u00e4ven kompatibel med Volvo Penta 110S och 120S(B) saildrives ...","robots":{"index":"index","follow":"follow","max-snippet":"max-snippet:-1","max-image-preview":"max-image-preview:large","max-video-preview":"max-video-preview:-1"},"canonical":"https:\/\/vetus.com\/sv\/vetus-kampanjer\/vetus-m-line-ombyggnadssats-for-volvo-penta-saildrives\/","og_locale":"sv_SE","og_type":"article","og_title":"VETUS M-Line ombyggnadssats f\u00f6r Volvo Penta Saildrives","og_description":"M-LINE marin dieselmotor med vattenkyld k\u00e5pa \u2013 \u00e4ven kompatibel med Volvo Penta 110S och 120S(B) saildrives ...","og_url":"https:\/\/vetus.com\/sv\/vetus-kampanjer\/vetus-m-line-ombyggnadssats-for-volvo-penta-saildrives\/","og_site_name":"VETUS","article_modified_time":"2026-03-27T15:24:22+00:00","og_image":[{"width":2560,"height":1103,"url":"https:\/\/vetus.com\/wp-content\/uploads\/shutterstock_139389128-3-scaled.png","type":"image\/png"}],"twitter_card":"summary_large_image","twitter_misc":{"Ber\u00e4knad l\u00e4stid":"3 minuter"},"schema":{"@context":"https:\/\/schema.org","@graph":[{"@type":"WebPage","@id":"https:\/\/vetus.com\/sv\/vetus-kampanjer\/vetus-m-line-ombyggnadssats-for-volvo-penta-saildrives\/","url":"https:\/\/vetus.com\/sv\/vetus-kampanjer\/vetus-m-line-ombyggnadssats-for-volvo-penta-saildrives\/","name":"VETUS M-Line ombyggnadssats f\u00f6r Volvo Penta Saildrives - VETUS","isPartOf":{"@id":"https:\/\/vetus.com\/sv\/#website"},"primaryImageOfPage":{"@id":"https:\/\/vetus.com\/sv\/vetus-kampanjer\/vetus-m-line-ombyggnadssats-for-volvo-penta-saildrives\/#primaryimage"},"image":{"@id":"https:\/\/vetus.com\/sv\/vetus-kampanjer\/vetus-m-line-ombyggnadssats-for-volvo-penta-saildrives\/#primaryimage"},"thumbnailUrl":"https:\/\/vetus.com\/wp-content\/uploads\/shutterstock_139389128-3-scaled.png","datePublished":"2025-05-14T13:48:07+00:00","dateModified":"2026-03-27T15:24:22+00:00","description":"M-LINE marin dieselmotor med vattenkyld k\u00e5pa \u2013 \u00e4ven kompatibel med Volvo Penta 110S och 120S(B) saildrives ...","breadcrumb":{"@id":"https:\/\/vetus.com\/sv\/vetus-kampanjer\/vetus-m-line-ombyggnadssats-for-volvo-penta-saildrives\/#breadcrumb"},"inLanguage":"sv-SE","potentialAction":[{"@type":"ReadAction","target":["https:\/\/vetus.com\/sv\/vetus-kampanjer\/vetus-m-line-ombyggnadssats-for-volvo-penta-saildrives\/"]}]},{"@type":"ImageObject","inLanguage":"sv-SE","@id":"https:\/\/vetus.com\/sv\/vetus-kampanjer\/vetus-m-line-ombyggnadssats-for-volvo-penta-saildrives\/#primaryimage","url":"https:\/\/vetus.com\/wp-content\/uploads\/shutterstock_139389128-3-scaled.png","contentUrl":"https:\/\/vetus.com\/wp-content\/uploads\/shutterstock_139389128-3-scaled.png","width":2560,"height":1103},{"@type":"BreadcrumbList","@id":"https:\/\/vetus.com\/sv\/vetus-kampanjer\/vetus-m-line-ombyggnadssats-for-volvo-penta-saildrives\/#breadcrumb","itemListElement":[{"@type":"ListItem","position":1,"name":"Home","item":"https:\/\/vetus.com\/sv\/"},{"@type":"ListItem","position":2,"name":"VETUS kampanjer","item":"https:\/\/vetus.com\/sv\/vetus-kampanjer\/"},{"@type":"ListItem","position":3,"name":"VETUS M-Line ombyggnadssats f\u00f6r Volvo Penta Saildrives"}]},{"@type":"WebSite","@id":"https:\/\/vetus.com\/sv\/#website","url":"https:\/\/vetus.com\/sv\/","name":"VETUS","description":"","potentialAction":[{"@type":"SearchAction","target":{"@type":"EntryPoint","urlTemplate":"https:\/\/vetus.com\/sv\/?s={search_term_string}"},"query-input":{"@type":"PropertyValueSpecification","valueRequired":true,"valueName":"search_term_string"}}],"inLanguage":"sv-SE"}]}},"_links":{"self":[{"href":"https:\/\/vetus.com\/sv\/wp-json\/wp\/v2\/pages\/106788","targetHints":{"allow":["GET"]}}],"collection":[{"href":"https:\/\/vetus.com\/sv\/wp-json\/wp\/v2\/pages"}],"about":[{"href":"https:\/\/vetus.com\/sv\/wp-json\/wp\/v2\/types\/page"}],"author":[{"embeddable":true,"href":"https:\/\/vetus.com\/sv\/wp-json\/wp\/v2\/users\/25"}],"replies":[{"embeddable":true,"href":"https:\/\/vetus.com\/sv\/wp-json\/wp\/v2\/comments?post=106788"}],"version-history":[{"count":3,"href":"https:\/\/vetus.com\/sv\/wp-json\/wp\/v2\/pages\/106788\/revisions"}],"predecessor-version":[{"id":106791,"href":"https:\/\/vetus.com\/sv\/wp-json\/wp\/v2\/pages\/106788\/revisions\/106791"}],"up":[{"embeddable":true,"href":"https:\/\/vetus.com\/sv\/wp-json\/wp\/v2\/pages\/32276"}],"wp:featuredmedia":[{"embeddable":true,"href":"https:\/\/vetus.com\/sv\/wp-json\/wp\/v2\/media\/106135"}],"wp:attachment":[{"href":"https:\/\/vetus.com\/sv\/wp-json\/wp\/v2\/media?parent=106788"}],"curies":[{"name":"wp","href":"https:\/\/api.w.org\/{rel}","templated":true}]}}