{"id":102659,"date":"2025-03-10T18:38:48","date_gmt":"2025-03-10T16:38:48","guid":{"rendered":"https:\/\/vetus.com\/vetus-a-yanmar-group-company\/"},"modified":"2025-04-10T12:25:29","modified_gmt":"2025-04-10T10:25:29","slug":"vetus-ett-foretag-inom-yanmar-koncernen","status":"publish","type":"page","link":"https:\/\/vetus.com\/sv\/vetus-ett-foretag-inom-yanmar-koncernen\/","title":{"rendered":"VETUS; ett f\u00f6retag inom YANMAR-koncernen"},"content":{"rendered":"\n<section class=\"section  \">\n    \n\n<section id=\"section-text-block-block_47b4b60ad7e778f36ae7bae06008ef42\" class=\"section text-block \">\n                    <div class=\"section section__body\">\n            <div class=\"text-block\">\n                <div class=\"container\">\n                    <div class=\"row\">\n                        <div class=\"col-12\">\n                                                            <div class=\"section__content single__content hentry\">\n                                    <h3 data-start=\"0\" data-end=\"29\"><strong data-start=\"0\" data-end=\"29\">YANMAR-koncernens f\u00f6retag<\/strong><\/h3>\n<p class=\"\" data-start=\"31\" data-end=\"178\">YANMAR-koncernens f\u00f6retag kombinerar kompatibla varum\u00e4rken till kundens f\u00f6rdel och \u00e4r enade i att leverera l\u00f6sningar till kunder \u00f6ver hela v\u00e4rlden.<\/p>\n<p class=\"\" data-start=\"180\" data-end=\"400\">Den marina fritidsverksamheten erbjuder helhetsl\u00f6sningar som en ledande tillverkare av motorer och utrustning, genom ett globalt n\u00e4tverk av p\u00e5litliga varum\u00e4rken som YANMAR Marine, VETUS, Maxwell, Flexofold och Smartgyro.<\/p>\n<p class=\"\" data-start=\"402\" data-end=\"746\">Genom att dra nytta av aff\u00e4rssynergier och f\u00f6rena varje f\u00f6retags etablerade globala n\u00e4rvaro och n\u00e4tverk, skapas en betrodd helhetsleverant\u00f6r inom komplett systemintegration. Denna unika samverkan g\u00f6r att vi kan excellera i framtiden genom att erbjuda innovativa och avancerade l\u00f6sningar samt en s\u00f6ml\u00f6s upplevelse f\u00f6r b\u00e5t\u00e4gare \u00f6ver hela v\u00e4rlden.<\/p>\n                                <\/div>\n                            \n                                                    <\/div>\n                    <\/div>\n                <\/div>\n            <\/div>\n        <\/div>\n    <\/section>\n<section id=\"section-companies-group-block_47b4b60ad7e778f36ae7bae06008ef42\" class=\"section cards cards--brand \">\n    <div class=\"section__header cards__header\">\n        <div class=\"container\">\n            <div class=\"row\">\n                <div class=\"col-12\">\n                                        \n                <\/div>\n            <\/div>\n        <\/div>\n    <\/div>\n\n    <div class=\"section__body cards__body\">\n        <div class=\"container-fluid\">\n            <div class=\"row row--col-margin-large d-flex justify-content-center\">\n                                    <div class=\"col-12 col-md-6 col-xl-2\">\n                        \n<div class=\"card card--group px-3 py-5 d-flex flex-column\">\n    <div class=\" d-flex justify-content-center custom-aspect-logo2 mx-auto\">\n                    <img decoding=\"async\" width=\"400\" height=\"200\" src=\"https:\/\/vetus.com\/wp-content\/uploads\/Yanmar.png\" class=\"attachment- size-\" alt=\"\" srcset=\"https:\/\/vetus.com\/wp-content\/uploads\/Yanmar.png 400w, https:\/\/vetus.com\/wp-content\/uploads\/Yanmar-300x150.png 300w, https:\/\/vetus.com\/wp-content\/uploads\/Yanmar-210x105.png 210w, https:\/\/vetus.com\/wp-content\/uploads\/Yanmar-330x165.png 330w\" sizes=\"(max-width: 1899.98px) 330px, 330px\" \/>                <span class=\"sr-only\">\n            VETUS; ett f\u00f6retag inom YANMAR-koncernen        <\/span>\n    <\/div>\n\n            <div class=\"w-100\">\n            <img decoding=\"async\" width=\"770\" height=\"770\" src=\"https:\/\/vetus.com\/wp-content\/uploads\/YMI_3.png\" class=\"img-fluid d-block mx-auto custom-aspect my-2\" alt=\"\" srcset=\"https:\/\/vetus.com\/wp-content\/uploads\/YMI_3.png 770w, https:\/\/vetus.com\/wp-content\/uploads\/YMI_3-300x300.png 300w, https:\/\/vetus.com\/wp-content\/uploads\/YMI_3-150x150.png 150w, https:\/\/vetus.com\/wp-content\/uploads\/YMI_3-768x768.png 768w, https:\/\/vetus.com\/wp-content\/uploads\/YMI_3-210x210.png 210w, https:\/\/vetus.com\/wp-content\/uploads\/YMI_3-330x330.png 330w, https:\/\/vetus.com\/wp-content\/uploads\/YMI_3-431x431.png 431w, https:\/\/vetus.com\/wp-content\/uploads\/YMI_3-507x507.png 507w, https:\/\/vetus.com\/wp-content\/uploads\/YMI_3-530x530.png 530w, https:\/\/vetus.com\/wp-content\/uploads\/YMI_3-690x690.png 690w\" sizes=\"auto, (max-width: 1899.98px) 330px, 330px\" loading=\"lazy\" \/>        <\/div>\n        \n    <div class=\"card__bodyGroup\">\n                    <div class=\"card__text text-dark mb-4\">\n                <p>\n                    Bepr\u00f6vad marinteknik f\u00f6r en h\u00e5llbar framtid                <\/p>\n            <\/div>\n                            <div class=\"card__actionGroup\">\n                <a class=\"btn btn-sm btn-outline-primary-group w-100 justify-content-center\" href=\"https:\/\/www.yanmar.com\/marine\/\" title=\"\">\n                    <span>\n                        L\u00e4s mer                    <\/span>\n                    <i class=\"icon icon-keyboard_arrow_right\"><\/i>\n                <\/a>\n            <\/div>\n            <\/div>\n<\/div>                    <\/div>\n                                    <div class=\"col-12 col-md-6 col-xl-2\">\n                        \n<div class=\"card card--group px-3 py-5 d-flex flex-column\">\n    <div class=\" d-flex justify-content-center custom-aspect-logo2 mx-auto\">\n                    <img decoding=\"async\" width=\"400\" height=\"200\" src=\"https:\/\/vetus.com\/wp-content\/uploads\/VETUS-website.png\" class=\"attachment- size-\" alt=\"\" srcset=\"https:\/\/vetus.com\/wp-content\/uploads\/VETUS-website.png 400w, https:\/\/vetus.com\/wp-content\/uploads\/VETUS-website-300x150.png 300w, https:\/\/vetus.com\/wp-content\/uploads\/VETUS-website-210x105.png 210w, https:\/\/vetus.com\/wp-content\/uploads\/VETUS-website-330x165.png 330w\" sizes=\"(max-width: 1899.98px) 330px, 330px\" \/>                <span class=\"sr-only\">\n            VETUS; ett f\u00f6retag inom YANMAR-koncernen        <\/span>\n    <\/div>\n\n            <div class=\"w-100\">\n            <img decoding=\"async\" width=\"770\" height=\"770\" src=\"https:\/\/vetus.com\/wp-content\/uploads\/Vetus-2_2.png\" class=\"img-fluid d-block mx-auto custom-aspect my-2\" alt=\"\" srcset=\"https:\/\/vetus.com\/wp-content\/uploads\/Vetus-2_2.png 770w, https:\/\/vetus.com\/wp-content\/uploads\/Vetus-2_2-300x300.png 300w, https:\/\/vetus.com\/wp-content\/uploads\/Vetus-2_2-150x150.png 150w, https:\/\/vetus.com\/wp-content\/uploads\/Vetus-2_2-768x768.png 768w, https:\/\/vetus.com\/wp-content\/uploads\/Vetus-2_2-210x210.png 210w, https:\/\/vetus.com\/wp-content\/uploads\/Vetus-2_2-330x330.png 330w, https:\/\/vetus.com\/wp-content\/uploads\/Vetus-2_2-431x431.png 431w, https:\/\/vetus.com\/wp-content\/uploads\/Vetus-2_2-507x507.png 507w, https:\/\/vetus.com\/wp-content\/uploads\/Vetus-2_2-530x530.png 530w, https:\/\/vetus.com\/wp-content\/uploads\/Vetus-2_2-690x690.png 690w\" sizes=\"auto, (max-width: 1899.98px) 330px, 330px\" loading=\"lazy\" \/>        <\/div>\n        \n    <div class=\"card__bodyGroup\">\n                    <div class=\"card__text text-dark mb-4\">\n                <p>\n                    Kraftl\u00f6sningar och teknisk utrustning f\u00f6r kompletta b\u00e5tsystem                <\/p>\n            <\/div>\n                            <div class=\"card__actionGroup\">\n                <a class=\"btn btn-sm btn-outline-primary-group w-100 justify-content-center\" href=\"https:\/\/vetus.com\/sv\/\" title=\"\">\n                    <span>\n                        L\u00e4s mer                    <\/span>\n                    <i class=\"icon icon-keyboard_arrow_right\"><\/i>\n                <\/a>\n            <\/div>\n            <\/div>\n<\/div>                    <\/div>\n                                    <div class=\"col-12 col-md-6 col-xl-2\">\n                        \n<div class=\"card card--group px-3 py-5 d-flex flex-column\">\n    <div class=\" d-flex justify-content-center custom-aspect-logo2 mx-auto\">\n                    <img decoding=\"async\" width=\"400\" height=\"200\" src=\"https:\/\/vetus.com\/wp-content\/uploads\/Maxwell-website.png\" class=\"attachment- size-\" alt=\"\" srcset=\"https:\/\/vetus.com\/wp-content\/uploads\/Maxwell-website.png 400w, https:\/\/vetus.com\/wp-content\/uploads\/Maxwell-website-300x150.png 300w, https:\/\/vetus.com\/wp-content\/uploads\/Maxwell-website-210x105.png 210w, https:\/\/vetus.com\/wp-content\/uploads\/Maxwell-website-330x165.png 330w\" sizes=\"(max-width: 1899.98px) 330px, 330px\" \/>                <span class=\"sr-only\">\n            VETUS; ett f\u00f6retag inom YANMAR-koncernen        <\/span>\n    <\/div>\n\n            <div class=\"w-100\">\n            <img decoding=\"async\" width=\"880\" height=\"880\" src=\"https:\/\/vetus.com\/wp-content\/uploads\/Maxwell_5.png\" class=\"img-fluid d-block mx-auto custom-aspect my-2\" alt=\"\" srcset=\"https:\/\/vetus.com\/wp-content\/uploads\/Maxwell_5.png 880w, https:\/\/vetus.com\/wp-content\/uploads\/Maxwell_5-300x300.png 300w, https:\/\/vetus.com\/wp-content\/uploads\/Maxwell_5-150x150.png 150w, https:\/\/vetus.com\/wp-content\/uploads\/Maxwell_5-768x768.png 768w, https:\/\/vetus.com\/wp-content\/uploads\/Maxwell_5-210x210.png 210w, https:\/\/vetus.com\/wp-content\/uploads\/Maxwell_5-330x330.png 330w, https:\/\/vetus.com\/wp-content\/uploads\/Maxwell_5-431x431.png 431w, https:\/\/vetus.com\/wp-content\/uploads\/Maxwell_5-507x507.png 507w, https:\/\/vetus.com\/wp-content\/uploads\/Maxwell_5-530x530.png 530w, https:\/\/vetus.com\/wp-content\/uploads\/Maxwell_5-690x690.png 690w\" sizes=\"auto, (max-width: 1899.98px) 330px, 330px\" loading=\"lazy\" \/>        <\/div>\n        \n    <div class=\"card__bodyGroup\">\n                    <div class=\"card__text text-dark mb-4\">\n                <p>\n                    Den globala standarden f\u00f6r ankarl\u00f6sningar                <\/p>\n            <\/div>\n                            <div class=\"card__actionGroup\">\n                <a class=\"btn btn-sm btn-outline-primary-group w-100 justify-content-center\" href=\"https:\/\/maxwellmarine.com\/\" title=\"\">\n                    <span>\n                        L\u00e4s mer                    <\/span>\n                    <i class=\"icon icon-keyboard_arrow_right\"><\/i>\n                <\/a>\n            <\/div>\n            <\/div>\n<\/div>                    <\/div>\n                                    <div class=\"col-12 col-md-6 col-xl-2\">\n                        \n<div class=\"card card--group px-3 py-5 d-flex flex-column\">\n    <div class=\" d-flex justify-content-center custom-aspect-logo2 mx-auto\">\n                    <img decoding=\"async\" width=\"400\" height=\"200\" src=\"https:\/\/vetus.com\/wp-content\/uploads\/FlexoFold.png\" class=\"attachment- size-\" alt=\"\" srcset=\"https:\/\/vetus.com\/wp-content\/uploads\/FlexoFold.png 400w, https:\/\/vetus.com\/wp-content\/uploads\/FlexoFold-300x150.png 300w, https:\/\/vetus.com\/wp-content\/uploads\/FlexoFold-210x105.png 210w, https:\/\/vetus.com\/wp-content\/uploads\/FlexoFold-330x165.png 330w\" sizes=\"(max-width: 1899.98px) 330px, 330px\" \/>                <span class=\"sr-only\">\n            VETUS; ett f\u00f6retag inom YANMAR-koncernen        <\/span>\n    <\/div>\n\n            <div class=\"w-100\">\n            <img decoding=\"async\" width=\"770\" height=\"770\" src=\"https:\/\/vetus.com\/wp-content\/uploads\/Flexofold_2.png\" class=\"img-fluid d-block mx-auto custom-aspect my-2\" alt=\"\" srcset=\"https:\/\/vetus.com\/wp-content\/uploads\/Flexofold_2.png 770w, https:\/\/vetus.com\/wp-content\/uploads\/Flexofold_2-300x300.png 300w, https:\/\/vetus.com\/wp-content\/uploads\/Flexofold_2-150x150.png 150w, https:\/\/vetus.com\/wp-content\/uploads\/Flexofold_2-768x768.png 768w, https:\/\/vetus.com\/wp-content\/uploads\/Flexofold_2-210x210.png 210w, https:\/\/vetus.com\/wp-content\/uploads\/Flexofold_2-330x330.png 330w, https:\/\/vetus.com\/wp-content\/uploads\/Flexofold_2-431x431.png 431w, https:\/\/vetus.com\/wp-content\/uploads\/Flexofold_2-507x507.png 507w, https:\/\/vetus.com\/wp-content\/uploads\/Flexofold_2-530x530.png 530w, https:\/\/vetus.com\/wp-content\/uploads\/Flexofold_2-690x690.png 690w\" sizes=\"auto, (max-width: 1899.98px) 330px, 330px\" loading=\"lazy\" \/>        <\/div>\n        \n    <div class=\"card__bodyGroup\">\n                    <div class=\"card__text text-dark mb-4\">\n                <p>\n                    \u00d6verl\u00e4gsna f\u00e4llbara propellrar med l\u00e5gt motst\u00e5nd f\u00f6r segelb\u00e5tar och flerskrovsb\u00e5tar                <\/p>\n            <\/div>\n                            <div class=\"card__actionGroup\">\n                <a class=\"btn btn-sm btn-outline-primary-group w-100 justify-content-center\" href=\"https:\/\/www.flexofold.com\/\" title=\"\">\n                    <span>\n                        L\u00e4s mer                    <\/span>\n                    <i class=\"icon icon-keyboard_arrow_right\"><\/i>\n                <\/a>\n            <\/div>\n            <\/div>\n<\/div>                    <\/div>\n                                    <div class=\"col-12 col-md-6 col-xl-2\">\n                        \n<div class=\"card card--group px-3 py-5 d-flex flex-column\">\n    <div class=\" d-flex justify-content-center custom-aspect-logo2 mx-auto\">\n                    <img decoding=\"async\" width=\"400\" height=\"200\" src=\"https:\/\/vetus.com\/wp-content\/uploads\/Smartgyro.png\" class=\"attachment- size-\" alt=\"\" srcset=\"https:\/\/vetus.com\/wp-content\/uploads\/Smartgyro.png 400w, https:\/\/vetus.com\/wp-content\/uploads\/Smartgyro-300x150.png 300w, https:\/\/vetus.com\/wp-content\/uploads\/Smartgyro-210x105.png 210w, https:\/\/vetus.com\/wp-content\/uploads\/Smartgyro-330x165.png 330w\" sizes=\"(max-width: 1899.98px) 330px, 330px\" \/>                <span class=\"sr-only\">\n            VETUS; ett f\u00f6retag inom YANMAR-koncernen        <\/span>\n    <\/div>\n\n            <div class=\"w-100\">\n            <img decoding=\"async\" width=\"770\" height=\"770\" src=\"https:\/\/vetus.com\/wp-content\/uploads\/Smartgyro_2.png\" class=\"img-fluid d-block mx-auto custom-aspect my-2\" alt=\"\" srcset=\"https:\/\/vetus.com\/wp-content\/uploads\/Smartgyro_2.png 770w, https:\/\/vetus.com\/wp-content\/uploads\/Smartgyro_2-300x300.png 300w, https:\/\/vetus.com\/wp-content\/uploads\/Smartgyro_2-150x150.png 150w, https:\/\/vetus.com\/wp-content\/uploads\/Smartgyro_2-768x768.png 768w, https:\/\/vetus.com\/wp-content\/uploads\/Smartgyro_2-210x210.png 210w, https:\/\/vetus.com\/wp-content\/uploads\/Smartgyro_2-330x330.png 330w, https:\/\/vetus.com\/wp-content\/uploads\/Smartgyro_2-431x431.png 431w, https:\/\/vetus.com\/wp-content\/uploads\/Smartgyro_2-507x507.png 507w, https:\/\/vetus.com\/wp-content\/uploads\/Smartgyro_2-530x530.png 530w, https:\/\/vetus.com\/wp-content\/uploads\/Smartgyro_2-690x690.png 690w\" sizes=\"auto, (max-width: 1899.98px) 330px, 330px\" loading=\"lazy\" \/>        <\/div>\n        \n    <div class=\"card__bodyGroup\">\n                    <div class=\"card__text text-dark mb-4\">\n                <p>\n                    Framtidens marin stabilisering f\u00f6r att eliminera b\u00e5tens rullning                <\/p>\n            <\/div>\n                            <div class=\"card__actionGroup\">\n                <a class=\"btn btn-sm btn-outline-primary-group w-100 justify-content-center\" href=\"https:\/\/smartgyro.com\/\" title=\"\">\n                    <span>\n                        L\u00e4s mer                    <\/span>\n                    <i class=\"icon icon-keyboard_arrow_right\"><\/i>\n                <\/a>\n            <\/div>\n            <\/div>\n<\/div>                    <\/div>\n                            <\/div>\n        <\/div>\n    <\/div>\n<\/section><\/section>","protected":false},"excerpt":{"rendered":"","protected":false},"author":25,"featured_media":0,"parent":0,"menu_order":0,"comment_status":"closed","ping_status":"closed","template":"tpl-video.php","meta":{"_acf_changed":false,"footnotes":""},"class_list":["post-102659","page","type-page","status-publish","hentry"],"acf":{"background_image":false,"intro":"Formar framtiden f\u00f6r en enast\u00e5ende marin upplevelse med innovativ teknik","introduction":"","person":false,"title":"<\/BR>YANMAR-VARUM\u00c4RKEN<\/BR><\/BR><H3>En h\u00e5llbar framtid<\/H3>","video_type":"File","video":"https:\/\/vetus.com\/wp-content\/uploads\/2256998-uhd_3840_2160_24fps-1.mp4","button":"","button_secondary":"","subtitle":""},"yoast_head":"<!-- This site is optimized with the Yoast SEO Premium plugin v27.4 (Yoast SEO v27.4) - https:\/\/yoast.com\/product\/yoast-seo-premium-wordpress\/ -->\n<title>VETUS; ett f\u00f6retag inom YANMAR-koncernen<\/title>\n<meta name=\"robots\" content=\"index, follow, max-snippet:-1, max-image-preview:large, max-video-preview:-1\" \/>\n<link rel=\"canonical\" href=\"https:\/\/vetus.com\/sv\/vetus-ett-foretag-inom-yanmar-koncernen\/\" \/>\n<meta property=\"og:locale\" content=\"sv_SE\" \/>\n<meta property=\"og:type\" content=\"article\" \/>\n<meta property=\"og:title\" content=\"VETUS; ett f\u00f6retag inom YANMAR-koncernen\" \/>\n<meta property=\"og:url\" content=\"https:\/\/vetus.com\/sv\/vetus-ett-foretag-inom-yanmar-koncernen\/\" \/>\n<meta property=\"og:site_name\" content=\"VETUS\" \/>\n<meta property=\"article:modified_time\" content=\"2025-04-10T10:25:29+00:00\" \/>\n<meta name=\"twitter:card\" content=\"summary_large_image\" \/>\n<meta name=\"twitter:label1\" content=\"Ber\u00e4knad l\u00e4stid\" \/>\n\t<meta name=\"twitter:data1\" content=\"3 minuter\" \/>\n<script type=\"application\/ld+json\" class=\"yoast-schema-graph\">{\"@context\":\"https:\\\/\\\/schema.org\",\"@graph\":[{\"@type\":\"WebPage\",\"@id\":\"https:\\\/\\\/vetus.com\\\/sv\\\/vetus-ett-foretag-inom-yanmar-koncernen\\\/\",\"url\":\"https:\\\/\\\/vetus.com\\\/sv\\\/vetus-ett-foretag-inom-yanmar-koncernen\\\/\",\"name\":\"VETUS; ett f\u00f6retag inom YANMAR-koncernen\",\"isPartOf\":{\"@id\":\"https:\\\/\\\/vetus.com\\\/sv\\\/#website\"},\"datePublished\":\"2025-03-10T16:38:48+00:00\",\"dateModified\":\"2025-04-10T10:25:29+00:00\",\"breadcrumb\":{\"@id\":\"https:\\\/\\\/vetus.com\\\/sv\\\/vetus-ett-foretag-inom-yanmar-koncernen\\\/#breadcrumb\"},\"inLanguage\":\"sv-SE\",\"potentialAction\":[{\"@type\":\"ReadAction\",\"target\":[\"https:\\\/\\\/vetus.com\\\/sv\\\/vetus-ett-foretag-inom-yanmar-koncernen\\\/\"]}]},{\"@type\":\"BreadcrumbList\",\"@id\":\"https:\\\/\\\/vetus.com\\\/sv\\\/vetus-ett-foretag-inom-yanmar-koncernen\\\/#breadcrumb\",\"itemListElement\":[{\"@type\":\"ListItem\",\"position\":1,\"name\":\"Home\",\"item\":\"https:\\\/\\\/vetus.com\\\/sv\\\/\"},{\"@type\":\"ListItem\",\"position\":2,\"name\":\"VETUS; ett f\u00f6retag inom YANMAR-koncernen\"}]},{\"@type\":\"WebSite\",\"@id\":\"https:\\\/\\\/vetus.com\\\/sv\\\/#website\",\"url\":\"https:\\\/\\\/vetus.com\\\/sv\\\/\",\"name\":\"VETUS\",\"description\":\"\",\"potentialAction\":[{\"@type\":\"SearchAction\",\"target\":{\"@type\":\"EntryPoint\",\"urlTemplate\":\"https:\\\/\\\/vetus.com\\\/sv\\\/?s={search_term_string}\"},\"query-input\":{\"@type\":\"PropertyValueSpecification\",\"valueRequired\":true,\"valueName\":\"search_term_string\"}}],\"inLanguage\":\"sv-SE\"}]}<\/script>\n<!-- \/ Yoast SEO Premium plugin. -->","yoast_head_json":{"title":"VETUS; ett f\u00f6retag inom YANMAR-koncernen","robots":{"index":"index","follow":"follow","max-snippet":"max-snippet:-1","max-image-preview":"max-image-preview:large","max-video-preview":"max-video-preview:-1"},"canonical":"https:\/\/vetus.com\/sv\/vetus-ett-foretag-inom-yanmar-koncernen\/","og_locale":"sv_SE","og_type":"article","og_title":"VETUS; ett f\u00f6retag inom YANMAR-koncernen","og_url":"https:\/\/vetus.com\/sv\/vetus-ett-foretag-inom-yanmar-koncernen\/","og_site_name":"VETUS","article_modified_time":"2025-04-10T10:25:29+00:00","twitter_card":"summary_large_image","twitter_misc":{"Ber\u00e4knad l\u00e4stid":"3 minuter"},"schema":{"@context":"https:\/\/schema.org","@graph":[{"@type":"WebPage","@id":"https:\/\/vetus.com\/sv\/vetus-ett-foretag-inom-yanmar-koncernen\/","url":"https:\/\/vetus.com\/sv\/vetus-ett-foretag-inom-yanmar-koncernen\/","name":"VETUS; ett f\u00f6retag inom YANMAR-koncernen","isPartOf":{"@id":"https:\/\/vetus.com\/sv\/#website"},"datePublished":"2025-03-10T16:38:48+00:00","dateModified":"2025-04-10T10:25:29+00:00","breadcrumb":{"@id":"https:\/\/vetus.com\/sv\/vetus-ett-foretag-inom-yanmar-koncernen\/#breadcrumb"},"inLanguage":"sv-SE","potentialAction":[{"@type":"ReadAction","target":["https:\/\/vetus.com\/sv\/vetus-ett-foretag-inom-yanmar-koncernen\/"]}]},{"@type":"BreadcrumbList","@id":"https:\/\/vetus.com\/sv\/vetus-ett-foretag-inom-yanmar-koncernen\/#breadcrumb","itemListElement":[{"@type":"ListItem","position":1,"name":"Home","item":"https:\/\/vetus.com\/sv\/"},{"@type":"ListItem","position":2,"name":"VETUS; ett f\u00f6retag inom YANMAR-koncernen"}]},{"@type":"WebSite","@id":"https:\/\/vetus.com\/sv\/#website","url":"https:\/\/vetus.com\/sv\/","name":"VETUS","description":"","potentialAction":[{"@type":"SearchAction","target":{"@type":"EntryPoint","urlTemplate":"https:\/\/vetus.com\/sv\/?s={search_term_string}"},"query-input":{"@type":"PropertyValueSpecification","valueRequired":true,"valueName":"search_term_string"}}],"inLanguage":"sv-SE"}]}},"_links":{"self":[{"href":"https:\/\/vetus.com\/sv\/wp-json\/wp\/v2\/pages\/102659","targetHints":{"allow":["GET"]}}],"collection":[{"href":"https:\/\/vetus.com\/sv\/wp-json\/wp\/v2\/pages"}],"about":[{"href":"https:\/\/vetus.com\/sv\/wp-json\/wp\/v2\/types\/page"}],"author":[{"embeddable":true,"href":"https:\/\/vetus.com\/sv\/wp-json\/wp\/v2\/users\/25"}],"replies":[{"embeddable":true,"href":"https:\/\/vetus.com\/sv\/wp-json\/wp\/v2\/comments?post=102659"}],"version-history":[{"count":5,"href":"https:\/\/vetus.com\/sv\/wp-json\/wp\/v2\/pages\/102659\/revisions"}],"predecessor-version":[{"id":104771,"href":"https:\/\/vetus.com\/sv\/wp-json\/wp\/v2\/pages\/102659\/revisions\/104771"}],"wp:attachment":[{"href":"https:\/\/vetus.com\/sv\/wp-json\/wp\/v2\/media?parent=102659"}],"curies":[{"name":"wp","href":"https:\/\/api.w.org\/{rel}","templated":true}]}}