{"id":101578,"date":"2025-02-26T16:42:13","date_gmt":"2025-02-26T14:42:13","guid":{"rendered":"https:\/\/vetus.com\/bow-pro-thruster-integration-with-honda-outboards-ultraflex-controls\/"},"modified":"2026-02-26T16:06:47","modified_gmt":"2026-02-26T14:06:47","slug":"integration-av-bow-pro-bogpropeller-med-honda-utombordare-och-ultraflex-reglage","status":"publish","type":"page","link":"https:\/\/vetus.com\/sv\/integration-av-bow-pro-bogpropeller-med-honda-utombordare-och-ultraflex-reglage\/","title":{"rendered":"Integration av BOW PRO bogpropeller med Honda utombordare och Ultraflex-reglage"},"content":{"rendered":"\n<section class=\"section  \">\n    \n\n<section id=\"section-text-block-block_bec18c814ec4ffeba11690e5b77a0d67\" class=\"section text-block \">\n                    <div class=\"section section__body\">\n            <div class=\"text-block\">\n                <div class=\"container\">\n                    <div class=\"row\">\n                        <div class=\"col-lg-8 offset-lg-2\">\n                                                            <div class=\"section__content single__content hentry\">\n                                    <p data-start=\"137\" data-end=\"383\">F\u00f6r att ut\u00f6ka integrationsprogrammet och f\u00f6rb\u00e4ttra b\u00e5tupplevelsen f\u00f6r \u00e4nnu fler anv\u00e4ndare samarbetar VETUS nu med Honda Marine och Ultraflex f\u00f6r att m\u00f6jligg\u00f6ra full integration av BOW PRO bogpropellrar med Honda utombordare och Ultraflex-reglage.<\/p>\n<p data-start=\"385\" data-end=\"645\">Detta samarbete introducerar ett optimerat kommunikationssystem som s\u00f6ml\u00f6st kopplar samman motor, styrning och bogpropeller i en enda l\u00e4ttanv\u00e4nd joystickkontroll, vilket f\u00f6rvandlar till\u00e4ggning och man\u00f6vrering i tr\u00e5nga utrymmen till en smidig och enkel process.<\/p>\n                                <\/div>\n                            \n                                                    <\/div>\n                    <\/div>\n                <\/div>\n            <\/div>\n        <\/div>\n    <\/section>\n<section id=\"content-block-1-block_bec18c814ec4ffeba11690e5b77a0d67\" class=\"section content-block content-block--image \">\n    <div class=\"container\">\n        <div class=\"row d-flex align-items-center\">\n\n            <div class=\"col-md-6 col-lg-7\">\n                                    <div class=\"content-block__visuals\">\n                        <div class=\"content-block__media media--clipped media ratio\">\n                            <div class=\"media__wrapper\">\n                                <img decoding=\"async\" width=\"690\" height=\"457\" src=\"https:\/\/vetus.com\/wp-content\/uploads\/DSC_0752-690x457.jpg\" class=\"media__source img-fit\" alt=\"\" srcset=\"https:\/\/vetus.com\/wp-content\/uploads\/DSC_0752-690x457.jpg 690w, https:\/\/vetus.com\/wp-content\/uploads\/DSC_0752-300x199.jpg 300w, https:\/\/vetus.com\/wp-content\/uploads\/DSC_0752-768x509.jpg 768w, https:\/\/vetus.com\/wp-content\/uploads\/DSC_0752-210x139.jpg 210w, https:\/\/vetus.com\/wp-content\/uploads\/DSC_0752-330x219.jpg 330w, https:\/\/vetus.com\/wp-content\/uploads\/DSC_0752-431x285.jpg 431w, https:\/\/vetus.com\/wp-content\/uploads\/DSC_0752-507x336.jpg 507w, https:\/\/vetus.com\/wp-content\/uploads\/DSC_0752-530x351.jpg 530w, https:\/\/vetus.com\/wp-content\/uploads\/DSC_0752-930x616.jpg 930w, https:\/\/vetus.com\/wp-content\/uploads\/DSC_0752-1170x775.jpg 1170w\" sizes=\"auto, (max-width: 575.98px) 431px, (max-width: 767.98px) 530px, (max-width: 991.98px) 330px, (max-width: 1279.98px) 530px, (max-width: 1899.98px) 690px, 930px\" loading=\"lazy\" \/>                            <\/div>\n                        <\/div>\n                    <\/div>\n                            <\/div>\n\n            <div class=\"col-md-6 col-lg-4 offset-lg-1\">\n                <div class=\"content-block__body\">\n                                            <h3 class=\"content-block__title\">\n                            Framtidens till\u00e4ggning \u00e4r h\u00e4r                        <\/h3>\n                    \n                    \n                                            <p data-start=\"687\" data-end=\"942\">B\u00e5t\u00e4gare kan nu man\u00f6vrera med fullst\u00e4ndig trygghet och precision i alla till\u00e4ggningssituationer. Integrationen av Honda utombordare, Ultraflex-reglage och VETUS BOW PRO bogpropellrar s\u00e4kerst\u00e4ller enkel b\u00e5thantering \u2013 \u00e4ven i de mest komplexa hamnmilj\u00f6erna.<\/p>\n<ul data-start=\"944\" data-end=\"1470\">\n<li data-start=\"944\" data-end=\"1061\">\n<p data-start=\"946\" data-end=\"1061\"><strong data-start=\"946\" data-end=\"986\">Total kontroll vid dina fingertoppar<\/strong> \u2013 Man\u00f6vrera din b\u00e5t precis som du t\u00e4nker dig, med precision och l\u00e4tthet.<\/p>\n<\/li>\n<li data-start=\"1062\" data-end=\"1203\">\n<p data-start=\"1064\" data-end=\"1203\"><strong data-start=\"1064\" data-end=\"1086\">S\u00f6ml\u00f6s integration<\/strong> \u2013 Perfekt synkronisering mellan Honda utombordare och VETUS bogpropeller f\u00f6r \u00f6verl\u00e4gsen prestanda vid till\u00e4ggning.<\/p>\n<\/li>\n<li data-start=\"1204\" data-end=\"1319\">\n<p data-start=\"1206\" data-end=\"1319\"><strong data-start=\"1206\" data-end=\"1223\">Enkel r\u00f6relse<\/strong> \u2013 Flytta b\u00e5ten i sidled, diagonalt, fram\u00e5t, bak\u00e5t eller rotera p\u00e5 plats med en enda joystick.<\/p>\n<\/li>\n<li data-start=\"1320\" data-end=\"1470\">\n<p data-start=\"1322\" data-end=\"1470\"><strong data-start=\"1322\" data-end=\"1364\">Optimerad effektivitet vid till\u00e4ggning<\/strong> \u2013 Minskar vattenr\u00f6relser som orsakas av utombordare och g\u00f6r man\u00f6vrering i tr\u00e5nga utrymmen \u00e4nnu smidigare.<\/p>\n<\/li>\n<\/ul>\n                    \t\t\t\t\t\n                                    <\/div>\n            <\/div>\n        <\/div>\n    <\/div>\n<\/section>\n<section id=\"content-block-1-block_bec18c814ec4ffeba11690e5b77a0d67\" class=\"section content-block content-block--image \">\n    <div class=\"container\">\n        <div class=\"row d-flex align-items-center flex-md-row-reverse\">\n\n            <div class=\"col-md-6 col-lg-7 offset-lg-1\">\n                                    <div class=\"content-block__visuals\">\n                        <div class=\"content-block__media media--clipped media ratio\">\n                            <div class=\"media__wrapper\">\n                                <img decoding=\"async\" width=\"690\" height=\"457\" src=\"https:\/\/vetus.com\/wp-content\/uploads\/DSC_0765-690x457.jpg\" class=\"media__source img-fit\" alt=\"\" srcset=\"https:\/\/vetus.com\/wp-content\/uploads\/DSC_0765-690x457.jpg 690w, https:\/\/vetus.com\/wp-content\/uploads\/DSC_0765-300x199.jpg 300w, https:\/\/vetus.com\/wp-content\/uploads\/DSC_0765-768x509.jpg 768w, https:\/\/vetus.com\/wp-content\/uploads\/DSC_0765-210x139.jpg 210w, https:\/\/vetus.com\/wp-content\/uploads\/DSC_0765-330x219.jpg 330w, https:\/\/vetus.com\/wp-content\/uploads\/DSC_0765-431x285.jpg 431w, https:\/\/vetus.com\/wp-content\/uploads\/DSC_0765-507x336.jpg 507w, https:\/\/vetus.com\/wp-content\/uploads\/DSC_0765-530x351.jpg 530w, https:\/\/vetus.com\/wp-content\/uploads\/DSC_0765-930x616.jpg 930w, https:\/\/vetus.com\/wp-content\/uploads\/DSC_0765-1170x775.jpg 1170w\" sizes=\"auto, (max-width: 575.98px) 431px, (max-width: 767.98px) 530px, (max-width: 991.98px) 330px, (max-width: 1279.98px) 530px, (max-width: 1899.98px) 690px, 930px\" loading=\"lazy\" \/>                            <\/div>\n                        <\/div>\n                    <\/div>\n                            <\/div>\n\n            <div class=\"col-md-6 col-lg-4\">\n                <div class=\"content-block__body\">\n                                            <h3 class=\"content-block__title\">\n                            Ett h\u00f6gpresterande, teknikbaserat samarbete                        <\/h3>\n                    \n                    \n                                            <p data-start=\"1526\" data-end=\"1890\">Detta strategiska partnerskap mellan VETUS, Honda och Ultraflex representerar ett betydande steg fram\u00e5t inom b\u00e5tteknologi. Genom att kombinera kraften och tillf\u00f6rlitligheten hos Honda Marine, den avancerade styrningen fr\u00e5n Ultraflex och den banbrytande prestandan hos VETUS BOW PRO bogpropellrar kan b\u00e5t\u00e4gare nu uppleva en helt ny niv\u00e5 av trygghet vid till\u00e4ggning.<\/p>\n<ul data-start=\"1892\" data-end=\"2222\">\n<li data-start=\"1892\" data-end=\"1992\">\n<p data-start=\"1894\" data-end=\"1992\">Alla BOW PRO (BOWA &amp; BOWB) och RIMDRIVE bogpropellrar \u00e4r fullt kompatibla med Honda utombordare.<\/p>\n<\/li>\n<li data-start=\"1993\" data-end=\"2104\">\n<p data-start=\"1995\" data-end=\"2104\">Utformad f\u00f6r installationer med en till fyra motorer, vilket ger flexibilitet f\u00f6r olika b\u00e5tkonfigurationer.<\/p>\n<\/li>\n<li data-start=\"2105\" data-end=\"2222\">\n<p data-start=\"2107\" data-end=\"2222\">Byggd f\u00f6r tillf\u00f6rlitlighet, s\u00e4kerhet och anv\u00e4ndarv\u00e4nlighet, vilket g\u00f6r till\u00e4ggning till en bekymmersfri upplevelse.<\/p>\n<\/li>\n<\/ul>\n                    \t\t\t\t\t\n                                    <\/div>\n            <\/div>\n        <\/div>\n    <\/div>\n<\/section>\n\n<section id=\"section-text-block-block_bec18c814ec4ffeba11690e5b77a0d67\" class=\"section text-block \">\n                    <div class=\"section section__body\">\n            <div class=\"text-block\">\n                <div class=\"container\">\n                    <div class=\"row\">\n                        <div class=\"col-lg-8 offset-lg-2\">\n                                                            <div class=\"section__content single__content hentry\">\n                                    <h3 data-start=\"2229\" data-end=\"2272\">F\u00f6rb\u00e4ttra din b\u00e5tupplevelse redan idag!<\/h3>\n<p data-start=\"2274\" data-end=\"2424\" data-is-last-node=\"\" data-is-only-node=\"\">Till\u00e4ggning har aldrig varit s\u00e5 enkel. Med VETUS, Honda Marine och Ultraflex f\u00e5r du den perfekta balansen mellan teknik, prestanda och enkel kontroll.<\/p>\n                                <\/div>\n                            \n                                                    <\/div>\n                    <\/div>\n                <\/div>\n            <\/div>\n        <\/div>\n    <\/section><\/section>","protected":false},"excerpt":{"rendered":"","protected":false},"author":20,"featured_media":0,"parent":0,"menu_order":0,"comment_status":"closed","ping_status":"closed","template":"tpl-default.php","meta":{"_acf_changed":false,"footnotes":""},"class_list":["post-101578","page","type-page","status-publish","hentry"],"acf":{"background_image":{"ID":100400,"id":100400,"title":"palmm","filename":"palmm.jpg","filesize":63573,"url":"https:\/\/vetus.com\/wp-content\/uploads\/palmm.jpg","link":"https:\/\/vetus.com\/sv\/bat-visar\/palm-beach-boat-show-2\/palmm-2\/","alt":"","author":"20","description":"","caption":"","name":"palmm-2","status":"inherit","uploaded_to":100412,"date":"2025-02-12 12:32:55","modified":"2025-02-12 12:32:55","menu_order":0,"mime_type":"image\/jpeg","type":"image","subtype":"jpeg","icon":"https:\/\/vetus.com\/wp-includes\/images\/media\/default.png","width":960,"height":640,"sizes":{"thumbnail":"https:\/\/vetus.com\/wp-content\/uploads\/palmm-150x150.jpg","thumbnail-width":150,"thumbnail-height":150,"medium":"https:\/\/vetus.com\/wp-content\/uploads\/palmm-300x200.jpg","medium-width":300,"medium-height":200,"medium_large":"https:\/\/vetus.com\/wp-content\/uploads\/palmm-768x512.jpg","medium_large-width":768,"medium_large-height":512,"large":"https:\/\/vetus.com\/wp-content\/uploads\/palmm.jpg","large-width":960,"large-height":640,"1536x1536":"https:\/\/vetus.com\/wp-content\/uploads\/palmm.jpg","1536x1536-width":960,"1536x1536-height":640,"2048x2048":"https:\/\/vetus.com\/wp-content\/uploads\/palmm.jpg","2048x2048-width":960,"2048x2048-height":640,"210w":"https:\/\/vetus.com\/wp-content\/uploads\/palmm-210x140.jpg","210w-width":210,"210w-height":140,"330w":"https:\/\/vetus.com\/wp-content\/uploads\/palmm-330x220.jpg","330w-width":330,"330w-height":220,"431w":"https:\/\/vetus.com\/wp-content\/uploads\/palmm-431x287.jpg","431w-width":431,"431w-height":287,"507w":"https:\/\/vetus.com\/wp-content\/uploads\/palmm-507x338.jpg","507w-width":507,"507w-height":338,"530w":"https:\/\/vetus.com\/wp-content\/uploads\/palmm-530x353.jpg","530w-width":530,"530w-height":353,"690w":"https:\/\/vetus.com\/wp-content\/uploads\/palmm-690x460.jpg","690w-width":690,"690w-height":460,"930w":"https:\/\/vetus.com\/wp-content\/uploads\/palmm-930x620.jpg","930w-width":930,"930w-height":620,"1170w":"https:\/\/vetus.com\/wp-content\/uploads\/palmm.jpg","1170w-width":960,"1170w-height":640,"gform-image-choice-sm":"https:\/\/vetus.com\/wp-content\/uploads\/palmm-300x300.jpg","gform-image-choice-sm-width":300,"gform-image-choice-sm-height":300,"gform-image-choice-md":"https:\/\/vetus.com\/wp-content\/uploads\/palmm-400x400.jpg","gform-image-choice-md-width":400,"gform-image-choice-md-height":400,"gform-image-choice-lg":"https:\/\/vetus.com\/wp-content\/uploads\/palmm-600x600.jpg","gform-image-choice-lg-width":600,"gform-image-choice-lg-height":600}},"button":{"title":"","url":"","target":"","0":""},"image":{"ID":101770,"id":101770,"title":"Idea 80 + BF350 Grand Prix White (16)","filename":"Idea-80-BF350-Grand-Prix-White-16-scaled.jpg","filesize":725252,"url":"https:\/\/vetus.com\/wp-content\/uploads\/Idea-80-BF350-Grand-Prix-White-16-scaled.jpg","link":"https:\/\/vetus.com\/sv\/integration-av-bow-pro-bogpropeller-med-honda-utombordare-och-ultraflex-reglage\/idea-80-bf350-grand-prix-white-16-2\/","alt":"","author":"20","description":"","caption":"","name":"idea-80-bf350-grand-prix-white-16-2","status":"inherit","uploaded_to":101578,"date":"2025-03-06 10:20:59","modified":"2025-03-06 10:20:59","menu_order":0,"mime_type":"image\/jpeg","type":"image","subtype":"jpeg","icon":"https:\/\/vetus.com\/wp-includes\/images\/media\/default.png","width":2560,"height":1707,"sizes":{"thumbnail":"https:\/\/vetus.com\/wp-content\/uploads\/Idea-80-BF350-Grand-Prix-White-16-150x150.jpg","thumbnail-width":150,"thumbnail-height":150,"medium":"https:\/\/vetus.com\/wp-content\/uploads\/Idea-80-BF350-Grand-Prix-White-16-300x200.jpg","medium-width":300,"medium-height":200,"medium_large":"https:\/\/vetus.com\/wp-content\/uploads\/Idea-80-BF350-Grand-Prix-White-16-768x512.jpg","medium_large-width":768,"medium_large-height":512,"large":"https:\/\/vetus.com\/wp-content\/uploads\/Idea-80-BF350-Grand-Prix-White-16-scaled.jpg","large-width":1024,"large-height":683,"1536x1536":"https:\/\/vetus.com\/wp-content\/uploads\/Idea-80-BF350-Grand-Prix-White-16-scaled.jpg","1536x1536-width":1536,"1536x1536-height":1024,"2048x2048":"https:\/\/vetus.com\/wp-content\/uploads\/Idea-80-BF350-Grand-Prix-White-16-scaled.jpg","2048x2048-width":2048,"2048x2048-height":1366,"210w":"https:\/\/vetus.com\/wp-content\/uploads\/Idea-80-BF350-Grand-Prix-White-16-210x140.jpg","210w-width":210,"210w-height":140,"330w":"https:\/\/vetus.com\/wp-content\/uploads\/Idea-80-BF350-Grand-Prix-White-16-330x220.jpg","330w-width":330,"330w-height":220,"431w":"https:\/\/vetus.com\/wp-content\/uploads\/Idea-80-BF350-Grand-Prix-White-16-431x287.jpg","431w-width":431,"431w-height":287,"507w":"https:\/\/vetus.com\/wp-content\/uploads\/Idea-80-BF350-Grand-Prix-White-16-507x338.jpg","507w-width":507,"507w-height":338,"530w":"https:\/\/vetus.com\/wp-content\/uploads\/Idea-80-BF350-Grand-Prix-White-16-530x353.jpg","530w-width":530,"530w-height":353,"690w":"https:\/\/vetus.com\/wp-content\/uploads\/Idea-80-BF350-Grand-Prix-White-16-690x460.jpg","690w-width":690,"690w-height":460,"930w":"https:\/\/vetus.com\/wp-content\/uploads\/Idea-80-BF350-Grand-Prix-White-16-930x620.jpg","930w-width":930,"930w-height":620,"1170w":"https:\/\/vetus.com\/wp-content\/uploads\/Idea-80-BF350-Grand-Prix-White-16-1170x780.jpg","1170w-width":1170,"1170w-height":780,"gform-image-choice-sm":"https:\/\/vetus.com\/wp-content\/uploads\/Idea-80-BF350-Grand-Prix-White-16-scaled.jpg","gform-image-choice-sm-width":300,"gform-image-choice-sm-height":200,"gform-image-choice-md":"https:\/\/vetus.com\/wp-content\/uploads\/Idea-80-BF350-Grand-Prix-White-16-scaled.jpg","gform-image-choice-md-width":400,"gform-image-choice-md-height":267,"gform-image-choice-lg":"https:\/\/vetus.com\/wp-content\/uploads\/Idea-80-BF350-Grand-Prix-White-16-scaled.jpg","gform-image-choice-lg-width":600,"gform-image-choice-lg-height":400}},"introduction":"","person":false,"title":"Smart integration f\u00f6r f\u00f6rb\u00e4ttrad man\u00f6vrerbarhet","video":false},"yoast_head":"<!-- This site is optimized with the Yoast SEO Premium plugin v27.4 (Yoast SEO v27.4) - https:\/\/yoast.com\/product\/yoast-seo-premium-wordpress\/ -->\n<title>Integration av BOW PRO bogpropeller med Honda utombordare och Ultraflex-reglage - VETUS<\/title>\n<meta name=\"description\" content=\"F\u00f6r att ut\u00f6ka integrationsprogrammet och f\u00f6rb\u00e4ttra b\u00e5tupplevelsen f\u00f6r \u00e4nnu fler anv\u00e4ndare samarbetar VETUS nu med Honda Marine och...\" \/>\n<meta name=\"robots\" content=\"index, follow, max-snippet:-1, max-image-preview:large, max-video-preview:-1\" \/>\n<link rel=\"canonical\" href=\"https:\/\/vetus.com\/sv\/integration-av-bow-pro-bogpropeller-med-honda-utombordare-och-ultraflex-reglage\/\" \/>\n<meta property=\"og:locale\" content=\"sv_SE\" \/>\n<meta property=\"og:type\" content=\"article\" \/>\n<meta property=\"og:title\" content=\"Integration av BOW PRO bogpropeller med Honda utombordare och Ultraflex-reglage\" \/>\n<meta property=\"og:description\" content=\"F\u00f6r att ut\u00f6ka integrationsprogrammet och f\u00f6rb\u00e4ttra b\u00e5tupplevelsen f\u00f6r \u00e4nnu fler anv\u00e4ndare samarbetar VETUS nu med Honda Marine och...\" \/>\n<meta property=\"og:url\" content=\"https:\/\/vetus.com\/sv\/integration-av-bow-pro-bogpropeller-med-honda-utombordare-och-ultraflex-reglage\/\" \/>\n<meta property=\"og:site_name\" content=\"VETUS\" \/>\n<meta property=\"article:modified_time\" content=\"2026-02-26T14:06:47+00:00\" \/>\n<meta name=\"twitter:card\" content=\"summary_large_image\" \/>\n<meta name=\"twitter:label1\" content=\"Ber\u00e4knad l\u00e4stid\" \/>\n\t<meta name=\"twitter:data1\" content=\"3 minuter\" \/>\n<script type=\"application\/ld+json\" class=\"yoast-schema-graph\">{\"@context\":\"https:\\\/\\\/schema.org\",\"@graph\":[{\"@type\":\"WebPage\",\"@id\":\"https:\\\/\\\/vetus.com\\\/sv\\\/integration-av-bow-pro-bogpropeller-med-honda-utombordare-och-ultraflex-reglage\\\/\",\"url\":\"https:\\\/\\\/vetus.com\\\/sv\\\/integration-av-bow-pro-bogpropeller-med-honda-utombordare-och-ultraflex-reglage\\\/\",\"name\":\"Integration av BOW PRO bogpropeller med Honda utombordare och Ultraflex-reglage - VETUS\",\"isPartOf\":{\"@id\":\"https:\\\/\\\/vetus.com\\\/sv\\\/#website\"},\"datePublished\":\"2025-02-26T14:42:13+00:00\",\"dateModified\":\"2026-02-26T14:06:47+00:00\",\"description\":\"F\u00f6r att ut\u00f6ka integrationsprogrammet och f\u00f6rb\u00e4ttra b\u00e5tupplevelsen f\u00f6r \u00e4nnu fler anv\u00e4ndare samarbetar VETUS nu med Honda Marine och...\",\"breadcrumb\":{\"@id\":\"https:\\\/\\\/vetus.com\\\/sv\\\/integration-av-bow-pro-bogpropeller-med-honda-utombordare-och-ultraflex-reglage\\\/#breadcrumb\"},\"inLanguage\":\"sv-SE\",\"potentialAction\":[{\"@type\":\"ReadAction\",\"target\":[\"https:\\\/\\\/vetus.com\\\/sv\\\/integration-av-bow-pro-bogpropeller-med-honda-utombordare-och-ultraflex-reglage\\\/\"]}]},{\"@type\":\"BreadcrumbList\",\"@id\":\"https:\\\/\\\/vetus.com\\\/sv\\\/integration-av-bow-pro-bogpropeller-med-honda-utombordare-och-ultraflex-reglage\\\/#breadcrumb\",\"itemListElement\":[{\"@type\":\"ListItem\",\"position\":1,\"name\":\"Home\",\"item\":\"https:\\\/\\\/vetus.com\\\/sv\\\/\"},{\"@type\":\"ListItem\",\"position\":2,\"name\":\"Integration av BOW PRO bogpropeller med Honda utombordare och Ultraflex-reglage\"}]},{\"@type\":\"WebSite\",\"@id\":\"https:\\\/\\\/vetus.com\\\/sv\\\/#website\",\"url\":\"https:\\\/\\\/vetus.com\\\/sv\\\/\",\"name\":\"VETUS\",\"description\":\"\",\"potentialAction\":[{\"@type\":\"SearchAction\",\"target\":{\"@type\":\"EntryPoint\",\"urlTemplate\":\"https:\\\/\\\/vetus.com\\\/sv\\\/?s={search_term_string}\"},\"query-input\":{\"@type\":\"PropertyValueSpecification\",\"valueRequired\":true,\"valueName\":\"search_term_string\"}}],\"inLanguage\":\"sv-SE\"}]}<\/script>\n<!-- \/ Yoast SEO Premium plugin. -->","yoast_head_json":{"title":"Integration av BOW PRO bogpropeller med Honda utombordare och Ultraflex-reglage - VETUS","description":"F\u00f6r att ut\u00f6ka integrationsprogrammet och f\u00f6rb\u00e4ttra b\u00e5tupplevelsen f\u00f6r \u00e4nnu fler anv\u00e4ndare samarbetar VETUS nu med Honda Marine och...","robots":{"index":"index","follow":"follow","max-snippet":"max-snippet:-1","max-image-preview":"max-image-preview:large","max-video-preview":"max-video-preview:-1"},"canonical":"https:\/\/vetus.com\/sv\/integration-av-bow-pro-bogpropeller-med-honda-utombordare-och-ultraflex-reglage\/","og_locale":"sv_SE","og_type":"article","og_title":"Integration av BOW PRO bogpropeller med Honda utombordare och Ultraflex-reglage","og_description":"F\u00f6r att ut\u00f6ka integrationsprogrammet och f\u00f6rb\u00e4ttra b\u00e5tupplevelsen f\u00f6r \u00e4nnu fler anv\u00e4ndare samarbetar VETUS nu med Honda Marine och...","og_url":"https:\/\/vetus.com\/sv\/integration-av-bow-pro-bogpropeller-med-honda-utombordare-och-ultraflex-reglage\/","og_site_name":"VETUS","article_modified_time":"2026-02-26T14:06:47+00:00","twitter_card":"summary_large_image","twitter_misc":{"Ber\u00e4knad l\u00e4stid":"3 minuter"},"schema":{"@context":"https:\/\/schema.org","@graph":[{"@type":"WebPage","@id":"https:\/\/vetus.com\/sv\/integration-av-bow-pro-bogpropeller-med-honda-utombordare-och-ultraflex-reglage\/","url":"https:\/\/vetus.com\/sv\/integration-av-bow-pro-bogpropeller-med-honda-utombordare-och-ultraflex-reglage\/","name":"Integration av BOW PRO bogpropeller med Honda utombordare och Ultraflex-reglage - VETUS","isPartOf":{"@id":"https:\/\/vetus.com\/sv\/#website"},"datePublished":"2025-02-26T14:42:13+00:00","dateModified":"2026-02-26T14:06:47+00:00","description":"F\u00f6r att ut\u00f6ka integrationsprogrammet och f\u00f6rb\u00e4ttra b\u00e5tupplevelsen f\u00f6r \u00e4nnu fler anv\u00e4ndare samarbetar VETUS nu med Honda Marine och...","breadcrumb":{"@id":"https:\/\/vetus.com\/sv\/integration-av-bow-pro-bogpropeller-med-honda-utombordare-och-ultraflex-reglage\/#breadcrumb"},"inLanguage":"sv-SE","potentialAction":[{"@type":"ReadAction","target":["https:\/\/vetus.com\/sv\/integration-av-bow-pro-bogpropeller-med-honda-utombordare-och-ultraflex-reglage\/"]}]},{"@type":"BreadcrumbList","@id":"https:\/\/vetus.com\/sv\/integration-av-bow-pro-bogpropeller-med-honda-utombordare-och-ultraflex-reglage\/#breadcrumb","itemListElement":[{"@type":"ListItem","position":1,"name":"Home","item":"https:\/\/vetus.com\/sv\/"},{"@type":"ListItem","position":2,"name":"Integration av BOW PRO bogpropeller med Honda utombordare och Ultraflex-reglage"}]},{"@type":"WebSite","@id":"https:\/\/vetus.com\/sv\/#website","url":"https:\/\/vetus.com\/sv\/","name":"VETUS","description":"","potentialAction":[{"@type":"SearchAction","target":{"@type":"EntryPoint","urlTemplate":"https:\/\/vetus.com\/sv\/?s={search_term_string}"},"query-input":{"@type":"PropertyValueSpecification","valueRequired":true,"valueName":"search_term_string"}}],"inLanguage":"sv-SE"}]}},"_links":{"self":[{"href":"https:\/\/vetus.com\/sv\/wp-json\/wp\/v2\/pages\/101578","targetHints":{"allow":["GET"]}}],"collection":[{"href":"https:\/\/vetus.com\/sv\/wp-json\/wp\/v2\/pages"}],"about":[{"href":"https:\/\/vetus.com\/sv\/wp-json\/wp\/v2\/types\/page"}],"author":[{"embeddable":true,"href":"https:\/\/vetus.com\/sv\/wp-json\/wp\/v2\/users\/20"}],"replies":[{"embeddable":true,"href":"https:\/\/vetus.com\/sv\/wp-json\/wp\/v2\/comments?post=101578"}],"version-history":[{"count":4,"href":"https:\/\/vetus.com\/sv\/wp-json\/wp\/v2\/pages\/101578\/revisions"}],"predecessor-version":[{"id":122799,"href":"https:\/\/vetus.com\/sv\/wp-json\/wp\/v2\/pages\/101578\/revisions\/122799"}],"wp:attachment":[{"href":"https:\/\/vetus.com\/sv\/wp-json\/wp\/v2\/media?parent=101578"}],"curies":[{"name":"wp","href":"https:\/\/api.w.org\/{rel}","templated":true}]}}