{"id":26925,"date":"2021-08-03T14:31:20","date_gmt":"2021-08-03T12:31:20","guid":{"rendered":"https:\/\/vetus.com\/?page_id=26925"},"modified":"2025-12-01T11:28:05","modified_gmt":"2025-12-01T09:28:05","slug":"oswiadczenie-dotyczace-strategii-podatkowej-w-wielkiej-brytanii","status":"publish","type":"page","link":"https:\/\/vetus.com\/ru\/oswiadczenie-dotyczace-strategii-podatkowej-w-wielkiej-brytanii\/","title":{"rendered":"O\u015bwiadczenie dotycz\u0105ce strategii podatkowej w Wielkiej Brytanii"},"content":{"rendered":"\n<section class=\"section  \">\n    \n\n<section id=\"section-text-block-block_91d1be9c2d7e7c23eca815f147d4de95\" class=\"section text-block \">\n                    <div class=\"section section__body\">\n            <div class=\"text-block\">\n                <div class=\"container\">\n                    <div class=\"row\">\n                        <div class=\"col-lg-8 offset-lg-2\">\n                                                            <div class=\"section__content single__content hentry\">\n                                    <p>Niniejsza Strategia Podatkowa dla Wielkiej Brytanii dotyczy sp\u00f3\u0142ki Vetus Limited, kt\u00f3ra jest brytyjskim cz\u0142onkiem Grupy Yanmar (&#171;Yanmar&#187;). Jej publikacja jest uznawana za zgodn\u0105 z Cz\u0119\u015bci\u0105 2 Za\u0142\u0105cznika 19 Ustawy o Finansach z 2016 r. na okres ko\u0144cz\u0105cy si\u0119 31 marca 2026\u00a0r.<\/p>\n<p>Yanmar to grupa z siedzib\u0105 w Japonii, kt\u00f3rej pocz\u0105tki si\u0119gaj\u0105 1912 roku. W 1933 roku jako pierwszej uda\u0142o si\u0119 stworzy\u0107 kompaktowy silnik wysokopr\u0119\u017cny o praktycznych rozmiarach. Od tego czasu, z przemys\u0142owymi silnikami wysokopr\u0119\u017cnymi jako podstaw\u0105 dzia\u0142alno\u015bci przedsi\u0119biorstwa, Yanmar stale rozszerza swoj\u0105 ofert\u0119 produkt\u00f3w, us\u0142ug i wiedzy, aby dostarcza\u0107 kompleksowe rozwi\u0105zania jako producent sprz\u0119tu przemys\u0142owego. Jako dostawca ma\u0142ych i du\u017cych silnik\u00f3w, maszyn i urz\u0105dze\u0144 rolniczych, sprz\u0119tu budowlanego, system\u00f3w energetycznych, sprz\u0119tu morskiego, obrabiarek i komponent\u00f3w &#8212; globalna dzia\u0142alno\u015b\u0107 firmy Yanmar obejmuje siedem dziedzin.<\/p>\n<p><strong>Podej\u015bcie do zgodno\u015bci<\/strong><\/p>\n<p>Globalny Kodeks Post\u0119powania Yanmar podkre\u015bla znaczenie utrzymania zaufania udzia\u0142owc\u00f3w poprzez wype\u0142nianie obowi\u0105zk\u00f3w spo\u0142ecznych i przestrzeganie wszystkich obowi\u0105zuj\u0105cych przepis\u00f3w i regulacji. Stanowi to podstaw\u0119 naszego podej\u015bcia do opodatkowania w Wielkiej Brytanii, kt\u00f3re koncentruje si\u0119 na wype\u0142nianiu naszych zobowi\u0105za\u0144.<\/p>\n<p><strong>Zarz\u0105dzanie podatkami i zarz\u0105dzanie ryzykiem<\/strong><\/p>\n<p>Rutynowe dzia\u0142ania zwi\u0105zane z przestrzeganiem przepis\u00f3w podatkowych s\u0105 zarz\u0105dzane lokalnie. Jednak te aspekty naszego zarz\u0105dzania podatkami, kt\u00f3re wymagaj\u0105 wi\u0119kszej koordynacji (np. rozw\u00f3j i utrzymanie naszej polityki cen transferowych zgodnie z zasadami OECD), s\u0105 nadzorowane na poziomie grupy.<\/p>\n<p>Zarz\u0105dzanie podatkami odbywa si\u0119 zgodnie z nasz\u0105 gotowo\u015bci\u0105 do podejmowania niskiego ryzyka podatkowego, a my zarz\u0105dzamy ryzykiem podatkowym poprzez zapewnienie odpowiednich zasob\u00f3w na dzia\u0142ania zwi\u0105zane z przestrzeganiem przepis\u00f3w podatkowych w Wielkiej Brytanii. Oznacza to, \u017ce pracownicy zaanga\u017cowani w dzia\u0142ania zwi\u0105zane z przestrzeganiem przepis\u00f3w podatkowych w Wielkiej Brytanii s\u0105 odpowiednio przeszkoleni i wykwalifikowani, a w przypadku zlecania takich dzia\u0142a\u0144 na zewn\u0105trz korzystamy wy\u0142\u0105cznie z us\u0142ug renomowanych doradc\u00f3w. Konsultujemy si\u0119 r\u00f3wnie\u017c z doradcami, aby mie\u0107 pewno\u015b\u0107, \u017ce jeste\u015bmy na bie\u017c\u0105co ze zmianami w przepisach podatkowych i jeste\u015bmy w stanie identyfikowa\u0107 i zarz\u0105dza\u0107 wszelkim zwi\u0105zanym z tym ryzykiem.<\/p>\n<p>Nasza strategia podatkowa dla Wielkiej Brytanii jest zatwierdzana przez grup\u0119 ds. podatk\u00f3w, dzia\u0142 ksi\u0119gowo\u015bci i administracji Yanmar Global Expert Co., Ltd. w Japonii oraz uznawana i wdra\u017cana przez zarz\u0105dy brytyjskich sp\u00f3\u0142ek zale\u017cnych.<\/p>\n<p><strong>Planowanie<\/strong><\/p>\n<p>Na l\u0105dzie, na morzu i w mie\u015bcie, Misja Yanmar &#171;dostarczanie zr\u00f3wnowa\u017conych rozwi\u0105za\u0144 skoncentrowanych na wyzwaniach, przed kt\u00f3rymi stoj\u0105 klienci, w zakresie produkcji \u017cywno\u015bci i wykorzystania energii, wzbogacaj\u0105c w ten spos\u00f3b \u017cycie ludzi na wszystkie nasze jutrzejsze dni&#187; \u015bwiadczy o determinacji Yanmar w zapewnianiu nam &#171;ZR\u00d3WNOWA\u017bONEJ PRZYSZ\u0141O\u015aCI&#187;. Nie b\u0119dziemy anga\u017cowa\u0107 si\u0119 w \u017cadne planowanie podatkowe, kt\u00f3re podwa\u017ca nasze zaanga\u017cowanie w &#171;ZR\u00d3WNOWA\u017bON\u0104 PRZYSZ\u0141O\u015a\u0106&#187;. B\u0119dziemy jednak reagowa\u0107 na uzasadnione zach\u0119ty (takie jak ulgi kapita\u0142owe), je\u015bli b\u0119d\u0105 one dost\u0119pne, aby zarz\u0105dza\u0107 naszymi zobowi\u0105zaniami podatkowymi zgodnie z celami przepis\u00f3w.<\/p>\n<p><strong>Relacje z organami podatkowymi<\/strong><\/p>\n<p>Interakcja z HMRC jest generalnie ograniczona do zapyta\u0144 administracyjnych w celu zapewnienia, \u017ce oczekiwania HMRC s\u0105 spe\u0142nione. W przypadku jakichkolwiek zapyta\u0144 ze strony HMRC, b\u0119dziemy na nie odpowiada\u0107 w spos\u00f3b otwarty i oparty na wsp\u00f3\u0142pracy.<\/p>\n                                <\/div>\n                            \n                                                    <\/div>\n                    <\/div>\n                <\/div>\n            <\/div>\n        <\/div>\n    <\/section><\/section>","protected":false},"excerpt":{"rendered":"<p>As standard we give 3 years warranty on equipment and 5 years warranty on engines.<\/p>\n","protected":false},"author":7,"featured_media":3390,"parent":0,"menu_order":171,"comment_status":"closed","ping_status":"closed","template":"tpl-basic.php","meta":{"_acf_changed":false,"footnotes":""},"class_list":["post-26925","page","type-page","status-publish","has-post-thumbnail","hentry"],"acf":{"introduction":"","person":false},"yoast_head":"<!-- This site is optimized with the Yoast SEO Premium plugin v27.3 (Yoast SEO v27.3) - https:\/\/yoast.com\/product\/yoast-seo-premium-wordpress\/ -->\n<title>O\u015bwiadczenie dotycz\u0105ce strategii podatkowej w Wielkiej Brytanii - VETUS<\/title>\n<meta name=\"robots\" content=\"index, follow, max-snippet:-1, max-image-preview:large, max-video-preview:-1\" \/>\n<link rel=\"canonical\" href=\"https:\/\/vetus.com\/ru\/oswiadczenie-dotyczace-strategii-podatkowej-w-wielkiej-brytanii\/\" \/>\n<meta property=\"og:locale\" content=\"ru_RU\" \/>\n<meta property=\"og:type\" content=\"article\" \/>\n<meta property=\"og:title\" content=\"O\u015bwiadczenie dotycz\u0105ce strategii podatkowej w Wielkiej Brytanii\" \/>\n<meta property=\"og:description\" content=\"As standard we give 3 years warranty on equipment and 5 years warranty on engines.\" \/>\n<meta property=\"og:url\" content=\"https:\/\/vetus.com\/ru\/oswiadczenie-dotyczace-strategii-podatkowej-w-wielkiej-brytanii\/\" \/>\n<meta property=\"og:site_name\" content=\"VETUS\" \/>\n<meta property=\"article:modified_time\" content=\"2025-12-01T09:28:05+00:00\" \/>\n<meta property=\"og:image\" content=\"https:\/\/vetus.com\/wp-content\/uploads\/featured-warranty-3-5-years.png\" \/>\n\t<meta property=\"og:image:width\" content=\"1200\" \/>\n\t<meta property=\"og:image:height\" content=\"800\" \/>\n\t<meta property=\"og:image:type\" content=\"image\/png\" \/>\n<meta name=\"twitter:card\" content=\"summary_large_image\" \/>\n<meta name=\"twitter:label1\" content=\"\u041f\u0440\u0438\u043c\u0435\u0440\u043d\u043e\u0435 \u0432\u0440\u0435\u043c\u044f \u0434\u043b\u044f \u0447\u0442\u0435\u043d\u0438\u044f\" \/>\n\t<meta name=\"twitter:data1\" content=\"2 \u043c\u0438\u043d\u0443\u0442\u044b\" \/>\n<script type=\"application\/ld+json\" class=\"yoast-schema-graph\">{\"@context\":\"https:\\\/\\\/schema.org\",\"@graph\":[{\"@type\":\"WebPage\",\"@id\":\"https:\\\/\\\/vetus.com\\\/ru\\\/oswiadczenie-dotyczace-strategii-podatkowej-w-wielkiej-brytanii\\\/\",\"url\":\"https:\\\/\\\/vetus.com\\\/ru\\\/oswiadczenie-dotyczace-strategii-podatkowej-w-wielkiej-brytanii\\\/\",\"name\":\"O\u015bwiadczenie dotycz\u0105ce strategii podatkowej w Wielkiej Brytanii - VETUS\",\"isPartOf\":{\"@id\":\"https:\\\/\\\/vetus.com\\\/ru\\\/#website\"},\"primaryImageOfPage\":{\"@id\":\"https:\\\/\\\/vetus.com\\\/ru\\\/oswiadczenie-dotyczace-strategii-podatkowej-w-wielkiej-brytanii\\\/#primaryimage\"},\"image\":{\"@id\":\"https:\\\/\\\/vetus.com\\\/ru\\\/oswiadczenie-dotyczace-strategii-podatkowej-w-wielkiej-brytanii\\\/#primaryimage\"},\"thumbnailUrl\":\"https:\\\/\\\/vetus.com\\\/wp-content\\\/uploads\\\/featured-warranty-3-5-years.png\",\"datePublished\":\"2021-08-03T12:31:20+00:00\",\"dateModified\":\"2025-12-01T09:28:05+00:00\",\"breadcrumb\":{\"@id\":\"https:\\\/\\\/vetus.com\\\/ru\\\/oswiadczenie-dotyczace-strategii-podatkowej-w-wielkiej-brytanii\\\/#breadcrumb\"},\"inLanguage\":\"ru-RU\",\"potentialAction\":[{\"@type\":\"ReadAction\",\"target\":[\"https:\\\/\\\/vetus.com\\\/ru\\\/oswiadczenie-dotyczace-strategii-podatkowej-w-wielkiej-brytanii\\\/\"]}]},{\"@type\":\"ImageObject\",\"inLanguage\":\"ru-RU\",\"@id\":\"https:\\\/\\\/vetus.com\\\/ru\\\/oswiadczenie-dotyczace-strategii-podatkowej-w-wielkiej-brytanii\\\/#primaryimage\",\"url\":\"https:\\\/\\\/vetus.com\\\/wp-content\\\/uploads\\\/featured-warranty-3-5-years.png\",\"contentUrl\":\"https:\\\/\\\/vetus.com\\\/wp-content\\\/uploads\\\/featured-warranty-3-5-years.png\",\"width\":1200,\"height\":800},{\"@type\":\"BreadcrumbList\",\"@id\":\"https:\\\/\\\/vetus.com\\\/ru\\\/oswiadczenie-dotyczace-strategii-podatkowej-w-wielkiej-brytanii\\\/#breadcrumb\",\"itemListElement\":[{\"@type\":\"ListItem\",\"position\":1,\"name\":\"Home\",\"item\":\"https:\\\/\\\/vetus.com\\\/ru\\\/\"},{\"@type\":\"ListItem\",\"position\":2,\"name\":\"O\u015bwiadczenie dotycz\u0105ce strategii podatkowej w Wielkiej Brytanii\"}]},{\"@type\":\"WebSite\",\"@id\":\"https:\\\/\\\/vetus.com\\\/ru\\\/#website\",\"url\":\"https:\\\/\\\/vetus.com\\\/ru\\\/\",\"name\":\"VETUS\",\"description\":\"\",\"potentialAction\":[{\"@type\":\"SearchAction\",\"target\":{\"@type\":\"EntryPoint\",\"urlTemplate\":\"https:\\\/\\\/vetus.com\\\/ru\\\/?s={search_term_string}\"},\"query-input\":{\"@type\":\"PropertyValueSpecification\",\"valueRequired\":true,\"valueName\":\"search_term_string\"}}],\"inLanguage\":\"ru-RU\"}]}<\/script>\n<!-- \/ Yoast SEO Premium plugin. -->","yoast_head_json":{"title":"O\u015bwiadczenie dotycz\u0105ce strategii podatkowej w Wielkiej Brytanii - VETUS","robots":{"index":"index","follow":"follow","max-snippet":"max-snippet:-1","max-image-preview":"max-image-preview:large","max-video-preview":"max-video-preview:-1"},"canonical":"https:\/\/vetus.com\/ru\/oswiadczenie-dotyczace-strategii-podatkowej-w-wielkiej-brytanii\/","og_locale":"ru_RU","og_type":"article","og_title":"O\u015bwiadczenie dotycz\u0105ce strategii podatkowej w Wielkiej Brytanii","og_description":"As standard we give 3 years warranty on equipment and 5 years warranty on engines.","og_url":"https:\/\/vetus.com\/ru\/oswiadczenie-dotyczace-strategii-podatkowej-w-wielkiej-brytanii\/","og_site_name":"VETUS","article_modified_time":"2025-12-01T09:28:05+00:00","og_image":[{"width":1200,"height":800,"url":"https:\/\/vetus.com\/wp-content\/uploads\/featured-warranty-3-5-years.png","type":"image\/png"}],"twitter_card":"summary_large_image","twitter_misc":{"\u041f\u0440\u0438\u043c\u0435\u0440\u043d\u043e\u0435 \u0432\u0440\u0435\u043c\u044f \u0434\u043b\u044f \u0447\u0442\u0435\u043d\u0438\u044f":"2 \u043c\u0438\u043d\u0443\u0442\u044b"},"schema":{"@context":"https:\/\/schema.org","@graph":[{"@type":"WebPage","@id":"https:\/\/vetus.com\/ru\/oswiadczenie-dotyczace-strategii-podatkowej-w-wielkiej-brytanii\/","url":"https:\/\/vetus.com\/ru\/oswiadczenie-dotyczace-strategii-podatkowej-w-wielkiej-brytanii\/","name":"O\u015bwiadczenie dotycz\u0105ce strategii podatkowej w Wielkiej Brytanii - VETUS","isPartOf":{"@id":"https:\/\/vetus.com\/ru\/#website"},"primaryImageOfPage":{"@id":"https:\/\/vetus.com\/ru\/oswiadczenie-dotyczace-strategii-podatkowej-w-wielkiej-brytanii\/#primaryimage"},"image":{"@id":"https:\/\/vetus.com\/ru\/oswiadczenie-dotyczace-strategii-podatkowej-w-wielkiej-brytanii\/#primaryimage"},"thumbnailUrl":"https:\/\/vetus.com\/wp-content\/uploads\/featured-warranty-3-5-years.png","datePublished":"2021-08-03T12:31:20+00:00","dateModified":"2025-12-01T09:28:05+00:00","breadcrumb":{"@id":"https:\/\/vetus.com\/ru\/oswiadczenie-dotyczace-strategii-podatkowej-w-wielkiej-brytanii\/#breadcrumb"},"inLanguage":"ru-RU","potentialAction":[{"@type":"ReadAction","target":["https:\/\/vetus.com\/ru\/oswiadczenie-dotyczace-strategii-podatkowej-w-wielkiej-brytanii\/"]}]},{"@type":"ImageObject","inLanguage":"ru-RU","@id":"https:\/\/vetus.com\/ru\/oswiadczenie-dotyczace-strategii-podatkowej-w-wielkiej-brytanii\/#primaryimage","url":"https:\/\/vetus.com\/wp-content\/uploads\/featured-warranty-3-5-years.png","contentUrl":"https:\/\/vetus.com\/wp-content\/uploads\/featured-warranty-3-5-years.png","width":1200,"height":800},{"@type":"BreadcrumbList","@id":"https:\/\/vetus.com\/ru\/oswiadczenie-dotyczace-strategii-podatkowej-w-wielkiej-brytanii\/#breadcrumb","itemListElement":[{"@type":"ListItem","position":1,"name":"Home","item":"https:\/\/vetus.com\/ru\/"},{"@type":"ListItem","position":2,"name":"O\u015bwiadczenie dotycz\u0105ce strategii podatkowej w Wielkiej Brytanii"}]},{"@type":"WebSite","@id":"https:\/\/vetus.com\/ru\/#website","url":"https:\/\/vetus.com\/ru\/","name":"VETUS","description":"","potentialAction":[{"@type":"SearchAction","target":{"@type":"EntryPoint","urlTemplate":"https:\/\/vetus.com\/ru\/?s={search_term_string}"},"query-input":{"@type":"PropertyValueSpecification","valueRequired":true,"valueName":"search_term_string"}}],"inLanguage":"ru-RU"}]}},"_links":{"self":[{"href":"https:\/\/vetus.com\/ru\/wp-json\/wp\/v2\/pages\/26925","targetHints":{"allow":["GET"]}}],"collection":[{"href":"https:\/\/vetus.com\/ru\/wp-json\/wp\/v2\/pages"}],"about":[{"href":"https:\/\/vetus.com\/ru\/wp-json\/wp\/v2\/types\/page"}],"author":[{"embeddable":true,"href":"https:\/\/vetus.com\/ru\/wp-json\/wp\/v2\/users\/7"}],"replies":[{"embeddable":true,"href":"https:\/\/vetus.com\/ru\/wp-json\/wp\/v2\/comments?post=26925"}],"version-history":[{"count":3,"href":"https:\/\/vetus.com\/ru\/wp-json\/wp\/v2\/pages\/26925\/revisions"}],"predecessor-version":[{"id":117809,"href":"https:\/\/vetus.com\/ru\/wp-json\/wp\/v2\/pages\/26925\/revisions\/117809"}],"wp:featuredmedia":[{"embeddable":true,"href":"https:\/\/vetus.com\/ru\/wp-json\/wp\/v2\/media\/3390"}],"wp:attachment":[{"href":"https:\/\/vetus.com\/ru\/wp-json\/wp\/v2\/media?parent=26925"}],"curies":[{"name":"wp","href":"https:\/\/api.w.org\/{rel}","templated":true}]}}