{"id":3438,"date":"2021-03-31T09:01:36","date_gmt":"2021-03-31T07:01:36","guid":{"rendered":"https:\/\/vetus.inlinedigital.nl\/cms\/5-and-5-year-warranty\/"},"modified":"2022-07-12T12:41:02","modified_gmt":"2022-07-12T10:41:02","slug":"garantia-5-plus","status":"publish","type":"page","link":"https:\/\/vetus.com\/pt-pt\/servico-e-suporte\/garantia-5-plus\/","title":{"rendered":"Garantia 5 plus"},"content":{"rendered":"\n<section class=\"section  \">\n    \n\n<section id=\"section-text-block-block_60642c2927d6b\" class=\"section text-block \">\n                    <div class=\"section section__body\">\n            <div class=\"text-block\">\n                <div class=\"container\">\n                    <div class=\"row\">\n                        <div class=\"col-lg-8 offset-lg-2\">\n                                                            <div class=\"section__content single__content hentry\">\n                                    <p>Outra boa raz\u00e3o para escolher a VETUS! Quando um motor VETUS \u00e9 adquirido em conjunto com um kit de material VETUS afim ao motor, a garantia \u00e9 estendida de 3 para 5 anos para o pacote completo. Juntamente com as j\u00e1 muito boas condi\u00e7\u00f5es de garantia dos motores VETUS (3 + 2 anos), os produtos VETUS ir\u00e3o assegurar-lhe uma utiliza\u00e7\u00e3o prolongada e despreocupada do seu barco!<\/p>\n<p><img decoding=\"async\" class=\"alignnone size-full wp-image-12399\" src=\"https:\/\/vetus.com\/wp-content\/uploads\/extended-warranty_banner_PT.png\" alt=\"\" width=\"770\" height=\"302\" srcset=\"https:\/\/vetus.com\/wp-content\/uploads\/extended-warranty_banner_PT.png 770w, https:\/\/vetus.com\/wp-content\/uploads\/extended-warranty_banner_PT-300x118.png 300w, https:\/\/vetus.com\/wp-content\/uploads\/extended-warranty_banner_PT-768x301.png 768w, https:\/\/vetus.com\/wp-content\/uploads\/extended-warranty_banner_PT-418x164.png 418w, https:\/\/vetus.com\/wp-content\/uploads\/extended-warranty_banner_PT-604x237.png 604w\" sizes=\"(max-width: 770px) 100vw, 770px\" \/><\/p>\n<h3>Como funciona?<\/h3>\n<p>Compra um novo motor VETUS e completa o kit de afins ao motor VETUS atrav\u00e9s de um agente oficial VETUS, contendo:<\/p>\n<ul>\n<li>Sistema de linha de veios<\/li>\n<li>H\u00e9lice<\/li>\n<li>Acoplamento flex\u00edvel<\/li>\n<li>Filtro de \u00e1gua de refrigera\u00e7\u00e3o<\/li>\n<li>Separador de \u00e1gua \/ filtro de combust\u00edvel<\/li>\n<li>Sistema de escape (mangueira, colector, silencioso, pesco\u00e7o de cavalo, sa\u00edda de popa e v\u00e1lvula antisifonamento)<\/li>\n<li>Controlo remoto do motor<\/li>\n<li>Grelhas de ventila\u00e7\u00e3o<\/li>\n<\/ul>\n<p>Para tipos e modelos, transfira a tabela de selec\u00e7\u00e3o de equipamentos!<\/p>\n<p>O formul\u00e1rio de instala\u00e7\u00e3o ser\u00e1 usado pelo seu agente \/ instalador, para solicitar a garantia de 5 plus.<\/p>\n<h3>Pol\u00edtica de garantia<\/h3>\n<p>Os seguintes artigos da nossa pol\u00edtica de garantia aplicam-se a esta promo\u00e7\u00e3o:<\/p>\n<h6>Artigo 8<\/h6>\n<p>Todas as reclama\u00e7\u00f5es de garantia ser\u00e3o consideradas nulas e sem efeito nas seguintes situa\u00e7\u00f5es:<\/p>\n<ul>\n<li>A manuten\u00e7\u00e3o peri\u00f3dica necess\u00e1ria n\u00e3o seja realizada por um agente VETUS autorizado<\/li>\n<li>Instala\u00e7\u00e3o inadequada do produto<\/li>\n<li>Utiliza\u00e7\u00e3o impr\u00f3pria do produto<\/li>\n<li>A falha seja ocasionada por descuido por parte do propriet\u00e1rio ou utilizador<\/li>\n<li>No caso de calamidade externa<\/li>\n<li>Em caso de n\u00e3o cumprimento das instru\u00e7\u00f5es de utiliza\u00e7\u00e3o<\/li>\n<li>O per\u00edodo de garantia de 60 meses tenha expirado<\/li>\n<\/ul>\n<h6>Artigo 9<\/h6>\n<p>Exclus\u00f5es: situa\u00e7\u00f5es n\u00e3o cobertas por esta garantia:<\/p>\n<ul>\n<li>Pe\u00e7as de desgaste<\/li>\n<li>Custos consequentes, tais como (mas n\u00e3o limitados a) &#8211; custos de transporte, custos de m\u00e3o de obra, i\u00e7agem, custos de manuseamento, etc.<\/li>\n<li>Danos como resultado de influ\u00eancias ambientais<\/li>\n<li>Polui\u00e7\u00e3o, congelamento, superaquecimento e sobrecarga<\/li>\n<\/ul>\n<h3>Downloads<\/h3>\n<p><a href=\"https:\/\/online.flippingbook.com\/view\/450671581\/\">Descarregar a tabela de selec\u00e7\u00e3o de equipamento<\/a><\/p>\n                                <\/div>\n                            \n                                                    <\/div>\n                    <\/div>\n                <\/div>\n            <\/div>\n        <\/div>\n    <\/section><\/section>","protected":false},"excerpt":{"rendered":"<p>When you buy a VETUS engine we give you a 5 year warranty on the engine and on a selected list of around the engine products.<\/p>\n","protected":false},"author":31,"featured_media":3440,"parent":3569,"menu_order":104,"comment_status":"closed","ping_status":"closed","template":"tpl-basic.php","meta":{"_acf_changed":false,"footnotes":""},"class_list":["post-3438","page","type-page","status-publish","has-post-thumbnail","hentry"],"acf":{"introduction":"","person":false},"yoast_head":"<!-- This site is optimized with the Yoast SEO Premium plugin v27.4 (Yoast SEO v27.4) - https:\/\/yoast.com\/product\/yoast-seo-premium-wordpress\/ -->\n<title>Garantia 5 plus - VETUS<\/title>\n<meta name=\"robots\" content=\"index, follow, max-snippet:-1, max-image-preview:large, max-video-preview:-1\" \/>\n<link rel=\"canonical\" href=\"https:\/\/vetus.com\/pt-pt\/servico-e-suporte\/garantia-5-plus\/\" \/>\n<meta property=\"og:locale\" content=\"pt_PT\" \/>\n<meta property=\"og:type\" content=\"article\" \/>\n<meta property=\"og:title\" content=\"Garantia 5 plus\" \/>\n<meta property=\"og:description\" content=\"When you buy a VETUS engine we give you a 5 year warranty on the engine and on a selected list of around the engine products.\" \/>\n<meta property=\"og:url\" content=\"https:\/\/vetus.com\/pt-pt\/servico-e-suporte\/garantia-5-plus\/\" \/>\n<meta property=\"og:site_name\" content=\"VETUS\" \/>\n<meta property=\"article:modified_time\" content=\"2022-07-12T10:41:02+00:00\" \/>\n<meta property=\"og:image\" content=\"https:\/\/vetus.com\/wp-content\/uploads\/featured-warranty-5.png\" \/>\n\t<meta property=\"og:image:width\" content=\"1200\" \/>\n\t<meta property=\"og:image:height\" content=\"800\" \/>\n\t<meta property=\"og:image:type\" content=\"image\/png\" \/>\n<meta name=\"twitter:card\" content=\"summary_large_image\" \/>\n<script type=\"application\/ld+json\" class=\"yoast-schema-graph\">{\"@context\":\"https:\\\/\\\/schema.org\",\"@graph\":[{\"@type\":\"WebPage\",\"@id\":\"https:\\\/\\\/vetus.com\\\/pt-pt\\\/servico-e-suporte\\\/garantia-5-plus\\\/\",\"url\":\"https:\\\/\\\/vetus.com\\\/pt-pt\\\/servico-e-suporte\\\/garantia-5-plus\\\/\",\"name\":\"Garantia 5 plus - VETUS\",\"isPartOf\":{\"@id\":\"https:\\\/\\\/vetus.com\\\/pt-pt\\\/#website\"},\"primaryImageOfPage\":{\"@id\":\"https:\\\/\\\/vetus.com\\\/pt-pt\\\/servico-e-suporte\\\/garantia-5-plus\\\/#primaryimage\"},\"image\":{\"@id\":\"https:\\\/\\\/vetus.com\\\/pt-pt\\\/servico-e-suporte\\\/garantia-5-plus\\\/#primaryimage\"},\"thumbnailUrl\":\"https:\\\/\\\/vetus.com\\\/wp-content\\\/uploads\\\/featured-warranty-5.png\",\"datePublished\":\"2021-03-31T07:01:36+00:00\",\"dateModified\":\"2022-07-12T10:41:02+00:00\",\"breadcrumb\":{\"@id\":\"https:\\\/\\\/vetus.com\\\/pt-pt\\\/servico-e-suporte\\\/garantia-5-plus\\\/#breadcrumb\"},\"inLanguage\":\"pt-PT\",\"potentialAction\":[{\"@type\":\"ReadAction\",\"target\":[\"https:\\\/\\\/vetus.com\\\/pt-pt\\\/servico-e-suporte\\\/garantia-5-plus\\\/\"]}]},{\"@type\":\"ImageObject\",\"inLanguage\":\"pt-PT\",\"@id\":\"https:\\\/\\\/vetus.com\\\/pt-pt\\\/servico-e-suporte\\\/garantia-5-plus\\\/#primaryimage\",\"url\":\"https:\\\/\\\/vetus.com\\\/wp-content\\\/uploads\\\/featured-warranty-5.png\",\"contentUrl\":\"https:\\\/\\\/vetus.com\\\/wp-content\\\/uploads\\\/featured-warranty-5.png\",\"width\":1200,\"height\":800},{\"@type\":\"BreadcrumbList\",\"@id\":\"https:\\\/\\\/vetus.com\\\/pt-pt\\\/servico-e-suporte\\\/garantia-5-plus\\\/#breadcrumb\",\"itemListElement\":[{\"@type\":\"ListItem\",\"position\":1,\"name\":\"Home\",\"item\":\"https:\\\/\\\/vetus.com\\\/pt-pt\\\/\"},{\"@type\":\"ListItem\",\"position\":2,\"name\":\"Servi\u00e7o e Suporte\",\"item\":\"https:\\\/\\\/vetus.com\\\/pt-pt\\\/servico-e-suporte\\\/\"},{\"@type\":\"ListItem\",\"position\":3,\"name\":\"Garantia 5 plus\"}]},{\"@type\":\"WebSite\",\"@id\":\"https:\\\/\\\/vetus.com\\\/pt-pt\\\/#website\",\"url\":\"https:\\\/\\\/vetus.com\\\/pt-pt\\\/\",\"name\":\"VETUS\",\"description\":\"\",\"potentialAction\":[{\"@type\":\"SearchAction\",\"target\":{\"@type\":\"EntryPoint\",\"urlTemplate\":\"https:\\\/\\\/vetus.com\\\/pt-pt\\\/?s={search_term_string}\"},\"query-input\":{\"@type\":\"PropertyValueSpecification\",\"valueRequired\":true,\"valueName\":\"search_term_string\"}}],\"inLanguage\":\"pt-PT\"}]}<\/script>\n<!-- \/ Yoast SEO Premium plugin. -->","yoast_head_json":{"title":"Garantia 5 plus - VETUS","robots":{"index":"index","follow":"follow","max-snippet":"max-snippet:-1","max-image-preview":"max-image-preview:large","max-video-preview":"max-video-preview:-1"},"canonical":"https:\/\/vetus.com\/pt-pt\/servico-e-suporte\/garantia-5-plus\/","og_locale":"pt_PT","og_type":"article","og_title":"Garantia 5 plus","og_description":"When you buy a VETUS engine we give you a 5 year warranty on the engine and on a selected list of around the engine products.","og_url":"https:\/\/vetus.com\/pt-pt\/servico-e-suporte\/garantia-5-plus\/","og_site_name":"VETUS","article_modified_time":"2022-07-12T10:41:02+00:00","og_image":[{"width":1200,"height":800,"url":"https:\/\/vetus.com\/wp-content\/uploads\/featured-warranty-5.png","type":"image\/png"}],"twitter_card":"summary_large_image","schema":{"@context":"https:\/\/schema.org","@graph":[{"@type":"WebPage","@id":"https:\/\/vetus.com\/pt-pt\/servico-e-suporte\/garantia-5-plus\/","url":"https:\/\/vetus.com\/pt-pt\/servico-e-suporte\/garantia-5-plus\/","name":"Garantia 5 plus - VETUS","isPartOf":{"@id":"https:\/\/vetus.com\/pt-pt\/#website"},"primaryImageOfPage":{"@id":"https:\/\/vetus.com\/pt-pt\/servico-e-suporte\/garantia-5-plus\/#primaryimage"},"image":{"@id":"https:\/\/vetus.com\/pt-pt\/servico-e-suporte\/garantia-5-plus\/#primaryimage"},"thumbnailUrl":"https:\/\/vetus.com\/wp-content\/uploads\/featured-warranty-5.png","datePublished":"2021-03-31T07:01:36+00:00","dateModified":"2022-07-12T10:41:02+00:00","breadcrumb":{"@id":"https:\/\/vetus.com\/pt-pt\/servico-e-suporte\/garantia-5-plus\/#breadcrumb"},"inLanguage":"pt-PT","potentialAction":[{"@type":"ReadAction","target":["https:\/\/vetus.com\/pt-pt\/servico-e-suporte\/garantia-5-plus\/"]}]},{"@type":"ImageObject","inLanguage":"pt-PT","@id":"https:\/\/vetus.com\/pt-pt\/servico-e-suporte\/garantia-5-plus\/#primaryimage","url":"https:\/\/vetus.com\/wp-content\/uploads\/featured-warranty-5.png","contentUrl":"https:\/\/vetus.com\/wp-content\/uploads\/featured-warranty-5.png","width":1200,"height":800},{"@type":"BreadcrumbList","@id":"https:\/\/vetus.com\/pt-pt\/servico-e-suporte\/garantia-5-plus\/#breadcrumb","itemListElement":[{"@type":"ListItem","position":1,"name":"Home","item":"https:\/\/vetus.com\/pt-pt\/"},{"@type":"ListItem","position":2,"name":"Servi\u00e7o e Suporte","item":"https:\/\/vetus.com\/pt-pt\/servico-e-suporte\/"},{"@type":"ListItem","position":3,"name":"Garantia 5 plus"}]},{"@type":"WebSite","@id":"https:\/\/vetus.com\/pt-pt\/#website","url":"https:\/\/vetus.com\/pt-pt\/","name":"VETUS","description":"","potentialAction":[{"@type":"SearchAction","target":{"@type":"EntryPoint","urlTemplate":"https:\/\/vetus.com\/pt-pt\/?s={search_term_string}"},"query-input":{"@type":"PropertyValueSpecification","valueRequired":true,"valueName":"search_term_string"}}],"inLanguage":"pt-PT"}]}},"_links":{"self":[{"href":"https:\/\/vetus.com\/pt-pt\/wp-json\/wp\/v2\/pages\/3438","targetHints":{"allow":["GET"]}}],"collection":[{"href":"https:\/\/vetus.com\/pt-pt\/wp-json\/wp\/v2\/pages"}],"about":[{"href":"https:\/\/vetus.com\/pt-pt\/wp-json\/wp\/v2\/types\/page"}],"author":[{"embeddable":true,"href":"https:\/\/vetus.com\/pt-pt\/wp-json\/wp\/v2\/users\/31"}],"replies":[{"embeddable":true,"href":"https:\/\/vetus.com\/pt-pt\/wp-json\/wp\/v2\/comments?post=3438"}],"version-history":[{"count":0,"href":"https:\/\/vetus.com\/pt-pt\/wp-json\/wp\/v2\/pages\/3438\/revisions"}],"up":[{"embeddable":true,"href":"https:\/\/vetus.com\/pt-pt\/wp-json\/wp\/v2\/pages\/3569"}],"wp:featuredmedia":[{"embeddable":true,"href":"https:\/\/vetus.com\/pt-pt\/wp-json\/wp\/v2\/media\/3440"}],"wp:attachment":[{"href":"https:\/\/vetus.com\/pt-pt\/wp-json\/wp\/v2\/media?parent=3438"}],"curies":[{"name":"wp","href":"https:\/\/api.w.org\/{rel}","templated":true}]}}