{"id":3383,"date":"2021-04-01T09:04:44","date_gmt":"2021-04-01T07:04:44","guid":{"rendered":"https:\/\/vetus.inlinedigital.nl\/cms\/contact\/"},"modified":"2021-06-24T14:50:20","modified_gmt":"2021-06-24T13:50:20","slug":"contact","status":"publish","type":"page","link":"https:\/\/vetus.com\/pt-pt\/commercial\/contact\/","title":{"rendered":"Contacto"},"content":{"rendered":"\n<section class=\"section  \">\n    <section id=\"categories-block_6050bc347911c\" class=\"section cards cards--cat \">\n    \n    <div class=\"section__body cards__body\">\n        <div class=\"container\">\n            <div class=\"row row--col-margin-semismall\">\n\n                                                <div class=\"col-12 col-sm-6 col-lg-4\">\n                                    \n<a href=\"https:\/\/vetus.com\/pt-pt\/servico-e-suporte\/vetus-filiais\/\" class=\"card card--cat card--cat-support ratio\">\n    <div class=\"card__layout content\">\n        <div class=\"card__header\">\n            <div class=\"card__title\">\n                <span class=\"h4\">\n                    VETUS Filiais                <\/span>\n            <\/div>\n\n            <div class=\"card__text text-sm\">\n                <p>\n                    Contacte o seu ponto de compra original se tiver quaisquer perguntas, problemas de servi\u00e7o ou preocupa\u00e7\u00f5es.                <\/p>\n            <\/div>\n        <\/div>\n        <div class=\"card__body mt-auto\">\n            <div class=\"card__media\">\n                                    <img decoding=\"async\" width=\"431\" height=\"287\" src=\"https:\/\/vetus.com\/wp-content\/uploads\/featured-contact-service.png\" class=\"media__source\" alt=\"\" srcset=\"https:\/\/vetus.com\/wp-content\/uploads\/featured-contact-service.png 1200w, https:\/\/vetus.com\/wp-content\/uploads\/featured-contact-service-300x200.png 300w, https:\/\/vetus.com\/wp-content\/uploads\/featured-contact-service-1024x683.png 1024w, https:\/\/vetus.com\/wp-content\/uploads\/featured-contact-service-768x512.png 768w, https:\/\/vetus.com\/wp-content\/uploads\/featured-contact-service-418x279.png 418w, https:\/\/vetus.com\/wp-content\/uploads\/featured-contact-service-604x403.png 604w, https:\/\/vetus.com\/wp-content\/uploads\/featured-contact-service-970x647.png 970w\" sizes=\"auto, (max-width: 575.98px) 330px, (max-width: 767.98px) 210px, (max-width: 991.98px) 330px, (max-width: 1279.98px) 330px, (max-width: 1899.98px) 330px, 431px\" loading=\"lazy\" \/>                            <\/div>\n\n            <div class=\"card__action\">\n                <span class=\"btn btn-sm btn-secondary btn-icon-only\">\n                    <i class=\"icon icon-keyboard_arrow_right\"><\/i>\n                <\/span>\n            <\/div>\n        <\/div>\n    <\/div>\n<\/a>                                <\/div>\n\n                                                <div class=\"col-12 col-sm-6 col-lg-4\">\n                                    \n<a href=\"https:\/\/vetus.com\/pt-pt\/servico-e-suporte\/faq\/\" class=\"card card--cat card--cat-support ratio\">\n    <div class=\"card__layout content\">\n        <div class=\"card__header\">\n            <div class=\"card__title\">\n                <span class=\"h4\">\n                    FAQ                <\/span>\n            <\/div>\n\n            <div class=\"card__text text-sm\">\n                <p>\n                    Uma vis\u00e3o geral das perguntas mais frequentes. Para todos os sistemas de barcos.                <\/p>\n            <\/div>\n        <\/div>\n        <div class=\"card__body mt-auto\">\n            <div class=\"card__media\">\n                                    <img decoding=\"async\" width=\"431\" height=\"287\" src=\"https:\/\/vetus.com\/wp-content\/uploads\/featured-faq.png\" class=\"media__source\" alt=\"\" srcset=\"https:\/\/vetus.com\/wp-content\/uploads\/featured-faq.png 1200w, https:\/\/vetus.com\/wp-content\/uploads\/featured-faq-300x200.png 300w, https:\/\/vetus.com\/wp-content\/uploads\/featured-faq-1024x683.png 1024w, https:\/\/vetus.com\/wp-content\/uploads\/featured-faq-768x512.png 768w, https:\/\/vetus.com\/wp-content\/uploads\/featured-faq-418x279.png 418w, https:\/\/vetus.com\/wp-content\/uploads\/featured-faq-604x403.png 604w, https:\/\/vetus.com\/wp-content\/uploads\/featured-faq-970x647.png 970w\" sizes=\"auto, (max-width: 575.98px) 330px, (max-width: 767.98px) 210px, (max-width: 991.98px) 330px, (max-width: 1279.98px) 330px, (max-width: 1899.98px) 330px, 431px\" loading=\"lazy\" \/>                            <\/div>\n\n            <div class=\"card__action\">\n                <span class=\"btn btn-sm btn-secondary btn-icon-only\">\n                    <i class=\"icon icon-keyboard_arrow_right\"><\/i>\n                <\/span>\n            <\/div>\n        <\/div>\n    <\/div>\n<\/a>                                <\/div>\n\n                                                <div class=\"col-12 col-sm-6 col-lg-4\">\n                                    \n<a href=\"https:\/\/vetus.com\/pt-pt\/servico-e-suporte\/formulario-de-contacto\/\" class=\"card card--cat card--cat-support ratio\">\n    <div class=\"card__layout content\">\n        <div class=\"card__header\">\n            <div class=\"card__title\">\n                <span class=\"h4\">\n                    Formul\u00e1rio de contacto                <\/span>\n            <\/div>\n\n            <div class=\"card__text text-sm\">\n                <p>\n                    Ajude-nos a melhorar a nossa organiza\u00e7\u00e3o, partilhando a sua experi\u00eancia.                <\/p>\n            <\/div>\n        <\/div>\n        <div class=\"card__body mt-auto\">\n            <div class=\"card__media\">\n                                    <img decoding=\"async\" width=\"431\" height=\"287\" src=\"https:\/\/vetus.com\/wp-content\/uploads\/featured-contact-service.png\" class=\"media__source\" alt=\"\" srcset=\"https:\/\/vetus.com\/wp-content\/uploads\/featured-contact-service.png 1200w, https:\/\/vetus.com\/wp-content\/uploads\/featured-contact-service-300x200.png 300w, https:\/\/vetus.com\/wp-content\/uploads\/featured-contact-service-1024x683.png 1024w, https:\/\/vetus.com\/wp-content\/uploads\/featured-contact-service-768x512.png 768w, https:\/\/vetus.com\/wp-content\/uploads\/featured-contact-service-418x279.png 418w, https:\/\/vetus.com\/wp-content\/uploads\/featured-contact-service-604x403.png 604w, https:\/\/vetus.com\/wp-content\/uploads\/featured-contact-service-970x647.png 970w\" sizes=\"auto, (max-width: 575.98px) 330px, (max-width: 767.98px) 210px, (max-width: 991.98px) 330px, (max-width: 1279.98px) 330px, (max-width: 1899.98px) 330px, 431px\" loading=\"lazy\" \/>                            <\/div>\n\n            <div class=\"card__action\">\n                <span class=\"btn btn-sm btn-secondary btn-icon-only\">\n                    <i class=\"icon icon-keyboard_arrow_right\"><\/i>\n                <\/span>\n            <\/div>\n        <\/div>\n    <\/div>\n<\/a>                                <\/div>\n\n                            <\/div>\n        <\/div>\n    <\/div>\n<\/section>\n<section id=\"content-block-1-block_6050bc347911c\" class=\"section content-block content-block--image \">\n    <div class=\"container\">\n        <div class=\"row d-flex align-items-center flex-md-row-reverse\">\n\n            <div class=\"col-md-6 col-lg-7 offset-lg-1\">\n                                    <div class=\"content-block__visuals\">\n                        <div class=\"content-block__media media--clipped media ratio\">\n                            <div class=\"media__wrapper\">\n                                <img decoding=\"async\" width=\"690\" height=\"460\" src=\"https:\/\/vetus.com\/wp-content\/uploads\/1200x800.png\" class=\"media__source img-fit\" alt=\"\" srcset=\"https:\/\/vetus.com\/wp-content\/uploads\/1200x800.png 1200w, https:\/\/vetus.com\/wp-content\/uploads\/1200x800-300x200.png 300w, https:\/\/vetus.com\/wp-content\/uploads\/1200x800-1024x683.png 1024w, https:\/\/vetus.com\/wp-content\/uploads\/1200x800-768x512.png 768w, https:\/\/vetus.com\/wp-content\/uploads\/1200x800-418x279.png 418w, https:\/\/vetus.com\/wp-content\/uploads\/1200x800-604x403.png 604w, https:\/\/vetus.com\/wp-content\/uploads\/1200x800-970x647.png 970w\" sizes=\"auto, (max-width: 575.98px) 431px, (max-width: 767.98px) 530px, (max-width: 991.98px) 330px, (max-width: 1279.98px) 530px, (max-width: 1899.98px) 690px, 930px\" loading=\"lazy\" \/>                            <\/div>\n                        <\/div>\n                    <\/div>\n                            <\/div>\n\n            <div class=\"col-md-6 col-lg-4\">\n                <div class=\"content-block__body\">\n                                            <h3 class=\"content-block__title\">\n                            VETUS <br>Headquarters                        <\/h3>\n                    \n                                            <div class=\"content-block__intro\">\n                            <p>\n                                <div class=\"btn-group d-flex flex-wrap flex-grow-1 flex-column align-items-start\">\r\n<a class=\"btn btn-empty btn-empty-reverse\" title=\"\" href=\"tel:+31884884700\" target=\"_blank\" rel=\"noopener\"><i class=\"icon icon-local_phone\"><\/i> +31 88 488 47 00 <\/a>\r\n<a class=\"btn btn-empty btn-empty-reverse\" title=\"\" href=\"mailto:commercial@vetus.com\" target=\"_blank\" rel=\"noopener\"><i class=\"icon icon-mail_outline\"><\/i> commercial@vetus.com<\/a>\r\n<\/div>                            <\/p>\n                        <\/div>\n                    \n                                            <p>Fokkerstraat 571<br \/>\n3125 BD Schiedam<br \/>\nThe Netherlands<\/p>\n<p>CoC 12345678<br \/>\nVAT NL001234567B01<\/p>\n                    \t\t\t\t\t\n                                    <\/div>\n            <\/div>\n        <\/div>\n    <\/div>\n<\/section><\/section>","protected":false},"excerpt":{"rendered":"","protected":false},"author":31,"featured_media":0,"parent":3673,"menu_order":750,"comment_status":"closed","ping_status":"closed","template":"tpl-default.php","meta":{"_acf_changed":false,"footnotes":""},"class_list":["post-3383","page","type-page","status-publish","hentry"],"acf":{"title":"Entrar em contacto","image":{"ID":3547,"id":3547,"title":"commercial-contact","filename":"commercial-contact.jpg","filesize":275402,"url":"https:\/\/vetus.com\/wp-content\/uploads\/commercial-contact.jpg","link":"https:\/\/vetus.com\/pt-pt\/contacto\/commercial-contact-2\/","alt":"","author":"31","description":"","caption":"","name":"commercial-contact-2","status":"inherit","uploaded_to":3546,"date":"2021-04-01 07:45:27","modified":"2021-04-01 07:45:27","menu_order":0,"mime_type":"image\/jpeg","type":"image","subtype":"jpeg","icon":"https:\/\/vetus.com\/wp-includes\/images\/media\/default.png","width":1200,"height":800,"sizes":{"thumbnail":"https:\/\/vetus.com\/wp-content\/uploads\/commercial-contact-150x150.jpg","thumbnail-width":150,"thumbnail-height":150,"medium":"https:\/\/vetus.com\/wp-content\/uploads\/commercial-contact-300x200.jpg","medium-width":300,"medium-height":200,"medium_large":"https:\/\/vetus.com\/wp-content\/uploads\/commercial-contact-768x512.jpg","medium_large-width":768,"medium_large-height":512,"large":"https:\/\/vetus.com\/wp-content\/uploads\/commercial-contact-1024x683.jpg","large-width":1024,"large-height":683,"1536x1536":"https:\/\/vetus.com\/wp-content\/uploads\/commercial-contact.jpg","1536x1536-width":1200,"1536x1536-height":800,"2048x2048":"https:\/\/vetus.com\/wp-content\/uploads\/commercial-contact.jpg","2048x2048-width":1200,"2048x2048-height":800,"210w":"https:\/\/vetus.com\/wp-content\/uploads\/commercial-contact.jpg","210w-width":210,"210w-height":140,"330w":"https:\/\/vetus.com\/wp-content\/uploads\/commercial-contact.jpg","330w-width":330,"330w-height":220,"431w":"https:\/\/vetus.com\/wp-content\/uploads\/commercial-contact.jpg","431w-width":431,"431w-height":287,"507w":"https:\/\/vetus.com\/wp-content\/uploads\/commercial-contact.jpg","507w-width":507,"507w-height":338,"530w":"https:\/\/vetus.com\/wp-content\/uploads\/commercial-contact.jpg","530w-width":530,"530w-height":353,"690w":"https:\/\/vetus.com\/wp-content\/uploads\/commercial-contact.jpg","690w-width":690,"690w-height":460,"930w":"https:\/\/vetus.com\/wp-content\/uploads\/commercial-contact.jpg","930w-width":930,"930w-height":620,"1170w":"https:\/\/vetus.com\/wp-content\/uploads\/commercial-contact.jpg","1170w-width":1170,"1170w-height":780,"gform-image-choice-sm":"https:\/\/vetus.com\/wp-content\/uploads\/commercial-contact.jpg","gform-image-choice-sm-width":300,"gform-image-choice-sm-height":200,"gform-image-choice-md":"https:\/\/vetus.com\/wp-content\/uploads\/commercial-contact.jpg","gform-image-choice-md-width":400,"gform-image-choice-md-height":267,"gform-image-choice-lg":"https:\/\/vetus.com\/wp-content\/uploads\/commercial-contact.jpg","gform-image-choice-lg-width":600,"gform-image-choice-lg-height":400}},"introduction":"Because of our worldwide distributors and dealer network, VETUS can provide you service anywhere in the world. By using the contact form below, our local office will contact you as soon as possible. ","person":false},"yoast_head":"<!-- This site is optimized with the Yoast SEO Premium plugin v27.4 (Yoast SEO v27.4) - https:\/\/yoast.com\/product\/yoast-seo-premium-wordpress\/ -->\n<title>Contacto - VETUS<\/title>\n<meta name=\"robots\" content=\"index, follow, max-snippet:-1, max-image-preview:large, max-video-preview:-1\" \/>\n<link rel=\"canonical\" href=\"https:\/\/vetus.com\/pt-pt\/commercial\/contact\/\" \/>\n<meta property=\"og:locale\" content=\"pt_PT\" \/>\n<meta property=\"og:type\" content=\"article\" \/>\n<meta property=\"og:title\" content=\"Contacto\" \/>\n<meta property=\"og:url\" content=\"https:\/\/vetus.com\/pt-pt\/commercial\/contact\/\" \/>\n<meta property=\"og:site_name\" content=\"VETUS\" \/>\n<meta property=\"article:modified_time\" content=\"2021-06-24T13:50:20+00:00\" \/>\n<meta name=\"twitter:card\" content=\"summary_large_image\" \/>\n<script type=\"application\/ld+json\" class=\"yoast-schema-graph\">{\"@context\":\"https:\\\/\\\/schema.org\",\"@graph\":[{\"@type\":\"WebPage\",\"@id\":\"https:\\\/\\\/vetus.com\\\/pt-pt\\\/commercial\\\/contact\\\/\",\"url\":\"https:\\\/\\\/vetus.com\\\/pt-pt\\\/commercial\\\/contact\\\/\",\"name\":\"Contacto - VETUS\",\"isPartOf\":{\"@id\":\"https:\\\/\\\/vetus.com\\\/pt-pt\\\/#website\"},\"datePublished\":\"2021-04-01T07:04:44+00:00\",\"dateModified\":\"2021-06-24T13:50:20+00:00\",\"breadcrumb\":{\"@id\":\"https:\\\/\\\/vetus.com\\\/pt-pt\\\/commercial\\\/contact\\\/#breadcrumb\"},\"inLanguage\":\"pt-PT\",\"potentialAction\":[{\"@type\":\"ReadAction\",\"target\":[\"https:\\\/\\\/vetus.com\\\/pt-pt\\\/commercial\\\/contact\\\/\"]}]},{\"@type\":\"BreadcrumbList\",\"@id\":\"https:\\\/\\\/vetus.com\\\/pt-pt\\\/commercial\\\/contact\\\/#breadcrumb\",\"itemListElement\":[{\"@type\":\"ListItem\",\"position\":1,\"name\":\"Home\",\"item\":\"https:\\\/\\\/vetus.com\\\/pt-pt\\\/\"},{\"@type\":\"ListItem\",\"position\":2,\"name\":\"VETUS Commercial\",\"item\":\"https:\\\/\\\/vetus.com\\\/pt-pt\\\/commercial\\\/\"},{\"@type\":\"ListItem\",\"position\":3,\"name\":\"Contacto\"}]},{\"@type\":\"WebSite\",\"@id\":\"https:\\\/\\\/vetus.com\\\/pt-pt\\\/#website\",\"url\":\"https:\\\/\\\/vetus.com\\\/pt-pt\\\/\",\"name\":\"VETUS\",\"description\":\"\",\"potentialAction\":[{\"@type\":\"SearchAction\",\"target\":{\"@type\":\"EntryPoint\",\"urlTemplate\":\"https:\\\/\\\/vetus.com\\\/pt-pt\\\/?s={search_term_string}\"},\"query-input\":{\"@type\":\"PropertyValueSpecification\",\"valueRequired\":true,\"valueName\":\"search_term_string\"}}],\"inLanguage\":\"pt-PT\"}]}<\/script>\n<!-- \/ Yoast SEO Premium plugin. -->","yoast_head_json":{"title":"Contacto - VETUS","robots":{"index":"index","follow":"follow","max-snippet":"max-snippet:-1","max-image-preview":"max-image-preview:large","max-video-preview":"max-video-preview:-1"},"canonical":"https:\/\/vetus.com\/pt-pt\/commercial\/contact\/","og_locale":"pt_PT","og_type":"article","og_title":"Contacto","og_url":"https:\/\/vetus.com\/pt-pt\/commercial\/contact\/","og_site_name":"VETUS","article_modified_time":"2021-06-24T13:50:20+00:00","twitter_card":"summary_large_image","schema":{"@context":"https:\/\/schema.org","@graph":[{"@type":"WebPage","@id":"https:\/\/vetus.com\/pt-pt\/commercial\/contact\/","url":"https:\/\/vetus.com\/pt-pt\/commercial\/contact\/","name":"Contacto - VETUS","isPartOf":{"@id":"https:\/\/vetus.com\/pt-pt\/#website"},"datePublished":"2021-04-01T07:04:44+00:00","dateModified":"2021-06-24T13:50:20+00:00","breadcrumb":{"@id":"https:\/\/vetus.com\/pt-pt\/commercial\/contact\/#breadcrumb"},"inLanguage":"pt-PT","potentialAction":[{"@type":"ReadAction","target":["https:\/\/vetus.com\/pt-pt\/commercial\/contact\/"]}]},{"@type":"BreadcrumbList","@id":"https:\/\/vetus.com\/pt-pt\/commercial\/contact\/#breadcrumb","itemListElement":[{"@type":"ListItem","position":1,"name":"Home","item":"https:\/\/vetus.com\/pt-pt\/"},{"@type":"ListItem","position":2,"name":"VETUS Commercial","item":"https:\/\/vetus.com\/pt-pt\/commercial\/"},{"@type":"ListItem","position":3,"name":"Contacto"}]},{"@type":"WebSite","@id":"https:\/\/vetus.com\/pt-pt\/#website","url":"https:\/\/vetus.com\/pt-pt\/","name":"VETUS","description":"","potentialAction":[{"@type":"SearchAction","target":{"@type":"EntryPoint","urlTemplate":"https:\/\/vetus.com\/pt-pt\/?s={search_term_string}"},"query-input":{"@type":"PropertyValueSpecification","valueRequired":true,"valueName":"search_term_string"}}],"inLanguage":"pt-PT"}]}},"_links":{"self":[{"href":"https:\/\/vetus.com\/pt-pt\/wp-json\/wp\/v2\/pages\/3383","targetHints":{"allow":["GET"]}}],"collection":[{"href":"https:\/\/vetus.com\/pt-pt\/wp-json\/wp\/v2\/pages"}],"about":[{"href":"https:\/\/vetus.com\/pt-pt\/wp-json\/wp\/v2\/types\/page"}],"author":[{"embeddable":true,"href":"https:\/\/vetus.com\/pt-pt\/wp-json\/wp\/v2\/users\/31"}],"replies":[{"embeddable":true,"href":"https:\/\/vetus.com\/pt-pt\/wp-json\/wp\/v2\/comments?post=3383"}],"version-history":[{"count":0,"href":"https:\/\/vetus.com\/pt-pt\/wp-json\/wp\/v2\/pages\/3383\/revisions"}],"up":[{"embeddable":true,"href":"https:\/\/vetus.com\/pt-pt\/wp-json\/wp\/v2\/pages\/3673"}],"wp:attachment":[{"href":"https:\/\/vetus.com\/pt-pt\/wp-json\/wp\/v2\/media?parent=3383"}],"curies":[{"name":"wp","href":"https:\/\/api.w.org\/{rel}","templated":true}]}}