{"id":3263,"date":"2021-04-07T12:32:24","date_gmt":"2021-04-07T10:32:24","guid":{"rendered":"https:\/\/vetus.inlinedigital.nl\/cms\/contact-service\/"},"modified":"2022-11-29T10:23:54","modified_gmt":"2022-11-29T08:23:54","slug":"vetus-filiais","status":"publish","type":"page","link":"https:\/\/vetus.com\/pt-pt\/servico-e-suporte\/vetus-filiais\/","title":{"rendered":"VETUS Filiais"},"content":{"rendered":"<section class=\"section \" id=\"contact-service-block_a428985b67494181f1fea7e3fed0bc07\">\n    <div class=\"container\">\n        <div class=\"row\">\n            <div class=\"col-lg-3 mb-6 mb-lg-0\">\n                <aside class=\"sidebar-block\">\n\n                    <div class=\"sidebar-block__header d-none\">\n                        <hr>\n\n                        <h5 class=\"sidebar-block__title\">\n                            VETUS Filiais                        <\/h5>\n                    <\/div>\n\n                    <div class=\"sidebar-block__body\">\n                                                    <nav class=\"side-nav side-nav--faq\" role=\"navigation\" aria-label=\"\">\n                                <ul class=\"list-group list-group-flush side-nav__list side-nav__list--styled text-sm\">\n                                                                            <li class=\"list-group-item side-nav__item side-nav__item--styled is-active\">\n                                            <a href=\"https:\/\/vetus.com\/pt-pt\/servico-e-suporte\/vetus-filiais\/\" class=\"side-nav__link side-nav__link--styled\" target=\"\">\n                                                Geral                                                <i class=\"icon icon-keyboard_arrow_right d-block d-lg-none ml-auto pl-5\"><\/i>\n                                            <\/a>\n                                        <\/li>\n                                    \n                                                                            <li class=\"list-group-item side-nav__item side-nav__item--styled \">\n                                            <a href=\"https:\/\/vetus.com\/pt-pt\/servico-e-suporte\/contacto-de-servico\/africa-do-sul\/\" class=\"side-nav__link side-nav__link--styled\">\n                                                \u00c1frica do Sul                                                <i class=\"icon icon-keyboard_arrow_right d-block d-lg-none ml-auto pl-5\"><\/i>\n                                            <\/a>\n                                        <\/li>\n                                                                            <li class=\"list-group-item side-nav__item side-nav__item--styled \">\n                                            <a href=\"https:\/\/vetus.com\/pt-pt\/servico-e-suporte\/contacto-de-servico\/alemanha\/\" class=\"side-nav__link side-nav__link--styled\">\n                                                Alemanha                                                <i class=\"icon icon-keyboard_arrow_right d-block d-lg-none ml-auto pl-5\"><\/i>\n                                            <\/a>\n                                        <\/li>\n                                                                            <li class=\"list-group-item side-nav__item side-nav__item--styled \">\n                                            <a href=\"https:\/\/vetus.com\/pt-pt\/servico-e-suporte\/contacto-de-servico\/taiwan\/\" class=\"side-nav__link side-nav__link--styled\">\n                                                \u00c1sia                                                <i class=\"icon icon-keyboard_arrow_right d-block d-lg-none ml-auto pl-5\"><\/i>\n                                            <\/a>\n                                        <\/li>\n                                                                            <li class=\"list-group-item side-nav__item side-nav__item--styled \">\n                                            <a href=\"https:\/\/vetus.com\/pt-pt\/servico-e-suporte\/contacto-de-servico\/australia\/\" class=\"side-nav__link side-nav__link--styled\">\n                                                Austr\u00e1lia                                                <i class=\"icon icon-keyboard_arrow_right d-block d-lg-none ml-auto pl-5\"><\/i>\n                                            <\/a>\n                                        <\/li>\n                                                                            <li class=\"list-group-item side-nav__item side-nav__item--styled \">\n                                            <a href=\"https:\/\/vetus.com\/pt-pt\/servico-e-suporte\/contacto-de-servico\/belgica\/\" class=\"side-nav__link side-nav__link--styled\">\n                                                B\u00e9lgica                                                <i class=\"icon icon-keyboard_arrow_right d-block d-lg-none ml-auto pl-5\"><\/i>\n                                            <\/a>\n                                        <\/li>\n                                                                            <li class=\"list-group-item side-nav__item side-nav__item--styled \">\n                                            <a href=\"https:\/\/vetus.com\/pt-pt\/servico-e-suporte\/contacto-de-servico\/dinamarca\/\" class=\"side-nav__link side-nav__link--styled\">\n                                                Dinamarca                                                <i class=\"icon icon-keyboard_arrow_right d-block d-lg-none ml-auto pl-5\"><\/i>\n                                            <\/a>\n                                        <\/li>\n                                                                            <li class=\"list-group-item side-nav__item side-nav__item--styled \">\n                                            <a href=\"https:\/\/vetus.com\/pt-pt\/servico-e-suporte\/contacto-de-servico\/espanha\/\" class=\"side-nav__link side-nav__link--styled\">\n                                                Espanha                                                <i class=\"icon icon-keyboard_arrow_right d-block d-lg-none ml-auto pl-5\"><\/i>\n                                            <\/a>\n                                        <\/li>\n                                                                            <li class=\"list-group-item side-nav__item side-nav__item--styled \">\n                                            <a href=\"https:\/\/vetus.com\/pt-pt\/servico-e-suporte\/contacto-de-servico\/estados-unidos-da-america\/\" class=\"side-nav__link side-nav__link--styled\">\n                                                Estados Unidos da Am\u00e9rica                                                <i class=\"icon icon-keyboard_arrow_right d-block d-lg-none ml-auto pl-5\"><\/i>\n                                            <\/a>\n                                        <\/li>\n                                                                            <li class=\"list-group-item side-nav__item side-nav__item--styled \">\n                                            <a href=\"https:\/\/vetus.com\/pt-pt\/servico-e-suporte\/contacto-de-servico\/finlandia\/\" class=\"side-nav__link side-nav__link--styled\">\n                                                Finl\u00e2ndia                                                <i class=\"icon icon-keyboard_arrow_right d-block d-lg-none ml-auto pl-5\"><\/i>\n                                            <\/a>\n                                        <\/li>\n                                                                            <li class=\"list-group-item side-nav__item side-nav__item--styled \">\n                                            <a href=\"https:\/\/vetus.com\/pt-pt\/servico-e-suporte\/contacto-de-servico\/franca\/\" class=\"side-nav__link side-nav__link--styled\">\n                                                Fran\u00e7a                                                <i class=\"icon icon-keyboard_arrow_right d-block d-lg-none ml-auto pl-5\"><\/i>\n                                            <\/a>\n                                        <\/li>\n                                                                            <li class=\"list-group-item side-nav__item side-nav__item--styled \">\n                                            <a href=\"https:\/\/vetus.com\/pt-pt\/servico-e-suporte\/contacto-de-servico\/india\/\" class=\"side-nav__link side-nav__link--styled\">\n                                                India                                                <i class=\"icon icon-keyboard_arrow_right d-block d-lg-none ml-auto pl-5\"><\/i>\n                                            <\/a>\n                                        <\/li>\n                                                                            <li class=\"list-group-item side-nav__item side-nav__item--styled \">\n                                            <a href=\"https:\/\/vetus.com\/pt-pt\/servico-e-suporte\/contacto-de-servico\/italia\/\" class=\"side-nav__link side-nav__link--styled\">\n                                                It\u00e1lia                                                <i class=\"icon icon-keyboard_arrow_right d-block d-lg-none ml-auto pl-5\"><\/i>\n                                            <\/a>\n                                        <\/li>\n                                                                            <li class=\"list-group-item side-nav__item side-nav__item--styled \">\n                                            <a href=\"https:\/\/vetus.com\/pt-pt\/servico-e-suporte\/contacto-de-servico\/nova-zelandia\/\" class=\"side-nav__link side-nav__link--styled\">\n                                                Nova Zel\u00e2ndia                                                <i class=\"icon icon-keyboard_arrow_right d-block d-lg-none ml-auto pl-5\"><\/i>\n                                            <\/a>\n                                        <\/li>\n                                                                            <li class=\"list-group-item side-nav__item side-nav__item--styled \">\n                                            <a href=\"https:\/\/vetus.com\/pt-pt\/servico-e-suporte\/contacto-de-servico\/os-paises-baixos\/\" class=\"side-nav__link side-nav__link--styled\">\n                                                os Pa\u00edses Baixos                                                <i class=\"icon icon-keyboard_arrow_right d-block d-lg-none ml-auto pl-5\"><\/i>\n                                            <\/a>\n                                        <\/li>\n                                                                            <li class=\"list-group-item side-nav__item side-nav__item--styled \">\n                                            <a href=\"https:\/\/vetus.com\/pt-pt\/servico-e-suporte\/contacto-de-servico\/polonia\/\" class=\"side-nav__link side-nav__link--styled\">\n                                                Pol\u00f3nia                                                <i class=\"icon icon-keyboard_arrow_right d-block d-lg-none ml-auto pl-5\"><\/i>\n                                            <\/a>\n                                        <\/li>\n                                                                            <li class=\"list-group-item side-nav__item side-nav__item--styled \">\n                                            <a href=\"https:\/\/vetus.com\/pt-pt\/servico-e-suporte\/contacto-de-servico\/portugal\/\" class=\"side-nav__link side-nav__link--styled\">\n                                                Portugal                                                <i class=\"icon icon-keyboard_arrow_right d-block d-lg-none ml-auto pl-5\"><\/i>\n                                            <\/a>\n                                        <\/li>\n                                                                            <li class=\"list-group-item side-nav__item side-nav__item--styled \">\n                                            <a href=\"https:\/\/vetus.com\/pt-pt\/servico-e-suporte\/contacto-de-servico\/reino-unido\/\" class=\"side-nav__link side-nav__link--styled\">\n                                                Reino Unido                                                <i class=\"icon icon-keyboard_arrow_right d-block d-lg-none ml-auto pl-5\"><\/i>\n                                            <\/a>\n                                        <\/li>\n                                                                            <li class=\"list-group-item side-nav__item side-nav__item--styled \">\n                                            <a href=\"https:\/\/vetus.com\/pt-pt\/servico-e-suporte\/contacto-de-servico\/russia\/\" class=\"side-nav__link side-nav__link--styled\">\n                                                R\u00fassia                                                <i class=\"icon icon-keyboard_arrow_right d-block d-lg-none ml-auto pl-5\"><\/i>\n                                            <\/a>\n                                        <\/li>\n                                                                            <li class=\"list-group-item side-nav__item side-nav__item--styled \">\n                                            <a href=\"https:\/\/vetus.com\/pt-pt\/servico-e-suporte\/contacto-de-servico\/suecia\/\" class=\"side-nav__link side-nav__link--styled\">\n                                                Su\u00e9cia                                                <i class=\"icon icon-keyboard_arrow_right d-block d-lg-none ml-auto pl-5\"><\/i>\n                                            <\/a>\n                                        <\/li>\n                                                                    <\/ul>\n                            <\/nav>\n\n                        \n                    <\/div>\n                <\/aside>\n            <\/div>\n\n            <div class=\"col-lg-9\">\n                                    <div class=\"p-5 mb-6 text-white bg-primary\">\n                        <p>A for\u00e7a do VETUS reside na per\u00edcia da nossa rede mundial. Por conseguinte, \u00e9 muito importante que contacte o seu ponto de compra original se tiver quaisquer perguntas, quest\u00f5es de servi\u00e7o ou preocupa\u00e7\u00f5es. Dando-nos a informa\u00e7\u00e3o de base da sua compra e instala\u00e7\u00e3o, podemos encontrar a pessoa certa na nossa equipa, se necess\u00e1rio. Deseja partilhar a sua experi\u00eancia ou n\u00e3o est\u00e1 inesperadamente satisfeito com a forma como foi assistido durante a sua compra? Ajude-nos a melhorar a nossa organiza\u00e7\u00e3o, partilhando connosco essa experi\u00eancia atrav\u00e9s do formul\u00e1rio abaixo.<\/p>\n                                                    <a href=\"https:\/\/vetus.com\/pt-pt\/servico-e-suporte\/formulario-de-contacto\/\" class=\"btn btn-secondary\" title=\"Formul\u00e1rio de contacto\" target=\"\">\n                                <span>\n                                    Formul\u00e1rio de contacto                                <\/span>\n                            <\/a>\n                                            <\/div>\n                \n                                        <div class=\"box box--contact\">\n                            <div class=\"box__body d-flex flex-column flex-md-row-reverse\">\n                                <div class=\"box__media media\">\n                                                                    <\/div>\n\n                                <div class=\"box__content box__content--contact\">\n                                                                            <div class=\"box__actions actions\">\n                                            <div class=\"btn-group d-flex flex-wrap flex-grow-1 flex-column align-items-start\">\n                                                                                                    <a href=\"tel:+351 910 037 924\" class=\"btn btn-empty btn-empty-reverse\" title=\"+351 910 037 924\" target=\"_blank\" rel=\"oopener noreferrer\">\n                                                        <i class=\"icon icon-local_phone\"><\/i>\n                                                        <span>\n                                                            +351 910 037 924                                                        <\/span>\n                                                    <\/a>\n                                                                                                    <a href=\"mailto:info@vetus.pt\" class=\"btn btn-empty btn-empty-reverse\" target=\"_blank\" rel=\"oopener noreferrer\">\n                                                        <i class=\"icon icon-mail_outline\"><\/i>\n                                                        <span>\n                                                            info@vetus.pt                                                        <\/span>\n                                                    <\/a>\n                                                                                            <\/div>\n                                        <\/div>\n                                                                            <div class=\"box__opening-hours\">\n                                                                                            <div class=\"mb-2\">\n                                                    <strong>\n                                                        Hor\u00e1rio de abertura (CEST)                                                    <\/strong>\n                                                <\/div>\n                                            <table style=\"min-width: 75%;\">\n<tbody>\n<tr>\n<td>Segunda-feira<\/td>\n<td>08:15 &#8211; 17:30<\/td>\n<\/tr>\n<tr>\n<td>Ter\u00e7a-feira<\/td>\n<td>08:15 &#8211; 17:30<\/td>\n<\/tr>\n<tr>\n<td>Quarta-feira<\/td>\n<td>08:15 &#8211; 17:30<\/td>\n<\/tr>\n<tr>\n<td>Quinta-feira<\/td>\n<td>08:15 &#8211; 17:30<\/td>\n<\/tr>\n<tr>\n<td>Sexta-feira<\/td>\n<td>08:15 &#8211; 15:15<\/td>\n<\/tr>\n<tr>\n<td>S\u00e1bado<\/td>\n<td>fechado<\/td>\n<\/tr>\n<tr>\n<td>Domingo<\/td>\n<td>fechado<\/td>\n<\/tr>\n<\/tbody>\n<\/table>\n\n                                            <div class=\"text-sm mb-2 d-none\">\n                                                Current time (CEST): 14:52\n                                            <\/div>\n                                        <\/div>\n                                    \n\n\n\n                                <\/div>\n                            <\/div>\n                        <\/div>\n                            <\/div>\n        <\/div>\n    <\/div>\n<\/section>\n","protected":false},"excerpt":{"rendered":"<p>Contacte o seu ponto de compra original se tiver quaisquer perguntas, problemas de servi\u00e7o ou preocupa\u00e7\u00f5es.<\/p>\n","protected":false},"author":31,"featured_media":3264,"parent":3569,"menu_order":98,"comment_status":"closed","ping_status":"closed","template":"tpl-basic.php","meta":{"_acf_changed":false,"footnotes":""},"class_list":["post-3263","page","type-page","status-publish","has-post-thumbnail","hentry"],"acf":{"introduction":"","person":false},"yoast_head":"<!-- This site is optimized with the Yoast SEO Premium plugin v27.3 (Yoast SEO v27.3) - https:\/\/yoast.com\/product\/yoast-seo-premium-wordpress\/ -->\n<title>VETUS Filiais - VETUS<\/title>\n<meta name=\"robots\" content=\"index, follow, max-snippet:-1, max-image-preview:large, max-video-preview:-1\" \/>\n<link rel=\"canonical\" href=\"https:\/\/vetus.com\/pt-pt\/servico-e-suporte\/vetus-filiais\/\" \/>\n<meta property=\"og:locale\" content=\"pt_PT\" \/>\n<meta property=\"og:type\" content=\"article\" \/>\n<meta property=\"og:title\" content=\"VETUS Filiais\" \/>\n<meta property=\"og:description\" content=\"Contacte o seu ponto de compra original se tiver quaisquer perguntas, problemas de servi\u00e7o ou preocupa\u00e7\u00f5es.\" \/>\n<meta property=\"og:url\" content=\"https:\/\/vetus.com\/pt-pt\/servico-e-suporte\/vetus-filiais\/\" \/>\n<meta property=\"og:site_name\" content=\"VETUS\" \/>\n<meta property=\"article:modified_time\" content=\"2022-11-29T08:23:54+00:00\" \/>\n<meta property=\"og:image\" content=\"https:\/\/vetus.com\/wp-content\/uploads\/featured-contact-service.png\" \/>\n\t<meta property=\"og:image:width\" content=\"1200\" \/>\n\t<meta property=\"og:image:height\" content=\"800\" \/>\n\t<meta property=\"og:image:type\" content=\"image\/png\" \/>\n<meta name=\"twitter:card\" content=\"summary_large_image\" \/>\n<script type=\"application\/ld+json\" class=\"yoast-schema-graph\">{\"@context\":\"https:\\\/\\\/schema.org\",\"@graph\":[{\"@type\":\"WebPage\",\"@id\":\"https:\\\/\\\/vetus.com\\\/pt-pt\\\/servico-e-suporte\\\/vetus-filiais\\\/\",\"url\":\"https:\\\/\\\/vetus.com\\\/pt-pt\\\/servico-e-suporte\\\/vetus-filiais\\\/\",\"name\":\"VETUS Filiais - VETUS\",\"isPartOf\":{\"@id\":\"https:\\\/\\\/vetus.com\\\/pt-pt\\\/#website\"},\"primaryImageOfPage\":{\"@id\":\"https:\\\/\\\/vetus.com\\\/pt-pt\\\/servico-e-suporte\\\/vetus-filiais\\\/#primaryimage\"},\"image\":{\"@id\":\"https:\\\/\\\/vetus.com\\\/pt-pt\\\/servico-e-suporte\\\/vetus-filiais\\\/#primaryimage\"},\"thumbnailUrl\":\"https:\\\/\\\/vetus.com\\\/wp-content\\\/uploads\\\/featured-contact-service.png\",\"datePublished\":\"2021-04-07T10:32:24+00:00\",\"dateModified\":\"2022-11-29T08:23:54+00:00\",\"breadcrumb\":{\"@id\":\"https:\\\/\\\/vetus.com\\\/pt-pt\\\/servico-e-suporte\\\/vetus-filiais\\\/#breadcrumb\"},\"inLanguage\":\"pt-PT\",\"potentialAction\":[{\"@type\":\"ReadAction\",\"target\":[\"https:\\\/\\\/vetus.com\\\/pt-pt\\\/servico-e-suporte\\\/vetus-filiais\\\/\"]}]},{\"@type\":\"ImageObject\",\"inLanguage\":\"pt-PT\",\"@id\":\"https:\\\/\\\/vetus.com\\\/pt-pt\\\/servico-e-suporte\\\/vetus-filiais\\\/#primaryimage\",\"url\":\"https:\\\/\\\/vetus.com\\\/wp-content\\\/uploads\\\/featured-contact-service.png\",\"contentUrl\":\"https:\\\/\\\/vetus.com\\\/wp-content\\\/uploads\\\/featured-contact-service.png\",\"width\":1200,\"height\":800},{\"@type\":\"BreadcrumbList\",\"@id\":\"https:\\\/\\\/vetus.com\\\/pt-pt\\\/servico-e-suporte\\\/vetus-filiais\\\/#breadcrumb\",\"itemListElement\":[{\"@type\":\"ListItem\",\"position\":1,\"name\":\"Home\",\"item\":\"https:\\\/\\\/vetus.com\\\/pt-pt\\\/\"},{\"@type\":\"ListItem\",\"position\":2,\"name\":\"Servi\u00e7o e Suporte\",\"item\":\"https:\\\/\\\/vetus.com\\\/pt-pt\\\/servico-e-suporte\\\/\"},{\"@type\":\"ListItem\",\"position\":3,\"name\":\"VETUS Filiais\"}]},{\"@type\":\"WebSite\",\"@id\":\"https:\\\/\\\/vetus.com\\\/pt-pt\\\/#website\",\"url\":\"https:\\\/\\\/vetus.com\\\/pt-pt\\\/\",\"name\":\"VETUS\",\"description\":\"\",\"potentialAction\":[{\"@type\":\"SearchAction\",\"target\":{\"@type\":\"EntryPoint\",\"urlTemplate\":\"https:\\\/\\\/vetus.com\\\/pt-pt\\\/?s={search_term_string}\"},\"query-input\":{\"@type\":\"PropertyValueSpecification\",\"valueRequired\":true,\"valueName\":\"search_term_string\"}}],\"inLanguage\":\"pt-PT\"}]}<\/script>\n<!-- \/ Yoast SEO Premium plugin. -->","yoast_head_json":{"title":"VETUS Filiais - VETUS","robots":{"index":"index","follow":"follow","max-snippet":"max-snippet:-1","max-image-preview":"max-image-preview:large","max-video-preview":"max-video-preview:-1"},"canonical":"https:\/\/vetus.com\/pt-pt\/servico-e-suporte\/vetus-filiais\/","og_locale":"pt_PT","og_type":"article","og_title":"VETUS Filiais","og_description":"Contacte o seu ponto de compra original se tiver quaisquer perguntas, problemas de servi\u00e7o ou preocupa\u00e7\u00f5es.","og_url":"https:\/\/vetus.com\/pt-pt\/servico-e-suporte\/vetus-filiais\/","og_site_name":"VETUS","article_modified_time":"2022-11-29T08:23:54+00:00","og_image":[{"width":1200,"height":800,"url":"https:\/\/vetus.com\/wp-content\/uploads\/featured-contact-service.png","type":"image\/png"}],"twitter_card":"summary_large_image","schema":{"@context":"https:\/\/schema.org","@graph":[{"@type":"WebPage","@id":"https:\/\/vetus.com\/pt-pt\/servico-e-suporte\/vetus-filiais\/","url":"https:\/\/vetus.com\/pt-pt\/servico-e-suporte\/vetus-filiais\/","name":"VETUS Filiais - VETUS","isPartOf":{"@id":"https:\/\/vetus.com\/pt-pt\/#website"},"primaryImageOfPage":{"@id":"https:\/\/vetus.com\/pt-pt\/servico-e-suporte\/vetus-filiais\/#primaryimage"},"image":{"@id":"https:\/\/vetus.com\/pt-pt\/servico-e-suporte\/vetus-filiais\/#primaryimage"},"thumbnailUrl":"https:\/\/vetus.com\/wp-content\/uploads\/featured-contact-service.png","datePublished":"2021-04-07T10:32:24+00:00","dateModified":"2022-11-29T08:23:54+00:00","breadcrumb":{"@id":"https:\/\/vetus.com\/pt-pt\/servico-e-suporte\/vetus-filiais\/#breadcrumb"},"inLanguage":"pt-PT","potentialAction":[{"@type":"ReadAction","target":["https:\/\/vetus.com\/pt-pt\/servico-e-suporte\/vetus-filiais\/"]}]},{"@type":"ImageObject","inLanguage":"pt-PT","@id":"https:\/\/vetus.com\/pt-pt\/servico-e-suporte\/vetus-filiais\/#primaryimage","url":"https:\/\/vetus.com\/wp-content\/uploads\/featured-contact-service.png","contentUrl":"https:\/\/vetus.com\/wp-content\/uploads\/featured-contact-service.png","width":1200,"height":800},{"@type":"BreadcrumbList","@id":"https:\/\/vetus.com\/pt-pt\/servico-e-suporte\/vetus-filiais\/#breadcrumb","itemListElement":[{"@type":"ListItem","position":1,"name":"Home","item":"https:\/\/vetus.com\/pt-pt\/"},{"@type":"ListItem","position":2,"name":"Servi\u00e7o e Suporte","item":"https:\/\/vetus.com\/pt-pt\/servico-e-suporte\/"},{"@type":"ListItem","position":3,"name":"VETUS Filiais"}]},{"@type":"WebSite","@id":"https:\/\/vetus.com\/pt-pt\/#website","url":"https:\/\/vetus.com\/pt-pt\/","name":"VETUS","description":"","potentialAction":[{"@type":"SearchAction","target":{"@type":"EntryPoint","urlTemplate":"https:\/\/vetus.com\/pt-pt\/?s={search_term_string}"},"query-input":{"@type":"PropertyValueSpecification","valueRequired":true,"valueName":"search_term_string"}}],"inLanguage":"pt-PT"}]}},"_links":{"self":[{"href":"https:\/\/vetus.com\/pt-pt\/wp-json\/wp\/v2\/pages\/3263","targetHints":{"allow":["GET"]}}],"collection":[{"href":"https:\/\/vetus.com\/pt-pt\/wp-json\/wp\/v2\/pages"}],"about":[{"href":"https:\/\/vetus.com\/pt-pt\/wp-json\/wp\/v2\/types\/page"}],"author":[{"embeddable":true,"href":"https:\/\/vetus.com\/pt-pt\/wp-json\/wp\/v2\/users\/31"}],"replies":[{"embeddable":true,"href":"https:\/\/vetus.com\/pt-pt\/wp-json\/wp\/v2\/comments?post=3263"}],"version-history":[{"count":0,"href":"https:\/\/vetus.com\/pt-pt\/wp-json\/wp\/v2\/pages\/3263\/revisions"}],"up":[{"embeddable":true,"href":"https:\/\/vetus.com\/pt-pt\/wp-json\/wp\/v2\/pages\/3569"}],"wp:featuredmedia":[{"embeddable":true,"href":"https:\/\/vetus.com\/pt-pt\/wp-json\/wp\/v2\/media\/3264"}],"wp:attachment":[{"href":"https:\/\/vetus.com\/pt-pt\/wp-json\/wp\/v2\/media?parent=3263"}],"curies":[{"name":"wp","href":"https:\/\/api.w.org\/{rel}","templated":true}]}}