{"id":26924,"date":"2021-08-03T14:31:20","date_gmt":"2021-08-03T12:31:20","guid":{"rendered":"https:\/\/vetus.com\/?page_id=26924"},"modified":"2025-12-01T11:27:15","modified_gmt":"2025-12-01T09:27:15","slug":"declaracao-de-estrategia-fiscal-do-reino-unido","status":"publish","type":"page","link":"https:\/\/vetus.com\/pt-pt\/declaracao-de-estrategia-fiscal-do-reino-unido\/","title":{"rendered":"Declara\u00e7\u00e3o de Estrat\u00e9gia Fiscal do Reino Unido"},"content":{"rendered":"\n<section class=\"section  \">\n    \n\n<section id=\"section-text-block-block_9be5bf0db3a42c77acd87fcac24fd274\" class=\"section text-block \">\n                    <div class=\"section section__body\">\n            <div class=\"text-block\">\n                <div class=\"container\">\n                    <div class=\"row\">\n                        <div class=\"col-lg-8 offset-lg-2\">\n                                                            <div class=\"section__content single__content hentry\">\n                                    <p>Esta Estrat\u00e9gia Fiscal do Reino Unido aplica-se \u00e0 Vetus Limited que \u00e9 membro do Grupo Yanmar (&#8220;Yanmar&#8221;) no Reino Unido. A sua publica\u00e7\u00e3o \u00e9 considerada como cumprindo a Parte 2 do Anexo 19 da Lei Financeira de 2016 para o per\u00edodo terminado a 31 de Mar\u00e7o de 2026.<\/p>\n<p>Com in\u00edcio em 1912, Yanmar \u00e9 um grupo sediado no Jap\u00e3o que foi o primeiro a conseguir fazer um motor diesel compacto de tamanho pr\u00e1tico em 1933. Continuando, com os motores diesel industriais como pedra angular da empresa, Yanmar continuou a expandir a sua gama de produtos, servi\u00e7os e per\u00edcia para fornecer solu\u00e7\u00f5es totais como fabricante de equipamento industrial. Como fornecedor de motores pequenos e grandes, m\u00e1quinas e instala\u00e7\u00f5es agr\u00edcolas, equipamento de constru\u00e7\u00e3o, sistemas de energia, equipamento mar\u00edtimo, m\u00e1quinas-ferramentas e componentes &#8211; as opera\u00e7\u00f5es comerciais globais da Yanmar abrangem sete dom\u00ednios.<\/p>\n<p><strong>Abordagem de conformidade<\/strong><\/p>\n<p>O C\u00f3digo Global de Conduta de Yanmar sublinha a import\u00e2ncia de manter a confian\u00e7a das partes interessadas atrav\u00e9s do cumprimento das responsabilidades sociais e do cumprimento de todas as leis e regulamentos aplic\u00e1veis. Isto sustenta a nossa abordagem \u00e0 tributa\u00e7\u00e3o brit\u00e2nica, que se centra no cumprimento das nossas obriga\u00e7\u00f5es.<\/p>\n<p><strong>Governa\u00e7\u00e3o fiscal e gest\u00e3o de riscos<\/strong><\/p>\n<p>A actividade de conformidade fiscal de rotina \u00e9 gerida localmente. Contudo, os aspectos da nossa gest\u00e3o fiscal que requerem maior coordena\u00e7\u00e3o (tais como o desenvolvimento e manuten\u00e7\u00e3o da nossa pol\u00edtica de pre\u00e7os de transfer\u00eancia de acordo com os princ\u00edpios da OCDE) s\u00e3o supervisionados a n\u00edvel de grupo.<\/p>\n<p>Os impostos s\u00e3o geridos de acordo com o nosso baixo apetite de risco fiscal e gerimos o risco fiscal assegurando que as actividades de conformidade fiscal do Reino Unido sejam adequadamente dotadas de recursos. Isto significa que o pessoal envolvido nas actividades de cumprimento fiscal do Reino Unido \u00e9 devidamente formado e qualificado e, quando tais actividades s\u00e3o externalizadas, apenas recorremos a consultores de renome. Tamb\u00e9m consultamos consultores para assegurar que estamos a par das altera\u00e7\u00f5es \u00e0 legisla\u00e7\u00e3o fiscal e que somos capazes de identificar e gerir quaisquer riscos associados.<\/p>\n<p>A nossa Estrat\u00e9gia Fiscal do Reino Unido \u00e9 aprovada pelo grupo Taxation, Divis\u00e3o de Contabilidade e Administra\u00e7\u00e3o da Yanmar Global Expert Co., Ltd. no Jap\u00e3o, e reconhecida e implementada pelos Conselhos de Administra\u00e7\u00e3o das filiais do Reino Unido.<\/p>\n<p><strong>Planeamento<\/strong><\/p>\n<p>Em terra, no mar e na cidade, a Miss\u00e3o de Yanmar de &#8220;fornecer solu\u00e7\u00f5es sustent\u00e1veis centradas nos desafios que os clientes enfrentam, na produ\u00e7\u00e3o de alimentos e no aproveitamento do poder, enriquecendo assim a vida das pessoas para todos os nossos amanh\u00e3s&#8221;, testemunha a determina\u00e7\u00e3o de Yanmar de nos fornecer &#8220;UM FUTURO SUSTENT\u00c1VEL&#8221;. N\u00e3o nos envolveremos em qualquer planeamento fiscal que prejudique o nosso compromisso com &#8220;UM FUTURO SUSTENT\u00c1VEL&#8221;. No entanto, responderemos a incentivos leg\u00edtimos (tais como subs\u00eddios de capital) sempre que dispon\u00edveis para gerir as nossas obriga\u00e7\u00f5es fiscais de acordo com o objectivo da legisla\u00e7\u00e3o.<\/p>\n<p><strong>Rela\u00e7\u00f5es com as autoridades fiscais<\/strong><\/p>\n<p>A interac\u00e7\u00e3o com HMRC \u00e9 geralmente limitada a quest\u00f5es administrativas para assegurar que as expectativas do HMRC s\u00e3o cumpridas. No caso de quaisquer quest\u00f5es de HMRC, responderemos a elas de uma forma aberta e colaborativa.<\/p>\n                                <\/div>\n                            \n                                                    <\/div>\n                    <\/div>\n                <\/div>\n            <\/div>\n        <\/div>\n    <\/section><\/section>","protected":false},"excerpt":{"rendered":"<p>As standard we give 3 years warranty on equipment and 5 years warranty on engines.<\/p>\n","protected":false},"author":7,"featured_media":3410,"parent":0,"menu_order":171,"comment_status":"closed","ping_status":"closed","template":"tpl-basic.php","meta":{"_acf_changed":false,"footnotes":""},"class_list":["post-26924","page","type-page","status-publish","has-post-thumbnail","hentry"],"acf":{"introduction":"","person":false},"yoast_head":"<!-- This site is optimized with the Yoast SEO Premium plugin v27.4 (Yoast SEO v27.4) - https:\/\/yoast.com\/product\/yoast-seo-premium-wordpress\/ -->\n<title>Declara\u00e7\u00e3o de Estrat\u00e9gia Fiscal do Reino Unido - VETUS<\/title>\n<meta name=\"robots\" content=\"index, follow, max-snippet:-1, max-image-preview:large, max-video-preview:-1\" \/>\n<link rel=\"canonical\" href=\"https:\/\/vetus.com\/pt-pt\/declaracao-de-estrategia-fiscal-do-reino-unido\/\" \/>\n<meta property=\"og:locale\" content=\"pt_PT\" \/>\n<meta property=\"og:type\" content=\"article\" \/>\n<meta property=\"og:title\" content=\"Declara\u00e7\u00e3o de Estrat\u00e9gia Fiscal do Reino Unido\" \/>\n<meta property=\"og:description\" content=\"As standard we give 3 years warranty on equipment and 5 years warranty on engines.\" \/>\n<meta property=\"og:url\" content=\"https:\/\/vetus.com\/pt-pt\/declaracao-de-estrategia-fiscal-do-reino-unido\/\" \/>\n<meta property=\"og:site_name\" content=\"VETUS\" \/>\n<meta property=\"article:modified_time\" content=\"2025-12-01T09:27:15+00:00\" \/>\n<meta property=\"og:image\" content=\"https:\/\/vetus.com\/wp-content\/uploads\/featured-warranty-3-5-years.png\" \/>\n\t<meta property=\"og:image:width\" content=\"1200\" \/>\n\t<meta property=\"og:image:height\" content=\"800\" \/>\n\t<meta property=\"og:image:type\" content=\"image\/png\" \/>\n<meta name=\"twitter:card\" content=\"summary_large_image\" \/>\n<meta name=\"twitter:label1\" content=\"Tempo estimado de leitura\" \/>\n\t<meta name=\"twitter:data1\" content=\"3 minutes\" \/>\n<script type=\"application\/ld+json\" class=\"yoast-schema-graph\">{\"@context\":\"https:\\\/\\\/schema.org\",\"@graph\":[{\"@type\":\"WebPage\",\"@id\":\"https:\\\/\\\/vetus.com\\\/pt-pt\\\/declaracao-de-estrategia-fiscal-do-reino-unido\\\/\",\"url\":\"https:\\\/\\\/vetus.com\\\/pt-pt\\\/declaracao-de-estrategia-fiscal-do-reino-unido\\\/\",\"name\":\"Declara\u00e7\u00e3o de Estrat\u00e9gia Fiscal do Reino Unido - VETUS\",\"isPartOf\":{\"@id\":\"https:\\\/\\\/vetus.com\\\/pt-pt\\\/#website\"},\"primaryImageOfPage\":{\"@id\":\"https:\\\/\\\/vetus.com\\\/pt-pt\\\/declaracao-de-estrategia-fiscal-do-reino-unido\\\/#primaryimage\"},\"image\":{\"@id\":\"https:\\\/\\\/vetus.com\\\/pt-pt\\\/declaracao-de-estrategia-fiscal-do-reino-unido\\\/#primaryimage\"},\"thumbnailUrl\":\"https:\\\/\\\/vetus.com\\\/wp-content\\\/uploads\\\/featured-warranty-3-5-years.png\",\"datePublished\":\"2021-08-03T12:31:20+00:00\",\"dateModified\":\"2025-12-01T09:27:15+00:00\",\"breadcrumb\":{\"@id\":\"https:\\\/\\\/vetus.com\\\/pt-pt\\\/declaracao-de-estrategia-fiscal-do-reino-unido\\\/#breadcrumb\"},\"inLanguage\":\"pt-PT\",\"potentialAction\":[{\"@type\":\"ReadAction\",\"target\":[\"https:\\\/\\\/vetus.com\\\/pt-pt\\\/declaracao-de-estrategia-fiscal-do-reino-unido\\\/\"]}]},{\"@type\":\"ImageObject\",\"inLanguage\":\"pt-PT\",\"@id\":\"https:\\\/\\\/vetus.com\\\/pt-pt\\\/declaracao-de-estrategia-fiscal-do-reino-unido\\\/#primaryimage\",\"url\":\"https:\\\/\\\/vetus.com\\\/wp-content\\\/uploads\\\/featured-warranty-3-5-years.png\",\"contentUrl\":\"https:\\\/\\\/vetus.com\\\/wp-content\\\/uploads\\\/featured-warranty-3-5-years.png\",\"width\":1200,\"height\":800},{\"@type\":\"BreadcrumbList\",\"@id\":\"https:\\\/\\\/vetus.com\\\/pt-pt\\\/declaracao-de-estrategia-fiscal-do-reino-unido\\\/#breadcrumb\",\"itemListElement\":[{\"@type\":\"ListItem\",\"position\":1,\"name\":\"Home\",\"item\":\"https:\\\/\\\/vetus.com\\\/pt-pt\\\/\"},{\"@type\":\"ListItem\",\"position\":2,\"name\":\"Declara\u00e7\u00e3o de Estrat\u00e9gia Fiscal do Reino Unido\"}]},{\"@type\":\"WebSite\",\"@id\":\"https:\\\/\\\/vetus.com\\\/pt-pt\\\/#website\",\"url\":\"https:\\\/\\\/vetus.com\\\/pt-pt\\\/\",\"name\":\"VETUS\",\"description\":\"\",\"potentialAction\":[{\"@type\":\"SearchAction\",\"target\":{\"@type\":\"EntryPoint\",\"urlTemplate\":\"https:\\\/\\\/vetus.com\\\/pt-pt\\\/?s={search_term_string}\"},\"query-input\":{\"@type\":\"PropertyValueSpecification\",\"valueRequired\":true,\"valueName\":\"search_term_string\"}}],\"inLanguage\":\"pt-PT\"}]}<\/script>\n<!-- \/ Yoast SEO Premium plugin. -->","yoast_head_json":{"title":"Declara\u00e7\u00e3o de Estrat\u00e9gia Fiscal do Reino Unido - VETUS","robots":{"index":"index","follow":"follow","max-snippet":"max-snippet:-1","max-image-preview":"max-image-preview:large","max-video-preview":"max-video-preview:-1"},"canonical":"https:\/\/vetus.com\/pt-pt\/declaracao-de-estrategia-fiscal-do-reino-unido\/","og_locale":"pt_PT","og_type":"article","og_title":"Declara\u00e7\u00e3o de Estrat\u00e9gia Fiscal do Reino Unido","og_description":"As standard we give 3 years warranty on equipment and 5 years warranty on engines.","og_url":"https:\/\/vetus.com\/pt-pt\/declaracao-de-estrategia-fiscal-do-reino-unido\/","og_site_name":"VETUS","article_modified_time":"2025-12-01T09:27:15+00:00","og_image":[{"width":1200,"height":800,"url":"https:\/\/vetus.com\/wp-content\/uploads\/featured-warranty-3-5-years.png","type":"image\/png"}],"twitter_card":"summary_large_image","twitter_misc":{"Tempo estimado de leitura":"3 minutes"},"schema":{"@context":"https:\/\/schema.org","@graph":[{"@type":"WebPage","@id":"https:\/\/vetus.com\/pt-pt\/declaracao-de-estrategia-fiscal-do-reino-unido\/","url":"https:\/\/vetus.com\/pt-pt\/declaracao-de-estrategia-fiscal-do-reino-unido\/","name":"Declara\u00e7\u00e3o de Estrat\u00e9gia Fiscal do Reino Unido - VETUS","isPartOf":{"@id":"https:\/\/vetus.com\/pt-pt\/#website"},"primaryImageOfPage":{"@id":"https:\/\/vetus.com\/pt-pt\/declaracao-de-estrategia-fiscal-do-reino-unido\/#primaryimage"},"image":{"@id":"https:\/\/vetus.com\/pt-pt\/declaracao-de-estrategia-fiscal-do-reino-unido\/#primaryimage"},"thumbnailUrl":"https:\/\/vetus.com\/wp-content\/uploads\/featured-warranty-3-5-years.png","datePublished":"2021-08-03T12:31:20+00:00","dateModified":"2025-12-01T09:27:15+00:00","breadcrumb":{"@id":"https:\/\/vetus.com\/pt-pt\/declaracao-de-estrategia-fiscal-do-reino-unido\/#breadcrumb"},"inLanguage":"pt-PT","potentialAction":[{"@type":"ReadAction","target":["https:\/\/vetus.com\/pt-pt\/declaracao-de-estrategia-fiscal-do-reino-unido\/"]}]},{"@type":"ImageObject","inLanguage":"pt-PT","@id":"https:\/\/vetus.com\/pt-pt\/declaracao-de-estrategia-fiscal-do-reino-unido\/#primaryimage","url":"https:\/\/vetus.com\/wp-content\/uploads\/featured-warranty-3-5-years.png","contentUrl":"https:\/\/vetus.com\/wp-content\/uploads\/featured-warranty-3-5-years.png","width":1200,"height":800},{"@type":"BreadcrumbList","@id":"https:\/\/vetus.com\/pt-pt\/declaracao-de-estrategia-fiscal-do-reino-unido\/#breadcrumb","itemListElement":[{"@type":"ListItem","position":1,"name":"Home","item":"https:\/\/vetus.com\/pt-pt\/"},{"@type":"ListItem","position":2,"name":"Declara\u00e7\u00e3o de Estrat\u00e9gia Fiscal do Reino Unido"}]},{"@type":"WebSite","@id":"https:\/\/vetus.com\/pt-pt\/#website","url":"https:\/\/vetus.com\/pt-pt\/","name":"VETUS","description":"","potentialAction":[{"@type":"SearchAction","target":{"@type":"EntryPoint","urlTemplate":"https:\/\/vetus.com\/pt-pt\/?s={search_term_string}"},"query-input":{"@type":"PropertyValueSpecification","valueRequired":true,"valueName":"search_term_string"}}],"inLanguage":"pt-PT"}]}},"_links":{"self":[{"href":"https:\/\/vetus.com\/pt-pt\/wp-json\/wp\/v2\/pages\/26924","targetHints":{"allow":["GET"]}}],"collection":[{"href":"https:\/\/vetus.com\/pt-pt\/wp-json\/wp\/v2\/pages"}],"about":[{"href":"https:\/\/vetus.com\/pt-pt\/wp-json\/wp\/v2\/types\/page"}],"author":[{"embeddable":true,"href":"https:\/\/vetus.com\/pt-pt\/wp-json\/wp\/v2\/users\/7"}],"replies":[{"embeddable":true,"href":"https:\/\/vetus.com\/pt-pt\/wp-json\/wp\/v2\/comments?post=26924"}],"version-history":[{"count":3,"href":"https:\/\/vetus.com\/pt-pt\/wp-json\/wp\/v2\/pages\/26924\/revisions"}],"predecessor-version":[{"id":117808,"href":"https:\/\/vetus.com\/pt-pt\/wp-json\/wp\/v2\/pages\/26924\/revisions\/117808"}],"wp:featuredmedia":[{"embeddable":true,"href":"https:\/\/vetus.com\/pt-pt\/wp-json\/wp\/v2\/media\/3410"}],"wp:attachment":[{"href":"https:\/\/vetus.com\/pt-pt\/wp-json\/wp\/v2\/media?parent=26924"}],"curies":[{"name":"wp","href":"https:\/\/api.w.org\/{rel}","templated":true}]}}