{"id":125638,"date":"2026-04-13T14:21:43","date_gmt":"2026-04-13T12:21:43","guid":{"rendered":"https:\/\/vetus.com\/campanhas-vetus\/trouble-free-boating-guide\/"},"modified":"2026-05-07T09:59:08","modified_gmt":"2026-05-07T07:59:08","slug":"guia-para-uma-navegacao-sem-problemas","status":"publish","type":"page","link":"https:\/\/vetus.com\/pt-pt\/campanhas-vetus\/guia-para-uma-navegacao-sem-problemas\/","title":{"rendered":"Guia para uma navega\u00e7\u00e3o sem problemas"},"content":{"rendered":"\n<section class=\"section  \">\n    \n\n<section id=\"section-text-block-block_b5f3258a38cdd191a1e1fcfb13891089\" class=\"section text-block \">\n                    <div class=\"section section__body\">\n            <div class=\"text-block\">\n                <div class=\"container\">\n                    <div class=\"row\">\n                        <div class=\"col-lg-8 offset-lg-2\">\n                                                            <div class=\"section__content single__content hentry\">\n                                    <p>Ap\u00f3s meses de armazenamento de inverno, a primeira viagem da esta\u00e7\u00e3o \u00e9 algo que todos os propriet\u00e1rios de barcos anseiam. Ao mesmo tempo, este \u00e9 frequentemente o momento em que pequenos problemas t\u00e9cnicos nos sistemas de bordo se tornam percet\u00edveis.<\/p>\n<p>A maioria destes problemas n\u00e3o s\u00e3o falhas graves, mas sim o resultado de pequenas inefici\u00eancias que surgiram durante o per\u00edodo de inatividade. Com a prepara\u00e7\u00e3o adequada, podem ser identificados e resolvidos atempadamente, antes que afetem o seu tempo na \u00e1gua.<\/p>\n                                <\/div>\n                            \n                                                    <\/div>\n                    <\/div>\n                <\/div>\n            <\/div>\n        <\/div>\n    <\/section>\n\n<section id=\"section-text-block-block_b5f3258a38cdd191a1e1fcfb13891089\" class=\"section text-block \">\n                    <div class=\"section section__body\">\n            <div class=\"text-block\">\n                <div class=\"container\">\n                    <div class=\"row\">\n                        <div class=\"col-lg-8 offset-lg-2\">\n                                                            <div class=\"section__content single__content hentry\">\n                                    <h3>Prepare o seu barco para a esta\u00e7\u00e3o<\/h3>\n<p>O Guia para uma Navega\u00e7\u00e3o sem Problemas mostra-lhe como identificar e resolver os problemas t\u00e9cnicos mais comuns que ocorrem ap\u00f3s o armazenamento de inverno. Funciona como um guia pr\u00e1tico de prepara\u00e7\u00e3o da embarca\u00e7\u00e3o, ajudando-o a compreender o comportamento dos sistemas de bordo e o que verificar antes da primeira viagem.<\/p>\n<p>Com informa\u00e7\u00f5es claras e passos estruturados, ajuda-o a preparar o seu barco de forma eficiente e a evitar os problemas comuns no in\u00edcio da esta\u00e7\u00e3o de navega\u00e7\u00e3o.<\/p>\n                                <\/div>\n                            \n                                                            <div class=\"section__actions text-block__actions actions\">\n                                    <div class=\"btn-group d-flex flex-wrap justify-content-center\">\n                                                                                    <a href=\"https:\/\/vetus.com\/pt-pt\/guia-nautico-2026\/\" class=\"btn btn-secondary\" title=\"\" target=\"_blank\">\n                                                <span>Descarregue o guia<\/span>\n                                            <\/a>\n                                        \n                                                                            <\/div>\n                                <\/div>\n                                                    <\/div>\n                    <\/div>\n                <\/div>\n            <\/div>\n        <\/div>\n    <\/section><\/section>\n\n<section class=\"section section--colored bg-light content-blocks bg-light   \">\n    <section id=\"section-gallery-block_a939861221ff6255802fc5cbedc9ac52\" class=\"section gallery \">\n                <div class=\"section__body gallery__body\">\n            <div class=\"container\">\n                <div class=\"row row--col-margin-medium justify-content-center\">\n                                            <div class=\"col-8 col-sm-4 offset-sm-0\">\n                            <div class=\"gallery__media media media--clipped ratio\">\n                                <div class=\"media__wrapper\">\n                                    <img decoding=\"async\" width=\"690\" height=\"920\" src=\"https:\/\/vetus.com\/wp-content\/uploads\/IMG_4241-690x920.jpeg\" class=\"media__src img-fit\" alt=\"Boating Guide\" srcset=\"https:\/\/vetus.com\/wp-content\/uploads\/IMG_4241-690x920.jpeg 690w, https:\/\/vetus.com\/wp-content\/uploads\/IMG_4241-225x300.jpeg 225w, https:\/\/vetus.com\/wp-content\/uploads\/IMG_4241-768x1024.jpeg 768w, https:\/\/vetus.com\/wp-content\/uploads\/IMG_4241-210x280.jpeg 210w, https:\/\/vetus.com\/wp-content\/uploads\/IMG_4241-330x440.jpeg 330w, https:\/\/vetus.com\/wp-content\/uploads\/IMG_4241-431x575.jpeg 431w, https:\/\/vetus.com\/wp-content\/uploads\/IMG_4241-507x676.jpeg 507w, https:\/\/vetus.com\/wp-content\/uploads\/IMG_4241-530x707.jpeg 530w, https:\/\/vetus.com\/wp-content\/uploads\/IMG_4241-930x1240.jpeg 930w, https:\/\/vetus.com\/wp-content\/uploads\/IMG_4241-1170x1560.jpeg 1170w, https:\/\/vetus.com\/wp-content\/uploads\/IMG_4241-scaled.jpeg 1920w\" sizes=\"auto, (max-width: 575.98px) 431px, (max-width: 767.98px) 530px, (max-width: 991.98px) 330px, (max-width: 1279.98px) 431px, (max-width: 1899.98px) 530px, 690px\" loading=\"lazy\" \/>                                <\/div>\n                            <\/div>\n                        <\/div>\n                                            <div class=\"col-8 col-sm-4 offset-sm-0\">\n                            <div class=\"gallery__media media media--clipped ratio\">\n                                <div class=\"media__wrapper\">\n                                    <img decoding=\"async\" width=\"690\" height=\"461\" src=\"https:\/\/vetus.com\/wp-content\/uploads\/shutterstock_2522088229-690x461.jpg\" class=\"media__src img-fit\" alt=\"Boating Guide\" srcset=\"https:\/\/vetus.com\/wp-content\/uploads\/shutterstock_2522088229-690x461.jpg 690w, https:\/\/vetus.com\/wp-content\/uploads\/shutterstock_2522088229-300x200.jpg 300w, https:\/\/vetus.com\/wp-content\/uploads\/shutterstock_2522088229-768x513.jpg 768w, https:\/\/vetus.com\/wp-content\/uploads\/shutterstock_2522088229-210x140.jpg 210w, https:\/\/vetus.com\/wp-content\/uploads\/shutterstock_2522088229-330x220.jpg 330w, https:\/\/vetus.com\/wp-content\/uploads\/shutterstock_2522088229-431x288.jpg 431w, https:\/\/vetus.com\/wp-content\/uploads\/shutterstock_2522088229-507x338.jpg 507w, https:\/\/vetus.com\/wp-content\/uploads\/shutterstock_2522088229-530x354.jpg 530w, https:\/\/vetus.com\/wp-content\/uploads\/shutterstock_2522088229-930x621.jpg 930w, https:\/\/vetus.com\/wp-content\/uploads\/shutterstock_2522088229-1170x781.jpg 1170w\" sizes=\"auto, (max-width: 575.98px) 431px, (max-width: 767.98px) 530px, (max-width: 991.98px) 330px, (max-width: 1279.98px) 431px, (max-width: 1899.98px) 530px, 690px\" loading=\"lazy\" \/>                                <\/div>\n                            <\/div>\n                        <\/div>\n                                            <div class=\"col-8 col-sm-4 offset-sm-0\">\n                            <div class=\"gallery__media media media--clipped ratio\">\n                                <div class=\"media__wrapper\">\n                                    <img decoding=\"async\" width=\"690\" height=\"461\" src=\"https:\/\/vetus.com\/wp-content\/uploads\/shutterstock_214631551-690x461.jpg\" class=\"media__src img-fit\" alt=\"\" srcset=\"https:\/\/vetus.com\/wp-content\/uploads\/shutterstock_214631551-690x461.jpg 690w, https:\/\/vetus.com\/wp-content\/uploads\/shutterstock_214631551-300x200.jpg 300w, https:\/\/vetus.com\/wp-content\/uploads\/shutterstock_214631551-768x513.jpg 768w, https:\/\/vetus.com\/wp-content\/uploads\/shutterstock_214631551-210x140.jpg 210w, https:\/\/vetus.com\/wp-content\/uploads\/shutterstock_214631551-330x220.jpg 330w, https:\/\/vetus.com\/wp-content\/uploads\/shutterstock_214631551-431x288.jpg 431w, https:\/\/vetus.com\/wp-content\/uploads\/shutterstock_214631551-507x338.jpg 507w, https:\/\/vetus.com\/wp-content\/uploads\/shutterstock_214631551-530x354.jpg 530w, https:\/\/vetus.com\/wp-content\/uploads\/shutterstock_214631551-930x621.jpg 930w, https:\/\/vetus.com\/wp-content\/uploads\/shutterstock_214631551-1170x781.jpg 1170w\" sizes=\"auto, (max-width: 575.98px) 431px, (max-width: 767.98px) 530px, (max-width: 991.98px) 330px, (max-width: 1279.98px) 431px, (max-width: 1899.98px) 530px, 690px\" loading=\"lazy\" \/>                                <\/div>\n                            <\/div>\n                        <\/div>\n                                    <\/div>\n            <\/div>\n        <\/div>\n    <\/section><\/section>\n\n\n<section class=\"section  \">\n    \n\n<section id=\"section-text-block-block_5cfec2ffc866a9fa3dd6c88515ff30db\" class=\"section text-block \">\n                    <div class=\"section section__body\">\n            <div class=\"text-block\">\n                <div class=\"container\">\n                    <div class=\"row\">\n                        <div class=\"col-lg-8 offset-lg-2\">\n                                                            <div class=\"section__content single__content hentry\">\n                                    <h3>Um guia pr\u00e1tico baseado em sistemas de bordo reais<\/h3>\n<p>Ao contr\u00e1rio das listas de verifica\u00e7\u00e3o gen\u00e9ricas, este guia explica como o seu barco realmente funciona, ajudando-o a compreender a causa principal em vez de apenas os sintomas.<\/p>\n<p>Com experi\u00eancia em todos os sistemas de bordo, incluindo propuls\u00e3o, combust\u00edvel, arrefecimento, el\u00e9trico, saneamento e ancoragem, a VETUS compreende como estes sistemas interagem numa instala\u00e7\u00e3o completa. Isto torna poss\u00edvel identificar os problemas com maior precis\u00e3o e fornecer solu\u00e7\u00f5es pr\u00e1ticas e fi\u00e1veis.<\/p>\n<p>Com diagn\u00f3sticos claros, solu\u00e7\u00f5es pr\u00e1ticas e dicas de preven\u00e7\u00e3o, pode identificar rapidamente o que precisa de aten\u00e7\u00e3o e evitar a resolu\u00e7\u00e3o de problemas desnecess\u00e1ria.<\/p>\n                                <\/div>\n                            \n                                                    <\/div>\n                    <\/div>\n                <\/div>\n            <\/div>\n        <\/div>\n    <\/section>\n<section id=\"content-block-1-block_5cfec2ffc866a9fa3dd6c88515ff30db\" class=\"section content-block content-block--image \">\n    <div class=\"container\">\n        <div class=\"row d-flex align-items-center flex-md-row-reverse\">\n\n            <div class=\"col-md-6 col-lg-7 offset-lg-1\">\n                                    <div class=\"content-block__visuals\">\n                        <div class=\"content-block__media media--clipped media ratio\">\n                            <div class=\"media__wrapper\">\n                                <img decoding=\"async\" width=\"690\" height=\"516\" src=\"https:\/\/vetus.com\/wp-content\/uploads\/shutterstock_2376234853_3-690x516.png\" class=\"media__source img-fit\" alt=\"\" srcset=\"https:\/\/vetus.com\/wp-content\/uploads\/shutterstock_2376234853_3-690x516.png 690w, https:\/\/vetus.com\/wp-content\/uploads\/shutterstock_2376234853_3-300x225.png 300w, https:\/\/vetus.com\/wp-content\/uploads\/shutterstock_2376234853_3-768x575.png 768w, https:\/\/vetus.com\/wp-content\/uploads\/shutterstock_2376234853_3-210x157.png 210w, https:\/\/vetus.com\/wp-content\/uploads\/shutterstock_2376234853_3-330x247.png 330w, https:\/\/vetus.com\/wp-content\/uploads\/shutterstock_2376234853_3-431x323.png 431w, https:\/\/vetus.com\/wp-content\/uploads\/shutterstock_2376234853_3-507x379.png 507w, https:\/\/vetus.com\/wp-content\/uploads\/shutterstock_2376234853_3-530x397.png 530w, https:\/\/vetus.com\/wp-content\/uploads\/shutterstock_2376234853_3-930x696.png 930w, https:\/\/vetus.com\/wp-content\/uploads\/shutterstock_2376234853_3-1170x876.png 1170w\" sizes=\"auto, (max-width: 575.98px) 431px, (max-width: 767.98px) 530px, (max-width: 991.98px) 330px, (max-width: 1279.98px) 530px, (max-width: 1899.98px) 690px, 930px\" loading=\"lazy\" \/>                            <\/div>\n                        <\/div>\n                    <\/div>\n                            <\/div>\n\n            <div class=\"col-md-6 col-lg-4\">\n                <div class=\"content-block__body\">\n                    \n                    \n                                            <h3>O que ir\u00e1 aprender<\/h3>\n<ul>\n<li>Porque \u00e9 que os motores n\u00e3o arrancam ap\u00f3s o armazenamento de inverno<\/li>\n<li>Como evitar o sobreaquecimento e problemas de arrefecimento<\/li>\n<li>O que causa a presen\u00e7a de \u00e1gua no por\u00e3o<\/li>\n<li>Como identificar problemas no sistema el\u00e9trico<\/li>\n<li>Qual a origem dos cheiros e fugas de combust\u00edvel<\/li>\n<li>Como evitar cheiros desagrad\u00e1veis abaixo do conv\u00e9s<\/li>\n<li>O que causa vibra\u00e7\u00e3o no sistema de propuls\u00e3o<\/li>\n<li>Como diagnosticar o fumo do escape<\/li>\n<li>Porque \u00e9 que os sistemas de ancoragem falham sob carga<\/li>\n<li>O que causa a perda de desempenho e quando considerar a remotoriza\u00e7\u00e3o<\/li>\n<\/ul>\n                    \t\t\t\t\t\n                                    <\/div>\n            <\/div>\n        <\/div>\n    <\/div>\n<\/section>\n\n<section id=\"section-text-block-block_5cfec2ffc866a9fa3dd6c88515ff30db\" class=\"section text-block \">\n                    <div class=\"section section__body\">\n            <div class=\"text-block\">\n                <div class=\"container\">\n                    <div class=\"row\">\n                        <div class=\"col-lg-8 offset-lg-2\">\n                                                            <div class=\"section__content single__content hentry\">\n                                    <h5 style=\"text-align: center;\">Quando os seus sistemas de bordo est\u00e3o devidamente preparados, pode concentrar-se no que realmente importa: desfrutar do seu tempo na \u00e1gua.<\/h5>\n<h5 style=\"text-align: center;\">Obtenha acesso imediato ao &#8216;Guia para uma Navega\u00e7\u00e3o sem Problemas&#8217; e certifique-se de que o seu barco est\u00e1 pronto antes da sua primeira viagem.<\/h5>\n                                <\/div>\n                            \n                                                            <div class=\"section__actions text-block__actions actions\">\n                                    <div class=\"btn-group d-flex flex-wrap justify-content-center\">\n                                                                                    <a href=\"https:\/\/vetus.com\/pt-pt\/guia-nautico-2026\/\" class=\"btn btn-primary\" title=\"\" target=\"_blank\">\n                                                <span>Descarregue o seu guia<\/span>\n                                            <\/a>\n                                        \n                                                                            <\/div>\n                                <\/div>\n                                                    <\/div>\n                    <\/div>\n                <\/div>\n            <\/div>\n        <\/div>\n    <\/section><\/section>","protected":false},"excerpt":{"rendered":"","protected":false},"author":25,"featured_media":125399,"parent":32274,"menu_order":0,"comment_status":"closed","ping_status":"closed","template":"tpl-video.php","meta":{"_acf_changed":false,"footnotes":""},"class_list":["post-125638","page","type-page","status-publish","has-post-thumbnail","hentry"],"acf":{"person":false,"title":"Comece a temporada n\u00e1utica bem preparado","subtitle":"Descarregue o \u201cGuia para uma navega\u00e7\u00e3o sem problemas\u201d e prepare os seus sistemas de bordo","intro":"","video_type":"File","video":"https:\/\/vetus.com\/wp-content\/uploads\/download.mp4","background_image":false,"button":{"title":"Descarregue o guia","url":"https:\/\/vetus.com\/pt-pt\/guia-nautico-2026\/","target":"_blank"},"button_secondary":""},"yoast_head":"<!-- This site is optimized with the Yoast SEO Premium plugin v27.6 (Yoast SEO v27.6) - https:\/\/yoast.com\/product\/yoast-seo-premium-wordpress\/ -->\n<title>Prepare o seu barco para a temporada<\/title>\n<meta name=\"description\" content=\"O Guia para uma navega\u00e7\u00e3o sem problemas mostra-lhe como identificar e resolver os problemas t\u00e9cnicos mais comuns que podem ocorrer...\" \/>\n<meta name=\"robots\" content=\"index, follow, max-snippet:-1, max-image-preview:large, max-video-preview:-1\" \/>\n<link rel=\"canonical\" href=\"https:\/\/vetus.com\/pt-pt\/campanhas-vetus\/guia-para-uma-navegacao-sem-problemas\/\" \/>\n<meta property=\"og:locale\" content=\"pt_PT\" \/>\n<meta property=\"og:type\" content=\"article\" \/>\n<meta property=\"og:title\" content=\"Guia para uma navega\u00e7\u00e3o sem problemas\" \/>\n<meta property=\"og:description\" content=\"O Guia para uma navega\u00e7\u00e3o sem problemas mostra-lhe como identificar e resolver os problemas t\u00e9cnicos mais comuns que podem ocorrer...\" \/>\n<meta property=\"og:url\" content=\"https:\/\/vetus.com\/pt-pt\/campanhas-vetus\/guia-para-uma-navegacao-sem-problemas\/\" \/>\n<meta property=\"og:site_name\" content=\"VETUS\" \/>\n<meta property=\"article:modified_time\" content=\"2026-05-07T07:59:08+00:00\" \/>\n<meta property=\"og:image\" content=\"https:\/\/vetus.com\/wp-content\/uploads\/Boating-guide-2026.png\" \/>\n\t<meta property=\"og:image:width\" content=\"936\" \/>\n\t<meta property=\"og:image:height\" content=\"500\" \/>\n\t<meta property=\"og:image:type\" content=\"image\/png\" \/>\n<meta name=\"twitter:card\" content=\"summary_large_image\" \/>\n<meta name=\"twitter:label1\" content=\"Tempo estimado de leitura\" \/>\n\t<meta name=\"twitter:data1\" content=\"4 minutes\" \/>\n<script type=\"application\/ld+json\" class=\"yoast-schema-graph\">{\"@context\":\"https:\\\/\\\/schema.org\",\"@graph\":[{\"@type\":\"WebPage\",\"@id\":\"https:\\\/\\\/vetus.com\\\/pt-pt\\\/campanhas-vetus\\\/guia-para-uma-navegacao-sem-problemas\\\/\",\"url\":\"https:\\\/\\\/vetus.com\\\/pt-pt\\\/campanhas-vetus\\\/guia-para-uma-navegacao-sem-problemas\\\/\",\"name\":\"Prepare o seu barco para a temporada\",\"isPartOf\":{\"@id\":\"https:\\\/\\\/vetus.com\\\/pt-pt\\\/#website\"},\"primaryImageOfPage\":{\"@id\":\"https:\\\/\\\/vetus.com\\\/pt-pt\\\/campanhas-vetus\\\/guia-para-uma-navegacao-sem-problemas\\\/#primaryimage\"},\"image\":{\"@id\":\"https:\\\/\\\/vetus.com\\\/pt-pt\\\/campanhas-vetus\\\/guia-para-uma-navegacao-sem-problemas\\\/#primaryimage\"},\"thumbnailUrl\":\"https:\\\/\\\/vetus.com\\\/wp-content\\\/uploads\\\/Boating-guide-2026.png\",\"datePublished\":\"2026-04-13T12:21:43+00:00\",\"dateModified\":\"2026-05-07T07:59:08+00:00\",\"description\":\"O Guia para uma navega\u00e7\u00e3o sem problemas mostra-lhe como identificar e resolver os problemas t\u00e9cnicos mais comuns que podem ocorrer...\",\"breadcrumb\":{\"@id\":\"https:\\\/\\\/vetus.com\\\/pt-pt\\\/campanhas-vetus\\\/guia-para-uma-navegacao-sem-problemas\\\/#breadcrumb\"},\"inLanguage\":\"pt-PT\",\"potentialAction\":[{\"@type\":\"ReadAction\",\"target\":[\"https:\\\/\\\/vetus.com\\\/pt-pt\\\/campanhas-vetus\\\/guia-para-uma-navegacao-sem-problemas\\\/\"]}]},{\"@type\":\"ImageObject\",\"inLanguage\":\"pt-PT\",\"@id\":\"https:\\\/\\\/vetus.com\\\/pt-pt\\\/campanhas-vetus\\\/guia-para-uma-navegacao-sem-problemas\\\/#primaryimage\",\"url\":\"https:\\\/\\\/vetus.com\\\/wp-content\\\/uploads\\\/Boating-guide-2026.png\",\"contentUrl\":\"https:\\\/\\\/vetus.com\\\/wp-content\\\/uploads\\\/Boating-guide-2026.png\",\"width\":936,\"height\":500},{\"@type\":\"BreadcrumbList\",\"@id\":\"https:\\\/\\\/vetus.com\\\/pt-pt\\\/campanhas-vetus\\\/guia-para-uma-navegacao-sem-problemas\\\/#breadcrumb\",\"itemListElement\":[{\"@type\":\"ListItem\",\"position\":1,\"name\":\"Home\",\"item\":\"https:\\\/\\\/vetus.com\\\/pt-pt\\\/\"},{\"@type\":\"ListItem\",\"position\":2,\"name\":\"Campanhas VETUS\",\"item\":\"https:\\\/\\\/vetus.com\\\/pt-pt\\\/campanhas-vetus\\\/\"},{\"@type\":\"ListItem\",\"position\":3,\"name\":\"Guia para uma navega\u00e7\u00e3o sem problemas\"}]},{\"@type\":\"WebSite\",\"@id\":\"https:\\\/\\\/vetus.com\\\/pt-pt\\\/#website\",\"url\":\"https:\\\/\\\/vetus.com\\\/pt-pt\\\/\",\"name\":\"VETUS\",\"description\":\"\",\"potentialAction\":[{\"@type\":\"SearchAction\",\"target\":{\"@type\":\"EntryPoint\",\"urlTemplate\":\"https:\\\/\\\/vetus.com\\\/pt-pt\\\/?s={search_term_string}\"},\"query-input\":{\"@type\":\"PropertyValueSpecification\",\"valueRequired\":true,\"valueName\":\"search_term_string\"}}],\"inLanguage\":\"pt-PT\"}]}<\/script>\n<!-- \/ Yoast SEO Premium plugin. -->","yoast_head_json":{"title":"Prepare o seu barco para a temporada","description":"O Guia para uma navega\u00e7\u00e3o sem problemas mostra-lhe como identificar e resolver os problemas t\u00e9cnicos mais comuns que podem ocorrer...","robots":{"index":"index","follow":"follow","max-snippet":"max-snippet:-1","max-image-preview":"max-image-preview:large","max-video-preview":"max-video-preview:-1"},"canonical":"https:\/\/vetus.com\/pt-pt\/campanhas-vetus\/guia-para-uma-navegacao-sem-problemas\/","og_locale":"pt_PT","og_type":"article","og_title":"Guia para uma navega\u00e7\u00e3o sem problemas","og_description":"O Guia para uma navega\u00e7\u00e3o sem problemas mostra-lhe como identificar e resolver os problemas t\u00e9cnicos mais comuns que podem ocorrer...","og_url":"https:\/\/vetus.com\/pt-pt\/campanhas-vetus\/guia-para-uma-navegacao-sem-problemas\/","og_site_name":"VETUS","article_modified_time":"2026-05-07T07:59:08+00:00","og_image":[{"width":936,"height":500,"url":"https:\/\/vetus.com\/wp-content\/uploads\/Boating-guide-2026.png","type":"image\/png"}],"twitter_card":"summary_large_image","twitter_misc":{"Tempo estimado de leitura":"4 minutes"},"schema":{"@context":"https:\/\/schema.org","@graph":[{"@type":"WebPage","@id":"https:\/\/vetus.com\/pt-pt\/campanhas-vetus\/guia-para-uma-navegacao-sem-problemas\/","url":"https:\/\/vetus.com\/pt-pt\/campanhas-vetus\/guia-para-uma-navegacao-sem-problemas\/","name":"Prepare o seu barco para a temporada","isPartOf":{"@id":"https:\/\/vetus.com\/pt-pt\/#website"},"primaryImageOfPage":{"@id":"https:\/\/vetus.com\/pt-pt\/campanhas-vetus\/guia-para-uma-navegacao-sem-problemas\/#primaryimage"},"image":{"@id":"https:\/\/vetus.com\/pt-pt\/campanhas-vetus\/guia-para-uma-navegacao-sem-problemas\/#primaryimage"},"thumbnailUrl":"https:\/\/vetus.com\/wp-content\/uploads\/Boating-guide-2026.png","datePublished":"2026-04-13T12:21:43+00:00","dateModified":"2026-05-07T07:59:08+00:00","description":"O Guia para uma navega\u00e7\u00e3o sem problemas mostra-lhe como identificar e resolver os problemas t\u00e9cnicos mais comuns que podem ocorrer...","breadcrumb":{"@id":"https:\/\/vetus.com\/pt-pt\/campanhas-vetus\/guia-para-uma-navegacao-sem-problemas\/#breadcrumb"},"inLanguage":"pt-PT","potentialAction":[{"@type":"ReadAction","target":["https:\/\/vetus.com\/pt-pt\/campanhas-vetus\/guia-para-uma-navegacao-sem-problemas\/"]}]},{"@type":"ImageObject","inLanguage":"pt-PT","@id":"https:\/\/vetus.com\/pt-pt\/campanhas-vetus\/guia-para-uma-navegacao-sem-problemas\/#primaryimage","url":"https:\/\/vetus.com\/wp-content\/uploads\/Boating-guide-2026.png","contentUrl":"https:\/\/vetus.com\/wp-content\/uploads\/Boating-guide-2026.png","width":936,"height":500},{"@type":"BreadcrumbList","@id":"https:\/\/vetus.com\/pt-pt\/campanhas-vetus\/guia-para-uma-navegacao-sem-problemas\/#breadcrumb","itemListElement":[{"@type":"ListItem","position":1,"name":"Home","item":"https:\/\/vetus.com\/pt-pt\/"},{"@type":"ListItem","position":2,"name":"Campanhas VETUS","item":"https:\/\/vetus.com\/pt-pt\/campanhas-vetus\/"},{"@type":"ListItem","position":3,"name":"Guia para uma navega\u00e7\u00e3o sem problemas"}]},{"@type":"WebSite","@id":"https:\/\/vetus.com\/pt-pt\/#website","url":"https:\/\/vetus.com\/pt-pt\/","name":"VETUS","description":"","potentialAction":[{"@type":"SearchAction","target":{"@type":"EntryPoint","urlTemplate":"https:\/\/vetus.com\/pt-pt\/?s={search_term_string}"},"query-input":{"@type":"PropertyValueSpecification","valueRequired":true,"valueName":"search_term_string"}}],"inLanguage":"pt-PT"}]}},"_links":{"self":[{"href":"https:\/\/vetus.com\/pt-pt\/wp-json\/wp\/v2\/pages\/125638","targetHints":{"allow":["GET"]}}],"collection":[{"href":"https:\/\/vetus.com\/pt-pt\/wp-json\/wp\/v2\/pages"}],"about":[{"href":"https:\/\/vetus.com\/pt-pt\/wp-json\/wp\/v2\/types\/page"}],"author":[{"embeddable":true,"href":"https:\/\/vetus.com\/pt-pt\/wp-json\/wp\/v2\/users\/25"}],"replies":[{"embeddable":true,"href":"https:\/\/vetus.com\/pt-pt\/wp-json\/wp\/v2\/comments?post=125638"}],"version-history":[{"count":2,"href":"https:\/\/vetus.com\/pt-pt\/wp-json\/wp\/v2\/pages\/125638\/revisions"}],"predecessor-version":[{"id":125677,"href":"https:\/\/vetus.com\/pt-pt\/wp-json\/wp\/v2\/pages\/125638\/revisions\/125677"}],"up":[{"embeddable":true,"href":"https:\/\/vetus.com\/pt-pt\/wp-json\/wp\/v2\/pages\/32274"}],"wp:featuredmedia":[{"embeddable":true,"href":"https:\/\/vetus.com\/pt-pt\/wp-json\/wp\/v2\/media\/125399"}],"wp:attachment":[{"href":"https:\/\/vetus.com\/pt-pt\/wp-json\/wp\/v2\/media?parent=125638"}],"curies":[{"name":"wp","href":"https:\/\/api.w.org\/{rel}","templated":true}]}}