{"id":118280,"date":"2025-12-11T14:16:38","date_gmt":"2025-12-11T12:16:38","guid":{"rendered":"https:\/\/vetus.com\/?page_id=118280"},"modified":"2026-02-26T11:47:21","modified_gmt":"2026-02-26T09:47:21","slug":"integracao-propulsores-bow-pro-rimdrive-com-motores-fora-de-borda-suzuki","status":"publish","type":"page","link":"https:\/\/vetus.com\/pt-pt\/integracao-propulsores-bow-pro-rimdrive-com-motores-fora-de-borda-suzuki\/","title":{"rendered":"Integra\u00e7\u00e3o dos propulsores BOW PRO e RIMDRIVE com motores fora de borda Suzuki"},"content":{"rendered":"\n<section class=\"section  \">\n    \n\n<section id=\"section-text-block-block_3446cefda18fdb85778ae4db122475d3\" class=\"section text-block \">\n                    <div class=\"section section__body\">\n            <div class=\"text-block\">\n                <div class=\"container\">\n                    <div class=\"row\">\n                        <div class=\"col-lg-8 offset-lg-2\">\n                                                            <div class=\"section__content single__content hentry\">\n                                    <p>A VETUS oferece integra\u00e7\u00e3o completa dos seus sistemas de propulsores BOW PRO e RIMDRIVE com motores fora de borda Suzuki com controlo eletr\u00f3nico e com os sistemas de dire\u00e7\u00e3o e joystick Ultraflex Integra JS. Esta solu\u00e7\u00e3o integrada permite uma comunica\u00e7\u00e3o perfeita entre os sistemas de propuls\u00e3o, dire\u00e7\u00e3o e propulsor, possibilitando que todas as fun\u00e7\u00f5es sejam controladas atrav\u00e9s de uma \u00fanica interface de joystick.<\/p>\n                                <\/div>\n                            \n                                                    <\/div>\n                    <\/div>\n                <\/div>\n            <\/div>\n        <\/div>\n    <\/section><\/section>\n\n<section class=\"section section--colored bg-light content-blocks bg-light   \">\n    \n<section id=\"content-block-1-block_0bcf776a593aea19f1554fde3cf509ac\" class=\"section content-block content-block--image \">\n    <div class=\"container\">\n        <div class=\"row d-flex align-items-center\">\n\n            <div class=\"col-md-6 col-lg-7\">\n                                    <div class=\"content-block__visuals\">\n                        <div class=\"content-block__media media--clipped media ratio\">\n                            <div class=\"media__wrapper\">\n                                <img decoding=\"async\" width=\"690\" height=\"690\" src=\"https:\/\/vetus.com\/wp-content\/uploads\/bowpro300_front_up_product_1080x1080-690x690.jpg\" class=\"media__source img-fit\" alt=\"\" srcset=\"https:\/\/vetus.com\/wp-content\/uploads\/bowpro300_front_up_product_1080x1080-690x690.jpg 690w, https:\/\/vetus.com\/wp-content\/uploads\/bowpro300_front_up_product_1080x1080-300x300.jpg 300w, https:\/\/vetus.com\/wp-content\/uploads\/bowpro300_front_up_product_1080x1080-150x150.jpg 150w, https:\/\/vetus.com\/wp-content\/uploads\/bowpro300_front_up_product_1080x1080-768x768.jpg 768w, https:\/\/vetus.com\/wp-content\/uploads\/bowpro300_front_up_product_1080x1080-210x210.jpg 210w, https:\/\/vetus.com\/wp-content\/uploads\/bowpro300_front_up_product_1080x1080-330x330.jpg 330w, https:\/\/vetus.com\/wp-content\/uploads\/bowpro300_front_up_product_1080x1080-431x431.jpg 431w, https:\/\/vetus.com\/wp-content\/uploads\/bowpro300_front_up_product_1080x1080-507x507.jpg 507w, https:\/\/vetus.com\/wp-content\/uploads\/bowpro300_front_up_product_1080x1080-530x530.jpg 530w, https:\/\/vetus.com\/wp-content\/uploads\/bowpro300_front_up_product_1080x1080-930x930.jpg 930w, https:\/\/vetus.com\/wp-content\/uploads\/bowpro300_front_up_product_1080x1080.jpg 1080w\" sizes=\"auto, (max-width: 575.98px) 431px, (max-width: 767.98px) 530px, (max-width: 991.98px) 330px, (max-width: 1279.98px) 530px, (max-width: 1899.98px) 690px, 930px\" loading=\"lazy\" \/>                            <\/div>\n                        <\/div>\n                    <\/div>\n                            <\/div>\n\n            <div class=\"col-md-6 col-lg-4 offset-lg-1\">\n                <div class=\"content-block__body\">\n                    \n                    \n                                            <h3 data-start=\"567\" data-end=\"612\">Controlo integrado para manobras precisas<\/h3>\n<p data-start=\"614\" data-end=\"1013\">O sistema combinado proporciona um controlo suave e proporcional que melhora significativamente a manobrabilidade em espa\u00e7os reduzidos, como durante atraca\u00e7\u00f5es, em canais estreitos e em marinas movimentadas. Ao coordenar os comandos do motor, da dire\u00e7\u00e3o e do propulsor atrav\u00e9s do joystick Ultraflex, o operador beneficia de respostas previs\u00edveis e de uma manobrabilidade refinada. O sistema permite:<\/p>\n<ul data-start=\"1015\" data-end=\"1254\">\n<li data-start=\"1015\" data-end=\"1091\">\n<p data-start=\"1017\" data-end=\"1091\">Mover a embarca\u00e7\u00e3o lateralmente, na diagonal, para a frente ou para tr\u00e1s<\/p>\n<\/li>\n<li data-start=\"1092\" data-end=\"1170\">\n<p data-start=\"1094\" data-end=\"1170\">Rodar a embarca\u00e7\u00e3o sobre o seu pr\u00f3prio eixo para um posicionamento preciso<\/p>\n<\/li>\n<li data-start=\"1171\" data-end=\"1254\">\n<p data-start=\"1173\" data-end=\"1254\">Manter um controlo est\u00e1vel em condi\u00e7\u00f5es de vento, corrente ou espa\u00e7os apertados<\/p>\n<\/li>\n<\/ul>\n<p data-start=\"1256\" data-end=\"1381\">Cada manobra \u00e9 coordenada atrav\u00e9s de um \u00fanico joystick, simplificando a opera\u00e7\u00e3o e reduzindo a carga de trabalho do operador.<\/p>\n                    \t\t\t\t\t\n                                    <\/div>\n            <\/div>\n        <\/div>\n    <\/div>\n<\/section>\n<section id=\"content-block-1-block_0bcf776a593aea19f1554fde3cf509ac\" class=\"section content-block content-block--image \">\n    <div class=\"container\">\n        <div class=\"row d-flex align-items-center flex-md-row-reverse\">\n\n            <div class=\"col-md-6 col-lg-7 offset-lg-1\">\n                                    <div class=\"content-block__visuals\">\n                        <div class=\"content-block__media media--clipped media ratio\">\n                            <div class=\"media__wrapper\">\n                                <img decoding=\"async\" width=\"690\" height=\"388\" src=\"https:\/\/vetus.com\/wp-content\/uploads\/bowpro300_full_product_1920x1080-690x388.jpg\" class=\"media__source img-fit\" alt=\"\" srcset=\"https:\/\/vetus.com\/wp-content\/uploads\/bowpro300_full_product_1920x1080-690x388.jpg 690w, https:\/\/vetus.com\/wp-content\/uploads\/bowpro300_full_product_1920x1080-300x169.jpg 300w, https:\/\/vetus.com\/wp-content\/uploads\/bowpro300_full_product_1920x1080-768x432.jpg 768w, https:\/\/vetus.com\/wp-content\/uploads\/bowpro300_full_product_1920x1080-210x118.jpg 210w, https:\/\/vetus.com\/wp-content\/uploads\/bowpro300_full_product_1920x1080-330x186.jpg 330w, https:\/\/vetus.com\/wp-content\/uploads\/bowpro300_full_product_1920x1080-431x242.jpg 431w, https:\/\/vetus.com\/wp-content\/uploads\/bowpro300_full_product_1920x1080-507x285.jpg 507w, https:\/\/vetus.com\/wp-content\/uploads\/bowpro300_full_product_1920x1080-530x298.jpg 530w, https:\/\/vetus.com\/wp-content\/uploads\/bowpro300_full_product_1920x1080-930x523.jpg 930w, https:\/\/vetus.com\/wp-content\/uploads\/bowpro300_full_product_1920x1080-1170x658.jpg 1170w, https:\/\/vetus.com\/wp-content\/uploads\/bowpro300_full_product_1920x1080.jpg 1920w\" sizes=\"auto, (max-width: 575.98px) 431px, (max-width: 767.98px) 530px, (max-width: 991.98px) 330px, (max-width: 1279.98px) 530px, (max-width: 1899.98px) 690px, 930px\" loading=\"lazy\" \/>                            <\/div>\n                        <\/div>\n                    <\/div>\n                            <\/div>\n\n            <div class=\"col-md-6 col-lg-4\">\n                <div class=\"content-block__body\">\n                    \n                    \n                                            <h3 data-start=\"1383\" data-end=\"1454\">Integra\u00e7\u00e3o com motores fora de borda Suzuki com controlo eletr\u00f3nico<\/h3>\n<p data-start=\"1456\" data-end=\"1958\">Esta integra\u00e7\u00e3o \u00e9 compat\u00edvel com os modelos fora de borda Suzuki com controlo eletr\u00f3nico, incluindo os avan\u00e7ados DF350AMD e DF300BMD, ambos equipados com dire\u00e7\u00e3o integrada. Estes motores funcionam perfeitamente com o sistema de joystick Ultraflex e os propulsores VETUS, garantindo uma coordena\u00e7\u00e3o precisa entre os sistemas de propuls\u00e3o e manobra. Atrav\u00e9s da plataforma de dire\u00e7\u00e3o assistida eletr\u00f3nica Ultraflex Integra JS, os comandos do motor e do propulsor s\u00e3o geridos com precis\u00e3o e resposta suave.<\/p>\n                    \t\t\t\t\t\n                                            <div class=\"content-block__actions actions\">\n                            <div class=\"btn-group d-flex flex-wrap justify-content-center justify-content-md-start\">\n                                <a href=\"https:\/\/www.suzukimarine.com\/news\/suzuki-marine-usa-announces-technology-collaboration-with-vetus\/\" class=\"btn btn-sm btn-empty btn-empty-primary\" title=\"\" target=\"_blank\">\n                                    <span>Saiba mais em Suzuki Marine<\/span>\n                                    <i class=\"icon icon-keyboard_arrow_right\"><\/i>\n                                <\/a>\n\n                                <!-- <a href=\"#\" class=\"btn btn-sm btn-empty btn-empty-primary\" title=\"\">\n                                    <span>Watch video<\/span>\n                                    <i class=\"icon icon-play_circle_outline\"><\/i>\n                                <\/a> -->\n                                <!-- <a href=\"#\" class=\"btn btn-sm btn-empty btn-empty-primary\" title=\"\">\n                                    <span>Innovation<\/span>\n                                    <i class=\"icon icon-keyboard_arrow_right\"><\/i>\n                                <\/a> -->\n                            <\/div>\n                        <\/div>\n                                    <\/div>\n            <\/div>\n        <\/div>\n    <\/div>\n<\/section><\/section>\n\n\n<section class=\"section  \">\n    \n\n<section id=\"section-text-block-block_d9fe3986a00980e2611d2db78e217fac\" class=\"section text-block \">\n                    <div class=\"section section__body\">\n            <div class=\"text-block\">\n                <div class=\"container\">\n                    <div class=\"row\">\n                        <div class=\"col-lg-8 offset-lg-2\">\n                                                            <div class=\"section__content single__content hentry\">\n                                    <h3 data-start=\"1991\" data-end=\"2032\">Uma colabora\u00e7\u00e3o baseada em tecnologia<\/h3>\n<p data-start=\"2034\" data-end=\"2215\">As tecnologias combinadas da VETUS, Suzuki e Ultraflex resultam num sistema de controlo integrado concebido para aumentar a confian\u00e7a e a efici\u00eancia ao operar em espa\u00e7os confinados:<\/p>\n<ul data-start=\"2217\" data-end=\"2508\">\n<li data-start=\"2217\" data-end=\"2293\">\n<p data-start=\"2219\" data-end=\"2293\">Comunica\u00e7\u00e3o perfeita entre os sistemas de propulsor, dire\u00e7\u00e3o e propuls\u00e3o<\/p>\n<\/li>\n<li data-start=\"2294\" data-end=\"2367\">\n<p data-start=\"2296\" data-end=\"2367\">Manobrabilidade suave e previs\u00edvel com controlo avan\u00e7ado por joystick<\/p>\n<\/li>\n<li data-start=\"2368\" data-end=\"2439\">\n<p data-start=\"2370\" data-end=\"2439\">Resposta fi\u00e1vel para opera\u00e7\u00f5es de atraca\u00e7\u00e3o e manuten\u00e7\u00e3o de posi\u00e7\u00e3o<\/p>\n<\/li>\n<li data-start=\"2440\" data-end=\"2508\">\n<p data-start=\"2442\" data-end=\"2508\">Compatibilidade flex\u00edvel com instala\u00e7\u00f5es de um ou v\u00e1rios motores<\/p>\n<\/li>\n<\/ul>\n<p data-start=\"2510\" data-end=\"2652\">Esta colabora\u00e7\u00e3o proporciona uma melhoria significativa no controlo da embarca\u00e7\u00e3o sem comprometer a facilidade de utiliza\u00e7\u00e3o ou a fiabilidade.<\/p>\n                                <\/div>\n                            \n                                                    <\/div>\n                    <\/div>\n                <\/div>\n            <\/div>\n        <\/div>\n    <\/section><\/section>\n\n<section class=\"section section--colored bg-light content-blocks bg-light   mb-0\">\n    \n\n<section id=\"section-text-block-block_526f26072f93b1736159bbf173887230\" class=\"section text-block  mb-0\">\n                    <div class=\"section section__body\">\n            <div class=\"text-block\">\n                <div class=\"container\">\n                    <div class=\"row\">\n                        <div class=\"col-lg-8 offset-lg-2\">\n                                                            <div class=\"section__content single__content hentry\">\n                                    <h3 data-start=\"2654\" data-end=\"2688\">Controlo fi\u00e1vel em cada viagem<\/h3>\n<p data-start=\"2690\" data-end=\"3082\">Esta solu\u00e7\u00e3o integrada oferece uma condu\u00e7\u00e3o suave, previs\u00edvel e intuitiva da embarca\u00e7\u00e3o, proporcionando maior confian\u00e7a aos navegadores durante atraca\u00e7\u00f5es e manobras em espa\u00e7os reduzidos. Com tecnologias comprovadas a trabalhar em conjunto numa vasta gama de tipos de embarca\u00e7\u00f5es, a VETUS disponibiliza solu\u00e7\u00f5es de controlo fi\u00e1veis e vers\u00e1teis, adaptadas \u00e0s necessidades da navega\u00e7\u00e3o moderna.<\/p>\n                                <\/div>\n                            \n                                                            <div class=\"section__actions text-block__actions actions\">\n                                    <div class=\"btn-group d-flex flex-wrap justify-content-center\">\n                                                                                    <a href=\"https:\/\/vetus.com\/bow-pro-thrusters\/#bodem\" class=\"btn btn-primary\" title=\"\" target=\"_blank\">\n                                                <span>Explore todas as integra\u00e7\u00f5es de propulsores VETUS<\/span>\n                                            <\/a>\n                                        \n                                                                            <\/div>\n                                <\/div>\n                                                    <\/div>\n                    <\/div>\n                <\/div>\n            <\/div>\n        <\/div>\n    <\/section><\/section>","protected":false},"excerpt":{"rendered":"","protected":false},"author":20,"featured_media":0,"parent":0,"menu_order":0,"comment_status":"closed","ping_status":"closed","template":"tpl-blog-large-header.php","meta":{"_acf_changed":false,"footnotes":""},"class_list":["post-118280","page","type-page","status-publish","hentry"],"acf":{"image":{"ID":118256,"id":118256,"title":"Suzuki-VETUS-Demo-scaled (1)","filename":"Suzuki-VETUS-Demo-scaled-1.jpg","filesize":756401,"url":"https:\/\/vetus.com\/wp-content\/uploads\/Suzuki-VETUS-Demo-scaled-1.jpg","link":"https:\/\/vetus.com\/pt-pt\/integracao-propulsores-bow-pro-rimdrive-com-motores-fora-de-borda-suzuki\/suzuki-vetus-demo-scaled-1-2\/","alt":"","author":"20","description":"","caption":"","name":"suzuki-vetus-demo-scaled-1-2","status":"inherit","uploaded_to":118280,"date":"2025-12-11 11:33:06","modified":"2025-12-11 11:33:06","menu_order":0,"mime_type":"image\/jpeg","type":"image","subtype":"jpeg","icon":"https:\/\/vetus.com\/wp-includes\/images\/media\/default.png","width":2560,"height":1695,"sizes":{"thumbnail":"https:\/\/vetus.com\/wp-content\/uploads\/Suzuki-VETUS-Demo-scaled-1-150x150.jpg","thumbnail-width":150,"thumbnail-height":150,"medium":"https:\/\/vetus.com\/wp-content\/uploads\/Suzuki-VETUS-Demo-scaled-1-300x199.jpg","medium-width":300,"medium-height":199,"medium_large":"https:\/\/vetus.com\/wp-content\/uploads\/Suzuki-VETUS-Demo-scaled-1-768x509.jpg","medium_large-width":768,"medium_large-height":509,"large":"https:\/\/vetus.com\/wp-content\/uploads\/Suzuki-VETUS-Demo-scaled-1.jpg","large-width":1024,"large-height":678,"1536x1536":"https:\/\/vetus.com\/wp-content\/uploads\/Suzuki-VETUS-Demo-scaled-1.jpg","1536x1536-width":1536,"1536x1536-height":1017,"2048x2048":"https:\/\/vetus.com\/wp-content\/uploads\/Suzuki-VETUS-Demo-scaled-1.jpg","2048x2048-width":2048,"2048x2048-height":1356,"210w":"https:\/\/vetus.com\/wp-content\/uploads\/Suzuki-VETUS-Demo-scaled-1-210x139.jpg","210w-width":210,"210w-height":139,"330w":"https:\/\/vetus.com\/wp-content\/uploads\/Suzuki-VETUS-Demo-scaled-1-330x218.jpg","330w-width":330,"330w-height":218,"431w":"https:\/\/vetus.com\/wp-content\/uploads\/Suzuki-VETUS-Demo-scaled-1-431x285.jpg","431w-width":431,"431w-height":285,"507w":"https:\/\/vetus.com\/wp-content\/uploads\/Suzuki-VETUS-Demo-scaled-1-507x336.jpg","507w-width":507,"507w-height":336,"530w":"https:\/\/vetus.com\/wp-content\/uploads\/Suzuki-VETUS-Demo-scaled-1-530x351.jpg","530w-width":530,"530w-height":351,"690w":"https:\/\/vetus.com\/wp-content\/uploads\/Suzuki-VETUS-Demo-scaled-1-690x457.jpg","690w-width":690,"690w-height":457,"930w":"https:\/\/vetus.com\/wp-content\/uploads\/Suzuki-VETUS-Demo-scaled-1-930x616.jpg","930w-width":930,"930w-height":616,"1170w":"https:\/\/vetus.com\/wp-content\/uploads\/Suzuki-VETUS-Demo-scaled-1-1170x775.jpg","1170w-width":1170,"1170w-height":775,"gform-image-choice-sm":"https:\/\/vetus.com\/wp-content\/uploads\/Suzuki-VETUS-Demo-scaled-1.jpg","gform-image-choice-sm-width":300,"gform-image-choice-sm-height":199,"gform-image-choice-md":"https:\/\/vetus.com\/wp-content\/uploads\/Suzuki-VETUS-Demo-scaled-1.jpg","gform-image-choice-md-width":400,"gform-image-choice-md-height":265,"gform-image-choice-lg":"https:\/\/vetus.com\/wp-content\/uploads\/Suzuki-VETUS-Demo-scaled-1.jpg","gform-image-choice-lg-width":600,"gform-image-choice-lg-height":397}},"introduction":"","person":false,"title":"Integra\u00e7\u00e3o inteligente para maior manobrabilidade da embarca\u00e7\u00e3o"},"yoast_head":"<!-- This site is optimized with the Yoast SEO Premium plugin v27.3 (Yoast SEO v27.3) - https:\/\/yoast.com\/product\/yoast-seo-premium-wordpress\/ -->\n<title>Integra\u00e7\u00e3o dos propulsores BOW PRO e RIMDRIVE com motores fora de borda Suzuki - VETUS<\/title>\n<meta name=\"description\" content=\"A VETUS oferece integra\u00e7\u00e3o completa dos seus sistemas de propulsores BOW PRO e RIMDRIVE com motores fora de borda Suzuki com controlo...\" \/>\n<meta name=\"robots\" content=\"index, follow, max-snippet:-1, max-image-preview:large, max-video-preview:-1\" \/>\n<link rel=\"canonical\" href=\"https:\/\/vetus.com\/pt-pt\/integracao-propulsores-bow-pro-rimdrive-com-motores-fora-de-borda-suzuki\/\" \/>\n<meta property=\"og:locale\" content=\"pt_PT\" \/>\n<meta property=\"og:type\" content=\"article\" \/>\n<meta property=\"og:title\" content=\"Integra\u00e7\u00e3o dos propulsores BOW PRO e RIMDRIVE com motores fora de borda Suzuki\" \/>\n<meta property=\"og:description\" content=\"A VETUS oferece integra\u00e7\u00e3o completa dos seus sistemas de propulsores BOW PRO e RIMDRIVE com motores fora de borda Suzuki com controlo...\" \/>\n<meta property=\"og:url\" content=\"https:\/\/vetus.com\/pt-pt\/integracao-propulsores-bow-pro-rimdrive-com-motores-fora-de-borda-suzuki\/\" \/>\n<meta property=\"og:site_name\" content=\"VETUS\" \/>\n<meta property=\"article:modified_time\" content=\"2026-02-26T09:47:21+00:00\" \/>\n<meta name=\"twitter:card\" content=\"summary_large_image\" \/>\n<meta name=\"twitter:label1\" content=\"Tempo estimado de leitura\" \/>\n\t<meta name=\"twitter:data1\" content=\"3 minutes\" \/>\n<script type=\"application\/ld+json\" class=\"yoast-schema-graph\">{\"@context\":\"https:\\\/\\\/schema.org\",\"@graph\":[{\"@type\":\"WebPage\",\"@id\":\"https:\\\/\\\/vetus.com\\\/pt-pt\\\/integracao-propulsores-bow-pro-rimdrive-com-motores-fora-de-borda-suzuki\\\/\",\"url\":\"https:\\\/\\\/vetus.com\\\/pt-pt\\\/integracao-propulsores-bow-pro-rimdrive-com-motores-fora-de-borda-suzuki\\\/\",\"name\":\"Integra\u00e7\u00e3o dos propulsores BOW PRO e RIMDRIVE com motores fora de borda Suzuki - VETUS\",\"isPartOf\":{\"@id\":\"https:\\\/\\\/vetus.com\\\/pt-pt\\\/#website\"},\"datePublished\":\"2025-12-11T12:16:38+00:00\",\"dateModified\":\"2026-02-26T09:47:21+00:00\",\"description\":\"A VETUS oferece integra\u00e7\u00e3o completa dos seus sistemas de propulsores BOW PRO e RIMDRIVE com motores fora de borda Suzuki com controlo...\",\"breadcrumb\":{\"@id\":\"https:\\\/\\\/vetus.com\\\/pt-pt\\\/integracao-propulsores-bow-pro-rimdrive-com-motores-fora-de-borda-suzuki\\\/#breadcrumb\"},\"inLanguage\":\"pt-PT\",\"potentialAction\":[{\"@type\":\"ReadAction\",\"target\":[\"https:\\\/\\\/vetus.com\\\/pt-pt\\\/integracao-propulsores-bow-pro-rimdrive-com-motores-fora-de-borda-suzuki\\\/\"]}]},{\"@type\":\"BreadcrumbList\",\"@id\":\"https:\\\/\\\/vetus.com\\\/pt-pt\\\/integracao-propulsores-bow-pro-rimdrive-com-motores-fora-de-borda-suzuki\\\/#breadcrumb\",\"itemListElement\":[{\"@type\":\"ListItem\",\"position\":1,\"name\":\"Home\",\"item\":\"https:\\\/\\\/vetus.com\\\/pt-pt\\\/\"},{\"@type\":\"ListItem\",\"position\":2,\"name\":\"Integra\u00e7\u00e3o dos propulsores BOW PRO e RIMDRIVE com motores fora de borda Suzuki\"}]},{\"@type\":\"WebSite\",\"@id\":\"https:\\\/\\\/vetus.com\\\/pt-pt\\\/#website\",\"url\":\"https:\\\/\\\/vetus.com\\\/pt-pt\\\/\",\"name\":\"VETUS\",\"description\":\"\",\"potentialAction\":[{\"@type\":\"SearchAction\",\"target\":{\"@type\":\"EntryPoint\",\"urlTemplate\":\"https:\\\/\\\/vetus.com\\\/pt-pt\\\/?s={search_term_string}\"},\"query-input\":{\"@type\":\"PropertyValueSpecification\",\"valueRequired\":true,\"valueName\":\"search_term_string\"}}],\"inLanguage\":\"pt-PT\"}]}<\/script>\n<!-- \/ Yoast SEO Premium plugin. -->","yoast_head_json":{"title":"Integra\u00e7\u00e3o dos propulsores BOW PRO e RIMDRIVE com motores fora de borda Suzuki - VETUS","description":"A VETUS oferece integra\u00e7\u00e3o completa dos seus sistemas de propulsores BOW PRO e RIMDRIVE com motores fora de borda Suzuki com controlo...","robots":{"index":"index","follow":"follow","max-snippet":"max-snippet:-1","max-image-preview":"max-image-preview:large","max-video-preview":"max-video-preview:-1"},"canonical":"https:\/\/vetus.com\/pt-pt\/integracao-propulsores-bow-pro-rimdrive-com-motores-fora-de-borda-suzuki\/","og_locale":"pt_PT","og_type":"article","og_title":"Integra\u00e7\u00e3o dos propulsores BOW PRO e RIMDRIVE com motores fora de borda Suzuki","og_description":"A VETUS oferece integra\u00e7\u00e3o completa dos seus sistemas de propulsores BOW PRO e RIMDRIVE com motores fora de borda Suzuki com controlo...","og_url":"https:\/\/vetus.com\/pt-pt\/integracao-propulsores-bow-pro-rimdrive-com-motores-fora-de-borda-suzuki\/","og_site_name":"VETUS","article_modified_time":"2026-02-26T09:47:21+00:00","twitter_card":"summary_large_image","twitter_misc":{"Tempo estimado de leitura":"3 minutes"},"schema":{"@context":"https:\/\/schema.org","@graph":[{"@type":"WebPage","@id":"https:\/\/vetus.com\/pt-pt\/integracao-propulsores-bow-pro-rimdrive-com-motores-fora-de-borda-suzuki\/","url":"https:\/\/vetus.com\/pt-pt\/integracao-propulsores-bow-pro-rimdrive-com-motores-fora-de-borda-suzuki\/","name":"Integra\u00e7\u00e3o dos propulsores BOW PRO e RIMDRIVE com motores fora de borda Suzuki - VETUS","isPartOf":{"@id":"https:\/\/vetus.com\/pt-pt\/#website"},"datePublished":"2025-12-11T12:16:38+00:00","dateModified":"2026-02-26T09:47:21+00:00","description":"A VETUS oferece integra\u00e7\u00e3o completa dos seus sistemas de propulsores BOW PRO e RIMDRIVE com motores fora de borda Suzuki com controlo...","breadcrumb":{"@id":"https:\/\/vetus.com\/pt-pt\/integracao-propulsores-bow-pro-rimdrive-com-motores-fora-de-borda-suzuki\/#breadcrumb"},"inLanguage":"pt-PT","potentialAction":[{"@type":"ReadAction","target":["https:\/\/vetus.com\/pt-pt\/integracao-propulsores-bow-pro-rimdrive-com-motores-fora-de-borda-suzuki\/"]}]},{"@type":"BreadcrumbList","@id":"https:\/\/vetus.com\/pt-pt\/integracao-propulsores-bow-pro-rimdrive-com-motores-fora-de-borda-suzuki\/#breadcrumb","itemListElement":[{"@type":"ListItem","position":1,"name":"Home","item":"https:\/\/vetus.com\/pt-pt\/"},{"@type":"ListItem","position":2,"name":"Integra\u00e7\u00e3o dos propulsores BOW PRO e RIMDRIVE com motores fora de borda Suzuki"}]},{"@type":"WebSite","@id":"https:\/\/vetus.com\/pt-pt\/#website","url":"https:\/\/vetus.com\/pt-pt\/","name":"VETUS","description":"","potentialAction":[{"@type":"SearchAction","target":{"@type":"EntryPoint","urlTemplate":"https:\/\/vetus.com\/pt-pt\/?s={search_term_string}"},"query-input":{"@type":"PropertyValueSpecification","valueRequired":true,"valueName":"search_term_string"}}],"inLanguage":"pt-PT"}]}},"_links":{"self":[{"href":"https:\/\/vetus.com\/pt-pt\/wp-json\/wp\/v2\/pages\/118280","targetHints":{"allow":["GET"]}}],"collection":[{"href":"https:\/\/vetus.com\/pt-pt\/wp-json\/wp\/v2\/pages"}],"about":[{"href":"https:\/\/vetus.com\/pt-pt\/wp-json\/wp\/v2\/types\/page"}],"author":[{"embeddable":true,"href":"https:\/\/vetus.com\/pt-pt\/wp-json\/wp\/v2\/users\/20"}],"replies":[{"embeddable":true,"href":"https:\/\/vetus.com\/pt-pt\/wp-json\/wp\/v2\/comments?post=118280"}],"version-history":[{"count":5,"href":"https:\/\/vetus.com\/pt-pt\/wp-json\/wp\/v2\/pages\/118280\/revisions"}],"predecessor-version":[{"id":122685,"href":"https:\/\/vetus.com\/pt-pt\/wp-json\/wp\/v2\/pages\/118280\/revisions\/122685"}],"wp:attachment":[{"href":"https:\/\/vetus.com\/pt-pt\/wp-json\/wp\/v2\/media?parent=118280"}],"curies":[{"name":"wp","href":"https:\/\/api.w.org\/{rel}","templated":true}]}}