{"id":115642,"date":"2025-10-02T10:54:36","date_gmt":"2025-10-02T08:54:36","guid":{"rendered":"https:\/\/vetus.com\/bow-pro-thruster-integration-with-cummins-inboards-and-glendinning\/"},"modified":"2026-02-26T12:40:12","modified_gmt":"2026-02-26T10:40:12","slug":"integracao-propulsor-proa-bow-pro-com-motores-internos-cummins-e-glendinning","status":"publish","type":"page","link":"https:\/\/vetus.com\/pt-pt\/integracao-propulsor-proa-bow-pro-com-motores-internos-cummins-e-glendinning\/","title":{"rendered":"Integra\u00e7\u00e3o do propulsor de proa BOW PRO com motores internos Cummins e joystick Glendinning ProPilot"},"content":{"rendered":"\n<section class=\"section  \">\n    \n\n<section id=\"section-text-block-block_a1df7aca1c687981a8e8ca65ec37625d\" class=\"section text-block \">\n                    <div class=\"section section__body\">\n            <div class=\"text-block\">\n                <div class=\"container\">\n                    <div class=\"row\">\n                        <div class=\"col-lg-8 offset-lg-2\">\n                                                            <div class=\"section__content single__content hentry\">\n                                    <p data-start=\"155\" data-end=\"427\">Para melhorar a experi\u00eancia de atraca\u00e7\u00e3o para ainda mais navegadores, a VETUS estabeleceu uma parceria com a Cummins Marine e a Glendinning, reunindo os propulsores de proa BOW PRO, os motores internos Cummins e o joystick Glendinning ProPilot num \u00fanico sistema integrado.<\/p>\n<p data-start=\"429\" data-end=\"643\">O sistema combina o controlo dos motores e dos propulsores atrav\u00e9s de um \u00fanico joystick f\u00e1cil de utilizar, garantindo que a atraca\u00e7\u00e3o e as manobras em espa\u00e7os reduzidos se tornam mais simples, seguras e sem stress.<\/p>\n                                <\/div>\n                            \n                                                    <\/div>\n                    <\/div>\n                <\/div>\n            <\/div>\n        <\/div>\n    <\/section><\/section>\n\n<section class=\"section section--colored bg-light content-blocks bg-light   \">\n    \n<section id=\"content-block-1-block_80a47c6aa0f2b25bba96c21ee9be39ce\" class=\"section content-block content-block--image \">\n    <div class=\"container\">\n        <div class=\"row d-flex align-items-center\">\n\n            <div class=\"col-md-6 col-lg-7\">\n                                    <div class=\"content-block__visuals\">\n                        <div class=\"content-block__media media--clipped media ratio\">\n                            <div class=\"media__wrapper\">\n                                <img decoding=\"async\" width=\"690\" height=\"458\" src=\"https:\/\/vetus.com\/wp-content\/uploads\/ProPilot-Lifestyle-001-1-690x458.jpg\" class=\"media__source img-fit\" alt=\"\" srcset=\"https:\/\/vetus.com\/wp-content\/uploads\/ProPilot-Lifestyle-001-1-690x458.jpg 690w, https:\/\/vetus.com\/wp-content\/uploads\/ProPilot-Lifestyle-001-1-300x199.jpg 300w, https:\/\/vetus.com\/wp-content\/uploads\/ProPilot-Lifestyle-001-1-210x139.jpg 210w, https:\/\/vetus.com\/wp-content\/uploads\/ProPilot-Lifestyle-001-1-330x219.jpg 330w, https:\/\/vetus.com\/wp-content\/uploads\/ProPilot-Lifestyle-001-1-431x286.jpg 431w, https:\/\/vetus.com\/wp-content\/uploads\/ProPilot-Lifestyle-001-1-507x337.jpg 507w, https:\/\/vetus.com\/wp-content\/uploads\/ProPilot-Lifestyle-001-1-530x352.jpg 530w, https:\/\/vetus.com\/wp-content\/uploads\/ProPilot-Lifestyle-001-1.jpg 702w\" sizes=\"auto, (max-width: 575.98px) 431px, (max-width: 767.98px) 530px, (max-width: 991.98px) 330px, (max-width: 1279.98px) 530px, (max-width: 1899.98px) 690px, 930px\" loading=\"lazy\" \/>                            <\/div>\n                        <\/div>\n                    <\/div>\n                            <\/div>\n\n            <div class=\"col-md-6 col-lg-4 offset-lg-1\">\n                <div class=\"content-block__body\">\n                    \n                    \n                                            <h3 data-start=\"650\" data-end=\"691\">Uma nova era no controlo de atraca\u00e7\u00e3o<\/h3>\n<p data-start=\"693\" data-end=\"1015\">Com os motores internos Cummins, o joystick Glendinning ProPilot e os propulsores de proa VETUS BOW PRO a trabalhar em conjunto, os navegadores ganham confian\u00e7a e precis\u00e3o incompar\u00e1veis ao leme. Esta poderosa integra\u00e7\u00e3o transforma at\u00e9 as situa\u00e7\u00f5es de atraca\u00e7\u00e3o mais desafiantes em manobras suaves e totalmente controladas.<\/p>\n<ul data-start=\"1017\" data-end=\"1544\">\n<li data-start=\"1017\" data-end=\"1155\">\n<p data-start=\"1019\" data-end=\"1155\"><strong data-start=\"1019\" data-end=\"1044\">Comando com confian\u00e7a<\/strong> \u2013 Conduza a sua embarca\u00e7\u00e3o exatamente para onde deseja com um controlo intuitivo de joystick com uma s\u00f3 m\u00e3o.<\/p>\n<\/li>\n<li data-start=\"1156\" data-end=\"1289\">\n<p data-start=\"1158\" data-end=\"1289\"><strong data-start=\"1158\" data-end=\"1182\">Desempenho integrado<\/strong> \u2013 Motores e propulsores operam em perfeita harmonia para um manuseamento impec\u00e1vel em espa\u00e7os reduzidos.<\/p>\n<\/li>\n<li data-start=\"1290\" data-end=\"1413\">\n<p data-start=\"1292\" data-end=\"1413\"><strong data-start=\"1292\" data-end=\"1318\">Liberdade de movimento<\/strong> \u2013 Desloque-se lateralmente, rode sobre o pr\u00f3prio eixo ou mova-se na diagonal com facilidade.<\/p>\n<\/li>\n<li data-start=\"1414\" data-end=\"1544\">\n<p data-start=\"1416\" data-end=\"1544\"><strong data-start=\"1416\" data-end=\"1442\">Efici\u00eancia inteligente<\/strong> \u2013 A m\u00ednima perturba\u00e7\u00e3o da \u00e1gua garante uma atraca\u00e7\u00e3o mais segura e tranquila em marinas movimentadas.<\/p>\n<\/li>\n<\/ul>\n                    \t\t\t\t\t\n                                    <\/div>\n            <\/div>\n        <\/div>\n    <\/div>\n<\/section>\n<section id=\"content-block-1-block_80a47c6aa0f2b25bba96c21ee9be39ce\" class=\"section content-block content-block--image \">\n    <div class=\"container\">\n        <div class=\"row d-flex align-items-center flex-md-row-reverse\">\n\n            <div class=\"col-md-6 col-lg-7 offset-lg-1\">\n                                    <div class=\"content-block__visuals\">\n                        <div class=\"content-block__media media--clipped media ratio\">\n                            <div class=\"media__wrapper\">\n                                <img decoding=\"async\" width=\"690\" height=\"460\" src=\"https:\/\/vetus.com\/wp-content\/uploads\/21522070321_07ed4e430a_c-690x460.png\" class=\"media__source img-fit\" alt=\"\" srcset=\"https:\/\/vetus.com\/wp-content\/uploads\/21522070321_07ed4e430a_c-690x460.png 690w, https:\/\/vetus.com\/wp-content\/uploads\/21522070321_07ed4e430a_c-300x200.png 300w, https:\/\/vetus.com\/wp-content\/uploads\/21522070321_07ed4e430a_c-768x512.png 768w, https:\/\/vetus.com\/wp-content\/uploads\/21522070321_07ed4e430a_c-210x140.png 210w, https:\/\/vetus.com\/wp-content\/uploads\/21522070321_07ed4e430a_c-330x220.png 330w, https:\/\/vetus.com\/wp-content\/uploads\/21522070321_07ed4e430a_c-431x287.png 431w, https:\/\/vetus.com\/wp-content\/uploads\/21522070321_07ed4e430a_c-507x338.png 507w, https:\/\/vetus.com\/wp-content\/uploads\/21522070321_07ed4e430a_c-530x353.png 530w, https:\/\/vetus.com\/wp-content\/uploads\/21522070321_07ed4e430a_c.png 800w\" sizes=\"auto, (max-width: 575.98px) 431px, (max-width: 767.98px) 530px, (max-width: 991.98px) 330px, (max-width: 1279.98px) 530px, (max-width: 1899.98px) 690px, 930px\" loading=\"lazy\" \/>                            <\/div>\n                        <\/div>\n                    <\/div>\n                            <\/div>\n\n            <div class=\"col-md-6 col-lg-4\">\n                <div class=\"content-block__body\">\n                    \n                    \n                                            <h3 data-start=\"1551\" data-end=\"1600\">Inova\u00e7\u00e3o na atraca\u00e7\u00e3o com pot\u00eancia e precis\u00e3o<\/h3>\n<p data-start=\"1602\" data-end=\"1956\">A parceria entre a VETUS, a Cummins e a Glendinning estabelece um novo padr\u00e3o no controlo mar\u00edtimo integrado. Ao combinar a pot\u00eancia dos motores internos Cummins com a tecnologia ProPilot da Glendinning e os propulsores de proa VETUS BOW PRO, o resultado \u00e9 uma solu\u00e7\u00e3o robusta e preparada para o futuro para navegadores que exigem fiabilidade e precis\u00e3o.<\/p>\n<ul data-start=\"1958\" data-end=\"2432\">\n<li data-start=\"1958\" data-end=\"2083\">\n<p data-start=\"1960\" data-end=\"2083\">Funciona perfeitamente com toda a fam\u00edlia BOW PRO, garantindo ampla compatibilidade para diferentes tipos de embarca\u00e7\u00f5es.<\/p>\n<\/li>\n<li data-start=\"2084\" data-end=\"2196\">\n<p data-start=\"2086\" data-end=\"2196\">Instala\u00e7\u00e3o simples, com liga\u00e7\u00e3o direta aos controlos de leme Cummins existentes atrav\u00e9s da rede VETUS V-CAN.<\/p>\n<\/li>\n<li data-start=\"2197\" data-end=\"2309\">\n<p data-start=\"2199\" data-end=\"2309\">Desempenho personalizado, com balanceamento espec\u00edfico da embarca\u00e7\u00e3o atrav\u00e9s de um programa simples para PC.<\/p>\n<\/li>\n<li data-start=\"2310\" data-end=\"2432\">\n<p data-start=\"2312\" data-end=\"2432\">Apoiado por d\u00e9cadas de experi\u00eancia em engenharia mar\u00edtima e por uma extensa rede global de assist\u00eancia e distribuidores.<\/p>\n<\/li>\n<\/ul>\n                    \t\t\t\t\t\n                                    <\/div>\n            <\/div>\n        <\/div>\n    <\/div>\n<\/section><\/section>\n\n\n<section class=\"section  \">\n    \n\n<section id=\"section-text-block-block_c1ced666f3f5dc7f0462031ed61716fd\" class=\"section text-block \">\n                    <div class=\"section section__body\">\n            <div class=\"text-block\">\n                <div class=\"container\">\n                    <div class=\"row\">\n                        <div class=\"col-lg-8 offset-lg-2\">\n                                                            <div class=\"section__content single__content hentry\">\n                                    <h3 data-start=\"2439\" data-end=\"2499\">Leve a sua experi\u00eancia de atraca\u00e7\u00e3o para o pr\u00f3ximo n\u00edvel<\/h3>\n<p data-start=\"2501\" data-end=\"2770\">Com a VETUS, a Cummins Marine e a Glendinning a trabalhar em conjunto, manobrar torna-se algo natural. Esta poderosa integra\u00e7\u00e3o combina fiabilidade, controlo avan\u00e7ado e desempenho suave, transformando cada situa\u00e7\u00e3o de atraca\u00e7\u00e3o numa experi\u00eancia confiante e sem esfor\u00e7o.<\/p>\n                                <\/div>\n                            \n                                                            <div class=\"section__actions text-block__actions actions\">\n                                    <div class=\"btn-group d-flex flex-wrap justify-content-center\">\n                                                                                    <a href=\"https:\/\/vetus.com\/pt-pt\/propulsores-bow-pro\/\" class=\"btn btn-primary\" title=\"\" target=\"_blank\">\n                                                <span>Descubra os nossos propulsores de proa BOW PRO<\/span>\n                                            <\/a>\n                                        \n                                                                            <\/div>\n                                <\/div>\n                                                    <\/div>\n                    <\/div>\n                <\/div>\n            <\/div>\n        <\/div>\n    <\/section><\/section>","protected":false},"excerpt":{"rendered":"","protected":false},"author":20,"featured_media":0,"parent":0,"menu_order":0,"comment_status":"closed","ping_status":"closed","template":"tpl-blog-large-header.php","meta":{"_acf_changed":false,"footnotes":""},"class_list":["post-115642","page","type-page","status-publish","hentry"],"acf":{"image":{"ID":115612,"id":115612,"title":"ProPilot-Lifestyle-002","filename":"ProPilot-Lifestyle-002.jpg","filesize":71618,"url":"https:\/\/vetus.com\/wp-content\/uploads\/ProPilot-Lifestyle-002.jpg","link":"https:\/\/vetus.com\/pt-pt\/integracao-propulsor-proa-bow-pro-com-motores-internos-cummins-e-glendinning\/propilot-lifestyle-002-2\/","alt":"","author":"20","description":"","caption":"","name":"propilot-lifestyle-002-2","status":"inherit","uploaded_to":115642,"date":"2025-10-03 06:51:22","modified":"2025-10-03 06:51:22","menu_order":0,"mime_type":"image\/jpeg","type":"image","subtype":"jpeg","icon":"https:\/\/vetus.com\/wp-includes\/images\/media\/default.png","width":798,"height":536,"sizes":{"thumbnail":"https:\/\/vetus.com\/wp-content\/uploads\/ProPilot-Lifestyle-002-150x150.jpg","thumbnail-width":150,"thumbnail-height":150,"medium":"https:\/\/vetus.com\/wp-content\/uploads\/ProPilot-Lifestyle-002-300x202.jpg","medium-width":300,"medium-height":202,"medium_large":"https:\/\/vetus.com\/wp-content\/uploads\/ProPilot-Lifestyle-002-768x516.jpg","medium_large-width":768,"medium_large-height":516,"large":"https:\/\/vetus.com\/wp-content\/uploads\/ProPilot-Lifestyle-002.jpg","large-width":798,"large-height":536,"1536x1536":"https:\/\/vetus.com\/wp-content\/uploads\/ProPilot-Lifestyle-002.jpg","1536x1536-width":798,"1536x1536-height":536,"2048x2048":"https:\/\/vetus.com\/wp-content\/uploads\/ProPilot-Lifestyle-002.jpg","2048x2048-width":798,"2048x2048-height":536,"210w":"https:\/\/vetus.com\/wp-content\/uploads\/ProPilot-Lifestyle-002-210x141.jpg","210w-width":210,"210w-height":141,"330w":"https:\/\/vetus.com\/wp-content\/uploads\/ProPilot-Lifestyle-002-330x222.jpg","330w-width":330,"330w-height":222,"431w":"https:\/\/vetus.com\/wp-content\/uploads\/ProPilot-Lifestyle-002-431x289.jpg","431w-width":431,"431w-height":289,"507w":"https:\/\/vetus.com\/wp-content\/uploads\/ProPilot-Lifestyle-002-507x341.jpg","507w-width":507,"507w-height":341,"530w":"https:\/\/vetus.com\/wp-content\/uploads\/ProPilot-Lifestyle-002-530x356.jpg","530w-width":530,"530w-height":356,"690w":"https:\/\/vetus.com\/wp-content\/uploads\/ProPilot-Lifestyle-002-690x463.jpg","690w-width":690,"690w-height":463,"930w":"https:\/\/vetus.com\/wp-content\/uploads\/ProPilot-Lifestyle-002.jpg","930w-width":798,"930w-height":536,"1170w":"https:\/\/vetus.com\/wp-content\/uploads\/ProPilot-Lifestyle-002.jpg","1170w-width":798,"1170w-height":536,"gform-image-choice-sm":"https:\/\/vetus.com\/wp-content\/uploads\/ProPilot-Lifestyle-002.jpg","gform-image-choice-sm-width":300,"gform-image-choice-sm-height":202,"gform-image-choice-md":"https:\/\/vetus.com\/wp-content\/uploads\/ProPilot-Lifestyle-002.jpg","gform-image-choice-md-width":400,"gform-image-choice-md-height":269,"gform-image-choice-lg":"https:\/\/vetus.com\/wp-content\/uploads\/ProPilot-Lifestyle-002.jpg","gform-image-choice-lg-width":600,"gform-image-choice-lg-height":403}},"introduction":"","person":false,"title":"Pot\u00eancia cont\u00ednua para atraca\u00e7\u00e3o sem esfor\u00e7o"},"yoast_head":"<!-- This site is optimized with the Yoast SEO Premium plugin v27.3 (Yoast SEO v27.3) - https:\/\/yoast.com\/product\/yoast-seo-premium-wordpress\/ -->\n<title>Integra\u00e7\u00e3o do propulsor de proa BOW PRO com motores internos Cummins e joystick Glendinning ProPilot - VETUS<\/title>\n<meta name=\"description\" content=\"Para melhorar a experi\u00eancia de atraca\u00e7\u00e3o para ainda mais navegadores, a VETUS estabeleceu uma parceria com a Cummins Marine e a Glendinning...\" \/>\n<meta name=\"robots\" content=\"index, follow, max-snippet:-1, max-image-preview:large, max-video-preview:-1\" \/>\n<link rel=\"canonical\" href=\"https:\/\/vetus.com\/pt-pt\/integracao-propulsor-proa-bow-pro-com-motores-internos-cummins-e-glendinning\/\" \/>\n<meta property=\"og:locale\" content=\"pt_PT\" \/>\n<meta property=\"og:type\" content=\"article\" \/>\n<meta property=\"og:title\" content=\"Integra\u00e7\u00e3o do propulsor de proa BOW PRO com motores internos Cummins e joystick Glendinning ProPilot\" \/>\n<meta property=\"og:description\" content=\"Para melhorar a experi\u00eancia de atraca\u00e7\u00e3o para ainda mais navegadores, a VETUS estabeleceu uma parceria com a Cummins Marine e a Glendinning...\" \/>\n<meta property=\"og:url\" content=\"https:\/\/vetus.com\/pt-pt\/integracao-propulsor-proa-bow-pro-com-motores-internos-cummins-e-glendinning\/\" \/>\n<meta property=\"og:site_name\" content=\"VETUS\" \/>\n<meta property=\"article:modified_time\" content=\"2026-02-26T10:40:12+00:00\" \/>\n<meta name=\"twitter:card\" content=\"summary_large_image\" \/>\n<meta name=\"twitter:label1\" content=\"Tempo estimado de leitura\" \/>\n\t<meta name=\"twitter:data1\" content=\"3 minutes\" \/>\n<script type=\"application\/ld+json\" class=\"yoast-schema-graph\">{\"@context\":\"https:\\\/\\\/schema.org\",\"@graph\":[{\"@type\":\"WebPage\",\"@id\":\"https:\\\/\\\/vetus.com\\\/pt-pt\\\/integracao-propulsor-proa-bow-pro-com-motores-internos-cummins-e-glendinning\\\/\",\"url\":\"https:\\\/\\\/vetus.com\\\/pt-pt\\\/integracao-propulsor-proa-bow-pro-com-motores-internos-cummins-e-glendinning\\\/\",\"name\":\"Integra\u00e7\u00e3o do propulsor de proa BOW PRO com motores internos Cummins e joystick Glendinning ProPilot - VETUS\",\"isPartOf\":{\"@id\":\"https:\\\/\\\/vetus.com\\\/pt-pt\\\/#website\"},\"datePublished\":\"2025-10-02T08:54:36+00:00\",\"dateModified\":\"2026-02-26T10:40:12+00:00\",\"description\":\"Para melhorar a experi\u00eancia de atraca\u00e7\u00e3o para ainda mais navegadores, a VETUS estabeleceu uma parceria com a Cummins Marine e a Glendinning...\",\"breadcrumb\":{\"@id\":\"https:\\\/\\\/vetus.com\\\/pt-pt\\\/integracao-propulsor-proa-bow-pro-com-motores-internos-cummins-e-glendinning\\\/#breadcrumb\"},\"inLanguage\":\"pt-PT\",\"potentialAction\":[{\"@type\":\"ReadAction\",\"target\":[\"https:\\\/\\\/vetus.com\\\/pt-pt\\\/integracao-propulsor-proa-bow-pro-com-motores-internos-cummins-e-glendinning\\\/\"]}]},{\"@type\":\"BreadcrumbList\",\"@id\":\"https:\\\/\\\/vetus.com\\\/pt-pt\\\/integracao-propulsor-proa-bow-pro-com-motores-internos-cummins-e-glendinning\\\/#breadcrumb\",\"itemListElement\":[{\"@type\":\"ListItem\",\"position\":1,\"name\":\"Home\",\"item\":\"https:\\\/\\\/vetus.com\\\/pt-pt\\\/\"},{\"@type\":\"ListItem\",\"position\":2,\"name\":\"Integra\u00e7\u00e3o do propulsor de proa BOW PRO com motores internos Cummins e joystick Glendinning ProPilot\"}]},{\"@type\":\"WebSite\",\"@id\":\"https:\\\/\\\/vetus.com\\\/pt-pt\\\/#website\",\"url\":\"https:\\\/\\\/vetus.com\\\/pt-pt\\\/\",\"name\":\"VETUS\",\"description\":\"\",\"potentialAction\":[{\"@type\":\"SearchAction\",\"target\":{\"@type\":\"EntryPoint\",\"urlTemplate\":\"https:\\\/\\\/vetus.com\\\/pt-pt\\\/?s={search_term_string}\"},\"query-input\":{\"@type\":\"PropertyValueSpecification\",\"valueRequired\":true,\"valueName\":\"search_term_string\"}}],\"inLanguage\":\"pt-PT\"}]}<\/script>\n<!-- \/ Yoast SEO Premium plugin. -->","yoast_head_json":{"title":"Integra\u00e7\u00e3o do propulsor de proa BOW PRO com motores internos Cummins e joystick Glendinning ProPilot - VETUS","description":"Para melhorar a experi\u00eancia de atraca\u00e7\u00e3o para ainda mais navegadores, a VETUS estabeleceu uma parceria com a Cummins Marine e a Glendinning...","robots":{"index":"index","follow":"follow","max-snippet":"max-snippet:-1","max-image-preview":"max-image-preview:large","max-video-preview":"max-video-preview:-1"},"canonical":"https:\/\/vetus.com\/pt-pt\/integracao-propulsor-proa-bow-pro-com-motores-internos-cummins-e-glendinning\/","og_locale":"pt_PT","og_type":"article","og_title":"Integra\u00e7\u00e3o do propulsor de proa BOW PRO com motores internos Cummins e joystick Glendinning ProPilot","og_description":"Para melhorar a experi\u00eancia de atraca\u00e7\u00e3o para ainda mais navegadores, a VETUS estabeleceu uma parceria com a Cummins Marine e a Glendinning...","og_url":"https:\/\/vetus.com\/pt-pt\/integracao-propulsor-proa-bow-pro-com-motores-internos-cummins-e-glendinning\/","og_site_name":"VETUS","article_modified_time":"2026-02-26T10:40:12+00:00","twitter_card":"summary_large_image","twitter_misc":{"Tempo estimado de leitura":"3 minutes"},"schema":{"@context":"https:\/\/schema.org","@graph":[{"@type":"WebPage","@id":"https:\/\/vetus.com\/pt-pt\/integracao-propulsor-proa-bow-pro-com-motores-internos-cummins-e-glendinning\/","url":"https:\/\/vetus.com\/pt-pt\/integracao-propulsor-proa-bow-pro-com-motores-internos-cummins-e-glendinning\/","name":"Integra\u00e7\u00e3o do propulsor de proa BOW PRO com motores internos Cummins e joystick Glendinning ProPilot - VETUS","isPartOf":{"@id":"https:\/\/vetus.com\/pt-pt\/#website"},"datePublished":"2025-10-02T08:54:36+00:00","dateModified":"2026-02-26T10:40:12+00:00","description":"Para melhorar a experi\u00eancia de atraca\u00e7\u00e3o para ainda mais navegadores, a VETUS estabeleceu uma parceria com a Cummins Marine e a Glendinning...","breadcrumb":{"@id":"https:\/\/vetus.com\/pt-pt\/integracao-propulsor-proa-bow-pro-com-motores-internos-cummins-e-glendinning\/#breadcrumb"},"inLanguage":"pt-PT","potentialAction":[{"@type":"ReadAction","target":["https:\/\/vetus.com\/pt-pt\/integracao-propulsor-proa-bow-pro-com-motores-internos-cummins-e-glendinning\/"]}]},{"@type":"BreadcrumbList","@id":"https:\/\/vetus.com\/pt-pt\/integracao-propulsor-proa-bow-pro-com-motores-internos-cummins-e-glendinning\/#breadcrumb","itemListElement":[{"@type":"ListItem","position":1,"name":"Home","item":"https:\/\/vetus.com\/pt-pt\/"},{"@type":"ListItem","position":2,"name":"Integra\u00e7\u00e3o do propulsor de proa BOW PRO com motores internos Cummins e joystick Glendinning ProPilot"}]},{"@type":"WebSite","@id":"https:\/\/vetus.com\/pt-pt\/#website","url":"https:\/\/vetus.com\/pt-pt\/","name":"VETUS","description":"","potentialAction":[{"@type":"SearchAction","target":{"@type":"EntryPoint","urlTemplate":"https:\/\/vetus.com\/pt-pt\/?s={search_term_string}"},"query-input":{"@type":"PropertyValueSpecification","valueRequired":true,"valueName":"search_term_string"}}],"inLanguage":"pt-PT"}]}},"_links":{"self":[{"href":"https:\/\/vetus.com\/pt-pt\/wp-json\/wp\/v2\/pages\/115642","targetHints":{"allow":["GET"]}}],"collection":[{"href":"https:\/\/vetus.com\/pt-pt\/wp-json\/wp\/v2\/pages"}],"about":[{"href":"https:\/\/vetus.com\/pt-pt\/wp-json\/wp\/v2\/types\/page"}],"author":[{"embeddable":true,"href":"https:\/\/vetus.com\/pt-pt\/wp-json\/wp\/v2\/users\/20"}],"replies":[{"embeddable":true,"href":"https:\/\/vetus.com\/pt-pt\/wp-json\/wp\/v2\/comments?post=115642"}],"version-history":[{"count":5,"href":"https:\/\/vetus.com\/pt-pt\/wp-json\/wp\/v2\/pages\/115642\/revisions"}],"predecessor-version":[{"id":122700,"href":"https:\/\/vetus.com\/pt-pt\/wp-json\/wp\/v2\/pages\/115642\/revisions\/122700"}],"wp:attachment":[{"href":"https:\/\/vetus.com\/pt-pt\/wp-json\/wp\/v2\/media?parent=115642"}],"curies":[{"name":"wp","href":"https:\/\/api.w.org\/{rel}","templated":true}]}}