{"id":114703,"date":"2025-09-26T11:57:23","date_gmt":"2025-09-26T09:57:23","guid":{"rendered":"https:\/\/vetus.com\/?page_id=114703"},"modified":"2026-03-27T16:53:22","modified_gmt":"2026-03-27T14:53:22","slug":"transforme-o-seu-barco-eleve-a-sua-experiencia","status":"publish","type":"page","link":"https:\/\/vetus.com\/pt-pt\/campanhas-vetus\/transforme-o-seu-barco-eleve-a-sua-experiencia\/","title":{"rendered":"Transforme o seu barco, eleve a sua experi\u00eancia"},"content":{"rendered":"\n<section class=\"section  \">\n    <\/section>\n\n<section class=\"section section--colored bg-light content-blocks bg-light   \">\n    \n<section id=\"content-block-1-block_9f6f501eb95bbf2b9fb3f7b6a8e4da01\" class=\"section content-block content-block--image \">\n    <div class=\"container\">\n        <div class=\"row d-flex align-items-center\">\n\n            <div class=\"col-md-6 col-lg-7\">\n                                    <div class=\"content-block__visuals\">\n                        <div class=\"content-block__media media--clipped media ratio\">\n                            <div class=\"media__wrapper\">\n                                <img decoding=\"async\" width=\"690\" height=\"460\" src=\"https:\/\/vetus.com\/wp-content\/uploads\/shutterstock_2401418951-690x460.jpg\" class=\"media__source img-fit\" alt=\"Marine diesel engine\" srcset=\"https:\/\/vetus.com\/wp-content\/uploads\/shutterstock_2401418951-690x460.jpg 690w, https:\/\/vetus.com\/wp-content\/uploads\/shutterstock_2401418951-300x200.jpg 300w, https:\/\/vetus.com\/wp-content\/uploads\/shutterstock_2401418951-768x512.jpg 768w, https:\/\/vetus.com\/wp-content\/uploads\/shutterstock_2401418951-210x140.jpg 210w, https:\/\/vetus.com\/wp-content\/uploads\/shutterstock_2401418951-330x220.jpg 330w, https:\/\/vetus.com\/wp-content\/uploads\/shutterstock_2401418951-431x287.jpg 431w, https:\/\/vetus.com\/wp-content\/uploads\/shutterstock_2401418951-507x338.jpg 507w, https:\/\/vetus.com\/wp-content\/uploads\/shutterstock_2401418951-530x353.jpg 530w, https:\/\/vetus.com\/wp-content\/uploads\/shutterstock_2401418951-930x620.jpg 930w, https:\/\/vetus.com\/wp-content\/uploads\/shutterstock_2401418951-1170x780.jpg 1170w\" sizes=\"auto, (max-width: 575.98px) 431px, (max-width: 767.98px) 530px, (max-width: 991.98px) 330px, (max-width: 1279.98px) 530px, (max-width: 1899.98px) 690px, 930px\" loading=\"lazy\" \/>                            <\/div>\n                        <\/div>\n                    <\/div>\n                            <\/div>\n\n            <div class=\"col-md-6 col-lg-4 offset-lg-1\">\n                <div class=\"content-block__body\">\n                    \n                    \n                                            <h3>Upgrade your boat life<\/h3>\n<p data-start=\"369\" data-end=\"735\">With <strong><a href=\"https:\/\/webshop.vetus.com\/en\/products\/thruster-systems\/bow-and-stern-thrusters\" target=\"_blank\" rel=\"noopener\">bow thrusters<\/a><\/strong>, <strong><a href=\"https:\/\/webshop.vetus.com\/en\/products\/exhaust-systems\" target=\"_blank\" rel=\"noopener\">exhaust systems<\/a><\/strong>, <strong><a href=\"https:\/\/webshop.vetus.com\/en\/products\/fresh-water-systems\" target=\"_blank\" rel=\"noopener\">water<\/a><\/strong> and <strong><a href=\"https:\/\/webshop.vetus.com\/en\/products\/waste-water-systems\" target=\"_blank\" rel=\"noopener\">sanitation<\/a><\/strong> solutions, and <strong><a href=\"https:\/\/webshop.vetus.com\/en\/products\/boat-windows\" target=\"_blank\" rel=\"noopener\">hatches &amp; portlights<\/a><\/strong>, VETUS upgrades transform every trip into a smoother, quieter, and more comfortable experience. From Barcelona to Fort Lauderdale, Amsterdam to Annapolis, VETUS technology helps boaters worldwide enjoy more time on the water with confidence and ease of maintenance.<\/p>\n<p data-start=\"737\" data-end=\"1166\">gvhygf<\/p>\n                    \t\t\t\t\t\n                                            <div class=\"content-block__actions actions\">\n                            <div class=\"btn-group d-flex flex-wrap justify-content-center justify-content-md-start\">\n                                <a href=\"https:\/\/vetus.com\/upgrade-request-form\/\" class=\"btn btn-sm btn-empty btn-empty-primary\" title=\"\" target=\"\">\n                                    <span>Request advise<\/span>\n                                    <i class=\"icon icon-keyboard_arrow_right\"><\/i>\n                                <\/a>\n\n                                <!-- <a href=\"#\" class=\"btn btn-sm btn-empty btn-empty-primary\" title=\"\">\n                                    <span>Watch video<\/span>\n                                    <i class=\"icon icon-play_circle_outline\"><\/i>\n                                <\/a> -->\n                                <!-- <a href=\"#\" class=\"btn btn-sm btn-empty btn-empty-primary\" title=\"\">\n                                    <span>Innovation<\/span>\n                                    <i class=\"icon icon-keyboard_arrow_right\"><\/i>\n                                <\/a> -->\n                            <\/div>\n                        <\/div>\n                                    <\/div>\n            <\/div>\n        <\/div>\n    <\/div>\n<\/section><\/section>\n\n\n<section class=\"section  \">\n    <\/section>","protected":false},"excerpt":{"rendered":"","protected":false},"author":25,"featured_media":117002,"parent":32274,"menu_order":0,"comment_status":"closed","ping_status":"closed","template":"tpl-video.php","meta":{"_acf_changed":false,"footnotes":""},"class_list":["post-114703","page","type-page","status-publish","has-post-thumbnail","hentry"],"acf":{"background_image":{"ID":117002,"id":117002,"title":"shutterstock_2139743477_1","filename":"shutterstock_2139743477_1-scaled.png","filesize":840777,"url":"https:\/\/vetus.com\/wp-content\/uploads\/shutterstock_2139743477_1-scaled.png","link":"https:\/\/vetus.com\/pt-pt\/campanhas-vetus\/transforme-o-seu-barco-eleve-a-sua-experiencia\/shutterstock_2139743477_1-2\/","alt":"","author":"25","description":"","caption":"","name":"shutterstock_2139743477_1-2","status":"inherit","uploaded_to":114703,"date":"2025-11-05 16:23:30","modified":"2025-11-05 16:23:30","menu_order":0,"mime_type":"image\/png","type":"image","subtype":"png","icon":"https:\/\/vetus.com\/wp-includes\/images\/media\/default.png","width":2560,"height":1275,"sizes":{"thumbnail":"https:\/\/vetus.com\/wp-content\/uploads\/shutterstock_2139743477_1-150x150.png","thumbnail-width":150,"thumbnail-height":150,"medium":"https:\/\/vetus.com\/wp-content\/uploads\/shutterstock_2139743477_1-300x149.png","medium-width":300,"medium-height":149,"medium_large":"https:\/\/vetus.com\/wp-content\/uploads\/shutterstock_2139743477_1-768x383.png","medium_large-width":768,"medium_large-height":383,"large":"https:\/\/vetus.com\/wp-content\/uploads\/shutterstock_2139743477_1-scaled.png","large-width":1024,"large-height":510,"1536x1536":"https:\/\/vetus.com\/wp-content\/uploads\/shutterstock_2139743477_1-scaled.png","1536x1536-width":1536,"1536x1536-height":765,"2048x2048":"https:\/\/vetus.com\/wp-content\/uploads\/shutterstock_2139743477_1-scaled.png","2048x2048-width":2048,"2048x2048-height":1020,"210w":"https:\/\/vetus.com\/wp-content\/uploads\/shutterstock_2139743477_1-210x105.png","210w-width":210,"210w-height":105,"330w":"https:\/\/vetus.com\/wp-content\/uploads\/shutterstock_2139743477_1-330x164.png","330w-width":330,"330w-height":164,"431w":"https:\/\/vetus.com\/wp-content\/uploads\/shutterstock_2139743477_1-431x215.png","431w-width":431,"431w-height":215,"507w":"https:\/\/vetus.com\/wp-content\/uploads\/shutterstock_2139743477_1-507x253.png","507w-width":507,"507w-height":253,"530w":"https:\/\/vetus.com\/wp-content\/uploads\/shutterstock_2139743477_1-530x264.png","530w-width":530,"530w-height":264,"690w":"https:\/\/vetus.com\/wp-content\/uploads\/shutterstock_2139743477_1-690x344.png","690w-width":690,"690w-height":344,"930w":"https:\/\/vetus.com\/wp-content\/uploads\/shutterstock_2139743477_1-930x463.png","930w-width":930,"930w-height":463,"1170w":"https:\/\/vetus.com\/wp-content\/uploads\/shutterstock_2139743477_1-1170x583.png","1170w-width":1170,"1170w-height":583,"gform-image-choice-sm":"https:\/\/vetus.com\/wp-content\/uploads\/shutterstock_2139743477_1-scaled.png","gform-image-choice-sm-width":300,"gform-image-choice-sm-height":149,"gform-image-choice-md":"https:\/\/vetus.com\/wp-content\/uploads\/shutterstock_2139743477_1-scaled.png","gform-image-choice-md-width":400,"gform-image-choice-md-height":199,"gform-image-choice-lg":"https:\/\/vetus.com\/wp-content\/uploads\/shutterstock_2139743477_1-scaled.png","gform-image-choice-lg-width":600,"gform-image-choice-lg-height":299}},"intro":"Quer pretenda repotenciar o seu barco, manter um sistema ou atualiz\u00e1-lo, a VETUS tem a solu\u00e7\u00e3o certa. Entre em contacto connosco para mais informa\u00e7\u00f5es ou encontre-nos em feiras n\u00e1uticas internacionais por todo o mundo.","subtitle":"","title":"Transforme o seu barco, eleve a sua experi\u00eancia","video":false,"video_type":"File","button":"","button_secondary":"","introduction":"","person":false},"yoast_head":"<!-- This site is optimized with the Yoast SEO Premium plugin v27.3 (Yoast SEO v27.3) - https:\/\/yoast.com\/product\/yoast-seo-premium-wordpress\/ -->\n<title>Transforme o seu barco, eleve a sua experi\u00eancia<\/title>\n<meta name=\"description\" content=\"Mais conforto, controlo sem esfor\u00e7o e energia sustent\u00e1vel. Desde um motor diesel mar\u00edtimo silencioso at\u00e9 \u00e0 conectividade inteligente ...\" \/>\n<meta name=\"robots\" content=\"index, follow, max-snippet:-1, max-image-preview:large, max-video-preview:-1\" \/>\n<link rel=\"canonical\" href=\"https:\/\/vetus.com\/pt-pt\/campanhas-vetus\/transforme-o-seu-barco-eleve-a-sua-experiencia\/\" \/>\n<meta property=\"og:locale\" content=\"pt_PT\" \/>\n<meta property=\"og:type\" content=\"article\" \/>\n<meta property=\"og:title\" content=\"Transforme o seu barco, eleve a sua experi\u00eancia\" \/>\n<meta property=\"og:description\" content=\"Mais conforto, controlo sem esfor\u00e7o e energia sustent\u00e1vel. Desde um motor diesel mar\u00edtimo silencioso at\u00e9 \u00e0 conectividade inteligente ...\" \/>\n<meta property=\"og:url\" content=\"https:\/\/vetus.com\/pt-pt\/campanhas-vetus\/transforme-o-seu-barco-eleve-a-sua-experiencia\/\" \/>\n<meta property=\"og:site_name\" content=\"VETUS\" \/>\n<meta property=\"article:modified_time\" content=\"2026-03-27T14:53:22+00:00\" \/>\n<meta property=\"og:image\" content=\"https:\/\/vetus.com\/wp-content\/uploads\/shutterstock_2139743477_1-scaled.png\" \/>\n\t<meta property=\"og:image:width\" content=\"2560\" \/>\n\t<meta property=\"og:image:height\" content=\"1275\" \/>\n\t<meta property=\"og:image:type\" content=\"image\/png\" \/>\n<meta name=\"twitter:card\" content=\"summary_large_image\" \/>\n<meta name=\"twitter:label1\" content=\"Tempo estimado de leitura\" \/>\n\t<meta name=\"twitter:data1\" content=\"1 minute\" \/>\n<script type=\"application\/ld+json\" class=\"yoast-schema-graph\">{\"@context\":\"https:\\\/\\\/schema.org\",\"@graph\":[{\"@type\":\"WebPage\",\"@id\":\"https:\\\/\\\/vetus.com\\\/pt-pt\\\/campanhas-vetus\\\/transforme-o-seu-barco-eleve-a-sua-experiencia\\\/\",\"url\":\"https:\\\/\\\/vetus.com\\\/pt-pt\\\/campanhas-vetus\\\/transforme-o-seu-barco-eleve-a-sua-experiencia\\\/\",\"name\":\"Transforme o seu barco, eleve a sua experi\u00eancia\",\"isPartOf\":{\"@id\":\"https:\\\/\\\/vetus.com\\\/pt-pt\\\/#website\"},\"primaryImageOfPage\":{\"@id\":\"https:\\\/\\\/vetus.com\\\/pt-pt\\\/campanhas-vetus\\\/transforme-o-seu-barco-eleve-a-sua-experiencia\\\/#primaryimage\"},\"image\":{\"@id\":\"https:\\\/\\\/vetus.com\\\/pt-pt\\\/campanhas-vetus\\\/transforme-o-seu-barco-eleve-a-sua-experiencia\\\/#primaryimage\"},\"thumbnailUrl\":\"https:\\\/\\\/vetus.com\\\/wp-content\\\/uploads\\\/shutterstock_2139743477_1-scaled.png\",\"datePublished\":\"2025-09-26T09:57:23+00:00\",\"dateModified\":\"2026-03-27T14:53:22+00:00\",\"description\":\"Mais conforto, controlo sem esfor\u00e7o e energia sustent\u00e1vel. Desde um motor diesel mar\u00edtimo silencioso at\u00e9 \u00e0 conectividade inteligente ...\",\"breadcrumb\":{\"@id\":\"https:\\\/\\\/vetus.com\\\/pt-pt\\\/campanhas-vetus\\\/transforme-o-seu-barco-eleve-a-sua-experiencia\\\/#breadcrumb\"},\"inLanguage\":\"pt-PT\",\"potentialAction\":[{\"@type\":\"ReadAction\",\"target\":[\"https:\\\/\\\/vetus.com\\\/pt-pt\\\/campanhas-vetus\\\/transforme-o-seu-barco-eleve-a-sua-experiencia\\\/\"]}]},{\"@type\":\"ImageObject\",\"inLanguage\":\"pt-PT\",\"@id\":\"https:\\\/\\\/vetus.com\\\/pt-pt\\\/campanhas-vetus\\\/transforme-o-seu-barco-eleve-a-sua-experiencia\\\/#primaryimage\",\"url\":\"https:\\\/\\\/vetus.com\\\/wp-content\\\/uploads\\\/shutterstock_2139743477_1-scaled.png\",\"contentUrl\":\"https:\\\/\\\/vetus.com\\\/wp-content\\\/uploads\\\/shutterstock_2139743477_1-scaled.png\",\"width\":2560,\"height\":1275},{\"@type\":\"BreadcrumbList\",\"@id\":\"https:\\\/\\\/vetus.com\\\/pt-pt\\\/campanhas-vetus\\\/transforme-o-seu-barco-eleve-a-sua-experiencia\\\/#breadcrumb\",\"itemListElement\":[{\"@type\":\"ListItem\",\"position\":1,\"name\":\"Home\",\"item\":\"https:\\\/\\\/vetus.com\\\/pt-pt\\\/\"},{\"@type\":\"ListItem\",\"position\":2,\"name\":\"Campanhas VETUS\",\"item\":\"https:\\\/\\\/vetus.com\\\/pt-pt\\\/campanhas-vetus\\\/\"},{\"@type\":\"ListItem\",\"position\":3,\"name\":\"Transforme o seu barco, eleve a sua experi\u00eancia\"}]},{\"@type\":\"WebSite\",\"@id\":\"https:\\\/\\\/vetus.com\\\/pt-pt\\\/#website\",\"url\":\"https:\\\/\\\/vetus.com\\\/pt-pt\\\/\",\"name\":\"VETUS\",\"description\":\"\",\"potentialAction\":[{\"@type\":\"SearchAction\",\"target\":{\"@type\":\"EntryPoint\",\"urlTemplate\":\"https:\\\/\\\/vetus.com\\\/pt-pt\\\/?s={search_term_string}\"},\"query-input\":{\"@type\":\"PropertyValueSpecification\",\"valueRequired\":true,\"valueName\":\"search_term_string\"}}],\"inLanguage\":\"pt-PT\"}]}<\/script>\n<!-- \/ Yoast SEO Premium plugin. -->","yoast_head_json":{"title":"Transforme o seu barco, eleve a sua experi\u00eancia","description":"Mais conforto, controlo sem esfor\u00e7o e energia sustent\u00e1vel. Desde um motor diesel mar\u00edtimo silencioso at\u00e9 \u00e0 conectividade inteligente ...","robots":{"index":"index","follow":"follow","max-snippet":"max-snippet:-1","max-image-preview":"max-image-preview:large","max-video-preview":"max-video-preview:-1"},"canonical":"https:\/\/vetus.com\/pt-pt\/campanhas-vetus\/transforme-o-seu-barco-eleve-a-sua-experiencia\/","og_locale":"pt_PT","og_type":"article","og_title":"Transforme o seu barco, eleve a sua experi\u00eancia","og_description":"Mais conforto, controlo sem esfor\u00e7o e energia sustent\u00e1vel. Desde um motor diesel mar\u00edtimo silencioso at\u00e9 \u00e0 conectividade inteligente ...","og_url":"https:\/\/vetus.com\/pt-pt\/campanhas-vetus\/transforme-o-seu-barco-eleve-a-sua-experiencia\/","og_site_name":"VETUS","article_modified_time":"2026-03-27T14:53:22+00:00","og_image":[{"width":2560,"height":1275,"url":"https:\/\/vetus.com\/wp-content\/uploads\/shutterstock_2139743477_1-scaled.png","type":"image\/png"}],"twitter_card":"summary_large_image","twitter_misc":{"Tempo estimado de leitura":"1 minute"},"schema":{"@context":"https:\/\/schema.org","@graph":[{"@type":"WebPage","@id":"https:\/\/vetus.com\/pt-pt\/campanhas-vetus\/transforme-o-seu-barco-eleve-a-sua-experiencia\/","url":"https:\/\/vetus.com\/pt-pt\/campanhas-vetus\/transforme-o-seu-barco-eleve-a-sua-experiencia\/","name":"Transforme o seu barco, eleve a sua experi\u00eancia","isPartOf":{"@id":"https:\/\/vetus.com\/pt-pt\/#website"},"primaryImageOfPage":{"@id":"https:\/\/vetus.com\/pt-pt\/campanhas-vetus\/transforme-o-seu-barco-eleve-a-sua-experiencia\/#primaryimage"},"image":{"@id":"https:\/\/vetus.com\/pt-pt\/campanhas-vetus\/transforme-o-seu-barco-eleve-a-sua-experiencia\/#primaryimage"},"thumbnailUrl":"https:\/\/vetus.com\/wp-content\/uploads\/shutterstock_2139743477_1-scaled.png","datePublished":"2025-09-26T09:57:23+00:00","dateModified":"2026-03-27T14:53:22+00:00","description":"Mais conforto, controlo sem esfor\u00e7o e energia sustent\u00e1vel. Desde um motor diesel mar\u00edtimo silencioso at\u00e9 \u00e0 conectividade inteligente ...","breadcrumb":{"@id":"https:\/\/vetus.com\/pt-pt\/campanhas-vetus\/transforme-o-seu-barco-eleve-a-sua-experiencia\/#breadcrumb"},"inLanguage":"pt-PT","potentialAction":[{"@type":"ReadAction","target":["https:\/\/vetus.com\/pt-pt\/campanhas-vetus\/transforme-o-seu-barco-eleve-a-sua-experiencia\/"]}]},{"@type":"ImageObject","inLanguage":"pt-PT","@id":"https:\/\/vetus.com\/pt-pt\/campanhas-vetus\/transforme-o-seu-barco-eleve-a-sua-experiencia\/#primaryimage","url":"https:\/\/vetus.com\/wp-content\/uploads\/shutterstock_2139743477_1-scaled.png","contentUrl":"https:\/\/vetus.com\/wp-content\/uploads\/shutterstock_2139743477_1-scaled.png","width":2560,"height":1275},{"@type":"BreadcrumbList","@id":"https:\/\/vetus.com\/pt-pt\/campanhas-vetus\/transforme-o-seu-barco-eleve-a-sua-experiencia\/#breadcrumb","itemListElement":[{"@type":"ListItem","position":1,"name":"Home","item":"https:\/\/vetus.com\/pt-pt\/"},{"@type":"ListItem","position":2,"name":"Campanhas VETUS","item":"https:\/\/vetus.com\/pt-pt\/campanhas-vetus\/"},{"@type":"ListItem","position":3,"name":"Transforme o seu barco, eleve a sua experi\u00eancia"}]},{"@type":"WebSite","@id":"https:\/\/vetus.com\/pt-pt\/#website","url":"https:\/\/vetus.com\/pt-pt\/","name":"VETUS","description":"","potentialAction":[{"@type":"SearchAction","target":{"@type":"EntryPoint","urlTemplate":"https:\/\/vetus.com\/pt-pt\/?s={search_term_string}"},"query-input":{"@type":"PropertyValueSpecification","valueRequired":true,"valueName":"search_term_string"}}],"inLanguage":"pt-PT"}]}},"_links":{"self":[{"href":"https:\/\/vetus.com\/pt-pt\/wp-json\/wp\/v2\/pages\/114703","targetHints":{"allow":["GET"]}}],"collection":[{"href":"https:\/\/vetus.com\/pt-pt\/wp-json\/wp\/v2\/pages"}],"about":[{"href":"https:\/\/vetus.com\/pt-pt\/wp-json\/wp\/v2\/types\/page"}],"author":[{"embeddable":true,"href":"https:\/\/vetus.com\/pt-pt\/wp-json\/wp\/v2\/users\/25"}],"replies":[{"embeddable":true,"href":"https:\/\/vetus.com\/pt-pt\/wp-json\/wp\/v2\/comments?post=114703"}],"version-history":[{"count":5,"href":"https:\/\/vetus.com\/pt-pt\/wp-json\/wp\/v2\/pages\/114703\/revisions"}],"predecessor-version":[{"id":117054,"href":"https:\/\/vetus.com\/pt-pt\/wp-json\/wp\/v2\/pages\/114703\/revisions\/117054"}],"up":[{"embeddable":true,"href":"https:\/\/vetus.com\/pt-pt\/wp-json\/wp\/v2\/pages\/32274"}],"wp:featuredmedia":[{"embeddable":true,"href":"https:\/\/vetus.com\/pt-pt\/wp-json\/wp\/v2\/media\/117002"}],"wp:attachment":[{"href":"https:\/\/vetus.com\/pt-pt\/wp-json\/wp\/v2\/media?parent=114703"}],"curies":[{"name":"wp","href":"https:\/\/api.w.org\/{rel}","templated":true}]}}