{"id":106784,"date":"2025-05-14T15:48:07","date_gmt":"2025-05-14T13:48:07","guid":{"rendered":"https:\/\/vetus.com\/campanhas-vetus\/kit-de-remotorisation-vetus-m-line-pour-saildrives-volvo-penta\/"},"modified":"2026-03-27T16:54:41","modified_gmt":"2026-03-27T14:54:41","slug":"kit-de-repotenciacao-vetus-m-line-para-saildrives-volvo-penta","status":"publish","type":"page","link":"https:\/\/vetus.com\/pt-pt\/campanhas-vetus\/kit-de-repotenciacao-vetus-m-line-para-saildrives-volvo-penta\/","title":{"rendered":"Kit de repotencia\u00e7\u00e3o VETUS M-Line para saildrives Volvo Penta"},"content":{"rendered":"\n<section class=\"section  \">\n    \n\n<section id=\"section-text-block-block_fbeaaa846ff182189fdce7fd95032224\" class=\"section text-block \">\n                    <div class=\"section section__body\">\n            <div class=\"text-block\">\n                <div class=\"container\">\n                    <div class=\"row\">\n                        <div class=\"col-lg-8 offset-lg-2\">\n                                                            <div class=\"section__content single__content hentry\">\n                                    <h4>Motor diesel mar\u00edtimo M-LINE com cobertura refrigerada a \u00e1gua \u2013 tamb\u00e9m compat\u00edvel com saildrives Volvo Penta 110S e 120S(B)<\/h4>\n<p>O seu veleiro est\u00e1 equipado com um motor Volvo Penta antigo e um saildrive 110S, 120S ou 120SB? A VETUS oferece uma solu\u00e7\u00e3o inteligente e preparada para o futuro. Com o kit de liga\u00e7\u00e3o VETUS, \u00e9 poss\u00edvel instalar facilmente um novo motor mar\u00edtimo M-LINE no seu saildrive Volvo existente \u2013 sem modificar o casco.<\/p>\n<p>Transfira a tabela completa de compatibilidade entre saildrives Volvo Penta e motores M-LINE da VETUS <strong><a href=\"https:\/\/vetus.com\/wp-content\/uploads\/Saildrive-table.pdf\" target=\"_blank\" rel=\"noopener\">aqui (PDF)<\/a><\/strong>.<\/p>\n<p>Projetada de acordo com os padr\u00f5es atuais, a gama <a href=\"https:\/\/webshop.vetus.com\/en\/products\/engines\/m-line-engines\" target=\"_blank\" rel=\"noopener\">M-LINE<\/a> da VETUS combina funcionamento silencioso, maior efici\u00eancia no consumo de combust\u00edvel e suporte a combust\u00edveis alternativos como o <a href=\"https:\/\/vetus.com\/vetus-campaigns\/d-line-and-m-line-on-hvo-fuel\/\" target=\"_blank\" rel=\"noopener\">HVO<\/a>. A cobertura integrada refrigerada a \u00e1gua reduz o ru\u00eddo na casa de m\u00e1quinas e melhora a efici\u00eancia t\u00e9rmica. Com os nossos kits de adapta\u00e7\u00e3o sob medida, esta \u00e9 uma forma inteligente de melhorar o desempenho mantendo o sistema saildrive existente.<\/p>\n                                <\/div>\n                            \n                                                            <div class=\"section__actions text-block__actions actions\">\n                                    <div class=\"btn-group d-flex flex-wrap justify-content-center\">\n                                                                                    <a href=\"https:\/\/vetus.com\/wp-content\/uploads\/Saildrive-table.pdf\" class=\"btn btn-secondary\" title=\"\" target=\"_blank\">\n                                                <span>Transferir tabela de compatibilidade<\/span>\n                                            <\/a>\n                                        \n                                                                                    <a href=\"https:\/\/webshop.vetus.com\/en\/products\/engines\/m-line-engines\" class=\"btn btn-primary\" title=\"\" target=\"_blank\">\n                                                <span>Ver motores M-LINE<\/span>\n                                            <\/a>\n                                                                            <\/div>\n                                <\/div>\n                                                    <\/div>\n                    <\/div>\n                <\/div>\n            <\/div>\n        <\/div>\n    <\/section><\/section>\n\n<section class=\"section section--colored bg-light content-blocks bg-light   \">\n    \n<section id=\"content-block-1-block_b2b6725679890f8f5bac493f091a90e6\" class=\"section content-block content-block--image \">\n    <div class=\"container\">\n        <div class=\"row d-flex align-items-center flex-md-row-reverse\">\n\n            <div class=\"col-md-6 col-lg-7 offset-lg-1\">\n                                    <div class=\"content-block__visuals\">\n                        <div class=\"content-block__media media--clipped media ratio\">\n                            <div class=\"media__wrapper\">\n                                <img decoding=\"async\" width=\"690\" height=\"460\" src=\"https:\/\/vetus.com\/wp-content\/uploads\/PNG-DSC07594-690x460.png\" class=\"media__source img-fit\" alt=\"\" srcset=\"https:\/\/vetus.com\/wp-content\/uploads\/PNG-DSC07594-690x460.png 690w, https:\/\/vetus.com\/wp-content\/uploads\/PNG-DSC07594-300x200.png 300w, https:\/\/vetus.com\/wp-content\/uploads\/PNG-DSC07594-768x512.png 768w, https:\/\/vetus.com\/wp-content\/uploads\/PNG-DSC07594-210x140.png 210w, https:\/\/vetus.com\/wp-content\/uploads\/PNG-DSC07594-330x220.png 330w, https:\/\/vetus.com\/wp-content\/uploads\/PNG-DSC07594-431x287.png 431w, https:\/\/vetus.com\/wp-content\/uploads\/PNG-DSC07594-507x338.png 507w, https:\/\/vetus.com\/wp-content\/uploads\/PNG-DSC07594-530x353.png 530w, https:\/\/vetus.com\/wp-content\/uploads\/PNG-DSC07594-930x620.png 930w, https:\/\/vetus.com\/wp-content\/uploads\/PNG-DSC07594-1170x780.png 1170w\" sizes=\"auto, (max-width: 575.98px) 431px, (max-width: 767.98px) 530px, (max-width: 991.98px) 330px, (max-width: 1279.98px) 530px, (max-width: 1899.98px) 690px, 930px\" loading=\"lazy\" \/>                            <\/div>\n                        <\/div>\n                    <\/div>\n                            <\/div>\n\n            <div class=\"col-md-6 col-lg-4\">\n                <div class=\"content-block__body\">\n                    \n                    \n                                            <h3>Por que escolher a VETUS para a repotencia\u00e7\u00e3o do seu veleiro?<\/h3>\n<ul>\n<li><strong>Integra\u00e7\u00e3o perfeita<\/strong><br \/>O kit de liga\u00e7\u00e3o VETUS assegura uma adapta\u00e7\u00e3o ideal entre os motores M-LINE e o saildrive Volvo existente, sem altera\u00e7\u00f5es estruturais no casco.<\/li>\n<li><strong>Desempenho moderno<\/strong><br \/>Atualize para um motor diesel mar\u00edtimo fi\u00e1vel, eficiente e com baixas emiss\u00f5es, em conformidade com os padr\u00f5es atuais.<\/li>\n<li><strong>Solu\u00e7\u00e3o econ\u00f3mica<\/strong><br \/>Evite substituir todo o sistema de propuls\u00e3o mantendo o seu saildrive atual.<\/li>\n<li><strong>Apoio t\u00e9cnico especializado<\/strong><br \/>A nossa rede de revendedores e t\u00e9cnicos est\u00e1 dispon\u00edvel para o apoiar em todas as fases do processo de repotencia\u00e7\u00e3o.<\/li>\n<\/ul>\n                    \t\t\t\t\t\n                                    <\/div>\n            <\/div>\n        <\/div>\n    <\/div>\n<\/section><\/section>\n\n\n<section class=\"section  \">\n    \n<section id=\"content-block-1-block_3d8a3282808912ccee63640687a3d211\" class=\"section content-block content-block--image \">\n    <div class=\"container\">\n        <div class=\"row d-flex align-items-center\">\n\n            <div class=\"col-md-6 col-lg-7\">\n                                    <div class=\"content-block__visuals\">\n                        <div class=\"content-block__media media--clipped media ratio\">\n                            <div class=\"media__wrapper\">\n                                <img decoding=\"async\" width=\"690\" height=\"552\" src=\"https:\/\/vetus.com\/wp-content\/uploads\/M-LINE-Saildrive-FLEXOFOLD_2-690x552.png\" class=\"media__source img-fit\" alt=\"M-LINE Marine Diesel Engine with water-cooled cover also suitable for Volvo Penta 110S and 120S(B) Saildrives\" srcset=\"https:\/\/vetus.com\/wp-content\/uploads\/M-LINE-Saildrive-FLEXOFOLD_2-690x552.png 690w, https:\/\/vetus.com\/wp-content\/uploads\/M-LINE-Saildrive-FLEXOFOLD_2-300x240.png 300w, https:\/\/vetus.com\/wp-content\/uploads\/M-LINE-Saildrive-FLEXOFOLD_2-768x615.png 768w, https:\/\/vetus.com\/wp-content\/uploads\/M-LINE-Saildrive-FLEXOFOLD_2-210x168.png 210w, https:\/\/vetus.com\/wp-content\/uploads\/M-LINE-Saildrive-FLEXOFOLD_2-330x264.png 330w, https:\/\/vetus.com\/wp-content\/uploads\/M-LINE-Saildrive-FLEXOFOLD_2-431x345.png 431w, https:\/\/vetus.com\/wp-content\/uploads\/M-LINE-Saildrive-FLEXOFOLD_2-507x406.png 507w, https:\/\/vetus.com\/wp-content\/uploads\/M-LINE-Saildrive-FLEXOFOLD_2-530x424.png 530w, https:\/\/vetus.com\/wp-content\/uploads\/M-LINE-Saildrive-FLEXOFOLD_2-930x744.png 930w, https:\/\/vetus.com\/wp-content\/uploads\/M-LINE-Saildrive-FLEXOFOLD_2-1170x936.png 1170w\" sizes=\"auto, (max-width: 575.98px) 431px, (max-width: 767.98px) 530px, (max-width: 991.98px) 330px, (max-width: 1279.98px) 530px, (max-width: 1899.98px) 690px, 930px\" loading=\"lazy\" \/>                            <\/div>\n                        <\/div>\n                    <\/div>\n                            <\/div>\n\n            <div class=\"col-md-6 col-lg-4 offset-lg-1\">\n                <div class=\"content-block__body\">\n                    \n                    \n                                            <h3>Fatores a considerar sobre saildrives ao repotenciar o seu veleiro<\/h3>\n<p>Ao contr\u00e1rio dos eixos tradicionais, os saildrives proporcionam uma propuls\u00e3o mais suave, menos vibra\u00e7\u00f5es e maior efici\u00eancia. Estas caracter\u00edsticas s\u00e3o especialmente valorizadas pelos velejadores que apreciam um funcionamento silencioso e fi\u00e1vel. A fase de repotencia\u00e7\u00e3o \u00e9 o momento ideal para inspecionar e realizar a manuten\u00e7\u00e3o do saildrive. Este componente essencial tem um impacto direto no desempenho geral do sistema de propuls\u00e3o. Substituir elementos como vedantes, suportes ou diafragmas agora pode evitar problemas no futuro e assegurar o m\u00e1ximo rendimento do novo motor.<\/p>\n<p><span class=\"relative\">Tamb\u00e9m \u00e9 importante verificar a rela\u00e7\u00e3o de redu\u00e7\u00e3o do seu saildrive: modelos mais antigos como o 110S (1.66:1) podem n\u00e3o ser ideais para motores modernos de alta rota\u00e7\u00e3o.<\/span> <span class=\"relative\">Os especialistas da VETUS podem avaliar a sua configura\u00e7\u00e3o atual e recomendar a h\u00e9lice adequada ou os ajustes t\u00e9cnicos necess\u00e1rios para garantir uma integra\u00e7\u00e3o perfeita.<\/span><\/p>\n<p>Se for necess\u00e1rio substituir o seu saildrive Volvo, a VETUS disponibiliza modelos compat\u00edveis, desenvolvidos para uma liga\u00e7\u00e3o perfeita ao novo motor.<\/p>\n                    \t\t\t\t\t\n                                    <\/div>\n            <\/div>\n        <\/div>\n    <\/div>\n<\/section>\n\n<section id=\"section-text-block-block_3d8a3282808912ccee63640687a3d211\" class=\"section text-block \">\n                    <div class=\"section section__body\">\n            <div class=\"text-block\">\n                <div class=\"container\">\n                    <div class=\"row\">\n                        <div class=\"col-lg-8 offset-lg-2\">\n                                                            <div class=\"section__content single__content hentry\">\n                                    <h4><strong>Pronto para repotenciar com confian\u00e7a?<\/strong><\/h4>\n<p>Modernizar a propuls\u00e3o do seu veleiro n\u00e3o requer uma renova\u00e7\u00e3o completa. A VETUS oferece uma solu\u00e7\u00e3o inteligente que combina a avan\u00e7ada tecnologia dos motores M-LINE com kits de adapta\u00e7\u00e3o espec\u00edficos para saildrives Volvo Penta. Para aconselhamento personalizado e instala\u00e7\u00e3o profissional, conte com a nossa rede internacional de t\u00e9cnicos e revendedores certificados.<\/p>\n<h4>Aconselhamento t\u00e9cnico, onde quer que navegue<\/h4>\n<p>A nossa equipa especializada da VETUS ajud\u00e1-lo-\u00e1 a escolher o motor M-LINE mais indicado e a garantir uma liga\u00e7\u00e3o perfeita ao seu saildrive Volvo Penta. Coloc\u00e1-lo-emos em contacto com um t\u00e9cnico ou revendedor de confian\u00e7a dentro da nossa rede global.<\/p>\n                                <\/div>\n                            \n                                                            <div class=\"section__actions text-block__actions actions\">\n                                    <div class=\"btn-group d-flex flex-wrap justify-content-center\">\n                                                                                    <a href=\"https:\/\/vetus.com\/sailboat-repowering-quote\/\" class=\"btn btn-secondary\" title=\"\" target=\"_blank\">\n                                                <span>Solicitar or\u00e7amento agora<\/span>\n                                            <\/a>\n                                        \n                                                                                    <a href=\"https:\/\/vetus.com\/sailboat-expert-advise-request\/\" class=\"btn btn-primary\" title=\"\" target=\"_blank\">\n                                                <span>Pe\u00e7a aconselhamento t\u00e9cnico<\/span>\n                                            <\/a>\n                                                                            <\/div>\n                                <\/div>\n                                                    <\/div>\n                    <\/div>\n                <\/div>\n            <\/div>\n        <\/div>\n    <\/section><\/section>\n","protected":false},"excerpt":{"rendered":"","protected":false},"author":25,"featured_media":106132,"parent":32274,"menu_order":0,"comment_status":"closed","ping_status":"closed","template":"tpl-home.php","meta":{"_acf_changed":false,"footnotes":""},"class_list":["post-106784","page","type-page","status-publish","has-post-thumbnail","hentry"],"acf":{"button":"","button_secondary":"","introduction":"","person":false,"title":"Kit de repotencia\u00e7\u00e3o VETUS M-Line para saildrives Volvo Penta","yellow_button":{"title":"","url":"","target":"","0":""},"video":false,"background_image":{"ID":106132,"id":106132,"title":"shutterstock_139389128 (3)","filename":"shutterstock_139389128-3-scaled.png","filesize":1225729,"url":"https:\/\/vetus.com\/wp-content\/uploads\/shutterstock_139389128-3-scaled.png","link":"https:\/\/vetus.com\/pt-pt\/campanhas-vetus\/kit-de-repotenciacao-vetus-m-line-para-saildrives-volvo-penta\/shutterstock_139389128-3-2\/","alt":"","author":"25","description":"","caption":"","name":"shutterstock_139389128-3-2","status":"inherit","uploaded_to":106784,"date":"2025-05-13 11:50:42","modified":"2025-05-13 11:50:42","menu_order":0,"mime_type":"image\/png","type":"image","subtype":"png","icon":"https:\/\/vetus.com\/wp-includes\/images\/media\/default.png","width":2560,"height":1103,"sizes":{"thumbnail":"https:\/\/vetus.com\/wp-content\/uploads\/shutterstock_139389128-3-150x150.png","thumbnail-width":150,"thumbnail-height":150,"medium":"https:\/\/vetus.com\/wp-content\/uploads\/shutterstock_139389128-3-300x129.png","medium-width":300,"medium-height":129,"medium_large":"https:\/\/vetus.com\/wp-content\/uploads\/shutterstock_139389128-3-768x331.png","medium_large-width":768,"medium_large-height":331,"large":"https:\/\/vetus.com\/wp-content\/uploads\/shutterstock_139389128-3-scaled.png","large-width":1024,"large-height":441,"1536x1536":"https:\/\/vetus.com\/wp-content\/uploads\/shutterstock_139389128-3-scaled.png","1536x1536-width":1536,"1536x1536-height":662,"2048x2048":"https:\/\/vetus.com\/wp-content\/uploads\/shutterstock_139389128-3-scaled.png","2048x2048-width":2048,"2048x2048-height":882,"210w":"https:\/\/vetus.com\/wp-content\/uploads\/shutterstock_139389128-3-210x91.png","210w-width":210,"210w-height":91,"330w":"https:\/\/vetus.com\/wp-content\/uploads\/shutterstock_139389128-3-330x142.png","330w-width":330,"330w-height":142,"431w":"https:\/\/vetus.com\/wp-content\/uploads\/shutterstock_139389128-3-431x186.png","431w-width":431,"431w-height":186,"507w":"https:\/\/vetus.com\/wp-content\/uploads\/shutterstock_139389128-3-507x219.png","507w-width":507,"507w-height":219,"530w":"https:\/\/vetus.com\/wp-content\/uploads\/shutterstock_139389128-3-530x228.png","530w-width":530,"530w-height":228,"690w":"https:\/\/vetus.com\/wp-content\/uploads\/shutterstock_139389128-3-690x297.png","690w-width":690,"690w-height":297,"930w":"https:\/\/vetus.com\/wp-content\/uploads\/shutterstock_139389128-3-930x401.png","930w-width":930,"930w-height":401,"1170w":"https:\/\/vetus.com\/wp-content\/uploads\/shutterstock_139389128-3-1170x504.png","1170w-width":1170,"1170w-height":504,"gform-image-choice-sm":"https:\/\/vetus.com\/wp-content\/uploads\/shutterstock_139389128-3-scaled.png","gform-image-choice-sm-width":300,"gform-image-choice-sm-height":129,"gform-image-choice-md":"https:\/\/vetus.com\/wp-content\/uploads\/shutterstock_139389128-3-scaled.png","gform-image-choice-md-width":400,"gform-image-choice-md-height":172,"gform-image-choice-lg":"https:\/\/vetus.com\/wp-content\/uploads\/shutterstock_139389128-3-scaled.png","gform-image-choice-lg-width":600,"gform-image-choice-lg-height":259}}},"yoast_head":"<!-- This site is optimized with the Yoast SEO Premium plugin v27.3 (Yoast SEO v27.3) - https:\/\/yoast.com\/product\/yoast-seo-premium-wordpress\/ -->\n<title>Kit de repotencia\u00e7\u00e3o VETUS M-Line para saildrives Volvo Penta - VETUS<\/title>\n<meta name=\"description\" content=\"Motor diesel mar\u00edtimo M-LINE com cobertura refrigerada a \u00e1gua \u2013 tamb\u00e9m compat\u00edvel com saildrives Volvo Penta 110S e 120S(B) ...\" \/>\n<meta name=\"robots\" content=\"index, follow, max-snippet:-1, max-image-preview:large, max-video-preview:-1\" \/>\n<link rel=\"canonical\" href=\"https:\/\/vetus.com\/pt-pt\/campanhas-vetus\/kit-de-repotenciacao-vetus-m-line-para-saildrives-volvo-penta\/\" \/>\n<meta property=\"og:locale\" content=\"pt_PT\" \/>\n<meta property=\"og:type\" content=\"article\" \/>\n<meta property=\"og:title\" content=\"Kit de repotencia\u00e7\u00e3o VETUS M-Line para saildrives Volvo Penta\" \/>\n<meta property=\"og:description\" content=\"Motor diesel mar\u00edtimo M-LINE com cobertura refrigerada a \u00e1gua \u2013 tamb\u00e9m compat\u00edvel com saildrives Volvo Penta 110S e 120S(B) ...\" \/>\n<meta property=\"og:url\" content=\"https:\/\/vetus.com\/pt-pt\/campanhas-vetus\/kit-de-repotenciacao-vetus-m-line-para-saildrives-volvo-penta\/\" \/>\n<meta property=\"og:site_name\" content=\"VETUS\" \/>\n<meta property=\"article:modified_time\" content=\"2026-03-27T14:54:41+00:00\" \/>\n<meta property=\"og:image\" content=\"https:\/\/vetus.com\/wp-content\/uploads\/shutterstock_139389128-3-scaled.png\" \/>\n\t<meta property=\"og:image:width\" content=\"2560\" \/>\n\t<meta property=\"og:image:height\" content=\"1103\" \/>\n\t<meta property=\"og:image:type\" content=\"image\/png\" \/>\n<meta name=\"twitter:card\" content=\"summary_large_image\" \/>\n<meta name=\"twitter:label1\" content=\"Tempo estimado de leitura\" \/>\n\t<meta name=\"twitter:data1\" content=\"3 minutes\" \/>\n<script type=\"application\/ld+json\" class=\"yoast-schema-graph\">{\"@context\":\"https:\\\/\\\/schema.org\",\"@graph\":[{\"@type\":\"WebPage\",\"@id\":\"https:\\\/\\\/vetus.com\\\/pt-pt\\\/campanhas-vetus\\\/kit-de-repotenciacao-vetus-m-line-para-saildrives-volvo-penta\\\/\",\"url\":\"https:\\\/\\\/vetus.com\\\/pt-pt\\\/campanhas-vetus\\\/kit-de-repotenciacao-vetus-m-line-para-saildrives-volvo-penta\\\/\",\"name\":\"Kit de repotencia\u00e7\u00e3o VETUS M-Line para saildrives Volvo Penta - VETUS\",\"isPartOf\":{\"@id\":\"https:\\\/\\\/vetus.com\\\/pt-pt\\\/#website\"},\"primaryImageOfPage\":{\"@id\":\"https:\\\/\\\/vetus.com\\\/pt-pt\\\/campanhas-vetus\\\/kit-de-repotenciacao-vetus-m-line-para-saildrives-volvo-penta\\\/#primaryimage\"},\"image\":{\"@id\":\"https:\\\/\\\/vetus.com\\\/pt-pt\\\/campanhas-vetus\\\/kit-de-repotenciacao-vetus-m-line-para-saildrives-volvo-penta\\\/#primaryimage\"},\"thumbnailUrl\":\"https:\\\/\\\/vetus.com\\\/wp-content\\\/uploads\\\/shutterstock_139389128-3-scaled.png\",\"datePublished\":\"2025-05-14T13:48:07+00:00\",\"dateModified\":\"2026-03-27T14:54:41+00:00\",\"description\":\"Motor diesel mar\u00edtimo M-LINE com cobertura refrigerada a \u00e1gua \u2013 tamb\u00e9m compat\u00edvel com saildrives Volvo Penta 110S e 120S(B) ...\",\"breadcrumb\":{\"@id\":\"https:\\\/\\\/vetus.com\\\/pt-pt\\\/campanhas-vetus\\\/kit-de-repotenciacao-vetus-m-line-para-saildrives-volvo-penta\\\/#breadcrumb\"},\"inLanguage\":\"pt-PT\",\"potentialAction\":[{\"@type\":\"ReadAction\",\"target\":[\"https:\\\/\\\/vetus.com\\\/pt-pt\\\/campanhas-vetus\\\/kit-de-repotenciacao-vetus-m-line-para-saildrives-volvo-penta\\\/\"]}]},{\"@type\":\"ImageObject\",\"inLanguage\":\"pt-PT\",\"@id\":\"https:\\\/\\\/vetus.com\\\/pt-pt\\\/campanhas-vetus\\\/kit-de-repotenciacao-vetus-m-line-para-saildrives-volvo-penta\\\/#primaryimage\",\"url\":\"https:\\\/\\\/vetus.com\\\/wp-content\\\/uploads\\\/shutterstock_139389128-3-scaled.png\",\"contentUrl\":\"https:\\\/\\\/vetus.com\\\/wp-content\\\/uploads\\\/shutterstock_139389128-3-scaled.png\",\"width\":2560,\"height\":1103},{\"@type\":\"BreadcrumbList\",\"@id\":\"https:\\\/\\\/vetus.com\\\/pt-pt\\\/campanhas-vetus\\\/kit-de-repotenciacao-vetus-m-line-para-saildrives-volvo-penta\\\/#breadcrumb\",\"itemListElement\":[{\"@type\":\"ListItem\",\"position\":1,\"name\":\"Home\",\"item\":\"https:\\\/\\\/vetus.com\\\/pt-pt\\\/\"},{\"@type\":\"ListItem\",\"position\":2,\"name\":\"Campanhas VETUS\",\"item\":\"https:\\\/\\\/vetus.com\\\/pt-pt\\\/campanhas-vetus\\\/\"},{\"@type\":\"ListItem\",\"position\":3,\"name\":\"Kit de repotencia\u00e7\u00e3o VETUS M-Line para saildrives Volvo Penta\"}]},{\"@type\":\"WebSite\",\"@id\":\"https:\\\/\\\/vetus.com\\\/pt-pt\\\/#website\",\"url\":\"https:\\\/\\\/vetus.com\\\/pt-pt\\\/\",\"name\":\"VETUS\",\"description\":\"\",\"potentialAction\":[{\"@type\":\"SearchAction\",\"target\":{\"@type\":\"EntryPoint\",\"urlTemplate\":\"https:\\\/\\\/vetus.com\\\/pt-pt\\\/?s={search_term_string}\"},\"query-input\":{\"@type\":\"PropertyValueSpecification\",\"valueRequired\":true,\"valueName\":\"search_term_string\"}}],\"inLanguage\":\"pt-PT\"}]}<\/script>\n<!-- \/ Yoast SEO Premium plugin. -->","yoast_head_json":{"title":"Kit de repotencia\u00e7\u00e3o VETUS M-Line para saildrives Volvo Penta - VETUS","description":"Motor diesel mar\u00edtimo M-LINE com cobertura refrigerada a \u00e1gua \u2013 tamb\u00e9m compat\u00edvel com saildrives Volvo Penta 110S e 120S(B) ...","robots":{"index":"index","follow":"follow","max-snippet":"max-snippet:-1","max-image-preview":"max-image-preview:large","max-video-preview":"max-video-preview:-1"},"canonical":"https:\/\/vetus.com\/pt-pt\/campanhas-vetus\/kit-de-repotenciacao-vetus-m-line-para-saildrives-volvo-penta\/","og_locale":"pt_PT","og_type":"article","og_title":"Kit de repotencia\u00e7\u00e3o VETUS M-Line para saildrives Volvo Penta","og_description":"Motor diesel mar\u00edtimo M-LINE com cobertura refrigerada a \u00e1gua \u2013 tamb\u00e9m compat\u00edvel com saildrives Volvo Penta 110S e 120S(B) ...","og_url":"https:\/\/vetus.com\/pt-pt\/campanhas-vetus\/kit-de-repotenciacao-vetus-m-line-para-saildrives-volvo-penta\/","og_site_name":"VETUS","article_modified_time":"2026-03-27T14:54:41+00:00","og_image":[{"width":2560,"height":1103,"url":"https:\/\/vetus.com\/wp-content\/uploads\/shutterstock_139389128-3-scaled.png","type":"image\/png"}],"twitter_card":"summary_large_image","twitter_misc":{"Tempo estimado de leitura":"3 minutes"},"schema":{"@context":"https:\/\/schema.org","@graph":[{"@type":"WebPage","@id":"https:\/\/vetus.com\/pt-pt\/campanhas-vetus\/kit-de-repotenciacao-vetus-m-line-para-saildrives-volvo-penta\/","url":"https:\/\/vetus.com\/pt-pt\/campanhas-vetus\/kit-de-repotenciacao-vetus-m-line-para-saildrives-volvo-penta\/","name":"Kit de repotencia\u00e7\u00e3o VETUS M-Line para saildrives Volvo Penta - VETUS","isPartOf":{"@id":"https:\/\/vetus.com\/pt-pt\/#website"},"primaryImageOfPage":{"@id":"https:\/\/vetus.com\/pt-pt\/campanhas-vetus\/kit-de-repotenciacao-vetus-m-line-para-saildrives-volvo-penta\/#primaryimage"},"image":{"@id":"https:\/\/vetus.com\/pt-pt\/campanhas-vetus\/kit-de-repotenciacao-vetus-m-line-para-saildrives-volvo-penta\/#primaryimage"},"thumbnailUrl":"https:\/\/vetus.com\/wp-content\/uploads\/shutterstock_139389128-3-scaled.png","datePublished":"2025-05-14T13:48:07+00:00","dateModified":"2026-03-27T14:54:41+00:00","description":"Motor diesel mar\u00edtimo M-LINE com cobertura refrigerada a \u00e1gua \u2013 tamb\u00e9m compat\u00edvel com saildrives Volvo Penta 110S e 120S(B) ...","breadcrumb":{"@id":"https:\/\/vetus.com\/pt-pt\/campanhas-vetus\/kit-de-repotenciacao-vetus-m-line-para-saildrives-volvo-penta\/#breadcrumb"},"inLanguage":"pt-PT","potentialAction":[{"@type":"ReadAction","target":["https:\/\/vetus.com\/pt-pt\/campanhas-vetus\/kit-de-repotenciacao-vetus-m-line-para-saildrives-volvo-penta\/"]}]},{"@type":"ImageObject","inLanguage":"pt-PT","@id":"https:\/\/vetus.com\/pt-pt\/campanhas-vetus\/kit-de-repotenciacao-vetus-m-line-para-saildrives-volvo-penta\/#primaryimage","url":"https:\/\/vetus.com\/wp-content\/uploads\/shutterstock_139389128-3-scaled.png","contentUrl":"https:\/\/vetus.com\/wp-content\/uploads\/shutterstock_139389128-3-scaled.png","width":2560,"height":1103},{"@type":"BreadcrumbList","@id":"https:\/\/vetus.com\/pt-pt\/campanhas-vetus\/kit-de-repotenciacao-vetus-m-line-para-saildrives-volvo-penta\/#breadcrumb","itemListElement":[{"@type":"ListItem","position":1,"name":"Home","item":"https:\/\/vetus.com\/pt-pt\/"},{"@type":"ListItem","position":2,"name":"Campanhas VETUS","item":"https:\/\/vetus.com\/pt-pt\/campanhas-vetus\/"},{"@type":"ListItem","position":3,"name":"Kit de repotencia\u00e7\u00e3o VETUS M-Line para saildrives Volvo Penta"}]},{"@type":"WebSite","@id":"https:\/\/vetus.com\/pt-pt\/#website","url":"https:\/\/vetus.com\/pt-pt\/","name":"VETUS","description":"","potentialAction":[{"@type":"SearchAction","target":{"@type":"EntryPoint","urlTemplate":"https:\/\/vetus.com\/pt-pt\/?s={search_term_string}"},"query-input":{"@type":"PropertyValueSpecification","valueRequired":true,"valueName":"search_term_string"}}],"inLanguage":"pt-PT"}]}},"_links":{"self":[{"href":"https:\/\/vetus.com\/pt-pt\/wp-json\/wp\/v2\/pages\/106784","targetHints":{"allow":["GET"]}}],"collection":[{"href":"https:\/\/vetus.com\/pt-pt\/wp-json\/wp\/v2\/pages"}],"about":[{"href":"https:\/\/vetus.com\/pt-pt\/wp-json\/wp\/v2\/types\/page"}],"author":[{"embeddable":true,"href":"https:\/\/vetus.com\/pt-pt\/wp-json\/wp\/v2\/users\/25"}],"replies":[{"embeddable":true,"href":"https:\/\/vetus.com\/pt-pt\/wp-json\/wp\/v2\/comments?post=106784"}],"version-history":[{"count":2,"href":"https:\/\/vetus.com\/pt-pt\/wp-json\/wp\/v2\/pages\/106784\/revisions"}],"predecessor-version":[{"id":106786,"href":"https:\/\/vetus.com\/pt-pt\/wp-json\/wp\/v2\/pages\/106784\/revisions\/106786"}],"up":[{"embeddable":true,"href":"https:\/\/vetus.com\/pt-pt\/wp-json\/wp\/v2\/pages\/32274"}],"wp:featuredmedia":[{"embeddable":true,"href":"https:\/\/vetus.com\/pt-pt\/wp-json\/wp\/v2\/media\/106132"}],"wp:attachment":[{"href":"https:\/\/vetus.com\/pt-pt\/wp-json\/wp\/v2\/media?parent=106784"}],"curies":[{"name":"wp","href":"https:\/\/api.w.org\/{rel}","templated":true}]}}