{"id":102656,"date":"2025-03-10T18:38:48","date_gmt":"2025-03-10T16:38:48","guid":{"rendered":"https:\/\/vetus.com\/vetus-a-yanmar-group-company\/"},"modified":"2025-04-10T12:22:37","modified_gmt":"2025-04-10T10:22:37","slug":"vetus-uma-empresa-do-grupo-yanmar","status":"publish","type":"page","link":"https:\/\/vetus.com\/pt-pt\/vetus-uma-empresa-do-grupo-yanmar\/","title":{"rendered":"VETUS; uma empresa do Grupo YANMAR"},"content":{"rendered":"\n<section class=\"section  \">\n    \n\n<section id=\"section-text-block-block_42758c247a6a42308ac7ef31bdf7d9dc\" class=\"section text-block \">\n                    <div class=\"section section__body\">\n            <div class=\"text-block\">\n                <div class=\"container\">\n                    <div class=\"row\">\n                        <div class=\"col-12\">\n                                                            <div class=\"section__content single__content hentry\">\n                                    <h3><strong>Empresas do Grupo YANMAR<\/strong><\/h3>\n<p>As empresas do Grupo YANMAR combinam marcas compat\u00edveis para o benef\u00edcio dos clientes e est\u00e3o unidas para fornecer clientes em todo o mundo.<\/p>\n<p>A Marine Recreational Business Unit oferece solu\u00e7\u00f5es totais como um fabricante l\u00edder de motores e equipamentos atrav\u00e9s de uma rede global de marcas de confian\u00e7a, incluindo YANMAR Marine, VETUS, Maxwell, Flexofold e Smartgyro.<\/p>\n<p>Capitalizando uma s\u00e9rie de sinergias de neg\u00f3cios e unindo as pegadas e redes globais estabelecidas de cada empresa, \u00e9 estabelecido um balc\u00e3o \u00fanico de confian\u00e7a na integra\u00e7\u00e3o completa do sistema. Esta sinergia \u00fanica posiciona-nos para nos destacarmos nos pr\u00f3ximos anos, fornecendo solu\u00e7\u00f5es inovadoras e avan\u00e7adas e uma experi\u00eancia perfeita para os propriet\u00e1rios de embarca\u00e7\u00f5es em todo o mundo.<\/p>\n                                <\/div>\n                            \n                                                    <\/div>\n                    <\/div>\n                <\/div>\n            <\/div>\n        <\/div>\n    <\/section>\n<section id=\"section-companies-group-block_42758c247a6a42308ac7ef31bdf7d9dc\" class=\"section cards cards--brand \">\n    <div class=\"section__header cards__header\">\n        <div class=\"container\">\n            <div class=\"row\">\n                <div class=\"col-12\">\n                                        \n                <\/div>\n            <\/div>\n        <\/div>\n    <\/div>\n\n    <div class=\"section__body cards__body\">\n        <div class=\"container-fluid\">\n            <div class=\"row row--col-margin-large d-flex justify-content-center\">\n                                    <div class=\"col-12 col-md-6 col-xl-2\">\n                        \n<div class=\"card card--group px-3 py-5 d-flex flex-column\">\n    <div class=\" d-flex justify-content-center custom-aspect-logo2 mx-auto\">\n                    <img decoding=\"async\" width=\"700\" height=\"300\" src=\"https:\/\/vetus.com\/wp-content\/uploads\/PNG-AI_FLYING-Y_YANMAR_horizontal-1.png\" class=\"attachment- size-\" alt=\"\" srcset=\"https:\/\/vetus.com\/wp-content\/uploads\/PNG-AI_FLYING-Y_YANMAR_horizontal-1.png 700w, https:\/\/vetus.com\/wp-content\/uploads\/PNG-AI_FLYING-Y_YANMAR_horizontal-1-300x129.png 300w, https:\/\/vetus.com\/wp-content\/uploads\/PNG-AI_FLYING-Y_YANMAR_horizontal-1-210x90.png 210w, https:\/\/vetus.com\/wp-content\/uploads\/PNG-AI_FLYING-Y_YANMAR_horizontal-1-330x141.png 330w, https:\/\/vetus.com\/wp-content\/uploads\/PNG-AI_FLYING-Y_YANMAR_horizontal-1-431x185.png 431w, https:\/\/vetus.com\/wp-content\/uploads\/PNG-AI_FLYING-Y_YANMAR_horizontal-1-507x217.png 507w, https:\/\/vetus.com\/wp-content\/uploads\/PNG-AI_FLYING-Y_YANMAR_horizontal-1-530x227.png 530w, https:\/\/vetus.com\/wp-content\/uploads\/PNG-AI_FLYING-Y_YANMAR_horizontal-1-690x296.png 690w\" sizes=\"(max-width: 1899.98px) 330px, 330px\" \/>                <span class=\"sr-only\">\n            VETUS; uma empresa do Grupo YANMAR        <\/span>\n    <\/div>\n\n            <div class=\"w-100\">\n            <img decoding=\"async\" width=\"770\" height=\"770\" src=\"https:\/\/vetus.com\/wp-content\/uploads\/YMI_3.png\" class=\"img-fluid d-block mx-auto custom-aspect my-2\" alt=\"\" srcset=\"https:\/\/vetus.com\/wp-content\/uploads\/YMI_3.png 770w, https:\/\/vetus.com\/wp-content\/uploads\/YMI_3-300x300.png 300w, https:\/\/vetus.com\/wp-content\/uploads\/YMI_3-150x150.png 150w, https:\/\/vetus.com\/wp-content\/uploads\/YMI_3-768x768.png 768w, https:\/\/vetus.com\/wp-content\/uploads\/YMI_3-210x210.png 210w, https:\/\/vetus.com\/wp-content\/uploads\/YMI_3-330x330.png 330w, https:\/\/vetus.com\/wp-content\/uploads\/YMI_3-431x431.png 431w, https:\/\/vetus.com\/wp-content\/uploads\/YMI_3-507x507.png 507w, https:\/\/vetus.com\/wp-content\/uploads\/YMI_3-530x530.png 530w, https:\/\/vetus.com\/wp-content\/uploads\/YMI_3-690x690.png 690w\" sizes=\"auto, (max-width: 1899.98px) 330px, 330px\" loading=\"lazy\" \/>        <\/div>\n        \n    <div class=\"card__bodyGroup\">\n                    <div class=\"card__text text-dark mb-4\">\n                <p>\n                    Tecnologia mar\u00edtima comprovada para um futuro sustent\u00e1vel                <\/p>\n            <\/div>\n                            <div class=\"card__actionGroup\">\n                <a class=\"btn btn-sm btn-outline-primary-group w-100 justify-content-center\" href=\"https:\/\/www.yanmar.com\/marine\/\" title=\"\">\n                    <span>\n                        Saiba mais                    <\/span>\n                    <i class=\"icon icon-keyboard_arrow_right\"><\/i>\n                <\/a>\n            <\/div>\n            <\/div>\n<\/div>                    <\/div>\n                                    <div class=\"col-12 col-md-6 col-xl-2\">\n                        \n<div class=\"card card--group px-3 py-5 d-flex flex-column\">\n    <div class=\" d-flex justify-content-center custom-aspect-logo2 mx-auto\">\n                    <img decoding=\"async\" width=\"400\" height=\"200\" src=\"https:\/\/vetus.com\/wp-content\/uploads\/PNG-Vetus-309-new_2.png\" class=\"attachment- size-\" alt=\"\" srcset=\"https:\/\/vetus.com\/wp-content\/uploads\/PNG-Vetus-309-new_2.png 400w, https:\/\/vetus.com\/wp-content\/uploads\/PNG-Vetus-309-new_2-300x150.png 300w, https:\/\/vetus.com\/wp-content\/uploads\/PNG-Vetus-309-new_2-210x105.png 210w, https:\/\/vetus.com\/wp-content\/uploads\/PNG-Vetus-309-new_2-330x165.png 330w\" sizes=\"(max-width: 1899.98px) 330px, 330px\" \/>                <span class=\"sr-only\">\n            VETUS; uma empresa do Grupo YANMAR        <\/span>\n    <\/div>\n\n            <div class=\"w-100\">\n            <img decoding=\"async\" width=\"770\" height=\"770\" src=\"https:\/\/vetus.com\/wp-content\/uploads\/Vetus-2_2.png\" class=\"img-fluid d-block mx-auto custom-aspect my-2\" alt=\"\" srcset=\"https:\/\/vetus.com\/wp-content\/uploads\/Vetus-2_2.png 770w, https:\/\/vetus.com\/wp-content\/uploads\/Vetus-2_2-300x300.png 300w, https:\/\/vetus.com\/wp-content\/uploads\/Vetus-2_2-150x150.png 150w, https:\/\/vetus.com\/wp-content\/uploads\/Vetus-2_2-768x768.png 768w, https:\/\/vetus.com\/wp-content\/uploads\/Vetus-2_2-210x210.png 210w, https:\/\/vetus.com\/wp-content\/uploads\/Vetus-2_2-330x330.png 330w, https:\/\/vetus.com\/wp-content\/uploads\/Vetus-2_2-431x431.png 431w, https:\/\/vetus.com\/wp-content\/uploads\/Vetus-2_2-507x507.png 507w, https:\/\/vetus.com\/wp-content\/uploads\/Vetus-2_2-530x530.png 530w, https:\/\/vetus.com\/wp-content\/uploads\/Vetus-2_2-690x690.png 690w\" sizes=\"auto, (max-width: 1899.98px) 330px, 330px\" loading=\"lazy\" \/>        <\/div>\n        \n    <div class=\"card__bodyGroup\">\n                    <div class=\"card__text text-dark mb-4\">\n                <p>\n                    Solu\u00e7\u00f5es de energia e equipamentos t\u00e9cnicos para sistemas completos de embarca\u00e7\u00f5es                <\/p>\n            <\/div>\n                            <div class=\"card__actionGroup\">\n                <a class=\"btn btn-sm btn-outline-primary-group w-100 justify-content-center\" href=\"https:\/\/vetus.com\/pt-pt\/\" title=\"\">\n                    <span>\n                        Saiba mais                    <\/span>\n                    <i class=\"icon icon-keyboard_arrow_right\"><\/i>\n                <\/a>\n            <\/div>\n            <\/div>\n<\/div>                    <\/div>\n                                    <div class=\"col-12 col-md-6 col-xl-2\">\n                        \n<div class=\"card card--group px-3 py-5 d-flex flex-column\">\n    <div class=\" d-flex justify-content-center custom-aspect-logo2 mx-auto\">\n                    <img decoding=\"async\" width=\"480\" height=\"220\" src=\"https:\/\/vetus.com\/wp-content\/uploads\/PNG-Maxwell-309-new_2.png\" class=\"attachment- size-\" alt=\"\" srcset=\"https:\/\/vetus.com\/wp-content\/uploads\/PNG-Maxwell-309-new_2.png 480w, https:\/\/vetus.com\/wp-content\/uploads\/PNG-Maxwell-309-new_2-300x138.png 300w, https:\/\/vetus.com\/wp-content\/uploads\/PNG-Maxwell-309-new_2-210x96.png 210w, https:\/\/vetus.com\/wp-content\/uploads\/PNG-Maxwell-309-new_2-330x151.png 330w, https:\/\/vetus.com\/wp-content\/uploads\/PNG-Maxwell-309-new_2-431x198.png 431w\" sizes=\"(max-width: 1899.98px) 330px, 330px\" \/>                <span class=\"sr-only\">\n            VETUS; uma empresa do Grupo YANMAR        <\/span>\n    <\/div>\n\n            <div class=\"w-100\">\n            <img decoding=\"async\" width=\"880\" height=\"880\" src=\"https:\/\/vetus.com\/wp-content\/uploads\/Maxwell_5.png\" class=\"img-fluid d-block mx-auto custom-aspect my-2\" alt=\"\" srcset=\"https:\/\/vetus.com\/wp-content\/uploads\/Maxwell_5.png 880w, https:\/\/vetus.com\/wp-content\/uploads\/Maxwell_5-300x300.png 300w, https:\/\/vetus.com\/wp-content\/uploads\/Maxwell_5-150x150.png 150w, https:\/\/vetus.com\/wp-content\/uploads\/Maxwell_5-768x768.png 768w, https:\/\/vetus.com\/wp-content\/uploads\/Maxwell_5-210x210.png 210w, https:\/\/vetus.com\/wp-content\/uploads\/Maxwell_5-330x330.png 330w, https:\/\/vetus.com\/wp-content\/uploads\/Maxwell_5-431x431.png 431w, https:\/\/vetus.com\/wp-content\/uploads\/Maxwell_5-507x507.png 507w, https:\/\/vetus.com\/wp-content\/uploads\/Maxwell_5-530x530.png 530w, https:\/\/vetus.com\/wp-content\/uploads\/Maxwell_5-690x690.png 690w\" sizes=\"auto, (max-width: 1899.98px) 330px, 330px\" loading=\"lazy\" \/>        <\/div>\n        \n    <div class=\"card__bodyGroup\">\n                    <div class=\"card__text text-dark mb-4\">\n                <p>\n                    O padr\u00e3o global em solu\u00e7\u00f5es de ancoragem                <\/p>\n            <\/div>\n                            <div class=\"card__actionGroup\">\n                <a class=\"btn btn-sm btn-outline-primary-group w-100 justify-content-center\" href=\"https:\/\/maxwellmarine.com\/\" title=\"\">\n                    <span>\n                        Saiba mais                    <\/span>\n                    <i class=\"icon icon-keyboard_arrow_right\"><\/i>\n                <\/a>\n            <\/div>\n            <\/div>\n<\/div>                    <\/div>\n                                    <div class=\"col-12 col-md-6 col-xl-2\">\n                        \n<div class=\"card card--group px-3 py-5 d-flex flex-column\">\n    <div class=\" d-flex justify-content-center custom-aspect-logo2 mx-auto\">\n                    <img decoding=\"async\" width=\"310\" height=\"110\" src=\"https:\/\/vetus.com\/wp-content\/uploads\/PNG-Flexofold-309_2.png\" class=\"attachment- size-\" alt=\"\" srcset=\"https:\/\/vetus.com\/wp-content\/uploads\/PNG-Flexofold-309_2.png 310w, https:\/\/vetus.com\/wp-content\/uploads\/PNG-Flexofold-309_2-300x106.png 300w, https:\/\/vetus.com\/wp-content\/uploads\/PNG-Flexofold-309_2-210x75.png 210w\" sizes=\"(max-width: 1899.98px) 330px, 330px\" \/>                <span class=\"sr-only\">\n            VETUS; uma empresa do Grupo YANMAR        <\/span>\n    <\/div>\n\n            <div class=\"w-100\">\n            <img decoding=\"async\" width=\"770\" height=\"770\" src=\"https:\/\/vetus.com\/wp-content\/uploads\/Flexofold_2.png\" class=\"img-fluid d-block mx-auto custom-aspect my-2\" alt=\"\" srcset=\"https:\/\/vetus.com\/wp-content\/uploads\/Flexofold_2.png 770w, https:\/\/vetus.com\/wp-content\/uploads\/Flexofold_2-300x300.png 300w, https:\/\/vetus.com\/wp-content\/uploads\/Flexofold_2-150x150.png 150w, https:\/\/vetus.com\/wp-content\/uploads\/Flexofold_2-768x768.png 768w, https:\/\/vetus.com\/wp-content\/uploads\/Flexofold_2-210x210.png 210w, https:\/\/vetus.com\/wp-content\/uploads\/Flexofold_2-330x330.png 330w, https:\/\/vetus.com\/wp-content\/uploads\/Flexofold_2-431x431.png 431w, https:\/\/vetus.com\/wp-content\/uploads\/Flexofold_2-507x507.png 507w, https:\/\/vetus.com\/wp-content\/uploads\/Flexofold_2-530x530.png 530w, https:\/\/vetus.com\/wp-content\/uploads\/Flexofold_2-690x690.png 690w\" sizes=\"auto, (max-width: 1899.98px) 330px, 330px\" loading=\"lazy\" \/>        <\/div>\n        \n    <div class=\"card__bodyGroup\">\n                    <div class=\"card__text text-dark mb-4\">\n                <p>\n                    H\u00e9lices dobr\u00e1veis de baixo arrasto superiores para veleiros e iates multicasco                <\/p>\n            <\/div>\n                            <div class=\"card__actionGroup\">\n                <a class=\"btn btn-sm btn-outline-primary-group w-100 justify-content-center\" href=\"https:\/\/www.flexofold.com\/\" title=\"\">\n                    <span>\n                        Saiba mais                    <\/span>\n                    <i class=\"icon icon-keyboard_arrow_right\"><\/i>\n                <\/a>\n            <\/div>\n            <\/div>\n<\/div>                    <\/div>\n                                    <div class=\"col-12 col-md-6 col-xl-2\">\n                        \n<div class=\"card card--group px-3 py-5 d-flex flex-column\">\n    <div class=\" d-flex justify-content-center custom-aspect-logo2 mx-auto\">\n                    <img decoding=\"async\" width=\"500\" height=\"200\" src=\"https:\/\/vetus.com\/wp-content\/uploads\/PNG-Smartgyro-309_2.png\" class=\"attachment- size-\" alt=\"\" srcset=\"https:\/\/vetus.com\/wp-content\/uploads\/PNG-Smartgyro-309_2.png 500w, https:\/\/vetus.com\/wp-content\/uploads\/PNG-Smartgyro-309_2-300x120.png 300w, https:\/\/vetus.com\/wp-content\/uploads\/PNG-Smartgyro-309_2-210x84.png 210w, https:\/\/vetus.com\/wp-content\/uploads\/PNG-Smartgyro-309_2-330x132.png 330w, https:\/\/vetus.com\/wp-content\/uploads\/PNG-Smartgyro-309_2-431x172.png 431w\" sizes=\"(max-width: 1899.98px) 330px, 330px\" \/>                <span class=\"sr-only\">\n            VETUS; uma empresa do Grupo YANMAR        <\/span>\n    <\/div>\n\n            <div class=\"w-100\">\n            <img decoding=\"async\" width=\"770\" height=\"770\" src=\"https:\/\/vetus.com\/wp-content\/uploads\/Smartgyro_2.png\" class=\"img-fluid d-block mx-auto custom-aspect my-2\" alt=\"\" srcset=\"https:\/\/vetus.com\/wp-content\/uploads\/Smartgyro_2.png 770w, https:\/\/vetus.com\/wp-content\/uploads\/Smartgyro_2-300x300.png 300w, https:\/\/vetus.com\/wp-content\/uploads\/Smartgyro_2-150x150.png 150w, https:\/\/vetus.com\/wp-content\/uploads\/Smartgyro_2-768x768.png 768w, https:\/\/vetus.com\/wp-content\/uploads\/Smartgyro_2-210x210.png 210w, https:\/\/vetus.com\/wp-content\/uploads\/Smartgyro_2-330x330.png 330w, https:\/\/vetus.com\/wp-content\/uploads\/Smartgyro_2-431x431.png 431w, https:\/\/vetus.com\/wp-content\/uploads\/Smartgyro_2-507x507.png 507w, https:\/\/vetus.com\/wp-content\/uploads\/Smartgyro_2-530x530.png 530w, https:\/\/vetus.com\/wp-content\/uploads\/Smartgyro_2-690x690.png 690w\" sizes=\"auto, (max-width: 1899.98px) 330px, 330px\" loading=\"lazy\" \/>        <\/div>\n        \n    <div class=\"card__bodyGroup\">\n                    <div class=\"card__text text-dark mb-4\">\n                <p>\n                    O futuro da estabiliza\u00e7\u00e3o mar\u00edtima para eliminar o balan\u00e7o da embarca\u00e7\u00e3o                <\/p>\n            <\/div>\n                            <div class=\"card__actionGroup\">\n                <a class=\"btn btn-sm btn-outline-primary-group w-100 justify-content-center\" href=\"https:\/\/smartgyro.com\/\" title=\"\">\n                    <span>\n                        Saiba mais                    <\/span>\n                    <i class=\"icon icon-keyboard_arrow_right\"><\/i>\n                <\/a>\n            <\/div>\n            <\/div>\n<\/div>                    <\/div>\n                            <\/div>\n        <\/div>\n    <\/div>\n<\/section><\/section>","protected":false},"excerpt":{"rendered":"","protected":false},"author":25,"featured_media":0,"parent":0,"menu_order":0,"comment_status":"closed","ping_status":"closed","template":"tpl-video.php","meta":{"_acf_changed":false,"footnotes":""},"class_list":["post-102656","page","type-page","status-publish","hentry"],"acf":{"background_image":false,"intro":"Moldar o futuro de uma experi\u00eancia mar\u00edtima excecional com tecnologias inovadoras","introduction":"","person":false,"title":"<\/BR>MARCAS YANMAR <\/BR><\/BR><H3>Um futuro sustent\u00e1vel<\/H3>","video_type":"File","video":"https:\/\/vetus.com\/wp-content\/uploads\/2256998-uhd_3840_2160_24fps-1.mp4","button":"","button_secondary":"","subtitle":""},"yoast_head":"<!-- This site is optimized with the Yoast SEO Premium plugin v27.3 (Yoast SEO v27.3) - https:\/\/yoast.com\/product\/yoast-seo-premium-wordpress\/ -->\n<title>VETUS; uma empresa do Grupo YANMAR - VETUS<\/title>\n<meta name=\"robots\" content=\"index, follow, max-snippet:-1, max-image-preview:large, max-video-preview:-1\" \/>\n<link rel=\"canonical\" href=\"https:\/\/vetus.com\/pt-pt\/vetus-uma-empresa-do-grupo-yanmar\/\" \/>\n<meta property=\"og:locale\" content=\"pt_PT\" \/>\n<meta property=\"og:type\" content=\"article\" \/>\n<meta property=\"og:title\" content=\"VETUS; uma empresa do Grupo YANMAR\" \/>\n<meta property=\"og:url\" content=\"https:\/\/vetus.com\/pt-pt\/vetus-uma-empresa-do-grupo-yanmar\/\" \/>\n<meta property=\"og:site_name\" content=\"VETUS\" \/>\n<meta property=\"article:modified_time\" content=\"2025-04-10T10:22:37+00:00\" \/>\n<meta name=\"twitter:card\" content=\"summary_large_image\" \/>\n<meta name=\"twitter:label1\" content=\"Tempo estimado de leitura\" \/>\n\t<meta name=\"twitter:data1\" content=\"4 minutes\" \/>\n<script type=\"application\/ld+json\" class=\"yoast-schema-graph\">{\"@context\":\"https:\\\/\\\/schema.org\",\"@graph\":[{\"@type\":\"WebPage\",\"@id\":\"https:\\\/\\\/vetus.com\\\/pt-pt\\\/vetus-uma-empresa-do-grupo-yanmar\\\/\",\"url\":\"https:\\\/\\\/vetus.com\\\/pt-pt\\\/vetus-uma-empresa-do-grupo-yanmar\\\/\",\"name\":\"VETUS; uma empresa do Grupo YANMAR - VETUS\",\"isPartOf\":{\"@id\":\"https:\\\/\\\/vetus.com\\\/pt-pt\\\/#website\"},\"datePublished\":\"2025-03-10T16:38:48+00:00\",\"dateModified\":\"2025-04-10T10:22:37+00:00\",\"breadcrumb\":{\"@id\":\"https:\\\/\\\/vetus.com\\\/pt-pt\\\/vetus-uma-empresa-do-grupo-yanmar\\\/#breadcrumb\"},\"inLanguage\":\"pt-PT\",\"potentialAction\":[{\"@type\":\"ReadAction\",\"target\":[\"https:\\\/\\\/vetus.com\\\/pt-pt\\\/vetus-uma-empresa-do-grupo-yanmar\\\/\"]}]},{\"@type\":\"BreadcrumbList\",\"@id\":\"https:\\\/\\\/vetus.com\\\/pt-pt\\\/vetus-uma-empresa-do-grupo-yanmar\\\/#breadcrumb\",\"itemListElement\":[{\"@type\":\"ListItem\",\"position\":1,\"name\":\"Home\",\"item\":\"https:\\\/\\\/vetus.com\\\/pt-pt\\\/\"},{\"@type\":\"ListItem\",\"position\":2,\"name\":\"VETUS; uma empresa do Grupo YANMAR\"}]},{\"@type\":\"WebSite\",\"@id\":\"https:\\\/\\\/vetus.com\\\/pt-pt\\\/#website\",\"url\":\"https:\\\/\\\/vetus.com\\\/pt-pt\\\/\",\"name\":\"VETUS\",\"description\":\"\",\"potentialAction\":[{\"@type\":\"SearchAction\",\"target\":{\"@type\":\"EntryPoint\",\"urlTemplate\":\"https:\\\/\\\/vetus.com\\\/pt-pt\\\/?s={search_term_string}\"},\"query-input\":{\"@type\":\"PropertyValueSpecification\",\"valueRequired\":true,\"valueName\":\"search_term_string\"}}],\"inLanguage\":\"pt-PT\"}]}<\/script>\n<!-- \/ Yoast SEO Premium plugin. -->","yoast_head_json":{"title":"VETUS; uma empresa do Grupo YANMAR - VETUS","robots":{"index":"index","follow":"follow","max-snippet":"max-snippet:-1","max-image-preview":"max-image-preview:large","max-video-preview":"max-video-preview:-1"},"canonical":"https:\/\/vetus.com\/pt-pt\/vetus-uma-empresa-do-grupo-yanmar\/","og_locale":"pt_PT","og_type":"article","og_title":"VETUS; uma empresa do Grupo YANMAR","og_url":"https:\/\/vetus.com\/pt-pt\/vetus-uma-empresa-do-grupo-yanmar\/","og_site_name":"VETUS","article_modified_time":"2025-04-10T10:22:37+00:00","twitter_card":"summary_large_image","twitter_misc":{"Tempo estimado de leitura":"4 minutes"},"schema":{"@context":"https:\/\/schema.org","@graph":[{"@type":"WebPage","@id":"https:\/\/vetus.com\/pt-pt\/vetus-uma-empresa-do-grupo-yanmar\/","url":"https:\/\/vetus.com\/pt-pt\/vetus-uma-empresa-do-grupo-yanmar\/","name":"VETUS; uma empresa do Grupo YANMAR - VETUS","isPartOf":{"@id":"https:\/\/vetus.com\/pt-pt\/#website"},"datePublished":"2025-03-10T16:38:48+00:00","dateModified":"2025-04-10T10:22:37+00:00","breadcrumb":{"@id":"https:\/\/vetus.com\/pt-pt\/vetus-uma-empresa-do-grupo-yanmar\/#breadcrumb"},"inLanguage":"pt-PT","potentialAction":[{"@type":"ReadAction","target":["https:\/\/vetus.com\/pt-pt\/vetus-uma-empresa-do-grupo-yanmar\/"]}]},{"@type":"BreadcrumbList","@id":"https:\/\/vetus.com\/pt-pt\/vetus-uma-empresa-do-grupo-yanmar\/#breadcrumb","itemListElement":[{"@type":"ListItem","position":1,"name":"Home","item":"https:\/\/vetus.com\/pt-pt\/"},{"@type":"ListItem","position":2,"name":"VETUS; uma empresa do Grupo YANMAR"}]},{"@type":"WebSite","@id":"https:\/\/vetus.com\/pt-pt\/#website","url":"https:\/\/vetus.com\/pt-pt\/","name":"VETUS","description":"","potentialAction":[{"@type":"SearchAction","target":{"@type":"EntryPoint","urlTemplate":"https:\/\/vetus.com\/pt-pt\/?s={search_term_string}"},"query-input":{"@type":"PropertyValueSpecification","valueRequired":true,"valueName":"search_term_string"}}],"inLanguage":"pt-PT"}]}},"_links":{"self":[{"href":"https:\/\/vetus.com\/pt-pt\/wp-json\/wp\/v2\/pages\/102656","targetHints":{"allow":["GET"]}}],"collection":[{"href":"https:\/\/vetus.com\/pt-pt\/wp-json\/wp\/v2\/pages"}],"about":[{"href":"https:\/\/vetus.com\/pt-pt\/wp-json\/wp\/v2\/types\/page"}],"author":[{"embeddable":true,"href":"https:\/\/vetus.com\/pt-pt\/wp-json\/wp\/v2\/users\/25"}],"replies":[{"embeddable":true,"href":"https:\/\/vetus.com\/pt-pt\/wp-json\/wp\/v2\/comments?post=102656"}],"version-history":[{"count":4,"href":"https:\/\/vetus.com\/pt-pt\/wp-json\/wp\/v2\/pages\/102656\/revisions"}],"predecessor-version":[{"id":103292,"href":"https:\/\/vetus.com\/pt-pt\/wp-json\/wp\/v2\/pages\/102656\/revisions\/103292"}],"wp:attachment":[{"href":"https:\/\/vetus.com\/pt-pt\/wp-json\/wp\/v2\/media?parent=102656"}],"curies":[{"name":"wp","href":"https:\/\/api.w.org\/{rel}","templated":true}]}}