{"id":101575,"date":"2025-02-26T16:42:13","date_gmt":"2025-02-26T14:42:13","guid":{"rendered":"https:\/\/vetus.com\/bow-pro-thruster-integration-with-honda-outboards-ultraflex-controls\/"},"modified":"2026-02-26T16:03:03","modified_gmt":"2026-02-26T14:03:03","slug":"integracao-do-propulsor-bow-pro-com-motores-fora-de-borda-honda-e-controles-ultraflex","status":"publish","type":"page","link":"https:\/\/vetus.com\/pt-pt\/integracao-do-propulsor-bow-pro-com-motores-fora-de-borda-honda-e-controles-ultraflex\/","title":{"rendered":"Integra\u00e7\u00e3o do propulsor BOW PRO com motores fora de borda Honda e controles Ultraflex"},"content":{"rendered":"\n<section class=\"section  \">\n    \n\n<section id=\"section-text-block-block_83e2c7e257f2636ebba5895d0ff32421\" class=\"section text-block \">\n                    <div class=\"section section__body\">\n            <div class=\"text-block\">\n                <div class=\"container\">\n                    <div class=\"row\">\n                        <div class=\"col-lg-8 offset-lg-2\">\n                                                            <div class=\"section__content single__content hentry\">\n                                    <p data-start=\"145\" data-end=\"432\">Expandindo o programa de integra\u00e7\u00e3o para melhorar a experi\u00eancia de navega\u00e7\u00e3o de ainda mais utilizadores, a VETUS estabelece agora uma parceria com a Honda Marine e a Ultraflex para permitir a integra\u00e7\u00e3o total dos propulsores BOW PRO com motores fora de borda Honda e controles Ultraflex.<\/p>\n<p data-start=\"434\" data-end=\"698\">Esta colabora\u00e7\u00e3o introduz um sistema de comunica\u00e7\u00e3o otimizado, conectando perfeitamente o motor, a dire\u00e7\u00e3o e o propulsor de proa num \u00fanico joystick de f\u00e1cil utiliza\u00e7\u00e3o, transformando as manobras de atraca\u00e7\u00e3o e de espa\u00e7os reduzidos num processo suave e sem esfor\u00e7o.<\/p>\n                                <\/div>\n                            \n                                                    <\/div>\n                    <\/div>\n                <\/div>\n            <\/div>\n        <\/div>\n    <\/section>\n<section id=\"content-block-1-block_83e2c7e257f2636ebba5895d0ff32421\" class=\"section content-block content-block--image \">\n    <div class=\"container\">\n        <div class=\"row d-flex align-items-center\">\n\n            <div class=\"col-md-6 col-lg-7\">\n                                    <div class=\"content-block__visuals\">\n                        <div class=\"content-block__media media--clipped media ratio\">\n                            <div class=\"media__wrapper\">\n                                <img decoding=\"async\" width=\"690\" height=\"457\" src=\"https:\/\/vetus.com\/wp-content\/uploads\/DSC_0752-690x457.jpg\" class=\"media__source img-fit\" alt=\"\" srcset=\"https:\/\/vetus.com\/wp-content\/uploads\/DSC_0752-690x457.jpg 690w, https:\/\/vetus.com\/wp-content\/uploads\/DSC_0752-300x199.jpg 300w, https:\/\/vetus.com\/wp-content\/uploads\/DSC_0752-768x509.jpg 768w, https:\/\/vetus.com\/wp-content\/uploads\/DSC_0752-210x139.jpg 210w, https:\/\/vetus.com\/wp-content\/uploads\/DSC_0752-330x219.jpg 330w, https:\/\/vetus.com\/wp-content\/uploads\/DSC_0752-431x285.jpg 431w, https:\/\/vetus.com\/wp-content\/uploads\/DSC_0752-507x336.jpg 507w, https:\/\/vetus.com\/wp-content\/uploads\/DSC_0752-530x351.jpg 530w, https:\/\/vetus.com\/wp-content\/uploads\/DSC_0752-930x616.jpg 930w, https:\/\/vetus.com\/wp-content\/uploads\/DSC_0752-1170x775.jpg 1170w\" sizes=\"auto, (max-width: 575.98px) 431px, (max-width: 767.98px) 530px, (max-width: 991.98px) 330px, (max-width: 1279.98px) 530px, (max-width: 1899.98px) 690px, 930px\" loading=\"lazy\" \/>                            <\/div>\n                        <\/div>\n                    <\/div>\n                            <\/div>\n\n            <div class=\"col-md-6 col-lg-4 offset-lg-1\">\n                <div class=\"content-block__body\">\n                                            <h3 class=\"content-block__title\">\n                            O futuro da atraca\u00e7\u00e3o chegou                        <\/h3>\n                    \n                    \n                                            <p data-start=\"739\" data-end=\"1037\">Os navegadores podem agora manobrar com total confian\u00e7a e precis\u00e3o em qualquer situa\u00e7\u00e3o de atraca\u00e7\u00e3o. A integra\u00e7\u00e3o dos motores fora de borda Honda, dos controles Ultraflex e dos propulsores VETUS BOW PRO garante um manuseamento f\u00e1cil da embarca\u00e7\u00e3o \u2014 mesmo nos ambientes de atraca\u00e7\u00e3o mais complexos.<\/p>\n<ul data-start=\"1039\" data-end=\"1625\">\n<li data-start=\"1039\" data-end=\"1155\">\n<p data-start=\"1041\" data-end=\"1155\"><strong data-start=\"1041\" data-end=\"1074\">Controlo total ao seu alcance<\/strong> \u2013 Manobre a sua embarca\u00e7\u00e3o exatamente como imagina, com precis\u00e3o e facilidade.<\/p>\n<\/li>\n<li data-start=\"1156\" data-end=\"1301\">\n<p data-start=\"1158\" data-end=\"1301\"><strong data-start=\"1158\" data-end=\"1181\">Integra\u00e7\u00e3o perfeita<\/strong> \u2013 Sincroniza\u00e7\u00e3o ideal entre o motor fora de borda Honda e o propulsor VETUS para um desempenho superior na atraca\u00e7\u00e3o.<\/p>\n<\/li>\n<li data-start=\"1302\" data-end=\"1460\">\n<p data-start=\"1304\" data-end=\"1460\"><strong data-start=\"1304\" data-end=\"1330\">Movimentos sem esfor\u00e7o<\/strong> \u2013 Desloque a embarca\u00e7\u00e3o lateralmente, na diagonal, para a frente, para tr\u00e1s ou rode sobre o pr\u00f3prio eixo com um \u00fanico joystick.<\/p>\n<\/li>\n<li data-start=\"1461\" data-end=\"1625\">\n<p data-start=\"1463\" data-end=\"1625\"><strong data-start=\"1463\" data-end=\"1500\">Efici\u00eancia de atraca\u00e7\u00e3o otimizada<\/strong> \u2013 Reduz o movimento da \u00e1gua causado pelos motores fora de borda, tornando a atraca\u00e7\u00e3o em espa\u00e7os apertados ainda mais suave.<\/p>\n<\/li>\n<\/ul>\n                    \t\t\t\t\t\n                                    <\/div>\n            <\/div>\n        <\/div>\n    <\/div>\n<\/section>\n<section id=\"content-block-1-block_83e2c7e257f2636ebba5895d0ff32421\" class=\"section content-block content-block--image \">\n    <div class=\"container\">\n        <div class=\"row d-flex align-items-center flex-md-row-reverse\">\n\n            <div class=\"col-md-6 col-lg-7 offset-lg-1\">\n                                    <div class=\"content-block__visuals\">\n                        <div class=\"content-block__media media--clipped media ratio\">\n                            <div class=\"media__wrapper\">\n                                <img decoding=\"async\" width=\"690\" height=\"457\" src=\"https:\/\/vetus.com\/wp-content\/uploads\/DSC_0765-690x457.jpg\" class=\"media__source img-fit\" alt=\"\" srcset=\"https:\/\/vetus.com\/wp-content\/uploads\/DSC_0765-690x457.jpg 690w, https:\/\/vetus.com\/wp-content\/uploads\/DSC_0765-300x199.jpg 300w, https:\/\/vetus.com\/wp-content\/uploads\/DSC_0765-768x509.jpg 768w, https:\/\/vetus.com\/wp-content\/uploads\/DSC_0765-210x139.jpg 210w, https:\/\/vetus.com\/wp-content\/uploads\/DSC_0765-330x219.jpg 330w, https:\/\/vetus.com\/wp-content\/uploads\/DSC_0765-431x285.jpg 431w, https:\/\/vetus.com\/wp-content\/uploads\/DSC_0765-507x336.jpg 507w, https:\/\/vetus.com\/wp-content\/uploads\/DSC_0765-530x351.jpg 530w, https:\/\/vetus.com\/wp-content\/uploads\/DSC_0765-930x616.jpg 930w, https:\/\/vetus.com\/wp-content\/uploads\/DSC_0765-1170x775.jpg 1170w\" sizes=\"auto, (max-width: 575.98px) 431px, (max-width: 767.98px) 530px, (max-width: 991.98px) 330px, (max-width: 1279.98px) 530px, (max-width: 1899.98px) 690px, 930px\" loading=\"lazy\" \/>                            <\/div>\n                        <\/div>\n                    <\/div>\n                            <\/div>\n\n            <div class=\"col-md-6 col-lg-4\">\n                <div class=\"content-block__body\">\n                                            <h3 class=\"content-block__title\">\n                            Uma colabora\u00e7\u00e3o tecnol\u00f3gica de alto desempenho                        <\/h3>\n                    \n                    \n                                            <p data-start=\"1684\" data-end=\"2041\">Esta parceria estrat\u00e9gica entre a VETUS, a Honda e a Ultraflex representa um avan\u00e7o significativo na tecnologia n\u00e1utica. Ao combinar a pot\u00eancia e a fiabilidade da Honda Marine, o controlo avan\u00e7ado da Ultraflex e o desempenho inovador dos propulsores VETUS BOW PRO, os navegadores podem agora experimentar um n\u00edvel de confian\u00e7a na atraca\u00e7\u00e3o como nunca antes.<\/p>\n<ul data-start=\"2043\" data-end=\"2421\">\n<li data-start=\"2043\" data-end=\"2160\">\n<p data-start=\"2045\" data-end=\"2160\">Todos os propulsores BOW PRO (BOWA &amp; BOWB) e RIMDRIVE s\u00e3o totalmente compat\u00edveis com motores fora de borda Honda.<\/p>\n<\/li>\n<li data-start=\"2161\" data-end=\"2286\">\n<p data-start=\"2163\" data-end=\"2286\">Concebido para instala\u00e7\u00f5es de um a quatro motores, garantindo flexibilidade para diferentes configura\u00e7\u00f5es de embarca\u00e7\u00f5es.<\/p>\n<\/li>\n<li data-start=\"2287\" data-end=\"2421\">\n<p data-start=\"2289\" data-end=\"2421\">Desenvolvido para oferecer fiabilidade, seguran\u00e7a e facilidade de utiliza\u00e7\u00e3o, tornando a atraca\u00e7\u00e3o uma experi\u00eancia sem preocupa\u00e7\u00f5es.<\/p>\n<\/li>\n<\/ul>\n                    \t\t\t\t\t\n                                    <\/div>\n            <\/div>\n        <\/div>\n    <\/div>\n<\/section>\n\n<section id=\"section-text-block-block_83e2c7e257f2636ebba5895d0ff32421\" class=\"section text-block \">\n                    <div class=\"section section__body\">\n            <div class=\"text-block\">\n                <div class=\"container\">\n                    <div class=\"row\">\n                        <div class=\"col-lg-8 offset-lg-2\">\n                                                            <div class=\"section__content single__content hentry\">\n                                    <div class=\"flex flex-col text-sm pb-25\">\n<article class=\"text-token-text-primary w-full focus:outline-none [--shadow-height:45px] has-data-writing-block:pointer-events-none has-data-writing-block:-mt-(--shadow-height) has-data-writing-block:pt-(--shadow-height) [&amp;:has([data-writing-block])&gt;*]:pointer-events-auto scroll-mt-[calc(var(--header-height)+min(200px,max(70px,20svh)))]\" dir=\"auto\" tabindex=\"-1\" data-turn-id=\"request-WEB:5ff059b7-d1d8-4d65-bda1-e23257724971-14\" data-testid=\"conversation-turn-30\" data-scroll-anchor=\"true\" data-turn=\"assistant\">\n<div class=\"text-base my-auto mx-auto pb-10 [--thread-content-margin:--spacing(4)] @w-sm\/main:[--thread-content-margin:--spacing(6)] @w-lg\/main:[--thread-content-margin:--spacing(16)] px-(--thread-content-margin)\">\n<div class=\"[--thread-content-max-width:40rem] @w-lg\/main:[--thread-content-max-width:48rem] mx-auto max-w-(--thread-content-max-width) flex-1 group\/turn-messages focus-visible:outline-hidden relative flex w-full min-w-0 flex-col agent-turn\" tabindex=\"-1\">\n<div class=\"flex max-w-full flex-col grow\">\n<div class=\"min-h-8 text-message relative flex w-full flex-col items-end gap-2 text-start break-words whitespace-normal [.text-message+&amp;]:mt-1\" dir=\"auto\" data-message-author-role=\"assistant\" data-message-id=\"0cd95363-316d-4e18-a4db-df8e575e72c5\" data-message-model-slug=\"gpt-5-2\">\n<div class=\"flex w-full flex-col gap-1 empty:hidden first:pt-[1px]\">\n<div class=\"markdown prose dark:prose-invert w-full wrap-break-word light markdown-new-styling\">\n<h3 data-start=\"2428\" data-end=\"2476\">Melhore hoje a sua experi\u00eancia de navega\u00e7\u00e3o!<\/h3>\n<p data-start=\"2478\" data-end=\"2636\" data-is-last-node=\"\" data-is-only-node=\"\">Atracar nunca foi t\u00e3o f\u00e1cil. Com a VETUS, a Honda Marine e a Ultraflex, desfrute do equil\u00edbrio perfeito entre tecnologia, desempenho e facilidade de controlo.<\/p>\n<\/div>\n<\/div>\n<\/div>\n<\/div>\n<div class=\"z-0 flex min-h-[46px] justify-start\"><\/div>\n<div class=\"mt-3 w-full empty:hidden\">\n<div class=\"text-center\"><\/div>\n<\/div>\n<\/div>\n<\/div>\n<\/article>\n<\/div>\n<div class=\"pointer-events-none h-px w-px absolute bottom-0\" aria-hidden=\"true\" data-edge=\"true\"><\/div>\n                                <\/div>\n                            \n                                                    <\/div>\n                    <\/div>\n                <\/div>\n            <\/div>\n        <\/div>\n    <\/section><\/section>","protected":false},"excerpt":{"rendered":"","protected":false},"author":20,"featured_media":0,"parent":0,"menu_order":0,"comment_status":"closed","ping_status":"closed","template":"tpl-default.php","meta":{"_acf_changed":false,"footnotes":""},"class_list":["post-101575","page","type-page","status-publish","hentry"],"acf":{"background_image":{"ID":100397,"id":100397,"title":"palmm","filename":"palmm.jpg","filesize":63573,"url":"https:\/\/vetus.com\/wp-content\/uploads\/palmm.jpg","link":"https:\/\/vetus.com\/pt-pt\/show-de-barco\/palm-beach-boat-show-2\/palmm-2\/","alt":"","author":"20","description":"","caption":"","name":"palmm-2","status":"inherit","uploaded_to":100409,"date":"2025-02-12 12:32:55","modified":"2025-02-12 12:32:55","menu_order":0,"mime_type":"image\/jpeg","type":"image","subtype":"jpeg","icon":"https:\/\/vetus.com\/wp-includes\/images\/media\/default.png","width":960,"height":640,"sizes":{"thumbnail":"https:\/\/vetus.com\/wp-content\/uploads\/palmm-150x150.jpg","thumbnail-width":150,"thumbnail-height":150,"medium":"https:\/\/vetus.com\/wp-content\/uploads\/palmm-300x200.jpg","medium-width":300,"medium-height":200,"medium_large":"https:\/\/vetus.com\/wp-content\/uploads\/palmm-768x512.jpg","medium_large-width":768,"medium_large-height":512,"large":"https:\/\/vetus.com\/wp-content\/uploads\/palmm.jpg","large-width":960,"large-height":640,"1536x1536":"https:\/\/vetus.com\/wp-content\/uploads\/palmm.jpg","1536x1536-width":960,"1536x1536-height":640,"2048x2048":"https:\/\/vetus.com\/wp-content\/uploads\/palmm.jpg","2048x2048-width":960,"2048x2048-height":640,"210w":"https:\/\/vetus.com\/wp-content\/uploads\/palmm-210x140.jpg","210w-width":210,"210w-height":140,"330w":"https:\/\/vetus.com\/wp-content\/uploads\/palmm-330x220.jpg","330w-width":330,"330w-height":220,"431w":"https:\/\/vetus.com\/wp-content\/uploads\/palmm-431x287.jpg","431w-width":431,"431w-height":287,"507w":"https:\/\/vetus.com\/wp-content\/uploads\/palmm-507x338.jpg","507w-width":507,"507w-height":338,"530w":"https:\/\/vetus.com\/wp-content\/uploads\/palmm-530x353.jpg","530w-width":530,"530w-height":353,"690w":"https:\/\/vetus.com\/wp-content\/uploads\/palmm-690x460.jpg","690w-width":690,"690w-height":460,"930w":"https:\/\/vetus.com\/wp-content\/uploads\/palmm-930x620.jpg","930w-width":930,"930w-height":620,"1170w":"https:\/\/vetus.com\/wp-content\/uploads\/palmm.jpg","1170w-width":960,"1170w-height":640,"gform-image-choice-sm":"https:\/\/vetus.com\/wp-content\/uploads\/palmm-300x300.jpg","gform-image-choice-sm-width":300,"gform-image-choice-sm-height":300,"gform-image-choice-md":"https:\/\/vetus.com\/wp-content\/uploads\/palmm-400x400.jpg","gform-image-choice-md-width":400,"gform-image-choice-md-height":400,"gform-image-choice-lg":"https:\/\/vetus.com\/wp-content\/uploads\/palmm-600x600.jpg","gform-image-choice-lg-width":600,"gform-image-choice-lg-height":600}},"button":{"title":"","url":"","target":"","0":""},"image":{"ID":101767,"id":101767,"title":"Idea 80 + BF350 Grand Prix White (16)","filename":"Idea-80-BF350-Grand-Prix-White-16-scaled.jpg","filesize":725252,"url":"https:\/\/vetus.com\/wp-content\/uploads\/Idea-80-BF350-Grand-Prix-White-16-scaled.jpg","link":"https:\/\/vetus.com\/pt-pt\/integracao-do-propulsor-bow-pro-com-motores-fora-de-borda-honda-e-controles-ultraflex\/idea-80-bf350-grand-prix-white-16-2\/","alt":"","author":"20","description":"","caption":"","name":"idea-80-bf350-grand-prix-white-16-2","status":"inherit","uploaded_to":101575,"date":"2025-03-06 10:20:59","modified":"2025-03-06 10:20:59","menu_order":0,"mime_type":"image\/jpeg","type":"image","subtype":"jpeg","icon":"https:\/\/vetus.com\/wp-includes\/images\/media\/default.png","width":2560,"height":1707,"sizes":{"thumbnail":"https:\/\/vetus.com\/wp-content\/uploads\/Idea-80-BF350-Grand-Prix-White-16-150x150.jpg","thumbnail-width":150,"thumbnail-height":150,"medium":"https:\/\/vetus.com\/wp-content\/uploads\/Idea-80-BF350-Grand-Prix-White-16-300x200.jpg","medium-width":300,"medium-height":200,"medium_large":"https:\/\/vetus.com\/wp-content\/uploads\/Idea-80-BF350-Grand-Prix-White-16-768x512.jpg","medium_large-width":768,"medium_large-height":512,"large":"https:\/\/vetus.com\/wp-content\/uploads\/Idea-80-BF350-Grand-Prix-White-16-scaled.jpg","large-width":1024,"large-height":683,"1536x1536":"https:\/\/vetus.com\/wp-content\/uploads\/Idea-80-BF350-Grand-Prix-White-16-scaled.jpg","1536x1536-width":1536,"1536x1536-height":1024,"2048x2048":"https:\/\/vetus.com\/wp-content\/uploads\/Idea-80-BF350-Grand-Prix-White-16-scaled.jpg","2048x2048-width":2048,"2048x2048-height":1366,"210w":"https:\/\/vetus.com\/wp-content\/uploads\/Idea-80-BF350-Grand-Prix-White-16-210x140.jpg","210w-width":210,"210w-height":140,"330w":"https:\/\/vetus.com\/wp-content\/uploads\/Idea-80-BF350-Grand-Prix-White-16-330x220.jpg","330w-width":330,"330w-height":220,"431w":"https:\/\/vetus.com\/wp-content\/uploads\/Idea-80-BF350-Grand-Prix-White-16-431x287.jpg","431w-width":431,"431w-height":287,"507w":"https:\/\/vetus.com\/wp-content\/uploads\/Idea-80-BF350-Grand-Prix-White-16-507x338.jpg","507w-width":507,"507w-height":338,"530w":"https:\/\/vetus.com\/wp-content\/uploads\/Idea-80-BF350-Grand-Prix-White-16-530x353.jpg","530w-width":530,"530w-height":353,"690w":"https:\/\/vetus.com\/wp-content\/uploads\/Idea-80-BF350-Grand-Prix-White-16-690x460.jpg","690w-width":690,"690w-height":460,"930w":"https:\/\/vetus.com\/wp-content\/uploads\/Idea-80-BF350-Grand-Prix-White-16-930x620.jpg","930w-width":930,"930w-height":620,"1170w":"https:\/\/vetus.com\/wp-content\/uploads\/Idea-80-BF350-Grand-Prix-White-16-1170x780.jpg","1170w-width":1170,"1170w-height":780,"gform-image-choice-sm":"https:\/\/vetus.com\/wp-content\/uploads\/Idea-80-BF350-Grand-Prix-White-16-scaled.jpg","gform-image-choice-sm-width":300,"gform-image-choice-sm-height":200,"gform-image-choice-md":"https:\/\/vetus.com\/wp-content\/uploads\/Idea-80-BF350-Grand-Prix-White-16-scaled.jpg","gform-image-choice-md-width":400,"gform-image-choice-md-height":267,"gform-image-choice-lg":"https:\/\/vetus.com\/wp-content\/uploads\/Idea-80-BF350-Grand-Prix-White-16-scaled.jpg","gform-image-choice-lg-width":600,"gform-image-choice-lg-height":400}},"introduction":"","person":false,"title":"Integra\u00e7\u00e3o inteligente para maior manobrabilidade","video":false},"yoast_head":"<!-- This site is optimized with the Yoast SEO Premium plugin v27.3 (Yoast SEO v27.3) - https:\/\/yoast.com\/product\/yoast-seo-premium-wordpress\/ -->\n<title>Integra\u00e7\u00e3o do propulsor BOW PRO com motores fora de borda Honda e controles Ultraflex - VETUS<\/title>\n<meta name=\"description\" content=\"Expandindo o programa de integra\u00e7\u00e3o para melhorar a experi\u00eancia de navega\u00e7\u00e3o de ainda mais utilizadores, a VETUS estabelece agora uma...\" \/>\n<meta name=\"robots\" content=\"index, follow, max-snippet:-1, max-image-preview:large, max-video-preview:-1\" \/>\n<link rel=\"canonical\" href=\"https:\/\/vetus.com\/pt-pt\/integracao-do-propulsor-bow-pro-com-motores-fora-de-borda-honda-e-controles-ultraflex\/\" \/>\n<meta property=\"og:locale\" content=\"pt_PT\" \/>\n<meta property=\"og:type\" content=\"article\" \/>\n<meta property=\"og:title\" content=\"Integra\u00e7\u00e3o do propulsor BOW PRO com motores fora de borda Honda e controles Ultraflex\" \/>\n<meta property=\"og:description\" content=\"Expandindo o programa de integra\u00e7\u00e3o para melhorar a experi\u00eancia de navega\u00e7\u00e3o de ainda mais utilizadores, a VETUS estabelece agora uma...\" \/>\n<meta property=\"og:url\" content=\"https:\/\/vetus.com\/pt-pt\/integracao-do-propulsor-bow-pro-com-motores-fora-de-borda-honda-e-controles-ultraflex\/\" \/>\n<meta property=\"og:site_name\" content=\"VETUS\" \/>\n<meta property=\"article:modified_time\" content=\"2026-02-26T14:03:03+00:00\" \/>\n<meta name=\"twitter:card\" content=\"summary_large_image\" \/>\n<meta name=\"twitter:label1\" content=\"Tempo estimado de leitura\" \/>\n\t<meta name=\"twitter:data1\" content=\"3 minutes\" \/>\n<script type=\"application\/ld+json\" class=\"yoast-schema-graph\">{\"@context\":\"https:\\\/\\\/schema.org\",\"@graph\":[{\"@type\":\"WebPage\",\"@id\":\"https:\\\/\\\/vetus.com\\\/pt-pt\\\/integracao-do-propulsor-bow-pro-com-motores-fora-de-borda-honda-e-controles-ultraflex\\\/\",\"url\":\"https:\\\/\\\/vetus.com\\\/pt-pt\\\/integracao-do-propulsor-bow-pro-com-motores-fora-de-borda-honda-e-controles-ultraflex\\\/\",\"name\":\"Integra\u00e7\u00e3o do propulsor BOW PRO com motores fora de borda Honda e controles Ultraflex - VETUS\",\"isPartOf\":{\"@id\":\"https:\\\/\\\/vetus.com\\\/pt-pt\\\/#website\"},\"datePublished\":\"2025-02-26T14:42:13+00:00\",\"dateModified\":\"2026-02-26T14:03:03+00:00\",\"description\":\"Expandindo o programa de integra\u00e7\u00e3o para melhorar a experi\u00eancia de navega\u00e7\u00e3o de ainda mais utilizadores, a VETUS estabelece agora uma...\",\"breadcrumb\":{\"@id\":\"https:\\\/\\\/vetus.com\\\/pt-pt\\\/integracao-do-propulsor-bow-pro-com-motores-fora-de-borda-honda-e-controles-ultraflex\\\/#breadcrumb\"},\"inLanguage\":\"pt-PT\",\"potentialAction\":[{\"@type\":\"ReadAction\",\"target\":[\"https:\\\/\\\/vetus.com\\\/pt-pt\\\/integracao-do-propulsor-bow-pro-com-motores-fora-de-borda-honda-e-controles-ultraflex\\\/\"]}]},{\"@type\":\"BreadcrumbList\",\"@id\":\"https:\\\/\\\/vetus.com\\\/pt-pt\\\/integracao-do-propulsor-bow-pro-com-motores-fora-de-borda-honda-e-controles-ultraflex\\\/#breadcrumb\",\"itemListElement\":[{\"@type\":\"ListItem\",\"position\":1,\"name\":\"Home\",\"item\":\"https:\\\/\\\/vetus.com\\\/pt-pt\\\/\"},{\"@type\":\"ListItem\",\"position\":2,\"name\":\"Integra\u00e7\u00e3o do propulsor BOW PRO com motores fora de borda Honda e controles Ultraflex\"}]},{\"@type\":\"WebSite\",\"@id\":\"https:\\\/\\\/vetus.com\\\/pt-pt\\\/#website\",\"url\":\"https:\\\/\\\/vetus.com\\\/pt-pt\\\/\",\"name\":\"VETUS\",\"description\":\"\",\"potentialAction\":[{\"@type\":\"SearchAction\",\"target\":{\"@type\":\"EntryPoint\",\"urlTemplate\":\"https:\\\/\\\/vetus.com\\\/pt-pt\\\/?s={search_term_string}\"},\"query-input\":{\"@type\":\"PropertyValueSpecification\",\"valueRequired\":true,\"valueName\":\"search_term_string\"}}],\"inLanguage\":\"pt-PT\"}]}<\/script>\n<!-- \/ Yoast SEO Premium plugin. -->","yoast_head_json":{"title":"Integra\u00e7\u00e3o do propulsor BOW PRO com motores fora de borda Honda e controles Ultraflex - VETUS","description":"Expandindo o programa de integra\u00e7\u00e3o para melhorar a experi\u00eancia de navega\u00e7\u00e3o de ainda mais utilizadores, a VETUS estabelece agora uma...","robots":{"index":"index","follow":"follow","max-snippet":"max-snippet:-1","max-image-preview":"max-image-preview:large","max-video-preview":"max-video-preview:-1"},"canonical":"https:\/\/vetus.com\/pt-pt\/integracao-do-propulsor-bow-pro-com-motores-fora-de-borda-honda-e-controles-ultraflex\/","og_locale":"pt_PT","og_type":"article","og_title":"Integra\u00e7\u00e3o do propulsor BOW PRO com motores fora de borda Honda e controles Ultraflex","og_description":"Expandindo o programa de integra\u00e7\u00e3o para melhorar a experi\u00eancia de navega\u00e7\u00e3o de ainda mais utilizadores, a VETUS estabelece agora uma...","og_url":"https:\/\/vetus.com\/pt-pt\/integracao-do-propulsor-bow-pro-com-motores-fora-de-borda-honda-e-controles-ultraflex\/","og_site_name":"VETUS","article_modified_time":"2026-02-26T14:03:03+00:00","twitter_card":"summary_large_image","twitter_misc":{"Tempo estimado de leitura":"3 minutes"},"schema":{"@context":"https:\/\/schema.org","@graph":[{"@type":"WebPage","@id":"https:\/\/vetus.com\/pt-pt\/integracao-do-propulsor-bow-pro-com-motores-fora-de-borda-honda-e-controles-ultraflex\/","url":"https:\/\/vetus.com\/pt-pt\/integracao-do-propulsor-bow-pro-com-motores-fora-de-borda-honda-e-controles-ultraflex\/","name":"Integra\u00e7\u00e3o do propulsor BOW PRO com motores fora de borda Honda e controles Ultraflex - VETUS","isPartOf":{"@id":"https:\/\/vetus.com\/pt-pt\/#website"},"datePublished":"2025-02-26T14:42:13+00:00","dateModified":"2026-02-26T14:03:03+00:00","description":"Expandindo o programa de integra\u00e7\u00e3o para melhorar a experi\u00eancia de navega\u00e7\u00e3o de ainda mais utilizadores, a VETUS estabelece agora uma...","breadcrumb":{"@id":"https:\/\/vetus.com\/pt-pt\/integracao-do-propulsor-bow-pro-com-motores-fora-de-borda-honda-e-controles-ultraflex\/#breadcrumb"},"inLanguage":"pt-PT","potentialAction":[{"@type":"ReadAction","target":["https:\/\/vetus.com\/pt-pt\/integracao-do-propulsor-bow-pro-com-motores-fora-de-borda-honda-e-controles-ultraflex\/"]}]},{"@type":"BreadcrumbList","@id":"https:\/\/vetus.com\/pt-pt\/integracao-do-propulsor-bow-pro-com-motores-fora-de-borda-honda-e-controles-ultraflex\/#breadcrumb","itemListElement":[{"@type":"ListItem","position":1,"name":"Home","item":"https:\/\/vetus.com\/pt-pt\/"},{"@type":"ListItem","position":2,"name":"Integra\u00e7\u00e3o do propulsor BOW PRO com motores fora de borda Honda e controles Ultraflex"}]},{"@type":"WebSite","@id":"https:\/\/vetus.com\/pt-pt\/#website","url":"https:\/\/vetus.com\/pt-pt\/","name":"VETUS","description":"","potentialAction":[{"@type":"SearchAction","target":{"@type":"EntryPoint","urlTemplate":"https:\/\/vetus.com\/pt-pt\/?s={search_term_string}"},"query-input":{"@type":"PropertyValueSpecification","valueRequired":true,"valueName":"search_term_string"}}],"inLanguage":"pt-PT"}]}},"_links":{"self":[{"href":"https:\/\/vetus.com\/pt-pt\/wp-json\/wp\/v2\/pages\/101575","targetHints":{"allow":["GET"]}}],"collection":[{"href":"https:\/\/vetus.com\/pt-pt\/wp-json\/wp\/v2\/pages"}],"about":[{"href":"https:\/\/vetus.com\/pt-pt\/wp-json\/wp\/v2\/types\/page"}],"author":[{"embeddable":true,"href":"https:\/\/vetus.com\/pt-pt\/wp-json\/wp\/v2\/users\/20"}],"replies":[{"embeddable":true,"href":"https:\/\/vetus.com\/pt-pt\/wp-json\/wp\/v2\/comments?post=101575"}],"version-history":[{"count":4,"href":"https:\/\/vetus.com\/pt-pt\/wp-json\/wp\/v2\/pages\/101575\/revisions"}],"predecessor-version":[{"id":122797,"href":"https:\/\/vetus.com\/pt-pt\/wp-json\/wp\/v2\/pages\/101575\/revisions\/122797"}],"wp:attachment":[{"href":"https:\/\/vetus.com\/pt-pt\/wp-json\/wp\/v2\/media?parent=101575"}],"curies":[{"name":"wp","href":"https:\/\/api.w.org\/{rel}","templated":true}]}}