{"id":73977,"date":"2023-09-07T08:55:53","date_gmt":"2023-09-07T06:55:53","guid":{"rendered":"https:\/\/vetus.com\/kampanie-vetus\/yanmar-inboard-engine-integration-vetus-bow-pro-thrusters\/"},"modified":"2026-03-19T13:39:31","modified_gmt":"2026-03-19T11:39:31","slug":"integracja-silnikow-stacjonarnych-yanmar-ze-sterami-strumieniowymi-vetus-bow-pro","status":"publish","type":"page","link":"https:\/\/vetus.com\/pl\/kampanie-vetus\/integracja-silnikow-stacjonarnych-yanmar-ze-sterami-strumieniowymi-vetus-bow-pro\/","title":{"rendered":"Sterowanie joystickiem"},"content":{"rendered":"\n<section class=\"section  \">\n    \n<section id=\"content-block-1-block_d4ae353ff616e50970cf9d53ac661938\" class=\"section content-block content-block--image \">\n    <div class=\"container\">\n        <div class=\"row d-flex align-items-center\">\n\n            <div class=\"col-md-6 col-lg-7\">\n                                    <div class=\"content-block__visuals\">\n                        <div class=\"content-block__media media--clipped media ratio\">\n                            <div class=\"media__wrapper\">\n                                <img decoding=\"async\" width=\"690\" height=\"462\" src=\"https:\/\/vetus.com\/wp-content\/uploads\/Medium-VC30_Joystick_9532-690x462.jpg\" class=\"media__source img-fit\" alt=\"\" srcset=\"https:\/\/vetus.com\/wp-content\/uploads\/Medium-VC30_Joystick_9532-690x462.jpg 690w, https:\/\/vetus.com\/wp-content\/uploads\/Medium-VC30_Joystick_9532-300x201.jpg 300w, https:\/\/vetus.com\/wp-content\/uploads\/Medium-VC30_Joystick_9532-768x514.jpg 768w, https:\/\/vetus.com\/wp-content\/uploads\/Medium-VC30_Joystick_9532-210x140.jpg 210w, https:\/\/vetus.com\/wp-content\/uploads\/Medium-VC30_Joystick_9532-330x221.jpg 330w, https:\/\/vetus.com\/wp-content\/uploads\/Medium-VC30_Joystick_9532-431x288.jpg 431w, https:\/\/vetus.com\/wp-content\/uploads\/Medium-VC30_Joystick_9532-507x339.jpg 507w, https:\/\/vetus.com\/wp-content\/uploads\/Medium-VC30_Joystick_9532-530x355.jpg 530w, https:\/\/vetus.com\/wp-content\/uploads\/Medium-VC30_Joystick_9532-930x622.jpg 930w, https:\/\/vetus.com\/wp-content\/uploads\/Medium-VC30_Joystick_9532.jpg 1024w\" sizes=\"auto, (max-width: 575.98px) 431px, (max-width: 767.98px) 530px, (max-width: 991.98px) 330px, (max-width: 1279.98px) 530px, (max-width: 1899.98px) 690px, 930px\" loading=\"lazy\" \/>                            <\/div>\n                        <\/div>\n                    <\/div>\n                            <\/div>\n\n            <div class=\"col-md-6 col-lg-4 offset-lg-1\">\n                <div class=\"content-block__body\">\n                    \n                    \n                                            <h3><strong>System sterowania joystickiem YANMAR JC30 dla silnik\u00f3w stacjonarnych<\/strong><\/h3>\n<p>Ten <strong><a href=\"https:\/\/www.yanmar.com\/marine\/product\/controls\/jc30\/\" target=\"_blank\" rel=\"noopener\">YANMAR JC30<\/a><\/strong> to system sterowania joystickiem dla silnik\u00f3w stacjonarnych, kt\u00f3ry oferuje doskona\u0142e mo\u017cliwo\u015bci manewrowania i dokowania, \u0142\u0105cz\u0105c \u0142atwe i intuicyjne sterowanie joystickiem w przypadku instalacji z dwoma silnikami stacjonarnymi z nap\u0119dem na wa\u0142. Ten system joysticka w po\u0142\u0105czeniu ze sterem strumieniowym dziobowym VETUS BOW PRO u\u0142atwia sterowanie jachtem, nawet w trudnych warunkach<\/p>\n                    \t\t\t\t\t\n                                    <\/div>\n            <\/div>\n        <\/div>\n    <\/div>\n<\/section><\/section>\n\n<section class=\"section section--colored bg-light content-blocks bg-light   \">\n    \n<section id=\"content-block-4block_e2184020fc958302b4aa6cd6eb4b8024\" class=\"section content-block content-block--image \">\n    <div class=\"container\">\n        <div class=\"row d-flex align-items-center flex-md-row-reverse\">\n            <div class=\"col-11 offset-1 col-md-5 offset-md-1 col-lg-6 offset-lg-2\">\n                <div class=\"content-block__visuals\">\n                                            <div class=\"content-block__media media media--clipped ratio\">\n                            <div class=\"media__wrapper\">\n                                <img decoding=\"async\" width=\"431\" height=\"223\" src=\"https:\/\/vetus.com\/wp-content\/uploads\/VETUS-YANMAR-431x223.png\" class=\"media__source img-fit\" alt=\"YANMAR  - VETUS\" srcset=\"https:\/\/vetus.com\/wp-content\/uploads\/VETUS-YANMAR-431x223.png 431w, https:\/\/vetus.com\/wp-content\/uploads\/VETUS-YANMAR-300x155.png 300w, https:\/\/vetus.com\/wp-content\/uploads\/VETUS-YANMAR-768x398.png 768w, https:\/\/vetus.com\/wp-content\/uploads\/VETUS-YANMAR-210x109.png 210w, https:\/\/vetus.com\/wp-content\/uploads\/VETUS-YANMAR-330x171.png 330w, https:\/\/vetus.com\/wp-content\/uploads\/VETUS-YANMAR-507x263.png 507w, https:\/\/vetus.com\/wp-content\/uploads\/VETUS-YANMAR-530x275.png 530w, https:\/\/vetus.com\/wp-content\/uploads\/VETUS-YANMAR-690x357.png 690w, https:\/\/vetus.com\/wp-content\/uploads\/VETUS-YANMAR-930x482.png 930w, https:\/\/vetus.com\/wp-content\/uploads\/VETUS-YANMAR.png 1135w\" sizes=\"auto, (max-width: 575.98px) 431px, (max-width: 767.98px) 530px, (max-width: 991.98px) 330px, (max-width: 1279.98px) 431px, (max-width: 1899.98px) 530px, 690px\" loading=\"lazy\" \/>                            <\/div>\n                        <\/div>\n                    \n\n                    <div class=\"content-block__shape content-block__shape--image shape shape--primary-outline\">\n                        <svg viewBox=\"0 0 170 170\" xmlns=\"http:\/\/www.w3.org\/2000\/svg\">\n                            <path d=\"m1168.82182 840-27.67059 168h-140.15123v-168z\" fill=\"none\" stroke-width=\"2\" transform=\"translate(-1000 -839)\" shape-rendering=\"optimizeQuality\"><\/path>\n                        <\/svg>\n                    <\/div>\n                <\/div>\n            <\/div>\n\n            <div class=\"col-md-6 col-lg-4\">\n                <div class=\"content-block__body\">\n                    \n                                            <h3><strong>VETUS BOW PRO \u2013 JC30 Cechy i korzy\u015bci<\/strong><\/h3>\n<ul>\n<li>Bezproblemowe sterowanie w ciasnych przestrzeniach<\/li>\n<li>Dost\u0119pne dla instalacji z dwoma silnikami stacjonarnymi z nap\u0119dem na wa\u0142<\/li>\n<li>Kompatybilny z seriami silnik\u00f3w YANMAR common rail JH-CR, 4LV, 8LV, 6LY-CR, 6LF i 6LT<\/li>\n<li>Mo\u017cliwo\u015b\u0107 obs\u0142ugi jedn\u0105 r\u0119k\u0105<\/li>\n<\/ul>\n                    \n                                            <div class=\"content-block__actions actions\">\n                            <div class=\"btn-group d-flex flex-wrap justify-content-center justify-content-md-start\">\n                                <a href=\"https:\/\/webshop.vetus.com\/en\/products\/thruster-systems\/bow-and-stern-thrusters\/bow-pro-thrusters\" class=\"btn btn-sm btn-empty btn-empty-primary\" title=\"\" target=\"\">\n                                    <span>Odkryj nasze systemy ster\u00f3w strumieniowych dziobowych BOW PRO<\/span>\n                                    <i class=\"icon icon-keyboard_arrow_right\"><\/i>\n                                <\/a>\n\n                                <!-- <a href=\"#\" class=\"btn btn-sm btn-empty btn-empty-primary\" title=\"\">\n                                    <span>Watch video<\/span>\n                                    <i class=\"icon icon-play_circle_outline\"><\/i>\n                                <\/a> -->\n                                <!-- <a href=\"#\" class=\"btn btn-sm btn-empty btn-empty-primary\" title=\"\">\n                                    <span>Innovation<\/span>\n                                    <i class=\"icon icon-keyboard_arrow_right\"><\/i>\n                                <\/a> -->\n                            <\/div>\n                        <\/div>\n                                    <\/div>\n            <\/div>\n        <\/div>\n    <\/div>\n<\/section><\/section>\n\n\n<section class=\"section  \">\n    \n<section id=\"content-block-1-block_c779f4148a8f082c73e8ade99ecf63ff\" class=\"section content-block content-block--image \">\n    <div class=\"container\">\n        <div class=\"row d-flex align-items-center\">\n\n            <div class=\"col-md-6 col-lg-7\">\n                                    <div class=\"content-block__visuals\">\n                        <div class=\"content-block__media media--clipped media ratio\">\n                            <div class=\"media__wrapper\">\n                                <img decoding=\"async\" width=\"690\" height=\"460\" src=\"https:\/\/vetus.com\/wp-content\/uploads\/BOW-PRO-400_4-2-690x460.png\" class=\"media__source img-fit\" alt=\"\" srcset=\"https:\/\/vetus.com\/wp-content\/uploads\/BOW-PRO-400_4-2-690x460.png 690w, https:\/\/vetus.com\/wp-content\/uploads\/BOW-PRO-400_4-2-300x200.png 300w, https:\/\/vetus.com\/wp-content\/uploads\/BOW-PRO-400_4-2-768x512.png 768w, https:\/\/vetus.com\/wp-content\/uploads\/BOW-PRO-400_4-2-210x140.png 210w, https:\/\/vetus.com\/wp-content\/uploads\/BOW-PRO-400_4-2-330x220.png 330w, https:\/\/vetus.com\/wp-content\/uploads\/BOW-PRO-400_4-2-431x287.png 431w, https:\/\/vetus.com\/wp-content\/uploads\/BOW-PRO-400_4-2-507x338.png 507w, https:\/\/vetus.com\/wp-content\/uploads\/BOW-PRO-400_4-2-530x353.png 530w, https:\/\/vetus.com\/wp-content\/uploads\/BOW-PRO-400_4-2-930x620.png 930w, https:\/\/vetus.com\/wp-content\/uploads\/BOW-PRO-400_4-2-1170x780.png 1170w, https:\/\/vetus.com\/wp-content\/uploads\/BOW-PRO-400_4-2.png 1500w\" sizes=\"auto, (max-width: 575.98px) 431px, (max-width: 767.98px) 530px, (max-width: 991.98px) 330px, (max-width: 1279.98px) 530px, (max-width: 1899.98px) 690px, 930px\" loading=\"lazy\" \/>                            <\/div>\n                        <\/div>\n                    <\/div>\n                            <\/div>\n\n            <div class=\"col-md-6 col-lg-4 offset-lg-1\">\n                <div class=\"content-block__body\">\n                                            <h3 class=\"content-block__title\">\n                            Integracja ster\u00f3w strumieniowych dziobowych VETUS BOW PRO z systemem sterowania YANMAR JC30                        <\/h3>\n                    \n                    \n                                            <p>Integracja steru strumieniowego dziobowego VETUS BOW PRO w \u0142odzi wyposa\u017conej w system sterowania joystickiem YANMAR JC30 dla silnik\u00f3w stacjonarnych znacznie poprawia kontrol\u0119 przy niskiej pr\u0119dko\u015bci i upraszcza dokowanie, zwi\u0119kszaj\u0105c bezpiecze\u0144stwo i og\u00f3ln\u0105 funkcjonalno\u015b\u0107 \u0142odzi. Ten poziom po\u0142\u0105czonej kontroli zapewnia niezr\u00f3wnan\u0105 pewno\u015b\u0107, zw\u0142aszcza podczas trudnych dotychczas manewr\u00f3w \u0142odzi\u0105.<\/p>\n                    \t\t\t\t\t\n                                            <div class=\"content-block__actions actions\">\n                            <div class=\"btn-group d-flex flex-wrap justify-content-center justify-content-md-start\">\n                                <a href=\"https:\/\/www.yanmar.com\/marine\/product\/controls\/jc30\/\" class=\"btn btn-sm btn-empty btn-empty-primary\" title=\"\" target=\"_blank\">\n                                    <span>YANMAR JC30<\/span>\n                                    <i class=\"icon icon-keyboard_arrow_right\"><\/i>\n                                <\/a>\n\n                                <!-- <a href=\"#\" class=\"btn btn-sm btn-empty btn-empty-primary\" title=\"\">\n                                    <span>Watch video<\/span>\n                                    <i class=\"icon icon-play_circle_outline\"><\/i>\n                                <\/a> -->\n                                <!-- <a href=\"#\" class=\"btn btn-sm btn-empty btn-empty-primary\" title=\"\">\n                                    <span>Innovation<\/span>\n                                    <i class=\"icon icon-keyboard_arrow_right\"><\/i>\n                                <\/a> -->\n                            <\/div>\n                        <\/div>\n                                    <\/div>\n            <\/div>\n        <\/div>\n    <\/div>\n<\/section><\/section>","protected":false},"excerpt":{"rendered":"","protected":false},"author":25,"featured_media":73791,"parent":32273,"menu_order":0,"comment_status":"closed","ping_status":"closed","template":"tpl-default.php","meta":{"_acf_changed":false,"footnotes":""},"class_list":["post-73977","page","type-page","status-publish","has-post-thumbnail","hentry"],"acf":{"image":{"ID":73791,"id":73791,"title":"DJI_0346","filename":"DJI_0346-scaled-e1694159194714.jpg","filesize":741747,"url":"https:\/\/vetus.com\/wp-content\/uploads\/DJI_0346-scaled-e1694159194714.jpg","link":"https:\/\/vetus.com\/pl\/kampanie-vetus\/integracja-silnikow-stacjonarnych-yanmar-ze-sterami-strumieniowymi-vetus-bow-pro\/dji_0346-2\/","alt":"Integration VETUS BOW PRO thrusters with YANMAR inboard engines","author":"25","description":"","caption":"Integration VETUS BOW PRO thrusters with YANMAR inboard engines","name":"dji_0346-2","status":"inherit","uploaded_to":73977,"date":"2023-09-06 13:12:17","modified":"2023-09-06 13:12:48","menu_order":0,"mime_type":"image\/jpeg","type":"image","subtype":"jpeg","icon":"https:\/\/vetus.com\/wp-includes\/images\/media\/default.png","width":2560,"height":1433,"sizes":{"thumbnail":"https:\/\/vetus.com\/wp-content\/uploads\/DJI_0346-scaled-e1694159194714-150x150.jpg","thumbnail-width":150,"thumbnail-height":150,"medium":"https:\/\/vetus.com\/wp-content\/uploads\/DJI_0346-scaled-e1694159194714-300x168.jpg","medium-width":300,"medium-height":168,"medium_large":"https:\/\/vetus.com\/wp-content\/uploads\/DJI_0346-scaled-e1694159194714-768x430.jpg","medium_large-width":768,"medium_large-height":430,"large":"https:\/\/vetus.com\/wp-content\/uploads\/DJI_0346-scaled-e1694159194714-1024x573.jpg","large-width":1024,"large-height":573,"1536x1536":"https:\/\/vetus.com\/wp-content\/uploads\/DJI_0346-scaled-e1694159194714-1536x860.jpg","1536x1536-width":1536,"1536x1536-height":860,"2048x2048":"https:\/\/vetus.com\/wp-content\/uploads\/DJI_0346-scaled-e1694159194714-2048x1146.jpg","2048x2048-width":2048,"2048x2048-height":1146,"210w":"https:\/\/vetus.com\/wp-content\/uploads\/DJI_0346-scaled-e1694159194714-210x118.jpg","210w-width":210,"210w-height":118,"330w":"https:\/\/vetus.com\/wp-content\/uploads\/DJI_0346-scaled-e1694159194714-330x185.jpg","330w-width":330,"330w-height":185,"431w":"https:\/\/vetus.com\/wp-content\/uploads\/DJI_0346-scaled-e1694159194714-431x241.jpg","431w-width":431,"431w-height":241,"507w":"https:\/\/vetus.com\/wp-content\/uploads\/DJI_0346-scaled-e1694159194714-507x284.jpg","507w-width":507,"507w-height":284,"530w":"https:\/\/vetus.com\/wp-content\/uploads\/DJI_0346-scaled-e1694159194714-530x297.jpg","530w-width":530,"530w-height":297,"690w":"https:\/\/vetus.com\/wp-content\/uploads\/DJI_0346-scaled-e1694159194714-690x386.jpg","690w-width":690,"690w-height":386,"930w":"https:\/\/vetus.com\/wp-content\/uploads\/DJI_0346-scaled-e1694159194714-930x521.jpg","930w-width":930,"930w-height":521,"1170w":"https:\/\/vetus.com\/wp-content\/uploads\/DJI_0346-scaled-e1694159194714-1170x655.jpg","1170w-width":1170,"1170w-height":655,"gform-image-choice-sm":"https:\/\/vetus.com\/wp-content\/uploads\/DJI_0346-scaled-e1694159194714.jpg","gform-image-choice-sm-width":300,"gform-image-choice-sm-height":168,"gform-image-choice-md":"https:\/\/vetus.com\/wp-content\/uploads\/DJI_0346-scaled-e1694159194714.jpg","gform-image-choice-md-width":400,"gform-image-choice-md-height":224,"gform-image-choice-lg":"https:\/\/vetus.com\/wp-content\/uploads\/DJI_0346-scaled-e1694159194714.jpg","gform-image-choice-lg-width":600,"gform-image-choice-lg-height":336}},"introduction":"","person":false,"title":"Integracja ster\u00f3w strumieniowych dziobowych VETUS BOW PRO z silnikami stacjonarnymi YANMAR"},"yoast_head":"<!-- This site is optimized with the Yoast SEO Premium plugin v27.3 (Yoast SEO v27.3) - https:\/\/yoast.com\/product\/yoast-seo-premium-wordpress\/ -->\n<title>Integracja silnik\u00f3w stacjonarnych YANMAR ze sterami strumieniowymi VETUS BOW PRO<\/title>\n<meta name=\"description\" content=\"System sterowania joystickiem YANMAR JC20A do silnik\u00f3w stacjonarnych, w po\u0142\u0105czeniu ze sterami strumieniowymi dziobowymi...\" \/>\n<meta name=\"robots\" content=\"index, follow, max-snippet:-1, max-image-preview:large, max-video-preview:-1\" \/>\n<link rel=\"canonical\" href=\"https:\/\/vetus.com\/pl\/kampanie-vetus\/integracja-silnikow-stacjonarnych-yanmar-ze-sterami-strumieniowymi-vetus-bow-pro\/\" \/>\n<meta property=\"og:locale\" content=\"pl_PL\" \/>\n<meta property=\"og:type\" content=\"article\" \/>\n<meta property=\"og:title\" content=\"Sterowanie joystickiem\" \/>\n<meta property=\"og:description\" content=\"System sterowania joystickiem YANMAR JC20A do silnik\u00f3w stacjonarnych, w po\u0142\u0105czeniu ze sterami strumieniowymi dziobowymi...\" \/>\n<meta property=\"og:url\" content=\"https:\/\/vetus.com\/pl\/kampanie-vetus\/integracja-silnikow-stacjonarnych-yanmar-ze-sterami-strumieniowymi-vetus-bow-pro\/\" \/>\n<meta property=\"og:site_name\" content=\"VETUS\" \/>\n<meta property=\"article:modified_time\" content=\"2026-03-19T11:39:31+00:00\" \/>\n<meta property=\"og:image\" content=\"https:\/\/vetus.com\/wp-content\/uploads\/DJI_0346-scaled-e1694159194714.jpg\" \/>\n\t<meta property=\"og:image:width\" content=\"2560\" \/>\n\t<meta property=\"og:image:height\" content=\"1433\" \/>\n\t<meta property=\"og:image:type\" content=\"image\/jpeg\" \/>\n<meta name=\"twitter:card\" content=\"summary_large_image\" \/>\n<meta name=\"twitter:label1\" content=\"Szacowany czas czytania\" \/>\n\t<meta name=\"twitter:data1\" content=\"1 minuta\" \/>\n<script type=\"application\/ld+json\" class=\"yoast-schema-graph\">{\"@context\":\"https:\\\/\\\/schema.org\",\"@graph\":[{\"@type\":\"WebPage\",\"@id\":\"https:\\\/\\\/vetus.com\\\/pl\\\/kampanie-vetus\\\/integracja-silnikow-stacjonarnych-yanmar-ze-sterami-strumieniowymi-vetus-bow-pro\\\/\",\"url\":\"https:\\\/\\\/vetus.com\\\/pl\\\/kampanie-vetus\\\/integracja-silnikow-stacjonarnych-yanmar-ze-sterami-strumieniowymi-vetus-bow-pro\\\/\",\"name\":\"Integracja silnik\u00f3w stacjonarnych YANMAR ze sterami strumieniowymi VETUS BOW PRO\",\"isPartOf\":{\"@id\":\"https:\\\/\\\/vetus.com\\\/pl\\\/#website\"},\"primaryImageOfPage\":{\"@id\":\"https:\\\/\\\/vetus.com\\\/pl\\\/kampanie-vetus\\\/integracja-silnikow-stacjonarnych-yanmar-ze-sterami-strumieniowymi-vetus-bow-pro\\\/#primaryimage\"},\"image\":{\"@id\":\"https:\\\/\\\/vetus.com\\\/pl\\\/kampanie-vetus\\\/integracja-silnikow-stacjonarnych-yanmar-ze-sterami-strumieniowymi-vetus-bow-pro\\\/#primaryimage\"},\"thumbnailUrl\":\"https:\\\/\\\/vetus.com\\\/wp-content\\\/uploads\\\/DJI_0346-scaled-e1694159194714.jpg\",\"datePublished\":\"2023-09-07T06:55:53+00:00\",\"dateModified\":\"2026-03-19T11:39:31+00:00\",\"description\":\"System sterowania joystickiem YANMAR JC20A do silnik\u00f3w stacjonarnych, w po\u0142\u0105czeniu ze sterami strumieniowymi dziobowymi...\",\"breadcrumb\":{\"@id\":\"https:\\\/\\\/vetus.com\\\/pl\\\/kampanie-vetus\\\/integracja-silnikow-stacjonarnych-yanmar-ze-sterami-strumieniowymi-vetus-bow-pro\\\/#breadcrumb\"},\"inLanguage\":\"pl-PL\",\"potentialAction\":[{\"@type\":\"ReadAction\",\"target\":[\"https:\\\/\\\/vetus.com\\\/pl\\\/kampanie-vetus\\\/integracja-silnikow-stacjonarnych-yanmar-ze-sterami-strumieniowymi-vetus-bow-pro\\\/\"]}]},{\"@type\":\"ImageObject\",\"inLanguage\":\"pl-PL\",\"@id\":\"https:\\\/\\\/vetus.com\\\/pl\\\/kampanie-vetus\\\/integracja-silnikow-stacjonarnych-yanmar-ze-sterami-strumieniowymi-vetus-bow-pro\\\/#primaryimage\",\"url\":\"https:\\\/\\\/vetus.com\\\/wp-content\\\/uploads\\\/DJI_0346-scaled-e1694159194714.jpg\",\"contentUrl\":\"https:\\\/\\\/vetus.com\\\/wp-content\\\/uploads\\\/DJI_0346-scaled-e1694159194714.jpg\",\"width\":2560,\"height\":1433,\"caption\":\"Integration VETUS BOW PRO thrusters with YANMAR inboard engines\"},{\"@type\":\"BreadcrumbList\",\"@id\":\"https:\\\/\\\/vetus.com\\\/pl\\\/kampanie-vetus\\\/integracja-silnikow-stacjonarnych-yanmar-ze-sterami-strumieniowymi-vetus-bow-pro\\\/#breadcrumb\",\"itemListElement\":[{\"@type\":\"ListItem\",\"position\":1,\"name\":\"Home\",\"item\":\"https:\\\/\\\/vetus.com\\\/pl\\\/\"},{\"@type\":\"ListItem\",\"position\":2,\"name\":\"Kampanie VETUS\",\"item\":\"https:\\\/\\\/vetus.com\\\/pl\\\/kampanie-vetus\\\/\"},{\"@type\":\"ListItem\",\"position\":3,\"name\":\"Sterowanie joystickiem\"}]},{\"@type\":\"WebSite\",\"@id\":\"https:\\\/\\\/vetus.com\\\/pl\\\/#website\",\"url\":\"https:\\\/\\\/vetus.com\\\/pl\\\/\",\"name\":\"VETUS\",\"description\":\"\",\"potentialAction\":[{\"@type\":\"SearchAction\",\"target\":{\"@type\":\"EntryPoint\",\"urlTemplate\":\"https:\\\/\\\/vetus.com\\\/pl\\\/?s={search_term_string}\"},\"query-input\":{\"@type\":\"PropertyValueSpecification\",\"valueRequired\":true,\"valueName\":\"search_term_string\"}}],\"inLanguage\":\"pl-PL\"}]}<\/script>\n<!-- \/ Yoast SEO Premium plugin. -->","yoast_head_json":{"title":"Integracja silnik\u00f3w stacjonarnych YANMAR ze sterami strumieniowymi VETUS BOW PRO","description":"System sterowania joystickiem YANMAR JC20A do silnik\u00f3w stacjonarnych, w po\u0142\u0105czeniu ze sterami strumieniowymi dziobowymi...","robots":{"index":"index","follow":"follow","max-snippet":"max-snippet:-1","max-image-preview":"max-image-preview:large","max-video-preview":"max-video-preview:-1"},"canonical":"https:\/\/vetus.com\/pl\/kampanie-vetus\/integracja-silnikow-stacjonarnych-yanmar-ze-sterami-strumieniowymi-vetus-bow-pro\/","og_locale":"pl_PL","og_type":"article","og_title":"Sterowanie joystickiem","og_description":"System sterowania joystickiem YANMAR JC20A do silnik\u00f3w stacjonarnych, w po\u0142\u0105czeniu ze sterami strumieniowymi dziobowymi...","og_url":"https:\/\/vetus.com\/pl\/kampanie-vetus\/integracja-silnikow-stacjonarnych-yanmar-ze-sterami-strumieniowymi-vetus-bow-pro\/","og_site_name":"VETUS","article_modified_time":"2026-03-19T11:39:31+00:00","og_image":[{"width":2560,"height":1433,"url":"https:\/\/vetus.com\/wp-content\/uploads\/DJI_0346-scaled-e1694159194714.jpg","type":"image\/jpeg"}],"twitter_card":"summary_large_image","twitter_misc":{"Szacowany czas czytania":"1 minuta"},"schema":{"@context":"https:\/\/schema.org","@graph":[{"@type":"WebPage","@id":"https:\/\/vetus.com\/pl\/kampanie-vetus\/integracja-silnikow-stacjonarnych-yanmar-ze-sterami-strumieniowymi-vetus-bow-pro\/","url":"https:\/\/vetus.com\/pl\/kampanie-vetus\/integracja-silnikow-stacjonarnych-yanmar-ze-sterami-strumieniowymi-vetus-bow-pro\/","name":"Integracja silnik\u00f3w stacjonarnych YANMAR ze sterami strumieniowymi VETUS BOW PRO","isPartOf":{"@id":"https:\/\/vetus.com\/pl\/#website"},"primaryImageOfPage":{"@id":"https:\/\/vetus.com\/pl\/kampanie-vetus\/integracja-silnikow-stacjonarnych-yanmar-ze-sterami-strumieniowymi-vetus-bow-pro\/#primaryimage"},"image":{"@id":"https:\/\/vetus.com\/pl\/kampanie-vetus\/integracja-silnikow-stacjonarnych-yanmar-ze-sterami-strumieniowymi-vetus-bow-pro\/#primaryimage"},"thumbnailUrl":"https:\/\/vetus.com\/wp-content\/uploads\/DJI_0346-scaled-e1694159194714.jpg","datePublished":"2023-09-07T06:55:53+00:00","dateModified":"2026-03-19T11:39:31+00:00","description":"System sterowania joystickiem YANMAR JC20A do silnik\u00f3w stacjonarnych, w po\u0142\u0105czeniu ze sterami strumieniowymi dziobowymi...","breadcrumb":{"@id":"https:\/\/vetus.com\/pl\/kampanie-vetus\/integracja-silnikow-stacjonarnych-yanmar-ze-sterami-strumieniowymi-vetus-bow-pro\/#breadcrumb"},"inLanguage":"pl-PL","potentialAction":[{"@type":"ReadAction","target":["https:\/\/vetus.com\/pl\/kampanie-vetus\/integracja-silnikow-stacjonarnych-yanmar-ze-sterami-strumieniowymi-vetus-bow-pro\/"]}]},{"@type":"ImageObject","inLanguage":"pl-PL","@id":"https:\/\/vetus.com\/pl\/kampanie-vetus\/integracja-silnikow-stacjonarnych-yanmar-ze-sterami-strumieniowymi-vetus-bow-pro\/#primaryimage","url":"https:\/\/vetus.com\/wp-content\/uploads\/DJI_0346-scaled-e1694159194714.jpg","contentUrl":"https:\/\/vetus.com\/wp-content\/uploads\/DJI_0346-scaled-e1694159194714.jpg","width":2560,"height":1433,"caption":"Integration VETUS BOW PRO thrusters with YANMAR inboard engines"},{"@type":"BreadcrumbList","@id":"https:\/\/vetus.com\/pl\/kampanie-vetus\/integracja-silnikow-stacjonarnych-yanmar-ze-sterami-strumieniowymi-vetus-bow-pro\/#breadcrumb","itemListElement":[{"@type":"ListItem","position":1,"name":"Home","item":"https:\/\/vetus.com\/pl\/"},{"@type":"ListItem","position":2,"name":"Kampanie VETUS","item":"https:\/\/vetus.com\/pl\/kampanie-vetus\/"},{"@type":"ListItem","position":3,"name":"Sterowanie joystickiem"}]},{"@type":"WebSite","@id":"https:\/\/vetus.com\/pl\/#website","url":"https:\/\/vetus.com\/pl\/","name":"VETUS","description":"","potentialAction":[{"@type":"SearchAction","target":{"@type":"EntryPoint","urlTemplate":"https:\/\/vetus.com\/pl\/?s={search_term_string}"},"query-input":{"@type":"PropertyValueSpecification","valueRequired":true,"valueName":"search_term_string"}}],"inLanguage":"pl-PL"}]}},"_links":{"self":[{"href":"https:\/\/vetus.com\/pl\/wp-json\/wp\/v2\/pages\/73977","targetHints":{"allow":["GET"]}}],"collection":[{"href":"https:\/\/vetus.com\/pl\/wp-json\/wp\/v2\/pages"}],"about":[{"href":"https:\/\/vetus.com\/pl\/wp-json\/wp\/v2\/types\/page"}],"author":[{"embeddable":true,"href":"https:\/\/vetus.com\/pl\/wp-json\/wp\/v2\/users\/25"}],"replies":[{"embeddable":true,"href":"https:\/\/vetus.com\/pl\/wp-json\/wp\/v2\/comments?post=73977"}],"version-history":[{"count":5,"href":"https:\/\/vetus.com\/pl\/wp-json\/wp\/v2\/pages\/73977\/revisions"}],"predecessor-version":[{"id":124154,"href":"https:\/\/vetus.com\/pl\/wp-json\/wp\/v2\/pages\/73977\/revisions\/124154"}],"up":[{"embeddable":true,"href":"https:\/\/vetus.com\/pl\/wp-json\/wp\/v2\/pages\/32273"}],"wp:featuredmedia":[{"embeddable":true,"href":"https:\/\/vetus.com\/pl\/wp-json\/wp\/v2\/media\/73791"}],"wp:attachment":[{"href":"https:\/\/vetus.com\/pl\/wp-json\/wp\/v2\/media?parent=73977"}],"curies":[{"name":"wp","href":"https:\/\/api.w.org\/{rel}","templated":true}]}}