{"id":3694,"date":"2021-03-11T16:06:17","date_gmt":"2021-03-11T14:06:17","guid":{"rendered":"https:\/\/vetus.inlinedigital.nl\/cms\/service-support\/quality-statement\/"},"modified":"2022-02-15T15:25:34","modified_gmt":"2022-02-15T14:25:34","slug":"oswiadczenie-o-jakosci","status":"publish","type":"page","link":"https:\/\/vetus.com\/pl\/serwis-i-wsparcie\/oswiadczenie-o-jakosci\/","title":{"rendered":"O\u015bwiadczenie o jako\u015bci"},"content":{"rendered":"\n<section class=\"section  \">\n    \n<section id=\"content-block-1-block_604a31380689e\" class=\"section content-block content-block--image \">\n    <div class=\"container\">\n        <div class=\"row d-flex align-items-center\">\n\n            <div class=\"col-md-6 col-lg-7\">\n                                    <div class=\"content-block__visuals\">\n                        <div class=\"content-block__media media--clipped media ratio\">\n                            <div class=\"media__wrapper\">\n                                <img decoding=\"async\" width=\"690\" height=\"460\" src=\"https:\/\/vetus.com\/wp-content\/uploads\/QS-foto2.jpg\" class=\"media__source img-fit\" alt=\"\" srcset=\"https:\/\/vetus.com\/wp-content\/uploads\/QS-foto2.jpg 1200w, https:\/\/vetus.com\/wp-content\/uploads\/QS-foto2-300x200.jpg 300w, https:\/\/vetus.com\/wp-content\/uploads\/QS-foto2-1024x683.jpg 1024w, https:\/\/vetus.com\/wp-content\/uploads\/QS-foto2-768x512.jpg 768w, https:\/\/vetus.com\/wp-content\/uploads\/QS-foto2-418x279.jpg 418w, https:\/\/vetus.com\/wp-content\/uploads\/QS-foto2-604x403.jpg 604w, https:\/\/vetus.com\/wp-content\/uploads\/QS-foto2-970x647.jpg 970w\" sizes=\"auto, (max-width: 575.98px) 431px, (max-width: 767.98px) 530px, (max-width: 991.98px) 330px, (max-width: 1279.98px) 530px, (max-width: 1899.98px) 690px, 930px\" loading=\"lazy\" \/>                            <\/div>\n                        <\/div>\n                    <\/div>\n                            <\/div>\n\n            <div class=\"col-md-6 col-lg-4 offset-lg-1\">\n                <div class=\"content-block__body\">\n                    \n                                            <div class=\"content-block__intro\">\n                            <p>\n                                Firma VETUS B.V. przestrzega tak\u017ce wszystkich obowi\u0105zuj\u0105cych przepis\u00f3w prawa. Na potrzeby realizacji swoich cel\u00f3w, firma VETUS B.V. stworzy\u0142a system zarz\u0105dzania jako\u015bci\u0105, kt\u00f3ry pozwala uwzgl\u0119dnia\u0107 wszystkie podstawowe aspekty zarz\u0105dzania jako\u015bci\u0105.                            <\/p>\n                        <\/div>\n                    \n                                            <p><span>Uj\u0119to w nim kluczowe obszary koncentracji na kliencie, przyw\u00f3dztwa, anga\u017cowania ludzi, ci\u0105g\u0142ego doskonalenia, podejmowania decyzji w oparciu o dowody oraz tworzenia rozwi\u0105za\u0144 skupionych na interesariuszach, w oparciu o d\u0142ugotrwa\u0142e relacje.<\/span><\/p>\n                    \t\t\t\t\t\n                                    <\/div>\n            <\/div>\n        <\/div>\n    <\/div>\n<\/section>\n<section id=\"content-block-9block_604a31380689e\" class=\"section content-block content-block--images-alt \">\n    <div class=\"container\">\n        <div class=\"row d-flex align-items-center flex-md-row-reverse\">\n            <div class=\"col-8 offset-2 col-md-6 offset-md-0 col-lg-5 offset-lg-2\">\n                <div class=\"content-block__visuals d-flex justify-content-between justify-content-center align-items-center\">\n\n                    <div class=\"content-block__shape content-block__shape--images-1 shape shape--primary\">\n                        <svg viewBox=\"0 0 170 170\" xmlns=\"http:\/\/www.w3.org\/2000\/svg\">\n                            <path d=\"m876 263h170l-28 170h-142z\" fill=\"\" transform=\"translate(-876 -263)\"><\/path>\n                        <\/svg>\n                    <\/div>\n                                            <div class=\"content-block__media content-block__media--1 media media--clipped ratio ratio--square mb-0 bg-secondary\">\n                            <div class=\"media__wrapper\">\n                                <img decoding=\"async\" width=\"330\" height=\"284\" src=\"https:\/\/vetus.com\/wp-content\/uploads\/ISO9001-2021_black-330x284.png\" class=\"media__source w-50\" alt=\"\" srcset=\"https:\/\/vetus.com\/wp-content\/uploads\/ISO9001-2021_black-330x284.png 330w, https:\/\/vetus.com\/wp-content\/uploads\/ISO9001-2021_black-300x258.png 300w, https:\/\/vetus.com\/wp-content\/uploads\/ISO9001-2021_black-768x661.png 768w, https:\/\/vetus.com\/wp-content\/uploads\/ISO9001-2021_black-210x181.png 210w, https:\/\/vetus.com\/wp-content\/uploads\/ISO9001-2021_black-431x371.png 431w, https:\/\/vetus.com\/wp-content\/uploads\/ISO9001-2021_black-507x436.png 507w, https:\/\/vetus.com\/wp-content\/uploads\/ISO9001-2021_black-530x456.png 530w, https:\/\/vetus.com\/wp-content\/uploads\/ISO9001-2021_black-690x594.png 690w, https:\/\/vetus.com\/wp-content\/uploads\/ISO9001-2021_black-930x800.png 930w, https:\/\/vetus.com\/wp-content\/uploads\/ISO9001-2021_black-1170x1007.png 1170w\" sizes=\"auto, (max-width: 1899.98px) 330px, 330px\" loading=\"lazy\" \/>                            <\/div>\n                        <\/div>\n                    \n                    <div class=\"content-block__shape content-block__shape--images-2 shape shape--primary-outline\">\n                        <svg viewBox=\"0 0 170 170\" xmlns=\"http:\/\/www.w3.org\/2000\/svg\">\n                            <path d=\"m1168.82182 840-27.67059 168h-140.15123v-168z\" fill=\"none\" stroke-width=\"2\" transform=\"translate(-1000 -839)\" shape-rendering=\"optimizeQuality\"><\/path>\n                        <\/svg>\n                    <\/div>\n                <\/div>\n            <\/div>\n\n            <div class=\"col-md-6 col-lg-4 mr-auto\">\n                <div class=\"content-block__body\">\n                    \n                    \n                                            <div class=\"content-block__intro\">\n                            <p>\n                                Nasz system zarz\u0105dzania jako\u015bci\u0105 jest zgodny z wymogami normy ISO 9001:2015, dzi\u0119ki czemu niezale\u017cne strony s\u0105 w stanie przeprowadza\u0107 oceny i certyfikacje w zakresie jego stosowania.                            <\/p>\n                        <\/div>\n                    \n                                            <p><span>Ocena taka obejmuje ca\u0142\u0105 organizacj\u0119, w tym dzia\u0142alno\u015b\u0107 badawczo-rozwojow\u0105, zakupy, marketing, sprzeda\u017c, logistyk\u0119\/magazyn, us\u0142ugi posprzeda\u017cne, zarz\u0105dzanie finansami i inne dzia\u0142ania, kt\u00f3re wp\u0142ywaj\u0105 na ko\u0144cow\u0105 realizacj\u0119 i d\u0142ugoterminowy serwis oraz wsparcie zapewniane przez firm\u0119 VETUS.<\/span><\/p>\n                    \n                                            <div class=\"content-block__actions actions\">\n                            <div class=\"btn-group d-flex flex-wrap justify-content-center justify-content-md-start\">\n                                <a href=\"https:\/\/vetus.com\/pl\/serwis-i-wsparcie\/formularz-kontaktowy-2\/\" class=\"btn btn-sm btn-empty btn-empty-primary\" title=\"\" target=\"\">\n                                    <span>Skontaktuj si\u0119 z nami, aby uzyska\u0107 wi\u0119cej informacji<\/span>\n                                    <i class=\"icon icon-keyboard_arrow_right\"><\/i>\n                                <\/a>\n\n                                <!-- <a href=\"#\" class=\"btn btn-sm btn-empty btn-empty-primary\" title=\"\">\n                                    <span>Watch video<\/span>\n                                    <i class=\"icon icon-play_circle_outline\"><\/i>\n                                <\/a> -->\n                                <!-- <a href=\"#\" class=\"btn btn-sm btn-empty btn-empty-primary\" title=\"\">\n                                    <span>Innovation<\/span>\n                                    <i class=\"icon icon-keyboard_arrow_right\"><\/i>\n                                <\/a> -->\n                            <\/div>\n                        <\/div>\n                                    <\/div>\n            <\/div>\n        <\/div>\n    <\/div>\n<\/section><\/section>","protected":false},"excerpt":{"rendered":"<p>Zawsze d\u0105\u017cymy do jako\u015bci, ci\u0105g\u0142o\u015bci i zadowolenia interesariuszy w biznesie.<\/p>\n","protected":false},"author":31,"featured_media":5727,"parent":3567,"menu_order":558,"comment_status":"closed","ping_status":"closed","template":"tpl-basic.php","meta":{"_acf_changed":false,"footnotes":""},"class_list":["post-3694","page","type-page","status-publish","has-post-thumbnail","hentry"],"acf":{"title":"Quality Statement","introduction":"Jako\u015b\u0107 ma zasadnicze znaczenie dla ci\u0105g\u0142ego odnoszenia sukces\u00f3w przez firm\u0119 VETUS. Firma VETUS B.V. chce dzia\u0142a\u0107 jako organizacja, kt\u00f3ra zawsze d\u0105\u017cy do zapewnienia odpowiedniej jako\u015bci, ci\u0105g\u0142o\u015bci i zadowolenia interesariuszom powi\u0105zanym z jej bran\u017c\u0105.","button":{"title":"","url":"","target":"","0":""},"person":false},"yoast_head":"<!-- This site is optimized with the Yoast SEO Premium plugin v27.3 (Yoast SEO v27.3) - https:\/\/yoast.com\/product\/yoast-seo-premium-wordpress\/ -->\n<title>O\u015bwiadczenie o jako\u015bci - VETUS<\/title>\n<meta name=\"robots\" content=\"index, follow, max-snippet:-1, max-image-preview:large, max-video-preview:-1\" \/>\n<link rel=\"canonical\" href=\"https:\/\/vetus.com\/pl\/serwis-i-wsparcie\/oswiadczenie-o-jakosci\/\" \/>\n<meta property=\"og:locale\" content=\"pl_PL\" \/>\n<meta property=\"og:type\" content=\"article\" \/>\n<meta property=\"og:title\" content=\"O\u015bwiadczenie o jako\u015bci\" \/>\n<meta property=\"og:description\" content=\"Zawsze d\u0105\u017cymy do jako\u015bci, ci\u0105g\u0142o\u015bci i zadowolenia interesariuszy w biznesie.\" \/>\n<meta property=\"og:url\" content=\"https:\/\/vetus.com\/pl\/serwis-i-wsparcie\/oswiadczenie-o-jakosci\/\" \/>\n<meta property=\"og:site_name\" content=\"VETUS\" \/>\n<meta property=\"article:modified_time\" content=\"2022-02-15T14:25:34+00:00\" \/>\n<meta property=\"og:image\" content=\"https:\/\/vetus.com\/wp-content\/uploads\/featured-image-ISO.png\" \/>\n\t<meta property=\"og:image:width\" content=\"1200\" \/>\n\t<meta property=\"og:image:height\" content=\"800\" \/>\n\t<meta property=\"og:image:type\" content=\"image\/png\" \/>\n<meta name=\"twitter:card\" content=\"summary_large_image\" \/>\n<script type=\"application\/ld+json\" class=\"yoast-schema-graph\">{\"@context\":\"https:\\\/\\\/schema.org\",\"@graph\":[{\"@type\":\"WebPage\",\"@id\":\"https:\\\/\\\/vetus.com\\\/pl\\\/serwis-i-wsparcie\\\/oswiadczenie-o-jakosci\\\/\",\"url\":\"https:\\\/\\\/vetus.com\\\/pl\\\/serwis-i-wsparcie\\\/oswiadczenie-o-jakosci\\\/\",\"name\":\"O\u015bwiadczenie o jako\u015bci - VETUS\",\"isPartOf\":{\"@id\":\"https:\\\/\\\/vetus.com\\\/pl\\\/#website\"},\"primaryImageOfPage\":{\"@id\":\"https:\\\/\\\/vetus.com\\\/pl\\\/serwis-i-wsparcie\\\/oswiadczenie-o-jakosci\\\/#primaryimage\"},\"image\":{\"@id\":\"https:\\\/\\\/vetus.com\\\/pl\\\/serwis-i-wsparcie\\\/oswiadczenie-o-jakosci\\\/#primaryimage\"},\"thumbnailUrl\":\"https:\\\/\\\/vetus.com\\\/wp-content\\\/uploads\\\/featured-image-ISO.png\",\"datePublished\":\"2021-03-11T14:06:17+00:00\",\"dateModified\":\"2022-02-15T14:25:34+00:00\",\"breadcrumb\":{\"@id\":\"https:\\\/\\\/vetus.com\\\/pl\\\/serwis-i-wsparcie\\\/oswiadczenie-o-jakosci\\\/#breadcrumb\"},\"inLanguage\":\"pl-PL\",\"potentialAction\":[{\"@type\":\"ReadAction\",\"target\":[\"https:\\\/\\\/vetus.com\\\/pl\\\/serwis-i-wsparcie\\\/oswiadczenie-o-jakosci\\\/\"]}]},{\"@type\":\"ImageObject\",\"inLanguage\":\"pl-PL\",\"@id\":\"https:\\\/\\\/vetus.com\\\/pl\\\/serwis-i-wsparcie\\\/oswiadczenie-o-jakosci\\\/#primaryimage\",\"url\":\"https:\\\/\\\/vetus.com\\\/wp-content\\\/uploads\\\/featured-image-ISO.png\",\"contentUrl\":\"https:\\\/\\\/vetus.com\\\/wp-content\\\/uploads\\\/featured-image-ISO.png\",\"width\":1200,\"height\":800},{\"@type\":\"BreadcrumbList\",\"@id\":\"https:\\\/\\\/vetus.com\\\/pl\\\/serwis-i-wsparcie\\\/oswiadczenie-o-jakosci\\\/#breadcrumb\",\"itemListElement\":[{\"@type\":\"ListItem\",\"position\":1,\"name\":\"Home\",\"item\":\"https:\\\/\\\/vetus.com\\\/pl\\\/\"},{\"@type\":\"ListItem\",\"position\":2,\"name\":\"Serwis i wsparcie\",\"item\":\"https:\\\/\\\/vetus.com\\\/pl\\\/serwis-i-wsparcie\\\/\"},{\"@type\":\"ListItem\",\"position\":3,\"name\":\"O\u015bwiadczenie o jako\u015bci\"}]},{\"@type\":\"WebSite\",\"@id\":\"https:\\\/\\\/vetus.com\\\/pl\\\/#website\",\"url\":\"https:\\\/\\\/vetus.com\\\/pl\\\/\",\"name\":\"VETUS\",\"description\":\"\",\"potentialAction\":[{\"@type\":\"SearchAction\",\"target\":{\"@type\":\"EntryPoint\",\"urlTemplate\":\"https:\\\/\\\/vetus.com\\\/pl\\\/?s={search_term_string}\"},\"query-input\":{\"@type\":\"PropertyValueSpecification\",\"valueRequired\":true,\"valueName\":\"search_term_string\"}}],\"inLanguage\":\"pl-PL\"}]}<\/script>\n<!-- \/ Yoast SEO Premium plugin. -->","yoast_head_json":{"title":"O\u015bwiadczenie o jako\u015bci - VETUS","robots":{"index":"index","follow":"follow","max-snippet":"max-snippet:-1","max-image-preview":"max-image-preview:large","max-video-preview":"max-video-preview:-1"},"canonical":"https:\/\/vetus.com\/pl\/serwis-i-wsparcie\/oswiadczenie-o-jakosci\/","og_locale":"pl_PL","og_type":"article","og_title":"O\u015bwiadczenie o jako\u015bci","og_description":"Zawsze d\u0105\u017cymy do jako\u015bci, ci\u0105g\u0142o\u015bci i zadowolenia interesariuszy w biznesie.","og_url":"https:\/\/vetus.com\/pl\/serwis-i-wsparcie\/oswiadczenie-o-jakosci\/","og_site_name":"VETUS","article_modified_time":"2022-02-15T14:25:34+00:00","og_image":[{"width":1200,"height":800,"url":"https:\/\/vetus.com\/wp-content\/uploads\/featured-image-ISO.png","type":"image\/png"}],"twitter_card":"summary_large_image","schema":{"@context":"https:\/\/schema.org","@graph":[{"@type":"WebPage","@id":"https:\/\/vetus.com\/pl\/serwis-i-wsparcie\/oswiadczenie-o-jakosci\/","url":"https:\/\/vetus.com\/pl\/serwis-i-wsparcie\/oswiadczenie-o-jakosci\/","name":"O\u015bwiadczenie o jako\u015bci - VETUS","isPartOf":{"@id":"https:\/\/vetus.com\/pl\/#website"},"primaryImageOfPage":{"@id":"https:\/\/vetus.com\/pl\/serwis-i-wsparcie\/oswiadczenie-o-jakosci\/#primaryimage"},"image":{"@id":"https:\/\/vetus.com\/pl\/serwis-i-wsparcie\/oswiadczenie-o-jakosci\/#primaryimage"},"thumbnailUrl":"https:\/\/vetus.com\/wp-content\/uploads\/featured-image-ISO.png","datePublished":"2021-03-11T14:06:17+00:00","dateModified":"2022-02-15T14:25:34+00:00","breadcrumb":{"@id":"https:\/\/vetus.com\/pl\/serwis-i-wsparcie\/oswiadczenie-o-jakosci\/#breadcrumb"},"inLanguage":"pl-PL","potentialAction":[{"@type":"ReadAction","target":["https:\/\/vetus.com\/pl\/serwis-i-wsparcie\/oswiadczenie-o-jakosci\/"]}]},{"@type":"ImageObject","inLanguage":"pl-PL","@id":"https:\/\/vetus.com\/pl\/serwis-i-wsparcie\/oswiadczenie-o-jakosci\/#primaryimage","url":"https:\/\/vetus.com\/wp-content\/uploads\/featured-image-ISO.png","contentUrl":"https:\/\/vetus.com\/wp-content\/uploads\/featured-image-ISO.png","width":1200,"height":800},{"@type":"BreadcrumbList","@id":"https:\/\/vetus.com\/pl\/serwis-i-wsparcie\/oswiadczenie-o-jakosci\/#breadcrumb","itemListElement":[{"@type":"ListItem","position":1,"name":"Home","item":"https:\/\/vetus.com\/pl\/"},{"@type":"ListItem","position":2,"name":"Serwis i wsparcie","item":"https:\/\/vetus.com\/pl\/serwis-i-wsparcie\/"},{"@type":"ListItem","position":3,"name":"O\u015bwiadczenie o jako\u015bci"}]},{"@type":"WebSite","@id":"https:\/\/vetus.com\/pl\/#website","url":"https:\/\/vetus.com\/pl\/","name":"VETUS","description":"","potentialAction":[{"@type":"SearchAction","target":{"@type":"EntryPoint","urlTemplate":"https:\/\/vetus.com\/pl\/?s={search_term_string}"},"query-input":{"@type":"PropertyValueSpecification","valueRequired":true,"valueName":"search_term_string"}}],"inLanguage":"pl-PL"}]}},"_links":{"self":[{"href":"https:\/\/vetus.com\/pl\/wp-json\/wp\/v2\/pages\/3694","targetHints":{"allow":["GET"]}}],"collection":[{"href":"https:\/\/vetus.com\/pl\/wp-json\/wp\/v2\/pages"}],"about":[{"href":"https:\/\/vetus.com\/pl\/wp-json\/wp\/v2\/types\/page"}],"author":[{"embeddable":true,"href":"https:\/\/vetus.com\/pl\/wp-json\/wp\/v2\/users\/31"}],"replies":[{"embeddable":true,"href":"https:\/\/vetus.com\/pl\/wp-json\/wp\/v2\/comments?post=3694"}],"version-history":[{"count":0,"href":"https:\/\/vetus.com\/pl\/wp-json\/wp\/v2\/pages\/3694\/revisions"}],"up":[{"embeddable":true,"href":"https:\/\/vetus.com\/pl\/wp-json\/wp\/v2\/pages\/3567"}],"wp:featuredmedia":[{"embeddable":true,"href":"https:\/\/vetus.com\/pl\/wp-json\/wp\/v2\/media\/5727"}],"wp:attachment":[{"href":"https:\/\/vetus.com\/pl\/wp-json\/wp\/v2\/media?parent=3694"}],"curies":[{"name":"wp","href":"https:\/\/api.w.org\/{rel}","templated":true}]}}