{"id":3435,"date":"2021-03-31T09:01:36","date_gmt":"2021-03-31T07:01:36","guid":{"rendered":"https:\/\/vetus.inlinedigital.nl\/cms\/5-and-5-year-warranty\/"},"modified":"2022-07-12T12:39:10","modified_gmt":"2022-07-12T10:39:10","slug":"5-plus-gwarancja","status":"publish","type":"page","link":"https:\/\/vetus.com\/pl\/serwis-i-wsparcie\/5-plus-gwarancja\/","title":{"rendered":"5 plus gwarancja"},"content":{"rendered":"\n<section class=\"section  \">\n    \n\n<section id=\"section-text-block-block_60642c2927d6b\" class=\"section text-block \">\n                    <div class=\"section section__body\">\n            <div class=\"text-block\">\n                <div class=\"container\">\n                    <div class=\"row\">\n                        <div class=\"col-lg-8 offset-lg-2\">\n                                                            <div class=\"section__content single__content hentry\">\n                                    <p>Kolejny dobry pow\u00f3d, aby wybra\u0107 firm\u0119 VETUS! W przypadku zakupu silnika firmy VETUS wraz z kompletnym pakietem silnikowym VETUS, gwarancja zostanie wyd\u0142u\u017cona z 3 do 5 lat i b\u0119dzie obejmowa\u0142a ca\u0142y pakiet silnikowy VETUS. Wraz z bardzo dobrymi warunkami gwarancji, kt\u00f3re ju\u017c s\u0105 oferowane dla silnik\u00f3w firmy VETUS (3 + 2 lata), produkty firmy VETUS zapewni\u0105 Ci d\u0142ug\u0105 i bezproblemow\u0105 eksploatacj\u0119 \u0142odzi<\/p>\n<p><img decoding=\"async\" class=\"alignnone size-full wp-image-12385\" src=\"https:\/\/vetus.com\/wp-content\/uploads\/extended-warranty_banner_PL.png\" alt=\"\" width=\"770\" height=\"302\" srcset=\"https:\/\/vetus.com\/wp-content\/uploads\/extended-warranty_banner_PL.png 770w, https:\/\/vetus.com\/wp-content\/uploads\/extended-warranty_banner_PL-300x118.png 300w, https:\/\/vetus.com\/wp-content\/uploads\/extended-warranty_banner_PL-768x301.png 768w, https:\/\/vetus.com\/wp-content\/uploads\/extended-warranty_banner_PL-418x164.png 418w, https:\/\/vetus.com\/wp-content\/uploads\/extended-warranty_banner_PL-604x237.png 604w\" sizes=\"(max-width: 770px) 100vw, 770px\" \/><\/p>\n<h3>Jak to dzia\u0142a?<\/h3>\n<p>Kupujesz od oficjalnego sprzedawcy VETUS nowy silnik firmy VETUS i kompletny pakiet silnikowy VETUS, obejmuj\u0105cy:<\/p>\n<ul>\n<li>System nap\u0119dowy<\/li>\n<li>\u015brub\u0119 nap\u0119dow\u0105<\/li>\n<li>Sprz\u0119g\u0142o podatne<\/li>\n<li>Filtr wody ch\u0142odz\u0105cej<\/li>\n<li>Separator wody\/filtr paliwa<\/li>\n<li>Uk\u0142ad wydechowy (w\u0105\u017c, blokada wodna, t\u0142umik, g\u0119sia szyja, ko\u0144c\u00f3wki wydechu i odpowietrzniki)<\/li>\n<li>Zdalne sterowanie silnika<\/li>\n<li>Odpowietrzniki zasysaj\u0105ce powietrze z \u017caluzjami<\/li>\n<\/ul>\n<p>Aby okre\u015bli\u0107 typy i modele, pobierz tabel\u0119 wyboru wyposa\u017cenia!<\/p>\n<p>Sprzedawca\/instalator u\u017cyje formularza instalacyjnego, aby wyst\u0105pi\u0107 o przyznanie gwarancji 5+.<\/p>\n<h3>Polityka gwarancyjna<\/h3>\n<p>W przypadku tej promocji obowi\u0105zuj\u0105 poni\u017csze artyku\u0142y naszej polityki gwarancyjnej:<\/p>\n<h6>Artyku\u0142 \u00a08<\/h6>\n<p>Wszystkie roszczenia gwarancje b\u0119d\u0105 uznawane za niewa\u017cne w nast\u0119puj\u0105cych sytuacjach:<\/p>\n<ul>\n<li>Brak wymaganej konserwacji okresowej, przeprowadzanej przez autoryzowanego sprzedawc\u0119 VETUS.<\/li>\n<li>Nieprawid\u0142owa instalacja lub monta\u017c produktu.<\/li>\n<li>Niew\u0142a\u015bciwe korzystanie z produktu.<\/li>\n<li>Awaria spowodowana nieostro\u017cno\u015bci\u0105 ze strony w\u0142a\u015bciciela lub u\u017cytkownika.<\/li>\n<li>Katastrofa zewn\u0119trzna.<\/li>\n<li>In the case of neglect of the instructions concerning use.<\/li>\n<li>Up\u0142yn\u0105\u0142 60-miesi\u0119czny okres gwarancji.<\/li>\n<\/ul>\n<h6>Artyku\u0142\u00a09<\/h6>\n<p>Wy\u0142\u0105czenia: sytuacje nieobj\u0119te niniejsz\u0105 gwarancj\u0105:<\/p>\n<ul>\n<li>Cz\u0119\u015bci eksploatacyjne.<\/li>\n<li>Koszty wynikowe, takie jak (mi\u0119dzy innymi) koszty transportu, robocizny, pracy d\u017awigu, koszty podnoszenia itp.<\/li>\n<li>Uszkodzenia powsta\u0142e w wyniku dzia\u0142ania czynnik\u00f3w \u015brodowiskowych.<\/li>\n<li>Zanieczyszczenie, ujemne temperatury, przegrzanie i przeci\u0105\u017cenie.<\/li>\n<\/ul>\n<h3>Downloads<\/h3>\n<p><a href=\"https:\/\/online.flippingbook.com\/view\/450671581\/\">Pobierz tabel\u0119 doboru sprz\u0119tu<\/a><\/p>\n                                <\/div>\n                            \n                                                    <\/div>\n                    <\/div>\n                <\/div>\n            <\/div>\n        <\/div>\n    <\/section><\/section>","protected":false},"excerpt":{"rendered":"<p>When you buy a VETUS engine we give you a 5 year warranty on the engine and on a selected list of around the engine products.<\/p>\n","protected":false},"author":31,"featured_media":3437,"parent":3567,"menu_order":104,"comment_status":"closed","ping_status":"closed","template":"tpl-basic.php","meta":{"_acf_changed":false,"footnotes":""},"class_list":["post-3435","page","type-page","status-publish","has-post-thumbnail","hentry"],"acf":{"introduction":"","person":false},"yoast_head":"<!-- This site is optimized with the Yoast SEO Premium plugin v27.3 (Yoast SEO v27.3) - https:\/\/yoast.com\/product\/yoast-seo-premium-wordpress\/ -->\n<title>5 plus gwarancja - VETUS<\/title>\n<meta name=\"robots\" content=\"index, follow, max-snippet:-1, max-image-preview:large, max-video-preview:-1\" \/>\n<link rel=\"canonical\" href=\"https:\/\/vetus.com\/pl\/serwis-i-wsparcie\/5-plus-gwarancja\/\" \/>\n<meta property=\"og:locale\" content=\"pl_PL\" \/>\n<meta property=\"og:type\" content=\"article\" \/>\n<meta property=\"og:title\" content=\"5 plus gwarancja\" \/>\n<meta property=\"og:description\" content=\"When you buy a VETUS engine we give you a 5 year warranty on the engine and on a selected list of around the engine products.\" \/>\n<meta property=\"og:url\" content=\"https:\/\/vetus.com\/pl\/serwis-i-wsparcie\/5-plus-gwarancja\/\" \/>\n<meta property=\"og:site_name\" content=\"VETUS\" \/>\n<meta property=\"article:modified_time\" content=\"2022-07-12T10:39:10+00:00\" \/>\n<meta property=\"og:image\" content=\"https:\/\/vetus.com\/wp-content\/uploads\/featured-warranty-5.png\" \/>\n\t<meta property=\"og:image:width\" content=\"1200\" \/>\n\t<meta property=\"og:image:height\" content=\"800\" \/>\n\t<meta property=\"og:image:type\" content=\"image\/png\" \/>\n<meta name=\"twitter:card\" content=\"summary_large_image\" \/>\n<script type=\"application\/ld+json\" class=\"yoast-schema-graph\">{\"@context\":\"https:\\\/\\\/schema.org\",\"@graph\":[{\"@type\":\"WebPage\",\"@id\":\"https:\\\/\\\/vetus.com\\\/pl\\\/serwis-i-wsparcie\\\/5-plus-gwarancja\\\/\",\"url\":\"https:\\\/\\\/vetus.com\\\/pl\\\/serwis-i-wsparcie\\\/5-plus-gwarancja\\\/\",\"name\":\"5 plus gwarancja - VETUS\",\"isPartOf\":{\"@id\":\"https:\\\/\\\/vetus.com\\\/pl\\\/#website\"},\"primaryImageOfPage\":{\"@id\":\"https:\\\/\\\/vetus.com\\\/pl\\\/serwis-i-wsparcie\\\/5-plus-gwarancja\\\/#primaryimage\"},\"image\":{\"@id\":\"https:\\\/\\\/vetus.com\\\/pl\\\/serwis-i-wsparcie\\\/5-plus-gwarancja\\\/#primaryimage\"},\"thumbnailUrl\":\"https:\\\/\\\/vetus.com\\\/wp-content\\\/uploads\\\/featured-warranty-5.png\",\"datePublished\":\"2021-03-31T07:01:36+00:00\",\"dateModified\":\"2022-07-12T10:39:10+00:00\",\"breadcrumb\":{\"@id\":\"https:\\\/\\\/vetus.com\\\/pl\\\/serwis-i-wsparcie\\\/5-plus-gwarancja\\\/#breadcrumb\"},\"inLanguage\":\"pl-PL\",\"potentialAction\":[{\"@type\":\"ReadAction\",\"target\":[\"https:\\\/\\\/vetus.com\\\/pl\\\/serwis-i-wsparcie\\\/5-plus-gwarancja\\\/\"]}]},{\"@type\":\"ImageObject\",\"inLanguage\":\"pl-PL\",\"@id\":\"https:\\\/\\\/vetus.com\\\/pl\\\/serwis-i-wsparcie\\\/5-plus-gwarancja\\\/#primaryimage\",\"url\":\"https:\\\/\\\/vetus.com\\\/wp-content\\\/uploads\\\/featured-warranty-5.png\",\"contentUrl\":\"https:\\\/\\\/vetus.com\\\/wp-content\\\/uploads\\\/featured-warranty-5.png\",\"width\":1200,\"height\":800},{\"@type\":\"BreadcrumbList\",\"@id\":\"https:\\\/\\\/vetus.com\\\/pl\\\/serwis-i-wsparcie\\\/5-plus-gwarancja\\\/#breadcrumb\",\"itemListElement\":[{\"@type\":\"ListItem\",\"position\":1,\"name\":\"Home\",\"item\":\"https:\\\/\\\/vetus.com\\\/pl\\\/\"},{\"@type\":\"ListItem\",\"position\":2,\"name\":\"Serwis i wsparcie\",\"item\":\"https:\\\/\\\/vetus.com\\\/pl\\\/serwis-i-wsparcie\\\/\"},{\"@type\":\"ListItem\",\"position\":3,\"name\":\"5 plus gwarancja\"}]},{\"@type\":\"WebSite\",\"@id\":\"https:\\\/\\\/vetus.com\\\/pl\\\/#website\",\"url\":\"https:\\\/\\\/vetus.com\\\/pl\\\/\",\"name\":\"VETUS\",\"description\":\"\",\"potentialAction\":[{\"@type\":\"SearchAction\",\"target\":{\"@type\":\"EntryPoint\",\"urlTemplate\":\"https:\\\/\\\/vetus.com\\\/pl\\\/?s={search_term_string}\"},\"query-input\":{\"@type\":\"PropertyValueSpecification\",\"valueRequired\":true,\"valueName\":\"search_term_string\"}}],\"inLanguage\":\"pl-PL\"}]}<\/script>\n<!-- \/ Yoast SEO Premium plugin. -->","yoast_head_json":{"title":"5 plus gwarancja - VETUS","robots":{"index":"index","follow":"follow","max-snippet":"max-snippet:-1","max-image-preview":"max-image-preview:large","max-video-preview":"max-video-preview:-1"},"canonical":"https:\/\/vetus.com\/pl\/serwis-i-wsparcie\/5-plus-gwarancja\/","og_locale":"pl_PL","og_type":"article","og_title":"5 plus gwarancja","og_description":"When you buy a VETUS engine we give you a 5 year warranty on the engine and on a selected list of around the engine products.","og_url":"https:\/\/vetus.com\/pl\/serwis-i-wsparcie\/5-plus-gwarancja\/","og_site_name":"VETUS","article_modified_time":"2022-07-12T10:39:10+00:00","og_image":[{"width":1200,"height":800,"url":"https:\/\/vetus.com\/wp-content\/uploads\/featured-warranty-5.png","type":"image\/png"}],"twitter_card":"summary_large_image","schema":{"@context":"https:\/\/schema.org","@graph":[{"@type":"WebPage","@id":"https:\/\/vetus.com\/pl\/serwis-i-wsparcie\/5-plus-gwarancja\/","url":"https:\/\/vetus.com\/pl\/serwis-i-wsparcie\/5-plus-gwarancja\/","name":"5 plus gwarancja - VETUS","isPartOf":{"@id":"https:\/\/vetus.com\/pl\/#website"},"primaryImageOfPage":{"@id":"https:\/\/vetus.com\/pl\/serwis-i-wsparcie\/5-plus-gwarancja\/#primaryimage"},"image":{"@id":"https:\/\/vetus.com\/pl\/serwis-i-wsparcie\/5-plus-gwarancja\/#primaryimage"},"thumbnailUrl":"https:\/\/vetus.com\/wp-content\/uploads\/featured-warranty-5.png","datePublished":"2021-03-31T07:01:36+00:00","dateModified":"2022-07-12T10:39:10+00:00","breadcrumb":{"@id":"https:\/\/vetus.com\/pl\/serwis-i-wsparcie\/5-plus-gwarancja\/#breadcrumb"},"inLanguage":"pl-PL","potentialAction":[{"@type":"ReadAction","target":["https:\/\/vetus.com\/pl\/serwis-i-wsparcie\/5-plus-gwarancja\/"]}]},{"@type":"ImageObject","inLanguage":"pl-PL","@id":"https:\/\/vetus.com\/pl\/serwis-i-wsparcie\/5-plus-gwarancja\/#primaryimage","url":"https:\/\/vetus.com\/wp-content\/uploads\/featured-warranty-5.png","contentUrl":"https:\/\/vetus.com\/wp-content\/uploads\/featured-warranty-5.png","width":1200,"height":800},{"@type":"BreadcrumbList","@id":"https:\/\/vetus.com\/pl\/serwis-i-wsparcie\/5-plus-gwarancja\/#breadcrumb","itemListElement":[{"@type":"ListItem","position":1,"name":"Home","item":"https:\/\/vetus.com\/pl\/"},{"@type":"ListItem","position":2,"name":"Serwis i wsparcie","item":"https:\/\/vetus.com\/pl\/serwis-i-wsparcie\/"},{"@type":"ListItem","position":3,"name":"5 plus gwarancja"}]},{"@type":"WebSite","@id":"https:\/\/vetus.com\/pl\/#website","url":"https:\/\/vetus.com\/pl\/","name":"VETUS","description":"","potentialAction":[{"@type":"SearchAction","target":{"@type":"EntryPoint","urlTemplate":"https:\/\/vetus.com\/pl\/?s={search_term_string}"},"query-input":{"@type":"PropertyValueSpecification","valueRequired":true,"valueName":"search_term_string"}}],"inLanguage":"pl-PL"}]}},"_links":{"self":[{"href":"https:\/\/vetus.com\/pl\/wp-json\/wp\/v2\/pages\/3435","targetHints":{"allow":["GET"]}}],"collection":[{"href":"https:\/\/vetus.com\/pl\/wp-json\/wp\/v2\/pages"}],"about":[{"href":"https:\/\/vetus.com\/pl\/wp-json\/wp\/v2\/types\/page"}],"author":[{"embeddable":true,"href":"https:\/\/vetus.com\/pl\/wp-json\/wp\/v2\/users\/31"}],"replies":[{"embeddable":true,"href":"https:\/\/vetus.com\/pl\/wp-json\/wp\/v2\/comments?post=3435"}],"version-history":[{"count":0,"href":"https:\/\/vetus.com\/pl\/wp-json\/wp\/v2\/pages\/3435\/revisions"}],"up":[{"embeddable":true,"href":"https:\/\/vetus.com\/pl\/wp-json\/wp\/v2\/pages\/3567"}],"wp:featuredmedia":[{"embeddable":true,"href":"https:\/\/vetus.com\/pl\/wp-json\/wp\/v2\/media\/3437"}],"wp:attachment":[{"href":"https:\/\/vetus.com\/pl\/wp-json\/wp\/v2\/media?parent=3435"}],"curies":[{"name":"wp","href":"https:\/\/api.w.org\/{rel}","templated":true}]}}