{"id":3407,"date":"2021-03-31T09:14:27","date_gmt":"2021-03-31T07:14:27","guid":{"rendered":"https:\/\/vetus.inlinedigital.nl\/cms\/vetus-warranty-policy\/"},"modified":"2021-07-22T07:04:02","modified_gmt":"2021-07-22T06:04:02","slug":"polityka-gwarancyjna-firmy-vetus","status":"publish","type":"page","link":"https:\/\/vetus.com\/pl\/serwis-i-wsparcie\/polityka-gwarancyjna-firmy-vetus\/","title":{"rendered":"Polityka gwarancyjna firmy VETUS"},"content":{"rendered":"\n<section class=\"section  \">\n    \n\n<section id=\"section-text-block-block_60642f52d5387\" class=\"section text-block \">\n                    <div class=\"section section__body\">\n            <div class=\"text-block\">\n                <div class=\"container\">\n                    <div class=\"row\">\n                        <div class=\"col-lg-8 offset-lg-2\">\n                                                            <div class=\"section__content single__content hentry\">\n                                    <p>Od 1 stycznia 2011 r. na ca\u0142e wyposa\u017cenie firmy VETUS udzielana jest 3-letnia gwarancja, natomiast na silniki i generatory udzielana jest nawet 5-letnia gwarancja. Opr\u00f3cz tych niesamowitych warunk\u00f3w gwarancyjnych, firma VETUS udost\u0119pnia og\u00f3lno\u015bwiatow\u0105 sie\u0107 serwisow\u0105, dzi\u0119ki czemu nasi klienci zawsze mog\u0105 liczy\u0107 na doskona\u0142e wsparcie.<\/p>\n<p><img decoding=\"async\" class=\"alignnone wp-image-24828 size-full\" src=\"https:\/\/vetus.com\/cms\/wp-content\/uploads\/warranty_try4.jpg\" alt=\"\" width=\"770\" height=\"227\" srcset=\"https:\/\/vetus.com\/wp-content\/uploads\/warranty_try4.jpg 770w, https:\/\/vetus.com\/wp-content\/uploads\/warranty_try4-300x88.jpg 300w, https:\/\/vetus.com\/wp-content\/uploads\/warranty_try4-768x226.jpg 768w, https:\/\/vetus.com\/wp-content\/uploads\/warranty_try4-210x62.jpg 210w, https:\/\/vetus.com\/wp-content\/uploads\/warranty_try4-330x97.jpg 330w, https:\/\/vetus.com\/wp-content\/uploads\/warranty_try4-431x127.jpg 431w, https:\/\/vetus.com\/wp-content\/uploads\/warranty_try4-507x149.jpg 507w, https:\/\/vetus.com\/wp-content\/uploads\/warranty_try4-530x156.jpg 530w, https:\/\/vetus.com\/wp-content\/uploads\/warranty_try4-690x203.jpg 690w\" sizes=\"(max-width: 770px) 100vw, 770px\" \/><\/p>\n<h3>Warunki gwarancji udzielanej na wyposa\u017cenie firmy VETUS<\/h3>\n<h6>Artyku\u0142\u00a01<\/h6>\n<p>Niniejsz\u0105 gwarancj\u0119 zapewnia firma VETUS NV lub jej sp\u00f3\u0142ki stowarzyszone.<\/p>\n<h6>Artyku\u0142\u00a02<\/h6>\n<p>2.1. Gwarancja dotyczy tylko produkt\u00f3w wytworzonych i\/lub dostarczonych przez firm\u0119 VETUS.<br \/>\n2.2. Gwarancja dotyczy tylko produkt\u00f3w dostarczonych przez firm\u0119 VETUS lub jej sp\u00f3\u0142ki stowarzyszone.<\/p>\n<h6>Artyku\u0142\u00a03<\/h6>\n<p>3.1. Gwarancja jest udzielana pierwszemu w\u0142a\u015bcicielowi. Gwarancj\u0119 mo\u017cna przenie\u015b\u0107 na nowego w\u0142a\u015bciciela, kiedy to b\u0119dzie on uprawniony do niej przez pozosta\u0142y czas jej obowi\u0105zywania. Wszystkie modyfikacje w zakresie instalacji produkt\u00f3w spowoduj\u0105 uniewa\u017cnienie warunk\u00f3w gwarancyjnych.<\/p>\n<h6>Artyku\u0142\u00a04<\/h6>\n<p>4.1. Okres obowi\u0105zywania gwarancji rozpocznie si\u0119 z chwil\u0105 dostarczenia produktu firmy VETUS do u\u017cytkownika ko\u0144cowego.<br \/>\n4.2. Gwarancja obowi\u0105zuje przez 36 miesi\u0119cy. Ten okres gwarancyjny stosuje si\u0119 tylko w przypadku u\u017cytkownika ko\u0144cowego, kt\u00f3ry zakupi\u0142 produkt w sprzeda\u017cy detalicznej wy\u0142\u0105cznie dla cel\u00f3w rekreacyjnych i nie obowi\u0105zuje on w przypadku firm ani u\u017cytkownik\u00f3w profesjonalnych.<br \/>\n4.3. W przypadku u\u017cytkownik\u00f3w profesjonalnych gwarancja obowi\u0105zuje przez 12 miesi\u0119cy. Przed u\u017cyciem produktu w celach profesjonalnych u\u017cytkownik powinien otrzyma\u0107 pisemn\u0105 zgod\u0119 od firmy VETUS i\/lub jej autoryzowanych sprzedawc\u00f3w.<\/p>\n<p>5.1. Firma VETUS gwarantuje, \u017ce wyposa\u017cenie VETUS b\u0119dzie wolne od wad produktowych, materia\u0142owych i produkcyjnych przez okres obowi\u0105zywania gwarancji.<br \/>\n5.2. Usterki, kt\u00f3re wyst\u0105pi\u0105 w okresie obowi\u0105zywania gwarancji, zostan\u0105 naprawione nieodp\u0142atnie przez firm\u0119 VETUS.<br \/>\n5.3. \u00a0Firma VETUS zastrzega sobie prawo do zastosowania nowego lub zamiennego produktu, je\u015bli naprawa uszkodzonego produktu b\u0119dzie niemo\u017cliwa.<br \/>\n5.4. Produkty wymienione przez firm\u0119 VETUS w ramach gwarancji stan\u0105 si\u0119 automatycznie jej w\u0142asno\u015bci\u0105.<\/p>\n<h6>Artyku\u0142\u00a06<\/h6>\n<p>6.1. Ko\u0144cow\u0105 decyzj\u0119 w sprawie zastosowania gwarancji podejmuje firma VETUS, a nie jej upowa\u017cnieni sprzedawcy. Decyzja ta zostanie przekazana na pi\u015bmie stoczni\/sprzedawcy, kt\u00f3ry dostarczy\u0142 produkt. Firma VETUS nie b\u0119dzie prowadzi\u0107 korespondencji ani rozm\u00f3w z u\u017cytkownikiem ko\u0144cowym.<\/p>\n<h6>Artyku\u0142\u00a07<\/h6>\n<p>7.1. U\u017cytkownik nie mo\u017ce z\u0142o\u017cy\u0107 reklamacji bezpo\u015brednio do firmy VETUS, lecz powinien skierowa\u0107 j\u0105 do dostawcy produktu firmy VETUS.<\/p>\n<h6>Artyku\u0142\u00a08<\/h6>\n<p>Wszystkie roszczenia gwarancje b\u0119d\u0105 uznawane za niewa\u017cne w nast\u0119puj\u0105cych sytuacjach:<\/p>\n<ul>\n<li>Brak wymaganej konserwacji okresowej, przeprowadzanej przez autoryzowanego sprzedawc\u0119 VETUS<\/li>\n<li>Nieprawid\u0142owa instalacja lub monta\u017c produktu<\/li>\n<li>Niew\u0142a\u015bciwe korzystanie z produktu<\/li>\n<li>Awaria spowodowana nieostro\u017cno\u015bci\u0105 ze strony w\u0142a\u015bciciela lub u\u017cytkownika<\/li>\n<li>Katastrofa zewn\u0119trzna<\/li>\n<li>Ignorowanie wskaz\u00f3wek dotycz\u0105cych u\u017cytkowania<\/li>\n<li>Up\u0142yn\u0105\u0142 36-miesi\u0119czny okres gwarancji<\/li>\n<\/ul>\n<h6>Artyku\u0142\u00a09<\/h6>\n<p>Wy\u0142\u0105czenia: sytuacje nieobj\u0119te niniejsz\u0105 gwarancj\u0105:<\/p>\n<ul>\n<li>Cz\u0119\u015bci eksploatacyjne<\/li>\n<li>Koszty wynikowe, takie jak (mi\u0119dzy innymi) koszty transportu, robocizny, pracy d\u017awigu, koszty podnoszenia itp.<\/li>\n<li>Uszkodzenia powsta\u0142e w wyniku dzia\u0142ania czynnik\u00f3w \u015brodowiskowych<\/li>\n<li>Zanieczyszczenie, ujemne temperatury, przegrzanie i przeci\u0105\u017cenie<\/li>\n<\/ul>\n<h3>Warunki gwarancji udzielanej na silniki firmy VETUS<\/h3>\n<h6>Artyku\u0142\u00a01<\/h6>\n<p>1.1. Niniejsz\u0105 gwarancj\u0119 zapewnia firma VETUS NV lub jej sp\u00f3\u0142ki stowarzyszone.<\/p>\n<h6>Artyku\u0142\u00a02<\/h6>\n<p>2.1. Gwarancja dotyczy tylko produkt\u00f3w wytworzonych i\/lub dostarczonych przez firm\u0119 VETUS<br \/>\n2.2. The warranty is only applicable to products supplied by VETUS or its affiliates.<\/p>\n<h6>Artyku\u0142 3<\/h6>\n<p>3.1. Aby m\u00f3c skorzysta\u0107 z gwarancji na silniki, nale\u017cy przed\u0142o\u017cy\u0107 ca\u0142kowicie wype\u0142nion\u0105 i podpisan\u0105 instrukcj\u0119 serwisow\u0105. Aby skorzysta\u0107 z gwarancji na akcesoria i cz\u0119\u015bci zamienne, nale\u017cy b\u0119dzie okaza\u0107 dow\u00f3d potwierdzaj\u0105cy wa\u017cno\u015b\u0107 takiej gwarancji (kopia faktury za zakup danego elementu akcesori\u00f3w lub cz\u0119\u015bci zamiennej).<\/p>\n<h6>Artyku\u0142\u00a04<\/h6>\n<p>4.1. Gwarancja jest udzielana pierwszemu w\u0142a\u015bcicielowi. Gwarancj\u0119 mo\u017cna przenie\u015b\u0107 na nowego w\u0142a\u015bciciela, kiedy to b\u0119dzie on uprawniony do niej przez pozosta\u0142y czas jej obowi\u0105zywania. Wszelkie modyfikacje w zakresie instalacji produkt\u00f3w spowoduj\u0105 uniewa\u017cnienie warunk\u00f3w gwarancyjnych.<\/p>\n<h6>Artyku\u0142\u00a05<\/h6>\n<p>5.1.\u00a0Firma VETUS gwarantuje jako\u015b\u0107 dostarczonego produktu oraz wszystkich akcesori\u00f3w, kt\u00f3re dostarczono wraz z nim. Firma VETUS lub jej sp\u00f3\u0142ki stowarzyszone naprawi\u0105 wszelkie wady poprzez wymian\u0119 lub napraw\u0119 wadliwej cz\u0119\u015bci. Naprawa taka zostanie przeprowadzona w lokalizacji wybranej przez firm\u0119 VETUS.<\/p>\n<h6>Artyku\u0142\u00a06<\/h6>\n<p>6.1. Okres obowi\u0105zywania gwarancji rozpocznie si\u0119 w w dniu dostawy produktu do pierwszego w\u0142a\u015bciciela\/u\u017cytkownika ko\u0144cowego. Eksploatacj\u0119 silnika lub generatora nale\u017cy rozpocz\u0105\u0107 nie p\u00f3\u017aniej ni\u017c 6 (sze\u015b\u0107) miesi\u0119cy po jego dostawie.<\/p>\n<h6>Artyku\u0142\u00a07<\/h6>\n<p>7.1. W przypadku morskich silnik\u00f3w diesla firmy VETUS, przeznaczonych do zastosowa\u0144 niekomercyjnych w \u0142odziach rekreacyjnych, udziela si\u0119 gwarancji na wszystkie wady materia\u0142owe i\/lub konstrukcyjne zgodnie z obowi\u0105zuj\u0105cym prawem, na okres 36 (trzydziestu sze\u015bciu) miesi\u0119cy lub maksymalnie 10000 (tysi\u0105c) roboczogodzin w zale\u017cno\u015bci od tego, co nast\u0105pi szybciej.<\/p>\n<p>7.2. Opr\u00f3cz tej gwarancji firma VETUS udziela tak\u017ce gwarancji na kolejne 24 (dwadzie\u015bcia cztery) miesi\u0105ce lub dodatkowe 1500 (tysi\u0105c pi\u0119\u0107set) roboczogodzin w zale\u017cno\u015bci od tego, co nast\u0105pi szybciej, w przypadku nast\u0119puj\u0105cych cz\u0119\u015bci silnika: odlewany blok cylindr\u00f3w, odlewana g\u0142owica cylindr\u00f3w, wa\u0142 korbowy, wa\u0142 rozrz\u0105du, odlewana obudowa ko\u0142a zamachowego, odlewany rozrz\u0105d, ko\u0142a uk\u0142adu rozrz\u0105du i korbowody.<\/p>\n<p>7.3.Gwarancja nie obowi\u0105zuje w przypadku lekkich, profesjonalnych zastosowa\u0144 silnika, chyba \u017ce firma VETUS zatwierdzi\u0142a je w szczeg\u00f3lnych okoliczno\u015bciach.<\/p>\n<p>7.4. Je\u015bli firma VETUS wyda pisemn\u0105 zgod\u0119 na lekkie, komercyjne wykorzystanie produktu, gwarancja b\u0119dzie obowi\u0105zywa\u0142a przez 12 (dwana\u015bcie) miesi\u0119cy lub maksymalnie 1000 (tysi\u0105c) roboczogodzin w zale\u017cno\u015bci od tego, co nast\u0105pi szybciej.<\/p>\n<h6>Artyku\u0142\u00a08<\/h6>\n<p>8.1. \u00a0W przypadku generator\u00f3w stosuje si\u0119 nast\u0119puj\u0105ce okresy obowi\u0105zywania gwarancji mi\u0119dzynarodowej:<\/p>\n<ul>\n<li>24 (dwadzie\u015bcia cztery) miesi\u0105ce lub maksymalnie 1500 (tysi\u0105c pi\u0119\u0107set) roboczogodzin w zale\u017cno\u015bci od tego, co nast\u0105pi szybciej (dla pr\u0119dko\u015bci roboczej generatora wynosz\u0105cej 1500 obr\/min).<\/li>\n<li>24 (dwadzie\u015bcia cztery) miesi\u0105ce lub maksymalnie 1000 (tysi\u0105c) roboczogodzin w zale\u017cno\u015bci od tego, co nast\u0105pi szybciej (dla pr\u0119dko\u015bci roboczej generatora wynosz\u0105cej 3000 obr\/min).<\/li>\n<\/ul>\n<p>8.2. In addition to this warranty period, VETUS guarantees during the subsequent 24 (twenty four) months, or an additional 1000 (one thousand) operating hours, depending on whichever comes first , the following engine parts: the cylinder block casting, the cylinder head casting, the crankshaft, the camshaft, the flywheel housing casting, the timing gear casting, the timing gears and the connecting rods<\/p>\n<h6>Artyku\u0142\u00a09<\/h6>\n<p>9.1. W przypadku cz\u0119\u015bci i akcesori\u00f3w silnikowych gwarancja mi\u0119dzynarodowa obowi\u0105zuje przez 12 (dwana\u015bcie) miesi\u0119cy, licz\u0105c od daty wystawienia faktury. Cz\u0119\u015bci wymagaj\u0105ce okresowej konserwacji oraz cz\u0119\u015bci eksploatacyjne nie s\u0105 obj\u0119te gwarancj\u0105.<\/p>\n<h6>Artyku\u0142\u00a010<\/h6>\n<p>10.1. \u00a0Widoczne wady nale\u017cy zg\u0142osi\u0107 na pi\u015bmie natychmiast lub najp\u00f3\u017aniej w przeci\u0105gu pi\u0119ciu dni, informuj\u0105c o nich sprzedawc\u0119, dystrybutora lub importera produkt\u00f3w firmy VETUS.<\/p>\n<p>10.2. \u00a0Wszystkie roszczenia gwarancje b\u0119d\u0105 uznawane za niewa\u017cne w nast\u0119puj\u0105cych sytuacjach:<\/p>\n<ul>\n<li>Produkt lub komponent by\u0142 wykorzystywany w spos\u00f3b inny ni\u017c okre\u015blony w specyfikacji.<\/li>\n<li>Produkt lub cz\u0119\u015b\u0107 zosta\u0142y nieprawid\u0142owo zamocowane lub zainstalowane.<\/li>\n<li>Awaria jest spowodowana normalnym i spodziewanym zu\u017cyciem.<\/li>\n<li>Nie przestrzegano warunk\u00f3w dotycz\u0105cych eksploatacji, konserwacji i napraw.<\/li>\n<li>Nie przeprowadzano okresowej konserwacji u autoryzowanego sprzedawcy VETUS.<\/li>\n<li>Zmieniono konstrukcj\u0119 lub ustawienia produktu bez zgody firmy VETUS.<\/li>\n<li>Produkt by\u0142 u\u017cywany niezgodnie z przeznaczeniem.<\/li>\n<li>Zamontowano nieoryginalne cz\u0119\u015bci.<\/li>\n<li>Wada nie zosta\u0142a zg\u0142oszona na pi\u015bmie do sprzedawcy, OEM (producent oryginalnego wyposa\u017cenia), importera ani firmy VETUS w przeci\u0105gu 14 dni od chwili jej wykrycia.<\/li>\n<\/ul>\n<p>10.3. \u00a0Gwarancja nie obejmuje:<\/p>\n<ul>\n<li>Usterek niespowodowanych wadami materia\u0142owymi ani konstrukcyjnymi.<\/li>\n<li>Usterek wynikaj\u0105cych z normalnego zu\u017cycia, zabrudzenia w \u015brodku lub na zewn\u0105trz,rdzy i uszkodzenia pow\u0142oki lakierniczej, dzia\u0142ania ujemnych temperatur, przegrzania, przeci\u0105\u017cenia lub niew\u0142a\u015bciwego u\u017cytkowania.<\/li>\n<li>Uszkodze\u0144 powsta\u0142ych podczas transportu, dystrybucji lub przechowywania.<\/li>\n<li>Napraw przeprowadzonych przez nieautoryzowany serwis.<\/li>\n<li>Materia\u0142\u00f3w ani procedur wykorzystywanych na pro\u015bb\u0119 w\u0142a\u015bciciela, kt\u00f3re jednak nie s\u0105 zazwyczaj zapewniane.<\/li>\n<li>Cz\u0119\u015bci eksploatacyjnych, takich jak np. filtry, uszczelki, wtryskiwacze, \u015brodki smarne, termostaty, pow\u0142oki lakiernicze, w\u0119\u017ce, szczotki, \u015bwiece \u017carowe, paski klinowe i wirniki.<\/li>\n<li>Koszt\u00f3w wynikaj\u0105cych z konieczno\u015bci dzielenia zysk\u00f3w, transportu lub zakwaterowania, utraty czasu, utraty mo\u017cliwo\u015bci korzystania z produktu oraz koszt\u00f3w poniesionych, aby udost\u0119pni\u0107 produkt, koszt\u00f3w korzystania z d\u017awigu, doku lub koszt\u00f3w podnoszenia, szk\u00f3d powsta\u0142ych na skutek obra\u017ce\u0144 cia\u0142a lub utraty w\u0142asno\u015bci.<\/li>\n<\/ul>\n<h6>Artyku\u0142\u00a011<\/h6>\n<p>11.1. Roszczenie gwarancyjne mo\u017cna z\u0142o\u017cy\u0107 tylko poprzez kompletne wype\u0142nienie formularza instalacyjnego przez sprzedawc\u0119 lub instalatora oraz zwr\u00f3cenie go do dzia\u0142u serwisowego firmy VETIS NV w przeci\u0105gu 14 dni od momentu rozpocz\u0119cia eksploatacji produktu.<\/p>\n                                <\/div>\n                            \n                                                    <\/div>\n                    <\/div>\n                <\/div>\n            <\/div>\n        <\/div>\n    <\/section><\/section>","protected":false},"excerpt":{"rendered":"<p>Standardowo udzielamy 3 lata gwarancji na urz\u0105dzenia oraz 5 lat na silniki.<\/p>\n","protected":false},"author":31,"featured_media":16966,"parent":3567,"menu_order":105,"comment_status":"closed","ping_status":"closed","template":"tpl-basic.php","meta":{"_acf_changed":false,"footnotes":""},"class_list":["post-3407","page","type-page","status-publish","has-post-thumbnail","hentry"],"acf":{"introduction":"","person":false},"yoast_head":"<!-- This site is optimized with the Yoast SEO Premium plugin v27.4 (Yoast SEO v27.4) - https:\/\/yoast.com\/product\/yoast-seo-premium-wordpress\/ -->\n<title>Polityka gwarancyjna firmy VETUS - VETUS<\/title>\n<meta name=\"robots\" content=\"index, follow, max-snippet:-1, max-image-preview:large, max-video-preview:-1\" \/>\n<link rel=\"canonical\" href=\"https:\/\/vetus.com\/pl\/serwis-i-wsparcie\/polityka-gwarancyjna-firmy-vetus\/\" \/>\n<meta property=\"og:locale\" content=\"pl_PL\" \/>\n<meta property=\"og:type\" content=\"article\" \/>\n<meta property=\"og:title\" content=\"Polityka gwarancyjna firmy VETUS\" \/>\n<meta property=\"og:description\" content=\"Standardowo udzielamy 3 lata gwarancji na urz\u0105dzenia oraz 5 lat na silniki.\" \/>\n<meta property=\"og:url\" content=\"https:\/\/vetus.com\/pl\/serwis-i-wsparcie\/polityka-gwarancyjna-firmy-vetus\/\" \/>\n<meta property=\"og:site_name\" content=\"VETUS\" \/>\n<meta property=\"article:modified_time\" content=\"2021-07-22T06:04:02+00:00\" \/>\n<meta property=\"og:image\" content=\"https:\/\/vetus.com\/wp-content\/uploads\/3_5_jaargarantie_ServiceSupportPage_3x2-3.png\" \/>\n\t<meta property=\"og:image:width\" content=\"1200\" \/>\n\t<meta property=\"og:image:height\" content=\"800\" \/>\n\t<meta property=\"og:image:type\" content=\"image\/png\" \/>\n<meta name=\"twitter:card\" content=\"summary_large_image\" \/>\n<script type=\"application\/ld+json\" class=\"yoast-schema-graph\">{\"@context\":\"https:\\\/\\\/schema.org\",\"@graph\":[{\"@type\":\"WebPage\",\"@id\":\"https:\\\/\\\/vetus.com\\\/pl\\\/serwis-i-wsparcie\\\/polityka-gwarancyjna-firmy-vetus\\\/\",\"url\":\"https:\\\/\\\/vetus.com\\\/pl\\\/serwis-i-wsparcie\\\/polityka-gwarancyjna-firmy-vetus\\\/\",\"name\":\"Polityka gwarancyjna firmy VETUS - VETUS\",\"isPartOf\":{\"@id\":\"https:\\\/\\\/vetus.com\\\/pl\\\/#website\"},\"primaryImageOfPage\":{\"@id\":\"https:\\\/\\\/vetus.com\\\/pl\\\/serwis-i-wsparcie\\\/polityka-gwarancyjna-firmy-vetus\\\/#primaryimage\"},\"image\":{\"@id\":\"https:\\\/\\\/vetus.com\\\/pl\\\/serwis-i-wsparcie\\\/polityka-gwarancyjna-firmy-vetus\\\/#primaryimage\"},\"thumbnailUrl\":\"https:\\\/\\\/vetus.com\\\/wp-content\\\/uploads\\\/3_5_jaargarantie_ServiceSupportPage_3x2-3.png\",\"datePublished\":\"2021-03-31T07:14:27+00:00\",\"dateModified\":\"2021-07-22T06:04:02+00:00\",\"breadcrumb\":{\"@id\":\"https:\\\/\\\/vetus.com\\\/pl\\\/serwis-i-wsparcie\\\/polityka-gwarancyjna-firmy-vetus\\\/#breadcrumb\"},\"inLanguage\":\"pl-PL\",\"potentialAction\":[{\"@type\":\"ReadAction\",\"target\":[\"https:\\\/\\\/vetus.com\\\/pl\\\/serwis-i-wsparcie\\\/polityka-gwarancyjna-firmy-vetus\\\/\"]}]},{\"@type\":\"ImageObject\",\"inLanguage\":\"pl-PL\",\"@id\":\"https:\\\/\\\/vetus.com\\\/pl\\\/serwis-i-wsparcie\\\/polityka-gwarancyjna-firmy-vetus\\\/#primaryimage\",\"url\":\"https:\\\/\\\/vetus.com\\\/wp-content\\\/uploads\\\/3_5_jaargarantie_ServiceSupportPage_3x2-3.png\",\"contentUrl\":\"https:\\\/\\\/vetus.com\\\/wp-content\\\/uploads\\\/3_5_jaargarantie_ServiceSupportPage_3x2-3.png\",\"width\":1200,\"height\":800},{\"@type\":\"BreadcrumbList\",\"@id\":\"https:\\\/\\\/vetus.com\\\/pl\\\/serwis-i-wsparcie\\\/polityka-gwarancyjna-firmy-vetus\\\/#breadcrumb\",\"itemListElement\":[{\"@type\":\"ListItem\",\"position\":1,\"name\":\"Home\",\"item\":\"https:\\\/\\\/vetus.com\\\/pl\\\/\"},{\"@type\":\"ListItem\",\"position\":2,\"name\":\"Serwis i wsparcie\",\"item\":\"https:\\\/\\\/vetus.com\\\/pl\\\/serwis-i-wsparcie\\\/\"},{\"@type\":\"ListItem\",\"position\":3,\"name\":\"Polityka gwarancyjna firmy VETUS\"}]},{\"@type\":\"WebSite\",\"@id\":\"https:\\\/\\\/vetus.com\\\/pl\\\/#website\",\"url\":\"https:\\\/\\\/vetus.com\\\/pl\\\/\",\"name\":\"VETUS\",\"description\":\"\",\"potentialAction\":[{\"@type\":\"SearchAction\",\"target\":{\"@type\":\"EntryPoint\",\"urlTemplate\":\"https:\\\/\\\/vetus.com\\\/pl\\\/?s={search_term_string}\"},\"query-input\":{\"@type\":\"PropertyValueSpecification\",\"valueRequired\":true,\"valueName\":\"search_term_string\"}}],\"inLanguage\":\"pl-PL\"}]}<\/script>\n<!-- \/ Yoast SEO Premium plugin. -->","yoast_head_json":{"title":"Polityka gwarancyjna firmy VETUS - VETUS","robots":{"index":"index","follow":"follow","max-snippet":"max-snippet:-1","max-image-preview":"max-image-preview:large","max-video-preview":"max-video-preview:-1"},"canonical":"https:\/\/vetus.com\/pl\/serwis-i-wsparcie\/polityka-gwarancyjna-firmy-vetus\/","og_locale":"pl_PL","og_type":"article","og_title":"Polityka gwarancyjna firmy VETUS","og_description":"Standardowo udzielamy 3 lata gwarancji na urz\u0105dzenia oraz 5 lat na silniki.","og_url":"https:\/\/vetus.com\/pl\/serwis-i-wsparcie\/polityka-gwarancyjna-firmy-vetus\/","og_site_name":"VETUS","article_modified_time":"2021-07-22T06:04:02+00:00","og_image":[{"width":1200,"height":800,"url":"https:\/\/vetus.com\/wp-content\/uploads\/3_5_jaargarantie_ServiceSupportPage_3x2-3.png","type":"image\/png"}],"twitter_card":"summary_large_image","schema":{"@context":"https:\/\/schema.org","@graph":[{"@type":"WebPage","@id":"https:\/\/vetus.com\/pl\/serwis-i-wsparcie\/polityka-gwarancyjna-firmy-vetus\/","url":"https:\/\/vetus.com\/pl\/serwis-i-wsparcie\/polityka-gwarancyjna-firmy-vetus\/","name":"Polityka gwarancyjna firmy VETUS - VETUS","isPartOf":{"@id":"https:\/\/vetus.com\/pl\/#website"},"primaryImageOfPage":{"@id":"https:\/\/vetus.com\/pl\/serwis-i-wsparcie\/polityka-gwarancyjna-firmy-vetus\/#primaryimage"},"image":{"@id":"https:\/\/vetus.com\/pl\/serwis-i-wsparcie\/polityka-gwarancyjna-firmy-vetus\/#primaryimage"},"thumbnailUrl":"https:\/\/vetus.com\/wp-content\/uploads\/3_5_jaargarantie_ServiceSupportPage_3x2-3.png","datePublished":"2021-03-31T07:14:27+00:00","dateModified":"2021-07-22T06:04:02+00:00","breadcrumb":{"@id":"https:\/\/vetus.com\/pl\/serwis-i-wsparcie\/polityka-gwarancyjna-firmy-vetus\/#breadcrumb"},"inLanguage":"pl-PL","potentialAction":[{"@type":"ReadAction","target":["https:\/\/vetus.com\/pl\/serwis-i-wsparcie\/polityka-gwarancyjna-firmy-vetus\/"]}]},{"@type":"ImageObject","inLanguage":"pl-PL","@id":"https:\/\/vetus.com\/pl\/serwis-i-wsparcie\/polityka-gwarancyjna-firmy-vetus\/#primaryimage","url":"https:\/\/vetus.com\/wp-content\/uploads\/3_5_jaargarantie_ServiceSupportPage_3x2-3.png","contentUrl":"https:\/\/vetus.com\/wp-content\/uploads\/3_5_jaargarantie_ServiceSupportPage_3x2-3.png","width":1200,"height":800},{"@type":"BreadcrumbList","@id":"https:\/\/vetus.com\/pl\/serwis-i-wsparcie\/polityka-gwarancyjna-firmy-vetus\/#breadcrumb","itemListElement":[{"@type":"ListItem","position":1,"name":"Home","item":"https:\/\/vetus.com\/pl\/"},{"@type":"ListItem","position":2,"name":"Serwis i wsparcie","item":"https:\/\/vetus.com\/pl\/serwis-i-wsparcie\/"},{"@type":"ListItem","position":3,"name":"Polityka gwarancyjna firmy VETUS"}]},{"@type":"WebSite","@id":"https:\/\/vetus.com\/pl\/#website","url":"https:\/\/vetus.com\/pl\/","name":"VETUS","description":"","potentialAction":[{"@type":"SearchAction","target":{"@type":"EntryPoint","urlTemplate":"https:\/\/vetus.com\/pl\/?s={search_term_string}"},"query-input":{"@type":"PropertyValueSpecification","valueRequired":true,"valueName":"search_term_string"}}],"inLanguage":"pl-PL"}]}},"_links":{"self":[{"href":"https:\/\/vetus.com\/pl\/wp-json\/wp\/v2\/pages\/3407","targetHints":{"allow":["GET"]}}],"collection":[{"href":"https:\/\/vetus.com\/pl\/wp-json\/wp\/v2\/pages"}],"about":[{"href":"https:\/\/vetus.com\/pl\/wp-json\/wp\/v2\/types\/page"}],"author":[{"embeddable":true,"href":"https:\/\/vetus.com\/pl\/wp-json\/wp\/v2\/users\/31"}],"replies":[{"embeddable":true,"href":"https:\/\/vetus.com\/pl\/wp-json\/wp\/v2\/comments?post=3407"}],"version-history":[{"count":0,"href":"https:\/\/vetus.com\/pl\/wp-json\/wp\/v2\/pages\/3407\/revisions"}],"up":[{"embeddable":true,"href":"https:\/\/vetus.com\/pl\/wp-json\/wp\/v2\/pages\/3567"}],"wp:featuredmedia":[{"embeddable":true,"href":"https:\/\/vetus.com\/pl\/wp-json\/wp\/v2\/media\/16966"}],"wp:attachment":[{"href":"https:\/\/vetus.com\/pl\/wp-json\/wp\/v2\/media?parent=3407"}],"curies":[{"name":"wp","href":"https:\/\/api.w.org\/{rel}","templated":true}]}}