{"id":3261,"date":"2021-04-07T12:32:24","date_gmt":"2021-04-07T10:32:24","guid":{"rendered":"https:\/\/vetus.inlinedigital.nl\/cms\/contact-service\/"},"modified":"2022-11-29T10:23:35","modified_gmt":"2022-11-29T08:23:35","slug":"vetus-filie","status":"publish","type":"page","link":"https:\/\/vetus.com\/pl\/serwis-i-wsparcie\/vetus-filie\/","title":{"rendered":"VETUS Filie"},"content":{"rendered":"<section class=\"section \" id=\"contact-service-block_f16e0e8d7954e8884293138e4c6ef0a3\">\n    <div class=\"container\">\n        <div class=\"row\">\n            <div class=\"col-lg-3 mb-6 mb-lg-0\">\n                <aside class=\"sidebar-block\">\n\n                    <div class=\"sidebar-block__header d-none\">\n                        <hr>\n\n                        <h5 class=\"sidebar-block__title\">\n                            VETUS Filie                        <\/h5>\n                    <\/div>\n\n                    <div class=\"sidebar-block__body\">\n                                                    <nav class=\"side-nav side-nav--faq\" role=\"navigation\" aria-label=\"\">\n                                <ul class=\"list-group list-group-flush side-nav__list side-nav__list--styled text-sm\">\n                                                                            <li class=\"list-group-item side-nav__item side-nav__item--styled is-active\">\n                                            <a href=\"https:\/\/vetus.com\/pl\/serwis-i-wsparcie\/vetus-filie\/\" class=\"side-nav__link side-nav__link--styled\" target=\"\">\n                                                Og\u00f3lne                                                <i class=\"icon icon-keyboard_arrow_right d-block d-lg-none ml-auto pl-5\"><\/i>\n                                            <\/a>\n                                        <\/li>\n                                    \n                                                                            <li class=\"list-group-item side-nav__item side-nav__item--styled \">\n                                            <a href=\"https:\/\/vetus.com\/pl\/wsparcie-serwisowe\/kontakt-serwis\/taiwan\/\" class=\"side-nav__link side-nav__link--styled\">\n                                                Azja                                                <i class=\"icon icon-keyboard_arrow_right d-block d-lg-none ml-auto pl-5\"><\/i>\n                                            <\/a>\n                                        <\/li>\n                                                                            <li class=\"list-group-item side-nav__item side-nav__item--styled \">\n                                            <a href=\"https:\/\/vetus.com\/pl\/wsparcie-serwisowe\/kontakt-serwis\/australia\/\" class=\"side-nav__link side-nav__link--styled\">\n                                                Australia                                                <i class=\"icon icon-keyboard_arrow_right d-block d-lg-none ml-auto pl-5\"><\/i>\n                                            <\/a>\n                                        <\/li>\n                                                                            <li class=\"list-group-item side-nav__item side-nav__item--styled \">\n                                            <a href=\"https:\/\/vetus.com\/pl\/wsparcie-serwisowe\/kontakt-serwis\/belgia\/\" class=\"side-nav__link side-nav__link--styled\">\n                                                Belgia                                                <i class=\"icon icon-keyboard_arrow_right d-block d-lg-none ml-auto pl-5\"><\/i>\n                                            <\/a>\n                                        <\/li>\n                                                                            <li class=\"list-group-item side-nav__item side-nav__item--styled \">\n                                            <a href=\"https:\/\/vetus.com\/pl\/wsparcie-serwisowe\/kontakt-serwis\/dania\/\" class=\"side-nav__link side-nav__link--styled\">\n                                                Dania                                                <i class=\"icon icon-keyboard_arrow_right d-block d-lg-none ml-auto pl-5\"><\/i>\n                                            <\/a>\n                                        <\/li>\n                                                                            <li class=\"list-group-item side-nav__item side-nav__item--styled \">\n                                            <a href=\"https:\/\/vetus.com\/pl\/wsparcie-serwisowe\/kontakt-serwis\/finlandia\/\" class=\"side-nav__link side-nav__link--styled\">\n                                                Finlandia                                                <i class=\"icon icon-keyboard_arrow_right d-block d-lg-none ml-auto pl-5\"><\/i>\n                                            <\/a>\n                                        <\/li>\n                                                                            <li class=\"list-group-item side-nav__item side-nav__item--styled \">\n                                            <a href=\"https:\/\/vetus.com\/pl\/wsparcie-serwisowe\/kontakt-serwis\/francja\/\" class=\"side-nav__link side-nav__link--styled\">\n                                                Francja                                                <i class=\"icon icon-keyboard_arrow_right d-block d-lg-none ml-auto pl-5\"><\/i>\n                                            <\/a>\n                                        <\/li>\n                                                                            <li class=\"list-group-item side-nav__item side-nav__item--styled \">\n                                            <a href=\"https:\/\/vetus.com\/pl\/wsparcie-serwisowe\/kontakt-serwis\/hiszpania\/\" class=\"side-nav__link side-nav__link--styled\">\n                                                Hiszpania                                                <i class=\"icon icon-keyboard_arrow_right d-block d-lg-none ml-auto pl-5\"><\/i>\n                                            <\/a>\n                                        <\/li>\n                                                                            <li class=\"list-group-item side-nav__item side-nav__item--styled \">\n                                            <a href=\"https:\/\/vetus.com\/pl\/wsparcie-serwisowe\/kontakt-serwis\/holandia\/\" class=\"side-nav__link side-nav__link--styled\">\n                                                Holandia                                                <i class=\"icon icon-keyboard_arrow_right d-block d-lg-none ml-auto pl-5\"><\/i>\n                                            <\/a>\n                                        <\/li>\n                                                                            <li class=\"list-group-item side-nav__item side-nav__item--styled \">\n                                            <a href=\"https:\/\/vetus.com\/pl\/wsparcie-serwisowe\/kontakt-serwis\/india\/\" class=\"side-nav__link side-nav__link--styled\">\n                                                Indie                                                <i class=\"icon icon-keyboard_arrow_right d-block d-lg-none ml-auto pl-5\"><\/i>\n                                            <\/a>\n                                        <\/li>\n                                                                            <li class=\"list-group-item side-nav__item side-nav__item--styled \">\n                                            <a href=\"https:\/\/vetus.com\/pl\/wsparcie-serwisowe\/kontakt-serwis\/niemcy\/\" class=\"side-nav__link side-nav__link--styled\">\n                                                Niemcy                                                <i class=\"icon icon-keyboard_arrow_right d-block d-lg-none ml-auto pl-5\"><\/i>\n                                            <\/a>\n                                        <\/li>\n                                                                            <li class=\"list-group-item side-nav__item side-nav__item--styled \">\n                                            <a href=\"https:\/\/vetus.com\/pl\/wsparcie-serwisowe\/kontakt-serwis\/nowa-zelandia\/\" class=\"side-nav__link side-nav__link--styled\">\n                                                Nowa Zelandia                                                <i class=\"icon icon-keyboard_arrow_right d-block d-lg-none ml-auto pl-5\"><\/i>\n                                            <\/a>\n                                        <\/li>\n                                                                            <li class=\"list-group-item side-nav__item side-nav__item--styled \">\n                                            <a href=\"https:\/\/vetus.com\/pl\/wsparcie-serwisowe\/kontakt-serwis\/polska\/\" class=\"side-nav__link side-nav__link--styled\">\n                                                Polska                                                <i class=\"icon icon-keyboard_arrow_right d-block d-lg-none ml-auto pl-5\"><\/i>\n                                            <\/a>\n                                        <\/li>\n                                                                            <li class=\"list-group-item side-nav__item side-nav__item--styled \">\n                                            <a href=\"https:\/\/vetus.com\/pl\/wsparcie-serwisowe\/kontakt-serwis\/portugalia\/\" class=\"side-nav__link side-nav__link--styled\">\n                                                Portugalia                                                <i class=\"icon icon-keyboard_arrow_right d-block d-lg-none ml-auto pl-5\"><\/i>\n                                            <\/a>\n                                        <\/li>\n                                                                            <li class=\"list-group-item side-nav__item side-nav__item--styled \">\n                                            <a href=\"https:\/\/vetus.com\/pl\/wsparcie-serwisowe\/kontakt-serwis\/republika-poludniowej-afryki\/\" class=\"side-nav__link side-nav__link--styled\">\n                                                Republika Po\u0142udniowej Afryki                                                <i class=\"icon icon-keyboard_arrow_right d-block d-lg-none ml-auto pl-5\"><\/i>\n                                            <\/a>\n                                        <\/li>\n                                                                            <li class=\"list-group-item side-nav__item side-nav__item--styled \">\n                                            <a href=\"https:\/\/vetus.com\/pl\/wsparcie-serwisowe\/kontakt-serwis\/rosja\/\" class=\"side-nav__link side-nav__link--styled\">\n                                                Rosja                                                <i class=\"icon icon-keyboard_arrow_right d-block d-lg-none ml-auto pl-5\"><\/i>\n                                            <\/a>\n                                        <\/li>\n                                                                            <li class=\"list-group-item side-nav__item side-nav__item--styled \">\n                                            <a href=\"https:\/\/vetus.com\/pl\/wsparcie-serwisowe\/kontakt-serwis\/stany-zjednoczone-ameryki\/\" class=\"side-nav__link side-nav__link--styled\">\n                                                Stany Zjednoczone Ameryki                                                <i class=\"icon icon-keyboard_arrow_right d-block d-lg-none ml-auto pl-5\"><\/i>\n                                            <\/a>\n                                        <\/li>\n                                                                            <li class=\"list-group-item side-nav__item side-nav__item--styled \">\n                                            <a href=\"https:\/\/vetus.com\/pl\/wsparcie-serwisowe\/kontakt-serwis\/szwecja\/\" class=\"side-nav__link side-nav__link--styled\">\n                                                Szwecja                                                <i class=\"icon icon-keyboard_arrow_right d-block d-lg-none ml-auto pl-5\"><\/i>\n                                            <\/a>\n                                        <\/li>\n                                                                            <li class=\"list-group-item side-nav__item side-nav__item--styled \">\n                                            <a href=\"https:\/\/vetus.com\/pl\/wsparcie-serwisowe\/kontakt-serwis\/wlochy\/\" class=\"side-nav__link side-nav__link--styled\">\n                                                W\u0142ochy                                                <i class=\"icon icon-keyboard_arrow_right d-block d-lg-none ml-auto pl-5\"><\/i>\n                                            <\/a>\n                                        <\/li>\n                                                                            <li class=\"list-group-item side-nav__item side-nav__item--styled \">\n                                            <a href=\"https:\/\/vetus.com\/pl\/wsparcie-serwisowe\/kontakt-serwis\/zjednoczone-krolestwo\/\" class=\"side-nav__link side-nav__link--styled\">\n                                                Zjednoczone Kr\u00f3lestwo                                                <i class=\"icon icon-keyboard_arrow_right d-block d-lg-none ml-auto pl-5\"><\/i>\n                                            <\/a>\n                                        <\/li>\n                                                                    <\/ul>\n                            <\/nav>\n\n                        \n                    <\/div>\n                <\/aside>\n            <\/div>\n\n            <div class=\"col-lg-9\">\n                                    <div class=\"p-5 mb-6 text-white bg-primary\">\n                        <p>Si\u0142a firmy VETUS le\u017cy w fachowej wiedzy naszej og\u00f3lno\u015bwiatowej sieci. Dlatego bardzo wa\u017cne jest, aby w przypadku jakichkolwiek pyta\u0144, problem\u00f3w serwisowych lub w\u0105tpliwo\u015bci kontaktowa\u0107 si\u0119 z punktem zakupu. Przekazuj\u0105c nam podstawowe informacje o zakupie i instalacji, mo\u017cemy w razie potrzeby znale\u017a\u0107 w\u0142a\u015bciw\u0105 osob\u0119 w naszym zespole.<\/p>\n<p>Czy chcesz podzieli\u0107 si\u0119 swoim do\u015bwiadczeniem lub nieoczekiwanie nie jeste\u015b zadowolony z tego, w jaki spos\u00f3b zosta\u0142e\u015b obs\u0142u\u017cony podczas zakupu? Pom\u00f3\u017c nam poprawi\u0107 nasz\u0105 organizacj\u0119, dziel\u0105c si\u0119 z nami tym do\u015bwiadczeniem poprzez poni\u017cszy formularz.<\/p>\n                                                    <a href=\"https:\/\/vetus.com\/pl\/serwis-i-wsparcie\/formularz-kontaktowy-2\/\" class=\"btn btn-secondary\" title=\"Formularz kontaktowy\" target=\"\">\n                                <span>\n                                    Formularz kontaktowy                                <\/span>\n                            <\/a>\n                                            <\/div>\n                \n                                        <div class=\"box box--contact\">\n                            <div class=\"box__body d-flex flex-column flex-md-row-reverse\">\n                                <div class=\"box__media media\">\n                                                                    <\/div>\n\n                                <div class=\"box__content box__content--contact\">\n                                                                            <div class=\"box__actions actions\">\n                                            <div class=\"btn-group d-flex flex-wrap flex-grow-1 flex-column align-items-start\">\n                                                                                                    <a href=\"tel:+48224524052\" class=\"btn btn-empty btn-empty-reverse\" title=\"+48 22 452 40 52\" target=\"_blank\" rel=\"oopener noreferrer\">\n                                                        <i class=\"icon icon-local_phone\"><\/i>\n                                                        <span>\n                                                            +48 22 452 40 52                                                        <\/span>\n                                                    <\/a>\n                                                                                                    <a href=\"mailto:info@vetus.pl\" class=\"btn btn-empty btn-empty-reverse\" target=\"_blank\" rel=\"oopener noreferrer\">\n                                                        <i class=\"icon icon-mail_outline\"><\/i>\n                                                        <span>\n                                                            info@vetus.pl                                                        <\/span>\n                                                    <\/a>\n                                                                                            <\/div>\n                                        <\/div>\n                                                                            <div class=\"box__address\">\n                                            <div class=\"mb-2\">\n                                                <strong>\n                                                                                                        Address\n                                                <\/strong>\n                                            <\/div>\n\n                                            <address class=\"text-sm\">\n                                                VETUS Poland<br \/>\r\nVETUS Sp. z.o.o.<br \/>\r\nul. Plochocinska 111<br \/>\r\n03-044 WARSZAWA<br \/>\r\nPoland                                                                                            <\/address>\n\n                                        <\/div>\n                                                                            <div class=\"box__opening-hours\">\n                                                                                            <div class=\"mb-2\">\n                                                    <strong>\n                                                        Godziny otwarcia (CET)                                                    <\/strong>\n                                                <\/div>\n                                            <table style=\"min-width: 75%;\">\n<tbody>\n<tr>\n<td>Poniedzia\u0142ek<\/td>\n<td>08:00 &#8211; 16:00<\/td>\n<\/tr>\n<tr>\n<td>Wtorek<\/td>\n<td>08:00 &#8211; 16:00<\/td>\n<\/tr>\n<tr>\n<td>\u015aroda<\/td>\n<td>08:00 &#8211; 16:00<\/td>\n<\/tr>\n<tr>\n<td>Czwartek<\/td>\n<td>08:00 &#8211; 16:00<\/td>\n<\/tr>\n<tr>\n<td>Pi\u0105tek<\/td>\n<td>08:00 &#8211; 16:00<\/td>\n<\/tr>\n<tr>\n<td>Sobota<\/td>\n<td>zamkni\u0119te<\/td>\n<\/tr>\n<tr>\n<td>Niedziela<\/td>\n<td>zamkni\u0119te<\/td>\n<\/tr>\n<\/tbody>\n<\/table>\n\n                                            <div class=\"text-sm mb-2 d-none\">\n                                                Current time (CEST): 14:52\n                                            <\/div>\n                                        <\/div>\n                                    \n\n\n\n                                <\/div>\n                            <\/div>\n                        <\/div>\n                            <\/div>\n        <\/div>\n    <\/div>\n<\/section>\n","protected":false},"excerpt":{"rendered":"<p>W przypadku jakichkolwiek pyta\u0144, problem\u00f3w serwisowych lub w\u0105tpliwo\u015bci prosimy o kontakt z punktem zakupu.<\/p>\n","protected":false},"author":31,"featured_media":3262,"parent":3567,"menu_order":98,"comment_status":"closed","ping_status":"closed","template":"tpl-basic.php","meta":{"_acf_changed":false,"footnotes":""},"class_list":["post-3261","page","type-page","status-publish","has-post-thumbnail","hentry"],"acf":{"introduction":"","person":false},"yoast_head":"<!-- This site is optimized with the Yoast SEO Premium plugin v27.4 (Yoast SEO v27.4) - https:\/\/yoast.com\/product\/yoast-seo-premium-wordpress\/ -->\n<title>VETUS Filie - VETUS<\/title>\n<meta name=\"robots\" content=\"index, follow, max-snippet:-1, max-image-preview:large, max-video-preview:-1\" \/>\n<link rel=\"canonical\" href=\"https:\/\/vetus.com\/pl\/serwis-i-wsparcie\/vetus-filie\/\" \/>\n<meta property=\"og:locale\" content=\"pl_PL\" \/>\n<meta property=\"og:type\" content=\"article\" \/>\n<meta property=\"og:title\" content=\"VETUS Filie\" \/>\n<meta property=\"og:description\" content=\"W przypadku jakichkolwiek pyta\u0144, problem\u00f3w serwisowych lub w\u0105tpliwo\u015bci prosimy o kontakt z punktem zakupu.\" \/>\n<meta property=\"og:url\" content=\"https:\/\/vetus.com\/pl\/serwis-i-wsparcie\/vetus-filie\/\" \/>\n<meta property=\"og:site_name\" content=\"VETUS\" \/>\n<meta property=\"article:modified_time\" content=\"2022-11-29T08:23:35+00:00\" \/>\n<meta property=\"og:image\" content=\"https:\/\/vetus.com\/wp-content\/uploads\/featured-contact-service.png\" \/>\n\t<meta property=\"og:image:width\" content=\"1200\" \/>\n\t<meta property=\"og:image:height\" content=\"800\" \/>\n\t<meta property=\"og:image:type\" content=\"image\/png\" \/>\n<meta name=\"twitter:card\" content=\"summary_large_image\" \/>\n<script type=\"application\/ld+json\" class=\"yoast-schema-graph\">{\"@context\":\"https:\\\/\\\/schema.org\",\"@graph\":[{\"@type\":\"WebPage\",\"@id\":\"https:\\\/\\\/vetus.com\\\/pl\\\/serwis-i-wsparcie\\\/vetus-filie\\\/\",\"url\":\"https:\\\/\\\/vetus.com\\\/pl\\\/serwis-i-wsparcie\\\/vetus-filie\\\/\",\"name\":\"VETUS Filie - VETUS\",\"isPartOf\":{\"@id\":\"https:\\\/\\\/vetus.com\\\/pl\\\/#website\"},\"primaryImageOfPage\":{\"@id\":\"https:\\\/\\\/vetus.com\\\/pl\\\/serwis-i-wsparcie\\\/vetus-filie\\\/#primaryimage\"},\"image\":{\"@id\":\"https:\\\/\\\/vetus.com\\\/pl\\\/serwis-i-wsparcie\\\/vetus-filie\\\/#primaryimage\"},\"thumbnailUrl\":\"https:\\\/\\\/vetus.com\\\/wp-content\\\/uploads\\\/featured-contact-service.png\",\"datePublished\":\"2021-04-07T10:32:24+00:00\",\"dateModified\":\"2022-11-29T08:23:35+00:00\",\"breadcrumb\":{\"@id\":\"https:\\\/\\\/vetus.com\\\/pl\\\/serwis-i-wsparcie\\\/vetus-filie\\\/#breadcrumb\"},\"inLanguage\":\"pl-PL\",\"potentialAction\":[{\"@type\":\"ReadAction\",\"target\":[\"https:\\\/\\\/vetus.com\\\/pl\\\/serwis-i-wsparcie\\\/vetus-filie\\\/\"]}]},{\"@type\":\"ImageObject\",\"inLanguage\":\"pl-PL\",\"@id\":\"https:\\\/\\\/vetus.com\\\/pl\\\/serwis-i-wsparcie\\\/vetus-filie\\\/#primaryimage\",\"url\":\"https:\\\/\\\/vetus.com\\\/wp-content\\\/uploads\\\/featured-contact-service.png\",\"contentUrl\":\"https:\\\/\\\/vetus.com\\\/wp-content\\\/uploads\\\/featured-contact-service.png\",\"width\":1200,\"height\":800},{\"@type\":\"BreadcrumbList\",\"@id\":\"https:\\\/\\\/vetus.com\\\/pl\\\/serwis-i-wsparcie\\\/vetus-filie\\\/#breadcrumb\",\"itemListElement\":[{\"@type\":\"ListItem\",\"position\":1,\"name\":\"Home\",\"item\":\"https:\\\/\\\/vetus.com\\\/pl\\\/\"},{\"@type\":\"ListItem\",\"position\":2,\"name\":\"Serwis i wsparcie\",\"item\":\"https:\\\/\\\/vetus.com\\\/pl\\\/serwis-i-wsparcie\\\/\"},{\"@type\":\"ListItem\",\"position\":3,\"name\":\"VETUS Filie\"}]},{\"@type\":\"WebSite\",\"@id\":\"https:\\\/\\\/vetus.com\\\/pl\\\/#website\",\"url\":\"https:\\\/\\\/vetus.com\\\/pl\\\/\",\"name\":\"VETUS\",\"description\":\"\",\"potentialAction\":[{\"@type\":\"SearchAction\",\"target\":{\"@type\":\"EntryPoint\",\"urlTemplate\":\"https:\\\/\\\/vetus.com\\\/pl\\\/?s={search_term_string}\"},\"query-input\":{\"@type\":\"PropertyValueSpecification\",\"valueRequired\":true,\"valueName\":\"search_term_string\"}}],\"inLanguage\":\"pl-PL\"}]}<\/script>\n<!-- \/ Yoast SEO Premium plugin. -->","yoast_head_json":{"title":"VETUS Filie - VETUS","robots":{"index":"index","follow":"follow","max-snippet":"max-snippet:-1","max-image-preview":"max-image-preview:large","max-video-preview":"max-video-preview:-1"},"canonical":"https:\/\/vetus.com\/pl\/serwis-i-wsparcie\/vetus-filie\/","og_locale":"pl_PL","og_type":"article","og_title":"VETUS Filie","og_description":"W przypadku jakichkolwiek pyta\u0144, problem\u00f3w serwisowych lub w\u0105tpliwo\u015bci prosimy o kontakt z punktem zakupu.","og_url":"https:\/\/vetus.com\/pl\/serwis-i-wsparcie\/vetus-filie\/","og_site_name":"VETUS","article_modified_time":"2022-11-29T08:23:35+00:00","og_image":[{"width":1200,"height":800,"url":"https:\/\/vetus.com\/wp-content\/uploads\/featured-contact-service.png","type":"image\/png"}],"twitter_card":"summary_large_image","schema":{"@context":"https:\/\/schema.org","@graph":[{"@type":"WebPage","@id":"https:\/\/vetus.com\/pl\/serwis-i-wsparcie\/vetus-filie\/","url":"https:\/\/vetus.com\/pl\/serwis-i-wsparcie\/vetus-filie\/","name":"VETUS Filie - VETUS","isPartOf":{"@id":"https:\/\/vetus.com\/pl\/#website"},"primaryImageOfPage":{"@id":"https:\/\/vetus.com\/pl\/serwis-i-wsparcie\/vetus-filie\/#primaryimage"},"image":{"@id":"https:\/\/vetus.com\/pl\/serwis-i-wsparcie\/vetus-filie\/#primaryimage"},"thumbnailUrl":"https:\/\/vetus.com\/wp-content\/uploads\/featured-contact-service.png","datePublished":"2021-04-07T10:32:24+00:00","dateModified":"2022-11-29T08:23:35+00:00","breadcrumb":{"@id":"https:\/\/vetus.com\/pl\/serwis-i-wsparcie\/vetus-filie\/#breadcrumb"},"inLanguage":"pl-PL","potentialAction":[{"@type":"ReadAction","target":["https:\/\/vetus.com\/pl\/serwis-i-wsparcie\/vetus-filie\/"]}]},{"@type":"ImageObject","inLanguage":"pl-PL","@id":"https:\/\/vetus.com\/pl\/serwis-i-wsparcie\/vetus-filie\/#primaryimage","url":"https:\/\/vetus.com\/wp-content\/uploads\/featured-contact-service.png","contentUrl":"https:\/\/vetus.com\/wp-content\/uploads\/featured-contact-service.png","width":1200,"height":800},{"@type":"BreadcrumbList","@id":"https:\/\/vetus.com\/pl\/serwis-i-wsparcie\/vetus-filie\/#breadcrumb","itemListElement":[{"@type":"ListItem","position":1,"name":"Home","item":"https:\/\/vetus.com\/pl\/"},{"@type":"ListItem","position":2,"name":"Serwis i wsparcie","item":"https:\/\/vetus.com\/pl\/serwis-i-wsparcie\/"},{"@type":"ListItem","position":3,"name":"VETUS Filie"}]},{"@type":"WebSite","@id":"https:\/\/vetus.com\/pl\/#website","url":"https:\/\/vetus.com\/pl\/","name":"VETUS","description":"","potentialAction":[{"@type":"SearchAction","target":{"@type":"EntryPoint","urlTemplate":"https:\/\/vetus.com\/pl\/?s={search_term_string}"},"query-input":{"@type":"PropertyValueSpecification","valueRequired":true,"valueName":"search_term_string"}}],"inLanguage":"pl-PL"}]}},"_links":{"self":[{"href":"https:\/\/vetus.com\/pl\/wp-json\/wp\/v2\/pages\/3261","targetHints":{"allow":["GET"]}}],"collection":[{"href":"https:\/\/vetus.com\/pl\/wp-json\/wp\/v2\/pages"}],"about":[{"href":"https:\/\/vetus.com\/pl\/wp-json\/wp\/v2\/types\/page"}],"author":[{"embeddable":true,"href":"https:\/\/vetus.com\/pl\/wp-json\/wp\/v2\/users\/31"}],"replies":[{"embeddable":true,"href":"https:\/\/vetus.com\/pl\/wp-json\/wp\/v2\/comments?post=3261"}],"version-history":[{"count":0,"href":"https:\/\/vetus.com\/pl\/wp-json\/wp\/v2\/pages\/3261\/revisions"}],"up":[{"embeddable":true,"href":"https:\/\/vetus.com\/pl\/wp-json\/wp\/v2\/pages\/3567"}],"wp:featuredmedia":[{"embeddable":true,"href":"https:\/\/vetus.com\/pl\/wp-json\/wp\/v2\/media\/3262"}],"wp:attachment":[{"href":"https:\/\/vetus.com\/pl\/wp-json\/wp\/v2\/media?parent=3261"}],"curies":[{"name":"wp","href":"https:\/\/api.w.org\/{rel}","templated":true}]}}