{"id":118279,"date":"2025-12-11T14:16:38","date_gmt":"2025-12-11T12:16:38","guid":{"rendered":"https:\/\/vetus.com\/?page_id=118279"},"modified":"2026-02-26T11:43:29","modified_gmt":"2026-02-26T09:43:29","slug":"integracja-sterow-strumieniowych-bow-pro-rimdrive-z-silnikami-zaburtowymi-suzuki","status":"publish","type":"page","link":"https:\/\/vetus.com\/pl\/integracja-sterow-strumieniowych-bow-pro-rimdrive-z-silnikami-zaburtowymi-suzuki\/","title":{"rendered":"Integracja ster\u00f3w strumieniowych BOW PRO i RIMDRIVE z silnikami zaburtowymi Suzuki"},"content":{"rendered":"\n<section class=\"section  \">\n    \n\n<section id=\"section-text-block-block_17d2cff8bb5758aba6ce8043cba28fb1\" class=\"section text-block \">\n                    <div class=\"section section__body\">\n            <div class=\"text-block\">\n                <div class=\"container\">\n                    <div class=\"row\">\n                        <div class=\"col-lg-8 offset-lg-2\">\n                                                            <div class=\"section__content single__content hentry\">\n                                    <p>VETUS oferuje pe\u0142n\u0105 integracj\u0119 swoich system\u00f3w ster\u00f3w strumieniowych BOW PRO i RIMDRIVE z silnikami zaburtowymi Suzuki z elektronicznym sterowaniem oraz z systemami sterowania i joystickiem Ultraflex Integra JS. To zintegrowane rozwi\u0105zanie umo\u017cliwia p\u0142ynn\u0105 komunikacj\u0119 mi\u0119dzy systemami nap\u0119du, sterowania i steru strumieniowego, pozwalaj\u0105c zarz\u0105dza\u0107 wszystkimi funkcjami za pomoc\u0105 jednego joysticka.<\/p>\n                                <\/div>\n                            \n                                                    <\/div>\n                    <\/div>\n                <\/div>\n            <\/div>\n        <\/div>\n    <\/section><\/section>\n\n<section class=\"section section--colored bg-light content-blocks bg-light   \">\n    \n<section id=\"content-block-1-block_70b1bd588c2b46c3ef7f0d540fc8c914\" class=\"section content-block content-block--image \">\n    <div class=\"container\">\n        <div class=\"row d-flex align-items-center\">\n\n            <div class=\"col-md-6 col-lg-7\">\n                                    <div class=\"content-block__visuals\">\n                        <div class=\"content-block__media media--clipped media ratio\">\n                            <div class=\"media__wrapper\">\n                                <img decoding=\"async\" width=\"690\" height=\"690\" src=\"https:\/\/vetus.com\/wp-content\/uploads\/bowpro300_front_up_product_1080x1080-690x690.jpg\" class=\"media__source img-fit\" alt=\"\" srcset=\"https:\/\/vetus.com\/wp-content\/uploads\/bowpro300_front_up_product_1080x1080-690x690.jpg 690w, https:\/\/vetus.com\/wp-content\/uploads\/bowpro300_front_up_product_1080x1080-300x300.jpg 300w, https:\/\/vetus.com\/wp-content\/uploads\/bowpro300_front_up_product_1080x1080-150x150.jpg 150w, https:\/\/vetus.com\/wp-content\/uploads\/bowpro300_front_up_product_1080x1080-768x768.jpg 768w, https:\/\/vetus.com\/wp-content\/uploads\/bowpro300_front_up_product_1080x1080-210x210.jpg 210w, https:\/\/vetus.com\/wp-content\/uploads\/bowpro300_front_up_product_1080x1080-330x330.jpg 330w, https:\/\/vetus.com\/wp-content\/uploads\/bowpro300_front_up_product_1080x1080-431x431.jpg 431w, https:\/\/vetus.com\/wp-content\/uploads\/bowpro300_front_up_product_1080x1080-507x507.jpg 507w, https:\/\/vetus.com\/wp-content\/uploads\/bowpro300_front_up_product_1080x1080-530x530.jpg 530w, https:\/\/vetus.com\/wp-content\/uploads\/bowpro300_front_up_product_1080x1080-930x930.jpg 930w, https:\/\/vetus.com\/wp-content\/uploads\/bowpro300_front_up_product_1080x1080.jpg 1080w\" sizes=\"auto, (max-width: 575.98px) 431px, (max-width: 767.98px) 530px, (max-width: 991.98px) 330px, (max-width: 1279.98px) 530px, (max-width: 1899.98px) 690px, 930px\" loading=\"lazy\" \/>                            <\/div>\n                        <\/div>\n                    <\/div>\n                            <\/div>\n\n            <div class=\"col-md-6 col-lg-4 offset-lg-1\">\n                <div class=\"content-block__body\">\n                    \n                    \n                                            <h3 data-start=\"556\" data-end=\"613\">Zintegrowane sterowanie dla precyzyjnego manewrowania<\/h3>\n<p data-start=\"615\" data-end=\"985\">Po\u0142\u0105czony system zapewnia p\u0142ynne, proporcjonalne sterowanie, kt\u00f3re znacz\u0105co poprawia manewrowo\u015b\u0107 w ciasnych przestrzeniach, takich jak manewry portowe, w\u0105skie tory wodne czy zat\u0142oczone mariny. Koordynuj\u0105c prac\u0119 silnika, uk\u0142adu sterowego i steru strumieniowego za pomoc\u0105 joysticka Ultraflex, operator zyskuje przewidywalne reakcje i precyzyjn\u0105 kontrol\u0119. System umo\u017cliwia:<\/p>\n<ul data-start=\"987\" data-end=\"1218\">\n<li data-start=\"987\" data-end=\"1060\">\n<p data-start=\"989\" data-end=\"1060\">Przemieszczanie jednostki w bok, po przek\u0105tnej, do przodu lub do ty\u0142u<\/p>\n<\/li>\n<li data-start=\"1061\" data-end=\"1131\">\n<p data-start=\"1063\" data-end=\"1131\">Obracanie \u0142odzi wok\u00f3\u0142 w\u0142asnej osi w celu dok\u0142adnego pozycjonowania<\/p>\n<\/li>\n<li data-start=\"1132\" data-end=\"1218\">\n<p data-start=\"1134\" data-end=\"1218\">Utrzymanie stabilnej kontroli przy wietrze, pr\u0105dzie lub w ograniczonej przestrzeni<\/p>\n<\/li>\n<\/ul>\n<p data-start=\"1220\" data-end=\"1334\">Ka\u017cdy manewr jest koordynowany za pomoc\u0105 jednego joysticka, co upraszcza obs\u0142ug\u0119 i zmniejsza obci\u0105\u017cenie operatora.<\/p>\n                    \t\t\t\t\t\n                                    <\/div>\n            <\/div>\n        <\/div>\n    <\/div>\n<\/section>\n<section id=\"content-block-1-block_70b1bd588c2b46c3ef7f0d540fc8c914\" class=\"section content-block content-block--image \">\n    <div class=\"container\">\n        <div class=\"row d-flex align-items-center flex-md-row-reverse\">\n\n            <div class=\"col-md-6 col-lg-7 offset-lg-1\">\n                                    <div class=\"content-block__visuals\">\n                        <div class=\"content-block__media media--clipped media ratio\">\n                            <div class=\"media__wrapper\">\n                                <img decoding=\"async\" width=\"690\" height=\"388\" src=\"https:\/\/vetus.com\/wp-content\/uploads\/bowpro300_full_product_1920x1080-690x388.jpg\" class=\"media__source img-fit\" alt=\"\" srcset=\"https:\/\/vetus.com\/wp-content\/uploads\/bowpro300_full_product_1920x1080-690x388.jpg 690w, https:\/\/vetus.com\/wp-content\/uploads\/bowpro300_full_product_1920x1080-300x169.jpg 300w, https:\/\/vetus.com\/wp-content\/uploads\/bowpro300_full_product_1920x1080-768x432.jpg 768w, https:\/\/vetus.com\/wp-content\/uploads\/bowpro300_full_product_1920x1080-210x118.jpg 210w, https:\/\/vetus.com\/wp-content\/uploads\/bowpro300_full_product_1920x1080-330x186.jpg 330w, https:\/\/vetus.com\/wp-content\/uploads\/bowpro300_full_product_1920x1080-431x242.jpg 431w, https:\/\/vetus.com\/wp-content\/uploads\/bowpro300_full_product_1920x1080-507x285.jpg 507w, https:\/\/vetus.com\/wp-content\/uploads\/bowpro300_full_product_1920x1080-530x298.jpg 530w, https:\/\/vetus.com\/wp-content\/uploads\/bowpro300_full_product_1920x1080-930x523.jpg 930w, https:\/\/vetus.com\/wp-content\/uploads\/bowpro300_full_product_1920x1080-1170x658.jpg 1170w, https:\/\/vetus.com\/wp-content\/uploads\/bowpro300_full_product_1920x1080.jpg 1920w\" sizes=\"auto, (max-width: 575.98px) 431px, (max-width: 767.98px) 530px, (max-width: 991.98px) 330px, (max-width: 1279.98px) 530px, (max-width: 1899.98px) 690px, 930px\" loading=\"lazy\" \/>                            <\/div>\n                        <\/div>\n                    <\/div>\n                            <\/div>\n\n            <div class=\"col-md-6 col-lg-4\">\n                <div class=\"content-block__body\">\n                    \n                    \n                                            <h3 data-start=\"1336\" data-end=\"1410\">Integracja z silnikami zaburtowymi Suzuki z elektronicznym sterowaniem<\/h3>\n<p data-start=\"1412\" data-end=\"1940\">Integracja ta obs\u0142uguje modele silnik\u00f3w zaburtowych Suzuki z elektronicznym sterowaniem, w tym zaawansowane DF350AMD i DF300BMD, oba wyposa\u017cone w zintegrowany uk\u0142ad kierowniczy. Silniki te wsp\u00f3\u0142pracuj\u0105 bezproblemowo z systemem joysticka Ultraflex oraz sterami strumieniowymi VETUS, zapewniaj\u0105c precyzyjn\u0105 koordynacj\u0119 mi\u0119dzy systemami nap\u0119du i manewrowania. Dzi\u0119ki platformie elektronicznego wspomagania kierownicy Ultraflex Integra JS polecenia silnika i steru strumieniowego s\u0105 realizowane z du\u017c\u0105 dok\u0142adno\u015bci\u0105 i p\u0142ynn\u0105 reakcj\u0105.<\/p>\n                    \t\t\t\t\t\n                                            <div class=\"content-block__actions actions\">\n                            <div class=\"btn-group d-flex flex-wrap justify-content-center justify-content-md-start\">\n                                <a href=\"https:\/\/www.suzukimarine.com\/news\/suzuki-marine-usa-announces-technology-collaboration-with-vetus\/\" class=\"btn btn-sm btn-empty btn-empty-primary\" title=\"\" target=\"_blank\">\n                                    <span>Dowiedz si\u0119 wi\u0119cej na stronie Suzuki Marine<\/span>\n                                    <i class=\"icon icon-keyboard_arrow_right\"><\/i>\n                                <\/a>\n\n                                <!-- <a href=\"#\" class=\"btn btn-sm btn-empty btn-empty-primary\" title=\"\">\n                                    <span>Watch video<\/span>\n                                    <i class=\"icon icon-play_circle_outline\"><\/i>\n                                <\/a> -->\n                                <!-- <a href=\"#\" class=\"btn btn-sm btn-empty btn-empty-primary\" title=\"\">\n                                    <span>Innovation<\/span>\n                                    <i class=\"icon icon-keyboard_arrow_right\"><\/i>\n                                <\/a> -->\n                            <\/div>\n                        <\/div>\n                                    <\/div>\n            <\/div>\n        <\/div>\n    <\/div>\n<\/section><\/section>\n\n\n<section class=\"section  \">\n    \n\n<section id=\"section-text-block-block_250261a714e8367428f83bda53e79a33\" class=\"section text-block \">\n                    <div class=\"section section__body\">\n            <div class=\"text-block\">\n                <div class=\"container\">\n                    <div class=\"row\">\n                        <div class=\"col-lg-8 offset-lg-2\">\n                                                            <div class=\"section__content single__content hentry\">\n                                    <h3 data-start=\"1989\" data-end=\"2025\">Wsp\u00f3\u0142praca oparta na technologii<\/h3>\n<p data-start=\"2027\" data-end=\"2219\">Po\u0142\u0105czone technologie VETUS, Suzuki i Ultraflex tworz\u0105 zintegrowany system sterowania zaprojektowany w celu zwi\u0119kszenia pewno\u015bci i efektywno\u015bci podczas manewrowania w ograniczonej przestrzeni:<\/p>\n<ul data-start=\"2221\" data-end=\"2530\">\n<li data-start=\"2221\" data-end=\"2302\">\n<p data-start=\"2223\" data-end=\"2302\">P\u0142ynna komunikacja mi\u0119dzy systemami steru strumieniowego, sterowania i nap\u0119du<\/p>\n<\/li>\n<li data-start=\"2303\" data-end=\"2386\">\n<p data-start=\"2305\" data-end=\"2386\">P\u0142ynna i przewidywalna manewrowo\u015b\u0107 dzi\u0119ki zaawansowanemu sterowaniu joystickiem<\/p>\n<\/li>\n<li data-start=\"2387\" data-end=\"2459\">\n<p data-start=\"2389\" data-end=\"2459\">Niezawodna reakcja podczas manewr\u00f3w portowych i utrzymywania pozycji<\/p>\n<\/li>\n<li data-start=\"2460\" data-end=\"2530\">\n<p data-start=\"2462\" data-end=\"2530\">Elastyczna kompatybilno\u015b\u0107 z instalacjami jedno- i wielosilnikowymi<\/p>\n<\/li>\n<\/ul>\n<p data-start=\"2532\" data-end=\"2655\">Ta wsp\u00f3\u0142praca zapewnia znacz\u0105c\u0105 popraw\u0119 kontroli nad jednostk\u0105 bez kompromis\u00f3w w zakresie \u0142atwo\u015bci obs\u0142ugi i niezawodno\u015bci.<\/p>\n                                <\/div>\n                            \n                                                    <\/div>\n                    <\/div>\n                <\/div>\n            <\/div>\n        <\/div>\n    <\/section><\/section>\n\n<section class=\"section section--colored bg-light content-blocks bg-light   mb-0\">\n    \n\n<section id=\"section-text-block-block_831278323069e54d006a3ab18142b564\" class=\"section text-block  mb-0\">\n                    <div class=\"section section__body\">\n            <div class=\"text-block\">\n                <div class=\"container\">\n                    <div class=\"row\">\n                        <div class=\"col-lg-8 offset-lg-2\">\n                                                            <div class=\"section__content single__content hentry\">\n                                    <h3 data-start=\"2657\" data-end=\"2697\">Niezawodna kontrola w ka\u017cdej podr\u00f3\u017cy<\/h3>\n<p data-start=\"2699\" data-end=\"3079\">To zintegrowane rozwi\u0105zanie gwarantuje p\u0142ynne, przewidywalne i intuicyjne prowadzenie jednostki, daj\u0105c \u017ceglarzom pewno\u015b\u0107 podczas manewr\u00f3w portowych i operowania w ciasnych przestrzeniach. Dzi\u0119ki sprawdzonym technologiom wsp\u00f3\u0142pracuj\u0105cym w szerokim zakresie typ\u00f3w jednostek, VETUS oferuje niezawodne i wszechstronne rozwi\u0105zania sterowania dostosowane do potrzeb nowoczesnej \u017ceglugi.<\/p>\n                                <\/div>\n                            \n                                                            <div class=\"section__actions text-block__actions actions\">\n                                    <div class=\"btn-group d-flex flex-wrap justify-content-center\">\n                                                                                    <a href=\"https:\/\/vetus.com\/bow-pro-thrusters\/#bodem\" class=\"btn btn-primary\" title=\"\" target=\"_blank\">\n                                                <span>Poznaj wszystkie integracje ster\u00f3w strumieniowych VETUS<\/span>\n                                            <\/a>\n                                        \n                                                                            <\/div>\n                                <\/div>\n                                                    <\/div>\n                    <\/div>\n                <\/div>\n            <\/div>\n        <\/div>\n    <\/section><\/section>","protected":false},"excerpt":{"rendered":"","protected":false},"author":20,"featured_media":0,"parent":0,"menu_order":0,"comment_status":"closed","ping_status":"closed","template":"tpl-blog-large-header.php","meta":{"_acf_changed":false,"footnotes":""},"class_list":["post-118279","page","type-page","status-publish","hentry"],"acf":{"image":{"ID":118255,"id":118255,"title":"Suzuki-VETUS-Demo-scaled (1)","filename":"Suzuki-VETUS-Demo-scaled-1.jpg","filesize":756401,"url":"https:\/\/vetus.com\/wp-content\/uploads\/Suzuki-VETUS-Demo-scaled-1.jpg","link":"https:\/\/vetus.com\/pl\/integracja-sterow-strumieniowych-bow-pro-rimdrive-z-silnikami-zaburtowymi-suzuki\/suzuki-vetus-demo-scaled-1-2\/","alt":"","author":"20","description":"","caption":"","name":"suzuki-vetus-demo-scaled-1-2","status":"inherit","uploaded_to":118279,"date":"2025-12-11 11:33:06","modified":"2025-12-11 11:33:06","menu_order":0,"mime_type":"image\/jpeg","type":"image","subtype":"jpeg","icon":"https:\/\/vetus.com\/wp-includes\/images\/media\/default.png","width":2560,"height":1695,"sizes":{"thumbnail":"https:\/\/vetus.com\/wp-content\/uploads\/Suzuki-VETUS-Demo-scaled-1-150x150.jpg","thumbnail-width":150,"thumbnail-height":150,"medium":"https:\/\/vetus.com\/wp-content\/uploads\/Suzuki-VETUS-Demo-scaled-1-300x199.jpg","medium-width":300,"medium-height":199,"medium_large":"https:\/\/vetus.com\/wp-content\/uploads\/Suzuki-VETUS-Demo-scaled-1-768x509.jpg","medium_large-width":768,"medium_large-height":509,"large":"https:\/\/vetus.com\/wp-content\/uploads\/Suzuki-VETUS-Demo-scaled-1.jpg","large-width":1024,"large-height":678,"1536x1536":"https:\/\/vetus.com\/wp-content\/uploads\/Suzuki-VETUS-Demo-scaled-1.jpg","1536x1536-width":1536,"1536x1536-height":1017,"2048x2048":"https:\/\/vetus.com\/wp-content\/uploads\/Suzuki-VETUS-Demo-scaled-1.jpg","2048x2048-width":2048,"2048x2048-height":1356,"210w":"https:\/\/vetus.com\/wp-content\/uploads\/Suzuki-VETUS-Demo-scaled-1-210x139.jpg","210w-width":210,"210w-height":139,"330w":"https:\/\/vetus.com\/wp-content\/uploads\/Suzuki-VETUS-Demo-scaled-1-330x218.jpg","330w-width":330,"330w-height":218,"431w":"https:\/\/vetus.com\/wp-content\/uploads\/Suzuki-VETUS-Demo-scaled-1-431x285.jpg","431w-width":431,"431w-height":285,"507w":"https:\/\/vetus.com\/wp-content\/uploads\/Suzuki-VETUS-Demo-scaled-1-507x336.jpg","507w-width":507,"507w-height":336,"530w":"https:\/\/vetus.com\/wp-content\/uploads\/Suzuki-VETUS-Demo-scaled-1-530x351.jpg","530w-width":530,"530w-height":351,"690w":"https:\/\/vetus.com\/wp-content\/uploads\/Suzuki-VETUS-Demo-scaled-1-690x457.jpg","690w-width":690,"690w-height":457,"930w":"https:\/\/vetus.com\/wp-content\/uploads\/Suzuki-VETUS-Demo-scaled-1-930x616.jpg","930w-width":930,"930w-height":616,"1170w":"https:\/\/vetus.com\/wp-content\/uploads\/Suzuki-VETUS-Demo-scaled-1-1170x775.jpg","1170w-width":1170,"1170w-height":775,"gform-image-choice-sm":"https:\/\/vetus.com\/wp-content\/uploads\/Suzuki-VETUS-Demo-scaled-1.jpg","gform-image-choice-sm-width":300,"gform-image-choice-sm-height":199,"gform-image-choice-md":"https:\/\/vetus.com\/wp-content\/uploads\/Suzuki-VETUS-Demo-scaled-1.jpg","gform-image-choice-md-width":400,"gform-image-choice-md-height":265,"gform-image-choice-lg":"https:\/\/vetus.com\/wp-content\/uploads\/Suzuki-VETUS-Demo-scaled-1.jpg","gform-image-choice-lg-width":600,"gform-image-choice-lg-height":397}},"introduction":"","person":false,"title":"Inteligentna integracja dla zwi\u0119kszonej manewrowo\u015bci jednostki"},"yoast_head":"<!-- This site is optimized with the Yoast SEO Premium plugin v27.3 (Yoast SEO v27.3) - https:\/\/yoast.com\/product\/yoast-seo-premium-wordpress\/ -->\n<title>Integracja ster\u00f3w strumieniowych BOW PRO i RIMDRIVE z silnikami zaburtowymi Suzuki - VETUS<\/title>\n<meta name=\"description\" content=\"VETUS oferuje pe\u0142n\u0105 integracj\u0119 swoich system\u00f3w ster\u00f3w strumieniowych BOW PRO i RIMDRIVE z silnikami zaburtowymi Suzuki z elektronicznym...\" \/>\n<meta name=\"robots\" content=\"index, follow, max-snippet:-1, max-image-preview:large, max-video-preview:-1\" \/>\n<link rel=\"canonical\" href=\"https:\/\/vetus.com\/pl\/integracja-sterow-strumieniowych-bow-pro-rimdrive-z-silnikami-zaburtowymi-suzuki\/\" \/>\n<meta property=\"og:locale\" content=\"pl_PL\" \/>\n<meta property=\"og:type\" content=\"article\" \/>\n<meta property=\"og:title\" content=\"Integracja ster\u00f3w strumieniowych BOW PRO i RIMDRIVE z silnikami zaburtowymi Suzuki\" \/>\n<meta property=\"og:description\" content=\"VETUS oferuje pe\u0142n\u0105 integracj\u0119 swoich system\u00f3w ster\u00f3w strumieniowych BOW PRO i RIMDRIVE z silnikami zaburtowymi Suzuki z elektronicznym...\" \/>\n<meta property=\"og:url\" content=\"https:\/\/vetus.com\/pl\/integracja-sterow-strumieniowych-bow-pro-rimdrive-z-silnikami-zaburtowymi-suzuki\/\" \/>\n<meta property=\"og:site_name\" content=\"VETUS\" \/>\n<meta property=\"article:modified_time\" content=\"2026-02-26T09:43:29+00:00\" \/>\n<meta name=\"twitter:card\" content=\"summary_large_image\" \/>\n<meta name=\"twitter:label1\" content=\"Szacowany czas czytania\" \/>\n\t<meta name=\"twitter:data1\" content=\"3 minuty\" \/>\n<script type=\"application\/ld+json\" class=\"yoast-schema-graph\">{\"@context\":\"https:\\\/\\\/schema.org\",\"@graph\":[{\"@type\":\"WebPage\",\"@id\":\"https:\\\/\\\/vetus.com\\\/pl\\\/integracja-sterow-strumieniowych-bow-pro-rimdrive-z-silnikami-zaburtowymi-suzuki\\\/\",\"url\":\"https:\\\/\\\/vetus.com\\\/pl\\\/integracja-sterow-strumieniowych-bow-pro-rimdrive-z-silnikami-zaburtowymi-suzuki\\\/\",\"name\":\"Integracja ster\u00f3w strumieniowych BOW PRO i RIMDRIVE z silnikami zaburtowymi Suzuki - VETUS\",\"isPartOf\":{\"@id\":\"https:\\\/\\\/vetus.com\\\/pl\\\/#website\"},\"datePublished\":\"2025-12-11T12:16:38+00:00\",\"dateModified\":\"2026-02-26T09:43:29+00:00\",\"description\":\"VETUS oferuje pe\u0142n\u0105 integracj\u0119 swoich system\u00f3w ster\u00f3w strumieniowych BOW PRO i RIMDRIVE z silnikami zaburtowymi Suzuki z elektronicznym...\",\"breadcrumb\":{\"@id\":\"https:\\\/\\\/vetus.com\\\/pl\\\/integracja-sterow-strumieniowych-bow-pro-rimdrive-z-silnikami-zaburtowymi-suzuki\\\/#breadcrumb\"},\"inLanguage\":\"pl-PL\",\"potentialAction\":[{\"@type\":\"ReadAction\",\"target\":[\"https:\\\/\\\/vetus.com\\\/pl\\\/integracja-sterow-strumieniowych-bow-pro-rimdrive-z-silnikami-zaburtowymi-suzuki\\\/\"]}]},{\"@type\":\"BreadcrumbList\",\"@id\":\"https:\\\/\\\/vetus.com\\\/pl\\\/integracja-sterow-strumieniowych-bow-pro-rimdrive-z-silnikami-zaburtowymi-suzuki\\\/#breadcrumb\",\"itemListElement\":[{\"@type\":\"ListItem\",\"position\":1,\"name\":\"Home\",\"item\":\"https:\\\/\\\/vetus.com\\\/pl\\\/\"},{\"@type\":\"ListItem\",\"position\":2,\"name\":\"Integracja ster\u00f3w strumieniowych BOW PRO i RIMDRIVE z silnikami zaburtowymi Suzuki\"}]},{\"@type\":\"WebSite\",\"@id\":\"https:\\\/\\\/vetus.com\\\/pl\\\/#website\",\"url\":\"https:\\\/\\\/vetus.com\\\/pl\\\/\",\"name\":\"VETUS\",\"description\":\"\",\"potentialAction\":[{\"@type\":\"SearchAction\",\"target\":{\"@type\":\"EntryPoint\",\"urlTemplate\":\"https:\\\/\\\/vetus.com\\\/pl\\\/?s={search_term_string}\"},\"query-input\":{\"@type\":\"PropertyValueSpecification\",\"valueRequired\":true,\"valueName\":\"search_term_string\"}}],\"inLanguage\":\"pl-PL\"}]}<\/script>\n<!-- \/ Yoast SEO Premium plugin. -->","yoast_head_json":{"title":"Integracja ster\u00f3w strumieniowych BOW PRO i RIMDRIVE z silnikami zaburtowymi Suzuki - VETUS","description":"VETUS oferuje pe\u0142n\u0105 integracj\u0119 swoich system\u00f3w ster\u00f3w strumieniowych BOW PRO i RIMDRIVE z silnikami zaburtowymi Suzuki z elektronicznym...","robots":{"index":"index","follow":"follow","max-snippet":"max-snippet:-1","max-image-preview":"max-image-preview:large","max-video-preview":"max-video-preview:-1"},"canonical":"https:\/\/vetus.com\/pl\/integracja-sterow-strumieniowych-bow-pro-rimdrive-z-silnikami-zaburtowymi-suzuki\/","og_locale":"pl_PL","og_type":"article","og_title":"Integracja ster\u00f3w strumieniowych BOW PRO i RIMDRIVE z silnikami zaburtowymi Suzuki","og_description":"VETUS oferuje pe\u0142n\u0105 integracj\u0119 swoich system\u00f3w ster\u00f3w strumieniowych BOW PRO i RIMDRIVE z silnikami zaburtowymi Suzuki z elektronicznym...","og_url":"https:\/\/vetus.com\/pl\/integracja-sterow-strumieniowych-bow-pro-rimdrive-z-silnikami-zaburtowymi-suzuki\/","og_site_name":"VETUS","article_modified_time":"2026-02-26T09:43:29+00:00","twitter_card":"summary_large_image","twitter_misc":{"Szacowany czas czytania":"3 minuty"},"schema":{"@context":"https:\/\/schema.org","@graph":[{"@type":"WebPage","@id":"https:\/\/vetus.com\/pl\/integracja-sterow-strumieniowych-bow-pro-rimdrive-z-silnikami-zaburtowymi-suzuki\/","url":"https:\/\/vetus.com\/pl\/integracja-sterow-strumieniowych-bow-pro-rimdrive-z-silnikami-zaburtowymi-suzuki\/","name":"Integracja ster\u00f3w strumieniowych BOW PRO i RIMDRIVE z silnikami zaburtowymi Suzuki - VETUS","isPartOf":{"@id":"https:\/\/vetus.com\/pl\/#website"},"datePublished":"2025-12-11T12:16:38+00:00","dateModified":"2026-02-26T09:43:29+00:00","description":"VETUS oferuje pe\u0142n\u0105 integracj\u0119 swoich system\u00f3w ster\u00f3w strumieniowych BOW PRO i RIMDRIVE z silnikami zaburtowymi Suzuki z elektronicznym...","breadcrumb":{"@id":"https:\/\/vetus.com\/pl\/integracja-sterow-strumieniowych-bow-pro-rimdrive-z-silnikami-zaburtowymi-suzuki\/#breadcrumb"},"inLanguage":"pl-PL","potentialAction":[{"@type":"ReadAction","target":["https:\/\/vetus.com\/pl\/integracja-sterow-strumieniowych-bow-pro-rimdrive-z-silnikami-zaburtowymi-suzuki\/"]}]},{"@type":"BreadcrumbList","@id":"https:\/\/vetus.com\/pl\/integracja-sterow-strumieniowych-bow-pro-rimdrive-z-silnikami-zaburtowymi-suzuki\/#breadcrumb","itemListElement":[{"@type":"ListItem","position":1,"name":"Home","item":"https:\/\/vetus.com\/pl\/"},{"@type":"ListItem","position":2,"name":"Integracja ster\u00f3w strumieniowych BOW PRO i RIMDRIVE z silnikami zaburtowymi Suzuki"}]},{"@type":"WebSite","@id":"https:\/\/vetus.com\/pl\/#website","url":"https:\/\/vetus.com\/pl\/","name":"VETUS","description":"","potentialAction":[{"@type":"SearchAction","target":{"@type":"EntryPoint","urlTemplate":"https:\/\/vetus.com\/pl\/?s={search_term_string}"},"query-input":{"@type":"PropertyValueSpecification","valueRequired":true,"valueName":"search_term_string"}}],"inLanguage":"pl-PL"}]}},"_links":{"self":[{"href":"https:\/\/vetus.com\/pl\/wp-json\/wp\/v2\/pages\/118279","targetHints":{"allow":["GET"]}}],"collection":[{"href":"https:\/\/vetus.com\/pl\/wp-json\/wp\/v2\/pages"}],"about":[{"href":"https:\/\/vetus.com\/pl\/wp-json\/wp\/v2\/types\/page"}],"author":[{"embeddable":true,"href":"https:\/\/vetus.com\/pl\/wp-json\/wp\/v2\/users\/20"}],"replies":[{"embeddable":true,"href":"https:\/\/vetus.com\/pl\/wp-json\/wp\/v2\/comments?post=118279"}],"version-history":[{"count":5,"href":"https:\/\/vetus.com\/pl\/wp-json\/wp\/v2\/pages\/118279\/revisions"}],"predecessor-version":[{"id":122684,"href":"https:\/\/vetus.com\/pl\/wp-json\/wp\/v2\/pages\/118279\/revisions\/122684"}],"wp:attachment":[{"href":"https:\/\/vetus.com\/pl\/wp-json\/wp\/v2\/media?parent=118279"}],"curies":[{"name":"wp","href":"https:\/\/api.w.org\/{rel}","templated":true}]}}