{"id":115641,"date":"2025-10-02T10:54:36","date_gmt":"2025-10-02T08:54:36","guid":{"rendered":"https:\/\/vetus.com\/bow-pro-thruster-integration-with-cummins-inboards-and-glendinning\/"},"modified":"2026-02-26T12:37:25","modified_gmt":"2026-02-26T10:37:25","slug":"integracja-steru-strumieniowego-bow-pro-z-silnikami-stacjonarnymi-cummins-i-glendinning","status":"publish","type":"page","link":"https:\/\/vetus.com\/pl\/integracja-steru-strumieniowego-bow-pro-z-silnikami-stacjonarnymi-cummins-i-glendinning\/","title":{"rendered":"Integracja steru strumieniowego BOW PRO z silnikami stacjonarnymi Cummins i joystickiem Glendinning ProPilot"},"content":{"rendered":"\n<section class=\"section  \">\n    \n\n<section id=\"section-text-block-block_2a51232bd2263730d2200c5458d40011\" class=\"section text-block \">\n                    <div class=\"section section__body\">\n            <div class=\"text-block\">\n                <div class=\"container\">\n                    <div class=\"row\">\n                        <div class=\"col-lg-8 offset-lg-2\">\n                                                            <div class=\"section__content single__content hentry\">\n                                    <p data-start=\"158\" data-end=\"437\">Aby ulepszy\u0107 do\u015bwiadczenie cumowania dla jeszcze wi\u0119kszej liczby u\u017cytkownik\u00f3w \u0142odzi, firma VETUS nawi\u0105za\u0142a wsp\u00f3\u0142prac\u0119 z Cummins Marine oraz Glendinning, \u0142\u0105cz\u0105c stery strumieniowe BOW PRO, silniki stacjonarne Cummins oraz joystick Glendinning ProPilot w jeden zintegrowany system.<\/p>\n<p data-start=\"439\" data-end=\"661\">System \u0142\u0105czy sterowanie silnikami i sterami strumieniowymi za pomoc\u0105 jednego, intuicyjnego joysticka, dzi\u0119ki czemu cumowanie i manewrowanie w ciasnych przestrzeniach staje si\u0119 prostsze, bezpieczniejsze i pozbawione stresu.<\/p>\n                                <\/div>\n                            \n                                                    <\/div>\n                    <\/div>\n                <\/div>\n            <\/div>\n        <\/div>\n    <\/section><\/section>\n\n<section class=\"section section--colored bg-light content-blocks bg-light   \">\n    \n<section id=\"content-block-1-block_7fcd73eaf94e15cb8e69be427d723086\" class=\"section content-block content-block--image \">\n    <div class=\"container\">\n        <div class=\"row d-flex align-items-center\">\n\n            <div class=\"col-md-6 col-lg-7\">\n                                    <div class=\"content-block__visuals\">\n                        <div class=\"content-block__media media--clipped media ratio\">\n                            <div class=\"media__wrapper\">\n                                <img decoding=\"async\" width=\"690\" height=\"458\" src=\"https:\/\/vetus.com\/wp-content\/uploads\/ProPilot-Lifestyle-001-1-690x458.jpg\" class=\"media__source img-fit\" alt=\"\" srcset=\"https:\/\/vetus.com\/wp-content\/uploads\/ProPilot-Lifestyle-001-1-690x458.jpg 690w, https:\/\/vetus.com\/wp-content\/uploads\/ProPilot-Lifestyle-001-1-300x199.jpg 300w, https:\/\/vetus.com\/wp-content\/uploads\/ProPilot-Lifestyle-001-1-210x139.jpg 210w, https:\/\/vetus.com\/wp-content\/uploads\/ProPilot-Lifestyle-001-1-330x219.jpg 330w, https:\/\/vetus.com\/wp-content\/uploads\/ProPilot-Lifestyle-001-1-431x286.jpg 431w, https:\/\/vetus.com\/wp-content\/uploads\/ProPilot-Lifestyle-001-1-507x337.jpg 507w, https:\/\/vetus.com\/wp-content\/uploads\/ProPilot-Lifestyle-001-1-530x352.jpg 530w, https:\/\/vetus.com\/wp-content\/uploads\/ProPilot-Lifestyle-001-1.jpg 702w\" sizes=\"auto, (max-width: 575.98px) 431px, (max-width: 767.98px) 530px, (max-width: 991.98px) 330px, (max-width: 1279.98px) 530px, (max-width: 1899.98px) 690px, 930px\" loading=\"lazy\" \/>                            <\/div>\n                        <\/div>\n                    <\/div>\n                            <\/div>\n\n            <div class=\"col-md-6 col-lg-4 offset-lg-1\">\n                <div class=\"content-block__body\">\n                    \n                    \n                                            <h3 data-start=\"668\" data-end=\"707\">Nowa era kontroli podczas cumowania<\/h3>\n<p data-start=\"709\" data-end=\"1038\">Dzi\u0119ki wsp\u00f3\u0142pracy silnik\u00f3w stacjonarnych Cummins, joysticka Glendinning ProPilot oraz ster\u00f3w strumieniowych VETUS BOW PRO, u\u017cytkownicy \u0142odzi zyskuj\u0105 niezr\u00f3wnan\u0105 pewno\u015b\u0107 i precyzj\u0119 przy sterze. Ta zaawansowana integracja przekszta\u0142ca nawet najbardziej wymagaj\u0105ce sytuacje podczas cumowania w p\u0142ynne i w pe\u0142ni kontrolowane manewry.<\/p>\n<ul data-start=\"1040\" data-end=\"1570\">\n<li data-start=\"1040\" data-end=\"1171\">\n<p data-start=\"1042\" data-end=\"1171\"><strong data-start=\"1042\" data-end=\"1066\">Manewruj z pewno\u015bci\u0105<\/strong> \u2013 Kieruj jednostk\u0105 dok\u0142adnie tam, gdzie chcesz, dzi\u0119ki intuicyjnemu sterowaniu joystickiem jedn\u0105 r\u0119k\u0105.<\/p>\n<\/li>\n<li data-start=\"1172\" data-end=\"1312\">\n<p data-start=\"1174\" data-end=\"1312\"><strong data-start=\"1174\" data-end=\"1200\">Zintegrowana wydajno\u015b\u0107<\/strong> \u2013 Silniki i stery strumieniowe dzia\u0142aj\u0105 w harmonii, zapewniaj\u0105c doskona\u0142\u0105 kontrol\u0119 w ciasnych przestrzeniach.<\/p>\n<\/li>\n<li data-start=\"1313\" data-end=\"1426\">\n<p data-start=\"1315\" data-end=\"1426\"><strong data-start=\"1315\" data-end=\"1338\">Pe\u0142na swoboda ruchu<\/strong> \u2013 Przemieszczaj si\u0119 bokiem, obracaj w miejscu lub manewruj po przek\u0105tnej z \u0142atwo\u015bci\u0105.<\/p>\n<\/li>\n<li data-start=\"1427\" data-end=\"1570\">\n<p data-start=\"1429\" data-end=\"1570\"><strong data-start=\"1429\" data-end=\"1457\">Inteligentna efektywno\u015b\u0107<\/strong> \u2013 Zminimalizowane zawirowania wody zapewniaj\u0105 bezpieczniejsze i spokojniejsze cumowanie w zat\u0142oczonych marinach.<\/p>\n<\/li>\n<\/ul>\n                    \t\t\t\t\t\n                                    <\/div>\n            <\/div>\n        <\/div>\n    <\/div>\n<\/section>\n<section id=\"content-block-1-block_7fcd73eaf94e15cb8e69be427d723086\" class=\"section content-block content-block--image \">\n    <div class=\"container\">\n        <div class=\"row d-flex align-items-center flex-md-row-reverse\">\n\n            <div class=\"col-md-6 col-lg-7 offset-lg-1\">\n                                    <div class=\"content-block__visuals\">\n                        <div class=\"content-block__media media--clipped media ratio\">\n                            <div class=\"media__wrapper\">\n                                <img decoding=\"async\" width=\"690\" height=\"460\" src=\"https:\/\/vetus.com\/wp-content\/uploads\/21522070321_07ed4e430a_c-690x460.png\" class=\"media__source img-fit\" alt=\"\" srcset=\"https:\/\/vetus.com\/wp-content\/uploads\/21522070321_07ed4e430a_c-690x460.png 690w, https:\/\/vetus.com\/wp-content\/uploads\/21522070321_07ed4e430a_c-300x200.png 300w, https:\/\/vetus.com\/wp-content\/uploads\/21522070321_07ed4e430a_c-768x512.png 768w, https:\/\/vetus.com\/wp-content\/uploads\/21522070321_07ed4e430a_c-210x140.png 210w, https:\/\/vetus.com\/wp-content\/uploads\/21522070321_07ed4e430a_c-330x220.png 330w, https:\/\/vetus.com\/wp-content\/uploads\/21522070321_07ed4e430a_c-431x287.png 431w, https:\/\/vetus.com\/wp-content\/uploads\/21522070321_07ed4e430a_c-507x338.png 507w, https:\/\/vetus.com\/wp-content\/uploads\/21522070321_07ed4e430a_c-530x353.png 530w, https:\/\/vetus.com\/wp-content\/uploads\/21522070321_07ed4e430a_c.png 800w\" sizes=\"auto, (max-width: 575.98px) 431px, (max-width: 767.98px) 530px, (max-width: 991.98px) 330px, (max-width: 1279.98px) 530px, (max-width: 1899.98px) 690px, 930px\" loading=\"lazy\" \/>                            <\/div>\n                        <\/div>\n                    <\/div>\n                            <\/div>\n\n            <div class=\"col-md-6 col-lg-4\">\n                <div class=\"content-block__body\">\n                    \n                    \n                                            <h3 data-start=\"1577\" data-end=\"1620\">Innowacyjne cumowanie z moc\u0105 i precyzj\u0105<\/h3>\n<p data-start=\"1622\" data-end=\"1958\">Wsp\u00f3\u0142praca VETUS, Cummins i Glendinning wyznacza nowy standard w zintegrowanym sterowaniu morskim. Po\u0142\u0105czenie mocy silnik\u00f3w stacjonarnych Cummins, technologii ProPilot firmy Glendinning oraz ster\u00f3w strumieniowych VETUS BOW PRO tworzy solidne i przysz\u0142o\u015bciowe rozwi\u0105zanie dla u\u017cytkownik\u00f3w \u0142odzi, kt\u00f3rzy oczekuj\u0105 niezawodno\u015bci i precyzji.<\/p>\n<ul data-start=\"1960\" data-end=\"2415\">\n<li data-start=\"1960\" data-end=\"2071\">\n<p data-start=\"1962\" data-end=\"2071\">Pe\u0142na kompatybilno\u015b\u0107 z ca\u0142\u0105 rodzin\u0105 BOW PRO, zapewniaj\u0105ca szerokie zastosowanie w r\u00f3\u017cnych typach jednostek.<\/p>\n<\/li>\n<li data-start=\"2072\" data-end=\"2197\">\n<p data-start=\"2074\" data-end=\"2197\">Prosta instalacja dzi\u0119ki bezpo\u015bredniemu pod\u0142\u0105czeniu do istniej\u0105cych system\u00f3w sterowania Cummins poprzez sie\u0107 VETUS V-CAN.<\/p>\n<\/li>\n<li data-start=\"2198\" data-end=\"2300\">\n<p data-start=\"2200\" data-end=\"2300\">Dostosowana wydajno\u015b\u0107 z mo\u017cliwo\u015bci\u0105 wywa\u017cenia jednostki za pomoc\u0105 prostego programu komputerowego.<\/p>\n<\/li>\n<li data-start=\"2301\" data-end=\"2415\">\n<p data-start=\"2303\" data-end=\"2415\">Wspierane przez dekady do\u015bwiadczenia w in\u017cynierii morskiej oraz rozbudowan\u0105 globaln\u0105 sie\u0107 serwisow\u0105 i dealersk\u0105.<\/p>\n<\/li>\n<\/ul>\n                    \t\t\t\t\t\n                                    <\/div>\n            <\/div>\n        <\/div>\n    <\/div>\n<\/section><\/section>\n\n\n<section class=\"section  \">\n    \n\n<section id=\"section-text-block-block_320df9c16ca6327ec7874fc1d2a8fee0\" class=\"section text-block \">\n                    <div class=\"section section__body\">\n            <div class=\"text-block\">\n                <div class=\"container\">\n                    <div class=\"row\">\n                        <div class=\"col-lg-8 offset-lg-2\">\n                                                            <div class=\"section__content single__content hentry\">\n                                    <h3 data-start=\"2422\" data-end=\"2464\">Wnie\u015b swoje cumowanie na wy\u017cszy poziom<\/h3>\n<p data-start=\"2466\" data-end=\"2721\">Dzi\u0119ki wsp\u00f3\u0142pracy VETUS, Cummins Marine i Glendinning manewrowanie staje si\u0119 naturalne i intuicyjne. Ta zaawansowana integracja \u0142\u0105czy niezawodno\u015b\u0107, nowoczesne sterowanie i p\u0142ynn\u0105 prac\u0119, przekszta\u0142caj\u0105c ka\u017cde cumowanie w pewne i bezwysi\u0142kowe do\u015bwiadczenie.<\/p>\n                                <\/div>\n                            \n                                                            <div class=\"section__actions text-block__actions actions\">\n                                    <div class=\"btn-group d-flex flex-wrap justify-content-center\">\n                                                                                    <a href=\"https:\/\/vetus.com\/pl\/stery-strumieniowe-bow-pro\/\" class=\"btn btn-primary\" title=\"\" target=\"_blank\">\n                                                <span>Poznaj nasze stery strumieniowe BOW PRO<\/span>\n                                            <\/a>\n                                        \n                                                                            <\/div>\n                                <\/div>\n                                                    <\/div>\n                    <\/div>\n                <\/div>\n            <\/div>\n        <\/div>\n    <\/section><\/section>","protected":false},"excerpt":{"rendered":"","protected":false},"author":20,"featured_media":0,"parent":0,"menu_order":0,"comment_status":"closed","ping_status":"closed","template":"tpl-blog-large-header.php","meta":{"_acf_changed":false,"footnotes":""},"class_list":["post-115641","page","type-page","status-publish","hentry"],"acf":{"image":{"ID":115611,"id":115611,"title":"ProPilot-Lifestyle-002","filename":"ProPilot-Lifestyle-002.jpg","filesize":71618,"url":"https:\/\/vetus.com\/wp-content\/uploads\/ProPilot-Lifestyle-002.jpg","link":"https:\/\/vetus.com\/pl\/integracja-steru-strumieniowego-bow-pro-z-silnikami-stacjonarnymi-cummins-i-glendinning\/propilot-lifestyle-002-2\/","alt":"","author":"20","description":"","caption":"","name":"propilot-lifestyle-002-2","status":"inherit","uploaded_to":115641,"date":"2025-10-03 06:51:22","modified":"2025-10-03 06:51:22","menu_order":0,"mime_type":"image\/jpeg","type":"image","subtype":"jpeg","icon":"https:\/\/vetus.com\/wp-includes\/images\/media\/default.png","width":798,"height":536,"sizes":{"thumbnail":"https:\/\/vetus.com\/wp-content\/uploads\/ProPilot-Lifestyle-002-150x150.jpg","thumbnail-width":150,"thumbnail-height":150,"medium":"https:\/\/vetus.com\/wp-content\/uploads\/ProPilot-Lifestyle-002-300x202.jpg","medium-width":300,"medium-height":202,"medium_large":"https:\/\/vetus.com\/wp-content\/uploads\/ProPilot-Lifestyle-002-768x516.jpg","medium_large-width":768,"medium_large-height":516,"large":"https:\/\/vetus.com\/wp-content\/uploads\/ProPilot-Lifestyle-002.jpg","large-width":798,"large-height":536,"1536x1536":"https:\/\/vetus.com\/wp-content\/uploads\/ProPilot-Lifestyle-002.jpg","1536x1536-width":798,"1536x1536-height":536,"2048x2048":"https:\/\/vetus.com\/wp-content\/uploads\/ProPilot-Lifestyle-002.jpg","2048x2048-width":798,"2048x2048-height":536,"210w":"https:\/\/vetus.com\/wp-content\/uploads\/ProPilot-Lifestyle-002-210x141.jpg","210w-width":210,"210w-height":141,"330w":"https:\/\/vetus.com\/wp-content\/uploads\/ProPilot-Lifestyle-002-330x222.jpg","330w-width":330,"330w-height":222,"431w":"https:\/\/vetus.com\/wp-content\/uploads\/ProPilot-Lifestyle-002-431x289.jpg","431w-width":431,"431w-height":289,"507w":"https:\/\/vetus.com\/wp-content\/uploads\/ProPilot-Lifestyle-002-507x341.jpg","507w-width":507,"507w-height":341,"530w":"https:\/\/vetus.com\/wp-content\/uploads\/ProPilot-Lifestyle-002-530x356.jpg","530w-width":530,"530w-height":356,"690w":"https:\/\/vetus.com\/wp-content\/uploads\/ProPilot-Lifestyle-002-690x463.jpg","690w-width":690,"690w-height":463,"930w":"https:\/\/vetus.com\/wp-content\/uploads\/ProPilot-Lifestyle-002.jpg","930w-width":798,"930w-height":536,"1170w":"https:\/\/vetus.com\/wp-content\/uploads\/ProPilot-Lifestyle-002.jpg","1170w-width":798,"1170w-height":536,"gform-image-choice-sm":"https:\/\/vetus.com\/wp-content\/uploads\/ProPilot-Lifestyle-002.jpg","gform-image-choice-sm-width":300,"gform-image-choice-sm-height":202,"gform-image-choice-md":"https:\/\/vetus.com\/wp-content\/uploads\/ProPilot-Lifestyle-002.jpg","gform-image-choice-md-width":400,"gform-image-choice-md-height":269,"gform-image-choice-lg":"https:\/\/vetus.com\/wp-content\/uploads\/ProPilot-Lifestyle-002.jpg","gform-image-choice-lg-width":600,"gform-image-choice-lg-height":403}},"introduction":"","person":false,"title":"P\u0142ynna moc dla bezwysi\u0142kowego cumowania"},"yoast_head":"<!-- This site is optimized with the Yoast SEO Premium plugin v27.3 (Yoast SEO v27.3) - https:\/\/yoast.com\/product\/yoast-seo-premium-wordpress\/ -->\n<title>Integracja steru strumieniowego BOW PRO z silnikami stacjonarnymi Cummins i joystickiem Glendinning ProPilot - VETUS<\/title>\n<meta name=\"description\" content=\"Aby ulepszy\u0107 do\u015bwiadczenie cumowania dla jeszcze wi\u0119kszej liczby u\u017cytkownik\u00f3w \u0142odzi, firma VETUS nawi\u0105za\u0142a wsp\u00f3\u0142prac\u0119 z Cummins Marine...\" \/>\n<meta name=\"robots\" content=\"index, follow, max-snippet:-1, max-image-preview:large, max-video-preview:-1\" \/>\n<link rel=\"canonical\" href=\"https:\/\/vetus.com\/pl\/integracja-steru-strumieniowego-bow-pro-z-silnikami-stacjonarnymi-cummins-i-glendinning\/\" \/>\n<meta property=\"og:locale\" content=\"pl_PL\" \/>\n<meta property=\"og:type\" content=\"article\" \/>\n<meta property=\"og:title\" content=\"Integracja steru strumieniowego BOW PRO z silnikami stacjonarnymi Cummins i joystickiem Glendinning ProPilot\" \/>\n<meta property=\"og:description\" content=\"Aby ulepszy\u0107 do\u015bwiadczenie cumowania dla jeszcze wi\u0119kszej liczby u\u017cytkownik\u00f3w \u0142odzi, firma VETUS nawi\u0105za\u0142a wsp\u00f3\u0142prac\u0119 z Cummins Marine...\" \/>\n<meta property=\"og:url\" content=\"https:\/\/vetus.com\/pl\/integracja-steru-strumieniowego-bow-pro-z-silnikami-stacjonarnymi-cummins-i-glendinning\/\" \/>\n<meta property=\"og:site_name\" content=\"VETUS\" \/>\n<meta property=\"article:modified_time\" content=\"2026-02-26T10:37:25+00:00\" \/>\n<meta name=\"twitter:card\" content=\"summary_large_image\" \/>\n<meta name=\"twitter:label1\" content=\"Szacowany czas czytania\" \/>\n\t<meta name=\"twitter:data1\" content=\"3 minuty\" \/>\n<script type=\"application\/ld+json\" class=\"yoast-schema-graph\">{\"@context\":\"https:\\\/\\\/schema.org\",\"@graph\":[{\"@type\":\"WebPage\",\"@id\":\"https:\\\/\\\/vetus.com\\\/pl\\\/integracja-steru-strumieniowego-bow-pro-z-silnikami-stacjonarnymi-cummins-i-glendinning\\\/\",\"url\":\"https:\\\/\\\/vetus.com\\\/pl\\\/integracja-steru-strumieniowego-bow-pro-z-silnikami-stacjonarnymi-cummins-i-glendinning\\\/\",\"name\":\"Integracja steru strumieniowego BOW PRO z silnikami stacjonarnymi Cummins i joystickiem Glendinning ProPilot - VETUS\",\"isPartOf\":{\"@id\":\"https:\\\/\\\/vetus.com\\\/pl\\\/#website\"},\"datePublished\":\"2025-10-02T08:54:36+00:00\",\"dateModified\":\"2026-02-26T10:37:25+00:00\",\"description\":\"Aby ulepszy\u0107 do\u015bwiadczenie cumowania dla jeszcze wi\u0119kszej liczby u\u017cytkownik\u00f3w \u0142odzi, firma VETUS nawi\u0105za\u0142a wsp\u00f3\u0142prac\u0119 z Cummins Marine...\",\"breadcrumb\":{\"@id\":\"https:\\\/\\\/vetus.com\\\/pl\\\/integracja-steru-strumieniowego-bow-pro-z-silnikami-stacjonarnymi-cummins-i-glendinning\\\/#breadcrumb\"},\"inLanguage\":\"pl-PL\",\"potentialAction\":[{\"@type\":\"ReadAction\",\"target\":[\"https:\\\/\\\/vetus.com\\\/pl\\\/integracja-steru-strumieniowego-bow-pro-z-silnikami-stacjonarnymi-cummins-i-glendinning\\\/\"]}]},{\"@type\":\"BreadcrumbList\",\"@id\":\"https:\\\/\\\/vetus.com\\\/pl\\\/integracja-steru-strumieniowego-bow-pro-z-silnikami-stacjonarnymi-cummins-i-glendinning\\\/#breadcrumb\",\"itemListElement\":[{\"@type\":\"ListItem\",\"position\":1,\"name\":\"Home\",\"item\":\"https:\\\/\\\/vetus.com\\\/pl\\\/\"},{\"@type\":\"ListItem\",\"position\":2,\"name\":\"Integracja steru strumieniowego BOW PRO z silnikami stacjonarnymi Cummins i joystickiem Glendinning ProPilot\"}]},{\"@type\":\"WebSite\",\"@id\":\"https:\\\/\\\/vetus.com\\\/pl\\\/#website\",\"url\":\"https:\\\/\\\/vetus.com\\\/pl\\\/\",\"name\":\"VETUS\",\"description\":\"\",\"potentialAction\":[{\"@type\":\"SearchAction\",\"target\":{\"@type\":\"EntryPoint\",\"urlTemplate\":\"https:\\\/\\\/vetus.com\\\/pl\\\/?s={search_term_string}\"},\"query-input\":{\"@type\":\"PropertyValueSpecification\",\"valueRequired\":true,\"valueName\":\"search_term_string\"}}],\"inLanguage\":\"pl-PL\"}]}<\/script>\n<!-- \/ Yoast SEO Premium plugin. -->","yoast_head_json":{"title":"Integracja steru strumieniowego BOW PRO z silnikami stacjonarnymi Cummins i joystickiem Glendinning ProPilot - VETUS","description":"Aby ulepszy\u0107 do\u015bwiadczenie cumowania dla jeszcze wi\u0119kszej liczby u\u017cytkownik\u00f3w \u0142odzi, firma VETUS nawi\u0105za\u0142a wsp\u00f3\u0142prac\u0119 z Cummins Marine...","robots":{"index":"index","follow":"follow","max-snippet":"max-snippet:-1","max-image-preview":"max-image-preview:large","max-video-preview":"max-video-preview:-1"},"canonical":"https:\/\/vetus.com\/pl\/integracja-steru-strumieniowego-bow-pro-z-silnikami-stacjonarnymi-cummins-i-glendinning\/","og_locale":"pl_PL","og_type":"article","og_title":"Integracja steru strumieniowego BOW PRO z silnikami stacjonarnymi Cummins i joystickiem Glendinning ProPilot","og_description":"Aby ulepszy\u0107 do\u015bwiadczenie cumowania dla jeszcze wi\u0119kszej liczby u\u017cytkownik\u00f3w \u0142odzi, firma VETUS nawi\u0105za\u0142a wsp\u00f3\u0142prac\u0119 z Cummins Marine...","og_url":"https:\/\/vetus.com\/pl\/integracja-steru-strumieniowego-bow-pro-z-silnikami-stacjonarnymi-cummins-i-glendinning\/","og_site_name":"VETUS","article_modified_time":"2026-02-26T10:37:25+00:00","twitter_card":"summary_large_image","twitter_misc":{"Szacowany czas czytania":"3 minuty"},"schema":{"@context":"https:\/\/schema.org","@graph":[{"@type":"WebPage","@id":"https:\/\/vetus.com\/pl\/integracja-steru-strumieniowego-bow-pro-z-silnikami-stacjonarnymi-cummins-i-glendinning\/","url":"https:\/\/vetus.com\/pl\/integracja-steru-strumieniowego-bow-pro-z-silnikami-stacjonarnymi-cummins-i-glendinning\/","name":"Integracja steru strumieniowego BOW PRO z silnikami stacjonarnymi Cummins i joystickiem Glendinning ProPilot - VETUS","isPartOf":{"@id":"https:\/\/vetus.com\/pl\/#website"},"datePublished":"2025-10-02T08:54:36+00:00","dateModified":"2026-02-26T10:37:25+00:00","description":"Aby ulepszy\u0107 do\u015bwiadczenie cumowania dla jeszcze wi\u0119kszej liczby u\u017cytkownik\u00f3w \u0142odzi, firma VETUS nawi\u0105za\u0142a wsp\u00f3\u0142prac\u0119 z Cummins Marine...","breadcrumb":{"@id":"https:\/\/vetus.com\/pl\/integracja-steru-strumieniowego-bow-pro-z-silnikami-stacjonarnymi-cummins-i-glendinning\/#breadcrumb"},"inLanguage":"pl-PL","potentialAction":[{"@type":"ReadAction","target":["https:\/\/vetus.com\/pl\/integracja-steru-strumieniowego-bow-pro-z-silnikami-stacjonarnymi-cummins-i-glendinning\/"]}]},{"@type":"BreadcrumbList","@id":"https:\/\/vetus.com\/pl\/integracja-steru-strumieniowego-bow-pro-z-silnikami-stacjonarnymi-cummins-i-glendinning\/#breadcrumb","itemListElement":[{"@type":"ListItem","position":1,"name":"Home","item":"https:\/\/vetus.com\/pl\/"},{"@type":"ListItem","position":2,"name":"Integracja steru strumieniowego BOW PRO z silnikami stacjonarnymi Cummins i joystickiem Glendinning ProPilot"}]},{"@type":"WebSite","@id":"https:\/\/vetus.com\/pl\/#website","url":"https:\/\/vetus.com\/pl\/","name":"VETUS","description":"","potentialAction":[{"@type":"SearchAction","target":{"@type":"EntryPoint","urlTemplate":"https:\/\/vetus.com\/pl\/?s={search_term_string}"},"query-input":{"@type":"PropertyValueSpecification","valueRequired":true,"valueName":"search_term_string"}}],"inLanguage":"pl-PL"}]}},"_links":{"self":[{"href":"https:\/\/vetus.com\/pl\/wp-json\/wp\/v2\/pages\/115641","targetHints":{"allow":["GET"]}}],"collection":[{"href":"https:\/\/vetus.com\/pl\/wp-json\/wp\/v2\/pages"}],"about":[{"href":"https:\/\/vetus.com\/pl\/wp-json\/wp\/v2\/types\/page"}],"author":[{"embeddable":true,"href":"https:\/\/vetus.com\/pl\/wp-json\/wp\/v2\/users\/20"}],"replies":[{"embeddable":true,"href":"https:\/\/vetus.com\/pl\/wp-json\/wp\/v2\/comments?post=115641"}],"version-history":[{"count":5,"href":"https:\/\/vetus.com\/pl\/wp-json\/wp\/v2\/pages\/115641\/revisions"}],"predecessor-version":[{"id":122699,"href":"https:\/\/vetus.com\/pl\/wp-json\/wp\/v2\/pages\/115641\/revisions\/122699"}],"wp:attachment":[{"href":"https:\/\/vetus.com\/pl\/wp-json\/wp\/v2\/media?parent=115641"}],"curies":[{"name":"wp","href":"https:\/\/api.w.org\/{rel}","templated":true}]}}