{"id":106795,"date":"2025-05-14T15:48:07","date_gmt":"2025-05-14T13:48:07","guid":{"rendered":"https:\/\/vetus.com\/kampanie-vetus\/vetus-m-line-repowering-kit-for-volvo-penta-saildrives\/"},"modified":"2026-03-27T16:51:36","modified_gmt":"2026-03-27T14:51:36","slug":"zestaw-modernizacyjny-vetus-m-line-do-przekladni-typu-saildrive-volvo-penta","status":"publish","type":"page","link":"https:\/\/vetus.com\/pl\/kampanie-vetus\/zestaw-modernizacyjny-vetus-m-line-do-przekladni-typu-saildrive-volvo-penta\/","title":{"rendered":"Zestaw modernizacyjny VETUS M-Line do przek\u0142adni typu saildrive Volvo Penta"},"content":{"rendered":"\n<section class=\"section  \">\n    \n\n<section id=\"section-text-block-block_3eb11fcfecb30c7c5fb7ad7a73c2173a\" class=\"section text-block \">\n                    <div class=\"section section__body\">\n            <div class=\"text-block\">\n                <div class=\"container\">\n                    <div class=\"row\">\n                        <div class=\"col-lg-8 offset-lg-2\">\n                                                            <div class=\"section__content single__content hentry\">\n                                    <h4>Silnik diesla morski VETUS M-LINE z wodnoch\u0142odzon\u0105 os\u0142on\u0105 \u2013 kompatybilny r\u00f3wnie\u017c z przek\u0142adniami typu saildrive Volvo Penta 110S i 120S(B)<\/h4>\n<p>Je\u015bli Tw\u00f3j jacht \u017caglowy jest wyposa\u017cony w starszy silnik Volvo Penta i przek\u0142adni\u0119 typu saildrive 110S, 120S lub 120SB, VETUS oferuje inteligentne i przysz\u0142o\u015bciowe rozwi\u0105zanie. Dzi\u0119ki zestawowi po\u0142\u0105czeniowemu VETUS mo\u017cesz \u0142atwo zainstalowa\u0107 nowy silnik morski M-LINE do istniej\u0105cej przek\u0142adni Volvo \u2013 bez ingerencji w kad\u0142ub.<\/p>\n<p>Pobierz pe\u0142n\u0105 tabel\u0119 kompatybilno\u015bci dla przek\u0142adni saildrive Volvo Penta i silnik\u00f3w M-LINE firmy VETUS <strong><a href=\"https:\/\/vetus.com\/wp-content\/uploads\/Saildrive-table.pdf\" target=\"_blank\" rel=\"noopener\">tutaj (PDF)<\/a><\/strong>.<\/p>\n<p>Silniki <a href=\"https:\/\/webshop.vetus.com\/en\/products\/engines\/m-line-engines\" target=\"_blank\" rel=\"noopener\">M-LINE<\/a> firmy VETUS zosta\u0142y zaprojektowane z my\u015bl\u0105 o dzisiejszych standardach: cicha praca, lepsza ekonomia paliwowa i kompatybilno\u015b\u0107 z bardziej ekologicznymi paliwami, takimi jak <a href=\"https:\/\/vetus.com\/vetus-campaigns\/d-line-and-m-line-on-hvo-fuel\/\" target=\"_blank\" rel=\"noopener\">HVO<\/a>. Zintegrowana wodnoch\u0142odzona os\u0142ona redukuje ha\u0142as w komorze silnika i poprawia efektywno\u015b\u0107 ciepln\u0105. W po\u0142\u0105czeniu z naszymi dedykowanymi zestawami adaptacyjnymi to inteligentny spos\u00f3b na zwi\u0119kszenie osi\u0105g\u00f3w bez wymiany ca\u0142ego uk\u0142adu nap\u0119dowego.<\/p>\n                                <\/div>\n                            \n                                                            <div class=\"section__actions text-block__actions actions\">\n                                    <div class=\"btn-group d-flex flex-wrap justify-content-center\">\n                                                                                    <a href=\"https:\/\/vetus.com\/wp-content\/uploads\/Saildrive-table.pdf\" class=\"btn btn-secondary\" title=\"\" target=\"_blank\">\n                                                <span>Pobierz tabel\u0119 kompatybilno\u015bci<\/span>\n                                            <\/a>\n                                        \n                                                                                    <a href=\"https:\/\/webshop.vetus.com\/en\/products\/engines\/m-line-engines\" class=\"btn btn-primary\" title=\"\" target=\"_blank\">\n                                                <span>Poznaj silniki M-LINE<\/span>\n                                            <\/a>\n                                                                            <\/div>\n                                <\/div>\n                                                    <\/div>\n                    <\/div>\n                <\/div>\n            <\/div>\n        <\/div>\n    <\/section><\/section>\n\n<section class=\"section section--colored bg-light content-blocks bg-light   \">\n    \n<section id=\"content-block-1-block_fc744fff707d0d09d320e3570c249670\" class=\"section content-block content-block--image \">\n    <div class=\"container\">\n        <div class=\"row d-flex align-items-center flex-md-row-reverse\">\n\n            <div class=\"col-md-6 col-lg-7 offset-lg-1\">\n                                    <div class=\"content-block__visuals\">\n                        <div class=\"content-block__media media--clipped media ratio\">\n                            <div class=\"media__wrapper\">\n                                <img decoding=\"async\" width=\"690\" height=\"460\" src=\"https:\/\/vetus.com\/wp-content\/uploads\/PNG-DSC07594-690x460.png\" class=\"media__source img-fit\" alt=\"\" srcset=\"https:\/\/vetus.com\/wp-content\/uploads\/PNG-DSC07594-690x460.png 690w, https:\/\/vetus.com\/wp-content\/uploads\/PNG-DSC07594-300x200.png 300w, https:\/\/vetus.com\/wp-content\/uploads\/PNG-DSC07594-768x512.png 768w, https:\/\/vetus.com\/wp-content\/uploads\/PNG-DSC07594-210x140.png 210w, https:\/\/vetus.com\/wp-content\/uploads\/PNG-DSC07594-330x220.png 330w, https:\/\/vetus.com\/wp-content\/uploads\/PNG-DSC07594-431x287.png 431w, https:\/\/vetus.com\/wp-content\/uploads\/PNG-DSC07594-507x338.png 507w, https:\/\/vetus.com\/wp-content\/uploads\/PNG-DSC07594-530x353.png 530w, https:\/\/vetus.com\/wp-content\/uploads\/PNG-DSC07594-930x620.png 930w, https:\/\/vetus.com\/wp-content\/uploads\/PNG-DSC07594-1170x780.png 1170w\" sizes=\"auto, (max-width: 575.98px) 431px, (max-width: 767.98px) 530px, (max-width: 991.98px) 330px, (max-width: 1279.98px) 530px, (max-width: 1899.98px) 690px, 930px\" loading=\"lazy\" \/>                            <\/div>\n                        <\/div>\n                    <\/div>\n                            <\/div>\n\n            <div class=\"col-md-6 col-lg-4\">\n                <div class=\"content-block__body\">\n                    \n                    \n                                            <h3>Dlaczego warto wybra\u0107 VETUS do modernizacji nap\u0119du w Twoim jachcie?<\/h3>\n<ul>\n<li><strong>\u0141atwa integracja<\/strong><br \/>Zestaw po\u0142\u0105czeniowy VETUS zapewnia idealne dopasowanie mi\u0119dzy silnikiem M-LINE a przek\u0142adni\u0105 saildrive Volvo \u2013 bez kosztownych przer\u00f3bek kad\u0142uba.<\/li>\n<li><strong>Nowoczesna wydajno\u015b\u0107<\/strong><br \/>Zamie\u0144 silnik na nowoczesny, wydajny i niskoemisyjny silnik diesla spe\u0142niaj\u0105cy obecne normy.<\/li>\n<li><strong>Rozwi\u0105zanie ekonomiczne<\/strong><br \/>Uniknij koszt\u00f3w wymiany ca\u0142ego uk\u0142adu nap\u0119dowego \u2013 zachowaj istniej\u0105c\u0105 przek\u0142adni\u0119 saildrive.<\/li>\n<li><strong>Wsparcie ekspert\u00f3w<\/strong><br \/>Nasza sie\u0107 dealer\u00f3w i technik\u00f3w jest gotowa wesprze\u0107 Ci\u0119 na ka\u017cdym etapie procesu modernizacji.<\/li>\n<\/ul>\n                    \t\t\t\t\t\n                                    <\/div>\n            <\/div>\n        <\/div>\n    <\/div>\n<\/section><\/section>\n\n\n<section class=\"section  \">\n    \n<section id=\"content-block-1-block_381a4c0e3b4eb9d86cae68d60c1649ee\" class=\"section content-block content-block--image \">\n    <div class=\"container\">\n        <div class=\"row d-flex align-items-center\">\n\n            <div class=\"col-md-6 col-lg-7\">\n                                    <div class=\"content-block__visuals\">\n                        <div class=\"content-block__media media--clipped media ratio\">\n                            <div class=\"media__wrapper\">\n                                <img decoding=\"async\" width=\"690\" height=\"552\" src=\"https:\/\/vetus.com\/wp-content\/uploads\/M-LINE-Saildrive-FLEXOFOLD_2-690x552.png\" class=\"media__source img-fit\" alt=\"M-LINE Marine Diesel Engine with water-cooled cover also suitable for Volvo Penta 110S and 120S(B) Saildrives\" srcset=\"https:\/\/vetus.com\/wp-content\/uploads\/M-LINE-Saildrive-FLEXOFOLD_2-690x552.png 690w, https:\/\/vetus.com\/wp-content\/uploads\/M-LINE-Saildrive-FLEXOFOLD_2-300x240.png 300w, https:\/\/vetus.com\/wp-content\/uploads\/M-LINE-Saildrive-FLEXOFOLD_2-768x615.png 768w, https:\/\/vetus.com\/wp-content\/uploads\/M-LINE-Saildrive-FLEXOFOLD_2-210x168.png 210w, https:\/\/vetus.com\/wp-content\/uploads\/M-LINE-Saildrive-FLEXOFOLD_2-330x264.png 330w, https:\/\/vetus.com\/wp-content\/uploads\/M-LINE-Saildrive-FLEXOFOLD_2-431x345.png 431w, https:\/\/vetus.com\/wp-content\/uploads\/M-LINE-Saildrive-FLEXOFOLD_2-507x406.png 507w, https:\/\/vetus.com\/wp-content\/uploads\/M-LINE-Saildrive-FLEXOFOLD_2-530x424.png 530w, https:\/\/vetus.com\/wp-content\/uploads\/M-LINE-Saildrive-FLEXOFOLD_2-930x744.png 930w, https:\/\/vetus.com\/wp-content\/uploads\/M-LINE-Saildrive-FLEXOFOLD_2-1170x936.png 1170w\" sizes=\"auto, (max-width: 575.98px) 431px, (max-width: 767.98px) 530px, (max-width: 991.98px) 330px, (max-width: 1279.98px) 530px, (max-width: 1899.98px) 690px, 930px\" loading=\"lazy\" \/>                            <\/div>\n                        <\/div>\n                    <\/div>\n                            <\/div>\n\n            <div class=\"col-md-6 col-lg-4 offset-lg-1\">\n                <div class=\"content-block__body\">\n                    \n                    \n                                            <h3>Na co zwr\u00f3ci\u0107 uwag\u0119 przy modernizacji jachtu z przek\u0142adni\u0105 saildrive<\/h3>\n<p>W przeciwie\u0144stwie do tradycyjnych wa\u0142\u00f3w nap\u0119dowych, przek\u0142adnie typu saildrive oferuj\u0105 p\u0142ynniejsze przeniesienie nap\u0119du, mniej drga\u0144 i lepsz\u0105 efektywno\u015b\u0107 paliwow\u0105 \u2013 szczeg\u00f3lnie doceniane przez \u017ceglarzy poszukuj\u0105cych cichej i niezawodnej pracy. Modernizacja nap\u0119du to doskona\u0142y moment na przegl\u0105d i serwisowanie saildrive\u2019a. Ten kluczowy element ma du\u017cy wp\u0142yw na komfort i osi\u0105gi pod \u017caglami.<\/p>\n<p><span class=\"relative\">Warto r\u00f3wnie\u017c sprawdzi\u0107 prze\u0142o\u017cenie: starsze modele, takie jak 110S z prze\u0142o\u017ceniem 1,66:1, mog\u0105 nie by\u0107 idealnie dopasowane do nowoczesnych silnik\u00f3w o wy\u017cszych obrotach.<\/span> <span class=\"relative\">Eksperci VETUS mog\u0105 przeanalizowa\u0107 Twoj\u0105 konfiguracj\u0119 i zaproponowa\u0107 odpowiedni\u0105 \u015brub\u0119 lub niezb\u0119dne modyfikacje dla optymalnej integracji.<\/span><\/p>\n<p>Je\u015bli wymiana przek\u0142adni saildrive jest konieczna, VETUS oferuje modele w pe\u0142ni kompatybilne z nowym silnikiem.<\/p>\n                    \t\t\t\t\t\n                                    <\/div>\n            <\/div>\n        <\/div>\n    <\/div>\n<\/section>\n\n<section id=\"section-text-block-block_381a4c0e3b4eb9d86cae68d60c1649ee\" class=\"section text-block \">\n                    <div class=\"section section__body\">\n            <div class=\"text-block\">\n                <div class=\"container\">\n                    <div class=\"row\">\n                        <div class=\"col-lg-8 offset-lg-2\">\n                                                            <div class=\"section__content single__content hentry\">\n                                    <h4><strong>Gotowy na modernizacj\u0119 nap\u0119du?<\/strong><\/h4>\n<p>Unowocze\u015bnienie nap\u0119du \u017caglowego nie musi oznacza\u0107 wymiany wszystkiego. VETUS oferuje przemy\u015blane rozwi\u0105zanie \u2013 nowoczesne silniki M-LINE z dedykowanymi zestawami adaptacyjnymi do przek\u0142adni saildrive Volvo Penta. Nasza mi\u0119dzynarodowa sie\u0107 dealer\u00f3w i technik\u00f3w pomo\u017ce Ci na ka\u017cdym etapie \u2013 od doradztwa po monta\u017c.<\/p>\n<h4>Doradztwo techniczne, gdziekolwiek \u017ceglujesz<\/h4>\n<p>Nasz zesp\u00f3\u0142 ekspert\u00f3w VETUS pomo\u017ce Ci wybra\u0107 idealny silnik M-LINE i zapewni bezproblemowe po\u0142\u0105czenie z przek\u0142adni\u0105 Volvo Penta. Skontaktujemy Ci\u0119 z zaufanym partnerem serwisowym w Twoim regionie.<\/p>\n                                <\/div>\n                            \n                                                            <div class=\"section__actions text-block__actions actions\">\n                                    <div class=\"btn-group d-flex flex-wrap justify-content-center\">\n                                                                                    <a href=\"https:\/\/vetus.com\/sailboat-repowering-quote\/\" class=\"btn btn-secondary\" title=\"\" target=\"_blank\">\n                                                <span>Zam\u00f3w ofert\u0119 ju\u017c teraz<\/span>\n                                            <\/a>\n                                        \n                                                                                    <a href=\"https:\/\/vetus.com\/sailboat-expert-advise-request\/\" class=\"btn btn-primary\" title=\"\" target=\"_blank\">\n                                                <span>Skonsultuj si\u0119 z ekspertem<\/span>\n                                            <\/a>\n                                                                            <\/div>\n                                <\/div>\n                                                    <\/div>\n                    <\/div>\n                <\/div>\n            <\/div>\n        <\/div>\n    <\/section><\/section>\n","protected":false},"excerpt":{"rendered":"","protected":false},"author":25,"featured_media":106131,"parent":32273,"menu_order":0,"comment_status":"closed","ping_status":"closed","template":"tpl-home.php","meta":{"_acf_changed":false,"footnotes":""},"class_list":["post-106795","page","type-page","status-publish","has-post-thumbnail","hentry"],"acf":{"button":"","button_secondary":"","introduction":"","person":false,"title":"Zestaw modernizacyjny VETUS M-Line do przek\u0142adni typu saildrive Volvo Penta","yellow_button":{"title":"","url":"","target":"","0":""},"video":false,"background_image":{"ID":106131,"id":106131,"title":"shutterstock_139389128 (3)","filename":"shutterstock_139389128-3-scaled.png","filesize":1225729,"url":"https:\/\/vetus.com\/wp-content\/uploads\/shutterstock_139389128-3-scaled.png","link":"https:\/\/vetus.com\/pl\/kampanie-vetus\/zestaw-modernizacyjny-vetus-m-line-do-przekladni-typu-saildrive-volvo-penta\/shutterstock_139389128-3-2\/","alt":"","author":"25","description":"","caption":"","name":"shutterstock_139389128-3-2","status":"inherit","uploaded_to":106795,"date":"2025-05-13 11:50:42","modified":"2025-05-13 11:50:42","menu_order":0,"mime_type":"image\/png","type":"image","subtype":"png","icon":"https:\/\/vetus.com\/wp-includes\/images\/media\/default.png","width":2560,"height":1103,"sizes":{"thumbnail":"https:\/\/vetus.com\/wp-content\/uploads\/shutterstock_139389128-3-150x150.png","thumbnail-width":150,"thumbnail-height":150,"medium":"https:\/\/vetus.com\/wp-content\/uploads\/shutterstock_139389128-3-300x129.png","medium-width":300,"medium-height":129,"medium_large":"https:\/\/vetus.com\/wp-content\/uploads\/shutterstock_139389128-3-768x331.png","medium_large-width":768,"medium_large-height":331,"large":"https:\/\/vetus.com\/wp-content\/uploads\/shutterstock_139389128-3-scaled.png","large-width":1024,"large-height":441,"1536x1536":"https:\/\/vetus.com\/wp-content\/uploads\/shutterstock_139389128-3-scaled.png","1536x1536-width":1536,"1536x1536-height":662,"2048x2048":"https:\/\/vetus.com\/wp-content\/uploads\/shutterstock_139389128-3-scaled.png","2048x2048-width":2048,"2048x2048-height":882,"210w":"https:\/\/vetus.com\/wp-content\/uploads\/shutterstock_139389128-3-210x91.png","210w-width":210,"210w-height":91,"330w":"https:\/\/vetus.com\/wp-content\/uploads\/shutterstock_139389128-3-330x142.png","330w-width":330,"330w-height":142,"431w":"https:\/\/vetus.com\/wp-content\/uploads\/shutterstock_139389128-3-431x186.png","431w-width":431,"431w-height":186,"507w":"https:\/\/vetus.com\/wp-content\/uploads\/shutterstock_139389128-3-507x219.png","507w-width":507,"507w-height":219,"530w":"https:\/\/vetus.com\/wp-content\/uploads\/shutterstock_139389128-3-530x228.png","530w-width":530,"530w-height":228,"690w":"https:\/\/vetus.com\/wp-content\/uploads\/shutterstock_139389128-3-690x297.png","690w-width":690,"690w-height":297,"930w":"https:\/\/vetus.com\/wp-content\/uploads\/shutterstock_139389128-3-930x401.png","930w-width":930,"930w-height":401,"1170w":"https:\/\/vetus.com\/wp-content\/uploads\/shutterstock_139389128-3-1170x504.png","1170w-width":1170,"1170w-height":504,"gform-image-choice-sm":"https:\/\/vetus.com\/wp-content\/uploads\/shutterstock_139389128-3-scaled.png","gform-image-choice-sm-width":300,"gform-image-choice-sm-height":129,"gform-image-choice-md":"https:\/\/vetus.com\/wp-content\/uploads\/shutterstock_139389128-3-scaled.png","gform-image-choice-md-width":400,"gform-image-choice-md-height":172,"gform-image-choice-lg":"https:\/\/vetus.com\/wp-content\/uploads\/shutterstock_139389128-3-scaled.png","gform-image-choice-lg-width":600,"gform-image-choice-lg-height":259}}},"yoast_head":"<!-- This site is optimized with the Yoast SEO Premium plugin v27.3 (Yoast SEO v27.3) - https:\/\/yoast.com\/product\/yoast-seo-premium-wordpress\/ -->\n<title>Zestaw modernizacyjny VETUS M-Line do przek\u0142adni typu saildrive Volvo Penta - VETUS<\/title>\n<meta name=\"description\" content=\"Silnik diesla morski VETUS M-LINE z wodnoch\u0142odzon\u0105 os\u0142on\u0105 \u2013 kompatybilny r\u00f3wnie\u017c z przek\u0142adniami typu saildrive Volvo Penta 110S i 120S(B)\" \/>\n<meta name=\"robots\" content=\"index, follow, max-snippet:-1, max-image-preview:large, max-video-preview:-1\" \/>\n<link rel=\"canonical\" href=\"https:\/\/vetus.com\/pl\/kampanie-vetus\/zestaw-modernizacyjny-vetus-m-line-do-przekladni-typu-saildrive-volvo-penta\/\" \/>\n<meta property=\"og:locale\" content=\"pl_PL\" \/>\n<meta property=\"og:type\" content=\"article\" \/>\n<meta property=\"og:title\" content=\"Zestaw modernizacyjny VETUS M-Line do przek\u0142adni typu saildrive Volvo Penta\" \/>\n<meta property=\"og:description\" content=\"Silnik diesla morski VETUS M-LINE z wodnoch\u0142odzon\u0105 os\u0142on\u0105 \u2013 kompatybilny r\u00f3wnie\u017c z przek\u0142adniami typu saildrive Volvo Penta 110S i 120S(B)\" \/>\n<meta property=\"og:url\" content=\"https:\/\/vetus.com\/pl\/kampanie-vetus\/zestaw-modernizacyjny-vetus-m-line-do-przekladni-typu-saildrive-volvo-penta\/\" \/>\n<meta property=\"og:site_name\" content=\"VETUS\" \/>\n<meta property=\"article:modified_time\" content=\"2026-03-27T14:51:36+00:00\" \/>\n<meta property=\"og:image\" content=\"https:\/\/vetus.com\/wp-content\/uploads\/shutterstock_139389128-3-scaled.png\" \/>\n\t<meta property=\"og:image:width\" content=\"2560\" \/>\n\t<meta property=\"og:image:height\" content=\"1103\" \/>\n\t<meta property=\"og:image:type\" content=\"image\/png\" \/>\n<meta name=\"twitter:card\" content=\"summary_large_image\" \/>\n<meta name=\"twitter:label1\" content=\"Szacowany czas czytania\" \/>\n\t<meta name=\"twitter:data1\" content=\"3 minuty\" \/>\n<script type=\"application\/ld+json\" class=\"yoast-schema-graph\">{\"@context\":\"https:\\\/\\\/schema.org\",\"@graph\":[{\"@type\":\"WebPage\",\"@id\":\"https:\\\/\\\/vetus.com\\\/pl\\\/kampanie-vetus\\\/zestaw-modernizacyjny-vetus-m-line-do-przekladni-typu-saildrive-volvo-penta\\\/\",\"url\":\"https:\\\/\\\/vetus.com\\\/pl\\\/kampanie-vetus\\\/zestaw-modernizacyjny-vetus-m-line-do-przekladni-typu-saildrive-volvo-penta\\\/\",\"name\":\"Zestaw modernizacyjny VETUS M-Line do przek\u0142adni typu saildrive Volvo Penta - VETUS\",\"isPartOf\":{\"@id\":\"https:\\\/\\\/vetus.com\\\/pl\\\/#website\"},\"primaryImageOfPage\":{\"@id\":\"https:\\\/\\\/vetus.com\\\/pl\\\/kampanie-vetus\\\/zestaw-modernizacyjny-vetus-m-line-do-przekladni-typu-saildrive-volvo-penta\\\/#primaryimage\"},\"image\":{\"@id\":\"https:\\\/\\\/vetus.com\\\/pl\\\/kampanie-vetus\\\/zestaw-modernizacyjny-vetus-m-line-do-przekladni-typu-saildrive-volvo-penta\\\/#primaryimage\"},\"thumbnailUrl\":\"https:\\\/\\\/vetus.com\\\/wp-content\\\/uploads\\\/shutterstock_139389128-3-scaled.png\",\"datePublished\":\"2025-05-14T13:48:07+00:00\",\"dateModified\":\"2026-03-27T14:51:36+00:00\",\"description\":\"Silnik diesla morski VETUS M-LINE z wodnoch\u0142odzon\u0105 os\u0142on\u0105 \u2013 kompatybilny r\u00f3wnie\u017c z przek\u0142adniami typu saildrive Volvo Penta 110S i 120S(B)\",\"breadcrumb\":{\"@id\":\"https:\\\/\\\/vetus.com\\\/pl\\\/kampanie-vetus\\\/zestaw-modernizacyjny-vetus-m-line-do-przekladni-typu-saildrive-volvo-penta\\\/#breadcrumb\"},\"inLanguage\":\"pl-PL\",\"potentialAction\":[{\"@type\":\"ReadAction\",\"target\":[\"https:\\\/\\\/vetus.com\\\/pl\\\/kampanie-vetus\\\/zestaw-modernizacyjny-vetus-m-line-do-przekladni-typu-saildrive-volvo-penta\\\/\"]}]},{\"@type\":\"ImageObject\",\"inLanguage\":\"pl-PL\",\"@id\":\"https:\\\/\\\/vetus.com\\\/pl\\\/kampanie-vetus\\\/zestaw-modernizacyjny-vetus-m-line-do-przekladni-typu-saildrive-volvo-penta\\\/#primaryimage\",\"url\":\"https:\\\/\\\/vetus.com\\\/wp-content\\\/uploads\\\/shutterstock_139389128-3-scaled.png\",\"contentUrl\":\"https:\\\/\\\/vetus.com\\\/wp-content\\\/uploads\\\/shutterstock_139389128-3-scaled.png\",\"width\":2560,\"height\":1103},{\"@type\":\"BreadcrumbList\",\"@id\":\"https:\\\/\\\/vetus.com\\\/pl\\\/kampanie-vetus\\\/zestaw-modernizacyjny-vetus-m-line-do-przekladni-typu-saildrive-volvo-penta\\\/#breadcrumb\",\"itemListElement\":[{\"@type\":\"ListItem\",\"position\":1,\"name\":\"Home\",\"item\":\"https:\\\/\\\/vetus.com\\\/pl\\\/\"},{\"@type\":\"ListItem\",\"position\":2,\"name\":\"Kampanie VETUS\",\"item\":\"https:\\\/\\\/vetus.com\\\/pl\\\/kampanie-vetus\\\/\"},{\"@type\":\"ListItem\",\"position\":3,\"name\":\"Zestaw modernizacyjny VETUS M-Line do przek\u0142adni typu saildrive Volvo Penta\"}]},{\"@type\":\"WebSite\",\"@id\":\"https:\\\/\\\/vetus.com\\\/pl\\\/#website\",\"url\":\"https:\\\/\\\/vetus.com\\\/pl\\\/\",\"name\":\"VETUS\",\"description\":\"\",\"potentialAction\":[{\"@type\":\"SearchAction\",\"target\":{\"@type\":\"EntryPoint\",\"urlTemplate\":\"https:\\\/\\\/vetus.com\\\/pl\\\/?s={search_term_string}\"},\"query-input\":{\"@type\":\"PropertyValueSpecification\",\"valueRequired\":true,\"valueName\":\"search_term_string\"}}],\"inLanguage\":\"pl-PL\"}]}<\/script>\n<!-- \/ Yoast SEO Premium plugin. -->","yoast_head_json":{"title":"Zestaw modernizacyjny VETUS M-Line do przek\u0142adni typu saildrive Volvo Penta - VETUS","description":"Silnik diesla morski VETUS M-LINE z wodnoch\u0142odzon\u0105 os\u0142on\u0105 \u2013 kompatybilny r\u00f3wnie\u017c z przek\u0142adniami typu saildrive Volvo Penta 110S i 120S(B)","robots":{"index":"index","follow":"follow","max-snippet":"max-snippet:-1","max-image-preview":"max-image-preview:large","max-video-preview":"max-video-preview:-1"},"canonical":"https:\/\/vetus.com\/pl\/kampanie-vetus\/zestaw-modernizacyjny-vetus-m-line-do-przekladni-typu-saildrive-volvo-penta\/","og_locale":"pl_PL","og_type":"article","og_title":"Zestaw modernizacyjny VETUS M-Line do przek\u0142adni typu saildrive Volvo Penta","og_description":"Silnik diesla morski VETUS M-LINE z wodnoch\u0142odzon\u0105 os\u0142on\u0105 \u2013 kompatybilny r\u00f3wnie\u017c z przek\u0142adniami typu saildrive Volvo Penta 110S i 120S(B)","og_url":"https:\/\/vetus.com\/pl\/kampanie-vetus\/zestaw-modernizacyjny-vetus-m-line-do-przekladni-typu-saildrive-volvo-penta\/","og_site_name":"VETUS","article_modified_time":"2026-03-27T14:51:36+00:00","og_image":[{"width":2560,"height":1103,"url":"https:\/\/vetus.com\/wp-content\/uploads\/shutterstock_139389128-3-scaled.png","type":"image\/png"}],"twitter_card":"summary_large_image","twitter_misc":{"Szacowany czas czytania":"3 minuty"},"schema":{"@context":"https:\/\/schema.org","@graph":[{"@type":"WebPage","@id":"https:\/\/vetus.com\/pl\/kampanie-vetus\/zestaw-modernizacyjny-vetus-m-line-do-przekladni-typu-saildrive-volvo-penta\/","url":"https:\/\/vetus.com\/pl\/kampanie-vetus\/zestaw-modernizacyjny-vetus-m-line-do-przekladni-typu-saildrive-volvo-penta\/","name":"Zestaw modernizacyjny VETUS M-Line do przek\u0142adni typu saildrive Volvo Penta - VETUS","isPartOf":{"@id":"https:\/\/vetus.com\/pl\/#website"},"primaryImageOfPage":{"@id":"https:\/\/vetus.com\/pl\/kampanie-vetus\/zestaw-modernizacyjny-vetus-m-line-do-przekladni-typu-saildrive-volvo-penta\/#primaryimage"},"image":{"@id":"https:\/\/vetus.com\/pl\/kampanie-vetus\/zestaw-modernizacyjny-vetus-m-line-do-przekladni-typu-saildrive-volvo-penta\/#primaryimage"},"thumbnailUrl":"https:\/\/vetus.com\/wp-content\/uploads\/shutterstock_139389128-3-scaled.png","datePublished":"2025-05-14T13:48:07+00:00","dateModified":"2026-03-27T14:51:36+00:00","description":"Silnik diesla morski VETUS M-LINE z wodnoch\u0142odzon\u0105 os\u0142on\u0105 \u2013 kompatybilny r\u00f3wnie\u017c z przek\u0142adniami typu saildrive Volvo Penta 110S i 120S(B)","breadcrumb":{"@id":"https:\/\/vetus.com\/pl\/kampanie-vetus\/zestaw-modernizacyjny-vetus-m-line-do-przekladni-typu-saildrive-volvo-penta\/#breadcrumb"},"inLanguage":"pl-PL","potentialAction":[{"@type":"ReadAction","target":["https:\/\/vetus.com\/pl\/kampanie-vetus\/zestaw-modernizacyjny-vetus-m-line-do-przekladni-typu-saildrive-volvo-penta\/"]}]},{"@type":"ImageObject","inLanguage":"pl-PL","@id":"https:\/\/vetus.com\/pl\/kampanie-vetus\/zestaw-modernizacyjny-vetus-m-line-do-przekladni-typu-saildrive-volvo-penta\/#primaryimage","url":"https:\/\/vetus.com\/wp-content\/uploads\/shutterstock_139389128-3-scaled.png","contentUrl":"https:\/\/vetus.com\/wp-content\/uploads\/shutterstock_139389128-3-scaled.png","width":2560,"height":1103},{"@type":"BreadcrumbList","@id":"https:\/\/vetus.com\/pl\/kampanie-vetus\/zestaw-modernizacyjny-vetus-m-line-do-przekladni-typu-saildrive-volvo-penta\/#breadcrumb","itemListElement":[{"@type":"ListItem","position":1,"name":"Home","item":"https:\/\/vetus.com\/pl\/"},{"@type":"ListItem","position":2,"name":"Kampanie VETUS","item":"https:\/\/vetus.com\/pl\/kampanie-vetus\/"},{"@type":"ListItem","position":3,"name":"Zestaw modernizacyjny VETUS M-Line do przek\u0142adni typu saildrive Volvo Penta"}]},{"@type":"WebSite","@id":"https:\/\/vetus.com\/pl\/#website","url":"https:\/\/vetus.com\/pl\/","name":"VETUS","description":"","potentialAction":[{"@type":"SearchAction","target":{"@type":"EntryPoint","urlTemplate":"https:\/\/vetus.com\/pl\/?s={search_term_string}"},"query-input":{"@type":"PropertyValueSpecification","valueRequired":true,"valueName":"search_term_string"}}],"inLanguage":"pl-PL"}]}},"_links":{"self":[{"href":"https:\/\/vetus.com\/pl\/wp-json\/wp\/v2\/pages\/106795","targetHints":{"allow":["GET"]}}],"collection":[{"href":"https:\/\/vetus.com\/pl\/wp-json\/wp\/v2\/pages"}],"about":[{"href":"https:\/\/vetus.com\/pl\/wp-json\/wp\/v2\/types\/page"}],"author":[{"embeddable":true,"href":"https:\/\/vetus.com\/pl\/wp-json\/wp\/v2\/users\/25"}],"replies":[{"embeddable":true,"href":"https:\/\/vetus.com\/pl\/wp-json\/wp\/v2\/comments?post=106795"}],"version-history":[{"count":2,"href":"https:\/\/vetus.com\/pl\/wp-json\/wp\/v2\/pages\/106795\/revisions"}],"predecessor-version":[{"id":106797,"href":"https:\/\/vetus.com\/pl\/wp-json\/wp\/v2\/pages\/106795\/revisions\/106797"}],"up":[{"embeddable":true,"href":"https:\/\/vetus.com\/pl\/wp-json\/wp\/v2\/pages\/32273"}],"wp:featuredmedia":[{"embeddable":true,"href":"https:\/\/vetus.com\/pl\/wp-json\/wp\/v2\/media\/106131"}],"wp:attachment":[{"href":"https:\/\/vetus.com\/pl\/wp-json\/wp\/v2\/media?parent=106795"}],"curies":[{"name":"wp","href":"https:\/\/api.w.org\/{rel}","templated":true}]}}