{"id":102655,"date":"2025-03-10T18:38:48","date_gmt":"2025-03-10T16:38:48","guid":{"rendered":"https:\/\/vetus.com\/vetus-a-yanmar-group-company\/"},"modified":"2025-04-10T12:22:07","modified_gmt":"2025-04-10T10:22:07","slug":"spolki-grupy-yanmar","status":"publish","type":"page","link":"https:\/\/vetus.com\/pl\/spolki-grupy-yanmar\/","title":{"rendered":"VETUS; a YANMAR Group Company"},"content":{"rendered":"\n<section class=\"section  \">\n    \n\n<section id=\"section-text-block-block_3ab3e3b94a40581e4036f2205d6fa8b7\" class=\"section text-block \">\n                    <div class=\"section section__body\">\n            <div class=\"text-block\">\n                <div class=\"container\">\n                    <div class=\"row\">\n                        <div class=\"col-12\">\n                                                            <div class=\"section__content single__content hentry\">\n                                    <h3 class=\"b-company__title\"><strong>Sp\u00f3\u0142ki Grupy YANMAR<\/strong><\/h3>\n<p>Sp\u00f3\u0142ki Grupy YANMAR \u0142\u0105cz\u0105 kompatybilne marki dla dobra klient\u00f3w i wsp\u00f3lnie zaopatruj\u0105 klient\u00f3w na ca\u0142ym \u015bwiecie.<\/p>\n<p>Jednostka biznesowa Marine Recreational Business Unit dostarcza kompleksowe rozwi\u0105zania jako wiod\u0105cy producent silnik\u00f3w i sprz\u0119tu za po\u015brednictwem globalnej sieci zaufanych marek, w tym YANMAR Marine, VETUS, Maxwell, Flexofold i Smartgyro.<\/p>\n<p>Wykorzystuj\u0105c szereg synergii biznesowych i \u0142\u0105cz\u0105c ugruntowane globalne zasi\u0119gi i sieci ka\u017cdej firmy, stworzono zaufany punkt kompleksowej integracji system\u00f3w. Ta wyj\u0105tkowa synergia pozwala nam osi\u0105ga\u0107 sukcesy w nadchodz\u0105cych latach, zapewniaj\u0105c innowacyjne i zaawansowane rozwi\u0105zania w\u0142a\u015bcicielom \u0142odzi na ca\u0142ym \u015bwiecie.<\/p>\n<p>&nbsp;<\/p>\n                                <\/div>\n                            \n                                                    <\/div>\n                    <\/div>\n                <\/div>\n            <\/div>\n        <\/div>\n    <\/section>\n<section id=\"section-companies-group-block_3ab3e3b94a40581e4036f2205d6fa8b7\" class=\"section cards cards--brand \">\n    <div class=\"section__header cards__header\">\n        <div class=\"container\">\n            <div class=\"row\">\n                <div class=\"col-12\">\n                                        \n                <\/div>\n            <\/div>\n        <\/div>\n    <\/div>\n\n    <div class=\"section__body cards__body\">\n        <div class=\"container-fluid\">\n            <div class=\"row row--col-margin-large d-flex justify-content-center\">\n                                    <div class=\"col-12 col-md-6 col-xl-2\">\n                        \n<div class=\"card card--group px-3 py-5 d-flex flex-column\">\n    <div class=\" d-flex justify-content-center custom-aspect-logo2 mx-auto\">\n                    <img decoding=\"async\" width=\"400\" height=\"200\" src=\"https:\/\/vetus.com\/wp-content\/uploads\/Yanmar.png\" class=\"attachment- size-\" alt=\"\" srcset=\"https:\/\/vetus.com\/wp-content\/uploads\/Yanmar.png 400w, https:\/\/vetus.com\/wp-content\/uploads\/Yanmar-300x150.png 300w, https:\/\/vetus.com\/wp-content\/uploads\/Yanmar-210x105.png 210w, https:\/\/vetus.com\/wp-content\/uploads\/Yanmar-330x165.png 330w\" sizes=\"(max-width: 1899.98px) 330px, 330px\" \/>                <span class=\"sr-only\">\n            VETUS; a YANMAR Group Company        <\/span>\n    <\/div>\n\n            <div class=\"w-100\">\n            <img decoding=\"async\" width=\"770\" height=\"770\" src=\"https:\/\/vetus.com\/wp-content\/uploads\/YMI_3.png\" class=\"img-fluid d-block mx-auto custom-aspect my-2\" alt=\"\" srcset=\"https:\/\/vetus.com\/wp-content\/uploads\/YMI_3.png 770w, https:\/\/vetus.com\/wp-content\/uploads\/YMI_3-300x300.png 300w, https:\/\/vetus.com\/wp-content\/uploads\/YMI_3-150x150.png 150w, https:\/\/vetus.com\/wp-content\/uploads\/YMI_3-768x768.png 768w, https:\/\/vetus.com\/wp-content\/uploads\/YMI_3-210x210.png 210w, https:\/\/vetus.com\/wp-content\/uploads\/YMI_3-330x330.png 330w, https:\/\/vetus.com\/wp-content\/uploads\/YMI_3-431x431.png 431w, https:\/\/vetus.com\/wp-content\/uploads\/YMI_3-507x507.png 507w, https:\/\/vetus.com\/wp-content\/uploads\/YMI_3-530x530.png 530w, https:\/\/vetus.com\/wp-content\/uploads\/YMI_3-690x690.png 690w\" sizes=\"auto, (max-width: 1899.98px) 330px, 330px\" loading=\"lazy\" \/>        <\/div>\n        \n    <div class=\"card__bodyGroup\">\n                    <div class=\"card__text text-dark mb-4\">\n                <p>\n                    Sprawdzona technologia morska dla zr\u00f3wnowa\u017conej przysz\u0142o\u015bci                <\/p>\n            <\/div>\n                            <div class=\"card__actionGroup\">\n                <a class=\"btn btn-sm btn-outline-primary-group w-100 justify-content-center\" href=\"https:\/\/www.yanmar.com\/marine\/\" title=\"\">\n                    <span>\n                        Dowiedz si\u0119 wi\u0119cej                     <\/span>\n                    <i class=\"icon icon-keyboard_arrow_right\"><\/i>\n                <\/a>\n            <\/div>\n            <\/div>\n<\/div>                    <\/div>\n                                    <div class=\"col-12 col-md-6 col-xl-2\">\n                        \n<div class=\"card card--group px-3 py-5 d-flex flex-column\">\n    <div class=\" d-flex justify-content-center custom-aspect-logo2 mx-auto\">\n                    <img decoding=\"async\" width=\"400\" height=\"200\" src=\"https:\/\/vetus.com\/wp-content\/uploads\/VETUS-website.png\" class=\"attachment- size-\" alt=\"\" srcset=\"https:\/\/vetus.com\/wp-content\/uploads\/VETUS-website.png 400w, https:\/\/vetus.com\/wp-content\/uploads\/VETUS-website-300x150.png 300w, https:\/\/vetus.com\/wp-content\/uploads\/VETUS-website-210x105.png 210w, https:\/\/vetus.com\/wp-content\/uploads\/VETUS-website-330x165.png 330w\" sizes=\"(max-width: 1899.98px) 330px, 330px\" \/>                <span class=\"sr-only\">\n            VETUS; a YANMAR Group Company        <\/span>\n    <\/div>\n\n            <div class=\"w-100\">\n            <img decoding=\"async\" width=\"770\" height=\"770\" src=\"https:\/\/vetus.com\/wp-content\/uploads\/Vetus-2_2.png\" class=\"img-fluid d-block mx-auto custom-aspect my-2\" alt=\"\" srcset=\"https:\/\/vetus.com\/wp-content\/uploads\/Vetus-2_2.png 770w, https:\/\/vetus.com\/wp-content\/uploads\/Vetus-2_2-300x300.png 300w, https:\/\/vetus.com\/wp-content\/uploads\/Vetus-2_2-150x150.png 150w, https:\/\/vetus.com\/wp-content\/uploads\/Vetus-2_2-768x768.png 768w, https:\/\/vetus.com\/wp-content\/uploads\/Vetus-2_2-210x210.png 210w, https:\/\/vetus.com\/wp-content\/uploads\/Vetus-2_2-330x330.png 330w, https:\/\/vetus.com\/wp-content\/uploads\/Vetus-2_2-431x431.png 431w, https:\/\/vetus.com\/wp-content\/uploads\/Vetus-2_2-507x507.png 507w, https:\/\/vetus.com\/wp-content\/uploads\/Vetus-2_2-530x530.png 530w, https:\/\/vetus.com\/wp-content\/uploads\/Vetus-2_2-690x690.png 690w\" sizes=\"auto, (max-width: 1899.98px) 330px, 330px\" loading=\"lazy\" \/>        <\/div>\n        \n    <div class=\"card__bodyGroup\">\n                    <div class=\"card__text text-dark mb-4\">\n                <p>\n                    Rozwi\u0105zania nap\u0119dowe i wyposa\u017cenie dla kompletnych system\u00f3w \u0142odziowych                <\/p>\n            <\/div>\n                            <div class=\"card__actionGroup\">\n                <a class=\"btn btn-sm btn-outline-primary-group w-100 justify-content-center\" href=\"https:\/\/vetus.com\/pl\/\" title=\"\">\n                    <span>\n                        Dowiedz si\u0119 wi\u0119cej                    <\/span>\n                    <i class=\"icon icon-keyboard_arrow_right\"><\/i>\n                <\/a>\n            <\/div>\n            <\/div>\n<\/div>                    <\/div>\n                                    <div class=\"col-12 col-md-6 col-xl-2\">\n                        \n<div class=\"card card--group px-3 py-5 d-flex flex-column\">\n    <div class=\" d-flex justify-content-center custom-aspect-logo2 mx-auto\">\n                    <img decoding=\"async\" width=\"400\" height=\"200\" src=\"https:\/\/vetus.com\/wp-content\/uploads\/Maxwell-website.png\" class=\"attachment- size-\" alt=\"\" srcset=\"https:\/\/vetus.com\/wp-content\/uploads\/Maxwell-website.png 400w, https:\/\/vetus.com\/wp-content\/uploads\/Maxwell-website-300x150.png 300w, https:\/\/vetus.com\/wp-content\/uploads\/Maxwell-website-210x105.png 210w, https:\/\/vetus.com\/wp-content\/uploads\/Maxwell-website-330x165.png 330w\" sizes=\"(max-width: 1899.98px) 330px, 330px\" \/>                <span class=\"sr-only\">\n            VETUS; a YANMAR Group Company        <\/span>\n    <\/div>\n\n            <div class=\"w-100\">\n            <img decoding=\"async\" width=\"880\" height=\"880\" src=\"https:\/\/vetus.com\/wp-content\/uploads\/Maxwell_5.png\" class=\"img-fluid d-block mx-auto custom-aspect my-2\" alt=\"\" srcset=\"https:\/\/vetus.com\/wp-content\/uploads\/Maxwell_5.png 880w, https:\/\/vetus.com\/wp-content\/uploads\/Maxwell_5-300x300.png 300w, https:\/\/vetus.com\/wp-content\/uploads\/Maxwell_5-150x150.png 150w, https:\/\/vetus.com\/wp-content\/uploads\/Maxwell_5-768x768.png 768w, https:\/\/vetus.com\/wp-content\/uploads\/Maxwell_5-210x210.png 210w, https:\/\/vetus.com\/wp-content\/uploads\/Maxwell_5-330x330.png 330w, https:\/\/vetus.com\/wp-content\/uploads\/Maxwell_5-431x431.png 431w, https:\/\/vetus.com\/wp-content\/uploads\/Maxwell_5-507x507.png 507w, https:\/\/vetus.com\/wp-content\/uploads\/Maxwell_5-530x530.png 530w, https:\/\/vetus.com\/wp-content\/uploads\/Maxwell_5-690x690.png 690w\" sizes=\"auto, (max-width: 1899.98px) 330px, 330px\" loading=\"lazy\" \/>        <\/div>\n        \n    <div class=\"card__bodyGroup\">\n                    <div class=\"card__text text-dark mb-4\">\n                <p>\n                    \u015awiatowy standard w rozwi\u0105zaniach kotwicznych                <\/p>\n            <\/div>\n                            <div class=\"card__actionGroup\">\n                <a class=\"btn btn-sm btn-outline-primary-group w-100 justify-content-center\" href=\"https:\/\/maxwellmarine.com\/\" title=\"\">\n                    <span>\n                        Dowiedz si\u0119 wi\u0119cej                    <\/span>\n                    <i class=\"icon icon-keyboard_arrow_right\"><\/i>\n                <\/a>\n            <\/div>\n            <\/div>\n<\/div>                    <\/div>\n                                    <div class=\"col-12 col-md-6 col-xl-2\">\n                        \n<div class=\"card card--group px-3 py-5 d-flex flex-column\">\n    <div class=\" d-flex justify-content-center custom-aspect-logo2 mx-auto\">\n                    <img decoding=\"async\" width=\"400\" height=\"200\" src=\"https:\/\/vetus.com\/wp-content\/uploads\/FlexoFold.png\" class=\"attachment- size-\" alt=\"\" srcset=\"https:\/\/vetus.com\/wp-content\/uploads\/FlexoFold.png 400w, https:\/\/vetus.com\/wp-content\/uploads\/FlexoFold-300x150.png 300w, https:\/\/vetus.com\/wp-content\/uploads\/FlexoFold-210x105.png 210w, https:\/\/vetus.com\/wp-content\/uploads\/FlexoFold-330x165.png 330w\" sizes=\"(max-width: 1899.98px) 330px, 330px\" \/>                <span class=\"sr-only\">\n            VETUS; a YANMAR Group Company        <\/span>\n    <\/div>\n\n            <div class=\"w-100\">\n            <img decoding=\"async\" width=\"770\" height=\"770\" src=\"https:\/\/vetus.com\/wp-content\/uploads\/Flexofold_2.png\" class=\"img-fluid d-block mx-auto custom-aspect my-2\" alt=\"\" srcset=\"https:\/\/vetus.com\/wp-content\/uploads\/Flexofold_2.png 770w, https:\/\/vetus.com\/wp-content\/uploads\/Flexofold_2-300x300.png 300w, https:\/\/vetus.com\/wp-content\/uploads\/Flexofold_2-150x150.png 150w, https:\/\/vetus.com\/wp-content\/uploads\/Flexofold_2-768x768.png 768w, https:\/\/vetus.com\/wp-content\/uploads\/Flexofold_2-210x210.png 210w, https:\/\/vetus.com\/wp-content\/uploads\/Flexofold_2-330x330.png 330w, https:\/\/vetus.com\/wp-content\/uploads\/Flexofold_2-431x431.png 431w, https:\/\/vetus.com\/wp-content\/uploads\/Flexofold_2-507x507.png 507w, https:\/\/vetus.com\/wp-content\/uploads\/Flexofold_2-530x530.png 530w, https:\/\/vetus.com\/wp-content\/uploads\/Flexofold_2-690x690.png 690w\" sizes=\"auto, (max-width: 1899.98px) 330px, 330px\" loading=\"lazy\" \/>        <\/div>\n        \n    <div class=\"card__bodyGroup\">\n                    <div class=\"card__text text-dark mb-4\">\n                <p>\n                    Najwy\u017cszej jako\u015bci sk\u0142adane \u015bruby nap\u0119dowe o niskim oporze do \u017cagl\u00f3wek i jacht\u00f3w wielokad\u0142ubowych                <\/p>\n            <\/div>\n                            <div class=\"card__actionGroup\">\n                <a class=\"btn btn-sm btn-outline-primary-group w-100 justify-content-center\" href=\"https:\/\/www.flexofold.com\/\" title=\"\">\n                    <span>\n                        Dowiedz si\u0119 wi\u0119cej                    <\/span>\n                    <i class=\"icon icon-keyboard_arrow_right\"><\/i>\n                <\/a>\n            <\/div>\n            <\/div>\n<\/div>                    <\/div>\n                                    <div class=\"col-12 col-md-6 col-xl-2\">\n                        \n<div class=\"card card--group px-3 py-5 d-flex flex-column\">\n    <div class=\" d-flex justify-content-center custom-aspect-logo2 mx-auto\">\n                    <img decoding=\"async\" width=\"400\" height=\"200\" src=\"https:\/\/vetus.com\/wp-content\/uploads\/Smartgyro.png\" class=\"attachment- size-\" alt=\"\" srcset=\"https:\/\/vetus.com\/wp-content\/uploads\/Smartgyro.png 400w, https:\/\/vetus.com\/wp-content\/uploads\/Smartgyro-300x150.png 300w, https:\/\/vetus.com\/wp-content\/uploads\/Smartgyro-210x105.png 210w, https:\/\/vetus.com\/wp-content\/uploads\/Smartgyro-330x165.png 330w\" sizes=\"(max-width: 1899.98px) 330px, 330px\" \/>                <span class=\"sr-only\">\n            VETUS; a YANMAR Group Company        <\/span>\n    <\/div>\n\n            <div class=\"w-100\">\n            <img decoding=\"async\" width=\"770\" height=\"770\" src=\"https:\/\/vetus.com\/wp-content\/uploads\/Smartgyro_2.png\" class=\"img-fluid d-block mx-auto custom-aspect my-2\" alt=\"\" srcset=\"https:\/\/vetus.com\/wp-content\/uploads\/Smartgyro_2.png 770w, https:\/\/vetus.com\/wp-content\/uploads\/Smartgyro_2-300x300.png 300w, https:\/\/vetus.com\/wp-content\/uploads\/Smartgyro_2-150x150.png 150w, https:\/\/vetus.com\/wp-content\/uploads\/Smartgyro_2-768x768.png 768w, https:\/\/vetus.com\/wp-content\/uploads\/Smartgyro_2-210x210.png 210w, https:\/\/vetus.com\/wp-content\/uploads\/Smartgyro_2-330x330.png 330w, https:\/\/vetus.com\/wp-content\/uploads\/Smartgyro_2-431x431.png 431w, https:\/\/vetus.com\/wp-content\/uploads\/Smartgyro_2-507x507.png 507w, https:\/\/vetus.com\/wp-content\/uploads\/Smartgyro_2-530x530.png 530w, https:\/\/vetus.com\/wp-content\/uploads\/Smartgyro_2-690x690.png 690w\" sizes=\"auto, (max-width: 1899.98px) 330px, 330px\" loading=\"lazy\" \/>        <\/div>\n        \n    <div class=\"card__bodyGroup\">\n                    <div class=\"card__text text-dark mb-4\">\n                <p>\n                    Przysz\u0142o\u015b\u0107 stabilizacji morskiej w celu wyeliminowania ko\u0142ysania si\u0119 \u0142odzi                <\/p>\n            <\/div>\n                            <div class=\"card__actionGroup\">\n                <a class=\"btn btn-sm btn-outline-primary-group w-100 justify-content-center\" href=\"https:\/\/smartgyro.com\/\" title=\"\">\n                    <span>\n                        Dowiedz si\u0119 wi\u0119cej                    <\/span>\n                    <i class=\"icon icon-keyboard_arrow_right\"><\/i>\n                <\/a>\n            <\/div>\n            <\/div>\n<\/div>                    <\/div>\n                            <\/div>\n        <\/div>\n    <\/div>\n<\/section><\/section>","protected":false},"excerpt":{"rendered":"","protected":false},"author":25,"featured_media":0,"parent":0,"menu_order":0,"comment_status":"closed","ping_status":"closed","template":"tpl-video.php","meta":{"_acf_changed":false,"footnotes":""},"class_list":["post-102655","page","type-page","status-publish","hentry"],"acf":{"background_image":false,"intro":"Kszta\u0142towanie przysz\u0142ych i wyj\u0105tkowych do\u015bwiadcze\u0144 morskich dzi\u0119ki innowacyjnym technologiom","introduction":"","person":false,"title":"<\/BR>Marki YANMAR<\/BR><\/BR><H3>Zr\u00f3wnowa\u017cona przysz\u0142o\u015b\u0107<\/H3>","video_type":"File","video":"https:\/\/vetus.com\/wp-content\/uploads\/2256998-uhd_3840_2160_24fps-1.mp4","button":"","button_secondary":"","subtitle":""},"yoast_head":"<!-- This site is optimized with the Yoast SEO Premium plugin v27.4 (Yoast SEO v27.4) - https:\/\/yoast.com\/product\/yoast-seo-premium-wordpress\/ -->\n<title>Sp\u00f3\u0142ki Grupy YANMAR<\/title>\n<meta name=\"robots\" content=\"index, follow, max-snippet:-1, max-image-preview:large, max-video-preview:-1\" \/>\n<link rel=\"canonical\" href=\"https:\/\/vetus.com\/pl\/spolki-grupy-yanmar\/\" \/>\n<meta property=\"og:locale\" content=\"pl_PL\" \/>\n<meta property=\"og:type\" content=\"article\" \/>\n<meta property=\"og:title\" content=\"VETUS; a YANMAR Group Company\" \/>\n<meta property=\"og:url\" content=\"https:\/\/vetus.com\/pl\/spolki-grupy-yanmar\/\" \/>\n<meta property=\"og:site_name\" content=\"VETUS\" \/>\n<meta property=\"article:modified_time\" content=\"2025-04-10T10:22:07+00:00\" \/>\n<meta name=\"twitter:card\" content=\"summary_large_image\" \/>\n<meta name=\"twitter:label1\" content=\"Szacowany czas czytania\" \/>\n\t<meta name=\"twitter:data1\" content=\"3 minuty\" \/>\n<script type=\"application\/ld+json\" class=\"yoast-schema-graph\">{\"@context\":\"https:\\\/\\\/schema.org\",\"@graph\":[{\"@type\":\"WebPage\",\"@id\":\"https:\\\/\\\/vetus.com\\\/pl\\\/spolki-grupy-yanmar\\\/\",\"url\":\"https:\\\/\\\/vetus.com\\\/pl\\\/spolki-grupy-yanmar\\\/\",\"name\":\"Sp\u00f3\u0142ki Grupy YANMAR\",\"isPartOf\":{\"@id\":\"https:\\\/\\\/vetus.com\\\/pl\\\/#website\"},\"datePublished\":\"2025-03-10T16:38:48+00:00\",\"dateModified\":\"2025-04-10T10:22:07+00:00\",\"breadcrumb\":{\"@id\":\"https:\\\/\\\/vetus.com\\\/pl\\\/spolki-grupy-yanmar\\\/#breadcrumb\"},\"inLanguage\":\"pl-PL\",\"potentialAction\":[{\"@type\":\"ReadAction\",\"target\":[\"https:\\\/\\\/vetus.com\\\/pl\\\/spolki-grupy-yanmar\\\/\"]}]},{\"@type\":\"BreadcrumbList\",\"@id\":\"https:\\\/\\\/vetus.com\\\/pl\\\/spolki-grupy-yanmar\\\/#breadcrumb\",\"itemListElement\":[{\"@type\":\"ListItem\",\"position\":1,\"name\":\"Home\",\"item\":\"https:\\\/\\\/vetus.com\\\/pl\\\/\"},{\"@type\":\"ListItem\",\"position\":2,\"name\":\"VETUS; a YANMAR Group Company\"}]},{\"@type\":\"WebSite\",\"@id\":\"https:\\\/\\\/vetus.com\\\/pl\\\/#website\",\"url\":\"https:\\\/\\\/vetus.com\\\/pl\\\/\",\"name\":\"VETUS\",\"description\":\"\",\"potentialAction\":[{\"@type\":\"SearchAction\",\"target\":{\"@type\":\"EntryPoint\",\"urlTemplate\":\"https:\\\/\\\/vetus.com\\\/pl\\\/?s={search_term_string}\"},\"query-input\":{\"@type\":\"PropertyValueSpecification\",\"valueRequired\":true,\"valueName\":\"search_term_string\"}}],\"inLanguage\":\"pl-PL\"}]}<\/script>\n<!-- \/ Yoast SEO Premium plugin. -->","yoast_head_json":{"title":"Sp\u00f3\u0142ki Grupy YANMAR","robots":{"index":"index","follow":"follow","max-snippet":"max-snippet:-1","max-image-preview":"max-image-preview:large","max-video-preview":"max-video-preview:-1"},"canonical":"https:\/\/vetus.com\/pl\/spolki-grupy-yanmar\/","og_locale":"pl_PL","og_type":"article","og_title":"VETUS; a YANMAR Group Company","og_url":"https:\/\/vetus.com\/pl\/spolki-grupy-yanmar\/","og_site_name":"VETUS","article_modified_time":"2025-04-10T10:22:07+00:00","twitter_card":"summary_large_image","twitter_misc":{"Szacowany czas czytania":"3 minuty"},"schema":{"@context":"https:\/\/schema.org","@graph":[{"@type":"WebPage","@id":"https:\/\/vetus.com\/pl\/spolki-grupy-yanmar\/","url":"https:\/\/vetus.com\/pl\/spolki-grupy-yanmar\/","name":"Sp\u00f3\u0142ki Grupy YANMAR","isPartOf":{"@id":"https:\/\/vetus.com\/pl\/#website"},"datePublished":"2025-03-10T16:38:48+00:00","dateModified":"2025-04-10T10:22:07+00:00","breadcrumb":{"@id":"https:\/\/vetus.com\/pl\/spolki-grupy-yanmar\/#breadcrumb"},"inLanguage":"pl-PL","potentialAction":[{"@type":"ReadAction","target":["https:\/\/vetus.com\/pl\/spolki-grupy-yanmar\/"]}]},{"@type":"BreadcrumbList","@id":"https:\/\/vetus.com\/pl\/spolki-grupy-yanmar\/#breadcrumb","itemListElement":[{"@type":"ListItem","position":1,"name":"Home","item":"https:\/\/vetus.com\/pl\/"},{"@type":"ListItem","position":2,"name":"VETUS; a YANMAR Group Company"}]},{"@type":"WebSite","@id":"https:\/\/vetus.com\/pl\/#website","url":"https:\/\/vetus.com\/pl\/","name":"VETUS","description":"","potentialAction":[{"@type":"SearchAction","target":{"@type":"EntryPoint","urlTemplate":"https:\/\/vetus.com\/pl\/?s={search_term_string}"},"query-input":{"@type":"PropertyValueSpecification","valueRequired":true,"valueName":"search_term_string"}}],"inLanguage":"pl-PL"}]}},"_links":{"self":[{"href":"https:\/\/vetus.com\/pl\/wp-json\/wp\/v2\/pages\/102655","targetHints":{"allow":["GET"]}}],"collection":[{"href":"https:\/\/vetus.com\/pl\/wp-json\/wp\/v2\/pages"}],"about":[{"href":"https:\/\/vetus.com\/pl\/wp-json\/wp\/v2\/types\/page"}],"author":[{"embeddable":true,"href":"https:\/\/vetus.com\/pl\/wp-json\/wp\/v2\/users\/25"}],"replies":[{"embeddable":true,"href":"https:\/\/vetus.com\/pl\/wp-json\/wp\/v2\/comments?post=102655"}],"version-history":[{"count":5,"href":"https:\/\/vetus.com\/pl\/wp-json\/wp\/v2\/pages\/102655\/revisions"}],"predecessor-version":[{"id":104768,"href":"https:\/\/vetus.com\/pl\/wp-json\/wp\/v2\/pages\/102655\/revisions\/104768"}],"wp:attachment":[{"href":"https:\/\/vetus.com\/pl\/wp-json\/wp\/v2\/media?parent=102655"}],"curies":[{"name":"wp","href":"https:\/\/api.w.org\/{rel}","templated":true}]}}