{"id":101574,"date":"2025-02-26T16:42:13","date_gmt":"2025-02-26T14:42:13","guid":{"rendered":"https:\/\/vetus.com\/bow-pro-thruster-integration-with-honda-outboards-ultraflex-controls\/"},"modified":"2026-02-26T16:00:40","modified_gmt":"2026-02-26T14:00:40","slug":"integracja-steru-strumieniowego-bow-pro-z-silnikami-zaburtowymi-honda-i-sterowaniem-ultraflex","status":"publish","type":"page","link":"https:\/\/vetus.com\/pl\/integracja-steru-strumieniowego-bow-pro-z-silnikami-zaburtowymi-honda-i-sterowaniem-ultraflex\/","title":{"rendered":"Integracja steru strumieniowego BOW PRO z silnikami zaburtowymi Honda i sterowaniem Ultraflex"},"content":{"rendered":"\n<section class=\"section  \">\n    \n\n<section id=\"section-text-block-block_1c13b6f3f5e8b9e07076c1736550b8c4\" class=\"section text-block \">\n                    <div class=\"section section__body\">\n            <div class=\"text-block\">\n                <div class=\"container\">\n                    <div class=\"row\">\n                        <div class=\"col-lg-8 offset-lg-2\">\n                                                            <div class=\"section__content single__content hentry\">\n                                    <p data-start=\"152\" data-end=\"436\">Rozszerzaj\u0105c program integracji, aby poprawi\u0107 komfort \u017ceglugi dla jeszcze wi\u0119kszej liczby u\u017cytkownik\u00f3w, VETUS nawi\u0105za\u0142 wsp\u00f3\u0142prac\u0119 z Honda Marine oraz Ultraflex, umo\u017cliwiaj\u0105c pe\u0142n\u0105 integracj\u0119 ster\u00f3w strumieniowych BOW PRO z silnikami zaburtowymi Honda i systemami sterowania Ultraflex.<\/p>\n<p data-start=\"438\" data-end=\"719\">Ta wsp\u00f3\u0142praca wprowadza zoptymalizowany system komunikacji, kt\u00f3ry p\u0142ynnie \u0142\u0105czy silnik, uk\u0142ad sterowania i ster strumieniowy dziobowy w jednym, \u0142atwym w obs\u0142udze joysticku, przekszta\u0142caj\u0105c manewry cumowania i poruszanie si\u0119 w ciasnych przestrzeniach w p\u0142ynny i bezwysi\u0142kowy proces.<\/p>\n                                <\/div>\n                            \n                                                    <\/div>\n                    <\/div>\n                <\/div>\n            <\/div>\n        <\/div>\n    <\/section>\n<section id=\"content-block-1-block_1c13b6f3f5e8b9e07076c1736550b8c4\" class=\"section content-block content-block--image \">\n    <div class=\"container\">\n        <div class=\"row d-flex align-items-center\">\n\n            <div class=\"col-md-6 col-lg-7\">\n                                    <div class=\"content-block__visuals\">\n                        <div class=\"content-block__media media--clipped media ratio\">\n                            <div class=\"media__wrapper\">\n                                <img decoding=\"async\" width=\"690\" height=\"457\" src=\"https:\/\/vetus.com\/wp-content\/uploads\/DSC_0752-690x457.jpg\" class=\"media__source img-fit\" alt=\"\" srcset=\"https:\/\/vetus.com\/wp-content\/uploads\/DSC_0752-690x457.jpg 690w, https:\/\/vetus.com\/wp-content\/uploads\/DSC_0752-300x199.jpg 300w, https:\/\/vetus.com\/wp-content\/uploads\/DSC_0752-768x509.jpg 768w, https:\/\/vetus.com\/wp-content\/uploads\/DSC_0752-210x139.jpg 210w, https:\/\/vetus.com\/wp-content\/uploads\/DSC_0752-330x219.jpg 330w, https:\/\/vetus.com\/wp-content\/uploads\/DSC_0752-431x285.jpg 431w, https:\/\/vetus.com\/wp-content\/uploads\/DSC_0752-507x336.jpg 507w, https:\/\/vetus.com\/wp-content\/uploads\/DSC_0752-530x351.jpg 530w, https:\/\/vetus.com\/wp-content\/uploads\/DSC_0752-930x616.jpg 930w, https:\/\/vetus.com\/wp-content\/uploads\/DSC_0752-1170x775.jpg 1170w\" sizes=\"auto, (max-width: 575.98px) 431px, (max-width: 767.98px) 530px, (max-width: 991.98px) 330px, (max-width: 1279.98px) 530px, (max-width: 1899.98px) 690px, 930px\" loading=\"lazy\" \/>                            <\/div>\n                        <\/div>\n                    <\/div>\n                            <\/div>\n\n            <div class=\"col-md-6 col-lg-4 offset-lg-1\">\n                <div class=\"content-block__body\">\n                                            <h3 class=\"content-block__title\">\n                            Przysz\u0142o\u015b\u0107 cumowania jest ju\u017c tutaj                        <\/h3>\n                    \n                    \n                                            <p data-start=\"767\" data-end=\"1044\">Teraz \u017ceglarze mog\u0105 manewrowa\u0107 z pe\u0142n\u0105 pewno\u015bci\u0105 i precyzj\u0105 w ka\u017cdej sytuacji portowej. Integracja silnik\u00f3w zaburtowych Honda, sterowania Ultraflex oraz ster\u00f3w strumieniowych VETUS BOW PRO zapewnia \u0142atwe prowadzenie \u0142odzi \u2014 nawet w najbardziej wymagaj\u0105cych warunkach cumowania.<\/p>\n<ul data-start=\"1046\" data-end=\"1634\">\n<li data-start=\"1046\" data-end=\"1174\">\n<p data-start=\"1048\" data-end=\"1174\"><strong data-start=\"1048\" data-end=\"1087\">Pe\u0142na kontrola na wyci\u0105gni\u0119cie r\u0119ki<\/strong> \u2013 Manewruj swoj\u0105 \u0142odzi\u0105 dok\u0142adnie tak, jak sobie wyobra\u017casz, z precyzj\u0105 i \u0142atwo\u015bci\u0105.<\/p>\n<\/li>\n<li data-start=\"1175\" data-end=\"1342\">\n<p data-start=\"1177\" data-end=\"1342\"><strong data-start=\"1177\" data-end=\"1205\">Bezproblemowa integracja<\/strong> \u2013 Idealna synchronizacja mi\u0119dzy silnikiem zaburtowym Honda a sterem strumieniowym VETUS zapewnia doskona\u0142\u0105 kontrol\u0119 podczas cumowania.<\/p>\n<\/li>\n<li data-start=\"1343\" data-end=\"1481\">\n<p data-start=\"1345\" data-end=\"1481\"><strong data-start=\"1345\" data-end=\"1363\">P\u0142ynne manewry<\/strong> \u2013 Przemieszczaj \u0142\u00f3d\u017a w bok, po przek\u0105tnej, do przodu, do ty\u0142u lub obracaj j\u0105 w miejscu za pomoc\u0105 jednego joysticka.<\/p>\n<\/li>\n<li data-start=\"1482\" data-end=\"1634\">\n<p data-start=\"1484\" data-end=\"1634\"><strong data-start=\"1484\" data-end=\"1525\">Zoptymalizowana efektywno\u015b\u0107 cumowania<\/strong> \u2013 Ogranicza ruch wody powodowany przez silniki zaburtowe, co u\u0142atwia manewrowanie w ciasnych przestrzeniach.<\/p>\n<\/li>\n<\/ul>\n                    \t\t\t\t\t\n                                    <\/div>\n            <\/div>\n        <\/div>\n    <\/div>\n<\/section>\n<section id=\"content-block-1-block_1c13b6f3f5e8b9e07076c1736550b8c4\" class=\"section content-block content-block--image \">\n    <div class=\"container\">\n        <div class=\"row d-flex align-items-center flex-md-row-reverse\">\n\n            <div class=\"col-md-6 col-lg-7 offset-lg-1\">\n                                    <div class=\"content-block__visuals\">\n                        <div class=\"content-block__media media--clipped media ratio\">\n                            <div class=\"media__wrapper\">\n                                <img decoding=\"async\" width=\"690\" height=\"457\" src=\"https:\/\/vetus.com\/wp-content\/uploads\/DSC_0765-690x457.jpg\" class=\"media__source img-fit\" alt=\"\" srcset=\"https:\/\/vetus.com\/wp-content\/uploads\/DSC_0765-690x457.jpg 690w, https:\/\/vetus.com\/wp-content\/uploads\/DSC_0765-300x199.jpg 300w, https:\/\/vetus.com\/wp-content\/uploads\/DSC_0765-768x509.jpg 768w, https:\/\/vetus.com\/wp-content\/uploads\/DSC_0765-210x139.jpg 210w, https:\/\/vetus.com\/wp-content\/uploads\/DSC_0765-330x219.jpg 330w, https:\/\/vetus.com\/wp-content\/uploads\/DSC_0765-431x285.jpg 431w, https:\/\/vetus.com\/wp-content\/uploads\/DSC_0765-507x336.jpg 507w, https:\/\/vetus.com\/wp-content\/uploads\/DSC_0765-530x351.jpg 530w, https:\/\/vetus.com\/wp-content\/uploads\/DSC_0765-930x616.jpg 930w, https:\/\/vetus.com\/wp-content\/uploads\/DSC_0765-1170x775.jpg 1170w\" sizes=\"auto, (max-width: 575.98px) 431px, (max-width: 767.98px) 530px, (max-width: 991.98px) 330px, (max-width: 1279.98px) 530px, (max-width: 1899.98px) 690px, 930px\" loading=\"lazy\" \/>                            <\/div>\n                        <\/div>\n                    <\/div>\n                            <\/div>\n\n            <div class=\"col-md-6 col-lg-4\">\n                <div class=\"content-block__body\">\n                                            <h3 class=\"content-block__title\">\n                            Wysokowydajna wsp\u00f3\u0142praca oparta na technologii                        <\/h3>\n                    \n                    \n                                            <p data-start=\"1693\" data-end=\"2037\">To strategiczne partnerstwo pomi\u0119dzy VETUS, Honda i Ultraflex stanowi znacz\u0105cy krok naprz\u00f3d w technologii \u017ceglarskiej. \u0141\u0105cz\u0105c moc i niezawodno\u015b\u0107 Honda Marine, zaawansowane systemy sterowania Ultraflex oraz nowoczesn\u0105 wydajno\u015b\u0107 ster\u00f3w strumieniowych VETUS BOW PRO, u\u017cytkownicy mog\u0105 do\u015bwiadczy\u0107 zupe\u0142nie nowego poziomu pewno\u015bci podczas cumowania.<\/p>\n<ul data-start=\"2039\" data-end=\"2403\">\n<li data-start=\"2039\" data-end=\"2162\">\n<p data-start=\"2041\" data-end=\"2162\">Wszystkie stery strumieniowe BOW PRO (BOWA i BOWB) oraz RIMDRIVE s\u0105 w pe\u0142ni kompatybilne z silnikami zaburtowymi Honda.<\/p>\n<\/li>\n<li data-start=\"2163\" data-end=\"2283\">\n<p data-start=\"2165\" data-end=\"2283\">Zaprojektowane do instalacji z jednym do czterech silnik\u00f3w, zapewniaj\u0105c elastyczno\u015b\u0107 dla r\u00f3\u017cnych konfiguracji \u0142odzi.<\/p>\n<\/li>\n<li data-start=\"2284\" data-end=\"2403\">\n<p data-start=\"2286\" data-end=\"2403\">Stworzone z my\u015bl\u0105 o niezawodno\u015bci, bezpiecze\u0144stwie i \u0142atwo\u015bci obs\u0142ugi, czyni\u0105c cumowanie bezstresowym do\u015bwiadczeniem.<\/p>\n<\/li>\n<\/ul>\n                    \t\t\t\t\t\n                                    <\/div>\n            <\/div>\n        <\/div>\n    <\/div>\n<\/section>\n\n<section id=\"section-text-block-block_1c13b6f3f5e8b9e07076c1736550b8c4\" class=\"section text-block \">\n                    <div class=\"section section__body\">\n            <div class=\"text-block\">\n                <div class=\"container\">\n                    <div class=\"row\">\n                        <div class=\"col-lg-8 offset-lg-2\">\n                                                            <div class=\"section__content single__content hentry\">\n                                    <div class=\"flex flex-col text-sm pb-25\">\n<article class=\"text-token-text-primary w-full focus:outline-none [--shadow-height:45px] has-data-writing-block:pointer-events-none has-data-writing-block:-mt-(--shadow-height) has-data-writing-block:pt-(--shadow-height) [&amp;:has([data-writing-block])&gt;*]:pointer-events-auto scroll-mt-[calc(var(--header-height)+min(200px,max(70px,20svh)))]\" dir=\"auto\" tabindex=\"-1\" data-turn-id=\"request-WEB:5ff059b7-d1d8-4d65-bda1-e23257724971-12\" data-testid=\"conversation-turn-26\" data-scroll-anchor=\"true\" data-turn=\"assistant\">\n<div class=\"text-base my-auto mx-auto pb-10 [--thread-content-margin:--spacing(4)] @w-sm\/main:[--thread-content-margin:--spacing(6)] @w-lg\/main:[--thread-content-margin:--spacing(16)] px-(--thread-content-margin)\">\n<div class=\"[--thread-content-max-width:40rem] @w-lg\/main:[--thread-content-max-width:48rem] mx-auto max-w-(--thread-content-max-width) flex-1 group\/turn-messages focus-visible:outline-hidden relative flex w-full min-w-0 flex-col agent-turn\" tabindex=\"-1\">\n<div class=\"flex max-w-full flex-col grow\">\n<div class=\"min-h-8 text-message relative flex w-full flex-col items-end gap-2 text-start break-words whitespace-normal [.text-message+&amp;]:mt-1\" dir=\"auto\" data-message-author-role=\"assistant\" data-message-id=\"b23cae6e-e52f-4836-a769-66a958a0ef6f\" data-message-model-slug=\"gpt-5-2\">\n<div class=\"flex w-full flex-col gap-1 empty:hidden first:pt-[1px]\">\n<div class=\"markdown prose dark:prose-invert w-full wrap-break-word light markdown-new-styling\">\n<h3 data-start=\"2410\" data-end=\"2461\">Ulepsz swoje do\u015bwiadczenie \u017ceglarskie ju\u017c dzi\u015b!<\/h3>\n<p data-start=\"2463\" data-end=\"2625\" data-is-last-node=\"\" data-is-only-node=\"\">Cumowanie nigdy nie by\u0142o tak proste. Dzi\u0119ki VETUS, Honda Marine i Ultraflex mo\u017cesz cieszy\u0107 si\u0119 idealnym po\u0142\u0105czeniem technologii, wydajno\u015bci i \u0142atwo\u015bci sterowania.<\/p>\n<\/div>\n<\/div>\n<\/div>\n<\/div>\n<div class=\"z-0 flex min-h-[46px] justify-start\"><\/div>\n<\/div>\n<\/div>\n<\/article>\n<\/div>\n                                <\/div>\n                            \n                                                    <\/div>\n                    <\/div>\n                <\/div>\n            <\/div>\n        <\/div>\n    <\/section><\/section>","protected":false},"excerpt":{"rendered":"","protected":false},"author":20,"featured_media":0,"parent":0,"menu_order":0,"comment_status":"closed","ping_status":"closed","template":"tpl-default.php","meta":{"_acf_changed":false,"footnotes":""},"class_list":["post-101574","page","type-page","status-publish","hentry"],"acf":{"background_image":{"ID":100396,"id":100396,"title":"palmm","filename":"palmm.jpg","filesize":63573,"url":"https:\/\/vetus.com\/wp-content\/uploads\/palmm.jpg","link":"https:\/\/vetus.com\/pl\/pokazy-lodzi\/palm-beach-boat-show-2\/palmm-2\/","alt":"","author":"20","description":"","caption":"","name":"palmm-2","status":"inherit","uploaded_to":100408,"date":"2025-02-12 12:32:55","modified":"2025-02-12 12:32:55","menu_order":0,"mime_type":"image\/jpeg","type":"image","subtype":"jpeg","icon":"https:\/\/vetus.com\/wp-includes\/images\/media\/default.png","width":960,"height":640,"sizes":{"thumbnail":"https:\/\/vetus.com\/wp-content\/uploads\/palmm-150x150.jpg","thumbnail-width":150,"thumbnail-height":150,"medium":"https:\/\/vetus.com\/wp-content\/uploads\/palmm-300x200.jpg","medium-width":300,"medium-height":200,"medium_large":"https:\/\/vetus.com\/wp-content\/uploads\/palmm-768x512.jpg","medium_large-width":768,"medium_large-height":512,"large":"https:\/\/vetus.com\/wp-content\/uploads\/palmm.jpg","large-width":960,"large-height":640,"1536x1536":"https:\/\/vetus.com\/wp-content\/uploads\/palmm.jpg","1536x1536-width":960,"1536x1536-height":640,"2048x2048":"https:\/\/vetus.com\/wp-content\/uploads\/palmm.jpg","2048x2048-width":960,"2048x2048-height":640,"210w":"https:\/\/vetus.com\/wp-content\/uploads\/palmm-210x140.jpg","210w-width":210,"210w-height":140,"330w":"https:\/\/vetus.com\/wp-content\/uploads\/palmm-330x220.jpg","330w-width":330,"330w-height":220,"431w":"https:\/\/vetus.com\/wp-content\/uploads\/palmm-431x287.jpg","431w-width":431,"431w-height":287,"507w":"https:\/\/vetus.com\/wp-content\/uploads\/palmm-507x338.jpg","507w-width":507,"507w-height":338,"530w":"https:\/\/vetus.com\/wp-content\/uploads\/palmm-530x353.jpg","530w-width":530,"530w-height":353,"690w":"https:\/\/vetus.com\/wp-content\/uploads\/palmm-690x460.jpg","690w-width":690,"690w-height":460,"930w":"https:\/\/vetus.com\/wp-content\/uploads\/palmm-930x620.jpg","930w-width":930,"930w-height":620,"1170w":"https:\/\/vetus.com\/wp-content\/uploads\/palmm.jpg","1170w-width":960,"1170w-height":640,"gform-image-choice-sm":"https:\/\/vetus.com\/wp-content\/uploads\/palmm-300x300.jpg","gform-image-choice-sm-width":300,"gform-image-choice-sm-height":300,"gform-image-choice-md":"https:\/\/vetus.com\/wp-content\/uploads\/palmm-400x400.jpg","gform-image-choice-md-width":400,"gform-image-choice-md-height":400,"gform-image-choice-lg":"https:\/\/vetus.com\/wp-content\/uploads\/palmm-600x600.jpg","gform-image-choice-lg-width":600,"gform-image-choice-lg-height":600}},"button":{"title":"","url":"","target":"","0":""},"image":{"ID":101766,"id":101766,"title":"Idea 80 + BF350 Grand Prix White (16)","filename":"Idea-80-BF350-Grand-Prix-White-16-scaled.jpg","filesize":725252,"url":"https:\/\/vetus.com\/wp-content\/uploads\/Idea-80-BF350-Grand-Prix-White-16-scaled.jpg","link":"https:\/\/vetus.com\/pl\/integracja-steru-strumieniowego-bow-pro-z-silnikami-zaburtowymi-honda-i-sterowaniem-ultraflex\/idea-80-bf350-grand-prix-white-16-2\/","alt":"","author":"20","description":"","caption":"","name":"idea-80-bf350-grand-prix-white-16-2","status":"inherit","uploaded_to":101574,"date":"2025-03-06 10:20:59","modified":"2025-03-06 10:20:59","menu_order":0,"mime_type":"image\/jpeg","type":"image","subtype":"jpeg","icon":"https:\/\/vetus.com\/wp-includes\/images\/media\/default.png","width":2560,"height":1707,"sizes":{"thumbnail":"https:\/\/vetus.com\/wp-content\/uploads\/Idea-80-BF350-Grand-Prix-White-16-150x150.jpg","thumbnail-width":150,"thumbnail-height":150,"medium":"https:\/\/vetus.com\/wp-content\/uploads\/Idea-80-BF350-Grand-Prix-White-16-300x200.jpg","medium-width":300,"medium-height":200,"medium_large":"https:\/\/vetus.com\/wp-content\/uploads\/Idea-80-BF350-Grand-Prix-White-16-768x512.jpg","medium_large-width":768,"medium_large-height":512,"large":"https:\/\/vetus.com\/wp-content\/uploads\/Idea-80-BF350-Grand-Prix-White-16-scaled.jpg","large-width":1024,"large-height":683,"1536x1536":"https:\/\/vetus.com\/wp-content\/uploads\/Idea-80-BF350-Grand-Prix-White-16-scaled.jpg","1536x1536-width":1536,"1536x1536-height":1024,"2048x2048":"https:\/\/vetus.com\/wp-content\/uploads\/Idea-80-BF350-Grand-Prix-White-16-scaled.jpg","2048x2048-width":2048,"2048x2048-height":1366,"210w":"https:\/\/vetus.com\/wp-content\/uploads\/Idea-80-BF350-Grand-Prix-White-16-210x140.jpg","210w-width":210,"210w-height":140,"330w":"https:\/\/vetus.com\/wp-content\/uploads\/Idea-80-BF350-Grand-Prix-White-16-330x220.jpg","330w-width":330,"330w-height":220,"431w":"https:\/\/vetus.com\/wp-content\/uploads\/Idea-80-BF350-Grand-Prix-White-16-431x287.jpg","431w-width":431,"431w-height":287,"507w":"https:\/\/vetus.com\/wp-content\/uploads\/Idea-80-BF350-Grand-Prix-White-16-507x338.jpg","507w-width":507,"507w-height":338,"530w":"https:\/\/vetus.com\/wp-content\/uploads\/Idea-80-BF350-Grand-Prix-White-16-530x353.jpg","530w-width":530,"530w-height":353,"690w":"https:\/\/vetus.com\/wp-content\/uploads\/Idea-80-BF350-Grand-Prix-White-16-690x460.jpg","690w-width":690,"690w-height":460,"930w":"https:\/\/vetus.com\/wp-content\/uploads\/Idea-80-BF350-Grand-Prix-White-16-930x620.jpg","930w-width":930,"930w-height":620,"1170w":"https:\/\/vetus.com\/wp-content\/uploads\/Idea-80-BF350-Grand-Prix-White-16-1170x780.jpg","1170w-width":1170,"1170w-height":780,"gform-image-choice-sm":"https:\/\/vetus.com\/wp-content\/uploads\/Idea-80-BF350-Grand-Prix-White-16-scaled.jpg","gform-image-choice-sm-width":300,"gform-image-choice-sm-height":200,"gform-image-choice-md":"https:\/\/vetus.com\/wp-content\/uploads\/Idea-80-BF350-Grand-Prix-White-16-scaled.jpg","gform-image-choice-md-width":400,"gform-image-choice-md-height":267,"gform-image-choice-lg":"https:\/\/vetus.com\/wp-content\/uploads\/Idea-80-BF350-Grand-Prix-White-16-scaled.jpg","gform-image-choice-lg-width":600,"gform-image-choice-lg-height":400}},"introduction":"","person":false,"title":"Inteligentna integracja dla lepszej manewrowo\u015bci","video":false},"yoast_head":"<!-- This site is optimized with the Yoast SEO Premium plugin v27.4 (Yoast SEO v27.4) - https:\/\/yoast.com\/product\/yoast-seo-premium-wordpress\/ -->\n<title>Integracja steru strumieniowego BOW PRO z silnikami zaburtowymi Honda i sterowaniem Ultraflex - VETUS<\/title>\n<meta name=\"description\" content=\"Rozszerzaj\u0105c program integracji, aby poprawi\u0107 komfort \u017ceglugi dla jeszcze wi\u0119kszej liczby u\u017cytkownik\u00f3w, VETUS nawi\u0105za\u0142 wsp\u00f3\u0142prac\u0119 z...\" \/>\n<meta name=\"robots\" content=\"index, follow, max-snippet:-1, max-image-preview:large, max-video-preview:-1\" \/>\n<link rel=\"canonical\" href=\"https:\/\/vetus.com\/pl\/integracja-steru-strumieniowego-bow-pro-z-silnikami-zaburtowymi-honda-i-sterowaniem-ultraflex\/\" \/>\n<meta property=\"og:locale\" content=\"pl_PL\" \/>\n<meta property=\"og:type\" content=\"article\" \/>\n<meta property=\"og:title\" content=\"Integracja steru strumieniowego BOW PRO z silnikami zaburtowymi Honda i sterowaniem Ultraflex\" \/>\n<meta property=\"og:description\" content=\"Rozszerzaj\u0105c program integracji, aby poprawi\u0107 komfort \u017ceglugi dla jeszcze wi\u0119kszej liczby u\u017cytkownik\u00f3w, VETUS nawi\u0105za\u0142 wsp\u00f3\u0142prac\u0119 z...\" \/>\n<meta property=\"og:url\" content=\"https:\/\/vetus.com\/pl\/integracja-steru-strumieniowego-bow-pro-z-silnikami-zaburtowymi-honda-i-sterowaniem-ultraflex\/\" \/>\n<meta property=\"og:site_name\" content=\"VETUS\" \/>\n<meta property=\"article:modified_time\" content=\"2026-02-26T14:00:40+00:00\" \/>\n<meta name=\"twitter:card\" content=\"summary_large_image\" \/>\n<meta name=\"twitter:label1\" content=\"Szacowany czas czytania\" \/>\n\t<meta name=\"twitter:data1\" content=\"3 minuty\" \/>\n<script type=\"application\/ld+json\" class=\"yoast-schema-graph\">{\"@context\":\"https:\\\/\\\/schema.org\",\"@graph\":[{\"@type\":\"WebPage\",\"@id\":\"https:\\\/\\\/vetus.com\\\/pl\\\/integracja-steru-strumieniowego-bow-pro-z-silnikami-zaburtowymi-honda-i-sterowaniem-ultraflex\\\/\",\"url\":\"https:\\\/\\\/vetus.com\\\/pl\\\/integracja-steru-strumieniowego-bow-pro-z-silnikami-zaburtowymi-honda-i-sterowaniem-ultraflex\\\/\",\"name\":\"Integracja steru strumieniowego BOW PRO z silnikami zaburtowymi Honda i sterowaniem Ultraflex - VETUS\",\"isPartOf\":{\"@id\":\"https:\\\/\\\/vetus.com\\\/pl\\\/#website\"},\"datePublished\":\"2025-02-26T14:42:13+00:00\",\"dateModified\":\"2026-02-26T14:00:40+00:00\",\"description\":\"Rozszerzaj\u0105c program integracji, aby poprawi\u0107 komfort \u017ceglugi dla jeszcze wi\u0119kszej liczby u\u017cytkownik\u00f3w, VETUS nawi\u0105za\u0142 wsp\u00f3\u0142prac\u0119 z...\",\"breadcrumb\":{\"@id\":\"https:\\\/\\\/vetus.com\\\/pl\\\/integracja-steru-strumieniowego-bow-pro-z-silnikami-zaburtowymi-honda-i-sterowaniem-ultraflex\\\/#breadcrumb\"},\"inLanguage\":\"pl-PL\",\"potentialAction\":[{\"@type\":\"ReadAction\",\"target\":[\"https:\\\/\\\/vetus.com\\\/pl\\\/integracja-steru-strumieniowego-bow-pro-z-silnikami-zaburtowymi-honda-i-sterowaniem-ultraflex\\\/\"]}]},{\"@type\":\"BreadcrumbList\",\"@id\":\"https:\\\/\\\/vetus.com\\\/pl\\\/integracja-steru-strumieniowego-bow-pro-z-silnikami-zaburtowymi-honda-i-sterowaniem-ultraflex\\\/#breadcrumb\",\"itemListElement\":[{\"@type\":\"ListItem\",\"position\":1,\"name\":\"Home\",\"item\":\"https:\\\/\\\/vetus.com\\\/pl\\\/\"},{\"@type\":\"ListItem\",\"position\":2,\"name\":\"Integracja steru strumieniowego BOW PRO z silnikami zaburtowymi Honda i sterowaniem Ultraflex\"}]},{\"@type\":\"WebSite\",\"@id\":\"https:\\\/\\\/vetus.com\\\/pl\\\/#website\",\"url\":\"https:\\\/\\\/vetus.com\\\/pl\\\/\",\"name\":\"VETUS\",\"description\":\"\",\"potentialAction\":[{\"@type\":\"SearchAction\",\"target\":{\"@type\":\"EntryPoint\",\"urlTemplate\":\"https:\\\/\\\/vetus.com\\\/pl\\\/?s={search_term_string}\"},\"query-input\":{\"@type\":\"PropertyValueSpecification\",\"valueRequired\":true,\"valueName\":\"search_term_string\"}}],\"inLanguage\":\"pl-PL\"}]}<\/script>\n<!-- \/ Yoast SEO Premium plugin. -->","yoast_head_json":{"title":"Integracja steru strumieniowego BOW PRO z silnikami zaburtowymi Honda i sterowaniem Ultraflex - VETUS","description":"Rozszerzaj\u0105c program integracji, aby poprawi\u0107 komfort \u017ceglugi dla jeszcze wi\u0119kszej liczby u\u017cytkownik\u00f3w, VETUS nawi\u0105za\u0142 wsp\u00f3\u0142prac\u0119 z...","robots":{"index":"index","follow":"follow","max-snippet":"max-snippet:-1","max-image-preview":"max-image-preview:large","max-video-preview":"max-video-preview:-1"},"canonical":"https:\/\/vetus.com\/pl\/integracja-steru-strumieniowego-bow-pro-z-silnikami-zaburtowymi-honda-i-sterowaniem-ultraflex\/","og_locale":"pl_PL","og_type":"article","og_title":"Integracja steru strumieniowego BOW PRO z silnikami zaburtowymi Honda i sterowaniem Ultraflex","og_description":"Rozszerzaj\u0105c program integracji, aby poprawi\u0107 komfort \u017ceglugi dla jeszcze wi\u0119kszej liczby u\u017cytkownik\u00f3w, VETUS nawi\u0105za\u0142 wsp\u00f3\u0142prac\u0119 z...","og_url":"https:\/\/vetus.com\/pl\/integracja-steru-strumieniowego-bow-pro-z-silnikami-zaburtowymi-honda-i-sterowaniem-ultraflex\/","og_site_name":"VETUS","article_modified_time":"2026-02-26T14:00:40+00:00","twitter_card":"summary_large_image","twitter_misc":{"Szacowany czas czytania":"3 minuty"},"schema":{"@context":"https:\/\/schema.org","@graph":[{"@type":"WebPage","@id":"https:\/\/vetus.com\/pl\/integracja-steru-strumieniowego-bow-pro-z-silnikami-zaburtowymi-honda-i-sterowaniem-ultraflex\/","url":"https:\/\/vetus.com\/pl\/integracja-steru-strumieniowego-bow-pro-z-silnikami-zaburtowymi-honda-i-sterowaniem-ultraflex\/","name":"Integracja steru strumieniowego BOW PRO z silnikami zaburtowymi Honda i sterowaniem Ultraflex - VETUS","isPartOf":{"@id":"https:\/\/vetus.com\/pl\/#website"},"datePublished":"2025-02-26T14:42:13+00:00","dateModified":"2026-02-26T14:00:40+00:00","description":"Rozszerzaj\u0105c program integracji, aby poprawi\u0107 komfort \u017ceglugi dla jeszcze wi\u0119kszej liczby u\u017cytkownik\u00f3w, VETUS nawi\u0105za\u0142 wsp\u00f3\u0142prac\u0119 z...","breadcrumb":{"@id":"https:\/\/vetus.com\/pl\/integracja-steru-strumieniowego-bow-pro-z-silnikami-zaburtowymi-honda-i-sterowaniem-ultraflex\/#breadcrumb"},"inLanguage":"pl-PL","potentialAction":[{"@type":"ReadAction","target":["https:\/\/vetus.com\/pl\/integracja-steru-strumieniowego-bow-pro-z-silnikami-zaburtowymi-honda-i-sterowaniem-ultraflex\/"]}]},{"@type":"BreadcrumbList","@id":"https:\/\/vetus.com\/pl\/integracja-steru-strumieniowego-bow-pro-z-silnikami-zaburtowymi-honda-i-sterowaniem-ultraflex\/#breadcrumb","itemListElement":[{"@type":"ListItem","position":1,"name":"Home","item":"https:\/\/vetus.com\/pl\/"},{"@type":"ListItem","position":2,"name":"Integracja steru strumieniowego BOW PRO z silnikami zaburtowymi Honda i sterowaniem Ultraflex"}]},{"@type":"WebSite","@id":"https:\/\/vetus.com\/pl\/#website","url":"https:\/\/vetus.com\/pl\/","name":"VETUS","description":"","potentialAction":[{"@type":"SearchAction","target":{"@type":"EntryPoint","urlTemplate":"https:\/\/vetus.com\/pl\/?s={search_term_string}"},"query-input":{"@type":"PropertyValueSpecification","valueRequired":true,"valueName":"search_term_string"}}],"inLanguage":"pl-PL"}]}},"_links":{"self":[{"href":"https:\/\/vetus.com\/pl\/wp-json\/wp\/v2\/pages\/101574","targetHints":{"allow":["GET"]}}],"collection":[{"href":"https:\/\/vetus.com\/pl\/wp-json\/wp\/v2\/pages"}],"about":[{"href":"https:\/\/vetus.com\/pl\/wp-json\/wp\/v2\/types\/page"}],"author":[{"embeddable":true,"href":"https:\/\/vetus.com\/pl\/wp-json\/wp\/v2\/users\/20"}],"replies":[{"embeddable":true,"href":"https:\/\/vetus.com\/pl\/wp-json\/wp\/v2\/comments?post=101574"}],"version-history":[{"count":4,"href":"https:\/\/vetus.com\/pl\/wp-json\/wp\/v2\/pages\/101574\/revisions"}],"predecessor-version":[{"id":122796,"href":"https:\/\/vetus.com\/pl\/wp-json\/wp\/v2\/pages\/101574\/revisions\/122796"}],"wp:attachment":[{"href":"https:\/\/vetus.com\/pl\/wp-json\/wp\/v2\/media?parent=101574"}],"curies":[{"name":"wp","href":"https:\/\/api.w.org\/{rel}","templated":true}]}}