{"id":118274,"date":"2025-12-11T14:16:38","date_gmt":"2025-12-11T12:16:38","guid":{"rendered":"https:\/\/vetus.com\/?page_id=118274"},"modified":"2026-02-26T11:39:10","modified_gmt":"2026-02-26T09:39:10","slug":"bow-pro-rimdrive-boegschroefintegratie-met-suzuki-buitenboordmotoren","status":"publish","type":"page","link":"https:\/\/vetus.com\/nl\/bow-pro-rimdrive-boegschroefintegratie-met-suzuki-buitenboordmotoren\/","title":{"rendered":"BOW PRO &amp; RIMDRIVE boegschroefintegratie met Suzuki buitenboordmotoren"},"content":{"rendered":"\n<section class=\"section  \">\n    \n\n<section id=\"section-text-block-block_b8d3ec05ddd1113a4f2986dec1f3656c\" class=\"section text-block \">\n                    <div class=\"section section__body\">\n            <div class=\"text-block\">\n                <div class=\"container\">\n                    <div class=\"row\">\n                        <div class=\"col-lg-8 offset-lg-2\">\n                                                            <div class=\"section__content single__content hentry\">\n                                    <p>VETUS biedt volledige integratie van zijn BOW PRO- en RIMDRIVE-boegschroefsystemen met Suzuki buitenboordmotoren met elektronische bediening en Ultraflex Integra JS stuur- en joystickbediening. Deze ge\u00efntegreerde oplossing maakt naadloze communicatie mogelijk tussen voortstuwing, besturing en boegschroefsystemen, waardoor alle functies via \u00e9\u00e9n enkele joystickinterface kunnen worden bediend.<\/p>\n                                <\/div>\n                            \n                                                    <\/div>\n                    <\/div>\n                <\/div>\n            <\/div>\n        <\/div>\n    <\/section><\/section>\n\n<section class=\"section section--colored bg-light content-blocks bg-light   \">\n    \n<section id=\"content-block-1-block_5c36a7f6a9e02df35171f0673101a7aa\" class=\"section content-block content-block--image \">\n    <div class=\"container\">\n        <div class=\"row d-flex align-items-center\">\n\n            <div class=\"col-md-6 col-lg-7\">\n                                    <div class=\"content-block__visuals\">\n                        <div class=\"content-block__media media--clipped media ratio\">\n                            <div class=\"media__wrapper\">\n                                <img decoding=\"async\" width=\"690\" height=\"690\" src=\"https:\/\/vetus.com\/wp-content\/uploads\/bowpro300_front_up_product_1080x1080-690x690.jpg\" class=\"media__source img-fit\" alt=\"\" srcset=\"https:\/\/vetus.com\/wp-content\/uploads\/bowpro300_front_up_product_1080x1080-690x690.jpg 690w, https:\/\/vetus.com\/wp-content\/uploads\/bowpro300_front_up_product_1080x1080-300x300.jpg 300w, https:\/\/vetus.com\/wp-content\/uploads\/bowpro300_front_up_product_1080x1080-150x150.jpg 150w, https:\/\/vetus.com\/wp-content\/uploads\/bowpro300_front_up_product_1080x1080-768x768.jpg 768w, https:\/\/vetus.com\/wp-content\/uploads\/bowpro300_front_up_product_1080x1080-210x210.jpg 210w, https:\/\/vetus.com\/wp-content\/uploads\/bowpro300_front_up_product_1080x1080-330x330.jpg 330w, https:\/\/vetus.com\/wp-content\/uploads\/bowpro300_front_up_product_1080x1080-431x431.jpg 431w, https:\/\/vetus.com\/wp-content\/uploads\/bowpro300_front_up_product_1080x1080-507x507.jpg 507w, https:\/\/vetus.com\/wp-content\/uploads\/bowpro300_front_up_product_1080x1080-530x530.jpg 530w, https:\/\/vetus.com\/wp-content\/uploads\/bowpro300_front_up_product_1080x1080-930x930.jpg 930w, https:\/\/vetus.com\/wp-content\/uploads\/bowpro300_front_up_product_1080x1080.jpg 1080w\" sizes=\"auto, (max-width: 575.98px) 431px, (max-width: 767.98px) 530px, (max-width: 991.98px) 330px, (max-width: 1279.98px) 530px, (max-width: 1899.98px) 690px, 930px\" loading=\"lazy\" \/>                            <\/div>\n                        <\/div>\n                    <\/div>\n                            <\/div>\n\n            <div class=\"col-md-6 col-lg-4 offset-lg-1\">\n                <div class=\"content-block__body\">\n                    \n                    \n                                            <h3 data-start=\"546\" data-end=\"602\">Ge\u00efntegreerde bediening voor nauwkeurig manoeuvreren<\/h3>\n<p data-start=\"604\" data-end=\"989\">Het gecombineerde systeem biedt soepele, proportionele bediening die de handling in krappe situaties zoals aanmeren, smalle vaargeulen en drukke jachthavens aanzienlijk verbetert. Door motor-, stuur- en boegschroefcommando\u2019s te co\u00f6rdineren via de Ultraflex-joystick, profiteert de gebruiker van voorspelbare reacties en verfijnde manoeuvreerbaarheid. Het systeem maakt het mogelijk om:<\/p>\n<ul data-start=\"991\" data-end=\"1207\">\n<li data-start=\"991\" data-end=\"1061\">\n<p data-start=\"993\" data-end=\"1061\">Het vaartuig zijwaarts, diagonaal, vooruit of achteruit te bewegen<\/p>\n<\/li>\n<li data-start=\"1062\" data-end=\"1126\">\n<p data-start=\"1064\" data-end=\"1126\">De boot om zijn as te draaien voor nauwkeurige positionering<\/p>\n<\/li>\n<li data-start=\"1127\" data-end=\"1207\">\n<p data-start=\"1129\" data-end=\"1207\">Stabiele controle te behouden bij wind, stroming of in krappe omstandigheden<\/p>\n<\/li>\n<\/ul>\n<p data-start=\"1209\" data-end=\"1340\">Elke manoeuvre wordt via \u00e9\u00e9n joystick geco\u00f6rdineerd, wat de bediening vereenvoudigt en de werkbelasting van de schipper vermindert.<\/p>\n                    \t\t\t\t\t\n                                    <\/div>\n            <\/div>\n        <\/div>\n    <\/div>\n<\/section>\n<section id=\"content-block-1-block_5c36a7f6a9e02df35171f0673101a7aa\" class=\"section content-block content-block--image \">\n    <div class=\"container\">\n        <div class=\"row d-flex align-items-center flex-md-row-reverse\">\n\n            <div class=\"col-md-6 col-lg-7 offset-lg-1\">\n                                    <div class=\"content-block__visuals\">\n                        <div class=\"content-block__media media--clipped media ratio\">\n                            <div class=\"media__wrapper\">\n                                <img decoding=\"async\" width=\"690\" height=\"388\" src=\"https:\/\/vetus.com\/wp-content\/uploads\/bowpro300_full_product_1920x1080-690x388.jpg\" class=\"media__source img-fit\" alt=\"\" srcset=\"https:\/\/vetus.com\/wp-content\/uploads\/bowpro300_full_product_1920x1080-690x388.jpg 690w, https:\/\/vetus.com\/wp-content\/uploads\/bowpro300_full_product_1920x1080-300x169.jpg 300w, https:\/\/vetus.com\/wp-content\/uploads\/bowpro300_full_product_1920x1080-768x432.jpg 768w, https:\/\/vetus.com\/wp-content\/uploads\/bowpro300_full_product_1920x1080-210x118.jpg 210w, https:\/\/vetus.com\/wp-content\/uploads\/bowpro300_full_product_1920x1080-330x186.jpg 330w, https:\/\/vetus.com\/wp-content\/uploads\/bowpro300_full_product_1920x1080-431x242.jpg 431w, https:\/\/vetus.com\/wp-content\/uploads\/bowpro300_full_product_1920x1080-507x285.jpg 507w, https:\/\/vetus.com\/wp-content\/uploads\/bowpro300_full_product_1920x1080-530x298.jpg 530w, https:\/\/vetus.com\/wp-content\/uploads\/bowpro300_full_product_1920x1080-930x523.jpg 930w, https:\/\/vetus.com\/wp-content\/uploads\/bowpro300_full_product_1920x1080-1170x658.jpg 1170w, https:\/\/vetus.com\/wp-content\/uploads\/bowpro300_full_product_1920x1080.jpg 1920w\" sizes=\"auto, (max-width: 575.98px) 431px, (max-width: 767.98px) 530px, (max-width: 991.98px) 330px, (max-width: 1279.98px) 530px, (max-width: 1899.98px) 690px, 930px\" loading=\"lazy\" \/>                            <\/div>\n                        <\/div>\n                    <\/div>\n                            <\/div>\n\n            <div class=\"col-md-6 col-lg-4\">\n                <div class=\"content-block__body\">\n                    \n                    \n                                            <h3 data-start=\"1342\" data-end=\"1414\">Integratie met Suzuki buitenboordmotoren met elektronische bediening<\/h3>\n<p data-start=\"1416\" data-end=\"1930\">Deze integratie ondersteunt Suzuki buitenboordmodellen met elektronische bediening, waaronder de geavanceerde DF350AMD en DF300BMD, beide uitgerust met ge\u00efntegreerde besturing. Deze motoren werken naadloos samen met het Ultraflex-joysticksysteem en de VETUS-boegschroeven en zorgen voor nauwkeurige co\u00f6rdinatie tussen voortstuwings- en manoeuvresystemen. Via het Ultraflex Integra JS elektronische stuurbekrachtigingsplatform worden motor- en boegschroefcommando\u2019s met hoge precisie en soepele respons aangestuurd.<\/p>\n                    \t\t\t\t\t\n                                            <div class=\"content-block__actions actions\">\n                            <div class=\"btn-group d-flex flex-wrap justify-content-center justify-content-md-start\">\n                                <a href=\"https:\/\/www.suzukimarine.com\/news\/suzuki-marine-usa-announces-technology-collaboration-with-vetus\/\" class=\"btn btn-sm btn-empty btn-empty-primary\" title=\"\" target=\"_blank\">\n                                    <span>Lees meer bij Suzuki Marine<\/span>\n                                    <i class=\"icon icon-keyboard_arrow_right\"><\/i>\n                                <\/a>\n\n                                <!-- <a href=\"#\" class=\"btn btn-sm btn-empty btn-empty-primary\" title=\"\">\n                                    <span>Watch video<\/span>\n                                    <i class=\"icon icon-play_circle_outline\"><\/i>\n                                <\/a> -->\n                                <!-- <a href=\"#\" class=\"btn btn-sm btn-empty btn-empty-primary\" title=\"\">\n                                    <span>Innovation<\/span>\n                                    <i class=\"icon icon-keyboard_arrow_right\"><\/i>\n                                <\/a> -->\n                            <\/div>\n                        <\/div>\n                                    <\/div>\n            <\/div>\n        <\/div>\n    <\/div>\n<\/section><\/section>\n\n\n<section class=\"section  \">\n    \n\n<section id=\"section-text-block-block_f059765bb70422767450acf156a16ff8\" class=\"section text-block \">\n                    <div class=\"section section__body\">\n            <div class=\"text-block\">\n                <div class=\"container\">\n                    <div class=\"row\">\n                        <div class=\"col-lg-8 offset-lg-2\">\n                                                            <div class=\"section__content single__content hentry\">\n                                    <h3 data-start=\"1963\" data-end=\"2003\">Een technologiegedreven samenwerking<\/h3>\n<p data-start=\"2005\" data-end=\"2216\">De gecombineerde technologie\u00ebn van VETUS, Suzuki en Ultraflex resulteren in een ge\u00efntegreerd besturingssysteem dat is ontworpen om vertrouwen en effici\u00ebntie te vergroten bij het manoeuvreren in beperkte ruimtes:<\/p>\n<ul data-start=\"2218\" data-end=\"2516\">\n<li data-start=\"2218\" data-end=\"2296\">\n<p data-start=\"2220\" data-end=\"2296\">Naadloze communicatie tussen boegschroef-, stuur- en voortstuwingssystemen<\/p>\n<\/li>\n<li data-start=\"2297\" data-end=\"2383\">\n<p data-start=\"2299\" data-end=\"2383\">Soepele en voorspelbare manoeuvreerbaarheid dankzij geavanceerde joystickbediening<\/p>\n<\/li>\n<li data-start=\"2384\" data-end=\"2439\">\n<p data-start=\"2386\" data-end=\"2439\">Betrouwbare respons bij aanmeren en station-keeping<\/p>\n<\/li>\n<li data-start=\"2440\" data-end=\"2516\">\n<p data-start=\"2442\" data-end=\"2516\">Flexibele compatibiliteit met zowel enkel- als meermotorige installaties<\/p>\n<\/li>\n<\/ul>\n<p data-start=\"2518\" data-end=\"2658\">Deze samenwerking biedt een aanzienlijke verbetering van de vaartuigcontrole zonder concessies te doen aan gebruiksgemak of betrouwbaarheid.<\/p>\n                                <\/div>\n                            \n                                                    <\/div>\n                    <\/div>\n                <\/div>\n            <\/div>\n        <\/div>\n    <\/section><\/section>\n\n<section class=\"section section--colored bg-light content-blocks bg-light   mb-0\">\n    \n\n<section id=\"section-text-block-block_f4a436b0e7c6efabae70d9cef8d9cb42\" class=\"section text-block  mb-0\">\n                    <div class=\"section section__body\">\n            <div class=\"text-block\">\n                <div class=\"container\">\n                    <div class=\"row\">\n                        <div class=\"col-lg-8 offset-lg-2\">\n                                                            <div class=\"section__content single__content hentry\">\n                                    <h3 data-start=\"2660\" data-end=\"2704\">Betrouwbare controle voor elke vaartocht<\/h3>\n<p data-start=\"2706\" data-end=\"3083\">Deze ge\u00efntegreerde oplossing levert soepele, voorspelbare en intu\u00eftieve vaartuigbediening en geeft watersporters vertrouwen tijdens het aanmeren en manoeuvreren in krappe ruimtes. Met bewezen technologie\u00ebn die samenwerken over een breed scala aan vaartuigtypen biedt VETUS betrouwbare en veelzijdige besturingsoplossingen die aansluiten bij de behoeften van moderne watersport.<\/p>\n                                <\/div>\n                            \n                                                            <div class=\"section__actions text-block__actions actions\">\n                                    <div class=\"btn-group d-flex flex-wrap justify-content-center\">\n                                                                                    <a href=\"https:\/\/vetus.com\/nl\/bow-pro-boegschroeven\/#bodem\" class=\"btn btn-primary\" title=\"\" target=\"_blank\">\n                                                <span>Ontdek alle VETUS boegschroefintegraties<\/span>\n                                            <\/a>\n                                        \n                                                                            <\/div>\n                                <\/div>\n                                                    <\/div>\n                    <\/div>\n                <\/div>\n            <\/div>\n        <\/div>\n    <\/section><\/section>","protected":false},"excerpt":{"rendered":"","protected":false},"author":20,"featured_media":0,"parent":0,"menu_order":0,"comment_status":"closed","ping_status":"closed","template":"tpl-blog-large-header.php","meta":{"_acf_changed":false,"footnotes":""},"class_list":["post-118274","page","type-page","status-publish","hentry"],"acf":{"image":{"ID":118250,"id":118250,"title":"Suzuki-VETUS-Demo-scaled (1)","filename":"Suzuki-VETUS-Demo-scaled-1.jpg","filesize":756401,"url":"https:\/\/vetus.com\/wp-content\/uploads\/Suzuki-VETUS-Demo-scaled-1.jpg","link":"https:\/\/vetus.com\/nl\/bow-pro-rimdrive-boegschroefintegratie-met-suzuki-buitenboordmotoren\/suzuki-vetus-demo-scaled-1-2\/","alt":"","author":"20","description":"","caption":"","name":"suzuki-vetus-demo-scaled-1-2","status":"inherit","uploaded_to":118274,"date":"2025-12-11 11:33:06","modified":"2025-12-17 10:44:47","menu_order":0,"mime_type":"image\/jpeg","type":"image","subtype":"jpeg","icon":"https:\/\/vetus.com\/wp-includes\/images\/media\/default.png","width":2560,"height":1695,"sizes":{"thumbnail":"https:\/\/vetus.com\/wp-content\/uploads\/Suzuki-VETUS-Demo-scaled-1-150x150.jpg","thumbnail-width":150,"thumbnail-height":150,"medium":"https:\/\/vetus.com\/wp-content\/uploads\/Suzuki-VETUS-Demo-scaled-1-300x199.jpg","medium-width":300,"medium-height":199,"medium_large":"https:\/\/vetus.com\/wp-content\/uploads\/Suzuki-VETUS-Demo-scaled-1-768x509.jpg","medium_large-width":768,"medium_large-height":509,"large":"https:\/\/vetus.com\/wp-content\/uploads\/Suzuki-VETUS-Demo-scaled-1.jpg","large-width":1024,"large-height":678,"1536x1536":"https:\/\/vetus.com\/wp-content\/uploads\/Suzuki-VETUS-Demo-scaled-1.jpg","1536x1536-width":1536,"1536x1536-height":1017,"2048x2048":"https:\/\/vetus.com\/wp-content\/uploads\/Suzuki-VETUS-Demo-scaled-1.jpg","2048x2048-width":2048,"2048x2048-height":1356,"210w":"https:\/\/vetus.com\/wp-content\/uploads\/Suzuki-VETUS-Demo-scaled-1-210x139.jpg","210w-width":210,"210w-height":139,"330w":"https:\/\/vetus.com\/wp-content\/uploads\/Suzuki-VETUS-Demo-scaled-1-330x218.jpg","330w-width":330,"330w-height":218,"431w":"https:\/\/vetus.com\/wp-content\/uploads\/Suzuki-VETUS-Demo-scaled-1-431x285.jpg","431w-width":431,"431w-height":285,"507w":"https:\/\/vetus.com\/wp-content\/uploads\/Suzuki-VETUS-Demo-scaled-1-507x336.jpg","507w-width":507,"507w-height":336,"530w":"https:\/\/vetus.com\/wp-content\/uploads\/Suzuki-VETUS-Demo-scaled-1-530x351.jpg","530w-width":530,"530w-height":351,"690w":"https:\/\/vetus.com\/wp-content\/uploads\/Suzuki-VETUS-Demo-scaled-1-690x457.jpg","690w-width":690,"690w-height":457,"930w":"https:\/\/vetus.com\/wp-content\/uploads\/Suzuki-VETUS-Demo-scaled-1-930x616.jpg","930w-width":930,"930w-height":616,"1170w":"https:\/\/vetus.com\/wp-content\/uploads\/Suzuki-VETUS-Demo-scaled-1-1170x775.jpg","1170w-width":1170,"1170w-height":775,"gform-image-choice-sm":"https:\/\/vetus.com\/wp-content\/uploads\/Suzuki-VETUS-Demo-scaled-1.jpg","gform-image-choice-sm-width":300,"gform-image-choice-sm-height":199,"gform-image-choice-md":"https:\/\/vetus.com\/wp-content\/uploads\/Suzuki-VETUS-Demo-scaled-1.jpg","gform-image-choice-md-width":400,"gform-image-choice-md-height":265,"gform-image-choice-lg":"https:\/\/vetus.com\/wp-content\/uploads\/Suzuki-VETUS-Demo-scaled-1.jpg","gform-image-choice-lg-width":600,"gform-image-choice-lg-height":397}},"introduction":"","person":false,"title":"Slimme integratie voor verbeterde manoeuvreerbaarheid van het vaartuig"},"yoast_head":"<!-- This site is optimized with the Yoast SEO Premium plugin v27.3 (Yoast SEO v27.3) - https:\/\/yoast.com\/product\/yoast-seo-premium-wordpress\/ -->\n<title>BOW PRO &amp; RIMDRIVE boegschroefintegratie met Suzuki buitenboordmotoren - VETUS<\/title>\n<meta name=\"description\" content=\"VETUS biedt volledige integratie van zijn BOW PRO- en RIMDRIVE-boegschroefsystemen met Suzuki buitenboordmotoren met elektronische...\" \/>\n<meta name=\"robots\" content=\"index, follow, max-snippet:-1, max-image-preview:large, max-video-preview:-1\" \/>\n<link rel=\"canonical\" href=\"https:\/\/vetus.com\/nl\/bow-pro-rimdrive-boegschroefintegratie-met-suzuki-buitenboordmotoren\/\" \/>\n<meta property=\"og:locale\" content=\"nl_NL\" \/>\n<meta property=\"og:type\" content=\"article\" \/>\n<meta property=\"og:title\" content=\"BOW PRO &amp; RIMDRIVE boegschroefintegratie met Suzuki buitenboordmotoren\" \/>\n<meta property=\"og:description\" content=\"VETUS biedt volledige integratie van zijn BOW PRO- en RIMDRIVE-boegschroefsystemen met Suzuki buitenboordmotoren met elektronische...\" \/>\n<meta property=\"og:url\" content=\"https:\/\/vetus.com\/nl\/bow-pro-rimdrive-boegschroefintegratie-met-suzuki-buitenboordmotoren\/\" \/>\n<meta property=\"og:site_name\" content=\"VETUS\" \/>\n<meta property=\"article:modified_time\" content=\"2026-02-26T09:39:10+00:00\" \/>\n<meta name=\"twitter:card\" content=\"summary_large_image\" \/>\n<meta name=\"twitter:label1\" content=\"Geschatte leestijd\" \/>\n\t<meta name=\"twitter:data1\" content=\"3 minuten\" \/>\n<script type=\"application\/ld+json\" class=\"yoast-schema-graph\">{\"@context\":\"https:\\\/\\\/schema.org\",\"@graph\":[{\"@type\":\"WebPage\",\"@id\":\"https:\\\/\\\/vetus.com\\\/nl\\\/bow-pro-rimdrive-boegschroefintegratie-met-suzuki-buitenboordmotoren\\\/\",\"url\":\"https:\\\/\\\/vetus.com\\\/nl\\\/bow-pro-rimdrive-boegschroefintegratie-met-suzuki-buitenboordmotoren\\\/\",\"name\":\"BOW PRO &amp; RIMDRIVE boegschroefintegratie met Suzuki buitenboordmotoren - VETUS\",\"isPartOf\":{\"@id\":\"https:\\\/\\\/vetus.com\\\/nl\\\/#website\"},\"datePublished\":\"2025-12-11T12:16:38+00:00\",\"dateModified\":\"2026-02-26T09:39:10+00:00\",\"description\":\"VETUS biedt volledige integratie van zijn BOW PRO- en RIMDRIVE-boegschroefsystemen met Suzuki buitenboordmotoren met elektronische...\",\"breadcrumb\":{\"@id\":\"https:\\\/\\\/vetus.com\\\/nl\\\/bow-pro-rimdrive-boegschroefintegratie-met-suzuki-buitenboordmotoren\\\/#breadcrumb\"},\"inLanguage\":\"nl-NL\",\"potentialAction\":[{\"@type\":\"ReadAction\",\"target\":[\"https:\\\/\\\/vetus.com\\\/nl\\\/bow-pro-rimdrive-boegschroefintegratie-met-suzuki-buitenboordmotoren\\\/\"]}]},{\"@type\":\"BreadcrumbList\",\"@id\":\"https:\\\/\\\/vetus.com\\\/nl\\\/bow-pro-rimdrive-boegschroefintegratie-met-suzuki-buitenboordmotoren\\\/#breadcrumb\",\"itemListElement\":[{\"@type\":\"ListItem\",\"position\":1,\"name\":\"Home\",\"item\":\"https:\\\/\\\/vetus.com\\\/nl\\\/\"},{\"@type\":\"ListItem\",\"position\":2,\"name\":\"BOW PRO &amp; RIMDRIVE boegschroefintegratie met Suzuki buitenboordmotoren\"}]},{\"@type\":\"WebSite\",\"@id\":\"https:\\\/\\\/vetus.com\\\/nl\\\/#website\",\"url\":\"https:\\\/\\\/vetus.com\\\/nl\\\/\",\"name\":\"VETUS\",\"description\":\"\",\"potentialAction\":[{\"@type\":\"SearchAction\",\"target\":{\"@type\":\"EntryPoint\",\"urlTemplate\":\"https:\\\/\\\/vetus.com\\\/nl\\\/?s={search_term_string}\"},\"query-input\":{\"@type\":\"PropertyValueSpecification\",\"valueRequired\":true,\"valueName\":\"search_term_string\"}}],\"inLanguage\":\"nl-NL\"}]}<\/script>\n<!-- \/ Yoast SEO Premium plugin. -->","yoast_head_json":{"title":"BOW PRO &amp; RIMDRIVE boegschroefintegratie met Suzuki buitenboordmotoren - VETUS","description":"VETUS biedt volledige integratie van zijn BOW PRO- en RIMDRIVE-boegschroefsystemen met Suzuki buitenboordmotoren met elektronische...","robots":{"index":"index","follow":"follow","max-snippet":"max-snippet:-1","max-image-preview":"max-image-preview:large","max-video-preview":"max-video-preview:-1"},"canonical":"https:\/\/vetus.com\/nl\/bow-pro-rimdrive-boegschroefintegratie-met-suzuki-buitenboordmotoren\/","og_locale":"nl_NL","og_type":"article","og_title":"BOW PRO &amp; RIMDRIVE boegschroefintegratie met Suzuki buitenboordmotoren","og_description":"VETUS biedt volledige integratie van zijn BOW PRO- en RIMDRIVE-boegschroefsystemen met Suzuki buitenboordmotoren met elektronische...","og_url":"https:\/\/vetus.com\/nl\/bow-pro-rimdrive-boegschroefintegratie-met-suzuki-buitenboordmotoren\/","og_site_name":"VETUS","article_modified_time":"2026-02-26T09:39:10+00:00","twitter_card":"summary_large_image","twitter_misc":{"Geschatte leestijd":"3 minuten"},"schema":{"@context":"https:\/\/schema.org","@graph":[{"@type":"WebPage","@id":"https:\/\/vetus.com\/nl\/bow-pro-rimdrive-boegschroefintegratie-met-suzuki-buitenboordmotoren\/","url":"https:\/\/vetus.com\/nl\/bow-pro-rimdrive-boegschroefintegratie-met-suzuki-buitenboordmotoren\/","name":"BOW PRO &amp; RIMDRIVE boegschroefintegratie met Suzuki buitenboordmotoren - VETUS","isPartOf":{"@id":"https:\/\/vetus.com\/nl\/#website"},"datePublished":"2025-12-11T12:16:38+00:00","dateModified":"2026-02-26T09:39:10+00:00","description":"VETUS biedt volledige integratie van zijn BOW PRO- en RIMDRIVE-boegschroefsystemen met Suzuki buitenboordmotoren met elektronische...","breadcrumb":{"@id":"https:\/\/vetus.com\/nl\/bow-pro-rimdrive-boegschroefintegratie-met-suzuki-buitenboordmotoren\/#breadcrumb"},"inLanguage":"nl-NL","potentialAction":[{"@type":"ReadAction","target":["https:\/\/vetus.com\/nl\/bow-pro-rimdrive-boegschroefintegratie-met-suzuki-buitenboordmotoren\/"]}]},{"@type":"BreadcrumbList","@id":"https:\/\/vetus.com\/nl\/bow-pro-rimdrive-boegschroefintegratie-met-suzuki-buitenboordmotoren\/#breadcrumb","itemListElement":[{"@type":"ListItem","position":1,"name":"Home","item":"https:\/\/vetus.com\/nl\/"},{"@type":"ListItem","position":2,"name":"BOW PRO &amp; RIMDRIVE boegschroefintegratie met Suzuki buitenboordmotoren"}]},{"@type":"WebSite","@id":"https:\/\/vetus.com\/nl\/#website","url":"https:\/\/vetus.com\/nl\/","name":"VETUS","description":"","potentialAction":[{"@type":"SearchAction","target":{"@type":"EntryPoint","urlTemplate":"https:\/\/vetus.com\/nl\/?s={search_term_string}"},"query-input":{"@type":"PropertyValueSpecification","valueRequired":true,"valueName":"search_term_string"}}],"inLanguage":"nl-NL"}]}},"_links":{"self":[{"href":"https:\/\/vetus.com\/nl\/wp-json\/wp\/v2\/pages\/118274","targetHints":{"allow":["GET"]}}],"collection":[{"href":"https:\/\/vetus.com\/nl\/wp-json\/wp\/v2\/pages"}],"about":[{"href":"https:\/\/vetus.com\/nl\/wp-json\/wp\/v2\/types\/page"}],"author":[{"embeddable":true,"href":"https:\/\/vetus.com\/nl\/wp-json\/wp\/v2\/users\/20"}],"replies":[{"embeddable":true,"href":"https:\/\/vetus.com\/nl\/wp-json\/wp\/v2\/comments?post=118274"}],"version-history":[{"count":5,"href":"https:\/\/vetus.com\/nl\/wp-json\/wp\/v2\/pages\/118274\/revisions"}],"predecessor-version":[{"id":122683,"href":"https:\/\/vetus.com\/nl\/wp-json\/wp\/v2\/pages\/118274\/revisions\/122683"}],"wp:attachment":[{"href":"https:\/\/vetus.com\/nl\/wp-json\/wp\/v2\/media?parent=118274"}],"curies":[{"name":"wp","href":"https:\/\/api.w.org\/{rel}","templated":true}]}}