{"id":86245,"date":"2024-04-09T09:49:56","date_gmt":"2024-04-09T07:49:56","guid":{"rendered":"https:\/\/vetus.com\/?page_id=86245"},"modified":"2026-03-19T12:01:26","modified_gmt":"2026-03-19T10:01:26","slug":"boating-sustainably-a-dive-into-freshwater-and-wastewater-systems","status":"publish","type":"page","link":"https:\/\/vetus.com\/it\/blog\/boating-sustainably-a-dive-into-freshwater-and-wastewater-systems\/","title":{"rendered":"Blog \u2013 Impianti acqua VETUS e i sistemi ILT"},"content":{"rendered":"\n<section class=\"section  \">\n    \n\n<section id=\"section-text-block-block_e6d6a19bf9928b8584d2994931b63e79\" class=\"section text-block \">\n                    <div class=\"section section__body\">\n            <div class=\"text-block\">\n                <div class=\"container\">\n                    <div class=\"row\">\n                        <div class=\"col-lg-8 offset-lg-2\">\n                                                            <div class=\"section__content single__content hentry\">\n                                    <h2>Impianti di acqua dolce: l\u2019essenza del vivere pulito a bordo<\/h2>\n<p>L&#8217;acqua dolce pulita non \u00e8 solo una comodit\u00e0: \u00e8 un&#8217;ancora di salvezza. Essendo noi stessi dei diportisti, sappiamo che ogni goccia d&#8217;acqua \u00e8 importante. Quindi, sia che navighiate in acque aperte o che siate ancorati in un&#8217;insenatura appartata, scegliete un sistema di acqua dolce in grado di fornire una fonte costante e affidabile di acqua dolce.<\/p>\n<h3>Le nostre soluzione per l\u2019acqua dolce<\/h3>\n<p><img decoding=\"async\" class=\"alignnone wp-image-85673\" src=\"https:\/\/vetus.com\/wp-content\/uploads\/FRESHWATERSYSTEM_RENDER-300x239.png\" alt=\"\" width=\"1280\" height=\"1020\" srcset=\"https:\/\/vetus.com\/wp-content\/uploads\/FRESHWATERSYSTEM_RENDER-300x239.png 300w, https:\/\/vetus.com\/wp-content\/uploads\/FRESHWATERSYSTEM_RENDER-768x612.png 768w, https:\/\/vetus.com\/wp-content\/uploads\/FRESHWATERSYSTEM_RENDER-210x167.png 210w, https:\/\/vetus.com\/wp-content\/uploads\/FRESHWATERSYSTEM_RENDER-330x263.png 330w, https:\/\/vetus.com\/wp-content\/uploads\/FRESHWATERSYSTEM_RENDER-431x344.png 431w, https:\/\/vetus.com\/wp-content\/uploads\/FRESHWATERSYSTEM_RENDER-507x404.png 507w, https:\/\/vetus.com\/wp-content\/uploads\/FRESHWATERSYSTEM_RENDER-530x422.png 530w, https:\/\/vetus.com\/wp-content\/uploads\/FRESHWATERSYSTEM_RENDER-690x550.png 690w, https:\/\/vetus.com\/wp-content\/uploads\/FRESHWATERSYSTEM_RENDER-930x741.png 930w, https:\/\/vetus.com\/wp-content\/uploads\/FRESHWATERSYSTEM_RENDER-1170x932.png 1170w\" sizes=\"(max-width: 1280px) 100vw, 1280px\" \/><\/p>\n<p>Progettare un impianto di acqua dolce con VETUS \u00e8 facile. I componenti principali sono:<\/p>\n<h4>Serbatoio acqua<\/h4>\n<p>I serbatoi per acqua dolce VETUS sono semplici da installare, di facile manutenzione e compatti per risparmiare spazio.<\/p>\n<p>VETUS offre tre tipi di serbatoi a seconda delle esigenze e dello spazio a disposizione: serbatoi rigidi in materiale sintetico di alta qualit\u00e0, disponibili in diverse forme e dimensioni; serbatoi pronti all&#8217;uso, dotati di pompa elettrica per le acque reflue, indicatore di livello del serbatoio, coperchio di ispezione e tutti i collegamenti necessari per i tubi di scarico e di sfiato; serbatoi flessibili per l&#8217;acqua, realizzati in materiale resistente e facilmente posizionabili in punti normalmente difficili da raggiungere.<\/p>\n<h4>Scaldabagni<\/h4>\n<p>Il design a doppia parete dello scaldabagno VETUS riscalda l&#8217;acqua fresca da cinque a sette volte pi\u00f9 velocemente rispetto ai modelli tradizionali.<\/p>\n<h4>Autoclavi<\/h4>\n<p>In questo modo si ottiene un flusso d&#8217;acqua costante nel circuito dell&#8217;acqua dolce dell&#8217;imbarcazione.<\/p>\n<h4>Accessori<\/h4>\n<p>Infine, per completare il sistema sono necessari tubi flessibili, kit di collegamento, sensori di livello e indicatori del serbatoio.<\/p>\n<p><strong>Pulizia e ispezione dei serbatoi<\/strong><\/p>\n<p>L&#8217;acqua del serbatoio dell&#8217;acqua dolce della barca non rimarr\u00e0 sempre fresca e dovr\u00e0 essere ispezionata e pulita regolarmente. \u00c8 fondamentale avere un facile accesso al serbatoio dell&#8217;acqua dolce per l&#8217;ispezione e la pulizia. Il sistema all-in-one <a href=\"https:\/\/webshop.vetus.com\/en\/product\/iltcond-connection-kit\">ILT di VETUS<\/a> \u00e8 dotato di un innovativo tappo di ispezione facile da aprire anche dopo essere stato chiuso per molto tempo. VETUS consiglia di installare tutti i coperchi d&#8217;ispezione necessari per controllare, sciacquare e pulire a fondo il serbatoio nell&#8217;ambito di un programma di manutenzione annuale. Poich\u00e9 la crescita dei batteri aumenta esponenzialmente con il passare del tempo, una regolare manutenzione preventiva \u00e8 fondamentale per garantire l&#8217;affidabilit\u00e0 di questi sistemi critici.<\/p>\n<p>Il design &#8220;stringi&amp;sigilla&#8221; del tappo di ispezione\u00a0 dell&#8217;ILT semplifica l&#8217;installazione, rendendo la realizzazione di un foro di \u00d8 159 mm la parte pi\u00f9 difficile dell&#8217;installazione.<\/p>\n<p><a href=\"https:\/\/webshop.vetus.com\/en\/products\/fresh-water-systems\">Cliccate qui per saperne di pi\u00f9 sulla gamma di sistemi per acqua dolce VETUS.<\/a><\/p>\n<h4><\/h4>\n<p><img decoding=\"async\" class=\"alignnone wp-image-85807\" src=\"https:\/\/vetus.com\/wp-content\/uploads\/ILTCOND_XLRES-300x300.jpg\" alt=\"\" width=\"1280\" height=\"1280\" srcset=\"https:\/\/vetus.com\/wp-content\/uploads\/ILTCOND_XLRES-300x300.jpg 300w, https:\/\/vetus.com\/wp-content\/uploads\/ILTCOND_XLRES-150x150.jpg 150w, https:\/\/vetus.com\/wp-content\/uploads\/ILTCOND_XLRES-768x768.jpg 768w, https:\/\/vetus.com\/wp-content\/uploads\/ILTCOND_XLRES-210x210.jpg 210w, https:\/\/vetus.com\/wp-content\/uploads\/ILTCOND_XLRES-330x330.jpg 330w, https:\/\/vetus.com\/wp-content\/uploads\/ILTCOND_XLRES-431x431.jpg 431w, https:\/\/vetus.com\/wp-content\/uploads\/ILTCOND_XLRES-507x507.jpg 507w, https:\/\/vetus.com\/wp-content\/uploads\/ILTCOND_XLRES-530x530.jpg 530w, https:\/\/vetus.com\/wp-content\/uploads\/ILTCOND_XLRES-690x690.jpg 690w, https:\/\/vetus.com\/wp-content\/uploads\/ILTCOND_XLRES-930x930.jpg 930w, https:\/\/vetus.com\/wp-content\/uploads\/ILTCOND_XLRES-1170x1170.jpg 1170w, https:\/\/vetus.com\/wp-content\/uploads\/ILTCOND_XLRES.jpg 1500w\" sizes=\"(max-width: 1280px) 100vw, 1280px\" \/><\/p>\n<p><strong>Sistemi di acque nere:<\/strong> N<strong>avigare e smaltire responsabilmente in mare<\/strong><\/p>\n<p>La navigazione in mare comporta la responsabilit\u00e0 di salvaguardare la sua bellezza incontaminata e la responsabilit\u00e0 di essere in qualche modo custodi dell&#8217;ambiente. Lo smaltimento dei rifiuti sulle imbarcazioni richiede un approccio ponderato, che tenga conto sia della convenienza che dell&#8217;impatto ambientale. VETUS sostiene una gestione responsabile dei rifiuti, riconoscendo il delicato equilibrio tra le comodit\u00e0 moderne e la conservazione dei nostri oceani.<\/p>\n<p>Come per i nostri sistemi per l&#8217;acqua dolce, VETUS impiega materiali sofisticati nella realizzazione dei sistemi per acque nere. Il nostro impegno per la sostenibilit\u00e0 va oltre la funzionalit\u00e0, garantendo che i materiali utilizzati contribuiscano a ridurre al minimo l&#8217;impronta ecologica. Oggi gli armatori possono navigare in tutta tranquillit\u00e0, sapendo che i loro sistemi di scarico sono in linea con i loro valori ambientali.<\/p>\n<h3>Perch\u00e8 scegliere un Sistema VETUS per le acque nere?<\/h3>\n<p><img decoding=\"async\" class=\"alignnone wp-image-85686\" src=\"https:\/\/vetus.com\/wp-content\/uploads\/waste_water_System_small-300x212.png\" alt=\"\" width=\"1280\" height=\"905\" srcset=\"https:\/\/vetus.com\/wp-content\/uploads\/waste_water_System_small-300x212.png 300w, https:\/\/vetus.com\/wp-content\/uploads\/waste_water_System_small-768x543.png 768w, https:\/\/vetus.com\/wp-content\/uploads\/waste_water_System_small-210x148.png 210w, https:\/\/vetus.com\/wp-content\/uploads\/waste_water_System_small-330x233.png 330w, https:\/\/vetus.com\/wp-content\/uploads\/waste_water_System_small-431x305.png 431w, https:\/\/vetus.com\/wp-content\/uploads\/waste_water_System_small-507x358.png 507w, https:\/\/vetus.com\/wp-content\/uploads\/waste_water_System_small-530x375.png 530w, https:\/\/vetus.com\/wp-content\/uploads\/waste_water_System_small-690x488.png 690w, https:\/\/vetus.com\/wp-content\/uploads\/waste_water_System_small-930x657.png 930w, https:\/\/vetus.com\/wp-content\/uploads\/waste_water_System_small-1170x827.png 1170w, https:\/\/vetus.com\/wp-content\/uploads\/waste_water_System_small.png 1754w\" sizes=\"(max-width: 1280px) 100vw, 1280px\" \/><\/p>\n<p>I sistemi per acque nere VETUS sono semplici da installare, di facile manutenzione e compatti per risparmiare spazio. I sistemi vengono forniti con pompa, tubo di scarico, sfiato, coperchio di ispezione e sensore ad ultrasuoni gi\u00e0 montati. Alcuni suggerimenti per l&#8217;installazione:<\/p>\n<p><strong>Tubi flessibili:<\/strong> Assicurarsi che i tubi di scarico siano installati correttamente con una caduta costante verso il serbatoio di stoccaggio. Sciacquare accuratamente i tubi con una quantit\u00e0 sufficiente di acqua dolce ogni volta che si utilizza la toilette.<\/p>\n<p><strong>Risciacquo:<\/strong> sciacquare a sufficienza i tubi flessibili. Anche l&#8217;installazione di una toilette elettrica VETUS \u00e8 utile. Queste toilette sono dotate di una potente pompa maceratore con scarico da 19 mm che assicura che tutta l&#8217;acqua di scarico venga pompata attraverso i tubi ad alta pressione e che sia necessaria meno acqua per il risciacquo.<\/p>\n<p><strong>Serbatoio di stoccaggio:<\/strong> Le pareti spesse dei serbatoi in plastica VETUS li rendono completamente inodore. Il kit di collegamento dei tubi e i raccordi con guarnizioni a tenuta stagna garantiscono l&#8217;assenza di perdite. Svuotare e sciacquare regolarmente il serbatoio. Tutti i serbatoi \u00a0le vasche di scarico VETUS sono certificate secondo la norma ISO 8099.<\/p>\n<p><strong>Ventilazione:<\/strong> Una ventilazione adeguata \u00e8 il requisito principale per un sistema inodore. \u00c8 molto importante che il serbatoio sia ben ventilato. Per la ventilazione, utilizzare raccordi di grande diametro e tubi flessibili VETUS. Assicurarsi che i tubi non siano intasati! Come opzione, \u00e8 possibile installare un filtro No-Smell nei tubi di ventilazione.<\/p>\n<p><strong>Tank Fresh:<\/strong> Un concentrato di batteri completamente organici che decompongono le feci nel sistema di acque reflue senza emettere alcun odore. Qualsiasi sistema di acque reflue ben progettato pu\u00f2 funzionare praticamente senza odori semplicemente utilizzando Tank Fresh.<\/p>\n<h3><strong>Toilette elettriche<\/strong><\/h3>\n<p>I WC elettrici VETUS sono dotati di sedile\/coperchio di alta qualit\u00e0 con chiusura rallentata e sgancio rapido e si azionano premendo un pulsante. Manutenzione ridotta e basso consumo d&#8217;acqua. Sono dotati di una pompa maceratore a bassissima rumorosit\u00e0 e richiedono solo uno scarico di 19 mm di diametro.<\/p>\n<p>Dotato di vaso in porcellana, lame maceratore in acciaio inox (AISI 316) e valvola di non ritorno.<\/p>\n<h3><strong>Tappi di ispezione e accessori per le acque nere<\/strong><\/h3>\n<p>Come per i sistemi di acqua dolce, il tappo di ispezione VETUS modello ILT consente un facile accesso al serbatoio delle acque nere.<\/p>\n<p>Anche se non \u00e8 obbligatorio come per i serbatoi del carburante, un&#8217;ampio tappo di ispezione in un serbatoio delle acque nere ne facilita la pulizia. La presenza di tutti i collegamenti in un unico punto semplifica inoltre le operazioni. La flangia per le acque nere VETUS, da abbinare al tappo ILT, viene fornita con tutto il necessario. Per il vostro serbatoio delle acque nere, non importa se si tratta di un serbatoio personalizzato in acciaio, alluminio o di un serbatoio rigido VETUS. Per rendere l&#8217;apertura e la chiusura dei <a href=\"https:\/\/webshop.vetus.com\/en\/product\/iltconw-connection-kit\">coperchi ILT<\/a> facile e senza problemi, VETUS ha sviluppato WRILT, una chiave di apertura per il coperchio, ben progettata per facilitare il movimento dei coperchi pi\u00f9 ostinati.<\/p>\n<p><a href=\"https:\/\/webshop.vetus.com\/en\/products\/waste-water-systems\">Clicca qui per saperne di pi\u00f9 sulla gamma di prodotti VETUS per le acque nere<\/a><\/p>\n<h3><img decoding=\"async\" class=\"alignnone wp-image-86521\" src=\"https:\/\/vetus.com\/wp-content\/uploads\/ILTCONW_XLRES-1-300x300.jpg\" alt=\"\" width=\"1280\" height=\"1280\" srcset=\"https:\/\/vetus.com\/wp-content\/uploads\/ILTCONW_XLRES-1-300x300.jpg 300w, https:\/\/vetus.com\/wp-content\/uploads\/ILTCONW_XLRES-1-150x150.jpg 150w, https:\/\/vetus.com\/wp-content\/uploads\/ILTCONW_XLRES-1-768x768.jpg 768w, https:\/\/vetus.com\/wp-content\/uploads\/ILTCONW_XLRES-1-210x210.jpg 210w, https:\/\/vetus.com\/wp-content\/uploads\/ILTCONW_XLRES-1-330x330.jpg 330w, https:\/\/vetus.com\/wp-content\/uploads\/ILTCONW_XLRES-1-431x431.jpg 431w, https:\/\/vetus.com\/wp-content\/uploads\/ILTCONW_XLRES-1-507x507.jpg 507w, https:\/\/vetus.com\/wp-content\/uploads\/ILTCONW_XLRES-1-530x530.jpg 530w, https:\/\/vetus.com\/wp-content\/uploads\/ILTCONW_XLRES-1-690x690.jpg 690w, https:\/\/vetus.com\/wp-content\/uploads\/ILTCONW_XLRES-1-930x930.jpg 930w, https:\/\/vetus.com\/wp-content\/uploads\/ILTCONW_XLRES-1-1170x1170.jpg 1170w, https:\/\/vetus.com\/wp-content\/uploads\/ILTCONW_XLRES-1.jpg 1500w\" sizes=\"(max-width: 1280px) 100vw, 1280px\" \/><\/h3>\n<h3><strong>Navigare in modo responsabile<\/strong><\/h3>\n<p>Il nostro legame con il mare va oltre l&#8217;emozione del vento nelle vele. Comporta un impegno a vivere in modo responsabile, sia per noi che per l&#8217;ambiente. Noi di VETUS comprendiamo questo legame e ci sforziamo di migliorare la vostra esperienza in mare fornendovi sofisticati sistemi di scarico e di acqua dolce.<\/p>\n<p>Sia che stiate esplorando coste lontane o che siate ancorati in una baia isolata, lasciate che il vostro viaggio sia segnato dall&#8217;uso responsabile dell&#8217;acqua e dallo smaltimento consapevole dei rifiuti. Scegliete i sistemi che riflettono il vostro impegno per la sostenibilit\u00e0.<\/p>\n                                <\/div>\n                            \n                                                    <\/div>\n                    <\/div>\n                <\/div>\n            <\/div>\n        <\/div>\n    <\/section><\/section>","protected":false},"excerpt":{"rendered":"","protected":false},"author":26,"featured_media":0,"parent":59199,"menu_order":0,"comment_status":"closed","ping_status":"closed","template":"tpl-blog-large-header.php","meta":{"_acf_changed":false,"footnotes":""},"class_list":["post-86245","page","type-page","status-publish","hentry"],"acf":{"image":{"ID":86446,"id":86446,"title":"Untitled-1","filename":"Untitled-1-2.png","filesize":626896,"url":"https:\/\/vetus.com\/wp-content\/uploads\/Untitled-1-2.png","link":"https:\/\/vetus.com\/it\/blog\/untitled-1-7-2\/","alt":"","author":"20","description":"","caption":"","name":"untitled-1-7-2","status":"inherit","uploaded_to":59199,"date":"2024-04-10 06:46:28","modified":"2024-04-10 06:46:28","menu_order":0,"mime_type":"image\/png","type":"image","subtype":"png","icon":"https:\/\/vetus.com\/wp-includes\/images\/media\/default.png","width":900,"height":500,"sizes":{"thumbnail":"https:\/\/vetus.com\/wp-content\/uploads\/Untitled-1-2-150x150.png","thumbnail-width":150,"thumbnail-height":150,"medium":"https:\/\/vetus.com\/wp-content\/uploads\/Untitled-1-2-300x167.png","medium-width":300,"medium-height":167,"medium_large":"https:\/\/vetus.com\/wp-content\/uploads\/Untitled-1-2-768x427.png","medium_large-width":768,"medium_large-height":427,"large":"https:\/\/vetus.com\/wp-content\/uploads\/Untitled-1-2.png","large-width":900,"large-height":500,"1536x1536":"https:\/\/vetus.com\/wp-content\/uploads\/Untitled-1-2.png","1536x1536-width":900,"1536x1536-height":500,"2048x2048":"https:\/\/vetus.com\/wp-content\/uploads\/Untitled-1-2.png","2048x2048-width":900,"2048x2048-height":500,"210w":"https:\/\/vetus.com\/wp-content\/uploads\/Untitled-1-2-210x117.png","210w-width":210,"210w-height":117,"330w":"https:\/\/vetus.com\/wp-content\/uploads\/Untitled-1-2-330x183.png","330w-width":330,"330w-height":183,"431w":"https:\/\/vetus.com\/wp-content\/uploads\/Untitled-1-2-431x239.png","431w-width":431,"431w-height":239,"507w":"https:\/\/vetus.com\/wp-content\/uploads\/Untitled-1-2-507x282.png","507w-width":507,"507w-height":282,"530w":"https:\/\/vetus.com\/wp-content\/uploads\/Untitled-1-2-530x294.png","530w-width":530,"530w-height":294,"690w":"https:\/\/vetus.com\/wp-content\/uploads\/Untitled-1-2-690x383.png","690w-width":690,"690w-height":383,"930w":"https:\/\/vetus.com\/wp-content\/uploads\/Untitled-1-2.png","930w-width":900,"930w-height":500,"1170w":"https:\/\/vetus.com\/wp-content\/uploads\/Untitled-1-2.png","1170w-width":900,"1170w-height":500,"gform-image-choice-sm":"https:\/\/vetus.com\/wp-content\/uploads\/Untitled-1-2.png","gform-image-choice-sm-width":300,"gform-image-choice-sm-height":167,"gform-image-choice-md":"https:\/\/vetus.com\/wp-content\/uploads\/Untitled-1-2.png","gform-image-choice-md-width":400,"gform-image-choice-md-height":222,"gform-image-choice-lg":"https:\/\/vetus.com\/wp-content\/uploads\/Untitled-1-2.png","gform-image-choice-lg-width":600,"gform-image-choice-lg-height":333}},"introduction":"La filosofia VETUS \u00e8 quella di una nautica sostenibile, ottenuta concentrandosi sulla qualit\u00e0 degli elementi che compongono gli impianti delle imbarcazioni e garantire un'esperienza responsabile e divertente. I diportisti condividono con noi un profondo legame con il mare e comprendono l'importanza di preservarne la purezza. Per questo motivo, in questo blog esploreremo gli aspetti spesso trascurati ma cruciali dei sistemi di acqua dolce e di acqua di scarico a bordo delle imbarcazioni.","person":false,"title":"Navigare in modo sostenibile"},"yoast_head":"<!-- This site is optimized with the Yoast SEO Premium plugin v27.4 (Yoast SEO v27.4) - https:\/\/yoast.com\/product\/yoast-seo-premium-wordpress\/ -->\n<title>Blog \u2013 Impianti acqua VETUS e i sistemi ILT - VETUS<\/title>\n<meta name=\"robots\" content=\"index, follow, max-snippet:-1, max-image-preview:large, max-video-preview:-1\" \/>\n<link rel=\"canonical\" href=\"https:\/\/vetus.com\/it\/blog\/boating-sustainably-a-dive-into-freshwater-and-wastewater-systems\/\" \/>\n<meta property=\"og:locale\" content=\"it_IT\" \/>\n<meta property=\"og:type\" content=\"article\" \/>\n<meta property=\"og:title\" content=\"Blog \u2013 Impianti acqua VETUS e i sistemi ILT\" \/>\n<meta property=\"og:url\" content=\"https:\/\/vetus.com\/it\/blog\/boating-sustainably-a-dive-into-freshwater-and-wastewater-systems\/\" \/>\n<meta property=\"og:site_name\" content=\"VETUS\" \/>\n<meta property=\"article:modified_time\" content=\"2026-03-19T10:01:26+00:00\" \/>\n<meta name=\"twitter:card\" content=\"summary_large_image\" \/>\n<meta name=\"twitter:label1\" content=\"Tempo di lettura stimato\" \/>\n\t<meta name=\"twitter:data1\" content=\"7 minuti\" \/>\n<script type=\"application\/ld+json\" class=\"yoast-schema-graph\">{\"@context\":\"https:\\\/\\\/schema.org\",\"@graph\":[{\"@type\":\"WebPage\",\"@id\":\"https:\\\/\\\/vetus.com\\\/it\\\/blog\\\/boating-sustainably-a-dive-into-freshwater-and-wastewater-systems\\\/\",\"url\":\"https:\\\/\\\/vetus.com\\\/it\\\/blog\\\/boating-sustainably-a-dive-into-freshwater-and-wastewater-systems\\\/\",\"name\":\"Blog \u2013 Impianti acqua VETUS e i sistemi ILT - VETUS\",\"isPartOf\":{\"@id\":\"https:\\\/\\\/vetus.com\\\/it\\\/#website\"},\"datePublished\":\"2024-04-09T07:49:56+00:00\",\"dateModified\":\"2026-03-19T10:01:26+00:00\",\"breadcrumb\":{\"@id\":\"https:\\\/\\\/vetus.com\\\/it\\\/blog\\\/boating-sustainably-a-dive-into-freshwater-and-wastewater-systems\\\/#breadcrumb\"},\"inLanguage\":\"it-IT\",\"potentialAction\":[{\"@type\":\"ReadAction\",\"target\":[\"https:\\\/\\\/vetus.com\\\/it\\\/blog\\\/boating-sustainably-a-dive-into-freshwater-and-wastewater-systems\\\/\"]}]},{\"@type\":\"BreadcrumbList\",\"@id\":\"https:\\\/\\\/vetus.com\\\/it\\\/blog\\\/boating-sustainably-a-dive-into-freshwater-and-wastewater-systems\\\/#breadcrumb\",\"itemListElement\":[{\"@type\":\"ListItem\",\"position\":1,\"name\":\"Home\",\"item\":\"https:\\\/\\\/vetus.com\\\/it\\\/\"},{\"@type\":\"ListItem\",\"position\":2,\"name\":\"Blog\",\"item\":\"https:\\\/\\\/vetus.com\\\/it\\\/blog\\\/\"},{\"@type\":\"ListItem\",\"position\":3,\"name\":\"Blog \u2013 Impianti acqua VETUS e i sistemi ILT\"}]},{\"@type\":\"WebSite\",\"@id\":\"https:\\\/\\\/vetus.com\\\/it\\\/#website\",\"url\":\"https:\\\/\\\/vetus.com\\\/it\\\/\",\"name\":\"VETUS\",\"description\":\"\",\"potentialAction\":[{\"@type\":\"SearchAction\",\"target\":{\"@type\":\"EntryPoint\",\"urlTemplate\":\"https:\\\/\\\/vetus.com\\\/it\\\/?s={search_term_string}\"},\"query-input\":{\"@type\":\"PropertyValueSpecification\",\"valueRequired\":true,\"valueName\":\"search_term_string\"}}],\"inLanguage\":\"it-IT\"}]}<\/script>\n<!-- \/ Yoast SEO Premium plugin. -->","yoast_head_json":{"title":"Blog \u2013 Impianti acqua VETUS e i sistemi ILT - VETUS","robots":{"index":"index","follow":"follow","max-snippet":"max-snippet:-1","max-image-preview":"max-image-preview:large","max-video-preview":"max-video-preview:-1"},"canonical":"https:\/\/vetus.com\/it\/blog\/boating-sustainably-a-dive-into-freshwater-and-wastewater-systems\/","og_locale":"it_IT","og_type":"article","og_title":"Blog \u2013 Impianti acqua VETUS e i sistemi ILT","og_url":"https:\/\/vetus.com\/it\/blog\/boating-sustainably-a-dive-into-freshwater-and-wastewater-systems\/","og_site_name":"VETUS","article_modified_time":"2026-03-19T10:01:26+00:00","twitter_card":"summary_large_image","twitter_misc":{"Tempo di lettura stimato":"7 minuti"},"schema":{"@context":"https:\/\/schema.org","@graph":[{"@type":"WebPage","@id":"https:\/\/vetus.com\/it\/blog\/boating-sustainably-a-dive-into-freshwater-and-wastewater-systems\/","url":"https:\/\/vetus.com\/it\/blog\/boating-sustainably-a-dive-into-freshwater-and-wastewater-systems\/","name":"Blog \u2013 Impianti acqua VETUS e i sistemi ILT - VETUS","isPartOf":{"@id":"https:\/\/vetus.com\/it\/#website"},"datePublished":"2024-04-09T07:49:56+00:00","dateModified":"2026-03-19T10:01:26+00:00","breadcrumb":{"@id":"https:\/\/vetus.com\/it\/blog\/boating-sustainably-a-dive-into-freshwater-and-wastewater-systems\/#breadcrumb"},"inLanguage":"it-IT","potentialAction":[{"@type":"ReadAction","target":["https:\/\/vetus.com\/it\/blog\/boating-sustainably-a-dive-into-freshwater-and-wastewater-systems\/"]}]},{"@type":"BreadcrumbList","@id":"https:\/\/vetus.com\/it\/blog\/boating-sustainably-a-dive-into-freshwater-and-wastewater-systems\/#breadcrumb","itemListElement":[{"@type":"ListItem","position":1,"name":"Home","item":"https:\/\/vetus.com\/it\/"},{"@type":"ListItem","position":2,"name":"Blog","item":"https:\/\/vetus.com\/it\/blog\/"},{"@type":"ListItem","position":3,"name":"Blog \u2013 Impianti acqua VETUS e i sistemi ILT"}]},{"@type":"WebSite","@id":"https:\/\/vetus.com\/it\/#website","url":"https:\/\/vetus.com\/it\/","name":"VETUS","description":"","potentialAction":[{"@type":"SearchAction","target":{"@type":"EntryPoint","urlTemplate":"https:\/\/vetus.com\/it\/?s={search_term_string}"},"query-input":{"@type":"PropertyValueSpecification","valueRequired":true,"valueName":"search_term_string"}}],"inLanguage":"it-IT"}]}},"_links":{"self":[{"href":"https:\/\/vetus.com\/it\/wp-json\/wp\/v2\/pages\/86245","targetHints":{"allow":["GET"]}}],"collection":[{"href":"https:\/\/vetus.com\/it\/wp-json\/wp\/v2\/pages"}],"about":[{"href":"https:\/\/vetus.com\/it\/wp-json\/wp\/v2\/types\/page"}],"author":[{"embeddable":true,"href":"https:\/\/vetus.com\/it\/wp-json\/wp\/v2\/users\/26"}],"replies":[{"embeddable":true,"href":"https:\/\/vetus.com\/it\/wp-json\/wp\/v2\/comments?post=86245"}],"version-history":[{"count":5,"href":"https:\/\/vetus.com\/it\/wp-json\/wp\/v2\/pages\/86245\/revisions"}],"predecessor-version":[{"id":124121,"href":"https:\/\/vetus.com\/it\/wp-json\/wp\/v2\/pages\/86245\/revisions\/124121"}],"up":[{"embeddable":true,"href":"https:\/\/vetus.com\/it\/wp-json\/wp\/v2\/pages\/59199"}],"wp:attachment":[{"href":"https:\/\/vetus.com\/it\/wp-json\/wp\/v2\/media?parent=86245"}],"curies":[{"name":"wp","href":"https:\/\/api.w.org\/{rel}","templated":true}]}}