{"id":82571,"date":"2024-01-24T15:12:12","date_gmt":"2024-01-24T13:12:12","guid":{"rendered":"https:\/\/vetus.com\/?page_id=82571"},"modified":"2024-01-31T12:55:01","modified_gmt":"2024-01-31T10:55:01","slug":"blog-musone-retrattile-elettrico","status":"publish","type":"page","link":"https:\/\/vetus.com\/it\/blog\/blog-musone-retrattile-elettrico\/","title":{"rendered":"Blog &#8211; Musone retrattile elettrico"},"content":{"rendered":"\n<section class=\"section  \">\n    \n\n<section id=\"section-text-block-block_186ad9d34e503a198afd3544e0b54557\" class=\"section text-block \">\n                    <div class=\"section section__body\">\n            <div class=\"text-block\">\n                <div class=\"container\">\n                    <div class=\"row\">\n                        <div class=\"col-lg-8 offset-lg-2\">\n                                                            <div class=\"section__content single__content hentry\">\n                                    <h3><strong>Come funziona?<\/strong><\/h3>\n<p>Ci\u00f2 che distingue il nostro sistema \u00e8 la facilit\u00e0 di utilizzo. Basta premere un solo pulsante per aprire il portello, dispiegare il braccio e chiudere il portello in modo sicuro con un unico rapido movimento.<\/p>\n<p>Grazie all&#8217;azionamento rapido, l&#8217;ancora esce e il portello si chiude in meno di 20 secondi, riducendo al minimo i tempi di inattivit\u00e0 e garantendo l&#8217;efficienza. Grazie alle versatili opzioni di alimentazione a 12V, 24V, 48V o idraulica, il nostro sistema garantisce la compatibilit\u00e0 con un&#8217;ampia gamma di allestimenti.<\/p>\n<p>Il nostro sistema di attuatori possiede una gamma di caratteristiche chiave che lo rendono una scelta di spicco per gli appassionati di nautica. Le frizioni integrate garantiscono arresti morbidi durante l&#8217;estensione o la ritrazione del musone. Questo garantisce precisione e delicatezza nella gestione dell\u2019ancoraggio. Il musone retrattile \u00e8 compatibile con un&#8217;ampia gamma di verricelli Maxwell.<\/p>\n<p>Per soddisfare le esigenze estetiche e funzionali della vostra imbarcazione, sono disponibili numerose opzioni. \u00c8 possibile scegliere tra una serie di finiture. Queste includono acciaio inox lucidato a specchio, acciaio inox satinato o opzioni verniciate a polvere. Rulli, perni e ferma catena sono semplici da rimuovere e sostituire.<\/p>\n<h3><strong>Pu\u00f2 resistere al mare mosso? Oppure si piegherebbe o si romperebbe?<\/strong><\/h3>\n<p>Tutti i musoni di prua Maxwell mantengono circa l&#8217;80% del carico di rottura della catena sul piano verticale. Se il braccio subisce forze laterali insolitamente elevate a causa dell&#8217;oscillazione dell&#8217;imbarcazione, c&#8217;\u00e8 il rischio che si possa piegare, come per qualsiasi musone di prua.<\/p>\n<h3><strong>Sembra una soluzione costosa. \u00c8 vero?<\/strong><\/h3>\n<p>Le preoccupazioni sul costo e sulle spese di riparazione di questo prodotto non sono del tutto infondate, ma \u00e8 essenziale considerare i fattori che contribuiscono al suo prezzo. La maggior parte del costo risiede nella fabbricazione di componenti robusti, come l&#8217;acciaio inox 316 ed il riduttore, costruiti per resistere efficacemente all&#8217;usura.<\/p>\n<p>\u00c8 fondamentale ricordare che la qualit\u00e0 ha spesso un prezzo pi\u00f9 alto. Ci\u00f2 non significa necessariamente che sia costosa nel lungo periodo. Il braccio \u00e8 realizzato con cura in acciaio inox 316L di prima qualit\u00e0 per uso marino, con possibilit\u00e0 di finitura lucidata a specchio o sabbiata. Questo design garantisce versatilit\u00e0 e ancoraggio senza preoccupazioni in varie condizioni. Grazie a un sistema snello composto da componenti di alto livello, la manutenzione del musone di prua retrattile \u00e8 semplice ed efficace in termini di costi, garantendo un valore eccellente. Il musone di prua retrattile \u00e8 coperto da garanzia standard.<\/p>\n                                <\/div>\n                            \n                                                    <\/div>\n                    <\/div>\n                <\/div>\n            <\/div>\n        <\/div>\n    <\/section><section id=\"section-gallery-block_186ad9d34e503a198afd3544e0b54557\" class=\"section gallery \">\n                <div class=\"section__body gallery__body\">\n            <div class=\"container\">\n                <div class=\"row row--col-margin-medium justify-content-center\">\n                                            <div class=\"col-8 col-sm-4 offset-sm-0\">\n                            <div class=\"gallery__media media media--clipped ratio\">\n                                <div class=\"media__wrapper\">\n                                    <img decoding=\"async\" width=\"690\" height=\"518\" src=\"https:\/\/vetus.com\/wp-content\/uploads\/IMG_5109-1-690x518.jpeg\" class=\"media__src img-fit\" alt=\"Blog - Musone retrattile elettrico\" srcset=\"https:\/\/vetus.com\/wp-content\/uploads\/IMG_5109-1-690x518.jpeg 690w, https:\/\/vetus.com\/wp-content\/uploads\/IMG_5109-1-300x225.jpeg 300w, https:\/\/vetus.com\/wp-content\/uploads\/IMG_5109-1-768x576.jpeg 768w, https:\/\/vetus.com\/wp-content\/uploads\/IMG_5109-1-210x158.jpeg 210w, https:\/\/vetus.com\/wp-content\/uploads\/IMG_5109-1-330x248.jpeg 330w, https:\/\/vetus.com\/wp-content\/uploads\/IMG_5109-1-431x323.jpeg 431w, https:\/\/vetus.com\/wp-content\/uploads\/IMG_5109-1-507x380.jpeg 507w, https:\/\/vetus.com\/wp-content\/uploads\/IMG_5109-1-530x398.jpeg 530w, https:\/\/vetus.com\/wp-content\/uploads\/IMG_5109-1-930x698.jpeg 930w, https:\/\/vetus.com\/wp-content\/uploads\/IMG_5109-1-1170x878.jpeg 1170w, https:\/\/vetus.com\/wp-content\/uploads\/IMG_5109-1.jpeg 2048w\" sizes=\"auto, (max-width: 575.98px) 431px, (max-width: 767.98px) 530px, (max-width: 991.98px) 330px, (max-width: 1279.98px) 431px, (max-width: 1899.98px) 530px, 690px\" loading=\"lazy\" \/>                                <\/div>\n                            <\/div>\n                        <\/div>\n                                            <div class=\"col-8 col-sm-4 offset-sm-0\">\n                            <div class=\"gallery__media media media--clipped ratio\">\n                                <div class=\"media__wrapper\">\n                                    <img decoding=\"async\" width=\"690\" height=\"920\" src=\"https:\/\/vetus.com\/wp-content\/uploads\/IMG_5111-690x920.jpeg\" class=\"media__src img-fit\" alt=\"Blog - Musone retrattile elettrico\" srcset=\"https:\/\/vetus.com\/wp-content\/uploads\/IMG_5111-690x920.jpeg 690w, https:\/\/vetus.com\/wp-content\/uploads\/IMG_5111-225x300.jpeg 225w, https:\/\/vetus.com\/wp-content\/uploads\/IMG_5111-768x1024.jpeg 768w, https:\/\/vetus.com\/wp-content\/uploads\/IMG_5111-210x280.jpeg 210w, https:\/\/vetus.com\/wp-content\/uploads\/IMG_5111-330x440.jpeg 330w, https:\/\/vetus.com\/wp-content\/uploads\/IMG_5111-431x575.jpeg 431w, https:\/\/vetus.com\/wp-content\/uploads\/IMG_5111-507x676.jpeg 507w, https:\/\/vetus.com\/wp-content\/uploads\/IMG_5111-530x707.jpeg 530w, https:\/\/vetus.com\/wp-content\/uploads\/IMG_5111-930x1240.jpeg 930w, https:\/\/vetus.com\/wp-content\/uploads\/IMG_5111-1170x1560.jpeg 1170w, https:\/\/vetus.com\/wp-content\/uploads\/IMG_5111.jpeg 1536w\" sizes=\"auto, (max-width: 575.98px) 431px, (max-width: 767.98px) 530px, (max-width: 991.98px) 330px, (max-width: 1279.98px) 431px, (max-width: 1899.98px) 530px, 690px\" loading=\"lazy\" \/>                                <\/div>\n                            <\/div>\n                        <\/div>\n                                    <\/div>\n            <\/div>\n        <\/div>\n    <\/section>\n\n<section id=\"section-text-block-block_186ad9d34e503a198afd3544e0b54557\" class=\"section text-block \">\n                    <div class=\"section section__body\">\n            <div class=\"text-block\">\n                <div class=\"container\">\n                    <div class=\"row\">\n                        <div class=\"col-lg-8 offset-lg-2\">\n                            \n                                                            <div class=\"section__actions text-block__actions actions\">\n                                    <div class=\"btn-group d-flex flex-wrap justify-content-center\">\n                                                                                    <a href=\"https:\/\/webshop.vetus.com\/en\/products\/maxwell-anchoring-systems\" class=\"btn btn-primary\" title=\"\" target=\"\">\n                                                <span>Scopri la gamma completa per l\u2019ancoraggio<\/span>\n                                            <\/a>\n                                        \n                                                                            <\/div>\n                                <\/div>\n                                                    <\/div>\n                    <\/div>\n                <\/div>\n            <\/div>\n        <\/div>\n    <\/section>\n\n<section id=\"section-text-block-block_186ad9d34e503a198afd3544e0b54557\" class=\"section text-block \">\n                    <div class=\"section section__body\">\n            <div class=\"text-block\">\n                <div class=\"container\">\n                    <div class=\"row\">\n                        <div class=\"col-lg-8 offset-lg-2\">\n                                                            <div class=\"section__content single__content hentry\">\n                                    <h3><strong>\u00c8 adatto a tutte a tutte le catene e a combinazioni cima\/catena?<\/strong><\/h3>\n<p>Il design del nostro attuatore funziona sia con le configurazioni di linee a tutta catena che con quelle a cima\/catena, offrendo una certa flessibilit\u00e0. Maxwell Marine offre diverse misure standard per ancore da 16 kg e 25 kg e pu\u00f2 comunque personalizzarle per altre misure. Il sistema include un rullo asimmetrico girevole per mantenere l&#8217;ancora sicura durante lo stivaggio, garantendo un ancoraggio sicuro e affidabile per tutti i tipi di imbarcazione e rendendo le vostre avventure in mare pi\u00f9 serene e prive di sorprese.<\/p>\n<h3><strong>Cosa succede se l\u2019impianto elettrico non funziona?<\/strong><\/h3>\n<p>Questo musone retrattile, realizzato in acciaio inossidabile di grado marino, resiste agli ambienti marini pi\u00f9 difficili. \u00c8 dotato di un ferma catena integrato, che aumenta la sicurezza e la stabilit\u00e0 durante le operazioni di ancoraggio. In caso di interruzione di corrente o quando si preferisce il funzionamento manuale, il sistema offre la possibilit\u00e0 di essere azionato manualmente. \u00c8 possibile allentare la frizione sul riduttore, che aziona il braccio, consentendo di estenderlo manualmente, per non rimanere mai bloccati.<\/p>\n<h3><strong>\u00c8 difficile da pulire?<\/strong><\/h3>\n<p>Per una maggiore praticit\u00e0, \u00e8 disponibile un accessorio per il lavaggio che integra un tubo e un ugello per la pulizia dell\u2019ancora e della catena, che rende la manutenzione e la pulizia incredibilmente facili. Con queste caratteristiche, il nostro sistema di ancoraggio non solo privilegia la sicurezza e l&#8217;affidabilit\u00e0, ma offre anche versatilit\u00e0 e facilit\u00e0 di utilizzo per tutte le vostre esigenze.<\/p>\n<h3><strong>Quindi non \u00e8 troppo complesso?<\/strong><\/h3>\n<p>Ogni parte mobile ha una funzione dedicata, abbiamo oltre 50 anni di esperienza nella produzione di attrezzature marine. Queste apparecchiature sono robuste e funzionano in modo affidabile anche se vengono immerse quotidianamente in acqua salata. La soluzione che utilizziamo \u00e8 tutt&#8217;altro che complicata ed \u00e8 una tecnologia ben collaudata.<\/p>\n<h3><strong>In conclusione<\/strong><\/h3>\n<p>Utilizzare un musone retrattile non \u00e8 solo una questione estetica, ma \u00e8 anche una miglioria per la stabilit\u00e0 e la sicurezza necessarie in acqua. La scelta dell&#8217;ancora corretta \u00e8 fondamentale per un\u2019esperienza ottimale sull\u2019acqua, che garantisce la sicurezza dell&#8217;imbarcazione durante le soste. \u00c8 importante sapere che questa soluzione di ancoraggio costituisce d\u00e0 l&#8217;affidabilit\u00e0 e il sostegno incrollabile di fronte a tutte le condizioni del mare. Non \u00e8 un semplice accessorio, ma serve ad aumentare la vostra sicurezza durante la navigazione.<\/p>\n<h3><strong>Il migliore al mondo<\/strong><\/h3>\n<p>Da oltre 50 anni, Maxwell Marine \u00e8 sinonimo di eccellenza nelle soluzioni di ancoraggio per imbarcazioni da diporto, superyacht e navi commerciali. Inoltre, la sua reputazione mondiale di eccellenza si \u00e8 evoluta grazie alla continua attivit\u00e0 di ricerca e sviluppo, alla progettazione, all&#8217;assistenza e ad un impegno senza pari per lo stile e la qualit\u00e0. Maxwell sa che i proprietari di imbarcazioni desiderano non solo attrezzature dal funzionamento impeccabile, ma anche prodotti esteticamente piacevoli e che rispondano ai loro standard di qualit\u00e0. L&#8217;industria nautica internazionale del diporto conosce i sistemi di ancoraggio Maxwell per la loro affidabilit\u00e0 e le loro prestazioni. La nostra gamma di verricelli, tonneggi e accessori \u00e8 ampia e fornisce soluzioni di ancoraggio per imbarcazioni fino a 100 metri.<\/p>\n                                <\/div>\n                            \n                                                            <div class=\"section__actions text-block__actions actions\">\n                                    <div class=\"btn-group d-flex flex-wrap justify-content-center\">\n                                                                                    <a href=\"https:\/\/online.flippingbook.com\/view\/38699728\/\" class=\"btn btn-primary\" title=\"\" target=\"\">\n                                                <span>Scarica il volantino<\/span>\n                                            <\/a>\n                                        \n                                                                            <\/div>\n                                <\/div>\n                                                    <\/div>\n                    <\/div>\n                <\/div>\n            <\/div>\n        <\/div>\n    <\/section><\/section>","protected":false},"excerpt":{"rendered":"","protected":false},"author":26,"featured_media":0,"parent":59199,"menu_order":0,"comment_status":"closed","ping_status":"closed","template":"tpl-blog-large-header.php","meta":{"_acf_changed":false,"footnotes":""},"class_list":["post-82571","page","type-page","status-publish","hentry"],"acf":{"image":{"ID":82713,"id":82713,"title":"Anchor Arm","filename":"Anchor-Arm.jpg","filesize":5599209,"url":"https:\/\/vetus.com\/wp-content\/uploads\/Anchor-Arm.jpg","link":"https:\/\/vetus.com\/it\/blog\/blog-musone-retrattile-elettrico\/anchor-arm-2\/","alt":"Blog - Musone retrattile elettrico","author":"24","description":"","caption":"","name":"anchor-arm-2","status":"inherit","uploaded_to":82571,"date":"2024-01-25 12:09:09","modified":"2024-01-29 14:40:38","menu_order":0,"mime_type":"image\/jpeg","type":"image","subtype":"jpeg","icon":"https:\/\/vetus.com\/wp-includes\/images\/media\/default.png","width":10051,"height":8409,"sizes":{"thumbnail":"https:\/\/vetus.com\/wp-content\/uploads\/Anchor-Arm.jpg","thumbnail-width":150,"thumbnail-height":125,"medium":"https:\/\/vetus.com\/wp-content\/uploads\/Anchor-Arm.jpg","medium-width":300,"medium-height":251,"medium_large":"https:\/\/vetus.com\/wp-content\/uploads\/Anchor-Arm.jpg","medium_large-width":768,"medium_large-height":643,"large":"https:\/\/vetus.com\/wp-content\/uploads\/Anchor-Arm.jpg","large-width":1024,"large-height":857,"1536x1536":"https:\/\/vetus.com\/wp-content\/uploads\/Anchor-Arm.jpg","1536x1536-width":1536,"1536x1536-height":1285,"2048x2048":"https:\/\/vetus.com\/wp-content\/uploads\/Anchor-Arm.jpg","2048x2048-width":2048,"2048x2048-height":1713,"210w":"https:\/\/vetus.com\/wp-content\/uploads\/Anchor-Arm.jpg","210w-width":210,"210w-height":176,"330w":"https:\/\/vetus.com\/wp-content\/uploads\/Anchor-Arm.jpg","330w-width":330,"330w-height":276,"431w":"https:\/\/vetus.com\/wp-content\/uploads\/Anchor-Arm.jpg","431w-width":431,"431w-height":361,"507w":"https:\/\/vetus.com\/wp-content\/uploads\/Anchor-Arm.jpg","507w-width":507,"507w-height":424,"530w":"https:\/\/vetus.com\/wp-content\/uploads\/Anchor-Arm.jpg","530w-width":530,"530w-height":443,"690w":"https:\/\/vetus.com\/wp-content\/uploads\/Anchor-Arm.jpg","690w-width":690,"690w-height":577,"930w":"https:\/\/vetus.com\/wp-content\/uploads\/Anchor-Arm.jpg","930w-width":930,"930w-height":778,"1170w":"https:\/\/vetus.com\/wp-content\/uploads\/Anchor-Arm.jpg","1170w-width":1170,"1170w-height":979,"gform-image-choice-sm":"https:\/\/vetus.com\/wp-content\/uploads\/Anchor-Arm.jpg","gform-image-choice-sm-width":300,"gform-image-choice-sm-height":251,"gform-image-choice-md":"https:\/\/vetus.com\/wp-content\/uploads\/Anchor-Arm.jpg","gform-image-choice-md-width":400,"gform-image-choice-md-height":335,"gform-image-choice-lg":"https:\/\/vetus.com\/wp-content\/uploads\/Anchor-Arm.jpg","gform-image-choice-lg-width":600,"gform-image-choice-lg-height":502}},"introduction":"Il musone retrattile elettrico Maxwell Marine nasce per gli armatori che desiderano un profilo di prua elegante e un un sistema di ancoraggio discreto. Con il suo design snello e la sua funzionalit\u00e0 brillante, si integra perfettamente nella struttura dell'imbarcazione, offrendo sia estetica che praticit\u00e0. In questo blog vogliamo parlarvi di questo musone retrattile elettrico e rispondere alle vostre domande.","person":false,"title":"Nato dall'esperienza e dall'innovazione "},"yoast_head":"<!-- This site is optimized with the Yoast SEO Premium plugin v27.4 (Yoast SEO v27.4) - https:\/\/yoast.com\/product\/yoast-seo-premium-wordpress\/ -->\n<title>Musone retrattile - Nato dall&#039;esperienza e dall&#039;innovazione<\/title>\n<meta name=\"description\" content=\"Il musone retrattile elettrico Maxwell Marine nasce per gli armatori che desiderano un profilo di prua elegante e un un sistema di ...\" \/>\n<meta name=\"robots\" content=\"index, follow, max-snippet:-1, max-image-preview:large, max-video-preview:-1\" \/>\n<link rel=\"canonical\" href=\"https:\/\/vetus.com\/it\/blog\/blog-musone-retrattile-elettrico\/\" \/>\n<meta property=\"og:locale\" content=\"it_IT\" \/>\n<meta property=\"og:type\" content=\"article\" \/>\n<meta property=\"og:title\" content=\"Blog - Musone retrattile elettrico\" \/>\n<meta property=\"og:description\" content=\"Il musone retrattile elettrico Maxwell Marine nasce per gli armatori che desiderano un profilo di prua elegante e un un sistema di ...\" \/>\n<meta property=\"og:url\" content=\"https:\/\/vetus.com\/it\/blog\/blog-musone-retrattile-elettrico\/\" \/>\n<meta property=\"og:site_name\" content=\"VETUS\" \/>\n<meta property=\"article:modified_time\" content=\"2024-01-31T10:55:01+00:00\" \/>\n<meta name=\"twitter:card\" content=\"summary_large_image\" \/>\n<meta name=\"twitter:label1\" content=\"Tempo di lettura stimato\" \/>\n\t<meta name=\"twitter:data1\" content=\"5 minuti\" \/>\n<script type=\"application\/ld+json\" class=\"yoast-schema-graph\">{\"@context\":\"https:\\\/\\\/schema.org\",\"@graph\":[{\"@type\":\"WebPage\",\"@id\":\"https:\\\/\\\/vetus.com\\\/it\\\/blog\\\/blog-musone-retrattile-elettrico\\\/\",\"url\":\"https:\\\/\\\/vetus.com\\\/it\\\/blog\\\/blog-musone-retrattile-elettrico\\\/\",\"name\":\"Musone retrattile - Nato dall'esperienza e dall'innovazione\",\"isPartOf\":{\"@id\":\"https:\\\/\\\/vetus.com\\\/it\\\/#website\"},\"datePublished\":\"2024-01-24T13:12:12+00:00\",\"dateModified\":\"2024-01-31T10:55:01+00:00\",\"description\":\"Il musone retrattile elettrico Maxwell Marine nasce per gli armatori che desiderano un profilo di prua elegante e un un sistema di ...\",\"breadcrumb\":{\"@id\":\"https:\\\/\\\/vetus.com\\\/it\\\/blog\\\/blog-musone-retrattile-elettrico\\\/#breadcrumb\"},\"inLanguage\":\"it-IT\",\"potentialAction\":[{\"@type\":\"ReadAction\",\"target\":[\"https:\\\/\\\/vetus.com\\\/it\\\/blog\\\/blog-musone-retrattile-elettrico\\\/\"]}]},{\"@type\":\"BreadcrumbList\",\"@id\":\"https:\\\/\\\/vetus.com\\\/it\\\/blog\\\/blog-musone-retrattile-elettrico\\\/#breadcrumb\",\"itemListElement\":[{\"@type\":\"ListItem\",\"position\":1,\"name\":\"Home\",\"item\":\"https:\\\/\\\/vetus.com\\\/it\\\/\"},{\"@type\":\"ListItem\",\"position\":2,\"name\":\"Blog\",\"item\":\"https:\\\/\\\/vetus.com\\\/it\\\/blog\\\/\"},{\"@type\":\"ListItem\",\"position\":3,\"name\":\"Blog &#8211; Musone retrattile elettrico\"}]},{\"@type\":\"WebSite\",\"@id\":\"https:\\\/\\\/vetus.com\\\/it\\\/#website\",\"url\":\"https:\\\/\\\/vetus.com\\\/it\\\/\",\"name\":\"VETUS\",\"description\":\"\",\"potentialAction\":[{\"@type\":\"SearchAction\",\"target\":{\"@type\":\"EntryPoint\",\"urlTemplate\":\"https:\\\/\\\/vetus.com\\\/it\\\/?s={search_term_string}\"},\"query-input\":{\"@type\":\"PropertyValueSpecification\",\"valueRequired\":true,\"valueName\":\"search_term_string\"}}],\"inLanguage\":\"it-IT\"}]}<\/script>\n<!-- \/ Yoast SEO Premium plugin. -->","yoast_head_json":{"title":"Musone retrattile - Nato dall'esperienza e dall'innovazione","description":"Il musone retrattile elettrico Maxwell Marine nasce per gli armatori che desiderano un profilo di prua elegante e un un sistema di ...","robots":{"index":"index","follow":"follow","max-snippet":"max-snippet:-1","max-image-preview":"max-image-preview:large","max-video-preview":"max-video-preview:-1"},"canonical":"https:\/\/vetus.com\/it\/blog\/blog-musone-retrattile-elettrico\/","og_locale":"it_IT","og_type":"article","og_title":"Blog - Musone retrattile elettrico","og_description":"Il musone retrattile elettrico Maxwell Marine nasce per gli armatori che desiderano un profilo di prua elegante e un un sistema di ...","og_url":"https:\/\/vetus.com\/it\/blog\/blog-musone-retrattile-elettrico\/","og_site_name":"VETUS","article_modified_time":"2024-01-31T10:55:01+00:00","twitter_card":"summary_large_image","twitter_misc":{"Tempo di lettura stimato":"5 minuti"},"schema":{"@context":"https:\/\/schema.org","@graph":[{"@type":"WebPage","@id":"https:\/\/vetus.com\/it\/blog\/blog-musone-retrattile-elettrico\/","url":"https:\/\/vetus.com\/it\/blog\/blog-musone-retrattile-elettrico\/","name":"Musone retrattile - Nato dall'esperienza e dall'innovazione","isPartOf":{"@id":"https:\/\/vetus.com\/it\/#website"},"datePublished":"2024-01-24T13:12:12+00:00","dateModified":"2024-01-31T10:55:01+00:00","description":"Il musone retrattile elettrico Maxwell Marine nasce per gli armatori che desiderano un profilo di prua elegante e un un sistema di ...","breadcrumb":{"@id":"https:\/\/vetus.com\/it\/blog\/blog-musone-retrattile-elettrico\/#breadcrumb"},"inLanguage":"it-IT","potentialAction":[{"@type":"ReadAction","target":["https:\/\/vetus.com\/it\/blog\/blog-musone-retrattile-elettrico\/"]}]},{"@type":"BreadcrumbList","@id":"https:\/\/vetus.com\/it\/blog\/blog-musone-retrattile-elettrico\/#breadcrumb","itemListElement":[{"@type":"ListItem","position":1,"name":"Home","item":"https:\/\/vetus.com\/it\/"},{"@type":"ListItem","position":2,"name":"Blog","item":"https:\/\/vetus.com\/it\/blog\/"},{"@type":"ListItem","position":3,"name":"Blog &#8211; Musone retrattile elettrico"}]},{"@type":"WebSite","@id":"https:\/\/vetus.com\/it\/#website","url":"https:\/\/vetus.com\/it\/","name":"VETUS","description":"","potentialAction":[{"@type":"SearchAction","target":{"@type":"EntryPoint","urlTemplate":"https:\/\/vetus.com\/it\/?s={search_term_string}"},"query-input":{"@type":"PropertyValueSpecification","valueRequired":true,"valueName":"search_term_string"}}],"inLanguage":"it-IT"}]}},"_links":{"self":[{"href":"https:\/\/vetus.com\/it\/wp-json\/wp\/v2\/pages\/82571","targetHints":{"allow":["GET"]}}],"collection":[{"href":"https:\/\/vetus.com\/it\/wp-json\/wp\/v2\/pages"}],"about":[{"href":"https:\/\/vetus.com\/it\/wp-json\/wp\/v2\/types\/page"}],"author":[{"embeddable":true,"href":"https:\/\/vetus.com\/it\/wp-json\/wp\/v2\/users\/26"}],"replies":[{"embeddable":true,"href":"https:\/\/vetus.com\/it\/wp-json\/wp\/v2\/comments?post=82571"}],"version-history":[{"count":5,"href":"https:\/\/vetus.com\/it\/wp-json\/wp\/v2\/pages\/82571\/revisions"}],"predecessor-version":[{"id":83134,"href":"https:\/\/vetus.com\/it\/wp-json\/wp\/v2\/pages\/82571\/revisions\/83134"}],"up":[{"embeddable":true,"href":"https:\/\/vetus.com\/it\/wp-json\/wp\/v2\/pages\/59199"}],"wp:attachment":[{"href":"https:\/\/vetus.com\/it\/wp-json\/wp\/v2\/media?parent=82571"}],"curies":[{"name":"wp","href":"https:\/\/api.w.org\/{rel}","templated":true}]}}