{"id":73976,"date":"2023-09-07T08:55:53","date_gmt":"2023-09-07T06:55:53","guid":{"rendered":"https:\/\/vetus.com\/campagne-di-vetus\/yanmar-inboard-engine-integration-vetus-bow-pro-thrusters\/"},"modified":"2026-03-19T13:36:16","modified_gmt":"2026-03-19T11:36:16","slug":"integrazione-dei-motori-entrobordo-yanmar-con-i-propulsori-vetus-bow-pro","status":"publish","type":"page","link":"https:\/\/vetus.com\/it\/campagne-di-vetus\/integrazione-dei-motori-entrobordo-yanmar-con-i-propulsori-vetus-bow-pro\/","title":{"rendered":"Controllo tramite joystick"},"content":{"rendered":"\n<section class=\"section  \">\n    \n<section id=\"content-block-1-block_2b5598ffd878b0c98f929e8432258f9e\" class=\"section content-block content-block--image \">\n    <div class=\"container\">\n        <div class=\"row d-flex align-items-center\">\n\n            <div class=\"col-md-6 col-lg-7\">\n                                    <div class=\"content-block__visuals\">\n                        <div class=\"content-block__media media--clipped media ratio\">\n                            <div class=\"media__wrapper\">\n                                <img decoding=\"async\" width=\"690\" height=\"462\" src=\"https:\/\/vetus.com\/wp-content\/uploads\/Medium-VC30_Joystick_9532-690x462.jpg\" class=\"media__source img-fit\" alt=\"\" srcset=\"https:\/\/vetus.com\/wp-content\/uploads\/Medium-VC30_Joystick_9532-690x462.jpg 690w, https:\/\/vetus.com\/wp-content\/uploads\/Medium-VC30_Joystick_9532-300x201.jpg 300w, https:\/\/vetus.com\/wp-content\/uploads\/Medium-VC30_Joystick_9532-768x514.jpg 768w, https:\/\/vetus.com\/wp-content\/uploads\/Medium-VC30_Joystick_9532-210x140.jpg 210w, https:\/\/vetus.com\/wp-content\/uploads\/Medium-VC30_Joystick_9532-330x221.jpg 330w, https:\/\/vetus.com\/wp-content\/uploads\/Medium-VC30_Joystick_9532-431x288.jpg 431w, https:\/\/vetus.com\/wp-content\/uploads\/Medium-VC30_Joystick_9532-507x339.jpg 507w, https:\/\/vetus.com\/wp-content\/uploads\/Medium-VC30_Joystick_9532-530x355.jpg 530w, https:\/\/vetus.com\/wp-content\/uploads\/Medium-VC30_Joystick_9532-930x622.jpg 930w, https:\/\/vetus.com\/wp-content\/uploads\/Medium-VC30_Joystick_9532.jpg 1024w\" sizes=\"auto, (max-width: 575.98px) 431px, (max-width: 767.98px) 530px, (max-width: 991.98px) 330px, (max-width: 1279.98px) 530px, (max-width: 1899.98px) 690px, 930px\" loading=\"lazy\" \/>                            <\/div>\n                        <\/div>\n                    <\/div>\n                            <\/div>\n\n            <div class=\"col-md-6 col-lg-4 offset-lg-1\">\n                <div class=\"content-block__body\">\n                    \n                    \n                                            <h3><strong>Sistema di controllo a joystick YANMAR JC30 per motori entrobordo<\/strong><\/h3>\n<p>Il <strong><a href=\"https:\/\/www.yanmar.com\/marine\/product\/controls\/jc30\/\" target=\"_blank\" rel=\"noopener\">YANMAR JC30<\/a><\/strong> sistema di controllo a joystick per motori entrobordo offre manovrabilit\u00e0 e attracco di livello superiore, combinando un controllo a joystick facile e intuitivo per installazioni con doppio motore entrobordo in linea d&#8217;asse. Questo sistema a joystick, abbinato a un&#8217;elica di prua VETUS BOW PRO, semplifica il controllo dello yacht, anche in condizioni difficili.<\/p>\n                    \t\t\t\t\t\n                                    <\/div>\n            <\/div>\n        <\/div>\n    <\/div>\n<\/section><\/section>\n\n<section class=\"section section--colored bg-light content-blocks bg-light   \">\n    \n<section id=\"content-block-4block_9c563c9564423f1fb2a84e72119a3f49\" class=\"section content-block content-block--image \">\n    <div class=\"container\">\n        <div class=\"row d-flex align-items-center flex-md-row-reverse\">\n            <div class=\"col-11 offset-1 col-md-5 offset-md-1 col-lg-6 offset-lg-2\">\n                <div class=\"content-block__visuals\">\n                                            <div class=\"content-block__media media media--clipped ratio\">\n                            <div class=\"media__wrapper\">\n                                <img decoding=\"async\" width=\"431\" height=\"223\" src=\"https:\/\/vetus.com\/wp-content\/uploads\/VETUS-YANMAR-431x223.png\" class=\"media__source img-fit\" alt=\"YANMAR  - VETUS\" srcset=\"https:\/\/vetus.com\/wp-content\/uploads\/VETUS-YANMAR-431x223.png 431w, https:\/\/vetus.com\/wp-content\/uploads\/VETUS-YANMAR-300x155.png 300w, https:\/\/vetus.com\/wp-content\/uploads\/VETUS-YANMAR-768x398.png 768w, https:\/\/vetus.com\/wp-content\/uploads\/VETUS-YANMAR-210x109.png 210w, https:\/\/vetus.com\/wp-content\/uploads\/VETUS-YANMAR-330x171.png 330w, https:\/\/vetus.com\/wp-content\/uploads\/VETUS-YANMAR-507x263.png 507w, https:\/\/vetus.com\/wp-content\/uploads\/VETUS-YANMAR-530x275.png 530w, https:\/\/vetus.com\/wp-content\/uploads\/VETUS-YANMAR-690x357.png 690w, https:\/\/vetus.com\/wp-content\/uploads\/VETUS-YANMAR-930x482.png 930w, https:\/\/vetus.com\/wp-content\/uploads\/VETUS-YANMAR.png 1135w\" sizes=\"auto, (max-width: 575.98px) 431px, (max-width: 767.98px) 530px, (max-width: 991.98px) 330px, (max-width: 1279.98px) 431px, (max-width: 1899.98px) 530px, 690px\" loading=\"lazy\" \/>                            <\/div>\n                        <\/div>\n                    \n\n                    <div class=\"content-block__shape content-block__shape--image shape shape--primary-outline\">\n                        <svg viewBox=\"0 0 170 170\" xmlns=\"http:\/\/www.w3.org\/2000\/svg\">\n                            <path d=\"m1168.82182 840-27.67059 168h-140.15123v-168z\" fill=\"none\" stroke-width=\"2\" transform=\"translate(-1000 -839)\" shape-rendering=\"optimizeQuality\"><\/path>\n                        <\/svg>\n                    <\/div>\n                <\/div>\n            <\/div>\n\n            <div class=\"col-md-6 col-lg-4\">\n                <div class=\"content-block__body\">\n                    \n                                            <h3><strong>VETUS BOW PRO \u2013 JC30 Caratteristiche e vantaggi<\/strong><\/h3>\n<ul>\n<li>Manovrabilit\u00e0 agevole in spazi ristretti<\/li>\n<li>Disponibile per installazioni con doppio motore entrobordo in linea d&#8217;asse<\/li>\n<li>Compatibile con la serie di motori common rail YANMAR JH-CR, 4LV, 8LV, 6LY-CR, 6LF e 6LT<\/li>\n<li>Azionabile con una sola mano<\/li>\n<\/ul>\n                    \n                                            <div class=\"content-block__actions actions\">\n                            <div class=\"btn-group d-flex flex-wrap justify-content-center justify-content-md-start\">\n                                <a href=\"https:\/\/webshop.vetus.com\/en\/products\/thruster-systems\/bow-and-stern-thrusters\/bow-pro-thrusters\" class=\"btn btn-sm btn-empty btn-empty-primary\" title=\"\" target=\"\">\n                                    <span>Scopri i nostri sistemi di eliche di prua BOW PRO<\/span>\n                                    <i class=\"icon icon-keyboard_arrow_right\"><\/i>\n                                <\/a>\n\n                                <!-- <a href=\"#\" class=\"btn btn-sm btn-empty btn-empty-primary\" title=\"\">\n                                    <span>Watch video<\/span>\n                                    <i class=\"icon icon-play_circle_outline\"><\/i>\n                                <\/a> -->\n                                <!-- <a href=\"#\" class=\"btn btn-sm btn-empty btn-empty-primary\" title=\"\">\n                                    <span>Innovation<\/span>\n                                    <i class=\"icon icon-keyboard_arrow_right\"><\/i>\n                                <\/a> -->\n                            <\/div>\n                        <\/div>\n                                    <\/div>\n            <\/div>\n        <\/div>\n    <\/div>\n<\/section><\/section>\n\n\n<section class=\"section  \">\n    \n<section id=\"content-block-1-block_ad00d31efda312e40e02d82b400d07f1\" class=\"section content-block content-block--image \">\n    <div class=\"container\">\n        <div class=\"row d-flex align-items-center\">\n\n            <div class=\"col-md-6 col-lg-7\">\n                                    <div class=\"content-block__visuals\">\n                        <div class=\"content-block__media media--clipped media ratio\">\n                            <div class=\"media__wrapper\">\n                                <img decoding=\"async\" width=\"690\" height=\"460\" src=\"https:\/\/vetus.com\/wp-content\/uploads\/BOW-PRO-400_4-2-690x460.png\" class=\"media__source img-fit\" alt=\"\" srcset=\"https:\/\/vetus.com\/wp-content\/uploads\/BOW-PRO-400_4-2-690x460.png 690w, https:\/\/vetus.com\/wp-content\/uploads\/BOW-PRO-400_4-2-300x200.png 300w, https:\/\/vetus.com\/wp-content\/uploads\/BOW-PRO-400_4-2-768x512.png 768w, https:\/\/vetus.com\/wp-content\/uploads\/BOW-PRO-400_4-2-210x140.png 210w, https:\/\/vetus.com\/wp-content\/uploads\/BOW-PRO-400_4-2-330x220.png 330w, https:\/\/vetus.com\/wp-content\/uploads\/BOW-PRO-400_4-2-431x287.png 431w, https:\/\/vetus.com\/wp-content\/uploads\/BOW-PRO-400_4-2-507x338.png 507w, https:\/\/vetus.com\/wp-content\/uploads\/BOW-PRO-400_4-2-530x353.png 530w, https:\/\/vetus.com\/wp-content\/uploads\/BOW-PRO-400_4-2-930x620.png 930w, https:\/\/vetus.com\/wp-content\/uploads\/BOW-PRO-400_4-2-1170x780.png 1170w, https:\/\/vetus.com\/wp-content\/uploads\/BOW-PRO-400_4-2.png 1500w\" sizes=\"auto, (max-width: 575.98px) 431px, (max-width: 767.98px) 530px, (max-width: 991.98px) 330px, (max-width: 1279.98px) 530px, (max-width: 1899.98px) 690px, 930px\" loading=\"lazy\" \/>                            <\/div>\n                        <\/div>\n                    <\/div>\n                            <\/div>\n\n            <div class=\"col-md-6 col-lg-4 offset-lg-1\">\n                <div class=\"content-block__body\">\n                                            <h3 class=\"content-block__title\">\n                            Integrazione delle eliche di prua VETUS BOW PRO con il sistema di controllo YANMAR JC30                        <\/h3>\n                    \n                    \n                                            <p>L&#8217;integrazione di un&#8217;elica di prua VETUS BOW PRO in un&#8217;imbarcazione dotata del sistema di controllo a joystick per motori entrobordo YANMAR JC30 migliora significativamente il controllo a bassa velocit\u00e0 e la semplicit\u00e0 di attracco, aumentando la sicurezza e la funzionalit\u00e0 generale dell&#8217;imbarcazione. Questo livello di controllo combinato offre una sicurezza senza precedenti, specialmente durante le situazioni di manovra precedentemente impegnative.<\/p>\n                    \t\t\t\t\t\n                                            <div class=\"content-block__actions actions\">\n                            <div class=\"btn-group d-flex flex-wrap justify-content-center justify-content-md-start\">\n                                <a href=\"https:\/\/www.yanmar.com\/marine\/product\/controls\/jc30\/\" class=\"btn btn-sm btn-empty btn-empty-primary\" title=\"\" target=\"_blank\">\n                                    <span>YANMAR JC30<\/span>\n                                    <i class=\"icon icon-keyboard_arrow_right\"><\/i>\n                                <\/a>\n\n                                <!-- <a href=\"#\" class=\"btn btn-sm btn-empty btn-empty-primary\" title=\"\">\n                                    <span>Watch video<\/span>\n                                    <i class=\"icon icon-play_circle_outline\"><\/i>\n                                <\/a> -->\n                                <!-- <a href=\"#\" class=\"btn btn-sm btn-empty btn-empty-primary\" title=\"\">\n                                    <span>Innovation<\/span>\n                                    <i class=\"icon icon-keyboard_arrow_right\"><\/i>\n                                <\/a> -->\n                            <\/div>\n                        <\/div>\n                                    <\/div>\n            <\/div>\n        <\/div>\n    <\/div>\n<\/section><\/section>","protected":false},"excerpt":{"rendered":"","protected":false},"author":25,"featured_media":73790,"parent":32271,"menu_order":0,"comment_status":"closed","ping_status":"closed","template":"tpl-default.php","meta":{"_acf_changed":false,"footnotes":""},"class_list":["post-73976","page","type-page","status-publish","has-post-thumbnail","hentry"],"acf":{"image":{"ID":73790,"id":73790,"title":"DJI_0346","filename":"DJI_0346-scaled-e1694159011455.jpg","filesize":741747,"url":"https:\/\/vetus.com\/wp-content\/uploads\/DJI_0346-scaled-e1694159011455.jpg","link":"https:\/\/vetus.com\/it\/campagne-di-vetus\/integrazione-dei-motori-entrobordo-yanmar-con-i-propulsori-vetus-bow-pro\/dji_0346-2\/","alt":"Integration VETUS BOW PRO thrusters with YANMAR inboard engines","author":"25","description":"","caption":"Integration VETUS BOW PRO thrusters with YANMAR inboard engines","name":"dji_0346-2","status":"inherit","uploaded_to":73976,"date":"2023-09-06 13:12:17","modified":"2023-09-06 13:12:48","menu_order":0,"mime_type":"image\/jpeg","type":"image","subtype":"jpeg","icon":"https:\/\/vetus.com\/wp-includes\/images\/media\/default.png","width":2560,"height":1433,"sizes":{"thumbnail":"https:\/\/vetus.com\/wp-content\/uploads\/DJI_0346-scaled-e1694159011455-150x150.jpg","thumbnail-width":150,"thumbnail-height":150,"medium":"https:\/\/vetus.com\/wp-content\/uploads\/DJI_0346-scaled-e1694159011455-300x168.jpg","medium-width":300,"medium-height":168,"medium_large":"https:\/\/vetus.com\/wp-content\/uploads\/DJI_0346-scaled-e1694159011455-768x430.jpg","medium_large-width":768,"medium_large-height":430,"large":"https:\/\/vetus.com\/wp-content\/uploads\/DJI_0346-scaled-e1694159011455-1024x573.jpg","large-width":1024,"large-height":573,"1536x1536":"https:\/\/vetus.com\/wp-content\/uploads\/DJI_0346-scaled-e1694159011455-1536x860.jpg","1536x1536-width":1536,"1536x1536-height":860,"2048x2048":"https:\/\/vetus.com\/wp-content\/uploads\/DJI_0346-scaled-e1694159011455-2048x1146.jpg","2048x2048-width":2048,"2048x2048-height":1146,"210w":"https:\/\/vetus.com\/wp-content\/uploads\/DJI_0346-scaled-e1694159011455-210x118.jpg","210w-width":210,"210w-height":118,"330w":"https:\/\/vetus.com\/wp-content\/uploads\/DJI_0346-scaled-e1694159011455-330x185.jpg","330w-width":330,"330w-height":185,"431w":"https:\/\/vetus.com\/wp-content\/uploads\/DJI_0346-scaled-e1694159011455-431x241.jpg","431w-width":431,"431w-height":241,"507w":"https:\/\/vetus.com\/wp-content\/uploads\/DJI_0346-scaled-e1694159011455-507x284.jpg","507w-width":507,"507w-height":284,"530w":"https:\/\/vetus.com\/wp-content\/uploads\/DJI_0346-scaled-e1694159011455-530x297.jpg","530w-width":530,"530w-height":297,"690w":"https:\/\/vetus.com\/wp-content\/uploads\/DJI_0346-scaled-e1694159011455-690x386.jpg","690w-width":690,"690w-height":386,"930w":"https:\/\/vetus.com\/wp-content\/uploads\/DJI_0346-scaled-e1694159011455-930x521.jpg","930w-width":930,"930w-height":521,"1170w":"https:\/\/vetus.com\/wp-content\/uploads\/DJI_0346-scaled-e1694159011455-1170x655.jpg","1170w-width":1170,"1170w-height":655,"gform-image-choice-sm":"https:\/\/vetus.com\/wp-content\/uploads\/DJI_0346-scaled-e1694159011455.jpg","gform-image-choice-sm-width":300,"gform-image-choice-sm-height":168,"gform-image-choice-md":"https:\/\/vetus.com\/wp-content\/uploads\/DJI_0346-scaled-e1694159011455.jpg","gform-image-choice-md-width":400,"gform-image-choice-md-height":224,"gform-image-choice-lg":"https:\/\/vetus.com\/wp-content\/uploads\/DJI_0346-scaled-e1694159011455.jpg","gform-image-choice-lg-width":600,"gform-image-choice-lg-height":336}},"introduction":"","person":false,"title":"Integrazione dei propulsori di prua VETUS BOW PRO con motori entrobordo YANMAR"},"yoast_head":"<!-- This site is optimized with the Yoast SEO Premium plugin v27.4 (Yoast SEO v27.4) - https:\/\/yoast.com\/product\/yoast-seo-premium-wordpress\/ -->\n<title>Integrazione dei motori entrobordo YANMAR con i propulsori VETUS BOW PRO<\/title>\n<meta name=\"description\" content=\"Il sistema di controllo joystick entrobordo YANMAR JC20A, abbinato ai propulsori di prua VETUS BOW PRO o ai propulsori di prua e...\" \/>\n<meta name=\"robots\" content=\"index, follow, max-snippet:-1, max-image-preview:large, max-video-preview:-1\" \/>\n<link rel=\"canonical\" href=\"https:\/\/vetus.com\/it\/campagne-di-vetus\/integrazione-dei-motori-entrobordo-yanmar-con-i-propulsori-vetus-bow-pro\/\" \/>\n<meta property=\"og:locale\" content=\"it_IT\" \/>\n<meta property=\"og:type\" content=\"article\" \/>\n<meta property=\"og:title\" content=\"Controllo tramite joystick\" \/>\n<meta property=\"og:description\" content=\"Il sistema di controllo joystick entrobordo YANMAR JC20A, abbinato ai propulsori di prua VETUS BOW PRO o ai propulsori di prua e...\" \/>\n<meta property=\"og:url\" content=\"https:\/\/vetus.com\/it\/campagne-di-vetus\/integrazione-dei-motori-entrobordo-yanmar-con-i-propulsori-vetus-bow-pro\/\" \/>\n<meta property=\"og:site_name\" content=\"VETUS\" \/>\n<meta property=\"article:modified_time\" content=\"2026-03-19T11:36:16+00:00\" \/>\n<meta property=\"og:image\" content=\"https:\/\/vetus.com\/wp-content\/uploads\/DJI_0346-scaled-e1694159011455.jpg\" \/>\n\t<meta property=\"og:image:width\" content=\"2560\" \/>\n\t<meta property=\"og:image:height\" content=\"1433\" \/>\n\t<meta property=\"og:image:type\" content=\"image\/jpeg\" \/>\n<meta name=\"twitter:card\" content=\"summary_large_image\" \/>\n<meta name=\"twitter:label1\" content=\"Tempo di lettura stimato\" \/>\n\t<meta name=\"twitter:data1\" content=\"1 minuto\" \/>\n<script type=\"application\/ld+json\" class=\"yoast-schema-graph\">{\"@context\":\"https:\\\/\\\/schema.org\",\"@graph\":[{\"@type\":\"WebPage\",\"@id\":\"https:\\\/\\\/vetus.com\\\/it\\\/campagne-di-vetus\\\/integrazione-dei-motori-entrobordo-yanmar-con-i-propulsori-vetus-bow-pro\\\/\",\"url\":\"https:\\\/\\\/vetus.com\\\/it\\\/campagne-di-vetus\\\/integrazione-dei-motori-entrobordo-yanmar-con-i-propulsori-vetus-bow-pro\\\/\",\"name\":\"Integrazione dei motori entrobordo YANMAR con i propulsori VETUS BOW PRO\",\"isPartOf\":{\"@id\":\"https:\\\/\\\/vetus.com\\\/it\\\/#website\"},\"primaryImageOfPage\":{\"@id\":\"https:\\\/\\\/vetus.com\\\/it\\\/campagne-di-vetus\\\/integrazione-dei-motori-entrobordo-yanmar-con-i-propulsori-vetus-bow-pro\\\/#primaryimage\"},\"image\":{\"@id\":\"https:\\\/\\\/vetus.com\\\/it\\\/campagne-di-vetus\\\/integrazione-dei-motori-entrobordo-yanmar-con-i-propulsori-vetus-bow-pro\\\/#primaryimage\"},\"thumbnailUrl\":\"https:\\\/\\\/vetus.com\\\/wp-content\\\/uploads\\\/DJI_0346-scaled-e1694159011455.jpg\",\"datePublished\":\"2023-09-07T06:55:53+00:00\",\"dateModified\":\"2026-03-19T11:36:16+00:00\",\"description\":\"Il sistema di controllo joystick entrobordo YANMAR JC20A, abbinato ai propulsori di prua VETUS BOW PRO o ai propulsori di prua e...\",\"breadcrumb\":{\"@id\":\"https:\\\/\\\/vetus.com\\\/it\\\/campagne-di-vetus\\\/integrazione-dei-motori-entrobordo-yanmar-con-i-propulsori-vetus-bow-pro\\\/#breadcrumb\"},\"inLanguage\":\"it-IT\",\"potentialAction\":[{\"@type\":\"ReadAction\",\"target\":[\"https:\\\/\\\/vetus.com\\\/it\\\/campagne-di-vetus\\\/integrazione-dei-motori-entrobordo-yanmar-con-i-propulsori-vetus-bow-pro\\\/\"]}]},{\"@type\":\"ImageObject\",\"inLanguage\":\"it-IT\",\"@id\":\"https:\\\/\\\/vetus.com\\\/it\\\/campagne-di-vetus\\\/integrazione-dei-motori-entrobordo-yanmar-con-i-propulsori-vetus-bow-pro\\\/#primaryimage\",\"url\":\"https:\\\/\\\/vetus.com\\\/wp-content\\\/uploads\\\/DJI_0346-scaled-e1694159011455.jpg\",\"contentUrl\":\"https:\\\/\\\/vetus.com\\\/wp-content\\\/uploads\\\/DJI_0346-scaled-e1694159011455.jpg\",\"width\":2560,\"height\":1433,\"caption\":\"Integration VETUS BOW PRO thrusters with YANMAR inboard engines\"},{\"@type\":\"BreadcrumbList\",\"@id\":\"https:\\\/\\\/vetus.com\\\/it\\\/campagne-di-vetus\\\/integrazione-dei-motori-entrobordo-yanmar-con-i-propulsori-vetus-bow-pro\\\/#breadcrumb\",\"itemListElement\":[{\"@type\":\"ListItem\",\"position\":1,\"name\":\"Home\",\"item\":\"https:\\\/\\\/vetus.com\\\/it\\\/\"},{\"@type\":\"ListItem\",\"position\":2,\"name\":\"Campagne di VETUS\",\"item\":\"https:\\\/\\\/vetus.com\\\/it\\\/campagne-di-vetus\\\/\"},{\"@type\":\"ListItem\",\"position\":3,\"name\":\"Controllo tramite joystick\"}]},{\"@type\":\"WebSite\",\"@id\":\"https:\\\/\\\/vetus.com\\\/it\\\/#website\",\"url\":\"https:\\\/\\\/vetus.com\\\/it\\\/\",\"name\":\"VETUS\",\"description\":\"\",\"potentialAction\":[{\"@type\":\"SearchAction\",\"target\":{\"@type\":\"EntryPoint\",\"urlTemplate\":\"https:\\\/\\\/vetus.com\\\/it\\\/?s={search_term_string}\"},\"query-input\":{\"@type\":\"PropertyValueSpecification\",\"valueRequired\":true,\"valueName\":\"search_term_string\"}}],\"inLanguage\":\"it-IT\"}]}<\/script>\n<!-- \/ Yoast SEO Premium plugin. -->","yoast_head_json":{"title":"Integrazione dei motori entrobordo YANMAR con i propulsori VETUS BOW PRO","description":"Il sistema di controllo joystick entrobordo YANMAR JC20A, abbinato ai propulsori di prua VETUS BOW PRO o ai propulsori di prua e...","robots":{"index":"index","follow":"follow","max-snippet":"max-snippet:-1","max-image-preview":"max-image-preview:large","max-video-preview":"max-video-preview:-1"},"canonical":"https:\/\/vetus.com\/it\/campagne-di-vetus\/integrazione-dei-motori-entrobordo-yanmar-con-i-propulsori-vetus-bow-pro\/","og_locale":"it_IT","og_type":"article","og_title":"Controllo tramite joystick","og_description":"Il sistema di controllo joystick entrobordo YANMAR JC20A, abbinato ai propulsori di prua VETUS BOW PRO o ai propulsori di prua e...","og_url":"https:\/\/vetus.com\/it\/campagne-di-vetus\/integrazione-dei-motori-entrobordo-yanmar-con-i-propulsori-vetus-bow-pro\/","og_site_name":"VETUS","article_modified_time":"2026-03-19T11:36:16+00:00","og_image":[{"width":2560,"height":1433,"url":"https:\/\/vetus.com\/wp-content\/uploads\/DJI_0346-scaled-e1694159011455.jpg","type":"image\/jpeg"}],"twitter_card":"summary_large_image","twitter_misc":{"Tempo di lettura stimato":"1 minuto"},"schema":{"@context":"https:\/\/schema.org","@graph":[{"@type":"WebPage","@id":"https:\/\/vetus.com\/it\/campagne-di-vetus\/integrazione-dei-motori-entrobordo-yanmar-con-i-propulsori-vetus-bow-pro\/","url":"https:\/\/vetus.com\/it\/campagne-di-vetus\/integrazione-dei-motori-entrobordo-yanmar-con-i-propulsori-vetus-bow-pro\/","name":"Integrazione dei motori entrobordo YANMAR con i propulsori VETUS BOW PRO","isPartOf":{"@id":"https:\/\/vetus.com\/it\/#website"},"primaryImageOfPage":{"@id":"https:\/\/vetus.com\/it\/campagne-di-vetus\/integrazione-dei-motori-entrobordo-yanmar-con-i-propulsori-vetus-bow-pro\/#primaryimage"},"image":{"@id":"https:\/\/vetus.com\/it\/campagne-di-vetus\/integrazione-dei-motori-entrobordo-yanmar-con-i-propulsori-vetus-bow-pro\/#primaryimage"},"thumbnailUrl":"https:\/\/vetus.com\/wp-content\/uploads\/DJI_0346-scaled-e1694159011455.jpg","datePublished":"2023-09-07T06:55:53+00:00","dateModified":"2026-03-19T11:36:16+00:00","description":"Il sistema di controllo joystick entrobordo YANMAR JC20A, abbinato ai propulsori di prua VETUS BOW PRO o ai propulsori di prua e...","breadcrumb":{"@id":"https:\/\/vetus.com\/it\/campagne-di-vetus\/integrazione-dei-motori-entrobordo-yanmar-con-i-propulsori-vetus-bow-pro\/#breadcrumb"},"inLanguage":"it-IT","potentialAction":[{"@type":"ReadAction","target":["https:\/\/vetus.com\/it\/campagne-di-vetus\/integrazione-dei-motori-entrobordo-yanmar-con-i-propulsori-vetus-bow-pro\/"]}]},{"@type":"ImageObject","inLanguage":"it-IT","@id":"https:\/\/vetus.com\/it\/campagne-di-vetus\/integrazione-dei-motori-entrobordo-yanmar-con-i-propulsori-vetus-bow-pro\/#primaryimage","url":"https:\/\/vetus.com\/wp-content\/uploads\/DJI_0346-scaled-e1694159011455.jpg","contentUrl":"https:\/\/vetus.com\/wp-content\/uploads\/DJI_0346-scaled-e1694159011455.jpg","width":2560,"height":1433,"caption":"Integration VETUS BOW PRO thrusters with YANMAR inboard engines"},{"@type":"BreadcrumbList","@id":"https:\/\/vetus.com\/it\/campagne-di-vetus\/integrazione-dei-motori-entrobordo-yanmar-con-i-propulsori-vetus-bow-pro\/#breadcrumb","itemListElement":[{"@type":"ListItem","position":1,"name":"Home","item":"https:\/\/vetus.com\/it\/"},{"@type":"ListItem","position":2,"name":"Campagne di VETUS","item":"https:\/\/vetus.com\/it\/campagne-di-vetus\/"},{"@type":"ListItem","position":3,"name":"Controllo tramite joystick"}]},{"@type":"WebSite","@id":"https:\/\/vetus.com\/it\/#website","url":"https:\/\/vetus.com\/it\/","name":"VETUS","description":"","potentialAction":[{"@type":"SearchAction","target":{"@type":"EntryPoint","urlTemplate":"https:\/\/vetus.com\/it\/?s={search_term_string}"},"query-input":{"@type":"PropertyValueSpecification","valueRequired":true,"valueName":"search_term_string"}}],"inLanguage":"it-IT"}]}},"_links":{"self":[{"href":"https:\/\/vetus.com\/it\/wp-json\/wp\/v2\/pages\/73976","targetHints":{"allow":["GET"]}}],"collection":[{"href":"https:\/\/vetus.com\/it\/wp-json\/wp\/v2\/pages"}],"about":[{"href":"https:\/\/vetus.com\/it\/wp-json\/wp\/v2\/types\/page"}],"author":[{"embeddable":true,"href":"https:\/\/vetus.com\/it\/wp-json\/wp\/v2\/users\/25"}],"replies":[{"embeddable":true,"href":"https:\/\/vetus.com\/it\/wp-json\/wp\/v2\/comments?post=73976"}],"version-history":[{"count":5,"href":"https:\/\/vetus.com\/it\/wp-json\/wp\/v2\/pages\/73976\/revisions"}],"predecessor-version":[{"id":124152,"href":"https:\/\/vetus.com\/it\/wp-json\/wp\/v2\/pages\/73976\/revisions\/124152"}],"up":[{"embeddable":true,"href":"https:\/\/vetus.com\/it\/wp-json\/wp\/v2\/pages\/32271"}],"wp:featuredmedia":[{"embeddable":true,"href":"https:\/\/vetus.com\/it\/wp-json\/wp\/v2\/media\/73790"}],"wp:attachment":[{"href":"https:\/\/vetus.com\/it\/wp-json\/wp\/v2\/media?parent=73976"}],"curies":[{"name":"wp","href":"https:\/\/api.w.org\/{rel}","templated":true}]}}