{"id":69837,"date":"2023-06-07T11:46:43","date_gmt":"2023-06-07T09:46:43","guid":{"rendered":"https:\/\/vetus.com\/?page_id=69837"},"modified":"2024-06-27T13:13:38","modified_gmt":"2024-06-27T11:13:38","slug":"marine-battery-maintenance","status":"publish","type":"page","link":"https:\/\/vetus.com\/it\/blog\/marine-battery-maintenance\/","title":{"rendered":"Blog &#8211; Manutenzione Batterie Marine"},"content":{"rendered":"\n<section class=\"section  \">\n    \n\n<section id=\"section-text-block-block_1314be6dccc19bf1fac2bcf8d1fd05cb\" class=\"section text-block \">\n            <div class=\"section__header text-center\">\n            <div class=\"container\">\n                <div class=\"row\">\n                    <div class=\"col-lg-8 offset-lg-2\">\n                                                                    <\/div>\n                <\/div>\n            <\/div>\n        <\/div>\n                    <div class=\"section section__body\">\n            <div class=\"text-block\">\n                <div class=\"container\">\n                    <div class=\"row\">\n                        <div class=\"col-lg-8 offset-lg-2\">\n                                                            <div class=\"section__content single__content hentry\">\n                                    <p>Il segreto per far s\u00ec che le batterie durino pi\u00f9 a lungo e funzionino al meglio \u00e8 mantenerle sempre completamente cariche. <strong>Una batteria sana \u00e8 una batteria completamente carica<\/strong>. \u00c8 essenziale tenere sotto controllo la profondit\u00e0 di scarica (DoD), un fattore critico per la durata e le prestazioni della batteria. Se lasciata a un livello di scarica profondo, la batteria avr\u00e0 una vita breve e faticher\u00e0 a mantenere la carica. I cristalli di solfato di piombo si accumulano all&#8217;interno di una batteria scarica e, con il tempo, ne impediscono la ricarica completa e alla fine la rovinano del tutto. Questa \u00e8 la causa pi\u00f9 comune del manfunzionamento della batteria, quindi \u00e8 consigliabile mantenerla sempre completamente carica e sana.<\/p>\n<p><strong>Tutto inizia dalla scelta della batteria<\/strong><\/p>\n<p>Una batteria di avviamento come la VETUS <a href=\"https:\/\/webshop.vetus.com\/en\/search?q=vesmf&amp;p=1&amp;s=relevance:DESC\">VESMF<\/a> (SMF = Sealed Maintenance Free) \u00e8 stata sviluppata per fornire quasi istantaneamente una grande quantit\u00e0 di energia, sufficiente ad alimentare il motore al giro di chiave. Tuttavia, questo tipo di batteria (con potenza di avviamento) \u00e8 stato progettato per questo scopo specifico, che svolge egregiamente, ma non \u00e8 adatto a far funzionare i sistemi domestici e di navigazione dell&#8217;imbarcazione. Una batteria di questo tipo pu\u00f2 essere danneggiata da carichi inferiori per periodi pi\u00f9 lunghi. Se la batteria SMF viene scaricata troppo in profondit\u00e0, quasi certamente faticher\u00e0 a recuperare la carica in futuro e si guaster\u00e0 dopo un paio di stagioni se utilizzata in questo modo. Una batteria VESMF fornir\u00e0 una fonte di energia affidabile e robusta per l&#8217;avviamento del motore, ma l&#8217;imbarcazione avr\u00e0 bisogno anche di una batteria di sistema dedicata per far funzionare altre apparecchiature.<\/p>\n<p>La <a href=\"https:\/\/webshop.vetus.com\/en\/search?q=VEAGM&amp;p=1&amp;s=relevance:DESC\">VEAGM<\/a> (AGM = Absorbed Glass Mat) \u00e8 una batteria pi\u00f9 adatta per carichi di servizio di durata sia elevata che ridotta. Le batterie VEAGM hanno caratteristiche sia di avviamento che di batteria marina a ciclo profondo (note anche come batterie a doppio uso). Se ben curata, questa batteria durer\u00e0 per molte stagioni e, se la vostra imbarcazione ha una sola batteria, \u00e8 l&#8217;opzione migliore.<\/p>\n<p>La tradizionale <a href=\"https:\/\/webshop.vetus.com\/en\/product\/vedc110tc-vetus-deep-cycle-battery\">VEDC110TC<\/a> \u00e8 una batteria al piombo a ciclo profondo economica, di una sola dimensione da 110 ah, che offre una grande potenza per il suo prezzo.<\/p>\n<p>\u00c8 opportuno scegliere con cura la batteria giusta per il lavoro da svolgere, in quanto una scelta sbagliata pu\u00f2 ridurne seriamente la durata. Una batteria di avviamento pu\u00f2 essere montata su un&#8217;imbarcazione da pesca o da diporto che necessita di una sola batteria. Tuttavia, se viene utilizzata al di l\u00e0 dell&#8217;avviamento del motore, non sar\u00e0 in grado di gestire il carico pi\u00f9 lento e ridotto delle altre apparecchiature elettriche e potrebbe perdere rapidamente capacit\u00e0 e guastarsi. La scelta pi\u00f9 pratica sarebbe la pi\u00f9 versatile VEAGM o la tradizionale VEDC110.<\/p>\n<p><strong>Quanto tempo posso aspettarmi che durino le mie batterie?<\/strong><\/p>\n<p style=\"margin-top: 0cm; background: white;\"><span style=\"font-size: 13.5pt; font-family: 'Arial',sans-serif; color: #00386b;\">Il fattore principale \u00e8 la profondit\u00e0 di scarica (DoD). La DoD si riferisce alla quantit\u00e0 di energia scaricata da una batteria rispetto alla sua capacit\u00e0 totale. Nel caso di una batteria marina, la profondit\u00e0 di scarica indica quanta parte della capacit\u00e0 della batteria \u00e8 stata utilizzata durante un determinato ciclo di utilizzo.<\/span><\/p>\n<p style=\"margin-top: 0cm; background: white;\"><span style=\"font-size: 13.5pt; font-family: 'Arial',sans-serif; color: #00386b;\">Le batterie non dovrebbero essere lasciate parzialmente o profondamente scariche per pi\u00f9 di qualche ora. Quando si preleva il 100% dell&#8217;energia da una batteria marina e la si ricarica immediatamente, si considera un ciclo. Questo ciclo pu\u00f2 essere effettuato solo 10-15 volte prima che la capacit\u00e0 si riduca. Se la batteria \u00e8 stata scaricata del 75% prima di essere ricaricata completamente, pu\u00f2 raggiungere 500-600 cicli, equivalenti a 6-7 anni di navigazione di un proprietario medio. Con meno del 75% di scarica, i cicli possono raggiungere le migliaia. Pratiche corrette di ricarica e manutenzione della batteria, come evitare scariche profonde eccessive e ricaricare regolarmente la batteria, possono contribuire a garantirne la longevit\u00e0 e l&#8217;affidabilit\u00e0.<\/span><\/p>\n<p>In genere, le imbarcazioni a vela sono quelle che soffrono di pi\u00f9 l\u2019usura della batteria, poich\u00e9 il motore non viene utilizzato a sufficienza per caricare la batteria al 100%. La carica pu\u00f2 \u00e8 solitamente di breve durata e la batteria si deteriora lentamente. Per questo motivo, le barche a vela hanno spesso bisogno di cambiare le batterie pi\u00f9 frequentemente.<\/p>\n                                <\/div>\n                            \n                                                    <\/div>\n                    <\/div>\n                <\/div>\n            <\/div>\n        <\/div>\n    <\/section><section id=\"section-gallery-block_1314be6dccc19bf1fac2bcf8d1fd05cb\" class=\"section gallery \">\n                <div class=\"section__body gallery__body\">\n            <div class=\"container\">\n                <div class=\"row row--col-margin-medium justify-content-center\">\n                                            <div class=\"col-8 col-sm-4 offset-sm-0\">\n                            <div class=\"gallery__media media media--clipped ratio\">\n                                <div class=\"media__wrapper\">\n                                    <img decoding=\"async\" width=\"690\" height=\"498\" src=\"https:\/\/vetus.com\/wp-content\/uploads\/.\/accu-vetus-106861-690x498.jpg\" class=\"media__src img-fit\" alt=\"\" srcset=\"https:\/\/vetus.com\/wp-content\/uploads\/accu-vetus-106861-690x498.jpg 690w, https:\/\/vetus.com\/wp-content\/uploads\/accu-vetus-106861-300x217.jpg 300w, https:\/\/vetus.com\/wp-content\/uploads\/accu-vetus-106861-768x555.jpg 768w, https:\/\/vetus.com\/wp-content\/uploads\/accu-vetus-106861-210x152.jpg 210w, https:\/\/vetus.com\/wp-content\/uploads\/accu-vetus-106861-330x238.jpg 330w, https:\/\/vetus.com\/wp-content\/uploads\/accu-vetus-106861-431x311.jpg 431w, https:\/\/vetus.com\/wp-content\/uploads\/accu-vetus-106861-507x366.jpg 507w, https:\/\/vetus.com\/wp-content\/uploads\/accu-vetus-106861-530x383.jpg 530w, https:\/\/vetus.com\/wp-content\/uploads\/accu-vetus-106861-930x671.jpg 930w, https:\/\/vetus.com\/wp-content\/uploads\/accu-vetus-106861-1170x845.jpg 1170w\" sizes=\"auto, (max-width: 575.98px) 431px, (max-width: 767.98px) 530px, (max-width: 991.98px) 330px, (max-width: 1279.98px) 431px, (max-width: 1899.98px) 530px, 690px\" loading=\"lazy\" \/>                                <\/div>\n                            <\/div>\n                        <\/div>\n                                            <div class=\"col-8 col-sm-4 offset-sm-0\">\n                            <div class=\"gallery__media media media--clipped ratio\">\n                                <div class=\"media__wrapper\">\n                                    <img decoding=\"async\" width=\"690\" height=\"498\" src=\"https:\/\/vetus.com\/wp-content\/uploads\/.\/accu-vetus-106849-690x498.jpg\" class=\"media__src img-fit\" alt=\"Marine Battery Vetus\" srcset=\"https:\/\/vetus.com\/wp-content\/uploads\/accu-vetus-106849-690x498.jpg 690w, https:\/\/vetus.com\/wp-content\/uploads\/accu-vetus-106849-300x217.jpg 300w, https:\/\/vetus.com\/wp-content\/uploads\/accu-vetus-106849-768x555.jpg 768w, https:\/\/vetus.com\/wp-content\/uploads\/accu-vetus-106849-210x152.jpg 210w, https:\/\/vetus.com\/wp-content\/uploads\/accu-vetus-106849-330x238.jpg 330w, https:\/\/vetus.com\/wp-content\/uploads\/accu-vetus-106849-431x311.jpg 431w, https:\/\/vetus.com\/wp-content\/uploads\/accu-vetus-106849-507x366.jpg 507w, https:\/\/vetus.com\/wp-content\/uploads\/accu-vetus-106849-530x383.jpg 530w, https:\/\/vetus.com\/wp-content\/uploads\/accu-vetus-106849-930x671.jpg 930w, https:\/\/vetus.com\/wp-content\/uploads\/accu-vetus-106849-1170x845.jpg 1170w\" sizes=\"auto, (max-width: 575.98px) 431px, (max-width: 767.98px) 530px, (max-width: 991.98px) 330px, (max-width: 1279.98px) 431px, (max-width: 1899.98px) 530px, 690px\" loading=\"lazy\" \/>                                <\/div>\n                            <\/div>\n                        <\/div>\n                                    <\/div>\n            <\/div>\n        <\/div>\n    <\/section>\n\n<section id=\"section-text-block-block_1314be6dccc19bf1fac2bcf8d1fd05cb\" class=\"section text-block \">\n                    <div class=\"section section__body\">\n            <div class=\"text-block\">\n                <div class=\"container\">\n                    <div class=\"row\">\n                        <div class=\"col-lg-8 offset-lg-2\">\n                                                            <div class=\"section__content single__content hentry\">\n                                    <p><strong>Come posso mantenere le mie batterie marine completamente cariche?<\/strong><\/p>\n<p>I due metodi principali di ricarica delle batterie sono l&#8217;utilizzo del motore attraverso l&#8217;alternatore e l&#8217;alimentazione da terra collegata a un <a href=\"https:\/\/webshop.vetus.com\/en\/products\/electricity-on-board\/battery-chargers\">caricabatterie<\/a> di bordo. Tuttavia, assicuratevi sempre di avere un caricabatterie di buona qualit\u00e0. I caricabatterie semplici possono sovraccaricarsi, causando danni alla batteria, oppure sottocaricarsi e non caricare completamente la batteria, che inizier\u00e0 a perdere la sua capacit\u00e0.<\/p>\n<p>La ricarica di una batteria scarica fino al 100% avviene in 3 fasi. Se la batteria \u00e8 scesa a uno stato di carica del 25%, la prima fase di assorbimento \u00e8 veloce e porta rapidamente la batteria all&#8217;80% in un paio d&#8217;ore, ma poi la tensione aumenta e la carica rallenta per evitare che la tensione diventi troppo alta. Dall&#8217;80% al 95%, la fase di assorbimento richiede pi\u00f9 tempo per evitare il &#8220;gassing&#8221;, che si verifica quando la tensione diventa troppo alta. L&#8217;ultima fase di galleggiamento fino al 100% pu\u00f2 richiedere 10-12 ore, un tempo fondamentale per garantire la salute della batteria. Un caricabatterie di qualit\u00e0 fa attraversare alla batteria tutte queste fasi in modo controllato.<\/p>\n<p><strong>Curate la batteria in modo intelligente<\/strong>.<\/p>\n<p>La maggior parte degli armatori, con un uso regolare, riesce ad utilizzare la propria batteria per 4\/5 anni, ma un armatore intelligente pu\u00f2 ottenere di pi\u00f9 applicando alcune semplici regole per la manutenzione della batteria. L&#8217;installazione di un indicatore di carica pu\u00f2 aiutare l&#8217;armatore a capire quando la capacit\u00e0 si sta esaurendo ed \u00e8 il momento di avviare il motore o di collegarsi alla rete elettrica. Un voltmetro non \u00e8 abbastanza preciso per fare questo lavoro, quindi un <a href=\"https:\/\/webshop.vetus.com\/en\/product\/batmonb-battery-monitor-black\">indicatore di carica<\/a> \u00e8 un ottimo investimento.<\/p>\n<p>L&#8217;installazione di uno <a href=\"https:\/\/webshop.vetus.com\/en\/search?q=battery+main+switch&amp;p=1&amp;s=relevance:DESC\">staccabatteri<\/a>e generale eviter\u00e0 la perdita di potenza a causa di piccoli servizi e di indicatori di stand-by lasciati accesi dopo aver lasciato l&#8217;imbarcazione. L&#8217;installazione di un secondo alternatore (se le dimensioni della batteria lo consentono) accelerer\u00e0 la ricarica quando i motori sono in funzione.<\/p>\n<p>Se si utilizza un caricabatterie ad alta potenza, \u00e8 opportuno installare un indicatore di temperatura per garantire che la temperatura non aumenti troppo durante la carica. Mantenere la batteria fresca pu\u00f2 garantire un&#8217;ulteriore stagione di felice navigazione. Quando montate le nuove batterie marine, tenetele isolate il pi\u00f9 possibile dal calore dei motori. Posizionate un tappetino di gomma sotto le batterie per evitare vibrazioni e assicuratevi che i cavi siano identici per garantire che ogni batteria riceva lo stesso livello di carica.<\/p>\n<p>Non mischiare diversi tipi di batterie in uno stesso banco batterie. Se una batteria inizia a guastarsi, cambiatele tutte: \u00e8 meglio mantenere tutte le batterie dello stesso tipo, et\u00e0 e capacit\u00e0. Una batteria in avaria influenzer\u00e0 sempre le altre del banco batterie. Questi semplici accorgimenti possono aggiungere almeno un altro anno di vita alle vostre batterie marine.<\/p>\n<p>Arthur Roeling, Direttore Ricerca e Sviluppo e Assistenza di VETUS, ha dichiarato: &#8220;Le batterie sono il cuore pulsante di un&#8217;imbarcazione, in quanto consentono di avviare il motore, di gettare l&#8217;ancora, di far funzionare il chart plotter, il frigorifero e tutti gli importanti sistemi essenziali per il funzionamento sicuro di una moderna imbarcazione. Non aspettate quindi a caricare le batterie fino a quando le luci non si abbassano, \u00e8 opportuno mantenere le batterie completamente cariche. Noi di VETUS abbiamo sviluppato batterie e sistemi di gestione delle batterie di alta qualit\u00e0 e di lunga durata per mantenere la vostra imbarcazione sicura e funzionante per molti anni di navigazione senza problemi. Quindi, prendetevi cura delle vostre batterie marine e loro si prenderanno cura di voi&#8221;.<\/p>\n<p>Cliccate <a href=\"https:\/\/youtu.be\/3eMuMCtFO8w\">qui<\/a> per vedere il nostro video blog sulla manutenzione delle batterie.<\/p>\n                                <\/div>\n                            \n                                                            <div class=\"section__actions text-block__actions actions\">\n                                    <div class=\"btn-group d-flex flex-wrap justify-content-center\">\n                                                                                    <a href=\"https:\/\/webshop.vetus.com\/en\/products\/electricity-on-board\/batteries\" class=\"btn btn-primary\" title=\"\" target=\"\">\n                                                <span>Scoprite le batterie VETUS<\/span>\n                                            <\/a>\n                                        \n                                                                            <\/div>\n                                <\/div>\n                                                    <\/div>\n                    <\/div>\n                <\/div>\n            <\/div>\n        <\/div>\n    <\/section><\/section>","protected":false},"excerpt":{"rendered":"","protected":false},"author":24,"featured_media":0,"parent":59199,"menu_order":0,"comment_status":"closed","ping_status":"closed","template":"tpl-default.php","meta":{"_acf_changed":false,"footnotes":""},"class_list":["post-69837","page","type-page","status-publish","hentry"],"acf":{"image":{"ID":70380,"id":70380,"title":"Man,Connecting,Power,Cord,To,Inlet,Of,Boat.","filename":"shutterstock_137369297-6-scaled.jpg","filesize":550036,"url":"https:\/\/vetus.com\/wp-content\/uploads\/.\/shutterstock_137369297-6-scaled.jpg","link":"https:\/\/vetus.com\/it\/blog\/marine-battery-maintenance\/manconnectingpowercordtoinletofboat-6\/","alt":"","author":"24","description":"","caption":"","name":"manconnectingpowercordtoinletofboat-6","status":"inherit","uploaded_to":69837,"date":"2023-06-07 12:24:43","modified":"2023-06-07 12:24:43","menu_order":0,"mime_type":"image\/jpeg","type":"image","subtype":"jpeg","icon":"https:\/\/vetus.com\/wp-includes\/images\/media\/default.png","width":2560,"height":1707,"sizes":{"thumbnail":"https:\/\/vetus.com\/wp-content\/uploads\/.\/shutterstock_137369297-6-150x150.jpg","thumbnail-width":150,"thumbnail-height":150,"medium":"https:\/\/vetus.com\/wp-content\/uploads\/.\/shutterstock_137369297-6-300x200.jpg","medium-width":300,"medium-height":200,"medium_large":"https:\/\/vetus.com\/wp-content\/uploads\/.\/shutterstock_137369297-6-768x512.jpg","medium_large-width":768,"medium_large-height":512,"large":"https:\/\/vetus.com\/wp-content\/uploads\/.\/shutterstock_137369297-6-scaled.jpg","large-width":1024,"large-height":683,"1536x1536":"https:\/\/vetus.com\/wp-content\/uploads\/.\/shutterstock_137369297-6-scaled.jpg","1536x1536-width":1536,"1536x1536-height":1024,"2048x2048":"https:\/\/vetus.com\/wp-content\/uploads\/.\/shutterstock_137369297-6-scaled.jpg","2048x2048-width":2048,"2048x2048-height":1366,"210w":"https:\/\/vetus.com\/wp-content\/uploads\/.\/shutterstock_137369297-6-210x140.jpg","210w-width":210,"210w-height":140,"330w":"https:\/\/vetus.com\/wp-content\/uploads\/.\/shutterstock_137369297-6-330x220.jpg","330w-width":330,"330w-height":220,"431w":"https:\/\/vetus.com\/wp-content\/uploads\/.\/shutterstock_137369297-6-431x287.jpg","431w-width":431,"431w-height":287,"507w":"https:\/\/vetus.com\/wp-content\/uploads\/.\/shutterstock_137369297-6-507x338.jpg","507w-width":507,"507w-height":338,"530w":"https:\/\/vetus.com\/wp-content\/uploads\/.\/shutterstock_137369297-6-530x353.jpg","530w-width":530,"530w-height":353,"690w":"https:\/\/vetus.com\/wp-content\/uploads\/.\/shutterstock_137369297-6-690x460.jpg","690w-width":690,"690w-height":460,"930w":"https:\/\/vetus.com\/wp-content\/uploads\/.\/shutterstock_137369297-6-930x620.jpg","930w-width":930,"930w-height":620,"1170w":"https:\/\/vetus.com\/wp-content\/uploads\/.\/shutterstock_137369297-6-1170x780.jpg","1170w-width":1170,"1170w-height":780,"gform-image-choice-sm":"https:\/\/vetus.com\/wp-content\/uploads\/.\/shutterstock_137369297-6-scaled.jpg","gform-image-choice-sm-width":300,"gform-image-choice-sm-height":200,"gform-image-choice-md":"https:\/\/vetus.com\/wp-content\/uploads\/.\/shutterstock_137369297-6-scaled.jpg","gform-image-choice-md-width":400,"gform-image-choice-md-height":267,"gform-image-choice-lg":"https:\/\/vetus.com\/wp-content\/uploads\/.\/shutterstock_137369297-6-scaled.jpg","gform-image-choice-lg-width":600,"gform-image-choice-lg-height":400}},"introduction":"Le batterie marine sono un componente essenziale dell'impianto elettrico di qualsiasi imbarcazione. Sono fondamentali per avviare il motore e fornire energia a luci, elettronica e altri sistemi critici. Senza le batterie, l'imbarcazione rimane all'ormeggio. Una corretta manutenzione delle batterie \u00e8 quindi fondamentale per garantire un funzionamento affidabile e sicuro, prolungando la durata delle batterie e migliorando il piacere della navigazione.","person":false,"title":"Prenditi cura delle tue batterie e loro si prenderanno cura di te"},"yoast_head":"<!-- This site is optimized with the Yoast SEO Premium plugin v27.3 (Yoast SEO v27.3) - https:\/\/yoast.com\/product\/yoast-seo-premium-wordpress\/ -->\n<title>Blog - Manutenzione Batterie Marine - VETUS<\/title>\n<meta name=\"description\" content=\"How do I keep my marine batterie fully charged? The two main methods of battery charging are via engine usage through the alternator and ...\" \/>\n<meta name=\"robots\" content=\"index, follow, max-snippet:-1, max-image-preview:large, max-video-preview:-1\" \/>\n<link rel=\"canonical\" href=\"https:\/\/vetus.com\/it\/blog\/marine-battery-maintenance\/\" \/>\n<meta property=\"og:locale\" content=\"it_IT\" \/>\n<meta property=\"og:type\" content=\"article\" \/>\n<meta property=\"og:title\" content=\"Blog - Manutenzione Batterie Marine\" \/>\n<meta property=\"og:description\" content=\"How do I keep my marine batterie fully charged? The two main methods of battery charging are via engine usage through the alternator and ...\" \/>\n<meta property=\"og:url\" content=\"https:\/\/vetus.com\/it\/blog\/marine-battery-maintenance\/\" \/>\n<meta property=\"og:site_name\" content=\"VETUS\" \/>\n<meta property=\"article:modified_time\" content=\"2024-06-27T11:13:38+00:00\" \/>\n<meta name=\"twitter:card\" content=\"summary_large_image\" \/>\n<meta name=\"twitter:label1\" content=\"Tempo di lettura stimato\" \/>\n\t<meta name=\"twitter:data1\" content=\"8 minuti\" \/>\n<script type=\"application\/ld+json\" class=\"yoast-schema-graph\">{\"@context\":\"https:\\\/\\\/schema.org\",\"@graph\":[{\"@type\":\"WebPage\",\"@id\":\"https:\\\/\\\/vetus.com\\\/it\\\/blog\\\/marine-battery-maintenance\\\/\",\"url\":\"https:\\\/\\\/vetus.com\\\/it\\\/blog\\\/marine-battery-maintenance\\\/\",\"name\":\"Blog - Manutenzione Batterie Marine - VETUS\",\"isPartOf\":{\"@id\":\"https:\\\/\\\/vetus.com\\\/it\\\/#website\"},\"datePublished\":\"2023-06-07T09:46:43+00:00\",\"dateModified\":\"2024-06-27T11:13:38+00:00\",\"description\":\"How do I keep my marine batterie fully charged? The two main methods of battery charging are via engine usage through the alternator and ...\",\"breadcrumb\":{\"@id\":\"https:\\\/\\\/vetus.com\\\/it\\\/blog\\\/marine-battery-maintenance\\\/#breadcrumb\"},\"inLanguage\":\"it-IT\",\"potentialAction\":[{\"@type\":\"ReadAction\",\"target\":[\"https:\\\/\\\/vetus.com\\\/it\\\/blog\\\/marine-battery-maintenance\\\/\"]}]},{\"@type\":\"BreadcrumbList\",\"@id\":\"https:\\\/\\\/vetus.com\\\/it\\\/blog\\\/marine-battery-maintenance\\\/#breadcrumb\",\"itemListElement\":[{\"@type\":\"ListItem\",\"position\":1,\"name\":\"Home\",\"item\":\"https:\\\/\\\/vetus.com\\\/it\\\/\"},{\"@type\":\"ListItem\",\"position\":2,\"name\":\"Blog\",\"item\":\"https:\\\/\\\/vetus.com\\\/it\\\/blog\\\/\"},{\"@type\":\"ListItem\",\"position\":3,\"name\":\"Blog &#8211; Manutenzione Batterie Marine\"}]},{\"@type\":\"WebSite\",\"@id\":\"https:\\\/\\\/vetus.com\\\/it\\\/#website\",\"url\":\"https:\\\/\\\/vetus.com\\\/it\\\/\",\"name\":\"VETUS\",\"description\":\"\",\"potentialAction\":[{\"@type\":\"SearchAction\",\"target\":{\"@type\":\"EntryPoint\",\"urlTemplate\":\"https:\\\/\\\/vetus.com\\\/it\\\/?s={search_term_string}\"},\"query-input\":{\"@type\":\"PropertyValueSpecification\",\"valueRequired\":true,\"valueName\":\"search_term_string\"}}],\"inLanguage\":\"it-IT\"}]}<\/script>\n<!-- \/ Yoast SEO Premium plugin. -->","yoast_head_json":{"title":"Blog - Manutenzione Batterie Marine - VETUS","description":"How do I keep my marine batterie fully charged? The two main methods of battery charging are via engine usage through the alternator and ...","robots":{"index":"index","follow":"follow","max-snippet":"max-snippet:-1","max-image-preview":"max-image-preview:large","max-video-preview":"max-video-preview:-1"},"canonical":"https:\/\/vetus.com\/it\/blog\/marine-battery-maintenance\/","og_locale":"it_IT","og_type":"article","og_title":"Blog - Manutenzione Batterie Marine","og_description":"How do I keep my marine batterie fully charged? The two main methods of battery charging are via engine usage through the alternator and ...","og_url":"https:\/\/vetus.com\/it\/blog\/marine-battery-maintenance\/","og_site_name":"VETUS","article_modified_time":"2024-06-27T11:13:38+00:00","twitter_card":"summary_large_image","twitter_misc":{"Tempo di lettura stimato":"8 minuti"},"schema":{"@context":"https:\/\/schema.org","@graph":[{"@type":"WebPage","@id":"https:\/\/vetus.com\/it\/blog\/marine-battery-maintenance\/","url":"https:\/\/vetus.com\/it\/blog\/marine-battery-maintenance\/","name":"Blog - Manutenzione Batterie Marine - VETUS","isPartOf":{"@id":"https:\/\/vetus.com\/it\/#website"},"datePublished":"2023-06-07T09:46:43+00:00","dateModified":"2024-06-27T11:13:38+00:00","description":"How do I keep my marine batterie fully charged? The two main methods of battery charging are via engine usage through the alternator and ...","breadcrumb":{"@id":"https:\/\/vetus.com\/it\/blog\/marine-battery-maintenance\/#breadcrumb"},"inLanguage":"it-IT","potentialAction":[{"@type":"ReadAction","target":["https:\/\/vetus.com\/it\/blog\/marine-battery-maintenance\/"]}]},{"@type":"BreadcrumbList","@id":"https:\/\/vetus.com\/it\/blog\/marine-battery-maintenance\/#breadcrumb","itemListElement":[{"@type":"ListItem","position":1,"name":"Home","item":"https:\/\/vetus.com\/it\/"},{"@type":"ListItem","position":2,"name":"Blog","item":"https:\/\/vetus.com\/it\/blog\/"},{"@type":"ListItem","position":3,"name":"Blog &#8211; Manutenzione Batterie Marine"}]},{"@type":"WebSite","@id":"https:\/\/vetus.com\/it\/#website","url":"https:\/\/vetus.com\/it\/","name":"VETUS","description":"","potentialAction":[{"@type":"SearchAction","target":{"@type":"EntryPoint","urlTemplate":"https:\/\/vetus.com\/it\/?s={search_term_string}"},"query-input":{"@type":"PropertyValueSpecification","valueRequired":true,"valueName":"search_term_string"}}],"inLanguage":"it-IT"}]}},"_links":{"self":[{"href":"https:\/\/vetus.com\/it\/wp-json\/wp\/v2\/pages\/69837","targetHints":{"allow":["GET"]}}],"collection":[{"href":"https:\/\/vetus.com\/it\/wp-json\/wp\/v2\/pages"}],"about":[{"href":"https:\/\/vetus.com\/it\/wp-json\/wp\/v2\/types\/page"}],"author":[{"embeddable":true,"href":"https:\/\/vetus.com\/it\/wp-json\/wp\/v2\/users\/24"}],"replies":[{"embeddable":true,"href":"https:\/\/vetus.com\/it\/wp-json\/wp\/v2\/comments?post=69837"}],"version-history":[{"count":5,"href":"https:\/\/vetus.com\/it\/wp-json\/wp\/v2\/pages\/69837\/revisions"}],"predecessor-version":[{"id":90766,"href":"https:\/\/vetus.com\/it\/wp-json\/wp\/v2\/pages\/69837\/revisions\/90766"}],"up":[{"embeddable":true,"href":"https:\/\/vetus.com\/it\/wp-json\/wp\/v2\/pages\/59199"}],"wp:attachment":[{"href":"https:\/\/vetus.com\/it\/wp-json\/wp\/v2\/media?parent=69837"}],"curies":[{"name":"wp","href":"https:\/\/api.w.org\/{rel}","templated":true}]}}