{"id":3432,"date":"2021-03-31T09:01:36","date_gmt":"2021-03-31T07:01:36","guid":{"rendered":"https:\/\/vetus.inlinedigital.nl\/cms\/5-and-5-year-warranty\/"},"modified":"2022-07-12T12:35:12","modified_gmt":"2022-07-12T10:35:12","slug":"5-piu-garanzia","status":"publish","type":"page","link":"https:\/\/vetus.com\/it\/servizio-e-supporto\/5-piu-garanzia\/","title":{"rendered":"5 pi\u00f9 garanzia"},"content":{"rendered":"\n<section class=\"section  \">\n    \n\n<section id=\"section-text-block-block_60642c2927d6b\" class=\"section text-block \">\n                    <div class=\"section section__body\">\n            <div class=\"text-block\">\n                <div class=\"container\">\n                    <div class=\"row\">\n                        <div class=\"col-lg-8 offset-lg-2\">\n                                                            <div class=\"section__content single__content hentry\">\n                                    <p>Un&#8217;altra buona ragione per scegliere VETUS! Se un motore VETUS viene acquistato con un pacchetto completo di accessori VETUS per l\u2019installazione, la garanzia su questi accessori sar\u00e0 estesa da 3 a 5 anni. Accanto alla gi\u00e0 vantaggiosa garanzia VETUS sui motori (3+2), questa estensione sugli accessori vi premetter\u00e0 di utilizzare la vostra imbarcazione in piena tranquillit\u00e0 per un bel periodo di tempo!<\/p>\n<p><img decoding=\"async\" class=\"alignnone size-full wp-image-12357\" src=\"https:\/\/vetus.com\/wp-content\/uploads\/extended-warranty_banner_IT.png\" alt=\"\" width=\"770\" height=\"302\" srcset=\"https:\/\/vetus.com\/wp-content\/uploads\/extended-warranty_banner_IT.png 770w, https:\/\/vetus.com\/wp-content\/uploads\/extended-warranty_banner_IT-300x118.png 300w, https:\/\/vetus.com\/wp-content\/uploads\/extended-warranty_banner_IT-768x301.png 768w, https:\/\/vetus.com\/wp-content\/uploads\/extended-warranty_banner_IT-418x164.png 418w, https:\/\/vetus.com\/wp-content\/uploads\/extended-warranty_banner_IT-604x237.png 604w\" sizes=\"(max-width: 770px) 100vw, 770px\" \/><\/p>\n<h3>Come funziona?<\/h3>\n<p>Acquistate, da un rivenditore autorizzato VETUS, un nuovo motore VETUS ed un pacchetto completo di accessori per motore contente:<\/p>\n<ul>\n<li>linea asse<\/li>\n<li>Elica<\/li>\n<li>Giunto flessibile<\/li>\n<li>Filtro acqua di raffreddamento<\/li>\n<li>Separatore acqua\/filtro carburante<\/li>\n<li>Sistema di scarico (tubo di scarico, marmitta, silenziatore, collo d&#8217;oca, bocchettone di scarico e anti sifone)<\/li>\n<li>Comando motore<\/li>\n<li>Griglie di ventilazione<\/li>\n<\/ul>\n<p>Per i modelli, scaricate la tabella di scelta accessori!<\/p>\n<p>Il modulo di installazione verr\u00e0 utilizzato dal rivenditore\/installatore, per richiedere la garanzia 5+.<\/p>\n<h3>Condizioni di garanzia<\/h3>\n<p>Alla promozione si applicano i seguenti articoli delle nostre condizioni di garanzia:<\/p>\n<h6>Articolo 8<\/h6>\n<p>Tutte le richieste di garanzia saranno rese nulle nelle seguenti situazioni:<\/p>\n<ul>\n<li>Quando ogni manutenzione periodica richiesta non sia stata effettuata da un dealer VETUS autorizzato.<\/li>\n<li>Installazione o montaggio errato del prodotto<\/li>\n<li>Uso improprio del prodotto.<\/li>\n<li>Il difetto sia causato da mancanza di cura da parte del proprietario o utilizzatore.<\/li>\n<li>In caso di calamit\u00e0 esterna.<\/li>\n<li>In caso non siano state seguite le istruzioni di uso.<\/li>\n<li>In caso siano trascorsi i 60 mesi del periodo di garanzia.<\/li>\n<\/ul>\n<h6>Articolo 9<\/h6>\n<p>Esclusioni: situazioni non coperte da garanzia:<\/p>\n<ul>\n<li>Parti soggette a logorio e deterioramento.<\/li>\n<li>Consequential costs such as (but not limited to) &#8211; transport costs, labour costs, cranage, lifting costs etc.<\/li>\n<li>Danni causati dalle condizioni ambientali.<\/li>\n<li>Inquinamento, gelo, surriscaldamento e sovraccarico.<\/li>\n<\/ul>\n<h3>Downloads<\/h3>\n<p><a href=\"https:\/\/online.flippingbook.com\/view\/450671581\/\">Scarica la tabella di selezione delle apparecchiature<\/a><\/p>\n                                <\/div>\n                            \n                                                    <\/div>\n                    <\/div>\n                <\/div>\n            <\/div>\n        <\/div>\n    <\/section><\/section>","protected":false},"excerpt":{"rendered":"<p>When you buy a VETUS engine we give you a 5 year warranty on the engine and on a selected list of around the engine products.<\/p>\n","protected":false},"author":31,"featured_media":3434,"parent":3565,"menu_order":104,"comment_status":"closed","ping_status":"closed","template":"tpl-basic.php","meta":{"_acf_changed":false,"footnotes":""},"class_list":["post-3432","page","type-page","status-publish","has-post-thumbnail","hentry"],"acf":{"introduction":"","person":false},"yoast_head":"<!-- This site is optimized with the Yoast SEO Premium plugin v27.4 (Yoast SEO v27.4) - https:\/\/yoast.com\/product\/yoast-seo-premium-wordpress\/ -->\n<title>5 pi\u00f9 garanzia - VETUS<\/title>\n<meta name=\"robots\" content=\"index, follow, max-snippet:-1, max-image-preview:large, max-video-preview:-1\" \/>\n<link rel=\"canonical\" href=\"https:\/\/vetus.com\/it\/servizio-e-supporto\/5-piu-garanzia\/\" \/>\n<meta property=\"og:locale\" content=\"it_IT\" \/>\n<meta property=\"og:type\" content=\"article\" \/>\n<meta property=\"og:title\" content=\"5 pi\u00f9 garanzia\" \/>\n<meta property=\"og:description\" content=\"When you buy a VETUS engine we give you a 5 year warranty on the engine and on a selected list of around the engine products.\" \/>\n<meta property=\"og:url\" content=\"https:\/\/vetus.com\/it\/servizio-e-supporto\/5-piu-garanzia\/\" \/>\n<meta property=\"og:site_name\" content=\"VETUS\" \/>\n<meta property=\"article:modified_time\" content=\"2022-07-12T10:35:12+00:00\" \/>\n<meta property=\"og:image\" content=\"https:\/\/vetus.com\/wp-content\/uploads\/featured-warranty-5.png\" \/>\n\t<meta property=\"og:image:width\" content=\"1200\" \/>\n\t<meta property=\"og:image:height\" content=\"800\" \/>\n\t<meta property=\"og:image:type\" content=\"image\/png\" \/>\n<meta name=\"twitter:card\" content=\"summary_large_image\" \/>\n<script type=\"application\/ld+json\" class=\"yoast-schema-graph\">{\"@context\":\"https:\\\/\\\/schema.org\",\"@graph\":[{\"@type\":\"WebPage\",\"@id\":\"https:\\\/\\\/vetus.com\\\/it\\\/servizio-e-supporto\\\/5-piu-garanzia\\\/\",\"url\":\"https:\\\/\\\/vetus.com\\\/it\\\/servizio-e-supporto\\\/5-piu-garanzia\\\/\",\"name\":\"5 pi\u00f9 garanzia - VETUS\",\"isPartOf\":{\"@id\":\"https:\\\/\\\/vetus.com\\\/it\\\/#website\"},\"primaryImageOfPage\":{\"@id\":\"https:\\\/\\\/vetus.com\\\/it\\\/servizio-e-supporto\\\/5-piu-garanzia\\\/#primaryimage\"},\"image\":{\"@id\":\"https:\\\/\\\/vetus.com\\\/it\\\/servizio-e-supporto\\\/5-piu-garanzia\\\/#primaryimage\"},\"thumbnailUrl\":\"https:\\\/\\\/vetus.com\\\/wp-content\\\/uploads\\\/featured-warranty-5.png\",\"datePublished\":\"2021-03-31T07:01:36+00:00\",\"dateModified\":\"2022-07-12T10:35:12+00:00\",\"breadcrumb\":{\"@id\":\"https:\\\/\\\/vetus.com\\\/it\\\/servizio-e-supporto\\\/5-piu-garanzia\\\/#breadcrumb\"},\"inLanguage\":\"it-IT\",\"potentialAction\":[{\"@type\":\"ReadAction\",\"target\":[\"https:\\\/\\\/vetus.com\\\/it\\\/servizio-e-supporto\\\/5-piu-garanzia\\\/\"]}]},{\"@type\":\"ImageObject\",\"inLanguage\":\"it-IT\",\"@id\":\"https:\\\/\\\/vetus.com\\\/it\\\/servizio-e-supporto\\\/5-piu-garanzia\\\/#primaryimage\",\"url\":\"https:\\\/\\\/vetus.com\\\/wp-content\\\/uploads\\\/featured-warranty-5.png\",\"contentUrl\":\"https:\\\/\\\/vetus.com\\\/wp-content\\\/uploads\\\/featured-warranty-5.png\",\"width\":1200,\"height\":800},{\"@type\":\"BreadcrumbList\",\"@id\":\"https:\\\/\\\/vetus.com\\\/it\\\/servizio-e-supporto\\\/5-piu-garanzia\\\/#breadcrumb\",\"itemListElement\":[{\"@type\":\"ListItem\",\"position\":1,\"name\":\"Home\",\"item\":\"https:\\\/\\\/vetus.com\\\/it\\\/\"},{\"@type\":\"ListItem\",\"position\":2,\"name\":\"Servizio e Supporto\",\"item\":\"https:\\\/\\\/vetus.com\\\/it\\\/servizio-e-supporto\\\/\"},{\"@type\":\"ListItem\",\"position\":3,\"name\":\"5 pi\u00f9 garanzia\"}]},{\"@type\":\"WebSite\",\"@id\":\"https:\\\/\\\/vetus.com\\\/it\\\/#website\",\"url\":\"https:\\\/\\\/vetus.com\\\/it\\\/\",\"name\":\"VETUS\",\"description\":\"\",\"potentialAction\":[{\"@type\":\"SearchAction\",\"target\":{\"@type\":\"EntryPoint\",\"urlTemplate\":\"https:\\\/\\\/vetus.com\\\/it\\\/?s={search_term_string}\"},\"query-input\":{\"@type\":\"PropertyValueSpecification\",\"valueRequired\":true,\"valueName\":\"search_term_string\"}}],\"inLanguage\":\"it-IT\"}]}<\/script>\n<!-- \/ Yoast SEO Premium plugin. -->","yoast_head_json":{"title":"5 pi\u00f9 garanzia - VETUS","robots":{"index":"index","follow":"follow","max-snippet":"max-snippet:-1","max-image-preview":"max-image-preview:large","max-video-preview":"max-video-preview:-1"},"canonical":"https:\/\/vetus.com\/it\/servizio-e-supporto\/5-piu-garanzia\/","og_locale":"it_IT","og_type":"article","og_title":"5 pi\u00f9 garanzia","og_description":"When you buy a VETUS engine we give you a 5 year warranty on the engine and on a selected list of around the engine products.","og_url":"https:\/\/vetus.com\/it\/servizio-e-supporto\/5-piu-garanzia\/","og_site_name":"VETUS","article_modified_time":"2022-07-12T10:35:12+00:00","og_image":[{"width":1200,"height":800,"url":"https:\/\/vetus.com\/wp-content\/uploads\/featured-warranty-5.png","type":"image\/png"}],"twitter_card":"summary_large_image","schema":{"@context":"https:\/\/schema.org","@graph":[{"@type":"WebPage","@id":"https:\/\/vetus.com\/it\/servizio-e-supporto\/5-piu-garanzia\/","url":"https:\/\/vetus.com\/it\/servizio-e-supporto\/5-piu-garanzia\/","name":"5 pi\u00f9 garanzia - VETUS","isPartOf":{"@id":"https:\/\/vetus.com\/it\/#website"},"primaryImageOfPage":{"@id":"https:\/\/vetus.com\/it\/servizio-e-supporto\/5-piu-garanzia\/#primaryimage"},"image":{"@id":"https:\/\/vetus.com\/it\/servizio-e-supporto\/5-piu-garanzia\/#primaryimage"},"thumbnailUrl":"https:\/\/vetus.com\/wp-content\/uploads\/featured-warranty-5.png","datePublished":"2021-03-31T07:01:36+00:00","dateModified":"2022-07-12T10:35:12+00:00","breadcrumb":{"@id":"https:\/\/vetus.com\/it\/servizio-e-supporto\/5-piu-garanzia\/#breadcrumb"},"inLanguage":"it-IT","potentialAction":[{"@type":"ReadAction","target":["https:\/\/vetus.com\/it\/servizio-e-supporto\/5-piu-garanzia\/"]}]},{"@type":"ImageObject","inLanguage":"it-IT","@id":"https:\/\/vetus.com\/it\/servizio-e-supporto\/5-piu-garanzia\/#primaryimage","url":"https:\/\/vetus.com\/wp-content\/uploads\/featured-warranty-5.png","contentUrl":"https:\/\/vetus.com\/wp-content\/uploads\/featured-warranty-5.png","width":1200,"height":800},{"@type":"BreadcrumbList","@id":"https:\/\/vetus.com\/it\/servizio-e-supporto\/5-piu-garanzia\/#breadcrumb","itemListElement":[{"@type":"ListItem","position":1,"name":"Home","item":"https:\/\/vetus.com\/it\/"},{"@type":"ListItem","position":2,"name":"Servizio e Supporto","item":"https:\/\/vetus.com\/it\/servizio-e-supporto\/"},{"@type":"ListItem","position":3,"name":"5 pi\u00f9 garanzia"}]},{"@type":"WebSite","@id":"https:\/\/vetus.com\/it\/#website","url":"https:\/\/vetus.com\/it\/","name":"VETUS","description":"","potentialAction":[{"@type":"SearchAction","target":{"@type":"EntryPoint","urlTemplate":"https:\/\/vetus.com\/it\/?s={search_term_string}"},"query-input":{"@type":"PropertyValueSpecification","valueRequired":true,"valueName":"search_term_string"}}],"inLanguage":"it-IT"}]}},"_links":{"self":[{"href":"https:\/\/vetus.com\/it\/wp-json\/wp\/v2\/pages\/3432","targetHints":{"allow":["GET"]}}],"collection":[{"href":"https:\/\/vetus.com\/it\/wp-json\/wp\/v2\/pages"}],"about":[{"href":"https:\/\/vetus.com\/it\/wp-json\/wp\/v2\/types\/page"}],"author":[{"embeddable":true,"href":"https:\/\/vetus.com\/it\/wp-json\/wp\/v2\/users\/31"}],"replies":[{"embeddable":true,"href":"https:\/\/vetus.com\/it\/wp-json\/wp\/v2\/comments?post=3432"}],"version-history":[{"count":0,"href":"https:\/\/vetus.com\/it\/wp-json\/wp\/v2\/pages\/3432\/revisions"}],"up":[{"embeddable":true,"href":"https:\/\/vetus.com\/it\/wp-json\/wp\/v2\/pages\/3565"}],"wp:featuredmedia":[{"embeddable":true,"href":"https:\/\/vetus.com\/it\/wp-json\/wp\/v2\/media\/3434"}],"wp:attachment":[{"href":"https:\/\/vetus.com\/it\/wp-json\/wp\/v2\/media?parent=3432"}],"curies":[{"name":"wp","href":"https:\/\/api.w.org\/{rel}","templated":true}]}}