{"id":3405,"date":"2021-03-31T09:14:27","date_gmt":"2021-03-31T07:14:27","guid":{"rendered":"https:\/\/vetus.inlinedigital.nl\/cms\/vetus-warranty-policy\/"},"modified":"2021-07-22T07:02:11","modified_gmt":"2021-07-22T06:02:11","slug":"condizioni-di-garanzia-vetus","status":"publish","type":"page","link":"https:\/\/vetus.com\/it\/servizio-e-supporto\/condizioni-di-garanzia-vetus\/","title":{"rendered":"Condizioni di garanzia VETUS"},"content":{"rendered":"\n<section class=\"section  \">\n    \n\n<section id=\"section-text-block-block_60642f52d5387\" class=\"section text-block \">\n                    <div class=\"section section__body\">\n            <div class=\"text-block\">\n                <div class=\"container\">\n                    <div class=\"row\">\n                        <div class=\"col-lg-8 offset-lg-2\">\n                                                            <div class=\"section__content single__content hentry\">\n                                    <p>Dal 1\u00b0 Gennaio 2011, la garanzia su tutti gli accessori VETUS \u00e8 stata estesa a 3 anni e quella sui motori e generatori VETUS addirittura a 5 anni. Oltra a queste eccezionali condizioni di garanzia, VETUS mette a disposizione anche una rete di assistenza mondiale, in modo che i nostri clienti possano sempre contare su un eccellente servizio di assistenza.<\/p>\n<p><img decoding=\"async\" class=\"alignnone wp-image-24827 size-full\" src=\"https:\/\/vetus.com\/cms\/wp-content\/uploads\/warranty_try4.jpg\" alt=\"\" width=\"770\" height=\"227\" srcset=\"https:\/\/vetus.com\/wp-content\/uploads\/warranty_try4.jpg 770w, https:\/\/vetus.com\/wp-content\/uploads\/warranty_try4-300x88.jpg 300w, https:\/\/vetus.com\/wp-content\/uploads\/warranty_try4-768x226.jpg 768w, https:\/\/vetus.com\/wp-content\/uploads\/warranty_try4-210x62.jpg 210w, https:\/\/vetus.com\/wp-content\/uploads\/warranty_try4-330x97.jpg 330w, https:\/\/vetus.com\/wp-content\/uploads\/warranty_try4-431x127.jpg 431w, https:\/\/vetus.com\/wp-content\/uploads\/warranty_try4-507x149.jpg 507w, https:\/\/vetus.com\/wp-content\/uploads\/warranty_try4-530x156.jpg 530w, https:\/\/vetus.com\/wp-content\/uploads\/warranty_try4-690x203.jpg 690w\" sizes=\"(max-width: 770px) 100vw, 770px\" \/><\/p>\n<h3>Condizioni di garanzia per accessori VETUS<\/h3>\n<h6>Article 1<\/h6>\n<p>Questa garanzia viene offerta da VETUS BV o da suoi affiliati.<\/p>\n<h6>Articolo 2<\/h6>\n<p>2.1. La garanzia si applica esclusivamente ad articoli prodotti e\/o forniti da VETUS.<br \/>\n2.2. La garanzia si applica esclusivamente ad articoli forniti da VETUS o da suoi affiliati.<\/p>\n<h6>Articolo 3<\/h6>\n<p>3.1\u00a0La garanzia \u00e8 data al primo proprietario. La garanzia pu\u00f2 essere trasferita ad un nuovo proprietario e il periodo di garanzia residuo sar\u00e0 integralmente trasferito a quest\u2019ultimo. Tutte le modifiche fatte al prodotto o alla sua installazione render\u00e0 nulla e invalida la presente garanzia.<\/p>\n<h6>Articolo 4<\/h6>\n<p>4.1. \u00a0Il periodo di garanzia ha inizio dalla data della fattura di acquisto.<br \/>\n4.2. Il periodo di garanzia \u00e8 di 36 mesi. Questo periodo di garanzia si applica solo all\u2019utente finale, non ad aziende o ad utilizzatori professionali, e strettamente per uso diportistico.<br \/>\n4.3. \u00a0Il periodo di garanzia per utilizzo professionale \u00e8 di 12 mesi. Prima di usare il prodotto per utilizzo professionale, l\u2019utilizzatore deve ricevere autorizzazione scritta da VETUS e\/o dai suoi distributori ufficiali.<\/p>\n<h6>Articolo 5<\/h6>\n<p>5.1. Durante il periodo di garanzia VETUS assicura che l\u2019articolo VETUS \u00e8 coperto da garanzia per difetti di prodotto, materiale e fabbricazione.<br \/>\n5.2. \u00a0Anomalie rilevate durante il periodo di garanzia verranno riparate da VETUS senza nessun costo per il proprietario.<br \/>\n5.3. VETUS si riserva il diritto di sostituire il prodotto con uno nuovo, nel caso in cui la riparazione del prodotto difettoso non sia possibile.<br \/>\n5.4. Il prodotto sostituito in garanzia da VETUS diventa automaticamente di propriet\u00e0 VETUS.<\/p>\n<h6>Articolo 6<\/h6>\n<p>6.1. \u00a0La decisione finale riguardo all\u2019applicazione della garanzia sar\u00e0 presa esclusivamente da VETUS e non dal suo rivenditore autorizzato. La decisione verr\u00e0 comunicata per iscritto al dealer\/cantiere che ha fornito l\u2019articolo. VETUS non entrer\u00e0 in contatto diretto con l\u2019utilizzatore finale.<\/p>\n<h6>Articolo 7<\/h6>\n<p>7.1. Il cliente finale non pu\u00f2 richiedere garanzia direttamente a VETUS, ma deve inoltrare la richiesta a chi ha fornito il prodotto VETUS.<\/p>\n<h6>Articolo 8<\/h6>\n<p>Tutte le richieste di garanzia saranno rese nulle nelle seguenti situazioni:<\/p>\n<ul>\n<li>Tutte le richieste di garanzia saranno rese nulle nelle seguenti situazioni:<\/li>\n<li>Installazione o montaggio errato del prodotto<\/li>\n<li>Uso improprio del prodotto<\/li>\n<li>Il difetto sia causato da mancanza di cura da parte del proprietario o utilizzatore<\/li>\n<li>In caso di calamit\u00e0 esterna<\/li>\n<li>In caso non siano state seguite le istruzioni di uso<\/li>\n<li>In caso siano trascorsi i 36 mesi del periodo di garanzia<\/li>\n<\/ul>\n<h6>Articolo 9<\/h6>\n<p>Esclusioni: situazioni non coperte da garanzia:<\/p>\n<ul>\n<li>Parti soggette a logorio e deterioramento<\/li>\n<li>Costi indiretti come (ma non esclusivamente) \u2013 costi di trasporto, manodopera, rimessaggio, alaggio etc.<\/li>\n<li>Danni causati dalle condizioni ambientali<\/li>\n<li>Inquinamento, gelo, surriscaldamento e sovraccarico<\/li>\n<\/ul>\n<h3>Condizioni di garanzia per motori VETUS<\/h3>\n<h6>Articolo 1<\/h6>\n<p>1.1. Questa garanzia viene offerta da VETUS BV o dai suoi affiliati.<\/p>\n<h6>Articolo 2<\/h6>\n<p>2.1. \u00a0La garanzia si applica esclusivamente ad articoli prodotti e\/o forniti da VETUS.<br \/>\n2.2. \u00a0La garanzia si applica esclusivamente ad articoli forniti da VETUS o da suoi affiliati.<\/p>\n<h6>Articolo 3<\/h6>\n<p>3.1. \u00a0Per richiedere la garanzia su motori VETUS, deve essere presentato il Libretto di Assistenza e Garanzia, completato e firmato. Per richiedere la garanzia su parti di ricambio o accessori, deve essere presentata copia della fattura di acquisto delle parti ricambio o accessori come prova della validit\u00e0 della garanzia.<\/p>\n<h6>Articolo 4<\/h6>\n<p>4.1. \u00a0La garanzia \u00e8 data al primo proprietario. La garanzia pu\u00f2 essere trasferita ad un nuovo proprietario e il periodo di garanzia residuo sar\u00e0 integralmente trasferito a quest\u2019ultimo. Tutte le modifiche fatte al prodotto o alla sua installazione render\u00e0 nulla e invalida la presente garanzia.<\/p>\n<h6>Articolo 5<\/h6>\n<p>5.1. VETUS garantisce la qualit\u00e0 del prodotto e di tutti gli accessori forniti con il prodotto. Le anomalie verranno riparate da VETUS o da suoi affiliati, con sostituzione o con riparazione delle parti difettose. La riparazione verr\u00e0 effettuato in un luogo scelto da VETUS.<\/p>\n<h6>Articolo 6<\/h6>\n<p>6.1. \u00a0La garanzia partir\u00e0 dal giorno di consegna al primo proprietario\/cliente finale. Il motore o generatore deve essere messo in servizio non pi\u00f9 tardi di 6 (sei) mesi dalla data della fattura di acquisto.<\/p>\n<h6>Articolo 7<\/h6>\n<p>7.1. \u00a0I motori marini VETUS per uso non professionale su imbarcazioni da diporto sono garantiti da difetti di materiale e\/o produzione, in accordo con le leggi vigenti, per un periodo di 36 (trentasei) mesi, o per un massimo di 1000 (mille) ore di moto, a seconda del termine raggiunto per primo.<\/p>\n<p>7.2. \u00a0In aggiunta a questo periodo di garanzia, VETUS garantisce per ulteriori 24 (ventiquattro) mesi, o per ulteriori 1500 (millecinquecento) ore di moto, a seconda di quale termine viene raggiunto per primo, le seguenti parti del motore: Fusione blocco motore, Albero motore, Campana volano, Ingranaggi distribuzione, Fusione testata, Albero a camme, Fusione coperchio distribuzione, Bielle. 7.3. La garanzia non si applica per uso professionale, a meno che non sia data approvazione per iscritto da VETUS.<\/p>\n<p>7.4. Se tale approvazione scritta per uso professionale del motore viene data da VETUS, il periodo di garanzia sar\u00e0 di 12 (dodici) mesi o massimo 1000 (mille) ore di lavoro, a seconda del termine che viene raggiunto prima.<\/p>\n<h6>Articolo 8<\/h6>\n<p>8.1. \u00a0Il periodo di garanzia per generatori marini VETUS \u00e8 il seguente:<\/p>\n<ul>\n<li>24 (ventiquattro) mesi o massimo 1500 (millecinquecento) ore di moto, a seconda di quale termine viene raggiunto per primo (generatori a 1500 giri).<\/li>\n<li>24 (ventiquattro) mesi o massimo 1500 (millecinquecento) ore di moto, a seconda di quale termine viene raggiunto per primo (generatori a 3000 giri).<\/li>\n<\/ul>\n<p>8.2. \u00a0Se tale approvazione scritta per uso professionale del motore viene data da VETUS, il periodo di garanzia sar\u00e0 di 12 (dodici) mesi o massimo 1000 (mille) ore di lavoro, a seconda del termine che viene raggiunto prima.<\/p>\n<h6>Articolo 9<\/h6>\n<p>9.1. Il periodo di garanzia internazionale per parti di ricambio e accessori \u00e8 12 (dodici) mesi dalla data della fattura di acquisto. Le parti necessarie per la manutenzione periodica e le parti soggette a logorio e deterioramento non sono incluse.<\/p>\n<h6>Articolo 10<\/h6>\n<p>10.1. Difetti visibili devono essere immediatamente riportati per iscritto, o entro massimo 5 giorni, al dealer VETUS, distributore o importatore.<\/p>\n<p>10.2. \u00a0Tutte le richieste di garanzia saranno nulle o invalide quando:<\/p>\n<ul>\n<li>Il prodotto o i componenti non sono stati usati per l\u2019uso indicato nelle specifiche.<\/li>\n<li>Il prodotto o parti di prodotto sono stati impropriamente montati o installati.<\/li>\n<li>L\u2019anomalia \u00e8 causata da normale logorio e deterioramento.<\/li>\n<li>Non sono state seguite le indicazioni di utilizzo, manutenzione e riparazione.<\/li>\n<li>La manutenzione periodica non \u00e8 stata effettuata da un\u2019officina autorizzata VETUS.<\/li>\n<li>Il prodotto \u00e8 stato modificato o adeguato senza la preventiva approvazione scritta di VETUS.<\/li>\n<li>Il prodotto \u00e8 stato utilizzato per uno scopo diverso da quello previsto.<\/li>\n<li>Sono state installate parti non originali.<\/li>\n<li>L\u2019anomalia non \u00e8 stata fatta presente per iscritto al dealer, al cantiere di costruzione, all\u2019importatore o a VETUS entro 14 giorni da quando \u00e8 stata notata.<\/li>\n<\/ul>\n<p>10.3. La garanzia non copre:<\/p>\n<ul>\n<li>Anomalie non causate da difetti di materiale o di costruzione.<\/li>\n<li>Anomalie causate da: normale\u00a0 logorio e deterioramento, sporco interno od esterno, ruggine e danni alla vernice, gelo, surriscaldamento, sovraccarico o uso improprio.<\/li>\n<li>Danni causati da trasporto, distribuzione o stoccaggio.<\/li>\n<li>Riparazioni effettuate da officine non autorizzate.<\/li>\n<li>Materiali o procedure utilizzati a richiesta del proprietario ma che non sono normalmente fornite.<\/li>\n<li>Ispezioni o altre simili procedure professionali effettuate senza la previa approvazione scritta da VETUS .<\/li>\n<li>Parti soggette a normale logorio e deterioramento come ad esempio filtri, guarnizioni, lubrificanti, termostati, vernice, tubi, spazzole, candelette, cinghie a V e giranti.<\/li>\n<li>Costi indiretti quali ad esempio, trasporto, viaggio e alloggio, perdita di tempo, perdita di propriet\u00e0, perdita di utilizzo o costi dati dal rendere accessibile il prodotto, varo, alaggio, rimessaggio, danni derivati da ferite personali o perdita di possesso.<\/li>\n<\/ul>\n<h6>Articolo 11<\/h6>\n<p>11.1. La richiesta di garanzia pu\u00f2 essere fatta solo in caso sia stato rinviato a VETUS, entro 14 giorni dalla data in installazione, il \u201cModulo di Installazione\u201d debitamente compilato dal dealer o dall\u2019installatore.<\/p>\n                                <\/div>\n                            \n                                                    <\/div>\n                    <\/div>\n                <\/div>\n            <\/div>\n        <\/div>\n    <\/section><\/section>","protected":false},"excerpt":{"rendered":"<p>As standard we give 3 years warranty on equipment and 5 years warranty on engines.<\/p>\n","protected":false},"author":31,"featured_media":16965,"parent":3565,"menu_order":105,"comment_status":"closed","ping_status":"closed","template":"tpl-basic.php","meta":{"_acf_changed":false,"footnotes":""},"class_list":["post-3405","page","type-page","status-publish","has-post-thumbnail","hentry"],"acf":{"introduction":"","person":false},"yoast_head":"<!-- This site is optimized with the Yoast SEO Premium plugin v27.3 (Yoast SEO v27.3) - https:\/\/yoast.com\/product\/yoast-seo-premium-wordpress\/ -->\n<title>Condizioni di garanzia VETUS - VETUS<\/title>\n<meta name=\"robots\" content=\"index, follow, max-snippet:-1, max-image-preview:large, max-video-preview:-1\" \/>\n<link rel=\"canonical\" href=\"https:\/\/vetus.com\/it\/servizio-e-supporto\/condizioni-di-garanzia-vetus\/\" \/>\n<meta property=\"og:locale\" content=\"it_IT\" \/>\n<meta property=\"og:type\" content=\"article\" \/>\n<meta property=\"og:title\" content=\"Condizioni di garanzia VETUS\" \/>\n<meta property=\"og:description\" content=\"As standard we give 3 years warranty on equipment and 5 years warranty on engines.\" \/>\n<meta property=\"og:url\" content=\"https:\/\/vetus.com\/it\/servizio-e-supporto\/condizioni-di-garanzia-vetus\/\" \/>\n<meta property=\"og:site_name\" content=\"VETUS\" \/>\n<meta property=\"article:modified_time\" content=\"2021-07-22T06:02:11+00:00\" \/>\n<meta property=\"og:image\" content=\"https:\/\/vetus.com\/wp-content\/uploads\/3_5_jaargarantie_ServiceSupportPage_3x2-3.png\" \/>\n\t<meta property=\"og:image:width\" content=\"1200\" \/>\n\t<meta property=\"og:image:height\" content=\"800\" \/>\n\t<meta property=\"og:image:type\" content=\"image\/png\" \/>\n<meta name=\"twitter:card\" content=\"summary_large_image\" \/>\n<script type=\"application\/ld+json\" class=\"yoast-schema-graph\">{\"@context\":\"https:\\\/\\\/schema.org\",\"@graph\":[{\"@type\":\"WebPage\",\"@id\":\"https:\\\/\\\/vetus.com\\\/it\\\/servizio-e-supporto\\\/condizioni-di-garanzia-vetus\\\/\",\"url\":\"https:\\\/\\\/vetus.com\\\/it\\\/servizio-e-supporto\\\/condizioni-di-garanzia-vetus\\\/\",\"name\":\"Condizioni di garanzia VETUS - VETUS\",\"isPartOf\":{\"@id\":\"https:\\\/\\\/vetus.com\\\/it\\\/#website\"},\"primaryImageOfPage\":{\"@id\":\"https:\\\/\\\/vetus.com\\\/it\\\/servizio-e-supporto\\\/condizioni-di-garanzia-vetus\\\/#primaryimage\"},\"image\":{\"@id\":\"https:\\\/\\\/vetus.com\\\/it\\\/servizio-e-supporto\\\/condizioni-di-garanzia-vetus\\\/#primaryimage\"},\"thumbnailUrl\":\"https:\\\/\\\/vetus.com\\\/wp-content\\\/uploads\\\/3_5_jaargarantie_ServiceSupportPage_3x2-3.png\",\"datePublished\":\"2021-03-31T07:14:27+00:00\",\"dateModified\":\"2021-07-22T06:02:11+00:00\",\"breadcrumb\":{\"@id\":\"https:\\\/\\\/vetus.com\\\/it\\\/servizio-e-supporto\\\/condizioni-di-garanzia-vetus\\\/#breadcrumb\"},\"inLanguage\":\"it-IT\",\"potentialAction\":[{\"@type\":\"ReadAction\",\"target\":[\"https:\\\/\\\/vetus.com\\\/it\\\/servizio-e-supporto\\\/condizioni-di-garanzia-vetus\\\/\"]}]},{\"@type\":\"ImageObject\",\"inLanguage\":\"it-IT\",\"@id\":\"https:\\\/\\\/vetus.com\\\/it\\\/servizio-e-supporto\\\/condizioni-di-garanzia-vetus\\\/#primaryimage\",\"url\":\"https:\\\/\\\/vetus.com\\\/wp-content\\\/uploads\\\/3_5_jaargarantie_ServiceSupportPage_3x2-3.png\",\"contentUrl\":\"https:\\\/\\\/vetus.com\\\/wp-content\\\/uploads\\\/3_5_jaargarantie_ServiceSupportPage_3x2-3.png\",\"width\":1200,\"height\":800},{\"@type\":\"BreadcrumbList\",\"@id\":\"https:\\\/\\\/vetus.com\\\/it\\\/servizio-e-supporto\\\/condizioni-di-garanzia-vetus\\\/#breadcrumb\",\"itemListElement\":[{\"@type\":\"ListItem\",\"position\":1,\"name\":\"Home\",\"item\":\"https:\\\/\\\/vetus.com\\\/it\\\/\"},{\"@type\":\"ListItem\",\"position\":2,\"name\":\"Servizio e Supporto\",\"item\":\"https:\\\/\\\/vetus.com\\\/it\\\/servizio-e-supporto\\\/\"},{\"@type\":\"ListItem\",\"position\":3,\"name\":\"Condizioni di garanzia VETUS\"}]},{\"@type\":\"WebSite\",\"@id\":\"https:\\\/\\\/vetus.com\\\/it\\\/#website\",\"url\":\"https:\\\/\\\/vetus.com\\\/it\\\/\",\"name\":\"VETUS\",\"description\":\"\",\"potentialAction\":[{\"@type\":\"SearchAction\",\"target\":{\"@type\":\"EntryPoint\",\"urlTemplate\":\"https:\\\/\\\/vetus.com\\\/it\\\/?s={search_term_string}\"},\"query-input\":{\"@type\":\"PropertyValueSpecification\",\"valueRequired\":true,\"valueName\":\"search_term_string\"}}],\"inLanguage\":\"it-IT\"}]}<\/script>\n<!-- \/ Yoast SEO Premium plugin. -->","yoast_head_json":{"title":"Condizioni di garanzia VETUS - VETUS","robots":{"index":"index","follow":"follow","max-snippet":"max-snippet:-1","max-image-preview":"max-image-preview:large","max-video-preview":"max-video-preview:-1"},"canonical":"https:\/\/vetus.com\/it\/servizio-e-supporto\/condizioni-di-garanzia-vetus\/","og_locale":"it_IT","og_type":"article","og_title":"Condizioni di garanzia VETUS","og_description":"As standard we give 3 years warranty on equipment and 5 years warranty on engines.","og_url":"https:\/\/vetus.com\/it\/servizio-e-supporto\/condizioni-di-garanzia-vetus\/","og_site_name":"VETUS","article_modified_time":"2021-07-22T06:02:11+00:00","og_image":[{"width":1200,"height":800,"url":"https:\/\/vetus.com\/wp-content\/uploads\/3_5_jaargarantie_ServiceSupportPage_3x2-3.png","type":"image\/png"}],"twitter_card":"summary_large_image","schema":{"@context":"https:\/\/schema.org","@graph":[{"@type":"WebPage","@id":"https:\/\/vetus.com\/it\/servizio-e-supporto\/condizioni-di-garanzia-vetus\/","url":"https:\/\/vetus.com\/it\/servizio-e-supporto\/condizioni-di-garanzia-vetus\/","name":"Condizioni di garanzia VETUS - VETUS","isPartOf":{"@id":"https:\/\/vetus.com\/it\/#website"},"primaryImageOfPage":{"@id":"https:\/\/vetus.com\/it\/servizio-e-supporto\/condizioni-di-garanzia-vetus\/#primaryimage"},"image":{"@id":"https:\/\/vetus.com\/it\/servizio-e-supporto\/condizioni-di-garanzia-vetus\/#primaryimage"},"thumbnailUrl":"https:\/\/vetus.com\/wp-content\/uploads\/3_5_jaargarantie_ServiceSupportPage_3x2-3.png","datePublished":"2021-03-31T07:14:27+00:00","dateModified":"2021-07-22T06:02:11+00:00","breadcrumb":{"@id":"https:\/\/vetus.com\/it\/servizio-e-supporto\/condizioni-di-garanzia-vetus\/#breadcrumb"},"inLanguage":"it-IT","potentialAction":[{"@type":"ReadAction","target":["https:\/\/vetus.com\/it\/servizio-e-supporto\/condizioni-di-garanzia-vetus\/"]}]},{"@type":"ImageObject","inLanguage":"it-IT","@id":"https:\/\/vetus.com\/it\/servizio-e-supporto\/condizioni-di-garanzia-vetus\/#primaryimage","url":"https:\/\/vetus.com\/wp-content\/uploads\/3_5_jaargarantie_ServiceSupportPage_3x2-3.png","contentUrl":"https:\/\/vetus.com\/wp-content\/uploads\/3_5_jaargarantie_ServiceSupportPage_3x2-3.png","width":1200,"height":800},{"@type":"BreadcrumbList","@id":"https:\/\/vetus.com\/it\/servizio-e-supporto\/condizioni-di-garanzia-vetus\/#breadcrumb","itemListElement":[{"@type":"ListItem","position":1,"name":"Home","item":"https:\/\/vetus.com\/it\/"},{"@type":"ListItem","position":2,"name":"Servizio e Supporto","item":"https:\/\/vetus.com\/it\/servizio-e-supporto\/"},{"@type":"ListItem","position":3,"name":"Condizioni di garanzia VETUS"}]},{"@type":"WebSite","@id":"https:\/\/vetus.com\/it\/#website","url":"https:\/\/vetus.com\/it\/","name":"VETUS","description":"","potentialAction":[{"@type":"SearchAction","target":{"@type":"EntryPoint","urlTemplate":"https:\/\/vetus.com\/it\/?s={search_term_string}"},"query-input":{"@type":"PropertyValueSpecification","valueRequired":true,"valueName":"search_term_string"}}],"inLanguage":"it-IT"}]}},"_links":{"self":[{"href":"https:\/\/vetus.com\/it\/wp-json\/wp\/v2\/pages\/3405","targetHints":{"allow":["GET"]}}],"collection":[{"href":"https:\/\/vetus.com\/it\/wp-json\/wp\/v2\/pages"}],"about":[{"href":"https:\/\/vetus.com\/it\/wp-json\/wp\/v2\/types\/page"}],"author":[{"embeddable":true,"href":"https:\/\/vetus.com\/it\/wp-json\/wp\/v2\/users\/31"}],"replies":[{"embeddable":true,"href":"https:\/\/vetus.com\/it\/wp-json\/wp\/v2\/comments?post=3405"}],"version-history":[{"count":0,"href":"https:\/\/vetus.com\/it\/wp-json\/wp\/v2\/pages\/3405\/revisions"}],"up":[{"embeddable":true,"href":"https:\/\/vetus.com\/it\/wp-json\/wp\/v2\/pages\/3565"}],"wp:featuredmedia":[{"embeddable":true,"href":"https:\/\/vetus.com\/it\/wp-json\/wp\/v2\/media\/16965"}],"wp:attachment":[{"href":"https:\/\/vetus.com\/it\/wp-json\/wp\/v2\/media?parent=3405"}],"curies":[{"name":"wp","href":"https:\/\/api.w.org\/{rel}","templated":true}]}}