{"id":26921,"date":"2021-08-03T14:31:20","date_gmt":"2021-08-03T12:31:20","guid":{"rendered":"https:\/\/vetus.com\/?page_id=26921"},"modified":"2025-12-01T11:26:12","modified_gmt":"2025-12-01T09:26:12","slug":"dichiarazione-di-strategia-fiscale-per-il-regno-unito","status":"publish","type":"page","link":"https:\/\/vetus.com\/it\/dichiarazione-di-strategia-fiscale-per-il-regno-unito\/","title":{"rendered":"Dichiarazione di strategia fiscale per il Regno Unito"},"content":{"rendered":"\n<section class=\"section  \">\n    \n\n<section id=\"section-text-block-block_ccca5c0eafdfece08d67ee53300cf00f\" class=\"section text-block \">\n                    <div class=\"section section__body\">\n            <div class=\"text-block\">\n                <div class=\"container\">\n                    <div class=\"row\">\n                        <div class=\"col-lg-8 offset-lg-2\">\n                                                            <div class=\"section__content single__content hentry\">\n                                    <p>La presente strategia fiscale per il Regno Unito si applica a Vetus Limited, membro britannico del Gruppo Yanmar (&#8220;Yanmar&#8221;). La sua pubblicazione \u00e8 considerata conforme alla Parte 2 dello Schedule 19 del Finance Act del 2016 per il periodo che termina il 31 marzo 2026.<\/p>\n<p>Con origini nel 1912, Yanmar \u00e8 un gruppo con sede in Giappone che \u00e8 stato il primo in assoluto a riuscire a realizzare un motore diesel compatto di dimensioni pratiche nel 1933. Andando avanti, con i motori diesel industriali come pietra angolare dell&#8217;impresa, Yanmar ha continuato ad espandere la sua gamma di prodotti, servizi e competenze per fornire soluzioni totali come produttore di attrezzature industriali. Come fornitore di motori piccoli e grandi, macchine e impianti agricoli, attrezzature per l&#8217;edilizia, sistemi energetici, attrezzature marine, macchine utensili e componenti &#8211; le operazioni commerciali globali di Yanmar abbracciano sette settori.<\/p>\n<p><strong>Approccio alla conformit\u00e0<\/strong><\/p>\n<p>Il Codice di condotta globale di Yanmar sottolinea l&#8217;importanza di mantenere la fiducia degli stakeholder soddisfacendo le responsabilit\u00e0 sociali e rispettando tutte le leggi e i regolamenti applicabili. Questo \u00e8 alla base del nostro approccio alla tassazione nel Regno Unito, che si concentra sul rispetto dei nostri obblighi.<\/p>\n<p><strong>Governance fiscale e gestione del rischio<\/strong><\/p>\n<p>L&#8217;attivit\u00e0 ordinaria di conformit\u00e0 fiscale \u00e8 gestita a livello locale. Tuttavia, gli aspetti della nostra gestione fiscale che richiedono un maggiore coordinamento (come lo sviluppo e il mantenimento della nostra politica dei prezzi di trasferimento in conformit\u00e0 con i principi OCSE) sono supervisionati a livello di gruppo.<\/p>\n<p>Le imposte sono gestite in conformit\u00e0 con la nostra bassa propensione al rischio fiscale e gestiamo il rischio fiscale assicurando che le attivit\u00e0 di conformit\u00e0 fiscale nel Regno Unito siano dotate di risorse adeguate. Ci\u00f2 significa che il personale coinvolto nelle attivit\u00e0 di conformit\u00e0 fiscale nel Regno Unito \u00e8 adeguatamente formato e qualificato e, laddove tali attivit\u00e0 sono esternalizzate, utilizziamo solo consulenti affidabili. Ci consultiamo anche con i consulenti per assicurarci di essere aggiornati sulle modifiche alla legislazione fiscale e di essere in grado di identificare e gestire qualsiasi rischio associato.<\/p>\n<p>La nostra strategia fiscale per il Regno Unito \u00e8 approvata dal gruppo Fiscalit\u00e0, Divisione Contabilit\u00e0 e Amministrazione di Yanmar Global Expert Co., Ltd. in Giappone e riconosciuta e implementata dai consigli di amministrazione delle filiali del Regno Unito.<\/p>\n<p><strong>Pianificazione<\/strong><\/p>\n<p>A terra, in mare e in citt\u00e0, la missione di Yanmar di &#8220;fornire soluzioni sostenibili incentrate sulle sfide che i clienti devono affrontare, nella produzione di alimenti e nello sfruttamento dell&#8217;energia, arricchendo cos\u00ec la vita delle persone per tutti i nostri domani&#8221;, testimonia la determinazione di Yanmar a fornirci &#8220;UN FUTURO SOSTENIBILE&#8221;. Non ci impegneremo in alcuna pianificazione fiscale che comprometta il nostro impegno per &#8220;UN FUTURO SOSTENIBILE&#8221;. Tuttavia, risponderemo agli incentivi legittimi (come le detrazioni di capitale) laddove disponibili per gestire i nostri obblighi fiscali in modo coerente con lo scopo della legislazione.<\/p>\n<p><strong>Rapporti con le autorit\u00e0 fiscali<\/strong><\/p>\n<p>L&#8217;interazione con l&#8217;HMRC \u00e8 generalmente limitata alle richieste amministrative per garantire che le aspettative dell&#8217;HMRC siano soddisfatte. In caso di richieste dell&#8217;HMRC, risponderemo a queste in modo collaborativo e aperto.<\/p>\n                                <\/div>\n                            \n                                                    <\/div>\n                    <\/div>\n                <\/div>\n            <\/div>\n        <\/div>\n    <\/section><\/section>","protected":false},"excerpt":{"rendered":"<p>As standard we give 3 years warranty on equipment and 5 years warranty on engines.<\/p>\n","protected":false},"author":7,"featured_media":3406,"parent":0,"menu_order":171,"comment_status":"closed","ping_status":"closed","template":"tpl-basic.php","meta":{"_acf_changed":false,"footnotes":""},"class_list":["post-26921","page","type-page","status-publish","has-post-thumbnail","hentry"],"acf":{"introduction":"","person":false},"yoast_head":"<!-- This site is optimized with the Yoast SEO Premium plugin v27.3 (Yoast SEO v27.3) - https:\/\/yoast.com\/product\/yoast-seo-premium-wordpress\/ -->\n<title>Dichiarazione di strategia fiscale per il Regno Unito - VETUS<\/title>\n<meta name=\"robots\" content=\"index, follow, max-snippet:-1, max-image-preview:large, max-video-preview:-1\" \/>\n<link rel=\"canonical\" href=\"https:\/\/vetus.com\/it\/dichiarazione-di-strategia-fiscale-per-il-regno-unito\/\" \/>\n<meta property=\"og:locale\" content=\"it_IT\" \/>\n<meta property=\"og:type\" content=\"article\" \/>\n<meta property=\"og:title\" content=\"Dichiarazione di strategia fiscale per il Regno Unito\" \/>\n<meta property=\"og:description\" content=\"As standard we give 3 years warranty on equipment and 5 years warranty on engines.\" \/>\n<meta property=\"og:url\" content=\"https:\/\/vetus.com\/it\/dichiarazione-di-strategia-fiscale-per-il-regno-unito\/\" \/>\n<meta property=\"og:site_name\" content=\"VETUS\" \/>\n<meta property=\"article:modified_time\" content=\"2025-12-01T09:26:12+00:00\" \/>\n<meta property=\"og:image\" content=\"https:\/\/vetus.com\/wp-content\/uploads\/featured-warranty-3-5-years.png\" \/>\n\t<meta property=\"og:image:width\" content=\"1200\" \/>\n\t<meta property=\"og:image:height\" content=\"800\" \/>\n\t<meta property=\"og:image:type\" content=\"image\/png\" \/>\n<meta name=\"twitter:card\" content=\"summary_large_image\" \/>\n<meta name=\"twitter:label1\" content=\"Tempo di lettura stimato\" \/>\n\t<meta name=\"twitter:data1\" content=\"3 minuti\" \/>\n<script type=\"application\/ld+json\" class=\"yoast-schema-graph\">{\"@context\":\"https:\\\/\\\/schema.org\",\"@graph\":[{\"@type\":\"WebPage\",\"@id\":\"https:\\\/\\\/vetus.com\\\/it\\\/dichiarazione-di-strategia-fiscale-per-il-regno-unito\\\/\",\"url\":\"https:\\\/\\\/vetus.com\\\/it\\\/dichiarazione-di-strategia-fiscale-per-il-regno-unito\\\/\",\"name\":\"Dichiarazione di strategia fiscale per il Regno Unito - VETUS\",\"isPartOf\":{\"@id\":\"https:\\\/\\\/vetus.com\\\/it\\\/#website\"},\"primaryImageOfPage\":{\"@id\":\"https:\\\/\\\/vetus.com\\\/it\\\/dichiarazione-di-strategia-fiscale-per-il-regno-unito\\\/#primaryimage\"},\"image\":{\"@id\":\"https:\\\/\\\/vetus.com\\\/it\\\/dichiarazione-di-strategia-fiscale-per-il-regno-unito\\\/#primaryimage\"},\"thumbnailUrl\":\"https:\\\/\\\/vetus.com\\\/wp-content\\\/uploads\\\/featured-warranty-3-5-years.png\",\"datePublished\":\"2021-08-03T12:31:20+00:00\",\"dateModified\":\"2025-12-01T09:26:12+00:00\",\"breadcrumb\":{\"@id\":\"https:\\\/\\\/vetus.com\\\/it\\\/dichiarazione-di-strategia-fiscale-per-il-regno-unito\\\/#breadcrumb\"},\"inLanguage\":\"it-IT\",\"potentialAction\":[{\"@type\":\"ReadAction\",\"target\":[\"https:\\\/\\\/vetus.com\\\/it\\\/dichiarazione-di-strategia-fiscale-per-il-regno-unito\\\/\"]}]},{\"@type\":\"ImageObject\",\"inLanguage\":\"it-IT\",\"@id\":\"https:\\\/\\\/vetus.com\\\/it\\\/dichiarazione-di-strategia-fiscale-per-il-regno-unito\\\/#primaryimage\",\"url\":\"https:\\\/\\\/vetus.com\\\/wp-content\\\/uploads\\\/featured-warranty-3-5-years.png\",\"contentUrl\":\"https:\\\/\\\/vetus.com\\\/wp-content\\\/uploads\\\/featured-warranty-3-5-years.png\",\"width\":1200,\"height\":800},{\"@type\":\"BreadcrumbList\",\"@id\":\"https:\\\/\\\/vetus.com\\\/it\\\/dichiarazione-di-strategia-fiscale-per-il-regno-unito\\\/#breadcrumb\",\"itemListElement\":[{\"@type\":\"ListItem\",\"position\":1,\"name\":\"Home\",\"item\":\"https:\\\/\\\/vetus.com\\\/it\\\/\"},{\"@type\":\"ListItem\",\"position\":2,\"name\":\"Dichiarazione di strategia fiscale per il Regno Unito\"}]},{\"@type\":\"WebSite\",\"@id\":\"https:\\\/\\\/vetus.com\\\/it\\\/#website\",\"url\":\"https:\\\/\\\/vetus.com\\\/it\\\/\",\"name\":\"VETUS\",\"description\":\"\",\"potentialAction\":[{\"@type\":\"SearchAction\",\"target\":{\"@type\":\"EntryPoint\",\"urlTemplate\":\"https:\\\/\\\/vetus.com\\\/it\\\/?s={search_term_string}\"},\"query-input\":{\"@type\":\"PropertyValueSpecification\",\"valueRequired\":true,\"valueName\":\"search_term_string\"}}],\"inLanguage\":\"it-IT\"}]}<\/script>\n<!-- \/ Yoast SEO Premium plugin. -->","yoast_head_json":{"title":"Dichiarazione di strategia fiscale per il Regno Unito - VETUS","robots":{"index":"index","follow":"follow","max-snippet":"max-snippet:-1","max-image-preview":"max-image-preview:large","max-video-preview":"max-video-preview:-1"},"canonical":"https:\/\/vetus.com\/it\/dichiarazione-di-strategia-fiscale-per-il-regno-unito\/","og_locale":"it_IT","og_type":"article","og_title":"Dichiarazione di strategia fiscale per il Regno Unito","og_description":"As standard we give 3 years warranty on equipment and 5 years warranty on engines.","og_url":"https:\/\/vetus.com\/it\/dichiarazione-di-strategia-fiscale-per-il-regno-unito\/","og_site_name":"VETUS","article_modified_time":"2025-12-01T09:26:12+00:00","og_image":[{"width":1200,"height":800,"url":"https:\/\/vetus.com\/wp-content\/uploads\/featured-warranty-3-5-years.png","type":"image\/png"}],"twitter_card":"summary_large_image","twitter_misc":{"Tempo di lettura stimato":"3 minuti"},"schema":{"@context":"https:\/\/schema.org","@graph":[{"@type":"WebPage","@id":"https:\/\/vetus.com\/it\/dichiarazione-di-strategia-fiscale-per-il-regno-unito\/","url":"https:\/\/vetus.com\/it\/dichiarazione-di-strategia-fiscale-per-il-regno-unito\/","name":"Dichiarazione di strategia fiscale per il Regno Unito - VETUS","isPartOf":{"@id":"https:\/\/vetus.com\/it\/#website"},"primaryImageOfPage":{"@id":"https:\/\/vetus.com\/it\/dichiarazione-di-strategia-fiscale-per-il-regno-unito\/#primaryimage"},"image":{"@id":"https:\/\/vetus.com\/it\/dichiarazione-di-strategia-fiscale-per-il-regno-unito\/#primaryimage"},"thumbnailUrl":"https:\/\/vetus.com\/wp-content\/uploads\/featured-warranty-3-5-years.png","datePublished":"2021-08-03T12:31:20+00:00","dateModified":"2025-12-01T09:26:12+00:00","breadcrumb":{"@id":"https:\/\/vetus.com\/it\/dichiarazione-di-strategia-fiscale-per-il-regno-unito\/#breadcrumb"},"inLanguage":"it-IT","potentialAction":[{"@type":"ReadAction","target":["https:\/\/vetus.com\/it\/dichiarazione-di-strategia-fiscale-per-il-regno-unito\/"]}]},{"@type":"ImageObject","inLanguage":"it-IT","@id":"https:\/\/vetus.com\/it\/dichiarazione-di-strategia-fiscale-per-il-regno-unito\/#primaryimage","url":"https:\/\/vetus.com\/wp-content\/uploads\/featured-warranty-3-5-years.png","contentUrl":"https:\/\/vetus.com\/wp-content\/uploads\/featured-warranty-3-5-years.png","width":1200,"height":800},{"@type":"BreadcrumbList","@id":"https:\/\/vetus.com\/it\/dichiarazione-di-strategia-fiscale-per-il-regno-unito\/#breadcrumb","itemListElement":[{"@type":"ListItem","position":1,"name":"Home","item":"https:\/\/vetus.com\/it\/"},{"@type":"ListItem","position":2,"name":"Dichiarazione di strategia fiscale per il Regno Unito"}]},{"@type":"WebSite","@id":"https:\/\/vetus.com\/it\/#website","url":"https:\/\/vetus.com\/it\/","name":"VETUS","description":"","potentialAction":[{"@type":"SearchAction","target":{"@type":"EntryPoint","urlTemplate":"https:\/\/vetus.com\/it\/?s={search_term_string}"},"query-input":{"@type":"PropertyValueSpecification","valueRequired":true,"valueName":"search_term_string"}}],"inLanguage":"it-IT"}]}},"_links":{"self":[{"href":"https:\/\/vetus.com\/it\/wp-json\/wp\/v2\/pages\/26921","targetHints":{"allow":["GET"]}}],"collection":[{"href":"https:\/\/vetus.com\/it\/wp-json\/wp\/v2\/pages"}],"about":[{"href":"https:\/\/vetus.com\/it\/wp-json\/wp\/v2\/types\/page"}],"author":[{"embeddable":true,"href":"https:\/\/vetus.com\/it\/wp-json\/wp\/v2\/users\/7"}],"replies":[{"embeddable":true,"href":"https:\/\/vetus.com\/it\/wp-json\/wp\/v2\/comments?post=26921"}],"version-history":[{"count":3,"href":"https:\/\/vetus.com\/it\/wp-json\/wp\/v2\/pages\/26921\/revisions"}],"predecessor-version":[{"id":117806,"href":"https:\/\/vetus.com\/it\/wp-json\/wp\/v2\/pages\/26921\/revisions\/117806"}],"wp:featuredmedia":[{"embeddable":true,"href":"https:\/\/vetus.com\/it\/wp-json\/wp\/v2\/media\/3406"}],"wp:attachment":[{"href":"https:\/\/vetus.com\/it\/wp-json\/wp\/v2\/media?parent=26921"}],"curies":[{"name":"wp","href":"https:\/\/api.w.org\/{rel}","templated":true}]}}