{"id":26269,"date":"2021-08-02T10:17:39","date_gmt":"2021-08-02T08:17:39","guid":{"rendered":"https:\/\/vetus.com\/vetus-catalogue\/"},"modified":"2026-03-31T08:54:55","modified_gmt":"2026-03-31T06:54:55","slug":"vetus-catalogue","status":"publish","type":"page","link":"https:\/\/vetus.com\/it\/vetus-catalogue\/","title":{"rendered":"Catalogo"},"content":{"rendered":"\n<section class=\"section  \">\n    \n\n<section id=\"section-text-block-block_c600d73396a3b6bbe354dd24f747a487\" class=\"section text-block \">\n                    <div class=\"section section__body\">\n            <div class=\"text-block\">\n                <div class=\"container\">\n                    <div class=\"row\">\n                        <div class=\"col-12\">\n                            \n                                                            <div class=\"section__actions text-block__actions actions\">\n                                    <div class=\"btn-group d-flex flex-wrap justify-content-center\">\n                                                                                    <a href=\"https:\/\/vetus.com\/it\/cataloghi-in-tutte-le-lingue\/\" class=\"btn btn-primary\" title=\"\" target=\"_blank\">\n                                                <span>Scarica il catalogo VETUS<\/span>\n                                            <\/a>\n                                        \n                                                                            <\/div>\n                                <\/div>\n                                                    <\/div>\n                    <\/div>\n                <\/div>\n            <\/div>\n        <\/div>\n    <\/section>\n<section id=\"content-block-1-block_c600d73396a3b6bbe354dd24f747a487\" class=\"section content-block content-block--image \">\n    <div class=\"container\">\n        <div class=\"row d-flex align-items-center\">\n\n            <div class=\"col-md-6 col-lg-7\">\n                                    <div class=\"content-block__visuals\">\n                        <div class=\"content-block__media media--clipped media ratio\">\n                            <div class=\"media__wrapper\">\n                                <img decoding=\"async\" width=\"690\" height=\"460\" src=\"https:\/\/vetus.com\/wp-content\/uploads\/DSCF9815-690x460.jpg\" class=\"media__source img-fit\" alt=\"\" srcset=\"https:\/\/vetus.com\/wp-content\/uploads\/DSCF9815-690x460.jpg 690w, https:\/\/vetus.com\/wp-content\/uploads\/DSCF9815-300x200.jpg 300w, https:\/\/vetus.com\/wp-content\/uploads\/DSCF9815-768x512.jpg 768w, https:\/\/vetus.com\/wp-content\/uploads\/DSCF9815-210x140.jpg 210w, https:\/\/vetus.com\/wp-content\/uploads\/DSCF9815-330x220.jpg 330w, https:\/\/vetus.com\/wp-content\/uploads\/DSCF9815-431x287.jpg 431w, https:\/\/vetus.com\/wp-content\/uploads\/DSCF9815-507x338.jpg 507w, https:\/\/vetus.com\/wp-content\/uploads\/DSCF9815-530x353.jpg 530w, https:\/\/vetus.com\/wp-content\/uploads\/DSCF9815-930x620.jpg 930w, https:\/\/vetus.com\/wp-content\/uploads\/DSCF9815-1170x780.jpg 1170w\" sizes=\"auto, (max-width: 575.98px) 431px, (max-width: 767.98px) 530px, (max-width: 991.98px) 330px, (max-width: 1279.98px) 530px, (max-width: 1899.98px) 690px, 930px\" loading=\"lazy\" \/>                            <\/div>\n                        <\/div>\n                    <\/div>\n                            <\/div>\n\n            <div class=\"col-md-6 col-lg-4 offset-lg-1\">\n                <div class=\"content-block__body\">\n                    \n                    \n                                            <h3 data-start=\"0\" data-end=\"327\">Oltre sessant\u2019anni di creazione di sistemi completi per imbarcazioni<\/h3>\n<p data-start=\"0\" data-end=\"327\">Per oltre sessant\u2019anni, VETUS \u00e8 stato lo specialista di fiducia nella progettazione di sistemi completi per imbarcazioni che funzionano insieme in perfetta armonia. Ogni componente \u00e8 progettato con precisione e sviluppato per collegarsi senza sforzo al resto del sistema, garantendo prestazioni, affidabilit\u00e0 e comfort a bordo.<\/p>\n<p data-start=\"329\" data-end=\"794\" data-is-last-node=\"\" data-is-only-node=\"\">VETUS \u00e8 il punto di riferimento per ogni diportista, sia che abbia bisogno di un intero sistema di propulsione, sia semplicemente di un waterlock. Siamo un partner di consulenza con una profonda conoscenza sia della tecnologia sia del mercato, supportato da una rete globale e da un livello di servizio davvero impareggiabile. VETUS \u00e8 creato da diportisti per diportisti, guidato dalla passione di rendere ogni viaggio pi\u00f9 sicuro, pi\u00f9 fluido e ancora pi\u00f9 piacevole.<\/p>\n                    \t\t\t\t\t\n                                    <\/div>\n            <\/div>\n        <\/div>\n    <\/div>\n<\/section>\n<section id=\"call-to-action-1-block_c600d73396a3b6bbe354dd24f747a487\" class=\"section cta cta--default  \">\n    <div class=\"container\">\n        <div class=\"cta__inner bg-primary text-white text-center\">\n            <div class=\"row d-flex align-items-center\">\n                <div class=\"col-lg-5\">\n                                            <div class=\"cta__visuals\">\n                            <div class=\"cta__media media--clipped media ratio\">\n                                <div class=\"media__wrapper media__wrapper--colored\">\n                                    <img decoding=\"async\" width=\"690\" height=\"460\" src=\"https:\/\/vetus.com\/wp-content\/uploads\/DSCF9830-690x460.jpg\" class=\"media__source img-fit\" alt=\"\" srcset=\"https:\/\/vetus.com\/wp-content\/uploads\/DSCF9830-690x460.jpg 690w, https:\/\/vetus.com\/wp-content\/uploads\/DSCF9830-300x200.jpg 300w, https:\/\/vetus.com\/wp-content\/uploads\/DSCF9830-768x512.jpg 768w, https:\/\/vetus.com\/wp-content\/uploads\/DSCF9830-210x140.jpg 210w, https:\/\/vetus.com\/wp-content\/uploads\/DSCF9830-330x220.jpg 330w, https:\/\/vetus.com\/wp-content\/uploads\/DSCF9830-431x287.jpg 431w, https:\/\/vetus.com\/wp-content\/uploads\/DSCF9830-507x338.jpg 507w, https:\/\/vetus.com\/wp-content\/uploads\/DSCF9830-530x353.jpg 530w, https:\/\/vetus.com\/wp-content\/uploads\/DSCF9830-930x620.jpg 930w, https:\/\/vetus.com\/wp-content\/uploads\/DSCF9830-1170x780.jpg 1170w\" sizes=\"auto, (max-width: 575.98px) 431px, (max-width: 767.98px) 530px, (max-width: 991.98px) 690px, (max-width: 1279.98px) 330px, (max-width: 1899.98px) 431px, 507px\" loading=\"lazy\" \/>                                <\/div>\n                            <\/div>\n                        <\/div>\n                                    <\/div>\n\n                <div class=\"col-lg-7\">\n                    <div class=\"w-100 px-lg-4\">\n                        <div class=\"cta__body\">\n                                                                                        <h3 class=\"cta__title\">\n                                    Fornitura di sistemi per imbarcazioni                                <\/h3>\n                                                        \n                                                            <div class=\"cta__actions actions\">\n                                    <div class=\"btn-group d-flex flex-wrap justify-content-center\">\n                                        <a href=\"https:\/\/vetus.com\/request-catalogue\/\" class=\"btn btn-sm btn-white btn-empty btn-empty-primary d-flex d-md-none\" title=\"\" target=\"\">\n                                            <span>\n                                                <span>Richiesta di copia stampata<\/span>\n                                            <\/span>\n                                            <i class=\"icon icon-play_circle_outline\"><\/i>\n                                        <\/a>\n\n                                        <a href=\"https:\/\/vetus.com\/request-catalogue\/\" class=\"btn btn-secondary d-none d-md-flex\" title=\"\" target=\"_blank\">\n                                            <span>\n                                                <span>Richiesta di copia stampata<\/span>\n                                            <\/span>\n                                            <i class=\"icon icon-play_circle_outline\"><\/i>\n                                        <\/a>\n                                    <\/div>\n                                <\/div>\n                                                    <\/div>\n                    <\/div>\n                <\/div>\n            <\/div>\n        <\/div>\n    <\/div>\n<\/section>\n    <section id=\"posts-block_c600d73396a3b6bbe354dd24f747a487\" class=\"section cards cards--cat-alt \">\n                <div class=\"section__body cards__body\">\n            <div class=\"container\">\n                <div class=\"row row--col-margin-medium\">\n                                                <div class=\"col-12 col-md-4\">\n                                <a href=\"https:\/\/vetus.com\/it\/navigazione-elettrica\/\" class=\"card card--cat-alt\" target=\"_blank\">\n                                    <div class=\"card__header\">\n                                        \n\n                                        <div class=\"card__action\">\n                                            <span class=\"btn btn-empty btn-empty-primary\">\n                                                <span>\n                                                    Navigazione elettrica                                                <\/span>\n                                            <\/span>\n                                        <\/div>\n                                    <\/div>\n\n                                                                            <div class=\"card__body\">\n                                            <div class=\"card__media media media--clipped ratio\">\n                                                <div class=\"media__wrapper\">\n                                                    <img decoding=\"async\" width=\"431\" height=\"201\" src=\"https:\/\/vetus.com\/wp-content\/uploads\/shutterstock_1654078396_1536x716-431x201.png\" class=\"media__source img-fit\" alt=\"\" srcset=\"https:\/\/vetus.com\/wp-content\/uploads\/shutterstock_1654078396_1536x716-431x201.png 431w, https:\/\/vetus.com\/wp-content\/uploads\/shutterstock_1654078396_1536x716-300x140.png 300w, https:\/\/vetus.com\/wp-content\/uploads\/shutterstock_1654078396_1536x716-768x358.png 768w, https:\/\/vetus.com\/wp-content\/uploads\/shutterstock_1654078396_1536x716-210x98.png 210w, https:\/\/vetus.com\/wp-content\/uploads\/shutterstock_1654078396_1536x716-330x154.png 330w, https:\/\/vetus.com\/wp-content\/uploads\/shutterstock_1654078396_1536x716-507x236.png 507w, https:\/\/vetus.com\/wp-content\/uploads\/shutterstock_1654078396_1536x716-530x247.png 530w, https:\/\/vetus.com\/wp-content\/uploads\/shutterstock_1654078396_1536x716-690x322.png 690w, https:\/\/vetus.com\/wp-content\/uploads\/shutterstock_1654078396_1536x716-930x434.png 930w, https:\/\/vetus.com\/wp-content\/uploads\/shutterstock_1654078396_1536x716-1170x545.png 1170w, https:\/\/vetus.com\/wp-content\/uploads\/shutterstock_1654078396_1536x716.png 1536w\" sizes=\"auto, (max-width: 575.98px) 330px, (max-width: 767.98px) 210px, (max-width: 991.98px) 330px, (max-width: 1279.98px) 330px, (max-width: 1899.98px) 330px, 431px\" loading=\"lazy\" \/>                                                <\/div>\n                                            <\/div>\n                                        <\/div>\n                                    \n\n                                <\/a>\n                            <\/div>\n                        \n                                                <div class=\"col-12 col-md-4\">\n                                <a href=\"https:\/\/vetus.com\/it\/propulsori-di-prua-e-di-poppa-vetus\/\" class=\"card card--cat-alt\" target=\"_blank\">\n                                    <div class=\"card__header\">\n                                        \n\n                                        <div class=\"card__action\">\n                                            <span class=\"btn btn-empty btn-empty-primary\">\n                                                <span>\n                                                    Manovre della barca senza sforzo                                                <\/span>\n                                            <\/span>\n                                        <\/div>\n                                    <\/div>\n\n                                                                            <div class=\"card__body\">\n                                            <div class=\"card__media media media--clipped ratio\">\n                                                <div class=\"media__wrapper\">\n                                                    <img decoding=\"async\" width=\"431\" height=\"287\" src=\"https:\/\/vetus.com\/wp-content\/uploads\/shutterstock_1188320323-431x287.jpg\" class=\"media__source img-fit\" alt=\"VETUS BOW PRO Sailing\" srcset=\"https:\/\/vetus.com\/wp-content\/uploads\/shutterstock_1188320323-431x287.jpg 431w, https:\/\/vetus.com\/wp-content\/uploads\/shutterstock_1188320323-300x200.jpg 300w, https:\/\/vetus.com\/wp-content\/uploads\/shutterstock_1188320323-768x512.jpg 768w, https:\/\/vetus.com\/wp-content\/uploads\/shutterstock_1188320323-210x140.jpg 210w, https:\/\/vetus.com\/wp-content\/uploads\/shutterstock_1188320323-330x220.jpg 330w, https:\/\/vetus.com\/wp-content\/uploads\/shutterstock_1188320323-507x338.jpg 507w, https:\/\/vetus.com\/wp-content\/uploads\/shutterstock_1188320323-530x353.jpg 530w, https:\/\/vetus.com\/wp-content\/uploads\/shutterstock_1188320323-690x460.jpg 690w, https:\/\/vetus.com\/wp-content\/uploads\/shutterstock_1188320323-930x620.jpg 930w, https:\/\/vetus.com\/wp-content\/uploads\/shutterstock_1188320323-1170x780.jpg 1170w\" sizes=\"auto, (max-width: 575.98px) 330px, (max-width: 767.98px) 210px, (max-width: 991.98px) 330px, (max-width: 1279.98px) 330px, (max-width: 1899.98px) 330px, 431px\" loading=\"lazy\" \/>                                                <\/div>\n                                            <\/div>\n                                        <\/div>\n                                    \n\n                                <\/a>\n                            <\/div>\n                        \n                                                <div class=\"col-12 col-md-4\">\n                                <a href=\"https:\/\/vetus.com\/maxwell\/\" class=\"card card--cat-alt\" target=\"\">\n                                    <div class=\"card__header\">\n                                        \n\n                                        <div class=\"card__action\">\n                                            <span class=\"btn btn-empty btn-empty-primary\">\n                                                <span>\n                                                    Maxwell                                                <\/span>\n                                            <\/span>\n                                        <\/div>\n                                    <\/div>\n\n                                                                            <div class=\"card__body\">\n                                            <div class=\"card__media media media--clipped ratio\">\n                                                <div class=\"media__wrapper\">\n                                                    <img decoding=\"async\" width=\"431\" height=\"287\" src=\"https:\/\/vetus.com\/wp-content\/uploads\/maxwell_websitecampaign_900x600-431x287.jpg\" class=\"media__source img-fit\" alt=\"\" srcset=\"https:\/\/vetus.com\/wp-content\/uploads\/maxwell_websitecampaign_900x600-431x287.jpg 431w, https:\/\/vetus.com\/wp-content\/uploads\/maxwell_websitecampaign_900x600-300x200.jpg 300w, https:\/\/vetus.com\/wp-content\/uploads\/maxwell_websitecampaign_900x600-768x512.jpg 768w, https:\/\/vetus.com\/wp-content\/uploads\/maxwell_websitecampaign_900x600-210x140.jpg 210w, https:\/\/vetus.com\/wp-content\/uploads\/maxwell_websitecampaign_900x600-330x220.jpg 330w, https:\/\/vetus.com\/wp-content\/uploads\/maxwell_websitecampaign_900x600-507x338.jpg 507w, https:\/\/vetus.com\/wp-content\/uploads\/maxwell_websitecampaign_900x600-530x353.jpg 530w, https:\/\/vetus.com\/wp-content\/uploads\/maxwell_websitecampaign_900x600-690x460.jpg 690w, https:\/\/vetus.com\/wp-content\/uploads\/maxwell_websitecampaign_900x600.jpg 900w\" sizes=\"auto, (max-width: 575.98px) 330px, (max-width: 767.98px) 210px, (max-width: 991.98px) 330px, (max-width: 1279.98px) 330px, (max-width: 1899.98px) 330px, 431px\" loading=\"lazy\" \/>                                                <\/div>\n                                            <\/div>\n                                        <\/div>\n                                    \n\n                                <\/a>\n                            <\/div>\n                        \n                                    <\/div>\n            <\/div>\n        <\/div>\n    <\/section>\n<\/section>","protected":false},"excerpt":{"rendered":"","protected":false},"author":8,"featured_media":0,"parent":0,"menu_order":188,"comment_status":"closed","ping_status":"closed","template":"tpl-blog-large-header.php","meta":{"_acf_changed":false,"footnotes":""},"class_list":["post-26269","page","type-page","status-publish","hentry"],"acf":{"button":{"title":"Request hardcopy catalogue","url":"#","target":"_blank"},"image":{"ID":118513,"id":118513,"title":"cover_for_web","filename":"cover_for_web-1.jpg","filesize":327131,"url":"https:\/\/vetus.com\/wp-content\/uploads\/cover_for_web-1.jpg","link":"https:\/\/vetus.com\/it\/vetus-catalogue\/cover_for_web-3\/","alt":"","author":"25","description":"","caption":"","name":"cover_for_web-3","status":"inherit","uploaded_to":26269,"date":"2025-12-11 14:06:21","modified":"2025-12-11 14:06:21","menu_order":0,"mime_type":"image\/jpeg","type":"image","subtype":"jpeg","icon":"https:\/\/vetus.com\/wp-includes\/images\/media\/default.png","width":1258,"height":847,"sizes":{"thumbnail":"https:\/\/vetus.com\/wp-content\/uploads\/cover_for_web-1-150x150.jpg","thumbnail-width":150,"thumbnail-height":150,"medium":"https:\/\/vetus.com\/wp-content\/uploads\/cover_for_web-1-300x202.jpg","medium-width":300,"medium-height":202,"medium_large":"https:\/\/vetus.com\/wp-content\/uploads\/cover_for_web-1-768x517.jpg","medium_large-width":768,"medium_large-height":517,"large":"https:\/\/vetus.com\/wp-content\/uploads\/cover_for_web-1.jpg","large-width":1024,"large-height":689,"1536x1536":"https:\/\/vetus.com\/wp-content\/uploads\/cover_for_web-1.jpg","1536x1536-width":1258,"1536x1536-height":847,"2048x2048":"https:\/\/vetus.com\/wp-content\/uploads\/cover_for_web-1.jpg","2048x2048-width":1258,"2048x2048-height":847,"210w":"https:\/\/vetus.com\/wp-content\/uploads\/cover_for_web-1-210x141.jpg","210w-width":210,"210w-height":141,"330w":"https:\/\/vetus.com\/wp-content\/uploads\/cover_for_web-1-330x222.jpg","330w-width":330,"330w-height":222,"431w":"https:\/\/vetus.com\/wp-content\/uploads\/cover_for_web-1-431x290.jpg","431w-width":431,"431w-height":290,"507w":"https:\/\/vetus.com\/wp-content\/uploads\/cover_for_web-1-507x341.jpg","507w-width":507,"507w-height":341,"530w":"https:\/\/vetus.com\/wp-content\/uploads\/cover_for_web-1-530x357.jpg","530w-width":530,"530w-height":357,"690w":"https:\/\/vetus.com\/wp-content\/uploads\/cover_for_web-1-690x465.jpg","690w-width":690,"690w-height":465,"930w":"https:\/\/vetus.com\/wp-content\/uploads\/cover_for_web-1-930x626.jpg","930w-width":930,"930w-height":626,"1170w":"https:\/\/vetus.com\/wp-content\/uploads\/cover_for_web-1-1170x788.jpg","1170w-width":1170,"1170w-height":788,"gform-image-choice-sm":"https:\/\/vetus.com\/wp-content\/uploads\/cover_for_web-1.jpg","gform-image-choice-sm-width":300,"gform-image-choice-sm-height":202,"gform-image-choice-md":"https:\/\/vetus.com\/wp-content\/uploads\/cover_for_web-1.jpg","gform-image-choice-md-width":400,"gform-image-choice-md-height":269,"gform-image-choice-lg":"https:\/\/vetus.com\/wp-content\/uploads\/cover_for_web-1.jpg","gform-image-choice-lg-width":600,"gform-image-choice-lg-height":404}},"introduction":"Scopra il nuovo catalogo VETUS 2026 2027, una panoramica ispirante e completa di soluzioni modellate da oltre sessant\u2019anni di esperienza nel settore marittimo. Questa nuova edizione mette in evidenza come le nostre capacit\u00e0 innovative e il nostro approccio orientato al cliente si uniscano in prodotti progettati per rendere la vita a bordo pi\u00f9 confortevole, pi\u00f9 sicura e pi\u00f9 affidabile. Il catalogo non solo presenta una visione chiara della nostra ampia gamma, ma offre anche approfondimenti unici sul modo in cui i sistemi VETUS lavorano insieme in modo perfettamente armonioso. Questo elemento distintivo riflette il nostro costante impegno verso una integrazione intelligente e un design orientato al futuro. Con il nuovo catalogo VETUS compiamo un ulteriore passo nel supportare i proprietari di imbarcazioni, i cantieri navali e i rivenditori con competenza e soluzioni pronte per gli anni a venire.","person":false,"title":"Il catalogo VETUS<br> 2026 - 2027","yellow_button":{"title":"gsrg","url":"#","target":""}},"yoast_head":"<!-- This site is optimized with the Yoast SEO Premium plugin v27.4 (Yoast SEO v27.4) - https:\/\/yoast.com\/product\/yoast-seo-premium-wordpress\/ -->\n<title>Catalogo - VETUS<\/title>\n<meta name=\"description\" content=\"We are proud to release a VETUS catalogue as a valuable resource to our customers and partners, which has a full range of systems, products and equipment.\" \/>\n<meta name=\"robots\" content=\"index, follow, max-snippet:-1, max-image-preview:large, max-video-preview:-1\" \/>\n<link rel=\"canonical\" href=\"https:\/\/vetus.com\/it\/vetus-catalogue\/\" \/>\n<meta property=\"og:locale\" content=\"it_IT\" \/>\n<meta property=\"og:type\" content=\"article\" \/>\n<meta property=\"og:title\" content=\"Catalogo\" \/>\n<meta property=\"og:description\" content=\"We are proud to release a VETUS catalogue as a valuable resource to our customers and partners, which has a full range of systems, products and equipment.\" \/>\n<meta property=\"og:url\" content=\"https:\/\/vetus.com\/it\/vetus-catalogue\/\" \/>\n<meta property=\"og:site_name\" content=\"VETUS\" \/>\n<meta property=\"article:modified_time\" content=\"2026-03-31T06:54:55+00:00\" \/>\n<meta name=\"twitter:card\" content=\"summary_large_image\" \/>\n<meta name=\"twitter:label1\" content=\"Tempo di lettura stimato\" \/>\n\t<meta name=\"twitter:data1\" content=\"3 minuti\" \/>\n<script type=\"application\/ld+json\" class=\"yoast-schema-graph\">{\"@context\":\"https:\\\/\\\/schema.org\",\"@graph\":[{\"@type\":\"WebPage\",\"@id\":\"https:\\\/\\\/vetus.com\\\/it\\\/vetus-catalogue\\\/\",\"url\":\"https:\\\/\\\/vetus.com\\\/it\\\/vetus-catalogue\\\/\",\"name\":\"Catalogo - VETUS\",\"isPartOf\":{\"@id\":\"https:\\\/\\\/vetus.com\\\/it\\\/#website\"},\"datePublished\":\"2021-08-02T08:17:39+00:00\",\"dateModified\":\"2026-03-31T06:54:55+00:00\",\"description\":\"We are proud to release a VETUS catalogue as a valuable resource to our customers and partners, which has a full range of systems, products and equipment.\",\"breadcrumb\":{\"@id\":\"https:\\\/\\\/vetus.com\\\/it\\\/vetus-catalogue\\\/#breadcrumb\"},\"inLanguage\":\"it-IT\",\"potentialAction\":[{\"@type\":\"ReadAction\",\"target\":[\"https:\\\/\\\/vetus.com\\\/it\\\/vetus-catalogue\\\/\"]}]},{\"@type\":\"BreadcrumbList\",\"@id\":\"https:\\\/\\\/vetus.com\\\/it\\\/vetus-catalogue\\\/#breadcrumb\",\"itemListElement\":[{\"@type\":\"ListItem\",\"position\":1,\"name\":\"Home\",\"item\":\"https:\\\/\\\/vetus.com\\\/it\\\/\"},{\"@type\":\"ListItem\",\"position\":2,\"name\":\"Catalogo\"}]},{\"@type\":\"WebSite\",\"@id\":\"https:\\\/\\\/vetus.com\\\/it\\\/#website\",\"url\":\"https:\\\/\\\/vetus.com\\\/it\\\/\",\"name\":\"VETUS\",\"description\":\"\",\"potentialAction\":[{\"@type\":\"SearchAction\",\"target\":{\"@type\":\"EntryPoint\",\"urlTemplate\":\"https:\\\/\\\/vetus.com\\\/it\\\/?s={search_term_string}\"},\"query-input\":{\"@type\":\"PropertyValueSpecification\",\"valueRequired\":true,\"valueName\":\"search_term_string\"}}],\"inLanguage\":\"it-IT\"}]}<\/script>\n<!-- \/ Yoast SEO Premium plugin. -->","yoast_head_json":{"title":"Catalogo - VETUS","description":"We are proud to release a VETUS catalogue as a valuable resource to our customers and partners, which has a full range of systems, products and equipment.","robots":{"index":"index","follow":"follow","max-snippet":"max-snippet:-1","max-image-preview":"max-image-preview:large","max-video-preview":"max-video-preview:-1"},"canonical":"https:\/\/vetus.com\/it\/vetus-catalogue\/","og_locale":"it_IT","og_type":"article","og_title":"Catalogo","og_description":"We are proud to release a VETUS catalogue as a valuable resource to our customers and partners, which has a full range of systems, products and equipment.","og_url":"https:\/\/vetus.com\/it\/vetus-catalogue\/","og_site_name":"VETUS","article_modified_time":"2026-03-31T06:54:55+00:00","twitter_card":"summary_large_image","twitter_misc":{"Tempo di lettura stimato":"3 minuti"},"schema":{"@context":"https:\/\/schema.org","@graph":[{"@type":"WebPage","@id":"https:\/\/vetus.com\/it\/vetus-catalogue\/","url":"https:\/\/vetus.com\/it\/vetus-catalogue\/","name":"Catalogo - VETUS","isPartOf":{"@id":"https:\/\/vetus.com\/it\/#website"},"datePublished":"2021-08-02T08:17:39+00:00","dateModified":"2026-03-31T06:54:55+00:00","description":"We are proud to release a VETUS catalogue as a valuable resource to our customers and partners, which has a full range of systems, products and equipment.","breadcrumb":{"@id":"https:\/\/vetus.com\/it\/vetus-catalogue\/#breadcrumb"},"inLanguage":"it-IT","potentialAction":[{"@type":"ReadAction","target":["https:\/\/vetus.com\/it\/vetus-catalogue\/"]}]},{"@type":"BreadcrumbList","@id":"https:\/\/vetus.com\/it\/vetus-catalogue\/#breadcrumb","itemListElement":[{"@type":"ListItem","position":1,"name":"Home","item":"https:\/\/vetus.com\/it\/"},{"@type":"ListItem","position":2,"name":"Catalogo"}]},{"@type":"WebSite","@id":"https:\/\/vetus.com\/it\/#website","url":"https:\/\/vetus.com\/it\/","name":"VETUS","description":"","potentialAction":[{"@type":"SearchAction","target":{"@type":"EntryPoint","urlTemplate":"https:\/\/vetus.com\/it\/?s={search_term_string}"},"query-input":{"@type":"PropertyValueSpecification","valueRequired":true,"valueName":"search_term_string"}}],"inLanguage":"it-IT"}]}},"_links":{"self":[{"href":"https:\/\/vetus.com\/it\/wp-json\/wp\/v2\/pages\/26269","targetHints":{"allow":["GET"]}}],"collection":[{"href":"https:\/\/vetus.com\/it\/wp-json\/wp\/v2\/pages"}],"about":[{"href":"https:\/\/vetus.com\/it\/wp-json\/wp\/v2\/types\/page"}],"author":[{"embeddable":true,"href":"https:\/\/vetus.com\/it\/wp-json\/wp\/v2\/users\/8"}],"replies":[{"embeddable":true,"href":"https:\/\/vetus.com\/it\/wp-json\/wp\/v2\/comments?post=26269"}],"version-history":[{"count":5,"href":"https:\/\/vetus.com\/it\/wp-json\/wp\/v2\/pages\/26269\/revisions"}],"predecessor-version":[{"id":124597,"href":"https:\/\/vetus.com\/it\/wp-json\/wp\/v2\/pages\/26269\/revisions\/124597"}],"wp:attachment":[{"href":"https:\/\/vetus.com\/it\/wp-json\/wp\/v2\/media?parent=26269"}],"curies":[{"name":"wp","href":"https:\/\/api.w.org\/{rel}","templated":true}]}}