{"id":101573,"date":"2025-02-26T16:42:13","date_gmt":"2025-02-26T14:42:13","guid":{"rendered":"https:\/\/vetus.com\/bow-pro-thruster-integration-with-honda-outboards-ultraflex-controls\/"},"modified":"2026-02-26T15:53:22","modified_gmt":"2026-02-26T13:53:22","slug":"integrazione-del-thruster-bow-pro-con-motori-fuoribordo-honda-e-controlli-ultraflex","status":"publish","type":"page","link":"https:\/\/vetus.com\/it\/integrazione-del-thruster-bow-pro-con-motori-fuoribordo-honda-e-controlli-ultraflex\/","title":{"rendered":"Integrazione del thruster BOW PRO con motori fuoribordo Honda e controlli Ultraflex"},"content":{"rendered":"\n<section class=\"section  \">\n    \n\n<section id=\"section-text-block-block_074725763d9efe711865fed1024ca905\" class=\"section text-block \">\n                    <div class=\"section section__body\">\n            <div class=\"text-block\">\n                <div class=\"container\">\n                    <div class=\"row\">\n                        <div class=\"col-lg-8 offset-lg-2\">\n                                                            <div class=\"section__content single__content hentry\">\n                                    <p data-start=\"152\" data-end=\"435\">Ampliando il programma di integrazione per migliorare l\u2019esperienza di navigazione di un numero sempre maggiore di utenti, VETUS collabora ora con Honda Marine e Ultraflex per consentire la piena integrazione dei thruster BOW PRO con i motori fuoribordo Honda e i controlli Ultraflex.<\/p>\n<p data-start=\"437\" data-end=\"704\">Questa collaborazione introduce un sistema di comunicazione ottimizzato che collega perfettamente motore, sterzo e thruster di prua in un unico joystick facile da usare, trasformando le manovre di ormeggio e negli spazi ristretti in un processo fluido e senza sforzo.<\/p>\n                                <\/div>\n                            \n                                                    <\/div>\n                    <\/div>\n                <\/div>\n            <\/div>\n        <\/div>\n    <\/section>\n<section id=\"content-block-1-block_074725763d9efe711865fed1024ca905\" class=\"section content-block content-block--image \">\n    <div class=\"container\">\n        <div class=\"row d-flex align-items-center\">\n\n            <div class=\"col-md-6 col-lg-7\">\n                                    <div class=\"content-block__visuals\">\n                        <div class=\"content-block__media media--clipped media ratio\">\n                            <div class=\"media__wrapper\">\n                                <img decoding=\"async\" width=\"690\" height=\"457\" src=\"https:\/\/vetus.com\/wp-content\/uploads\/DSC_0752-690x457.jpg\" class=\"media__source img-fit\" alt=\"\" srcset=\"https:\/\/vetus.com\/wp-content\/uploads\/DSC_0752-690x457.jpg 690w, https:\/\/vetus.com\/wp-content\/uploads\/DSC_0752-300x199.jpg 300w, https:\/\/vetus.com\/wp-content\/uploads\/DSC_0752-768x509.jpg 768w, https:\/\/vetus.com\/wp-content\/uploads\/DSC_0752-210x139.jpg 210w, https:\/\/vetus.com\/wp-content\/uploads\/DSC_0752-330x219.jpg 330w, https:\/\/vetus.com\/wp-content\/uploads\/DSC_0752-431x285.jpg 431w, https:\/\/vetus.com\/wp-content\/uploads\/DSC_0752-507x336.jpg 507w, https:\/\/vetus.com\/wp-content\/uploads\/DSC_0752-530x351.jpg 530w, https:\/\/vetus.com\/wp-content\/uploads\/DSC_0752-930x616.jpg 930w, https:\/\/vetus.com\/wp-content\/uploads\/DSC_0752-1170x775.jpg 1170w\" sizes=\"auto, (max-width: 575.98px) 431px, (max-width: 767.98px) 530px, (max-width: 991.98px) 330px, (max-width: 1279.98px) 530px, (max-width: 1899.98px) 690px, 930px\" loading=\"lazy\" \/>                            <\/div>\n                        <\/div>\n                    <\/div>\n                            <\/div>\n\n            <div class=\"col-md-6 col-lg-4 offset-lg-1\">\n                <div class=\"content-block__body\">\n                                            <h3 class=\"content-block__title\">\n                            Il futuro dell\u2019ormeggio \u00e8 arrivato                        <\/h3>\n                    \n                    \n                                            <p data-start=\"751\" data-end=\"1070\">I diportisti possono ora manovrare con assoluta sicurezza e precisione in qualsiasi situazione di ormeggio. L\u2019integrazione dei motori fuoribordo Honda, dei controlli Ultraflex e dei thruster VETUS BOW PRO garantisce una gestione dell\u2019imbarcazione semplice e senza sforzo, anche negli ambienti di ormeggio pi\u00f9 complessi.<\/p>\n<ul data-start=\"1072\" data-end=\"1649\">\n<li data-start=\"1072\" data-end=\"1201\">\n<p data-start=\"1074\" data-end=\"1201\"><strong data-start=\"1074\" data-end=\"1112\">Controllo totale a portata di mano<\/strong> \u2013 Manovra la tua imbarcazione esattamente come la immagini, con precisione e facilit\u00e0.<\/p>\n<\/li>\n<li data-start=\"1202\" data-end=\"1341\">\n<p data-start=\"1204\" data-end=\"1341\"><strong data-start=\"1204\" data-end=\"1229\">Integrazione perfetta<\/strong> \u2013 Sincronizzazione ideale tra motore fuoribordo Honda e thruster VETUS per prestazioni di ormeggio superiori.<\/p>\n<\/li>\n<li data-start=\"1342\" data-end=\"1486\">\n<p data-start=\"1344\" data-end=\"1486\"><strong data-start=\"1344\" data-end=\"1370\">Movimenti senza sforzo<\/strong> \u2013 Sposta l\u2019imbarcazione lateralmente, in diagonale, in avanti, indietro o ruotala sul posto con un solo joystick.<\/p>\n<\/li>\n<li data-start=\"1487\" data-end=\"1649\">\n<p data-start=\"1489\" data-end=\"1649\"><strong data-start=\"1489\" data-end=\"1527\">Efficienza di ormeggio ottimizzata<\/strong> \u2013 Riduce il movimento dell\u2019acqua causato dai motori fuoribordo, rendendo l\u2019ormeggio in spazi ristretti ancora pi\u00f9 fluido.<\/p>\n<\/li>\n<\/ul>\n                    \t\t\t\t\t\n                                    <\/div>\n            <\/div>\n        <\/div>\n    <\/div>\n<\/section>\n<section id=\"content-block-1-block_074725763d9efe711865fed1024ca905\" class=\"section content-block content-block--image \">\n    <div class=\"container\">\n        <div class=\"row d-flex align-items-center flex-md-row-reverse\">\n\n            <div class=\"col-md-6 col-lg-7 offset-lg-1\">\n                                    <div class=\"content-block__visuals\">\n                        <div class=\"content-block__media media--clipped media ratio\">\n                            <div class=\"media__wrapper\">\n                                <img decoding=\"async\" width=\"690\" height=\"457\" src=\"https:\/\/vetus.com\/wp-content\/uploads\/DSC_0765-690x457.jpg\" class=\"media__source img-fit\" alt=\"\" srcset=\"https:\/\/vetus.com\/wp-content\/uploads\/DSC_0765-690x457.jpg 690w, https:\/\/vetus.com\/wp-content\/uploads\/DSC_0765-300x199.jpg 300w, https:\/\/vetus.com\/wp-content\/uploads\/DSC_0765-768x509.jpg 768w, https:\/\/vetus.com\/wp-content\/uploads\/DSC_0765-210x139.jpg 210w, https:\/\/vetus.com\/wp-content\/uploads\/DSC_0765-330x219.jpg 330w, https:\/\/vetus.com\/wp-content\/uploads\/DSC_0765-431x285.jpg 431w, https:\/\/vetus.com\/wp-content\/uploads\/DSC_0765-507x336.jpg 507w, https:\/\/vetus.com\/wp-content\/uploads\/DSC_0765-530x351.jpg 530w, https:\/\/vetus.com\/wp-content\/uploads\/DSC_0765-930x616.jpg 930w, https:\/\/vetus.com\/wp-content\/uploads\/DSC_0765-1170x775.jpg 1170w\" sizes=\"auto, (max-width: 575.98px) 431px, (max-width: 767.98px) 530px, (max-width: 991.98px) 330px, (max-width: 1279.98px) 530px, (max-width: 1899.98px) 690px, 930px\" loading=\"lazy\" \/>                            <\/div>\n                        <\/div>\n                    <\/div>\n                            <\/div>\n\n            <div class=\"col-md-6 col-lg-4\">\n                <div class=\"content-block__body\">\n                                            <h3 class=\"content-block__title\">\n                            Una collaborazione tecnologica ad alte prestazioni                        <\/h3>\n                    \n                    \n                                            <p data-start=\"1712\" data-end=\"2099\">Questa partnership strategica tra VETUS, Honda e Ultraflex rappresenta un significativo passo avanti nella tecnologia nautica. Combinando la potenza e l\u2019affidabilit\u00e0 di Honda Marine, il controllo avanzato di Ultraflex e le prestazioni all\u2019avanguardia dei thruster VETUS BOW PRO, i diportisti possono ora sperimentare un livello di sicurezza nelle manovre di ormeggio mai raggiunto prima.<\/p>\n<ul data-start=\"2101\" data-end=\"2463\">\n<li data-start=\"2101\" data-end=\"2213\">\n<p data-start=\"2103\" data-end=\"2213\">Tutti i thruster BOW PRO (BOWA &amp; BOWB) e RIMDRIVE sono pienamente compatibili con i motori fuoribordo Honda.<\/p>\n<\/li>\n<li data-start=\"2214\" data-end=\"2339\">\n<p data-start=\"2216\" data-end=\"2339\">Progettati per installazioni da uno a quattro motori, garantendo flessibilit\u00e0 per diverse configurazioni di imbarcazioni.<\/p>\n<\/li>\n<li data-start=\"2340\" data-end=\"2463\">\n<p data-start=\"2342\" data-end=\"2463\">Costruiti per garantire affidabilit\u00e0, sicurezza e facilit\u00e0 d\u2019uso, rendendo l\u2019ormeggio un\u2019esperienza senza preoccupazioni.<\/p>\n<\/li>\n<\/ul>\n                    \t\t\t\t\t\n                                    <\/div>\n            <\/div>\n        <\/div>\n    <\/div>\n<\/section>\n\n<section id=\"section-text-block-block_074725763d9efe711865fed1024ca905\" class=\"section text-block \">\n                    <div class=\"section section__body\">\n            <div class=\"text-block\">\n                <div class=\"container\">\n                    <div class=\"row\">\n                        <div class=\"col-lg-8 offset-lg-2\">\n                                                            <div class=\"section__content single__content hentry\">\n                                    <h3 data-start=\"2470\" data-end=\"2521\">Migliora oggi la tua esperienza di navigazione!<\/h3>\n<p data-start=\"2523\" data-end=\"2689\" data-is-last-node=\"\" data-is-only-node=\"\">L\u2019ormeggio non \u00e8 mai stato cos\u00ec semplice. Con VETUS, Honda Marine e Ultraflex puoi godere del perfetto equilibrio tra tecnologia, prestazioni e facilit\u00e0 di controllo.<\/p>\n                                <\/div>\n                            \n                                                    <\/div>\n                    <\/div>\n                <\/div>\n            <\/div>\n        <\/div>\n    <\/section><\/section>","protected":false},"excerpt":{"rendered":"","protected":false},"author":20,"featured_media":0,"parent":0,"menu_order":0,"comment_status":"closed","ping_status":"closed","template":"tpl-default.php","meta":{"_acf_changed":false,"footnotes":""},"class_list":["post-101573","page","type-page","status-publish","hentry"],"acf":{"background_image":{"ID":100395,"id":100395,"title":"palmm","filename":"palmm.jpg","filesize":63573,"url":"https:\/\/vetus.com\/wp-content\/uploads\/palmm.jpg","link":"https:\/\/vetus.com\/it\/salone-nautico\/palm-beach-boat-show-2\/palmm-2\/","alt":"","author":"20","description":"","caption":"","name":"palmm-2","status":"inherit","uploaded_to":100407,"date":"2025-02-12 12:32:55","modified":"2025-02-12 12:32:55","menu_order":0,"mime_type":"image\/jpeg","type":"image","subtype":"jpeg","icon":"https:\/\/vetus.com\/wp-includes\/images\/media\/default.png","width":960,"height":640,"sizes":{"thumbnail":"https:\/\/vetus.com\/wp-content\/uploads\/palmm-150x150.jpg","thumbnail-width":150,"thumbnail-height":150,"medium":"https:\/\/vetus.com\/wp-content\/uploads\/palmm-300x200.jpg","medium-width":300,"medium-height":200,"medium_large":"https:\/\/vetus.com\/wp-content\/uploads\/palmm-768x512.jpg","medium_large-width":768,"medium_large-height":512,"large":"https:\/\/vetus.com\/wp-content\/uploads\/palmm.jpg","large-width":960,"large-height":640,"1536x1536":"https:\/\/vetus.com\/wp-content\/uploads\/palmm.jpg","1536x1536-width":960,"1536x1536-height":640,"2048x2048":"https:\/\/vetus.com\/wp-content\/uploads\/palmm.jpg","2048x2048-width":960,"2048x2048-height":640,"210w":"https:\/\/vetus.com\/wp-content\/uploads\/palmm-210x140.jpg","210w-width":210,"210w-height":140,"330w":"https:\/\/vetus.com\/wp-content\/uploads\/palmm-330x220.jpg","330w-width":330,"330w-height":220,"431w":"https:\/\/vetus.com\/wp-content\/uploads\/palmm-431x287.jpg","431w-width":431,"431w-height":287,"507w":"https:\/\/vetus.com\/wp-content\/uploads\/palmm-507x338.jpg","507w-width":507,"507w-height":338,"530w":"https:\/\/vetus.com\/wp-content\/uploads\/palmm-530x353.jpg","530w-width":530,"530w-height":353,"690w":"https:\/\/vetus.com\/wp-content\/uploads\/palmm-690x460.jpg","690w-width":690,"690w-height":460,"930w":"https:\/\/vetus.com\/wp-content\/uploads\/palmm-930x620.jpg","930w-width":930,"930w-height":620,"1170w":"https:\/\/vetus.com\/wp-content\/uploads\/palmm.jpg","1170w-width":960,"1170w-height":640,"gform-image-choice-sm":"https:\/\/vetus.com\/wp-content\/uploads\/palmm-300x300.jpg","gform-image-choice-sm-width":300,"gform-image-choice-sm-height":300,"gform-image-choice-md":"https:\/\/vetus.com\/wp-content\/uploads\/palmm-400x400.jpg","gform-image-choice-md-width":400,"gform-image-choice-md-height":400,"gform-image-choice-lg":"https:\/\/vetus.com\/wp-content\/uploads\/palmm-600x600.jpg","gform-image-choice-lg-width":600,"gform-image-choice-lg-height":600}},"button":{"title":"","url":"","target":"","0":""},"image":{"ID":101765,"id":101765,"title":"Idea 80 + BF350 Grand Prix White (16)","filename":"Idea-80-BF350-Grand-Prix-White-16-scaled.jpg","filesize":725252,"url":"https:\/\/vetus.com\/wp-content\/uploads\/Idea-80-BF350-Grand-Prix-White-16-scaled.jpg","link":"https:\/\/vetus.com\/it\/integrazione-del-thruster-bow-pro-con-motori-fuoribordo-honda-e-controlli-ultraflex\/idea-80-bf350-grand-prix-white-16-2\/","alt":"","author":"20","description":"","caption":"","name":"idea-80-bf350-grand-prix-white-16-2","status":"inherit","uploaded_to":101573,"date":"2025-03-06 10:20:59","modified":"2025-03-06 10:20:59","menu_order":0,"mime_type":"image\/jpeg","type":"image","subtype":"jpeg","icon":"https:\/\/vetus.com\/wp-includes\/images\/media\/default.png","width":2560,"height":1707,"sizes":{"thumbnail":"https:\/\/vetus.com\/wp-content\/uploads\/Idea-80-BF350-Grand-Prix-White-16-150x150.jpg","thumbnail-width":150,"thumbnail-height":150,"medium":"https:\/\/vetus.com\/wp-content\/uploads\/Idea-80-BF350-Grand-Prix-White-16-300x200.jpg","medium-width":300,"medium-height":200,"medium_large":"https:\/\/vetus.com\/wp-content\/uploads\/Idea-80-BF350-Grand-Prix-White-16-768x512.jpg","medium_large-width":768,"medium_large-height":512,"large":"https:\/\/vetus.com\/wp-content\/uploads\/Idea-80-BF350-Grand-Prix-White-16-scaled.jpg","large-width":1024,"large-height":683,"1536x1536":"https:\/\/vetus.com\/wp-content\/uploads\/Idea-80-BF350-Grand-Prix-White-16-scaled.jpg","1536x1536-width":1536,"1536x1536-height":1024,"2048x2048":"https:\/\/vetus.com\/wp-content\/uploads\/Idea-80-BF350-Grand-Prix-White-16-scaled.jpg","2048x2048-width":2048,"2048x2048-height":1366,"210w":"https:\/\/vetus.com\/wp-content\/uploads\/Idea-80-BF350-Grand-Prix-White-16-210x140.jpg","210w-width":210,"210w-height":140,"330w":"https:\/\/vetus.com\/wp-content\/uploads\/Idea-80-BF350-Grand-Prix-White-16-330x220.jpg","330w-width":330,"330w-height":220,"431w":"https:\/\/vetus.com\/wp-content\/uploads\/Idea-80-BF350-Grand-Prix-White-16-431x287.jpg","431w-width":431,"431w-height":287,"507w":"https:\/\/vetus.com\/wp-content\/uploads\/Idea-80-BF350-Grand-Prix-White-16-507x338.jpg","507w-width":507,"507w-height":338,"530w":"https:\/\/vetus.com\/wp-content\/uploads\/Idea-80-BF350-Grand-Prix-White-16-530x353.jpg","530w-width":530,"530w-height":353,"690w":"https:\/\/vetus.com\/wp-content\/uploads\/Idea-80-BF350-Grand-Prix-White-16-690x460.jpg","690w-width":690,"690w-height":460,"930w":"https:\/\/vetus.com\/wp-content\/uploads\/Idea-80-BF350-Grand-Prix-White-16-930x620.jpg","930w-width":930,"930w-height":620,"1170w":"https:\/\/vetus.com\/wp-content\/uploads\/Idea-80-BF350-Grand-Prix-White-16-1170x780.jpg","1170w-width":1170,"1170w-height":780,"gform-image-choice-sm":"https:\/\/vetus.com\/wp-content\/uploads\/Idea-80-BF350-Grand-Prix-White-16-scaled.jpg","gform-image-choice-sm-width":300,"gform-image-choice-sm-height":200,"gform-image-choice-md":"https:\/\/vetus.com\/wp-content\/uploads\/Idea-80-BF350-Grand-Prix-White-16-scaled.jpg","gform-image-choice-md-width":400,"gform-image-choice-md-height":267,"gform-image-choice-lg":"https:\/\/vetus.com\/wp-content\/uploads\/Idea-80-BF350-Grand-Prix-White-16-scaled.jpg","gform-image-choice-lg-width":600,"gform-image-choice-lg-height":400}},"introduction":"","person":false,"title":"Integrazione intelligente per una manovrabilit\u00e0 migliorata","video":false},"yoast_head":"<!-- This site is optimized with the Yoast SEO Premium plugin v27.4 (Yoast SEO v27.4) - https:\/\/yoast.com\/product\/yoast-seo-premium-wordpress\/ -->\n<title>Integrazione del thruster BOW PRO con motori fuoribordo Honda e controlli Ultraflex - VETUS<\/title>\n<meta name=\"description\" content=\"Ampliando il programma di integrazione per migliorare l\u2019esperienza di navigazione di un numero sempre maggiore di utenti, VETUS collabora...\" \/>\n<meta name=\"robots\" content=\"index, follow, max-snippet:-1, max-image-preview:large, max-video-preview:-1\" \/>\n<link rel=\"canonical\" href=\"https:\/\/vetus.com\/it\/integrazione-del-thruster-bow-pro-con-motori-fuoribordo-honda-e-controlli-ultraflex\/\" \/>\n<meta property=\"og:locale\" content=\"it_IT\" \/>\n<meta property=\"og:type\" content=\"article\" \/>\n<meta property=\"og:title\" content=\"Integrazione del thruster BOW PRO con motori fuoribordo Honda e controlli Ultraflex\" \/>\n<meta property=\"og:description\" content=\"Ampliando il programma di integrazione per migliorare l\u2019esperienza di navigazione di un numero sempre maggiore di utenti, VETUS collabora...\" \/>\n<meta property=\"og:url\" content=\"https:\/\/vetus.com\/it\/integrazione-del-thruster-bow-pro-con-motori-fuoribordo-honda-e-controlli-ultraflex\/\" \/>\n<meta property=\"og:site_name\" content=\"VETUS\" \/>\n<meta property=\"article:modified_time\" content=\"2026-02-26T13:53:22+00:00\" \/>\n<meta name=\"twitter:card\" content=\"summary_large_image\" \/>\n<meta name=\"twitter:label1\" content=\"Tempo di lettura stimato\" \/>\n\t<meta name=\"twitter:data1\" content=\"3 minuti\" \/>\n<script type=\"application\/ld+json\" class=\"yoast-schema-graph\">{\"@context\":\"https:\\\/\\\/schema.org\",\"@graph\":[{\"@type\":\"WebPage\",\"@id\":\"https:\\\/\\\/vetus.com\\\/it\\\/integrazione-del-thruster-bow-pro-con-motori-fuoribordo-honda-e-controlli-ultraflex\\\/\",\"url\":\"https:\\\/\\\/vetus.com\\\/it\\\/integrazione-del-thruster-bow-pro-con-motori-fuoribordo-honda-e-controlli-ultraflex\\\/\",\"name\":\"Integrazione del thruster BOW PRO con motori fuoribordo Honda e controlli Ultraflex - VETUS\",\"isPartOf\":{\"@id\":\"https:\\\/\\\/vetus.com\\\/it\\\/#website\"},\"datePublished\":\"2025-02-26T14:42:13+00:00\",\"dateModified\":\"2026-02-26T13:53:22+00:00\",\"description\":\"Ampliando il programma di integrazione per migliorare l\u2019esperienza di navigazione di un numero sempre maggiore di utenti, VETUS collabora...\",\"breadcrumb\":{\"@id\":\"https:\\\/\\\/vetus.com\\\/it\\\/integrazione-del-thruster-bow-pro-con-motori-fuoribordo-honda-e-controlli-ultraflex\\\/#breadcrumb\"},\"inLanguage\":\"it-IT\",\"potentialAction\":[{\"@type\":\"ReadAction\",\"target\":[\"https:\\\/\\\/vetus.com\\\/it\\\/integrazione-del-thruster-bow-pro-con-motori-fuoribordo-honda-e-controlli-ultraflex\\\/\"]}]},{\"@type\":\"BreadcrumbList\",\"@id\":\"https:\\\/\\\/vetus.com\\\/it\\\/integrazione-del-thruster-bow-pro-con-motori-fuoribordo-honda-e-controlli-ultraflex\\\/#breadcrumb\",\"itemListElement\":[{\"@type\":\"ListItem\",\"position\":1,\"name\":\"Home\",\"item\":\"https:\\\/\\\/vetus.com\\\/it\\\/\"},{\"@type\":\"ListItem\",\"position\":2,\"name\":\"Integrazione del thruster BOW PRO con motori fuoribordo Honda e controlli Ultraflex\"}]},{\"@type\":\"WebSite\",\"@id\":\"https:\\\/\\\/vetus.com\\\/it\\\/#website\",\"url\":\"https:\\\/\\\/vetus.com\\\/it\\\/\",\"name\":\"VETUS\",\"description\":\"\",\"potentialAction\":[{\"@type\":\"SearchAction\",\"target\":{\"@type\":\"EntryPoint\",\"urlTemplate\":\"https:\\\/\\\/vetus.com\\\/it\\\/?s={search_term_string}\"},\"query-input\":{\"@type\":\"PropertyValueSpecification\",\"valueRequired\":true,\"valueName\":\"search_term_string\"}}],\"inLanguage\":\"it-IT\"}]}<\/script>\n<!-- \/ Yoast SEO Premium plugin. -->","yoast_head_json":{"title":"Integrazione del thruster BOW PRO con motori fuoribordo Honda e controlli Ultraflex - VETUS","description":"Ampliando il programma di integrazione per migliorare l\u2019esperienza di navigazione di un numero sempre maggiore di utenti, VETUS collabora...","robots":{"index":"index","follow":"follow","max-snippet":"max-snippet:-1","max-image-preview":"max-image-preview:large","max-video-preview":"max-video-preview:-1"},"canonical":"https:\/\/vetus.com\/it\/integrazione-del-thruster-bow-pro-con-motori-fuoribordo-honda-e-controlli-ultraflex\/","og_locale":"it_IT","og_type":"article","og_title":"Integrazione del thruster BOW PRO con motori fuoribordo Honda e controlli Ultraflex","og_description":"Ampliando il programma di integrazione per migliorare l\u2019esperienza di navigazione di un numero sempre maggiore di utenti, VETUS collabora...","og_url":"https:\/\/vetus.com\/it\/integrazione-del-thruster-bow-pro-con-motori-fuoribordo-honda-e-controlli-ultraflex\/","og_site_name":"VETUS","article_modified_time":"2026-02-26T13:53:22+00:00","twitter_card":"summary_large_image","twitter_misc":{"Tempo di lettura stimato":"3 minuti"},"schema":{"@context":"https:\/\/schema.org","@graph":[{"@type":"WebPage","@id":"https:\/\/vetus.com\/it\/integrazione-del-thruster-bow-pro-con-motori-fuoribordo-honda-e-controlli-ultraflex\/","url":"https:\/\/vetus.com\/it\/integrazione-del-thruster-bow-pro-con-motori-fuoribordo-honda-e-controlli-ultraflex\/","name":"Integrazione del thruster BOW PRO con motori fuoribordo Honda e controlli Ultraflex - VETUS","isPartOf":{"@id":"https:\/\/vetus.com\/it\/#website"},"datePublished":"2025-02-26T14:42:13+00:00","dateModified":"2026-02-26T13:53:22+00:00","description":"Ampliando il programma di integrazione per migliorare l\u2019esperienza di navigazione di un numero sempre maggiore di utenti, VETUS collabora...","breadcrumb":{"@id":"https:\/\/vetus.com\/it\/integrazione-del-thruster-bow-pro-con-motori-fuoribordo-honda-e-controlli-ultraflex\/#breadcrumb"},"inLanguage":"it-IT","potentialAction":[{"@type":"ReadAction","target":["https:\/\/vetus.com\/it\/integrazione-del-thruster-bow-pro-con-motori-fuoribordo-honda-e-controlli-ultraflex\/"]}]},{"@type":"BreadcrumbList","@id":"https:\/\/vetus.com\/it\/integrazione-del-thruster-bow-pro-con-motori-fuoribordo-honda-e-controlli-ultraflex\/#breadcrumb","itemListElement":[{"@type":"ListItem","position":1,"name":"Home","item":"https:\/\/vetus.com\/it\/"},{"@type":"ListItem","position":2,"name":"Integrazione del thruster BOW PRO con motori fuoribordo Honda e controlli Ultraflex"}]},{"@type":"WebSite","@id":"https:\/\/vetus.com\/it\/#website","url":"https:\/\/vetus.com\/it\/","name":"VETUS","description":"","potentialAction":[{"@type":"SearchAction","target":{"@type":"EntryPoint","urlTemplate":"https:\/\/vetus.com\/it\/?s={search_term_string}"},"query-input":{"@type":"PropertyValueSpecification","valueRequired":true,"valueName":"search_term_string"}}],"inLanguage":"it-IT"}]}},"_links":{"self":[{"href":"https:\/\/vetus.com\/it\/wp-json\/wp\/v2\/pages\/101573","targetHints":{"allow":["GET"]}}],"collection":[{"href":"https:\/\/vetus.com\/it\/wp-json\/wp\/v2\/pages"}],"about":[{"href":"https:\/\/vetus.com\/it\/wp-json\/wp\/v2\/types\/page"}],"author":[{"embeddable":true,"href":"https:\/\/vetus.com\/it\/wp-json\/wp\/v2\/users\/20"}],"replies":[{"embeddable":true,"href":"https:\/\/vetus.com\/it\/wp-json\/wp\/v2\/comments?post=101573"}],"version-history":[{"count":4,"href":"https:\/\/vetus.com\/it\/wp-json\/wp\/v2\/pages\/101573\/revisions"}],"predecessor-version":[{"id":122780,"href":"https:\/\/vetus.com\/it\/wp-json\/wp\/v2\/pages\/101573\/revisions\/122780"}],"wp:attachment":[{"href":"https:\/\/vetus.com\/it\/wp-json\/wp\/v2\/media?parent=101573"}],"curies":[{"name":"wp","href":"https:\/\/api.w.org\/{rel}","templated":true}]}}