{"id":73974,"date":"2023-09-07T08:55:53","date_gmt":"2023-09-07T06:55:53","guid":{"rendered":"https:\/\/vetus.com\/campagnes-vetus\/yanmar-inboard-engine-integration-vetus-bow-pro-thrusters\/"},"modified":"2026-03-19T13:34:42","modified_gmt":"2026-03-19T11:34:42","slug":"integration-des-moteurs-in-bord-yanmar-avec-les-propulseurs-vetus-bow-pro","status":"publish","type":"page","link":"https:\/\/vetus.com\/fr\/campagnes-vetus\/integration-des-moteurs-in-bord-yanmar-avec-les-propulseurs-vetus-bow-pro\/","title":{"rendered":"Commande par joystick"},"content":{"rendered":"\n<section class=\"section  \">\n    \n<section id=\"content-block-1-block_79a1789bf5b78e160de97d3f31dfa6d0\" class=\"section content-block content-block--image \">\n    <div class=\"container\">\n        <div class=\"row d-flex align-items-center\">\n\n            <div class=\"col-md-6 col-lg-7\">\n                                    <div class=\"content-block__visuals\">\n                        <div class=\"content-block__media media--clipped media ratio\">\n                            <div class=\"media__wrapper\">\n                                <img decoding=\"async\" width=\"690\" height=\"462\" src=\"https:\/\/vetus.com\/wp-content\/uploads\/Medium-VC30_Joystick_9532-690x462.jpg\" class=\"media__source img-fit\" alt=\"\" srcset=\"https:\/\/vetus.com\/wp-content\/uploads\/Medium-VC30_Joystick_9532-690x462.jpg 690w, https:\/\/vetus.com\/wp-content\/uploads\/Medium-VC30_Joystick_9532-300x201.jpg 300w, https:\/\/vetus.com\/wp-content\/uploads\/Medium-VC30_Joystick_9532-768x514.jpg 768w, https:\/\/vetus.com\/wp-content\/uploads\/Medium-VC30_Joystick_9532-210x140.jpg 210w, https:\/\/vetus.com\/wp-content\/uploads\/Medium-VC30_Joystick_9532-330x221.jpg 330w, https:\/\/vetus.com\/wp-content\/uploads\/Medium-VC30_Joystick_9532-431x288.jpg 431w, https:\/\/vetus.com\/wp-content\/uploads\/Medium-VC30_Joystick_9532-507x339.jpg 507w, https:\/\/vetus.com\/wp-content\/uploads\/Medium-VC30_Joystick_9532-530x355.jpg 530w, https:\/\/vetus.com\/wp-content\/uploads\/Medium-VC30_Joystick_9532-930x622.jpg 930w, https:\/\/vetus.com\/wp-content\/uploads\/Medium-VC30_Joystick_9532.jpg 1024w\" sizes=\"auto, (max-width: 575.98px) 431px, (max-width: 767.98px) 530px, (max-width: 991.98px) 330px, (max-width: 1279.98px) 530px, (max-width: 1899.98px) 690px, 930px\" loading=\"lazy\" \/>                            <\/div>\n                        <\/div>\n                    <\/div>\n                            <\/div>\n\n            <div class=\"col-md-6 col-lg-4 offset-lg-1\">\n                <div class=\"content-block__body\">\n                    \n                    \n                                            <h3><strong>Syst\u00e8me de commande par joystick inboard YANMAR JC30<\/strong><\/h3>\n<p>Le <strong><a href=\"https:\/\/www.yanmar.com\/marine\/product\/controls\/jc30\/\" target=\"_blank\" rel=\"noopener\">YANMAR JC30<\/a><\/strong> syst\u00e8me de commande par joystick inboard offre une man\u0153uvrabilit\u00e9 et un accostage sup\u00e9rieurs en combinant une commande par joystick simple et intuitive pour les installations de moteurs jumeaux inboard \u00e0 ligne d&rsquo;arbre. Ce syst\u00e8me de joystick, associ\u00e9 \u00e0 un propulseur d&rsquo;\u00e9trave VETUS BOW PRO, facilite le contr\u00f4le de votre yacht, m\u00eame dans des conditions difficiles.<\/p>\n                    \t\t\t\t\t\n                                    <\/div>\n            <\/div>\n        <\/div>\n    <\/div>\n<\/section><\/section>\n\n<section class=\"section section--colored bg-light content-blocks bg-light   \">\n    \n<section id=\"content-block-4block_dc2e68a4cc5027b6bef605e06d68b80a\" class=\"section content-block content-block--image \">\n    <div class=\"container\">\n        <div class=\"row d-flex align-items-center flex-md-row-reverse\">\n            <div class=\"col-11 offset-1 col-md-5 offset-md-1 col-lg-6 offset-lg-2\">\n                <div class=\"content-block__visuals\">\n                                            <div class=\"content-block__media media media--clipped ratio\">\n                            <div class=\"media__wrapper\">\n                                <img decoding=\"async\" width=\"431\" height=\"223\" src=\"https:\/\/vetus.com\/wp-content\/uploads\/VETUS-YANMAR-431x223.png\" class=\"media__source img-fit\" alt=\"YANMAR  - VETUS\" srcset=\"https:\/\/vetus.com\/wp-content\/uploads\/VETUS-YANMAR-431x223.png 431w, https:\/\/vetus.com\/wp-content\/uploads\/VETUS-YANMAR-300x155.png 300w, https:\/\/vetus.com\/wp-content\/uploads\/VETUS-YANMAR-768x398.png 768w, https:\/\/vetus.com\/wp-content\/uploads\/VETUS-YANMAR-210x109.png 210w, https:\/\/vetus.com\/wp-content\/uploads\/VETUS-YANMAR-330x171.png 330w, https:\/\/vetus.com\/wp-content\/uploads\/VETUS-YANMAR-507x263.png 507w, https:\/\/vetus.com\/wp-content\/uploads\/VETUS-YANMAR-530x275.png 530w, https:\/\/vetus.com\/wp-content\/uploads\/VETUS-YANMAR-690x357.png 690w, https:\/\/vetus.com\/wp-content\/uploads\/VETUS-YANMAR-930x482.png 930w, https:\/\/vetus.com\/wp-content\/uploads\/VETUS-YANMAR.png 1135w\" sizes=\"auto, (max-width: 575.98px) 431px, (max-width: 767.98px) 530px, (max-width: 991.98px) 330px, (max-width: 1279.98px) 431px, (max-width: 1899.98px) 530px, 690px\" loading=\"lazy\" \/>                            <\/div>\n                        <\/div>\n                    \n\n                    <div class=\"content-block__shape content-block__shape--image shape shape--primary-outline\">\n                        <svg viewBox=\"0 0 170 170\" xmlns=\"http:\/\/www.w3.org\/2000\/svg\">\n                            <path d=\"m1168.82182 840-27.67059 168h-140.15123v-168z\" fill=\"none\" stroke-width=\"2\" transform=\"translate(-1000 -839)\" shape-rendering=\"optimizeQuality\"><\/path>\n                        <\/svg>\n                    <\/div>\n                <\/div>\n            <\/div>\n\n            <div class=\"col-md-6 col-lg-4\">\n                <div class=\"content-block__body\">\n                    \n                                            <h3><strong>VETUS BOW PRO \u2013 JC30 Caract\u00e9ristiques et avantages<\/strong><\/h3>\n<ul>\n<li>Man\u0153uvre sans effort dans les espaces restreints<\/li>\n<li>Disponible pour les installations de moteurs jumeaux inboard \u00e0 ligne d&rsquo;arbre<\/li>\n<li>Compatible avec les s\u00e9ries de moteurs common rail YANMAR JH-CR, 4LV, 8LV, 6LY-CR, 6LF et 6LT<\/li>\n<li>Utilisable d&rsquo;une seule main<\/li>\n<\/ul>\n                    \n                                            <div class=\"content-block__actions actions\">\n                            <div class=\"btn-group d-flex flex-wrap justify-content-center justify-content-md-start\">\n                                <a href=\"https:\/\/webshop.vetus.com\/en\/products\/thruster-systems\/bow-and-stern-thrusters\/bow-pro-thrusters\" class=\"btn btn-sm btn-empty btn-empty-primary\" title=\"\" target=\"\">\n                                    <span>D\u00e9couvrez nos syst\u00e8mes de propulseurs d&rsquo;\u00e9trave BOW PRO<\/span>\n                                    <i class=\"icon icon-keyboard_arrow_right\"><\/i>\n                                <\/a>\n\n                                <!-- <a href=\"#\" class=\"btn btn-sm btn-empty btn-empty-primary\" title=\"\">\n                                    <span>Watch video<\/span>\n                                    <i class=\"icon icon-play_circle_outline\"><\/i>\n                                <\/a> -->\n                                <!-- <a href=\"#\" class=\"btn btn-sm btn-empty btn-empty-primary\" title=\"\">\n                                    <span>Innovation<\/span>\n                                    <i class=\"icon icon-keyboard_arrow_right\"><\/i>\n                                <\/a> -->\n                            <\/div>\n                        <\/div>\n                                    <\/div>\n            <\/div>\n        <\/div>\n    <\/div>\n<\/section><\/section>\n\n\n<section class=\"section  \">\n    \n<section id=\"content-block-1-block_db02c2a2af138b6dd7583161e0bd95ce\" class=\"section content-block content-block--image \">\n    <div class=\"container\">\n        <div class=\"row d-flex align-items-center\">\n\n            <div class=\"col-md-6 col-lg-7\">\n                                    <div class=\"content-block__visuals\">\n                        <div class=\"content-block__media media--clipped media ratio\">\n                            <div class=\"media__wrapper\">\n                                <img decoding=\"async\" width=\"690\" height=\"460\" src=\"https:\/\/vetus.com\/wp-content\/uploads\/BOW-PRO-400_4-2-690x460.png\" class=\"media__source img-fit\" alt=\"\" srcset=\"https:\/\/vetus.com\/wp-content\/uploads\/BOW-PRO-400_4-2-690x460.png 690w, https:\/\/vetus.com\/wp-content\/uploads\/BOW-PRO-400_4-2-300x200.png 300w, https:\/\/vetus.com\/wp-content\/uploads\/BOW-PRO-400_4-2-768x512.png 768w, https:\/\/vetus.com\/wp-content\/uploads\/BOW-PRO-400_4-2-210x140.png 210w, https:\/\/vetus.com\/wp-content\/uploads\/BOW-PRO-400_4-2-330x220.png 330w, https:\/\/vetus.com\/wp-content\/uploads\/BOW-PRO-400_4-2-431x287.png 431w, https:\/\/vetus.com\/wp-content\/uploads\/BOW-PRO-400_4-2-507x338.png 507w, https:\/\/vetus.com\/wp-content\/uploads\/BOW-PRO-400_4-2-530x353.png 530w, https:\/\/vetus.com\/wp-content\/uploads\/BOW-PRO-400_4-2-930x620.png 930w, https:\/\/vetus.com\/wp-content\/uploads\/BOW-PRO-400_4-2-1170x780.png 1170w, https:\/\/vetus.com\/wp-content\/uploads\/BOW-PRO-400_4-2.png 1500w\" sizes=\"auto, (max-width: 575.98px) 431px, (max-width: 767.98px) 530px, (max-width: 991.98px) 330px, (max-width: 1279.98px) 530px, (max-width: 1899.98px) 690px, 930px\" loading=\"lazy\" \/>                            <\/div>\n                        <\/div>\n                    <\/div>\n                            <\/div>\n\n            <div class=\"col-md-6 col-lg-4 offset-lg-1\">\n                <div class=\"content-block__body\">\n                                            <h3 class=\"content-block__title\">\n                            Int\u00e9gration des propulseurs d&rsquo;\u00e9trave VETUS BOW PRO avec le syst\u00e8me de commande YANMAR JC30                        <\/h3>\n                    \n                    \n                                            <p>L&rsquo;int\u00e9gration d&rsquo;un propulseur d&rsquo;\u00e9trave VETUS BOW PRO dans un bateau \u00e9quip\u00e9 du syst\u00e8me de commande par joystick inboard YANMAR JC30 am\u00e9liore consid\u00e9rablement la commande \u00e0 basse vitesse et la simplicit\u00e9 d&rsquo;accostage, ce qui augmente la s\u00e9curit\u00e9 et la fonctionnalit\u00e9 globale du bateau. Ce niveau de commande combin\u00e9e offre une confiance in\u00e9gal\u00e9e, en particulier lors des man\u0153uvres de bateau auparavant difficiles.<\/p>\n                    \t\t\t\t\t\n                                            <div class=\"content-block__actions actions\">\n                            <div class=\"btn-group d-flex flex-wrap justify-content-center justify-content-md-start\">\n                                <a href=\"https:\/\/www.yanmar.com\/marine\/product\/controls\/jc30\/\" class=\"btn btn-sm btn-empty btn-empty-primary\" title=\"\" target=\"_blank\">\n                                    <span>YANMAR JC30<\/span>\n                                    <i class=\"icon icon-keyboard_arrow_right\"><\/i>\n                                <\/a>\n\n                                <!-- <a href=\"#\" class=\"btn btn-sm btn-empty btn-empty-primary\" title=\"\">\n                                    <span>Watch video<\/span>\n                                    <i class=\"icon icon-play_circle_outline\"><\/i>\n                                <\/a> -->\n                                <!-- <a href=\"#\" class=\"btn btn-sm btn-empty btn-empty-primary\" title=\"\">\n                                    <span>Innovation<\/span>\n                                    <i class=\"icon icon-keyboard_arrow_right\"><\/i>\n                                <\/a> -->\n                            <\/div>\n                        <\/div>\n                                    <\/div>\n            <\/div>\n        <\/div>\n    <\/div>\n<\/section><\/section>","protected":false},"excerpt":{"rendered":"","protected":false},"author":25,"featured_media":73788,"parent":32270,"menu_order":0,"comment_status":"closed","ping_status":"closed","template":"tpl-default.php","meta":{"_acf_changed":false,"footnotes":""},"class_list":["post-73974","page","type-page","status-publish","has-post-thumbnail","hentry"],"acf":{"image":{"ID":73788,"id":73788,"title":"DJI_0346","filename":"DJI_0346-scaled-e1694158911365.jpg","filesize":741747,"url":"https:\/\/vetus.com\/wp-content\/uploads\/DJI_0346-scaled-e1694158911365.jpg","link":"https:\/\/vetus.com\/fr\/campagnes-vetus\/integration-des-moteurs-in-bord-yanmar-avec-les-propulseurs-vetus-bow-pro\/dji_0346-2\/","alt":"Integration VETUS BOW PRO thrusters with YANMAR inboard engines","author":"25","description":"","caption":"Integration VETUS BOW PRO thrusters with YANMAR inboard engines","name":"dji_0346-2","status":"inherit","uploaded_to":73974,"date":"2023-09-06 13:12:17","modified":"2023-09-06 13:12:48","menu_order":0,"mime_type":"image\/jpeg","type":"image","subtype":"jpeg","icon":"https:\/\/vetus.com\/wp-includes\/images\/media\/default.png","width":2560,"height":1433,"sizes":{"thumbnail":"https:\/\/vetus.com\/wp-content\/uploads\/DJI_0346-scaled-e1694158911365-150x150.jpg","thumbnail-width":150,"thumbnail-height":150,"medium":"https:\/\/vetus.com\/wp-content\/uploads\/DJI_0346-scaled-e1694158911365-300x168.jpg","medium-width":300,"medium-height":168,"medium_large":"https:\/\/vetus.com\/wp-content\/uploads\/DJI_0346-scaled-e1694158911365-768x430.jpg","medium_large-width":768,"medium_large-height":430,"large":"https:\/\/vetus.com\/wp-content\/uploads\/DJI_0346-scaled-e1694158911365-1024x573.jpg","large-width":1024,"large-height":573,"1536x1536":"https:\/\/vetus.com\/wp-content\/uploads\/DJI_0346-scaled-e1694158911365-1536x860.jpg","1536x1536-width":1536,"1536x1536-height":860,"2048x2048":"https:\/\/vetus.com\/wp-content\/uploads\/DJI_0346-scaled-e1694158911365-2048x1146.jpg","2048x2048-width":2048,"2048x2048-height":1146,"210w":"https:\/\/vetus.com\/wp-content\/uploads\/DJI_0346-scaled-e1694158911365-210x118.jpg","210w-width":210,"210w-height":118,"330w":"https:\/\/vetus.com\/wp-content\/uploads\/DJI_0346-scaled-e1694158911365-330x185.jpg","330w-width":330,"330w-height":185,"431w":"https:\/\/vetus.com\/wp-content\/uploads\/DJI_0346-scaled-e1694158911365-431x241.jpg","431w-width":431,"431w-height":241,"507w":"https:\/\/vetus.com\/wp-content\/uploads\/DJI_0346-scaled-e1694158911365-507x284.jpg","507w-width":507,"507w-height":284,"530w":"https:\/\/vetus.com\/wp-content\/uploads\/DJI_0346-scaled-e1694158911365-530x297.jpg","530w-width":530,"530w-height":297,"690w":"https:\/\/vetus.com\/wp-content\/uploads\/DJI_0346-scaled-e1694158911365-690x386.jpg","690w-width":690,"690w-height":386,"930w":"https:\/\/vetus.com\/wp-content\/uploads\/DJI_0346-scaled-e1694158911365-930x521.jpg","930w-width":930,"930w-height":521,"1170w":"https:\/\/vetus.com\/wp-content\/uploads\/DJI_0346-scaled-e1694158911365-1170x655.jpg","1170w-width":1170,"1170w-height":655,"gform-image-choice-sm":"https:\/\/vetus.com\/wp-content\/uploads\/DJI_0346-scaled-e1694158911365.jpg","gform-image-choice-sm-width":300,"gform-image-choice-sm-height":168,"gform-image-choice-md":"https:\/\/vetus.com\/wp-content\/uploads\/DJI_0346-scaled-e1694158911365.jpg","gform-image-choice-md-width":400,"gform-image-choice-md-height":224,"gform-image-choice-lg":"https:\/\/vetus.com\/wp-content\/uploads\/DJI_0346-scaled-e1694158911365.jpg","gform-image-choice-lg-width":600,"gform-image-choice-lg-height":336}},"introduction":"","person":false,"title":"Int\u00e9gration des propulseurs d\u2019\u00e9trave VETUS BOW PRO avec les moteurs in-bord YANMAR"},"yoast_head":"<!-- This site is optimized with the Yoast SEO Premium plugin v27.4 (Yoast SEO v27.4) - https:\/\/yoast.com\/product\/yoast-seo-premium-wordpress\/ -->\n<title>Int\u00e9gration des moteurs in-bord YANMAR avec les propulseurs VETUS BOW PRO<\/title>\n<meta name=\"description\" content=\"Le syst\u00e8me de commande par joystick in-bord YANMAR JC20A, associ\u00e9 aux propulseurs d\u2019\u00e9trave VETUS BOW PRO ou aux propulseurs d\u2019\u00e9trave...\" \/>\n<meta name=\"robots\" content=\"index, follow, max-snippet:-1, max-image-preview:large, max-video-preview:-1\" \/>\n<link rel=\"canonical\" href=\"https:\/\/vetus.com\/fr\/campagnes-vetus\/integration-des-moteurs-in-bord-yanmar-avec-les-propulseurs-vetus-bow-pro\/\" \/>\n<meta property=\"og:locale\" content=\"fr_FR\" \/>\n<meta property=\"og:type\" content=\"article\" \/>\n<meta property=\"og:title\" content=\"Commande par joystick\" \/>\n<meta property=\"og:description\" content=\"Le syst\u00e8me de commande par joystick in-bord YANMAR JC20A, associ\u00e9 aux propulseurs d\u2019\u00e9trave VETUS BOW PRO ou aux propulseurs d\u2019\u00e9trave...\" \/>\n<meta property=\"og:url\" content=\"https:\/\/vetus.com\/fr\/campagnes-vetus\/integration-des-moteurs-in-bord-yanmar-avec-les-propulseurs-vetus-bow-pro\/\" \/>\n<meta property=\"og:site_name\" content=\"VETUS\" \/>\n<meta property=\"article:modified_time\" content=\"2026-03-19T11:34:42+00:00\" \/>\n<meta property=\"og:image\" content=\"https:\/\/vetus.com\/wp-content\/uploads\/DJI_0346-scaled-e1694158911365.jpg\" \/>\n\t<meta property=\"og:image:width\" content=\"2560\" \/>\n\t<meta property=\"og:image:height\" content=\"1433\" \/>\n\t<meta property=\"og:image:type\" content=\"image\/jpeg\" \/>\n<meta name=\"twitter:card\" content=\"summary_large_image\" \/>\n<meta name=\"twitter:label1\" content=\"Dur\u00e9e de lecture estim\u00e9e\" \/>\n\t<meta name=\"twitter:data1\" content=\"1 minute\" \/>\n<script type=\"application\/ld+json\" class=\"yoast-schema-graph\">{\"@context\":\"https:\\\/\\\/schema.org\",\"@graph\":[{\"@type\":\"WebPage\",\"@id\":\"https:\\\/\\\/vetus.com\\\/fr\\\/campagnes-vetus\\\/integration-des-moteurs-in-bord-yanmar-avec-les-propulseurs-vetus-bow-pro\\\/\",\"url\":\"https:\\\/\\\/vetus.com\\\/fr\\\/campagnes-vetus\\\/integration-des-moteurs-in-bord-yanmar-avec-les-propulseurs-vetus-bow-pro\\\/\",\"name\":\"Int\u00e9gration des moteurs in-bord YANMAR avec les propulseurs VETUS BOW PRO\",\"isPartOf\":{\"@id\":\"https:\\\/\\\/vetus.com\\\/fr\\\/#website\"},\"primaryImageOfPage\":{\"@id\":\"https:\\\/\\\/vetus.com\\\/fr\\\/campagnes-vetus\\\/integration-des-moteurs-in-bord-yanmar-avec-les-propulseurs-vetus-bow-pro\\\/#primaryimage\"},\"image\":{\"@id\":\"https:\\\/\\\/vetus.com\\\/fr\\\/campagnes-vetus\\\/integration-des-moteurs-in-bord-yanmar-avec-les-propulseurs-vetus-bow-pro\\\/#primaryimage\"},\"thumbnailUrl\":\"https:\\\/\\\/vetus.com\\\/wp-content\\\/uploads\\\/DJI_0346-scaled-e1694158911365.jpg\",\"datePublished\":\"2023-09-07T06:55:53+00:00\",\"dateModified\":\"2026-03-19T11:34:42+00:00\",\"description\":\"Le syst\u00e8me de commande par joystick in-bord YANMAR JC20A, associ\u00e9 aux propulseurs d\u2019\u00e9trave VETUS BOW PRO ou aux propulseurs d\u2019\u00e9trave...\",\"breadcrumb\":{\"@id\":\"https:\\\/\\\/vetus.com\\\/fr\\\/campagnes-vetus\\\/integration-des-moteurs-in-bord-yanmar-avec-les-propulseurs-vetus-bow-pro\\\/#breadcrumb\"},\"inLanguage\":\"fr-FR\",\"potentialAction\":[{\"@type\":\"ReadAction\",\"target\":[\"https:\\\/\\\/vetus.com\\\/fr\\\/campagnes-vetus\\\/integration-des-moteurs-in-bord-yanmar-avec-les-propulseurs-vetus-bow-pro\\\/\"]}]},{\"@type\":\"ImageObject\",\"inLanguage\":\"fr-FR\",\"@id\":\"https:\\\/\\\/vetus.com\\\/fr\\\/campagnes-vetus\\\/integration-des-moteurs-in-bord-yanmar-avec-les-propulseurs-vetus-bow-pro\\\/#primaryimage\",\"url\":\"https:\\\/\\\/vetus.com\\\/wp-content\\\/uploads\\\/DJI_0346-scaled-e1694158911365.jpg\",\"contentUrl\":\"https:\\\/\\\/vetus.com\\\/wp-content\\\/uploads\\\/DJI_0346-scaled-e1694158911365.jpg\",\"width\":2560,\"height\":1433,\"caption\":\"Integration VETUS BOW PRO thrusters with YANMAR inboard engines\"},{\"@type\":\"BreadcrumbList\",\"@id\":\"https:\\\/\\\/vetus.com\\\/fr\\\/campagnes-vetus\\\/integration-des-moteurs-in-bord-yanmar-avec-les-propulseurs-vetus-bow-pro\\\/#breadcrumb\",\"itemListElement\":[{\"@type\":\"ListItem\",\"position\":1,\"name\":\"Home\",\"item\":\"https:\\\/\\\/vetus.com\\\/fr\\\/\"},{\"@type\":\"ListItem\",\"position\":2,\"name\":\"Campagnes VETUS\",\"item\":\"https:\\\/\\\/vetus.com\\\/fr\\\/campagnes-vetus\\\/\"},{\"@type\":\"ListItem\",\"position\":3,\"name\":\"Commande par joystick\"}]},{\"@type\":\"WebSite\",\"@id\":\"https:\\\/\\\/vetus.com\\\/fr\\\/#website\",\"url\":\"https:\\\/\\\/vetus.com\\\/fr\\\/\",\"name\":\"VETUS\",\"description\":\"\",\"potentialAction\":[{\"@type\":\"SearchAction\",\"target\":{\"@type\":\"EntryPoint\",\"urlTemplate\":\"https:\\\/\\\/vetus.com\\\/fr\\\/?s={search_term_string}\"},\"query-input\":{\"@type\":\"PropertyValueSpecification\",\"valueRequired\":true,\"valueName\":\"search_term_string\"}}],\"inLanguage\":\"fr-FR\"}]}<\/script>\n<!-- \/ Yoast SEO Premium plugin. -->","yoast_head_json":{"title":"Int\u00e9gration des moteurs in-bord YANMAR avec les propulseurs VETUS BOW PRO","description":"Le syst\u00e8me de commande par joystick in-bord YANMAR JC20A, associ\u00e9 aux propulseurs d\u2019\u00e9trave VETUS BOW PRO ou aux propulseurs d\u2019\u00e9trave...","robots":{"index":"index","follow":"follow","max-snippet":"max-snippet:-1","max-image-preview":"max-image-preview:large","max-video-preview":"max-video-preview:-1"},"canonical":"https:\/\/vetus.com\/fr\/campagnes-vetus\/integration-des-moteurs-in-bord-yanmar-avec-les-propulseurs-vetus-bow-pro\/","og_locale":"fr_FR","og_type":"article","og_title":"Commande par joystick","og_description":"Le syst\u00e8me de commande par joystick in-bord YANMAR JC20A, associ\u00e9 aux propulseurs d\u2019\u00e9trave VETUS BOW PRO ou aux propulseurs d\u2019\u00e9trave...","og_url":"https:\/\/vetus.com\/fr\/campagnes-vetus\/integration-des-moteurs-in-bord-yanmar-avec-les-propulseurs-vetus-bow-pro\/","og_site_name":"VETUS","article_modified_time":"2026-03-19T11:34:42+00:00","og_image":[{"width":2560,"height":1433,"url":"https:\/\/vetus.com\/wp-content\/uploads\/DJI_0346-scaled-e1694158911365.jpg","type":"image\/jpeg"}],"twitter_card":"summary_large_image","twitter_misc":{"Dur\u00e9e de lecture estim\u00e9e":"1 minute"},"schema":{"@context":"https:\/\/schema.org","@graph":[{"@type":"WebPage","@id":"https:\/\/vetus.com\/fr\/campagnes-vetus\/integration-des-moteurs-in-bord-yanmar-avec-les-propulseurs-vetus-bow-pro\/","url":"https:\/\/vetus.com\/fr\/campagnes-vetus\/integration-des-moteurs-in-bord-yanmar-avec-les-propulseurs-vetus-bow-pro\/","name":"Int\u00e9gration des moteurs in-bord YANMAR avec les propulseurs VETUS BOW PRO","isPartOf":{"@id":"https:\/\/vetus.com\/fr\/#website"},"primaryImageOfPage":{"@id":"https:\/\/vetus.com\/fr\/campagnes-vetus\/integration-des-moteurs-in-bord-yanmar-avec-les-propulseurs-vetus-bow-pro\/#primaryimage"},"image":{"@id":"https:\/\/vetus.com\/fr\/campagnes-vetus\/integration-des-moteurs-in-bord-yanmar-avec-les-propulseurs-vetus-bow-pro\/#primaryimage"},"thumbnailUrl":"https:\/\/vetus.com\/wp-content\/uploads\/DJI_0346-scaled-e1694158911365.jpg","datePublished":"2023-09-07T06:55:53+00:00","dateModified":"2026-03-19T11:34:42+00:00","description":"Le syst\u00e8me de commande par joystick in-bord YANMAR JC20A, associ\u00e9 aux propulseurs d\u2019\u00e9trave VETUS BOW PRO ou aux propulseurs d\u2019\u00e9trave...","breadcrumb":{"@id":"https:\/\/vetus.com\/fr\/campagnes-vetus\/integration-des-moteurs-in-bord-yanmar-avec-les-propulseurs-vetus-bow-pro\/#breadcrumb"},"inLanguage":"fr-FR","potentialAction":[{"@type":"ReadAction","target":["https:\/\/vetus.com\/fr\/campagnes-vetus\/integration-des-moteurs-in-bord-yanmar-avec-les-propulseurs-vetus-bow-pro\/"]}]},{"@type":"ImageObject","inLanguage":"fr-FR","@id":"https:\/\/vetus.com\/fr\/campagnes-vetus\/integration-des-moteurs-in-bord-yanmar-avec-les-propulseurs-vetus-bow-pro\/#primaryimage","url":"https:\/\/vetus.com\/wp-content\/uploads\/DJI_0346-scaled-e1694158911365.jpg","contentUrl":"https:\/\/vetus.com\/wp-content\/uploads\/DJI_0346-scaled-e1694158911365.jpg","width":2560,"height":1433,"caption":"Integration VETUS BOW PRO thrusters with YANMAR inboard engines"},{"@type":"BreadcrumbList","@id":"https:\/\/vetus.com\/fr\/campagnes-vetus\/integration-des-moteurs-in-bord-yanmar-avec-les-propulseurs-vetus-bow-pro\/#breadcrumb","itemListElement":[{"@type":"ListItem","position":1,"name":"Home","item":"https:\/\/vetus.com\/fr\/"},{"@type":"ListItem","position":2,"name":"Campagnes VETUS","item":"https:\/\/vetus.com\/fr\/campagnes-vetus\/"},{"@type":"ListItem","position":3,"name":"Commande par joystick"}]},{"@type":"WebSite","@id":"https:\/\/vetus.com\/fr\/#website","url":"https:\/\/vetus.com\/fr\/","name":"VETUS","description":"","potentialAction":[{"@type":"SearchAction","target":{"@type":"EntryPoint","urlTemplate":"https:\/\/vetus.com\/fr\/?s={search_term_string}"},"query-input":{"@type":"PropertyValueSpecification","valueRequired":true,"valueName":"search_term_string"}}],"inLanguage":"fr-FR"}]}},"_links":{"self":[{"href":"https:\/\/vetus.com\/fr\/wp-json\/wp\/v2\/pages\/73974","targetHints":{"allow":["GET"]}}],"collection":[{"href":"https:\/\/vetus.com\/fr\/wp-json\/wp\/v2\/pages"}],"about":[{"href":"https:\/\/vetus.com\/fr\/wp-json\/wp\/v2\/types\/page"}],"author":[{"embeddable":true,"href":"https:\/\/vetus.com\/fr\/wp-json\/wp\/v2\/users\/25"}],"replies":[{"embeddable":true,"href":"https:\/\/vetus.com\/fr\/wp-json\/wp\/v2\/comments?post=73974"}],"version-history":[{"count":5,"href":"https:\/\/vetus.com\/fr\/wp-json\/wp\/v2\/pages\/73974\/revisions"}],"predecessor-version":[{"id":124151,"href":"https:\/\/vetus.com\/fr\/wp-json\/wp\/v2\/pages\/73974\/revisions\/124151"}],"up":[{"embeddable":true,"href":"https:\/\/vetus.com\/fr\/wp-json\/wp\/v2\/pages\/32270"}],"wp:featuredmedia":[{"embeddable":true,"href":"https:\/\/vetus.com\/fr\/wp-json\/wp\/v2\/media\/73788"}],"wp:attachment":[{"href":"https:\/\/vetus.com\/fr\/wp-json\/wp\/v2\/media?parent=73974"}],"curies":[{"name":"wp","href":"https:\/\/api.w.org\/{rel}","templated":true}]}}