{"id":3689,"date":"2021-03-11T16:06:17","date_gmt":"2021-03-11T14:06:17","guid":{"rendered":"https:\/\/vetus.inlinedigital.nl\/cms\/service-support\/quality-statement\/"},"modified":"2022-02-15T15:23:22","modified_gmt":"2022-02-15T14:23:22","slug":"declaration-de-qualite","status":"publish","type":"page","link":"https:\/\/vetus.com\/fr\/service-apres-vente\/declaration-de-qualite\/","title":{"rendered":"D\u00e9claration de qualit\u00e9"},"content":{"rendered":"\n<section class=\"section  \">\n    \n<section id=\"content-block-1-block_604a31380689e\" class=\"section content-block content-block--image \">\n    <div class=\"container\">\n        <div class=\"row d-flex align-items-center\">\n\n            <div class=\"col-md-6 col-lg-7\">\n                                    <div class=\"content-block__visuals\">\n                        <div class=\"content-block__media media--clipped media ratio\">\n                            <div class=\"media__wrapper\">\n                                <img decoding=\"async\" width=\"690\" height=\"460\" src=\"https:\/\/vetus.com\/wp-content\/uploads\/QS-foto2.jpg\" class=\"media__source img-fit\" alt=\"\" srcset=\"https:\/\/vetus.com\/wp-content\/uploads\/QS-foto2.jpg 1200w, https:\/\/vetus.com\/wp-content\/uploads\/QS-foto2-300x200.jpg 300w, https:\/\/vetus.com\/wp-content\/uploads\/QS-foto2-1024x683.jpg 1024w, https:\/\/vetus.com\/wp-content\/uploads\/QS-foto2-768x512.jpg 768w, https:\/\/vetus.com\/wp-content\/uploads\/QS-foto2-418x279.jpg 418w, https:\/\/vetus.com\/wp-content\/uploads\/QS-foto2-604x403.jpg 604w, https:\/\/vetus.com\/wp-content\/uploads\/QS-foto2-970x647.jpg 970w\" sizes=\"auto, (max-width: 575.98px) 431px, (max-width: 767.98px) 530px, (max-width: 991.98px) 330px, (max-width: 1279.98px) 530px, (max-width: 1899.98px) 690px, 930px\" loading=\"lazy\" \/>                            <\/div>\n                        <\/div>\n                    <\/div>\n                            <\/div>\n\n            <div class=\"col-md-6 col-lg-4 offset-lg-1\">\n                <div class=\"content-block__body\">\n                    \n                                            <div class=\"content-block__intro\">\n                            <p>\n                                 VETUS B.V. a mis en place un syst\u00e8me de gestion de la qualit\u00e9 qui garantit que tous les aspects cruciaux de la gestion de la qualit\u00e9 sont pris en charge.                            <\/p>\n                        <\/div>\n                    \n                                            <p><span>Il englobe les domaines cl\u00e9s de l&rsquo;orientation client, du leadership, de l&rsquo;engagement des personnes, de l&rsquo;am\u00e9lioration continue, de la prise de d\u00e9cision fond\u00e9e sur des preuves et des solutions ax\u00e9es sur les parties prenantes, fond\u00e9es sur des relations \u00e0 long terme.<\/span><\/p>\n                    \t\t\t\t\t\n                                    <\/div>\n            <\/div>\n        <\/div>\n    <\/div>\n<\/section>\n<section id=\"content-block-9block_604a31380689e\" class=\"section content-block content-block--images-alt \">\n    <div class=\"container\">\n        <div class=\"row d-flex align-items-center flex-md-row-reverse\">\n            <div class=\"col-8 offset-2 col-md-6 offset-md-0 col-lg-5 offset-lg-2\">\n                <div class=\"content-block__visuals d-flex justify-content-between justify-content-center align-items-center\">\n\n                    <div class=\"content-block__shape content-block__shape--images-1 shape shape--primary\">\n                        <svg viewBox=\"0 0 170 170\" xmlns=\"http:\/\/www.w3.org\/2000\/svg\">\n                            <path d=\"m876 263h170l-28 170h-142z\" fill=\"\" transform=\"translate(-876 -263)\"><\/path>\n                        <\/svg>\n                    <\/div>\n                                            <div class=\"content-block__media content-block__media--1 media media--clipped ratio ratio--square mb-0 bg-secondary\">\n                            <div class=\"media__wrapper\">\n                                <img decoding=\"async\" width=\"330\" height=\"284\" src=\"https:\/\/vetus.com\/wp-content\/uploads\/ISO9001-2021_black-330x284.png\" class=\"media__source w-50\" alt=\"\" srcset=\"https:\/\/vetus.com\/wp-content\/uploads\/ISO9001-2021_black-330x284.png 330w, https:\/\/vetus.com\/wp-content\/uploads\/ISO9001-2021_black-300x258.png 300w, https:\/\/vetus.com\/wp-content\/uploads\/ISO9001-2021_black-768x661.png 768w, https:\/\/vetus.com\/wp-content\/uploads\/ISO9001-2021_black-210x181.png 210w, https:\/\/vetus.com\/wp-content\/uploads\/ISO9001-2021_black-431x371.png 431w, https:\/\/vetus.com\/wp-content\/uploads\/ISO9001-2021_black-507x436.png 507w, https:\/\/vetus.com\/wp-content\/uploads\/ISO9001-2021_black-530x456.png 530w, https:\/\/vetus.com\/wp-content\/uploads\/ISO9001-2021_black-690x594.png 690w, https:\/\/vetus.com\/wp-content\/uploads\/ISO9001-2021_black-930x800.png 930w, https:\/\/vetus.com\/wp-content\/uploads\/ISO9001-2021_black-1170x1007.png 1170w\" sizes=\"auto, (max-width: 1899.98px) 330px, 330px\" loading=\"lazy\" \/>                            <\/div>\n                        <\/div>\n                    \n                    <div class=\"content-block__shape content-block__shape--images-2 shape shape--primary-outline\">\n                        <svg viewBox=\"0 0 170 170\" xmlns=\"http:\/\/www.w3.org\/2000\/svg\">\n                            <path d=\"m1168.82182 840-27.67059 168h-140.15123v-168z\" fill=\"none\" stroke-width=\"2\" transform=\"translate(-1000 -839)\" shape-rendering=\"optimizeQuality\"><\/path>\n                        <\/svg>\n                    <\/div>\n                <\/div>\n            <\/div>\n\n            <div class=\"col-md-6 col-lg-4 mr-auto\">\n                <div class=\"content-block__body\">\n                    \n                    \n                                            <div class=\"content-block__intro\">\n                            <p>\n                                Notre syst\u00e8me de management de la qualit\u00e9 est conforme aux exigences ISO 9001: 2015 qui permet de faire \u00e9valuer et certifier l&rsquo;application de ce syst\u00e8me de management par des parties ind\u00e9pendantes. .                            <\/p>\n                        <\/div>\n                    \n                                            <p><span>Cette \u00e9valuation couvre l&rsquo;organisation globale, y compris la recherche et le d\u00e9veloppement, les achats, le marketing, les ventes, la logistique \/ l&rsquo;entrep\u00f4t, l&rsquo;apr\u00e8s-vente, l&rsquo;administration financi\u00e8re et d&rsquo;autres activit\u00e9s qui affectent la livraison finale et le service et le soutien \u00e0 long terme de VETUS.<\/span><\/p>\n                    \n                                            <div class=\"content-block__actions actions\">\n                            <div class=\"btn-group d-flex flex-wrap justify-content-center justify-content-md-start\">\n                                <a href=\"https:\/\/vetus.com\/fr\/service-apres-vente\/formulaire-de-contact\/\" class=\"btn btn-sm btn-empty btn-empty-primary\" title=\"\" target=\"\">\n                                    <span>Contactez-nous pour plus d&rsquo;informations<\/span>\n                                    <i class=\"icon icon-keyboard_arrow_right\"><\/i>\n                                <\/a>\n\n                                <!-- <a href=\"#\" class=\"btn btn-sm btn-empty btn-empty-primary\" title=\"\">\n                                    <span>Watch video<\/span>\n                                    <i class=\"icon icon-play_circle_outline\"><\/i>\n                                <\/a> -->\n                                <!-- <a href=\"#\" class=\"btn btn-sm btn-empty btn-empty-primary\" title=\"\">\n                                    <span>Innovation<\/span>\n                                    <i class=\"icon icon-keyboard_arrow_right\"><\/i>\n                                <\/a> -->\n                            <\/div>\n                        <\/div>\n                                    <\/div>\n            <\/div>\n        <\/div>\n    <\/div>\n<\/section><\/section>","protected":false},"excerpt":{"rendered":"<p>Nous nous effor\u00e7ons \u00e0 tout moment d&rsquo;assurer la qualit\u00e9, la continuit\u00e9 et la satisfaction des parties prenantes dans les affaires.<\/p>\n","protected":false},"author":31,"featured_media":5724,"parent":3562,"menu_order":564,"comment_status":"closed","ping_status":"closed","template":"tpl-basic.php","meta":{"_acf_changed":false,"footnotes":""},"class_list":["post-3689","page","type-page","status-publish","has-post-thumbnail","hentry"],"acf":{"title":"Quality Statement","introduction":"Chez VETUS, la qualit\u00e9 est fondamentale pour le succ\u00e8s continu de l'organisation. VETUS B.V. veut agir comme une organisation qui vise toujours la qualit\u00e9, la continuit\u00e9 et la satisfaction des parties prenantes dans les affaires.","button":{"title":"","url":"","target":"","0":""},"person":false},"yoast_head":"<!-- This site is optimized with the Yoast SEO Premium plugin v27.3 (Yoast SEO v27.3) - https:\/\/yoast.com\/product\/yoast-seo-premium-wordpress\/ -->\n<title>D\u00e9claration de qualit\u00e9 - VETUS<\/title>\n<meta name=\"robots\" content=\"index, follow, max-snippet:-1, max-image-preview:large, max-video-preview:-1\" \/>\n<link rel=\"canonical\" href=\"https:\/\/vetus.com\/fr\/service-apres-vente\/declaration-de-qualite\/\" \/>\n<meta property=\"og:locale\" content=\"fr_FR\" \/>\n<meta property=\"og:type\" content=\"article\" \/>\n<meta property=\"og:title\" content=\"D\u00e9claration de qualit\u00e9\" \/>\n<meta property=\"og:description\" content=\"Nous nous effor\u00e7ons \u00e0 tout moment d&#039;assurer la qualit\u00e9, la continuit\u00e9 et la satisfaction des parties prenantes dans les affaires.\" \/>\n<meta property=\"og:url\" content=\"https:\/\/vetus.com\/fr\/service-apres-vente\/declaration-de-qualite\/\" \/>\n<meta property=\"og:site_name\" content=\"VETUS\" \/>\n<meta property=\"article:modified_time\" content=\"2022-02-15T14:23:22+00:00\" \/>\n<meta property=\"og:image\" content=\"https:\/\/vetus.com\/wp-content\/uploads\/featured-image-ISO.png\" \/>\n\t<meta property=\"og:image:width\" content=\"1200\" \/>\n\t<meta property=\"og:image:height\" content=\"800\" \/>\n\t<meta property=\"og:image:type\" content=\"image\/png\" \/>\n<meta name=\"twitter:card\" content=\"summary_large_image\" \/>\n<script type=\"application\/ld+json\" class=\"yoast-schema-graph\">{\"@context\":\"https:\\\/\\\/schema.org\",\"@graph\":[{\"@type\":\"WebPage\",\"@id\":\"https:\\\/\\\/vetus.com\\\/fr\\\/service-apres-vente\\\/declaration-de-qualite\\\/\",\"url\":\"https:\\\/\\\/vetus.com\\\/fr\\\/service-apres-vente\\\/declaration-de-qualite\\\/\",\"name\":\"D\u00e9claration de qualit\u00e9 - VETUS\",\"isPartOf\":{\"@id\":\"https:\\\/\\\/vetus.com\\\/fr\\\/#website\"},\"primaryImageOfPage\":{\"@id\":\"https:\\\/\\\/vetus.com\\\/fr\\\/service-apres-vente\\\/declaration-de-qualite\\\/#primaryimage\"},\"image\":{\"@id\":\"https:\\\/\\\/vetus.com\\\/fr\\\/service-apres-vente\\\/declaration-de-qualite\\\/#primaryimage\"},\"thumbnailUrl\":\"https:\\\/\\\/vetus.com\\\/wp-content\\\/uploads\\\/featured-image-ISO.png\",\"datePublished\":\"2021-03-11T14:06:17+00:00\",\"dateModified\":\"2022-02-15T14:23:22+00:00\",\"breadcrumb\":{\"@id\":\"https:\\\/\\\/vetus.com\\\/fr\\\/service-apres-vente\\\/declaration-de-qualite\\\/#breadcrumb\"},\"inLanguage\":\"fr-FR\",\"potentialAction\":[{\"@type\":\"ReadAction\",\"target\":[\"https:\\\/\\\/vetus.com\\\/fr\\\/service-apres-vente\\\/declaration-de-qualite\\\/\"]}]},{\"@type\":\"ImageObject\",\"inLanguage\":\"fr-FR\",\"@id\":\"https:\\\/\\\/vetus.com\\\/fr\\\/service-apres-vente\\\/declaration-de-qualite\\\/#primaryimage\",\"url\":\"https:\\\/\\\/vetus.com\\\/wp-content\\\/uploads\\\/featured-image-ISO.png\",\"contentUrl\":\"https:\\\/\\\/vetus.com\\\/wp-content\\\/uploads\\\/featured-image-ISO.png\",\"width\":1200,\"height\":800},{\"@type\":\"BreadcrumbList\",\"@id\":\"https:\\\/\\\/vetus.com\\\/fr\\\/service-apres-vente\\\/declaration-de-qualite\\\/#breadcrumb\",\"itemListElement\":[{\"@type\":\"ListItem\",\"position\":1,\"name\":\"Home\",\"item\":\"https:\\\/\\\/vetus.com\\\/fr\\\/\"},{\"@type\":\"ListItem\",\"position\":2,\"name\":\"Service apr\u00e8s vente\",\"item\":\"https:\\\/\\\/vetus.com\\\/fr\\\/service-apres-vente\\\/\"},{\"@type\":\"ListItem\",\"position\":3,\"name\":\"D\u00e9claration de qualit\u00e9\"}]},{\"@type\":\"WebSite\",\"@id\":\"https:\\\/\\\/vetus.com\\\/fr\\\/#website\",\"url\":\"https:\\\/\\\/vetus.com\\\/fr\\\/\",\"name\":\"VETUS\",\"description\":\"\",\"potentialAction\":[{\"@type\":\"SearchAction\",\"target\":{\"@type\":\"EntryPoint\",\"urlTemplate\":\"https:\\\/\\\/vetus.com\\\/fr\\\/?s={search_term_string}\"},\"query-input\":{\"@type\":\"PropertyValueSpecification\",\"valueRequired\":true,\"valueName\":\"search_term_string\"}}],\"inLanguage\":\"fr-FR\"}]}<\/script>\n<!-- \/ Yoast SEO Premium plugin. -->","yoast_head_json":{"title":"D\u00e9claration de qualit\u00e9 - VETUS","robots":{"index":"index","follow":"follow","max-snippet":"max-snippet:-1","max-image-preview":"max-image-preview:large","max-video-preview":"max-video-preview:-1"},"canonical":"https:\/\/vetus.com\/fr\/service-apres-vente\/declaration-de-qualite\/","og_locale":"fr_FR","og_type":"article","og_title":"D\u00e9claration de qualit\u00e9","og_description":"Nous nous effor\u00e7ons \u00e0 tout moment d'assurer la qualit\u00e9, la continuit\u00e9 et la satisfaction des parties prenantes dans les affaires.","og_url":"https:\/\/vetus.com\/fr\/service-apres-vente\/declaration-de-qualite\/","og_site_name":"VETUS","article_modified_time":"2022-02-15T14:23:22+00:00","og_image":[{"width":1200,"height":800,"url":"https:\/\/vetus.com\/wp-content\/uploads\/featured-image-ISO.png","type":"image\/png"}],"twitter_card":"summary_large_image","schema":{"@context":"https:\/\/schema.org","@graph":[{"@type":"WebPage","@id":"https:\/\/vetus.com\/fr\/service-apres-vente\/declaration-de-qualite\/","url":"https:\/\/vetus.com\/fr\/service-apres-vente\/declaration-de-qualite\/","name":"D\u00e9claration de qualit\u00e9 - VETUS","isPartOf":{"@id":"https:\/\/vetus.com\/fr\/#website"},"primaryImageOfPage":{"@id":"https:\/\/vetus.com\/fr\/service-apres-vente\/declaration-de-qualite\/#primaryimage"},"image":{"@id":"https:\/\/vetus.com\/fr\/service-apres-vente\/declaration-de-qualite\/#primaryimage"},"thumbnailUrl":"https:\/\/vetus.com\/wp-content\/uploads\/featured-image-ISO.png","datePublished":"2021-03-11T14:06:17+00:00","dateModified":"2022-02-15T14:23:22+00:00","breadcrumb":{"@id":"https:\/\/vetus.com\/fr\/service-apres-vente\/declaration-de-qualite\/#breadcrumb"},"inLanguage":"fr-FR","potentialAction":[{"@type":"ReadAction","target":["https:\/\/vetus.com\/fr\/service-apres-vente\/declaration-de-qualite\/"]}]},{"@type":"ImageObject","inLanguage":"fr-FR","@id":"https:\/\/vetus.com\/fr\/service-apres-vente\/declaration-de-qualite\/#primaryimage","url":"https:\/\/vetus.com\/wp-content\/uploads\/featured-image-ISO.png","contentUrl":"https:\/\/vetus.com\/wp-content\/uploads\/featured-image-ISO.png","width":1200,"height":800},{"@type":"BreadcrumbList","@id":"https:\/\/vetus.com\/fr\/service-apres-vente\/declaration-de-qualite\/#breadcrumb","itemListElement":[{"@type":"ListItem","position":1,"name":"Home","item":"https:\/\/vetus.com\/fr\/"},{"@type":"ListItem","position":2,"name":"Service apr\u00e8s vente","item":"https:\/\/vetus.com\/fr\/service-apres-vente\/"},{"@type":"ListItem","position":3,"name":"D\u00e9claration de qualit\u00e9"}]},{"@type":"WebSite","@id":"https:\/\/vetus.com\/fr\/#website","url":"https:\/\/vetus.com\/fr\/","name":"VETUS","description":"","potentialAction":[{"@type":"SearchAction","target":{"@type":"EntryPoint","urlTemplate":"https:\/\/vetus.com\/fr\/?s={search_term_string}"},"query-input":{"@type":"PropertyValueSpecification","valueRequired":true,"valueName":"search_term_string"}}],"inLanguage":"fr-FR"}]}},"_links":{"self":[{"href":"https:\/\/vetus.com\/fr\/wp-json\/wp\/v2\/pages\/3689","targetHints":{"allow":["GET"]}}],"collection":[{"href":"https:\/\/vetus.com\/fr\/wp-json\/wp\/v2\/pages"}],"about":[{"href":"https:\/\/vetus.com\/fr\/wp-json\/wp\/v2\/types\/page"}],"author":[{"embeddable":true,"href":"https:\/\/vetus.com\/fr\/wp-json\/wp\/v2\/users\/31"}],"replies":[{"embeddable":true,"href":"https:\/\/vetus.com\/fr\/wp-json\/wp\/v2\/comments?post=3689"}],"version-history":[{"count":0,"href":"https:\/\/vetus.com\/fr\/wp-json\/wp\/v2\/pages\/3689\/revisions"}],"up":[{"embeddable":true,"href":"https:\/\/vetus.com\/fr\/wp-json\/wp\/v2\/pages\/3562"}],"wp:featuredmedia":[{"embeddable":true,"href":"https:\/\/vetus.com\/fr\/wp-json\/wp\/v2\/media\/5724"}],"wp:attachment":[{"href":"https:\/\/vetus.com\/fr\/wp-json\/wp\/v2\/media?parent=3689"}],"curies":[{"name":"wp","href":"https:\/\/api.w.org\/{rel}","templated":true}]}}