{"id":3463,"date":"2021-03-30T14:44:02","date_gmt":"2021-03-30T13:44:02","guid":{"rendered":"https:\/\/vetus.inlinedigital.nl\/cms\/faq\/"},"modified":"2021-06-28T11:56:23","modified_gmt":"2021-06-28T10:56:23","slug":"faq","status":"publish","type":"page","link":"https:\/\/vetus.com\/fr\/service-apres-vente\/faq\/","title":{"rendered":"FAQ"},"content":{"rendered":"\n<section class=\"section mb-9 \" id=\"faq-block_606331151235a\">\n    <div class=\"container\">\n        <div class=\"row\">\n            <div class=\"col-lg-8 offset-lg-2\">\n                <form action=\"https:\/\/vetus.com\/fr\/service-apres-vente\/faq\/\">\n                    <div class=\"form-group\">\n                        <div class=\"search-input\">\n                            <input type=\"text\" class=\"form-control form-control-lg form-control--shadow search-input__field\" name=\"q\" id=\"input-search\" aria-describedby=\"search\" placeholder=\"Qu'est-ce que tu cherches\" value=\"\">\n\n                            <button class=\"btn btn-secondary btn-icon-only search-input__button\">\n                                <i class=\"icon icon-search\"><\/i>\n                            <\/button>\n                        <\/div>\n                    <\/div>\n                <\/form>\n            <\/div>\n        <\/div>\n    <\/div>\n<\/section>\n\n<section class=\"section\">\n    <div class=\"container\">\n        <div class=\"row\">\n            <div class=\"col-lg-3 mb-6 mb-lg-0\">\n\t\t\t\t\n<div class=\"sidebar\">\n    <aside class=\"sidebar-block\">\n        <div class=\"sidebar-block__header d-block d-lg-none\">\n            <!-- <hr> -->\n\n            <h5 class=\"sidebar-block__title\">\n                Cat\u00e9gories de FAQ            <\/h5>\n        <\/div>\n\n        <div class=\"sidebar-block__body\">\n            <nav class=\"side-nav side-nav--faq\" role=\"navigation\" aria-label=\"\">\n                <ul class=\"list-group list-group-flush side-nav__list side-nav__list--styled text-sm\">\n                                                    <li class=\"list-group-item side-nav__item side-nav__item--styled \">\n                                    <a href=\"https:\/\/vetus.com\/fr\/service-apres-vente\/faq\/c\/instrumentation\" class=\"side-nav__link side-nav__link--styled\" target=\"\" title=\"\">\n                                        Instrumentation                                        <i class=\"icon icon-keyboard_arrow_right d-block d-lg-none ml-auto pl-5\"><\/i>\n                                    <\/a>\n                                <\/li>\n                                                    <li class=\"list-group-item side-nav__item side-nav__item--styled \">\n                                    <a href=\"https:\/\/vetus.com\/fr\/service-apres-vente\/faq\/c\/systemes-pour-eaux-usees\" class=\"side-nav__link side-nav__link--styled\" target=\"\" title=\"\">\n                                        Syst\u00e8mes pour eaux usees                                        <i class=\"icon icon-keyboard_arrow_right d-block d-lg-none ml-auto pl-5\"><\/i>\n                                    <\/a>\n                                <\/li>\n                                                    <li class=\"list-group-item side-nav__item side-nav__item--styled \">\n                                    <a href=\"https:\/\/vetus.com\/fr\/service-apres-vente\/faq\/c\/propulsion-electrique\" class=\"side-nav__link side-nav__link--styled\" target=\"\" title=\"\">\n                                        Propulsion \u00e9lectrique                                        <i class=\"icon icon-keyboard_arrow_right d-block d-lg-none ml-auto pl-5\"><\/i>\n                                    <\/a>\n                                <\/li>\n                                                    <li class=\"list-group-item side-nav__item side-nav__item--styled \">\n                                    <a href=\"https:\/\/vetus.com\/fr\/service-apres-vente\/faq\/c\/ventilation-fr\" class=\"side-nav__link side-nav__link--styled\" target=\"\" title=\"\">\n                                        Ventilation                                        <i class=\"icon icon-keyboard_arrow_right d-block d-lg-none ml-auto pl-5\"><\/i>\n                                    <\/a>\n                                <\/li>\n                                                    <li class=\"list-group-item side-nav__item side-nav__item--styled \">\n                                    <a href=\"https:\/\/vetus.com\/fr\/service-apres-vente\/faq\/c\/energie-embarquee\" class=\"side-nav__link side-nav__link--styled\" target=\"\" title=\"\">\n                                        Energie embarqu\u00e9e                                        <i class=\"icon icon-keyboard_arrow_right d-block d-lg-none ml-auto pl-5\"><\/i>\n                                    <\/a>\n                                <\/li>\n                                                    <li class=\"list-group-item side-nav__item side-nav__item--styled \">\n                                    <a href=\"https:\/\/vetus.com\/fr\/service-apres-vente\/faq\/c\/systemes-d-echappement\" class=\"side-nav__link side-nav__link--styled\" target=\"\" title=\"\">\n                                        Syst\u00e8mes d\u2019echappement                                        <i class=\"icon icon-keyboard_arrow_right d-block d-lg-none ml-auto pl-5\"><\/i>\n                                    <\/a>\n                                <\/li>\n                                                    <li class=\"list-group-item side-nav__item side-nav__item--styled \">\n                                    <a href=\"https:\/\/vetus.com\/fr\/service-apres-vente\/faq\/c\/propulseurs\" class=\"side-nav__link side-nav__link--styled\" target=\"\" title=\"\">\n                                        Propulseurs                                        <i class=\"icon icon-keyboard_arrow_right d-block d-lg-none ml-auto pl-5\"><\/i>\n                                    <\/a>\n                                <\/li>\n                                                    <li class=\"list-group-item side-nav__item side-nav__item--styled \">\n                                    <a href=\"https:\/\/vetus.com\/fr\/service-apres-vente\/faq\/c\/systemes-pour-eau-douce\" class=\"side-nav__link side-nav__link--styled\" target=\"\" title=\"\">\n                                        Syst\u00e8mes pour eau douce                                        <i class=\"icon icon-keyboard_arrow_right d-block d-lg-none ml-auto pl-5\"><\/i>\n                                    <\/a>\n                                <\/li>\n                                                    <li class=\"list-group-item side-nav__item side-nav__item--styled \">\n                                    <a href=\"https:\/\/vetus.com\/fr\/service-apres-vente\/faq\/c\/v-quipment-fr\" class=\"side-nav__link side-nav__link--styled\" target=\"\" title=\"\">\n                                        V-Quipment                                        <i class=\"icon icon-keyboard_arrow_right d-block d-lg-none ml-auto pl-5\"><\/i>\n                                    <\/a>\n                                <\/li>\n                                                    <li class=\"list-group-item side-nav__item side-nav__item--styled \">\n                                    <a href=\"https:\/\/vetus.com\/fr\/service-apres-vente\/faq\/c\/systemes-de-carburant\" class=\"side-nav__link side-nav__link--styled\" target=\"\" title=\"\">\n                                        Syst\u00e8mes de carburant                                        <i class=\"icon icon-keyboard_arrow_right d-block d-lg-none ml-auto pl-5\"><\/i>\n                                    <\/a>\n                                <\/li>\n                                                    <li class=\"list-group-item side-nav__item side-nav__item--styled \">\n                                    <a href=\"https:\/\/vetus.com\/fr\/service-apres-vente\/faq\/c\/general\" class=\"side-nav__link side-nav__link--styled\" target=\"\" title=\"\">\n                                        G\u00e9n\u00e9ral                                        <i class=\"icon icon-keyboard_arrow_right d-block d-lg-none ml-auto pl-5\"><\/i>\n                                    <\/a>\n                                <\/li>\n                                                    <li class=\"list-group-item side-nav__item side-nav__item--styled \">\n                                    <a href=\"https:\/\/vetus.com\/fr\/service-apres-vente\/faq\/c\/vitrages-et-hublots\" class=\"side-nav__link side-nav__link--styled\" target=\"\" title=\"\">\n                                        Vitrages et hublots                                        <i class=\"icon icon-keyboard_arrow_right d-block d-lg-none ml-auto pl-5\"><\/i>\n                                    <\/a>\n                                <\/li>\n                                                    <li class=\"list-group-item side-nav__item side-nav__item--styled \">\n                                    <a href=\"https:\/\/vetus.com\/fr\/service-apres-vente\/faq\/c\/guindeaux-et-accessoires-maxwell\" class=\"side-nav__link side-nav__link--styled\" target=\"\" title=\"\">\n                                        Guindeaux et accessoires Maxwell                                        <i class=\"icon icon-keyboard_arrow_right d-block d-lg-none ml-auto pl-5\"><\/i>\n                                    <\/a>\n                                <\/li>\n                                                    <li class=\"list-group-item side-nav__item side-nav__item--styled \">\n                                    <a href=\"https:\/\/vetus.com\/fr\/service-apres-vente\/faq\/c\/systemes-de-direction\" class=\"side-nav__link side-nav__link--styled\" target=\"\" title=\"\">\n                                        Syst\u00e8mes de direction                                        <i class=\"icon icon-keyboard_arrow_right d-block d-lg-none ml-auto pl-5\"><\/i>\n                                    <\/a>\n                                <\/li>\n                                                    <li class=\"list-group-item side-nav__item side-nav__item--styled \">\n                                    <a href=\"https:\/\/vetus.com\/fr\/service-apres-vente\/faq\/c\/autour-du-moteur\" class=\"side-nav__link side-nav__link--styled\" target=\"\" title=\"\">\n                                        Autour du moteur                                        <i class=\"icon icon-keyboard_arrow_right d-block d-lg-none ml-auto pl-5\"><\/i>\n                                    <\/a>\n                                <\/li>\n                                    <\/ul>\n            <\/nav>\n        <\/div>\n    <\/aside>\n\n<\/div>            <\/div>\n\n            <div class=\"col-lg-9\">\n                <section class=\"section accordion accordion--faq list list--accordion\">\n                    <div class=\"section__header mb-3\">\n                        <h4 class=\"section__title\">\n\t\t\t\t\t\t\tG\u00e9n\u00e9ral                        <\/h4>\n                    <\/div>\n\n                    <div class=\"section__body\">\n                        <ul class=\"accordion list-view list-inline\" id=\"accordion\">\n\t\t\t\t\t\t\t\n<li class=\"list-item accordion-item\">\n    <div class=\"accordion__group\">\n        <div class=\" accordion__header\" id=\"accordion__header-2\">\n            <button class=\"btn btn-textual accordion__button text-left collapsed\" data-toggle=\"collapse\" data-target=\"#accordion-group-9856\" aria-expanded=\"false\" aria-controls=\"accordion-group-9856\">\n                <i class=\"icon icon-keyboard_arrow_down accordion__icon\"><\/i>\n                <span class=\"accordion__title\">\n                    Combien de periode de garantie puis-je obtenir sur les produits VETUS?                <\/span>\n            <\/button>\n        <\/div>\n\n        <div class=\"accordion__content collapse\" id=\"accordion-group-9856\" aria-labelledby=\"#accordion-header-9856\" data-parent=\"#accordion\">\n            <div class=\"accordion__inner hentry\">\n                <p>Depuis le 1er janvier 2011, la garantie sur tous les \u00e9quipements VETUS est de 3 ans. La garantie sur les moteurs et les g\u00e9n\u00e9rateurs est m\u00eame de 5 ans. Les d\u00e9tails de ces conditions de garantie uniques se trouvent sur la page \u00abPolitique de garantie\u00bb.<\/p>\n            <\/div>\n        <\/div>\n    <\/div>\n<\/li>\n<li class=\"list-item accordion-item\">\n    <div class=\"accordion__group\">\n        <div class=\" accordion__header\" id=\"accordion__header-2\">\n            <button class=\"btn btn-textual accordion__button text-left collapsed\" data-toggle=\"collapse\" data-target=\"#accordion-group-9870\" aria-expanded=\"false\" aria-controls=\"accordion-group-9870\">\n                <i class=\"icon icon-keyboard_arrow_down accordion__icon\"><\/i>\n                <span class=\"accordion__title\">\n                    Par qui l&rsquo;entretien de mon moteur VETUS doit-il \u00eatre effectu\u00e9?                <\/span>\n            <\/button>\n        <\/div>\n\n        <div class=\"accordion__content collapse\" id=\"accordion-group-9870\" aria-labelledby=\"#accordion-header-9870\" data-parent=\"#accordion\">\n            <div class=\"accordion__inner hentry\">\n                <p>VETUS dispose d&rsquo;un vaste r\u00e9seau de service mondial, avec un acc\u00e8s \u00e0 des connaissances sp\u00e9cialis\u00e9es et des pi\u00e8ces de rechange.<\/p>\n            <\/div>\n        <\/div>\n    <\/div>\n<\/li>\n<li class=\"list-item accordion-item\">\n    <div class=\"accordion__group\">\n        <div class=\" accordion__header\" id=\"accordion__header-2\">\n            <button class=\"btn btn-textual accordion__button text-left collapsed\" data-toggle=\"collapse\" data-target=\"#accordion-group-9884\" aria-expanded=\"false\" aria-controls=\"accordion-group-9884\">\n                <i class=\"icon icon-keyboard_arrow_down accordion__icon\"><\/i>\n                <span class=\"accordion__title\">\n                    Comment obtenir un manuel pour mon produit VETUS-Maxwell?                <\/span>\n            <\/button>\n        <\/div>\n\n        <div class=\"accordion__content collapse\" id=\"accordion-group-9884\" aria-labelledby=\"#accordion-header-9884\" data-parent=\"#accordion\">\n            <div class=\"accordion__inner hentry\">\n                <p>Les manuels sont toujours emball\u00e9s dans la bo\u00eete. Sinon, vous pouvez trouver de la documentation sur le site Web de VETUS sous le bouton service et support.<\/p>\n            <\/div>\n        <\/div>\n    <\/div>\n<\/li>\n<li class=\"list-item accordion-item\">\n    <div class=\"accordion__group\">\n        <div class=\" accordion__header\" id=\"accordion__header-2\">\n            <button class=\"btn btn-textual accordion__button text-left collapsed\" data-toggle=\"collapse\" data-target=\"#accordion-group-9893\" aria-expanded=\"false\" aria-controls=\"accordion-group-9893\">\n                <i class=\"icon icon-keyboard_arrow_down accordion__icon\"><\/i>\n                <span class=\"accordion__title\">\n                    O\u00f9 puis-je trouver les prix actuels?                <\/span>\n            <\/button>\n        <\/div>\n\n        <div class=\"accordion__content collapse\" id=\"accordion-group-9893\" aria-labelledby=\"#accordion-header-9893\" data-parent=\"#accordion\">\n            <div class=\"accordion__inner hentry\">\n                <p>Les prix actuels peuvent \u00eatre obtenus aupr\u00e8s de votre revendeur local. Les tarifs sont disponibles sur ce site.<\/p>\n            <\/div>\n        <\/div>\n    <\/div>\n<\/li>\n<li class=\"list-item accordion-item\">\n    <div class=\"accordion__group\">\n        <div class=\" accordion__header\" id=\"accordion__header-2\">\n            <button class=\"btn btn-textual accordion__button text-left collapsed\" data-toggle=\"collapse\" data-target=\"#accordion-group-9907\" aria-expanded=\"false\" aria-controls=\"accordion-group-9907\">\n                <i class=\"icon icon-keyboard_arrow_down accordion__icon\"><\/i>\n                <span class=\"accordion__title\">\n                    O\u00f9 puis-je acheter des produits VETUS-Maxwell?                <\/span>\n            <\/button>\n        <\/div>\n\n        <div class=\"accordion__content collapse\" id=\"accordion-group-9907\" aria-labelledby=\"#accordion-header-9907\" data-parent=\"#accordion\">\n            <div class=\"accordion__inner hentry\">\n                <p>Les produits VETUS \/ Maxwell peuvent \u00eatre obtenus partout dans le monde dans plus de 100 pays. Vous pouvez trouver votre revendeur local sur www.vetus.com\/dealerlocator<\/p>\n            <\/div>\n        <\/div>\n    <\/div>\n<\/li>\n<li class=\"list-item accordion-item\">\n    <div class=\"accordion__group\">\n        <div class=\" accordion__header\" id=\"accordion__header-2\">\n            <button class=\"btn btn-textual accordion__button text-left collapsed\" data-toggle=\"collapse\" data-target=\"#accordion-group-10757\" aria-expanded=\"false\" aria-controls=\"accordion-group-10757\">\n                <i class=\"icon icon-keyboard_arrow_down accordion__icon\"><\/i>\n                <span class=\"accordion__title\">\n                    Where can I find manuals and other technical information about VETUS products?                <\/span>\n            <\/button>\n        <\/div>\n\n        <div class=\"accordion__content collapse\" id=\"accordion-group-10757\" aria-labelledby=\"#accordion-header-10757\" data-parent=\"#accordion\">\n            <div class=\"accordion__inner hentry\">\n                            <\/div>\n        <\/div>\n    <\/div>\n<\/li>\n<li class=\"list-item accordion-item\">\n    <div class=\"accordion__group\">\n        <div class=\" accordion__header\" id=\"accordion__header-2\">\n            <button class=\"btn btn-textual accordion__button text-left collapsed\" data-toggle=\"collapse\" data-target=\"#accordion-group-10771\" aria-expanded=\"false\" aria-controls=\"accordion-group-10771\">\n                <i class=\"icon icon-keyboard_arrow_down accordion__icon\"><\/i>\n                <span class=\"accordion__title\">\n                    How much warranty do I get on VETUS products                <\/span>\n            <\/button>\n        <\/div>\n\n        <div class=\"accordion__content collapse\" id=\"accordion-group-10771\" aria-labelledby=\"#accordion-header-10771\" data-parent=\"#accordion\">\n            <div class=\"accordion__inner hentry\">\n                            <\/div>\n        <\/div>\n    <\/div>\n<\/li>                        <\/ul>\n                    <\/div>\n                <\/section>\n            <\/div>\n        <\/div>\n    <\/div>\n<\/section>\n","protected":false},"excerpt":{"rendered":"<p>Un aper\u00e7u des questions fr\u00e9quemment pos\u00e9es. Pour tous les syst\u00e8mes de bateaux.<\/p>\n","protected":false},"author":31,"featured_media":3464,"parent":3562,"menu_order":509,"comment_status":"closed","ping_status":"closed","template":"tpl-basic.php","meta":{"_acf_changed":false,"footnotes":""},"class_list":["post-3463","page","type-page","status-publish","has-post-thumbnail","hentry"],"acf":{"introduction":"","person":false},"yoast_head":"<!-- This site is optimized with the Yoast SEO Premium plugin v27.4 (Yoast SEO v27.4) - https:\/\/yoast.com\/product\/yoast-seo-premium-wordpress\/ -->\n<title>FAQ - VETUS<\/title>\n<meta name=\"robots\" content=\"index, follow, max-snippet:-1, max-image-preview:large, max-video-preview:-1\" \/>\n<link rel=\"canonical\" href=\"https:\/\/vetus.com\/fr\/service-apres-vente\/faq\/\" \/>\n<meta property=\"og:locale\" content=\"fr_FR\" \/>\n<meta property=\"og:type\" content=\"article\" \/>\n<meta property=\"og:title\" content=\"FAQ\" \/>\n<meta property=\"og:description\" content=\"Un aper\u00e7u des questions fr\u00e9quemment pos\u00e9es. Pour tous les syst\u00e8mes de bateaux.\" \/>\n<meta property=\"og:url\" content=\"https:\/\/vetus.com\/fr\/service-apres-vente\/faq\/\" \/>\n<meta property=\"og:site_name\" content=\"VETUS\" \/>\n<meta property=\"article:modified_time\" content=\"2021-06-28T10:56:23+00:00\" \/>\n<meta property=\"og:image\" content=\"https:\/\/vetus.com\/wp-content\/uploads\/featured-faq.png\" \/>\n\t<meta property=\"og:image:width\" content=\"1200\" \/>\n\t<meta property=\"og:image:height\" content=\"800\" \/>\n\t<meta property=\"og:image:type\" content=\"image\/png\" \/>\n<meta name=\"twitter:card\" content=\"summary_large_image\" \/>\n<script type=\"application\/ld+json\" class=\"yoast-schema-graph\">{\"@context\":\"https:\\\/\\\/schema.org\",\"@graph\":[{\"@type\":\"WebPage\",\"@id\":\"https:\\\/\\\/vetus.com\\\/fr\\\/service-apres-vente\\\/faq\\\/\",\"url\":\"https:\\\/\\\/vetus.com\\\/fr\\\/service-apres-vente\\\/faq\\\/\",\"name\":\"FAQ - VETUS\",\"isPartOf\":{\"@id\":\"https:\\\/\\\/vetus.com\\\/fr\\\/#website\"},\"primaryImageOfPage\":{\"@id\":\"https:\\\/\\\/vetus.com\\\/fr\\\/service-apres-vente\\\/faq\\\/#primaryimage\"},\"image\":{\"@id\":\"https:\\\/\\\/vetus.com\\\/fr\\\/service-apres-vente\\\/faq\\\/#primaryimage\"},\"thumbnailUrl\":\"https:\\\/\\\/vetus.com\\\/wp-content\\\/uploads\\\/featured-faq.png\",\"datePublished\":\"2021-03-30T13:44:02+00:00\",\"dateModified\":\"2021-06-28T10:56:23+00:00\",\"breadcrumb\":{\"@id\":\"https:\\\/\\\/vetus.com\\\/fr\\\/service-apres-vente\\\/faq\\\/#breadcrumb\"},\"inLanguage\":\"fr-FR\",\"potentialAction\":[{\"@type\":\"ReadAction\",\"target\":[\"https:\\\/\\\/vetus.com\\\/fr\\\/service-apres-vente\\\/faq\\\/\"]}]},{\"@type\":\"ImageObject\",\"inLanguage\":\"fr-FR\",\"@id\":\"https:\\\/\\\/vetus.com\\\/fr\\\/service-apres-vente\\\/faq\\\/#primaryimage\",\"url\":\"https:\\\/\\\/vetus.com\\\/wp-content\\\/uploads\\\/featured-faq.png\",\"contentUrl\":\"https:\\\/\\\/vetus.com\\\/wp-content\\\/uploads\\\/featured-faq.png\",\"width\":1200,\"height\":800},{\"@type\":\"BreadcrumbList\",\"@id\":\"https:\\\/\\\/vetus.com\\\/fr\\\/service-apres-vente\\\/faq\\\/#breadcrumb\",\"itemListElement\":[{\"@type\":\"ListItem\",\"position\":1,\"name\":\"Home\",\"item\":\"https:\\\/\\\/vetus.com\\\/fr\\\/\"},{\"@type\":\"ListItem\",\"position\":2,\"name\":\"Service apr\u00e8s vente\",\"item\":\"https:\\\/\\\/vetus.com\\\/fr\\\/service-apres-vente\\\/\"},{\"@type\":\"ListItem\",\"position\":3,\"name\":\"FAQ\"}]},{\"@type\":\"WebSite\",\"@id\":\"https:\\\/\\\/vetus.com\\\/fr\\\/#website\",\"url\":\"https:\\\/\\\/vetus.com\\\/fr\\\/\",\"name\":\"VETUS\",\"description\":\"\",\"potentialAction\":[{\"@type\":\"SearchAction\",\"target\":{\"@type\":\"EntryPoint\",\"urlTemplate\":\"https:\\\/\\\/vetus.com\\\/fr\\\/?s={search_term_string}\"},\"query-input\":{\"@type\":\"PropertyValueSpecification\",\"valueRequired\":true,\"valueName\":\"search_term_string\"}}],\"inLanguage\":\"fr-FR\"}]}<\/script>\n<!-- \/ Yoast SEO Premium plugin. -->","yoast_head_json":{"title":"FAQ - VETUS","robots":{"index":"index","follow":"follow","max-snippet":"max-snippet:-1","max-image-preview":"max-image-preview:large","max-video-preview":"max-video-preview:-1"},"canonical":"https:\/\/vetus.com\/fr\/service-apres-vente\/faq\/","og_locale":"fr_FR","og_type":"article","og_title":"FAQ","og_description":"Un aper\u00e7u des questions fr\u00e9quemment pos\u00e9es. Pour tous les syst\u00e8mes de bateaux.","og_url":"https:\/\/vetus.com\/fr\/service-apres-vente\/faq\/","og_site_name":"VETUS","article_modified_time":"2021-06-28T10:56:23+00:00","og_image":[{"width":1200,"height":800,"url":"https:\/\/vetus.com\/wp-content\/uploads\/featured-faq.png","type":"image\/png"}],"twitter_card":"summary_large_image","schema":{"@context":"https:\/\/schema.org","@graph":[{"@type":"WebPage","@id":"https:\/\/vetus.com\/fr\/service-apres-vente\/faq\/","url":"https:\/\/vetus.com\/fr\/service-apres-vente\/faq\/","name":"FAQ - VETUS","isPartOf":{"@id":"https:\/\/vetus.com\/fr\/#website"},"primaryImageOfPage":{"@id":"https:\/\/vetus.com\/fr\/service-apres-vente\/faq\/#primaryimage"},"image":{"@id":"https:\/\/vetus.com\/fr\/service-apres-vente\/faq\/#primaryimage"},"thumbnailUrl":"https:\/\/vetus.com\/wp-content\/uploads\/featured-faq.png","datePublished":"2021-03-30T13:44:02+00:00","dateModified":"2021-06-28T10:56:23+00:00","breadcrumb":{"@id":"https:\/\/vetus.com\/fr\/service-apres-vente\/faq\/#breadcrumb"},"inLanguage":"fr-FR","potentialAction":[{"@type":"ReadAction","target":["https:\/\/vetus.com\/fr\/service-apres-vente\/faq\/"]}]},{"@type":"ImageObject","inLanguage":"fr-FR","@id":"https:\/\/vetus.com\/fr\/service-apres-vente\/faq\/#primaryimage","url":"https:\/\/vetus.com\/wp-content\/uploads\/featured-faq.png","contentUrl":"https:\/\/vetus.com\/wp-content\/uploads\/featured-faq.png","width":1200,"height":800},{"@type":"BreadcrumbList","@id":"https:\/\/vetus.com\/fr\/service-apres-vente\/faq\/#breadcrumb","itemListElement":[{"@type":"ListItem","position":1,"name":"Home","item":"https:\/\/vetus.com\/fr\/"},{"@type":"ListItem","position":2,"name":"Service apr\u00e8s vente","item":"https:\/\/vetus.com\/fr\/service-apres-vente\/"},{"@type":"ListItem","position":3,"name":"FAQ"}]},{"@type":"WebSite","@id":"https:\/\/vetus.com\/fr\/#website","url":"https:\/\/vetus.com\/fr\/","name":"VETUS","description":"","potentialAction":[{"@type":"SearchAction","target":{"@type":"EntryPoint","urlTemplate":"https:\/\/vetus.com\/fr\/?s={search_term_string}"},"query-input":{"@type":"PropertyValueSpecification","valueRequired":true,"valueName":"search_term_string"}}],"inLanguage":"fr-FR"}]}},"_links":{"self":[{"href":"https:\/\/vetus.com\/fr\/wp-json\/wp\/v2\/pages\/3463","targetHints":{"allow":["GET"]}}],"collection":[{"href":"https:\/\/vetus.com\/fr\/wp-json\/wp\/v2\/pages"}],"about":[{"href":"https:\/\/vetus.com\/fr\/wp-json\/wp\/v2\/types\/page"}],"author":[{"embeddable":true,"href":"https:\/\/vetus.com\/fr\/wp-json\/wp\/v2\/users\/31"}],"replies":[{"embeddable":true,"href":"https:\/\/vetus.com\/fr\/wp-json\/wp\/v2\/comments?post=3463"}],"version-history":[{"count":0,"href":"https:\/\/vetus.com\/fr\/wp-json\/wp\/v2\/pages\/3463\/revisions"}],"up":[{"embeddable":true,"href":"https:\/\/vetus.com\/fr\/wp-json\/wp\/v2\/pages\/3562"}],"wp:featuredmedia":[{"embeddable":true,"href":"https:\/\/vetus.com\/fr\/wp-json\/wp\/v2\/media\/3464"}],"wp:attachment":[{"href":"https:\/\/vetus.com\/fr\/wp-json\/wp\/v2\/media?parent=3463"}],"curies":[{"name":"wp","href":"https:\/\/api.w.org\/{rel}","templated":true}]}}