{"id":3428,"date":"2021-03-31T09:01:36","date_gmt":"2021-03-31T07:01:36","guid":{"rendered":"https:\/\/vetus.inlinedigital.nl\/cms\/5-and-5-year-warranty\/"},"modified":"2022-07-12T12:32:41","modified_gmt":"2022-07-12T10:32:41","slug":"5-plus-de-garantie","status":"publish","type":"page","link":"https:\/\/vetus.com\/fr\/service-apres-vente\/5-plus-de-garantie\/","title":{"rendered":"5 plus de garantie"},"content":{"rendered":"\n<section class=\"section  \">\n    \n\n<section id=\"section-text-block-block_60642c2927d6b\" class=\"section text-block \">\n                    <div class=\"section section__body\">\n            <div class=\"text-block\">\n                <div class=\"container\">\n                    <div class=\"row\">\n                        <div class=\"col-lg-8 offset-lg-2\">\n                                                            <div class=\"section__content single__content hentry\">\n                                    <p>Une autre bonne raison de choisir VETUS! Lorsqu&rsquo;un moteur VETUS est achet\u00e9 avec un pack VETUS complet autour du moteur, la garantie sera \u00e9tendue de 3 \u00e0 5 ans sur l&rsquo;ensemble autour du moteur. Associ\u00e9s aux conditions de garantie d\u00e9j\u00e0 tr\u00e8s bonnes sur les moteurs VETUS (3 + 2 ans), les produits VETUS vous garantiront une utilisation longue et imprudente de votre bateau.<\/p>\n<p><img decoding=\"async\" class=\"alignnone size-full wp-image-12342\" src=\"https:\/\/vetus.com\/wp-content\/uploads\/extended-warranty_banner_FR.png\" alt=\"\" width=\"770\" height=\"302\" srcset=\"https:\/\/vetus.com\/wp-content\/uploads\/extended-warranty_banner_FR.png 770w, https:\/\/vetus.com\/wp-content\/uploads\/extended-warranty_banner_FR-300x118.png 300w, https:\/\/vetus.com\/wp-content\/uploads\/extended-warranty_banner_FR-768x301.png 768w, https:\/\/vetus.com\/wp-content\/uploads\/extended-warranty_banner_FR-418x164.png 418w, https:\/\/vetus.com\/wp-content\/uploads\/extended-warranty_banner_FR-604x237.png 604w\" sizes=\"(max-width: 770px) 100vw, 770px\" \/><\/p>\n<h3>Comment \u00e7a marche?<\/h3>\n<p>Vous achetez un nouveau moteur VETUS et compl\u00e9tez VETUS autour du pack moteur aupr\u00e8s d&rsquo;un revendeur officiel VETUS, contenant:<\/p>\n<ul>\n<li>\u00e9quipement de poupe<\/li>\n<li>H\u00e9lice<\/li>\n<li>Accouplement flexible<\/li>\n<li>Filtre \u00e0 eau de refroidissement<\/li>\n<li>S\u00e9parateur d&rsquo;eau \/ filtre \u00e0 carburant<\/li>\n<li>Syst\u00e8me d&rsquo;\u00e9chappement (tuyau, waterlock, silencieux, col de cygne, raccords d&rsquo;\u00e9chappement de tableau arri\u00e8re et purgeur d&rsquo;air)<\/li>\n<li>T\u00e9l\u00e9commande du moteur<\/li>\n<li>Louvered air suction vents<\/li>\n<\/ul>\n<p>Pour les types et mod\u00e8les, veuillez t\u00e9l\u00e9charger le tableau de s\u00e9lection des \u00e9quipements!<\/p>\n<p>Le formulaire d&rsquo;installation sera utilis\u00e9 par votre revendeur \/ installateur pour demander la garantie de 5 ans et plus.<\/p>\n<h3>Politique de garantie<\/h3>\n<p>Les articles suivants de notre politique de garantie s&rsquo;appliquent \u00e0 cette promotion:<\/p>\n<h6>Article 8<\/h6>\n<p>Toutes les demandes de garantie seront nulles et non avenues dans les situations suivantes:<\/p>\n<ul>\n<li>Que tout entretien p\u00e9riodique requis n&rsquo;a pas \u00e9t\u00e9 effectu\u00e9 par un revendeur VETUS agr\u00e9\u00e9.<\/li>\n<li>Mauvaise installation ou assemblage du produit.<\/li>\n<li>Mauvaise utilisation du produit.<\/li>\n<li>The failure is caused by lack of care by the owner or user.<\/li>\n<li>La panne est caus\u00e9e par un manque de soin de la part du propri\u00e9taire ou de l&rsquo;utilisateur.<\/li>\n<li>En cas de non-respect des instructions d&rsquo;utilisation.<\/li>\n<li>La p\u00e9riode de garantie de 60 mois est expir\u00e9e.<\/li>\n<\/ul>\n<h6>Article 9<\/h6>\n<p>Exclusions: situations non couvertes par cette garantie:<\/p>\n<ul>\n<li>Pi\u00e8ces d&rsquo;usure.<\/li>\n<li>Les co\u00fbts indirects tels que (mais sans s&rsquo;y limiter) &#8211; les frais de transport, les co\u00fbts de main-d&rsquo;\u0153uvre, le cranage, les frais de levage, etc.<\/li>\n<li>Dommages r\u00e9sultant d&rsquo;influences environnementales.<\/li>\n<li>Pollution, gel, surchauffe et surcharge.<\/li>\n<\/ul>\n<h3>Downloads<\/h3>\n<p><a href=\"https:\/\/online.flippingbook.com\/view\/450671581\/\">T\u00e9l\u00e9charger le tableau de s\u00e9lection des \u00e9quipements<\/a><\/p>\n                                <\/div>\n                            \n                                                    <\/div>\n                    <\/div>\n                <\/div>\n            <\/div>\n        <\/div>\n    <\/section><\/section>","protected":false},"excerpt":{"rendered":"<p>Lorsque vous achetez un moteur VETUS, nous vous offrons une garantie de 5 ans sur le moteur et sur une liste s\u00e9lectionn\u00e9e de produits autour du moteur.<\/p>\n","protected":false},"author":31,"featured_media":3430,"parent":3562,"menu_order":104,"comment_status":"closed","ping_status":"closed","template":"tpl-basic.php","meta":{"_acf_changed":false,"footnotes":""},"class_list":["post-3428","page","type-page","status-publish","has-post-thumbnail","hentry"],"acf":{"introduction":"","person":false},"yoast_head":"<!-- This site is optimized with the Yoast SEO Premium plugin v27.4 (Yoast SEO v27.4) - https:\/\/yoast.com\/product\/yoast-seo-premium-wordpress\/ -->\n<title>5 plus de garantie - VETUS<\/title>\n<meta name=\"robots\" content=\"index, follow, max-snippet:-1, max-image-preview:large, max-video-preview:-1\" \/>\n<link rel=\"canonical\" href=\"https:\/\/vetus.com\/fr\/service-apres-vente\/5-plus-de-garantie\/\" \/>\n<meta property=\"og:locale\" content=\"fr_FR\" \/>\n<meta property=\"og:type\" content=\"article\" \/>\n<meta property=\"og:title\" content=\"5 plus de garantie\" \/>\n<meta property=\"og:description\" content=\"Lorsque vous achetez un moteur VETUS, nous vous offrons une garantie de 5 ans sur le moteur et sur une liste s\u00e9lectionn\u00e9e de produits autour du moteur.\" \/>\n<meta property=\"og:url\" content=\"https:\/\/vetus.com\/fr\/service-apres-vente\/5-plus-de-garantie\/\" \/>\n<meta property=\"og:site_name\" content=\"VETUS\" \/>\n<meta property=\"article:modified_time\" content=\"2022-07-12T10:32:41+00:00\" \/>\n<meta property=\"og:image\" content=\"https:\/\/vetus.com\/wp-content\/uploads\/featured-warranty-5.png\" \/>\n\t<meta property=\"og:image:width\" content=\"1200\" \/>\n\t<meta property=\"og:image:height\" content=\"800\" \/>\n\t<meta property=\"og:image:type\" content=\"image\/png\" \/>\n<meta name=\"twitter:card\" content=\"summary_large_image\" \/>\n<script type=\"application\/ld+json\" class=\"yoast-schema-graph\">{\"@context\":\"https:\\\/\\\/schema.org\",\"@graph\":[{\"@type\":\"WebPage\",\"@id\":\"https:\\\/\\\/vetus.com\\\/fr\\\/service-apres-vente\\\/5-plus-de-garantie\\\/\",\"url\":\"https:\\\/\\\/vetus.com\\\/fr\\\/service-apres-vente\\\/5-plus-de-garantie\\\/\",\"name\":\"5 plus de garantie - VETUS\",\"isPartOf\":{\"@id\":\"https:\\\/\\\/vetus.com\\\/fr\\\/#website\"},\"primaryImageOfPage\":{\"@id\":\"https:\\\/\\\/vetus.com\\\/fr\\\/service-apres-vente\\\/5-plus-de-garantie\\\/#primaryimage\"},\"image\":{\"@id\":\"https:\\\/\\\/vetus.com\\\/fr\\\/service-apres-vente\\\/5-plus-de-garantie\\\/#primaryimage\"},\"thumbnailUrl\":\"https:\\\/\\\/vetus.com\\\/wp-content\\\/uploads\\\/featured-warranty-5.png\",\"datePublished\":\"2021-03-31T07:01:36+00:00\",\"dateModified\":\"2022-07-12T10:32:41+00:00\",\"breadcrumb\":{\"@id\":\"https:\\\/\\\/vetus.com\\\/fr\\\/service-apres-vente\\\/5-plus-de-garantie\\\/#breadcrumb\"},\"inLanguage\":\"fr-FR\",\"potentialAction\":[{\"@type\":\"ReadAction\",\"target\":[\"https:\\\/\\\/vetus.com\\\/fr\\\/service-apres-vente\\\/5-plus-de-garantie\\\/\"]}]},{\"@type\":\"ImageObject\",\"inLanguage\":\"fr-FR\",\"@id\":\"https:\\\/\\\/vetus.com\\\/fr\\\/service-apres-vente\\\/5-plus-de-garantie\\\/#primaryimage\",\"url\":\"https:\\\/\\\/vetus.com\\\/wp-content\\\/uploads\\\/featured-warranty-5.png\",\"contentUrl\":\"https:\\\/\\\/vetus.com\\\/wp-content\\\/uploads\\\/featured-warranty-5.png\",\"width\":1200,\"height\":800},{\"@type\":\"BreadcrumbList\",\"@id\":\"https:\\\/\\\/vetus.com\\\/fr\\\/service-apres-vente\\\/5-plus-de-garantie\\\/#breadcrumb\",\"itemListElement\":[{\"@type\":\"ListItem\",\"position\":1,\"name\":\"Home\",\"item\":\"https:\\\/\\\/vetus.com\\\/fr\\\/\"},{\"@type\":\"ListItem\",\"position\":2,\"name\":\"Service apr\u00e8s vente\",\"item\":\"https:\\\/\\\/vetus.com\\\/fr\\\/service-apres-vente\\\/\"},{\"@type\":\"ListItem\",\"position\":3,\"name\":\"5 plus de garantie\"}]},{\"@type\":\"WebSite\",\"@id\":\"https:\\\/\\\/vetus.com\\\/fr\\\/#website\",\"url\":\"https:\\\/\\\/vetus.com\\\/fr\\\/\",\"name\":\"VETUS\",\"description\":\"\",\"potentialAction\":[{\"@type\":\"SearchAction\",\"target\":{\"@type\":\"EntryPoint\",\"urlTemplate\":\"https:\\\/\\\/vetus.com\\\/fr\\\/?s={search_term_string}\"},\"query-input\":{\"@type\":\"PropertyValueSpecification\",\"valueRequired\":true,\"valueName\":\"search_term_string\"}}],\"inLanguage\":\"fr-FR\"}]}<\/script>\n<!-- \/ Yoast SEO Premium plugin. -->","yoast_head_json":{"title":"5 plus de garantie - VETUS","robots":{"index":"index","follow":"follow","max-snippet":"max-snippet:-1","max-image-preview":"max-image-preview:large","max-video-preview":"max-video-preview:-1"},"canonical":"https:\/\/vetus.com\/fr\/service-apres-vente\/5-plus-de-garantie\/","og_locale":"fr_FR","og_type":"article","og_title":"5 plus de garantie","og_description":"Lorsque vous achetez un moteur VETUS, nous vous offrons une garantie de 5 ans sur le moteur et sur une liste s\u00e9lectionn\u00e9e de produits autour du moteur.","og_url":"https:\/\/vetus.com\/fr\/service-apres-vente\/5-plus-de-garantie\/","og_site_name":"VETUS","article_modified_time":"2022-07-12T10:32:41+00:00","og_image":[{"width":1200,"height":800,"url":"https:\/\/vetus.com\/wp-content\/uploads\/featured-warranty-5.png","type":"image\/png"}],"twitter_card":"summary_large_image","schema":{"@context":"https:\/\/schema.org","@graph":[{"@type":"WebPage","@id":"https:\/\/vetus.com\/fr\/service-apres-vente\/5-plus-de-garantie\/","url":"https:\/\/vetus.com\/fr\/service-apres-vente\/5-plus-de-garantie\/","name":"5 plus de garantie - VETUS","isPartOf":{"@id":"https:\/\/vetus.com\/fr\/#website"},"primaryImageOfPage":{"@id":"https:\/\/vetus.com\/fr\/service-apres-vente\/5-plus-de-garantie\/#primaryimage"},"image":{"@id":"https:\/\/vetus.com\/fr\/service-apres-vente\/5-plus-de-garantie\/#primaryimage"},"thumbnailUrl":"https:\/\/vetus.com\/wp-content\/uploads\/featured-warranty-5.png","datePublished":"2021-03-31T07:01:36+00:00","dateModified":"2022-07-12T10:32:41+00:00","breadcrumb":{"@id":"https:\/\/vetus.com\/fr\/service-apres-vente\/5-plus-de-garantie\/#breadcrumb"},"inLanguage":"fr-FR","potentialAction":[{"@type":"ReadAction","target":["https:\/\/vetus.com\/fr\/service-apres-vente\/5-plus-de-garantie\/"]}]},{"@type":"ImageObject","inLanguage":"fr-FR","@id":"https:\/\/vetus.com\/fr\/service-apres-vente\/5-plus-de-garantie\/#primaryimage","url":"https:\/\/vetus.com\/wp-content\/uploads\/featured-warranty-5.png","contentUrl":"https:\/\/vetus.com\/wp-content\/uploads\/featured-warranty-5.png","width":1200,"height":800},{"@type":"BreadcrumbList","@id":"https:\/\/vetus.com\/fr\/service-apres-vente\/5-plus-de-garantie\/#breadcrumb","itemListElement":[{"@type":"ListItem","position":1,"name":"Home","item":"https:\/\/vetus.com\/fr\/"},{"@type":"ListItem","position":2,"name":"Service apr\u00e8s vente","item":"https:\/\/vetus.com\/fr\/service-apres-vente\/"},{"@type":"ListItem","position":3,"name":"5 plus de garantie"}]},{"@type":"WebSite","@id":"https:\/\/vetus.com\/fr\/#website","url":"https:\/\/vetus.com\/fr\/","name":"VETUS","description":"","potentialAction":[{"@type":"SearchAction","target":{"@type":"EntryPoint","urlTemplate":"https:\/\/vetus.com\/fr\/?s={search_term_string}"},"query-input":{"@type":"PropertyValueSpecification","valueRequired":true,"valueName":"search_term_string"}}],"inLanguage":"fr-FR"}]}},"_links":{"self":[{"href":"https:\/\/vetus.com\/fr\/wp-json\/wp\/v2\/pages\/3428","targetHints":{"allow":["GET"]}}],"collection":[{"href":"https:\/\/vetus.com\/fr\/wp-json\/wp\/v2\/pages"}],"about":[{"href":"https:\/\/vetus.com\/fr\/wp-json\/wp\/v2\/types\/page"}],"author":[{"embeddable":true,"href":"https:\/\/vetus.com\/fr\/wp-json\/wp\/v2\/users\/31"}],"replies":[{"embeddable":true,"href":"https:\/\/vetus.com\/fr\/wp-json\/wp\/v2\/comments?post=3428"}],"version-history":[{"count":0,"href":"https:\/\/vetus.com\/fr\/wp-json\/wp\/v2\/pages\/3428\/revisions"}],"up":[{"embeddable":true,"href":"https:\/\/vetus.com\/fr\/wp-json\/wp\/v2\/pages\/3562"}],"wp:featuredmedia":[{"embeddable":true,"href":"https:\/\/vetus.com\/fr\/wp-json\/wp\/v2\/media\/3430"}],"wp:attachment":[{"href":"https:\/\/vetus.com\/fr\/wp-json\/wp\/v2\/media?parent=3428"}],"curies":[{"name":"wp","href":"https:\/\/api.w.org\/{rel}","templated":true}]}}