{"id":26920,"date":"2021-08-03T14:31:20","date_gmt":"2021-08-03T12:31:20","guid":{"rendered":"https:\/\/vetus.com\/?page_id=26920"},"modified":"2025-12-01T11:25:04","modified_gmt":"2025-12-01T09:25:04","slug":"declaration-de-strategie-fiscale-britannique","status":"publish","type":"page","link":"https:\/\/vetus.com\/fr\/declaration-de-strategie-fiscale-britannique\/","title":{"rendered":"D\u00e9claration de strat\u00e9gie fiscale britannique"},"content":{"rendered":"\n<section class=\"section  \">\n    \n\n<section id=\"section-text-block-block_b6b13b15438e7da1bc89251d6c3c8488\" class=\"section text-block \">\n                    <div class=\"section section__body\">\n            <div class=\"text-block\">\n                <div class=\"container\">\n                    <div class=\"row\">\n                        <div class=\"col-lg-8 offset-lg-2\">\n                                                            <div class=\"section__content single__content hentry\">\n                                    <p>Cette strat\u00e9gie fiscale britannique s&rsquo;applique \u00e0 Vetus Limited qui est un membre britannique du groupe Yanmar (\u00a0\u00bb Yanmar \u00ab\u00a0). Sa publication est consid\u00e9r\u00e9e comme conforme \u00e0 la partie 2 de l&rsquo;annexe 19 de la loi de finances 2016 pour la p\u00e9riode se terminant le 31 mars 2026.<\/p>\n<p>Avec des d\u00e9buts en 1912, Yanmar est un groupe bas\u00e9 au Japon qui a \u00e9t\u00e9 le tout premier \u00e0 r\u00e9ussir \u00e0 fabriquer un moteur diesel compact d&rsquo;une taille pratique en 1933. Depuis, avec les moteurs diesel industriels comme pierre angulaire de l&rsquo;entreprise, Yanmar n&rsquo;a cess\u00e9 d&rsquo;\u00e9largir sa gamme de produits, ses services et son expertise pour offrir des solutions compl\u00e8tes en tant que fabricant d&rsquo;\u00e9quipements industriels. En tant que fournisseur de petits et gros moteurs, de machines et d&rsquo;installations agricoles, d&rsquo;\u00e9quipements de construction, de syst\u00e8mes \u00e9nerg\u00e9tiques, d&rsquo;\u00e9quipements marins, de machines-outils et de composants, les op\u00e9rations commerciales mondiales de Yanmar couvrent sept domaines.<\/p>\n<p><strong>Approche de la conformit\u00e9<\/strong><\/p>\n<p>Le code de conduite mondial de Yanmar souligne l&rsquo;importance de maintenir la confiance des parties prenantes en assumant ses responsabilit\u00e9s sociales et en se conformant \u00e0 toutes les lois et r\u00e9glementations applicables. Cela sous-tend notre approche de la fiscalit\u00e9 britannique qui est ax\u00e9e sur le respect de nos obligations.<\/p>\n<p><strong>Gouvernance fiscale et gestion des risques<\/strong><\/p>\n<p>Les activit\u00e9s courantes de conformit\u00e9 fiscale sont g\u00e9r\u00e9es localement. Cependant, les aspects de notre gestion fiscale qui n\u00e9cessitent une plus grande coordination (tels que le d\u00e9veloppement et le maintien de notre politique de prix de transfert conform\u00e9ment aux principes de l&rsquo;OCDE) sont supervis\u00e9s au niveau du groupe.<\/p>\n<p>La fiscalit\u00e9 est g\u00e9r\u00e9e conform\u00e9ment \u00e0 notre faible app\u00e9tit pour le risque fiscal et nous g\u00e9rons le risque fiscal en veillant \u00e0 ce que les activit\u00e9s de conformit\u00e9 fiscale au Royaume-Uni disposent de ressources suffisantes. Cela signifie que le personnel impliqu\u00e9 dans les activit\u00e9s de conformit\u00e9 fiscale au Royaume-Uni est form\u00e9 et qualifi\u00e9 de mani\u00e8re appropri\u00e9e et, lorsque ces activit\u00e9s sont externalis\u00e9es, nous ne faisons appel qu&rsquo;\u00e0 des conseillers de bonne r\u00e9putation. Nous consultons \u00e9galement des conseillers pour nous assurer que nous sommes au courant des modifications apport\u00e9es \u00e0 la l\u00e9gislation fiscale et que nous sommes en mesure d&rsquo;identifier et de g\u00e9rer tous les risques associ\u00e9s.<\/p>\n<p>Notre strat\u00e9gie fiscale britannique est approuv\u00e9e par le groupe fiscal de la division comptabilit\u00e9 et administration de Yanmar Global Expert Co. Ltd. au Japon et reconnue et mise en \u0153uvre par les conseils d&rsquo;administration des filiales britanniques.<\/p>\n<p><strong>Planification<\/strong><\/p>\n<p>Sur terre, en mer et en ville, la mission de Yanmar, qui consiste \u00e0 \u00ab\u00a0fournir des solutions durables ax\u00e9es sur les d\u00e9fis auxquels les clients sont confront\u00e9s, dans la production alimentaire et la ma\u00eetrise de l&rsquo;\u00e9nergie, enrichissant ainsi la vie des gens pour tous nos lendemains\u00a0\u00bb, t\u00e9moigne de la d\u00e9termination de Yanmar \u00e0 nous offrir \u00ab\u00a0UN AVENIR DURABLE\u00a0\u00bb. Nous ne nous engagerons pas dans une planification fiscale qui compromettrait notre engagement envers \u00ab\u00a0UN AVENIR DURABLE\u00a0\u00bb. Toutefois, nous r\u00e9pondrons aux incitations l\u00e9gitimes (telles que les d\u00e9ductions pour amortissement) lorsqu&rsquo;elles seront disponibles afin de g\u00e9rer nos obligations fiscales conform\u00e9ment \u00e0 l&rsquo;objectif de la l\u00e9gislation.<\/p>\n<p><strong>Relations avec les autorit\u00e9s fiscales<\/strong><\/p>\n<p>L&rsquo;interaction avec le HMRC se limite g\u00e9n\u00e9ralement \u00e0 des questions administratives afin de s&rsquo;assurer que les attentes du HMRC sont satisfaites. Dans l&rsquo;\u00e9ventualit\u00e9 d&rsquo;une demande du HMRC, nous y r\u00e9pondrons de mani\u00e8re collaborative et ouverte.<\/p>\n                                <\/div>\n                            \n                                                    <\/div>\n                    <\/div>\n                <\/div>\n            <\/div>\n        <\/div>\n    <\/section><\/section>","protected":false},"excerpt":{"rendered":"<p>As standard we give 3 years warranty on equipment and 5 years warranty on engines.<\/p>\n","protected":false},"author":7,"featured_media":3403,"parent":0,"menu_order":171,"comment_status":"closed","ping_status":"closed","template":"tpl-basic.php","meta":{"_acf_changed":false,"footnotes":""},"class_list":["post-26920","page","type-page","status-publish","has-post-thumbnail","hentry"],"acf":{"introduction":"","person":false},"yoast_head":"<!-- This site is optimized with the Yoast SEO Premium plugin v27.4 (Yoast SEO v27.4) - https:\/\/yoast.com\/product\/yoast-seo-premium-wordpress\/ -->\n<title>D\u00e9claration de strat\u00e9gie fiscale britannique - VETUS<\/title>\n<meta name=\"robots\" content=\"index, follow, max-snippet:-1, max-image-preview:large, max-video-preview:-1\" \/>\n<link rel=\"canonical\" href=\"https:\/\/vetus.com\/fr\/declaration-de-strategie-fiscale-britannique\/\" \/>\n<meta property=\"og:locale\" content=\"fr_FR\" \/>\n<meta property=\"og:type\" content=\"article\" \/>\n<meta property=\"og:title\" content=\"D\u00e9claration de strat\u00e9gie fiscale britannique\" \/>\n<meta property=\"og:description\" content=\"As standard we give 3 years warranty on equipment and 5 years warranty on engines.\" \/>\n<meta property=\"og:url\" content=\"https:\/\/vetus.com\/fr\/declaration-de-strategie-fiscale-britannique\/\" \/>\n<meta property=\"og:site_name\" content=\"VETUS\" \/>\n<meta property=\"article:modified_time\" content=\"2025-12-01T09:25:04+00:00\" \/>\n<meta property=\"og:image\" content=\"https:\/\/vetus.com\/wp-content\/uploads\/featured-warranty-3-5-years.png\" \/>\n\t<meta property=\"og:image:width\" content=\"1200\" \/>\n\t<meta property=\"og:image:height\" content=\"800\" \/>\n\t<meta property=\"og:image:type\" content=\"image\/png\" \/>\n<meta name=\"twitter:card\" content=\"summary_large_image\" \/>\n<meta name=\"twitter:label1\" content=\"Dur\u00e9e de lecture estim\u00e9e\" \/>\n\t<meta name=\"twitter:data1\" content=\"3 minutes\" \/>\n<script type=\"application\/ld+json\" class=\"yoast-schema-graph\">{\"@context\":\"https:\\\/\\\/schema.org\",\"@graph\":[{\"@type\":\"WebPage\",\"@id\":\"https:\\\/\\\/vetus.com\\\/fr\\\/declaration-de-strategie-fiscale-britannique\\\/\",\"url\":\"https:\\\/\\\/vetus.com\\\/fr\\\/declaration-de-strategie-fiscale-britannique\\\/\",\"name\":\"D\u00e9claration de strat\u00e9gie fiscale britannique - VETUS\",\"isPartOf\":{\"@id\":\"https:\\\/\\\/vetus.com\\\/fr\\\/#website\"},\"primaryImageOfPage\":{\"@id\":\"https:\\\/\\\/vetus.com\\\/fr\\\/declaration-de-strategie-fiscale-britannique\\\/#primaryimage\"},\"image\":{\"@id\":\"https:\\\/\\\/vetus.com\\\/fr\\\/declaration-de-strategie-fiscale-britannique\\\/#primaryimage\"},\"thumbnailUrl\":\"https:\\\/\\\/vetus.com\\\/wp-content\\\/uploads\\\/featured-warranty-3-5-years.png\",\"datePublished\":\"2021-08-03T12:31:20+00:00\",\"dateModified\":\"2025-12-01T09:25:04+00:00\",\"breadcrumb\":{\"@id\":\"https:\\\/\\\/vetus.com\\\/fr\\\/declaration-de-strategie-fiscale-britannique\\\/#breadcrumb\"},\"inLanguage\":\"fr-FR\",\"potentialAction\":[{\"@type\":\"ReadAction\",\"target\":[\"https:\\\/\\\/vetus.com\\\/fr\\\/declaration-de-strategie-fiscale-britannique\\\/\"]}]},{\"@type\":\"ImageObject\",\"inLanguage\":\"fr-FR\",\"@id\":\"https:\\\/\\\/vetus.com\\\/fr\\\/declaration-de-strategie-fiscale-britannique\\\/#primaryimage\",\"url\":\"https:\\\/\\\/vetus.com\\\/wp-content\\\/uploads\\\/featured-warranty-3-5-years.png\",\"contentUrl\":\"https:\\\/\\\/vetus.com\\\/wp-content\\\/uploads\\\/featured-warranty-3-5-years.png\",\"width\":1200,\"height\":800},{\"@type\":\"BreadcrumbList\",\"@id\":\"https:\\\/\\\/vetus.com\\\/fr\\\/declaration-de-strategie-fiscale-britannique\\\/#breadcrumb\",\"itemListElement\":[{\"@type\":\"ListItem\",\"position\":1,\"name\":\"Home\",\"item\":\"https:\\\/\\\/vetus.com\\\/fr\\\/\"},{\"@type\":\"ListItem\",\"position\":2,\"name\":\"D\u00e9claration de strat\u00e9gie fiscale britannique\"}]},{\"@type\":\"WebSite\",\"@id\":\"https:\\\/\\\/vetus.com\\\/fr\\\/#website\",\"url\":\"https:\\\/\\\/vetus.com\\\/fr\\\/\",\"name\":\"VETUS\",\"description\":\"\",\"potentialAction\":[{\"@type\":\"SearchAction\",\"target\":{\"@type\":\"EntryPoint\",\"urlTemplate\":\"https:\\\/\\\/vetus.com\\\/fr\\\/?s={search_term_string}\"},\"query-input\":{\"@type\":\"PropertyValueSpecification\",\"valueRequired\":true,\"valueName\":\"search_term_string\"}}],\"inLanguage\":\"fr-FR\"}]}<\/script>\n<!-- \/ Yoast SEO Premium plugin. -->","yoast_head_json":{"title":"D\u00e9claration de strat\u00e9gie fiscale britannique - VETUS","robots":{"index":"index","follow":"follow","max-snippet":"max-snippet:-1","max-image-preview":"max-image-preview:large","max-video-preview":"max-video-preview:-1"},"canonical":"https:\/\/vetus.com\/fr\/declaration-de-strategie-fiscale-britannique\/","og_locale":"fr_FR","og_type":"article","og_title":"D\u00e9claration de strat\u00e9gie fiscale britannique","og_description":"As standard we give 3 years warranty on equipment and 5 years warranty on engines.","og_url":"https:\/\/vetus.com\/fr\/declaration-de-strategie-fiscale-britannique\/","og_site_name":"VETUS","article_modified_time":"2025-12-01T09:25:04+00:00","og_image":[{"width":1200,"height":800,"url":"https:\/\/vetus.com\/wp-content\/uploads\/featured-warranty-3-5-years.png","type":"image\/png"}],"twitter_card":"summary_large_image","twitter_misc":{"Dur\u00e9e de lecture estim\u00e9e":"3 minutes"},"schema":{"@context":"https:\/\/schema.org","@graph":[{"@type":"WebPage","@id":"https:\/\/vetus.com\/fr\/declaration-de-strategie-fiscale-britannique\/","url":"https:\/\/vetus.com\/fr\/declaration-de-strategie-fiscale-britannique\/","name":"D\u00e9claration de strat\u00e9gie fiscale britannique - VETUS","isPartOf":{"@id":"https:\/\/vetus.com\/fr\/#website"},"primaryImageOfPage":{"@id":"https:\/\/vetus.com\/fr\/declaration-de-strategie-fiscale-britannique\/#primaryimage"},"image":{"@id":"https:\/\/vetus.com\/fr\/declaration-de-strategie-fiscale-britannique\/#primaryimage"},"thumbnailUrl":"https:\/\/vetus.com\/wp-content\/uploads\/featured-warranty-3-5-years.png","datePublished":"2021-08-03T12:31:20+00:00","dateModified":"2025-12-01T09:25:04+00:00","breadcrumb":{"@id":"https:\/\/vetus.com\/fr\/declaration-de-strategie-fiscale-britannique\/#breadcrumb"},"inLanguage":"fr-FR","potentialAction":[{"@type":"ReadAction","target":["https:\/\/vetus.com\/fr\/declaration-de-strategie-fiscale-britannique\/"]}]},{"@type":"ImageObject","inLanguage":"fr-FR","@id":"https:\/\/vetus.com\/fr\/declaration-de-strategie-fiscale-britannique\/#primaryimage","url":"https:\/\/vetus.com\/wp-content\/uploads\/featured-warranty-3-5-years.png","contentUrl":"https:\/\/vetus.com\/wp-content\/uploads\/featured-warranty-3-5-years.png","width":1200,"height":800},{"@type":"BreadcrumbList","@id":"https:\/\/vetus.com\/fr\/declaration-de-strategie-fiscale-britannique\/#breadcrumb","itemListElement":[{"@type":"ListItem","position":1,"name":"Home","item":"https:\/\/vetus.com\/fr\/"},{"@type":"ListItem","position":2,"name":"D\u00e9claration de strat\u00e9gie fiscale britannique"}]},{"@type":"WebSite","@id":"https:\/\/vetus.com\/fr\/#website","url":"https:\/\/vetus.com\/fr\/","name":"VETUS","description":"","potentialAction":[{"@type":"SearchAction","target":{"@type":"EntryPoint","urlTemplate":"https:\/\/vetus.com\/fr\/?s={search_term_string}"},"query-input":{"@type":"PropertyValueSpecification","valueRequired":true,"valueName":"search_term_string"}}],"inLanguage":"fr-FR"}]}},"_links":{"self":[{"href":"https:\/\/vetus.com\/fr\/wp-json\/wp\/v2\/pages\/26920","targetHints":{"allow":["GET"]}}],"collection":[{"href":"https:\/\/vetus.com\/fr\/wp-json\/wp\/v2\/pages"}],"about":[{"href":"https:\/\/vetus.com\/fr\/wp-json\/wp\/v2\/types\/page"}],"author":[{"embeddable":true,"href":"https:\/\/vetus.com\/fr\/wp-json\/wp\/v2\/users\/7"}],"replies":[{"embeddable":true,"href":"https:\/\/vetus.com\/fr\/wp-json\/wp\/v2\/comments?post=26920"}],"version-history":[{"count":3,"href":"https:\/\/vetus.com\/fr\/wp-json\/wp\/v2\/pages\/26920\/revisions"}],"predecessor-version":[{"id":117804,"href":"https:\/\/vetus.com\/fr\/wp-json\/wp\/v2\/pages\/26920\/revisions\/117804"}],"wp:featuredmedia":[{"embeddable":true,"href":"https:\/\/vetus.com\/fr\/wp-json\/wp\/v2\/media\/3403"}],"wp:attachment":[{"href":"https:\/\/vetus.com\/fr\/wp-json\/wp\/v2\/media?parent=26920"}],"curies":[{"name":"wp","href":"https:\/\/api.w.org\/{rel}","templated":true}]}}